{"id":8428,"date":"2026-03-27T16:30:37","date_gmt":"2026-03-27T16:30:37","guid":{"rendered":"https:\/\/www.vanguardhealthcare.co.uk\/?page_id=8428"},"modified":"2026-05-08T09:38:28","modified_gmt":"2026-05-08T09:38:28","slug":"vanguard-life-sciences","status":"publish","type":"page","link":"https:\/\/www.vanguardhealthcare.co.uk\/tr_tr\/vanguard-life-sciences\/","title":{"rendered":"Vanguard Ya\u015fam Bilimleri"},"content":{"rendered":"<section id=\"section-2-59\" class=\"ct-section\" style=\"background-image:url(https:\/\/www.vanguardhealthcare.co.uk\/wp-content\/uploads\/2023\/05\/boulders-right.png);background-size: auto;\" >\n<div class=\"ct-section-inner-wrap\">\n<div id=\"div_block-8-59\" class=\"ct-div-block\" ><a id=\"link_text-6-59\" class=\"ct-link-text\" href=\"\/tr_tr\/\" target=\"_self\"  >Ev<\/a><\/p>\n<h1 id=\"headline-3-59\" class=\"ct-headline\"><span id=\"span-4-59\" class=\"ct-span\" >Vanguard Ya\u015fam Bilimleri<\/span><\/h1>\n<\/div>\n<\/div>\n<\/section>\n<section id=\"section-68-14-text-left-white\" class=\"ct-section\" >\n<div class=\"ct-section-inner-wrap\">\n<div id=\"new_columns-69-14text-left-white\" class=\"ct-new-columns\" >\n<div id=\"div_block-70-14\" class=\"ct-div-block\" >\n<h2 id=\"headline-71-14\" class=\"ct-headline\">Yirmi y\u0131l\u0131 a\u015fk\u0131n s\u00fcredir sa\u011fl\u0131k hizmeti sa\u011flay\u0131c\u0131lar\u0131 i\u00e7in yenilik\u00e7i \u00e7\u00f6z\u00fcmler \u00fcretiyoruz<\/h2>\n<div id=\"_rich_text-72-14\" class=\"oxy-rich-text\" >\n<p data-start=\"292\" data-end=\"597\">Vanguard Healthcare Solutions, hasta bak\u0131m\u0131n\u0131, operasyonel dayan\u0131kl\u0131l\u0131\u011f\u0131 ve hizmet s\u00fcreklili\u011fini destekleyen y\u00fcksek kaliteli sa\u011fl\u0131k tesisleri sunma konusunda g\u00fc\u00e7l\u00fc bir itibar kazanm\u0131\u015ft\u0131r. Bu deneyimden yola \u00e7\u0131karak, Vanguard Life Sciences arac\u0131l\u0131\u011f\u0131yla ya\u015fam bilimleri sekt\u00f6r\u00fcndeki yeteneklerimizi geni\u015flettik.<\/p>\n<p data-start=\"599\" data-end=\"887\">Bu \u00f6zel b\u00f6l\u00fcm, Vanguard&#039;yi tan\u0131mlayan ayn\u0131 ilkeleri uygulayarak, ila\u00e7, biyoteknoloji ve ara\u015ft\u0131rma kurulu\u015flar\u0131 i\u00e7in geli\u015fmi\u015f temiz oda ve izolasyon ortamlar\u0131 sa\u011flamaya odaklanmaktad\u0131r: kalite, g\u00fcvenilirlik ve karma\u015f\u0131k, d\u00fczenlenmi\u015f gereksinimleri kar\u015f\u0131lama taahh\u00fcd\u00fc.<\/p>\n<\/div>\n<\/div>\n<div id=\"div_block-74-14\" class=\"ct-div-block\" ><img decoding=\"async\"  id=\"image-75-14\" alt=\"\" src=\"https:\/\/www.vanguardhealthcare.co.uk\/wp-content\/uploads\/2025\/03\/PHOTOSHOPPED-VERSION-EXTERNAL-scaled.jpg\" class=\"ct-image\"\/><\/div>\n<\/div>\n<\/div>\n<\/section>\n<section id=\"section-68-14-text-left-white\" class=\"ct-section\" >\n<div class=\"ct-section-inner-wrap\">\n<div id=\"new_columns-69-14text-left-white\" class=\"ct-new-columns\" >\n<div id=\"div_block-70-14\" class=\"ct-div-block\" >\n<h2 id=\"headline-71-14\" class=\"ct-headline\">Vanguard&#039;nin yeteneklerinin do\u011fal bir evrimi<\/h2>\n<div id=\"_rich_text-72-14\" class=\"oxy-rich-text\" >\n<p data-start=\"944\" data-end=\"1150\">NHS ve daha geni\u015f sa\u011fl\u0131k sekt\u00f6r\u00fcnde, Vanguard, kapasite sorunlar\u0131yla, tesis k\u0131s\u0131tlamalar\u0131yla ve yenileme veya de\u011fi\u015fiklik s\u0131ras\u0131nda hizmetlerin s\u00fcrd\u00fcr\u00fclmesi ihtiyac\u0131yla kar\u015f\u0131 kar\u015f\u0131ya kalan kurulu\u015flara s\u00fcrekli olarak destek vermi\u015ftir.<\/p>\n<p data-start=\"1152\" data-end=\"1327\">Ya\u015fam bilimleri alan\u0131nda da benzer zorluklar giderek artmaktad\u0131r; bu alanda faaliyet g\u00f6steren kurulu\u015flar\u0131n h\u0131zla \u00f6l\u00e7eklenmesi, mevzuata uyumlulu\u011funu s\u00fcrd\u00fcrmesi ve y\u00fcksek d\u00fczeyde kontrol edilen ortamlarda \u00e7al\u0131\u015fmas\u0131 gerekmektedir.<\/p>\n<p data-start=\"1329\" data-end=\"1632\"><a href=\"https:\/\/vanguardlifesciences.co.uk\">Vanguard Ya\u015fam Bilimleri<\/a> Bu deneyim, mod\u00fcler ve mobil altyap\u0131 alan\u0131ndaki uzmanl\u0131\u011f\u0131m\u0131z\u0131 \u00f6zel temiz oda ve izolasyon \u00e7\u00f6z\u00fcmleriyle birle\u015ftirerek yeni bir ba\u011flama ta\u015f\u0131n\u0131yor. Sonu\u00e7 olarak, ara\u015ft\u0131rma, geli\u015ftirme ve \u00fcretim s\u00fcre\u00e7lerini destekleyen tesislerin sunulmas\u0131nda esnek ve verimli bir yakla\u015f\u0131m ortaya \u00e7\u0131k\u0131yor.<\/p>\n<\/div>\n<\/div>\n<div id=\"div_block-74-14\" class=\"ct-div-block\" ><img decoding=\"async\"  id=\"image-75-14\" alt=\"\" src=\"https:\/\/www.vanguardhealthcare.co.uk\/wp-content\/uploads\/2025\/11\/DJI_20250619160710_0016_D-min.jpg\" class=\"ct-image\"\/><\/div>\n<\/div>\n<\/div>\n<\/section>\n<section id=\"section-132-34\" class=\"ct-section\" >\n<div class=\"ct-section-inner-wrap\">\n<div id=\"new_columns-133-34\" class=\"ct-new-columns\" >\n<div id=\"div_block-138-34\" class=\"ct-div-block\" ><img decoding=\"async\"  id=\"image-139-34\" alt=\"\" src=\"https:\/\/www.vanguardhealthcare.co.uk\/wp-content\/uploads\/2026\/03\/1_Toxic-and-non-toxic-grade-C-cleanrooms.jpg\" class=\"ct-image\"\/><\/div>\n<div id=\"div_block-134-34\" class=\"ct-div-block\" >\n<h2 id=\"headline-135-34\" class=\"ct-headline\">Ya\u015fam bilimlerine uygulanan mod\u00fcler uzmanl\u0131k<\/h2>\n<div id=\"_rich_text-136-34\" class=\"oxy-rich-text\" >\n<p data-start=\"1687\" data-end=\"1775\">\u00d6z\u00fcnde <a href=\"https:\/\/vanguardlifesciences.co.uk\">Vanguard Ya\u015fam Bilimleri<\/a> Bu, in\u015faat ve teslimata y\u00f6nelik modern bir yakla\u015f\u0131md\u0131r.<\/p>\n<p data-start=\"1777\" data-end=\"2016\">Mod\u00fcler ve \u015fantiye d\u0131\u015f\u0131 in\u015faat y\u00f6ntemleri kullan\u0131larak, tesisler geleneksel yap\u0131lara k\u0131yasla daha h\u0131zl\u0131 bir \u015fekilde tasarlanabilir, \u00fcretilebilir ve devreye al\u0131nabilirken, y\u00fcksek kalite ve tutarl\u0131l\u0131k standartlar\u0131 korunabilir. Bu yakla\u015f\u0131m, kurulu\u015flara \u015fu konularda yard\u0131mc\u0131 olur:<\/p>\n<ul data-start=\"2018\" data-end=\"2200\">\n<li data-section-id=\"tzzjse\" data-start=\"2018\" data-end=\"2058\">Operasyonel haz\u0131r olma s\u00fcresini k\u0131salt\u0131n<\/li>\n<li data-section-id=\"18bs0p3\" data-start=\"2059\" data-end=\"2105\">Mevcut tesislerdeki aksakl\u0131klar\u0131 en aza indirin.<\/li>\n<li data-section-id=\"n7j11x\" data-start=\"2106\" data-end=\"2152\">Kritik operasyonlar\u0131n s\u00fcreklili\u011fini sa\u011flay\u0131n.<\/li>\n<li data-section-id=\"c4ipn6\" data-start=\"2153\" data-end=\"2200\">Gereksinimler geli\u015ftik\u00e7e altyap\u0131y\u0131 da uyarlay\u0131n.<\/li>\n<\/ul>\n<p>&nbsp;<\/p>\n<p data-start=\"2202\" data-end=\"2344\">Ya\u015fam bilimleri kurulu\u015flar\u0131 i\u00e7in bu, h\u0131z, uyumluluk ve uzun vadeli esneklik aras\u0131nda denge kurma zorlu\u011funa pratik bir \u00e7\u00f6z\u00fcm sunmaktad\u0131r.<\/p>\n<\/div>\n<\/div>\n<\/div>\n<\/div>\n<\/section>\n<section id=\"section-68-14-text-left-white\" class=\"ct-section\" >\n<div class=\"ct-section-inner-wrap\">\n<div id=\"new_columns-69-14text-left-white\" class=\"ct-new-columns\" >\n<div id=\"div_block-70-14\" class=\"ct-div-block\" >\n<h2 id=\"headline-71-14\" class=\"ct-headline\">Enbloc ile i\u015fbirli\u011fi i\u00e7inde<\/h2>\n<div id=\"_rich_text-72-14\" class=\"oxy-rich-text\" >\n<p data-start=\"2385\" data-end=\"2524\"><a href=\"https:\/\/vanguardlifesciences.co.uk\">Vanguard Ya\u015fam Bilimleri<\/a> i\u015fbirli\u011fi i\u00e7inde \u00e7al\u0131\u015f\u0131r <a href=\"https:\/\/www.enbloc-cleanrooms.com\/\">Enbloc<\/a>, Temiz oda, laboratuvar ve izolasyon tesisi tasar\u0131m\u0131 ve yap\u0131m\u0131 konusunda uzmanla\u015fm\u0131\u015f bir firma.<\/p>\n<p data-start=\"2526\" data-end=\"2801\">Bu ortakl\u0131k, birbirini tamamlayan g\u00fc\u00e7l\u00fc y\u00f6nleri bir araya getiriyor. Vanguard, mod\u00fcler teslimat, proje y\u00f6netimi ve canl\u0131, d\u00fczenlemeye tabi ortamlarda faaliyet g\u00f6sterme konusunda uzmanl\u0131k sa\u011flarken, <a href=\"https:\/\/www.enbloc-cleanrooms.com\/\">Enbloc<\/a> Temiz oda m\u00fchendisli\u011fi, do\u011frulama ve uyumluluk konular\u0131nda derin teknik bilgi birikimine sahiptir.<\/p>\n<p data-start=\"2803\" data-end=\"3008\">Birlikte, AB GMP ve ISO temiz oda s\u0131n\u0131fland\u0131rmalar\u0131 gibi standartlar\u0131n gereksinimlerini kar\u015f\u0131layan tesisler sunarken, projelerin verimli ve minimum aksama ile tamamlanmas\u0131n\u0131 sa\u011fl\u0131yoruz.<\/p>\n<\/div>\n<\/div>\n<div id=\"div_block-74-14\" class=\"ct-div-block\" ><img decoding=\"async\"  id=\"image-75-14\" alt=\"\" src=\"https:\/\/www.vanguardhealthcare.co.uk\/wp-content\/uploads\/2026\/03\/Enbloc-OFFICIAL-LOGO.jpg\" class=\"ct-image\"\/><\/div>\n<\/div>\n<\/div>\n<\/section>\n<section id=\"section-132-34\" class=\"ct-section\" >\n<div class=\"ct-section-inner-wrap\">\n<div id=\"new_columns-133-34\" class=\"ct-new-columns\" >\n<div id=\"div_block-138-34\" class=\"ct-div-block\" ><img decoding=\"async\"  id=\"image-139-34\" alt=\"\" src=\"https:\/\/www.vanguardhealthcare.co.uk\/wp-content\/uploads\/2025\/08\/MCA17.jpeg\" class=\"ct-image\"\/><\/div>\n<div id=\"div_block-134-34\" class=\"ct-div-block\" >\n<h2 id=\"headline-135-34\" class=\"ct-headline\">D\u00fczenlemeye tabi ortamlar\u0131 g\u00fcvenle desteklemek<\/h2>\n<div id=\"_rich_text-136-34\" class=\"oxy-rich-text\" >\n<p data-start=\"3070\" data-end=\"3181\">Tesisler taraf\u0131ndan sa\u011flanmaktad\u0131r. <a href=\"https:\/\/vanguardlifesciences.co.uk\">Vanguard Ya\u015fam Bilimleri<\/a> A\u015fa\u011f\u0131dakiler de dahil olmak \u00fczere \u00e7ok \u00e7e\u015fitli uygulamalar\u0131 desteklemek \u00fczere tasarlanm\u0131\u015ft\u0131r:<\/p>\n<ul data-start=\"3183\" data-end=\"3396\">\n<li data-section-id=\"pw3g4v\" data-start=\"3183\" data-end=\"3215\">\u0130la\u00e7 \u00fcretimi<\/li>\n<li data-section-id=\"vd2r96\" data-start=\"3216\" data-end=\"3256\">Biyoteknoloji ve ileri tedaviler<\/li>\n<li data-section-id=\"13uqfws\" data-start=\"3257\" data-end=\"3298\">Ara\u015ft\u0131rma ve geli\u015ftirme laboratuvarlar\u0131<\/li>\n<li data-section-id=\"rq9u3h\" data-start=\"3299\" data-end=\"3339\">Radyofarmas\u00f6tik ve aseptik i\u015fleme<\/li>\n<li data-section-id=\"157rffx\" data-start=\"3340\" data-end=\"3396\">Karantina laboratuvarlar\u0131 ve \u00f6zel ortamlar<\/li>\n<\/ul>\n<p data-start=\"3398\" data-end=\"3560\">Her \u00e7\u00f6z\u00fcm, d\u00fczenleyici beklentiler, operasyonel i\u015f ak\u0131\u015flar\u0131 ve kontroll\u00fc ortamlar\u0131n korunmas\u0131n\u0131n \u00f6nemi konusunda net bir anlay\u0131\u015fla geli\u015ftirilmi\u015ftir.<\/p>\n<p>&nbsp;<\/p>\n<p data-start=\"3562\" data-end=\"3723\">Yakla\u015f\u0131m\u0131m\u0131z in\u015faat\u0131n \u00f6tesine ge\u00e7erek, tasar\u0131m, do\u011frulama, bak\u0131m ve s\u00fcrekli uyumluluk da dahil olmak \u00fczere bir tesisin t\u00fcm ya\u015fam d\u00f6ng\u00fcs\u00fc boyunca destek sa\u011flamay\u0131 kapsamaktad\u0131r.<\/p>\n<\/div>\n<\/div>\n<\/div>\n<\/div>\n<\/section>\n<section id=\"section-68-14-text-left-white\" class=\"ct-section\" >\n<div class=\"ct-section-inner-wrap\">\n<div id=\"new_columns-69-14text-left-white\" class=\"ct-new-columns\" >\n<div id=\"div_block-70-14\" class=\"ct-div-block\" >\n<h2 id=\"headline-71-14\" class=\"ct-headline\">De\u011ferlerin s\u00fcreklili\u011fi, yeni bir sekt\u00f6re de yay\u0131ld\u0131.<\/h2>\n<div id=\"_rich_text-72-14\" class=\"oxy-rich-text\" >\n<p data-start=\"3784\" data-end=\"3939\">S\u0131ras\u0131nda <a href=\"https:\/\/www.enbloc-cleanrooms.com\/\">Vanguard Ya\u015fam Bilimleri<\/a> Yeni bir odak alan\u0131n\u0131 temsil eden bu giri\u015fim, Vanguard Sa\u011fl\u0131k \u00c7\u00f6z\u00fcmleri&#039;nin temelini olu\u015fturan ayn\u0131 de\u011ferler ve hizmet modeli \u00fczerine kurulmu\u015ftur.<\/p>\n<p data-start=\"3941\" data-end=\"3967\">\u00d6nceliklendirmeye devam etti\u011fimiz konular \u015funlard\u0131r:<\/p>\n<ul data-start=\"3969\" data-end=\"4182\">\n<li data-section-id=\"1kvgt66\" data-start=\"3969\" data-end=\"4017\">D\u00fczenlemeye tabi ortamlarda kalite ve g\u00fcvenlik<\/li>\n<li data-section-id=\"emkv1\" data-start=\"4018\" data-end=\"4068\">M\u00fc\u015fterilerimiz i\u00e7in g\u00fcvenilirlik ve h\u0131zl\u0131 yan\u0131t verme.<\/li>\n<li data-section-id=\"1rqtbio\" data-start=\"4069\" data-end=\"4117\">Ortaklar ve payda\u015flarla i\u015fbirli\u011fi<\/li>\n<li data-section-id=\"1425da4\" data-start=\"4118\" data-end=\"4182\">Ger\u00e7ek operasyonel zorluklara y\u00f6nelik pratik \u00e7\u00f6z\u00fcmler<\/li>\n<\/ul>\n<p data-start=\"4184\" data-end=\"4330\">Bu s\u00fcreklilik, ya\u015fam bilimleri sekt\u00f6r\u00fcndeki m\u00fc\u015fterilerin de sa\u011fl\u0131k sekt\u00f6r\u00fcnde geli\u015ftirilen ayn\u0131 g\u00fcvenilir yakla\u015f\u0131mdan faydalanmas\u0131n\u0131 sa\u011flar.<\/p>\n<\/div>\n<\/div>\n<div id=\"div_block-74-14\" class=\"ct-div-block\" ><img decoding=\"async\"  id=\"image-75-14\" alt=\"\" src=\"https:\/\/www.vanguardhealthcare.co.uk\/wp-content\/uploads\/2025\/08\/MCA3.jpeg\" class=\"ct-image\"\/><\/div>\n<\/div>\n<\/div>\n<\/section>","protected":false},"excerpt":{"rendered":"","protected":false},"author":18,"featured_media":0,"parent":0,"menu_order":0,"comment_status":"closed","ping_status":"closed","template":"","meta":{"_acf_changed":false,"footnotes":""},"class_list":["post-8428","page","type-page","status-publish","format-standard","hentry"],"acf":[],"yoast_head":"<!-- This site is optimized with the Yoast SEO plugin v27.5 - https:\/\/yoast.com\/product\/yoast-seo-wordpress\/ -->\n<title>Vanguard Life Sciences - Vanguard Healthcare Solutions<\/title>\n<meta name=\"robots\" content=\"index, follow, max-snippet:-1, max-image-preview:large, max-video-preview:-1\" \/>\n<link rel=\"canonical\" href=\"https:\/\/www.vanguardhealthcare.co.uk\/tr_tr\/vanguard-life-sciences\/\" \/>\n<meta property=\"og:locale\" content=\"tr_TR\" \/>\n<meta property=\"og:type\" content=\"article\" \/>\n<meta property=\"og:title\" content=\"Vanguard Life Sciences - Vanguard Healthcare Solutions\" \/>\n<meta property=\"og:url\" content=\"https:\/\/www.vanguardhealthcare.co.uk\/tr_tr\/vanguard-life-sciences\/\" \/>\n<meta property=\"og:site_name\" content=\"Vanguard Healthcare Solutions\" \/>\n<meta property=\"article:modified_time\" content=\"2026-05-08T09:38:28+00:00\" \/>\n<meta name=\"twitter:card\" content=\"summary_large_image\" \/>\n<meta name=\"twitter:label1\" content=\"Tahmini okuma s\u00fcresi\" \/>\n\t<meta name=\"twitter:data1\" content=\"1 dakika\" \/>\n<script type=\"application\/ld+json\" class=\"yoast-schema-graph\">{\"@context\":\"https:\\\/\\\/schema.org\",\"@graph\":[{\"@type\":\"WebPage\",\"@id\":\"https:\\\/\\\/www.vanguardhealthcare.co.uk\\\/vanguard-life-sciences\\\/\",\"url\":\"https:\\\/\\\/www.vanguardhealthcare.co.uk\\\/vanguard-life-sciences\\\/\",\"name\":\"Vanguard Life Sciences - Vanguard Healthcare Solutions\",\"isPartOf\":{\"@id\":\"https:\\\/\\\/www.vanguardhealthcare.co.uk\\\/#website\"},\"datePublished\":\"2026-03-27T16:30:37+00:00\",\"dateModified\":\"2026-05-08T09:38:28+00:00\",\"breadcrumb\":{\"@id\":\"https:\\\/\\\/www.vanguardhealthcare.co.uk\\\/vanguard-life-sciences\\\/#breadcrumb\"},\"inLanguage\":\"tr\",\"potentialAction\":[{\"@type\":\"ReadAction\",\"target\":[\"https:\\\/\\\/www.vanguardhealthcare.co.uk\\\/vanguard-life-sciences\\\/\"]}]},{\"@type\":\"BreadcrumbList\",\"@id\":\"https:\\\/\\\/www.vanguardhealthcare.co.uk\\\/vanguard-life-sciences\\\/#breadcrumb\",\"itemListElement\":[{\"@type\":\"ListItem\",\"position\":1,\"name\":\"Home\",\"item\":\"https:\\\/\\\/www.vanguardhealthcare.co.uk\\\/\"},{\"@type\":\"ListItem\",\"position\":2,\"name\":\"Vanguard Life Sciences\"}]},{\"@type\":\"WebSite\",\"@id\":\"https:\\\/\\\/www.vanguardhealthcare.co.uk\\\/#website\",\"url\":\"https:\\\/\\\/www.vanguardhealthcare.co.uk\\\/\",\"name\":\"Vanguard Healthcare Solutions\",\"description\":\"\",\"potentialAction\":[{\"@type\":\"SearchAction\",\"target\":{\"@type\":\"EntryPoint\",\"urlTemplate\":\"https:\\\/\\\/www.vanguardhealthcare.co.uk\\\/?s={search_term_string}\"},\"query-input\":{\"@type\":\"PropertyValueSpecification\",\"valueRequired\":true,\"valueName\":\"search_term_string\"}}],\"inLanguage\":\"tr\"}]}<\/script>\n<!-- \/ Yoast SEO plugin. -->","yoast_head_json":{"title":"Vanguard Ya\u015fam Bilimleri - Vanguard Sa\u011fl\u0131k \u00c7\u00f6z\u00fcmleri","robots":{"index":"index","follow":"follow","max-snippet":"max-snippet:-1","max-image-preview":"max-image-preview:large","max-video-preview":"max-video-preview:-1"},"canonical":"https:\/\/www.vanguardhealthcare.co.uk\/tr_tr\/vanguard-life-sciences\/","og_locale":"tr_TR","og_type":"article","og_title":"Vanguard Life Sciences - Vanguard Healthcare Solutions","og_url":"https:\/\/www.vanguardhealthcare.co.uk\/tr_tr\/vanguard-life-sciences\/","og_site_name":"Vanguard Healthcare Solutions","article_modified_time":"2026-05-08T09:38:28+00:00","twitter_card":"summary_large_image","twitter_misc":{"Tahmini okuma s\u00fcresi":"1 dakika"},"schema":{"@context":"https:\/\/schema.org","@graph":[{"@type":"WebPage","@id":"https:\/\/www.vanguardhealthcare.co.uk\/vanguard-life-sciences\/","url":"https:\/\/www.vanguardhealthcare.co.uk\/vanguard-life-sciences\/","name":"Vanguard Ya\u015fam Bilimleri - Vanguard Sa\u011fl\u0131k \u00c7\u00f6z\u00fcmleri","isPartOf":{"@id":"https:\/\/www.vanguardhealthcare.co.uk\/#website"},"datePublished":"2026-03-27T16:30:37+00:00","dateModified":"2026-05-08T09:38:28+00:00","breadcrumb":{"@id":"https:\/\/www.vanguardhealthcare.co.uk\/vanguard-life-sciences\/#breadcrumb"},"inLanguage":"tr","potentialAction":[{"@type":"ReadAction","target":["https:\/\/www.vanguardhealthcare.co.uk\/vanguard-life-sciences\/"]}]},{"@type":"BreadcrumbList","@id":"https:\/\/www.vanguardhealthcare.co.uk\/vanguard-life-sciences\/#breadcrumb","itemListElement":[{"@type":"ListItem","position":1,"name":"Home","item":"https:\/\/www.vanguardhealthcare.co.uk\/"},{"@type":"ListItem","position":2,"name":"Vanguard Life Sciences"}]},{"@type":"WebSite","@id":"https:\/\/www.vanguardhealthcare.co.uk\/#website","url":"https:\/\/www.vanguardhealthcare.co.uk\/","name":"Vanguard Sa\u011fl\u0131k \u00c7\u00f6z\u00fcmleri","description":"","potentialAction":[{"@type":"SearchAction","target":{"@type":"EntryPoint","urlTemplate":"https:\/\/www.vanguardhealthcare.co.uk\/?s={search_term_string}"},"query-input":{"@type":"PropertyValueSpecification","valueRequired":true,"valueName":"search_term_string"}}],"inLanguage":"tr"}]}},"_links":{"self":[{"href":"https:\/\/www.vanguardhealthcare.co.uk\/tr_tr\/wp-json\/wp\/v2\/pages\/8428","targetHints":{"allow":["GET"]}}],"collection":[{"href":"https:\/\/www.vanguardhealthcare.co.uk\/tr_tr\/wp-json\/wp\/v2\/pages"}],"about":[{"href":"https:\/\/www.vanguardhealthcare.co.uk\/tr_tr\/wp-json\/wp\/v2\/types\/page"}],"author":[{"embeddable":true,"href":"https:\/\/www.vanguardhealthcare.co.uk\/tr_tr\/wp-json\/wp\/v2\/users\/18"}],"replies":[{"embeddable":true,"href":"https:\/\/www.vanguardhealthcare.co.uk\/tr_tr\/wp-json\/wp\/v2\/comments?post=8428"}],"version-history":[{"count":0,"href":"https:\/\/www.vanguardhealthcare.co.uk\/tr_tr\/wp-json\/wp\/v2\/pages\/8428\/revisions"}],"wp:attachment":[{"href":"https:\/\/www.vanguardhealthcare.co.uk\/tr_tr\/wp-json\/wp\/v2\/media?parent=8428"}],"curies":[{"name":"wp","href":"https:\/\/api.w.org\/{rel}","templated":true}]}}