{"id":7360,"date":"2024-04-15T12:20:25","date_gmt":"2024-04-15T12:20:25","guid":{"rendered":"https:\/\/www.vanguardhealthcare.co.uk\/?page_id=7360"},"modified":"2024-04-15T12:20:26","modified_gmt":"2024-04-15T12:20:26","slug":"nhs-evergreen-sustainable-supplier-assessment","status":"publish","type":"page","link":"https:\/\/www.vanguardhealthcare.co.uk\/tr_tr\/nhs-evergreen-sustainable-supplier-assessment\/","title":{"rendered":"NHS Evergreen S\u00fcrd\u00fcr\u00fclebilir Tedarik\u00e7i De\u011ferlendirmesi"},"content":{"rendered":"<h3 class=\"wp-block-heading\">Vanguard Sa\u011fl\u0131k \u00c7\u00f6z\u00fcmleri, NHS Evergreen S\u00fcrd\u00fcr\u00fclebilir Tedarik\u00e7i De\u011ferlendirmesini tamamlad\u0131<\/h3>\n<p>Vanguard Healthcare Solutions, NHS Evergreen S\u00fcrd\u00fcr\u00fclebilir Tedarik\u00e7i De\u011ferlendirmesini tamamlam\u0131\u015f olmaktan mutluluk duyuyor. De\u011ferlendirme bir \u00f6z de\u011ferlendirme ve raporlama arac\u0131d\u0131r ve Seviye 1: Kamuya a\u00e7\u0131k olarak net s\u0131f\u0131r karbon taahh\u00fcd\u00fc ve s\u00fcrd\u00fcr\u00fclebilirli\u011fe ba\u011fl\u0131l\u0131k almam\u0131zla sonu\u00e7land\u0131.<\/p>\n<p>Evergreen arac\u0131l\u0131\u011f\u0131yla bildirilen bilgiler, Vanguard&#039;nin NHS s\u00fcrd\u00fcr\u00fclebilirlik \u00f6ncelikleriyle uyumunu anlamak ve kurulu\u015fun ilerlemeyi h\u0131zland\u0131rabilece\u011fi alanlar\u0131 belirlemek i\u00e7in desteklemektedir.<\/p>\n<p>Evergreen De\u011ferlendirmesi, net s\u0131f\u0131r ve daha geni\u015f s\u00fcrd\u00fcr\u00fclebilirlik hedeflerini desteklemek i\u00e7in tasarlanm\u0131\u015f \u00e7e\u015fitli NHS giri\u015fimlerinden biridir. Vanguard, NHS&#039;nin, net s\u0131f\u0131r emisyon ve s\u00fcrd\u00fcr\u00fclebilirlik hedeflerine ula\u015fmas\u0131 i\u00e7in, bu k\u0131lavuzda belirtilenler de dahil olmak \u00fczere, desteklenmesinden mutluluk duymaktad\u0131r. <a href=\"https:\/\/www.england.nhs.uk\/greenernhs\/get-involved\/suppliers\/\">NHS Net S\u0131f\u0131r<\/a> <a href=\"https:\/\/www.england.nhs.uk\/greenernhs\/get-involved\/suppliers\/\">Tedarik\u00e7i Yol Haritas\u0131<\/a>.<\/p>","protected":false},"excerpt":{"rendered":"<p>Vanguard Healthcare Solutions completes NHS Evergreen Sustainable Supplier Assessment Vanguard Healthcare Solutions is pleased to have completed the NHS Evergreen Sustainable Supplier Assessment. The Assessment is a self-assessment and reporting tool and resulted in us receiving a Level 1: Publicly committed to net zero carbon and engaged with sustainability. The information reported through Evergreen is [&hellip;]<\/p>\n","protected":false},"author":11,"featured_media":0,"parent":0,"menu_order":0,"comment_status":"closed","ping_status":"closed","template":"","meta":{"_acf_changed":false,"footnotes":""},"class_list":["post-7360","page","type-page","status-publish","format-standard","hentry"],"acf":[],"yoast_head":"<!-- This site is optimized with the Yoast SEO plugin v27.5 - https:\/\/yoast.com\/product\/yoast-seo-wordpress\/ -->\n<title>NHS Evergreen Sustainable Supplier Assessment - Vanguard Healthcare Solutions<\/title>\n<meta name=\"robots\" content=\"index, follow, max-snippet:-1, max-image-preview:large, max-video-preview:-1\" \/>\n<link rel=\"canonical\" href=\"https:\/\/www.vanguardhealthcare.co.uk\/tr_tr\/nhs-evergreen-sustainable-supplier-assessment\/\" \/>\n<meta property=\"og:locale\" content=\"tr_TR\" \/>\n<meta property=\"og:type\" content=\"article\" \/>\n<meta property=\"og:title\" content=\"NHS Evergreen Sustainable Supplier Assessment - Vanguard Healthcare Solutions\" \/>\n<meta property=\"og:description\" content=\"Vanguard Healthcare Solutions completes NHS Evergreen Sustainable Supplier Assessment Vanguard Healthcare Solutions is pleased to have completed the NHS Evergreen Sustainable Supplier Assessment. The Assessment is a self-assessment and reporting tool and resulted in us receiving a Level 1: Publicly committed to net zero carbon and engaged with sustainability. The information reported through Evergreen is [&hellip;]\" \/>\n<meta property=\"og:url\" content=\"https:\/\/www.vanguardhealthcare.co.uk\/tr_tr\/nhs-evergreen-sustainable-supplier-assessment\/\" \/>\n<meta property=\"og:site_name\" content=\"Vanguard Healthcare Solutions\" \/>\n<meta property=\"article:modified_time\" content=\"2024-04-15T12:20:26+00:00\" \/>\n<meta name=\"twitter:card\" content=\"summary_large_image\" \/>\n<meta name=\"twitter:label1\" content=\"Tahmini okuma s\u00fcresi\" \/>\n\t<meta name=\"twitter:data1\" content=\"1 dakika\" \/>\n<script type=\"application\/ld+json\" class=\"yoast-schema-graph\">{\"@context\":\"https:\\\/\\\/schema.org\",\"@graph\":[{\"@type\":\"WebPage\",\"@id\":\"https:\\\/\\\/www.vanguardhealthcare.co.uk\\\/nhs-evergreen-sustainable-supplier-assessment\\\/\",\"url\":\"https:\\\/\\\/www.vanguardhealthcare.co.uk\\\/nhs-evergreen-sustainable-supplier-assessment\\\/\",\"name\":\"NHS Evergreen Sustainable Supplier Assessment - Vanguard Healthcare Solutions\",\"isPartOf\":{\"@id\":\"https:\\\/\\\/www.vanguardhealthcare.co.uk\\\/#website\"},\"datePublished\":\"2024-04-15T12:20:25+00:00\",\"dateModified\":\"2024-04-15T12:20:26+00:00\",\"breadcrumb\":{\"@id\":\"https:\\\/\\\/www.vanguardhealthcare.co.uk\\\/nhs-evergreen-sustainable-supplier-assessment\\\/#breadcrumb\"},\"inLanguage\":\"tr\",\"potentialAction\":[{\"@type\":\"ReadAction\",\"target\":[\"https:\\\/\\\/www.vanguardhealthcare.co.uk\\\/nhs-evergreen-sustainable-supplier-assessment\\\/\"]}]},{\"@type\":\"BreadcrumbList\",\"@id\":\"https:\\\/\\\/www.vanguardhealthcare.co.uk\\\/nhs-evergreen-sustainable-supplier-assessment\\\/#breadcrumb\",\"itemListElement\":[{\"@type\":\"ListItem\",\"position\":1,\"name\":\"Home\",\"item\":\"https:\\\/\\\/www.vanguardhealthcare.co.uk\\\/\"},{\"@type\":\"ListItem\",\"position\":2,\"name\":\"NHS Evergreen Sustainable Supplier Assessment\"}]},{\"@type\":\"WebSite\",\"@id\":\"https:\\\/\\\/www.vanguardhealthcare.co.uk\\\/#website\",\"url\":\"https:\\\/\\\/www.vanguardhealthcare.co.uk\\\/\",\"name\":\"Vanguard Healthcare Solutions\",\"description\":\"\",\"potentialAction\":[{\"@type\":\"SearchAction\",\"target\":{\"@type\":\"EntryPoint\",\"urlTemplate\":\"https:\\\/\\\/www.vanguardhealthcare.co.uk\\\/?s={search_term_string}\"},\"query-input\":{\"@type\":\"PropertyValueSpecification\",\"valueRequired\":true,\"valueName\":\"search_term_string\"}}],\"inLanguage\":\"tr\"}]}<\/script>\n<!-- \/ Yoast SEO plugin. -->","yoast_head_json":{"title":"NHS Evergreen S\u00fcrd\u00fcr\u00fclebilir Tedarik\u00e7i De\u011ferlendirmesi - Vanguard Sa\u011fl\u0131k \u00c7\u00f6z\u00fcmleri","robots":{"index":"index","follow":"follow","max-snippet":"max-snippet:-1","max-image-preview":"max-image-preview:large","max-video-preview":"max-video-preview:-1"},"canonical":"https:\/\/www.vanguardhealthcare.co.uk\/tr_tr\/nhs-evergreen-sustainable-supplier-assessment\/","og_locale":"tr_TR","og_type":"article","og_title":"NHS Evergreen Sustainable Supplier Assessment - Vanguard Healthcare Solutions","og_description":"Vanguard Healthcare Solutions completes NHS Evergreen Sustainable Supplier Assessment Vanguard Healthcare Solutions is pleased to have completed the NHS Evergreen Sustainable Supplier Assessment. The Assessment is a self-assessment and reporting tool and resulted in us receiving a Level 1: Publicly committed to net zero carbon and engaged with sustainability. The information reported through Evergreen is [&hellip;]","og_url":"https:\/\/www.vanguardhealthcare.co.uk\/tr_tr\/nhs-evergreen-sustainable-supplier-assessment\/","og_site_name":"Vanguard Healthcare Solutions","article_modified_time":"2024-04-15T12:20:26+00:00","twitter_card":"summary_large_image","twitter_misc":{"Tahmini okuma s\u00fcresi":"1 dakika"},"schema":{"@context":"https:\/\/schema.org","@graph":[{"@type":"WebPage","@id":"https:\/\/www.vanguardhealthcare.co.uk\/nhs-evergreen-sustainable-supplier-assessment\/","url":"https:\/\/www.vanguardhealthcare.co.uk\/nhs-evergreen-sustainable-supplier-assessment\/","name":"NHS Evergreen S\u00fcrd\u00fcr\u00fclebilir Tedarik\u00e7i De\u011ferlendirmesi - Vanguard Sa\u011fl\u0131k \u00c7\u00f6z\u00fcmleri","isPartOf":{"@id":"https:\/\/www.vanguardhealthcare.co.uk\/#website"},"datePublished":"2024-04-15T12:20:25+00:00","dateModified":"2024-04-15T12:20:26+00:00","breadcrumb":{"@id":"https:\/\/www.vanguardhealthcare.co.uk\/nhs-evergreen-sustainable-supplier-assessment\/#breadcrumb"},"inLanguage":"tr","potentialAction":[{"@type":"ReadAction","target":["https:\/\/www.vanguardhealthcare.co.uk\/nhs-evergreen-sustainable-supplier-assessment\/"]}]},{"@type":"BreadcrumbList","@id":"https:\/\/www.vanguardhealthcare.co.uk\/nhs-evergreen-sustainable-supplier-assessment\/#breadcrumb","itemListElement":[{"@type":"ListItem","position":1,"name":"Home","item":"https:\/\/www.vanguardhealthcare.co.uk\/"},{"@type":"ListItem","position":2,"name":"NHS Evergreen Sustainable Supplier Assessment"}]},{"@type":"WebSite","@id":"https:\/\/www.vanguardhealthcare.co.uk\/#website","url":"https:\/\/www.vanguardhealthcare.co.uk\/","name":"Vanguard Sa\u011fl\u0131k \u00c7\u00f6z\u00fcmleri","description":"","potentialAction":[{"@type":"SearchAction","target":{"@type":"EntryPoint","urlTemplate":"https:\/\/www.vanguardhealthcare.co.uk\/?s={search_term_string}"},"query-input":{"@type":"PropertyValueSpecification","valueRequired":true,"valueName":"search_term_string"}}],"inLanguage":"tr"}]}},"_links":{"self":[{"href":"https:\/\/www.vanguardhealthcare.co.uk\/tr_tr\/wp-json\/wp\/v2\/pages\/7360","targetHints":{"allow":["GET"]}}],"collection":[{"href":"https:\/\/www.vanguardhealthcare.co.uk\/tr_tr\/wp-json\/wp\/v2\/pages"}],"about":[{"href":"https:\/\/www.vanguardhealthcare.co.uk\/tr_tr\/wp-json\/wp\/v2\/types\/page"}],"author":[{"embeddable":true,"href":"https:\/\/www.vanguardhealthcare.co.uk\/tr_tr\/wp-json\/wp\/v2\/users\/11"}],"replies":[{"embeddable":true,"href":"https:\/\/www.vanguardhealthcare.co.uk\/tr_tr\/wp-json\/wp\/v2\/comments?post=7360"}],"version-history":[{"count":0,"href":"https:\/\/www.vanguardhealthcare.co.uk\/tr_tr\/wp-json\/wp\/v2\/pages\/7360\/revisions"}],"wp:attachment":[{"href":"https:\/\/www.vanguardhealthcare.co.uk\/tr_tr\/wp-json\/wp\/v2\/media?parent=7360"}],"curies":[{"name":"wp","href":"https:\/\/api.w.org\/{rel}","templated":true}]}}