{"id":455,"date":"2023-07-03T14:28:23","date_gmt":"2023-07-03T14:28:23","guid":{"rendered":"https:\/\/www.vanguardhealthcare.co.uk\/?page_id=455"},"modified":"2023-09-07T08:50:18","modified_gmt":"2023-09-07T08:50:18","slug":"procurement","status":"publish","type":"page","link":"https:\/\/www.vanguardhealthcare.co.uk\/tr_tr\/procurement\/","title":{"rendered":"Tedarik"},"content":{"rendered":"<section id=\"section-2-59\" class=\"ct-section\" style=\"background-image:url(https:\/\/www.vanguardhealthcare.co.uk\/wp-content\/uploads\/2023\/05\/boulders-right.png);background-size: auto;\" >\n<div class=\"ct-section-inner-wrap\">\n<div id=\"div_block-8-59\" class=\"ct-div-block\" ><a id=\"link_text-6-59\" class=\"ct-link-text\" href=\"\/tr_tr\/\" target=\"_self\"  >Ev<\/a><\/p>\n<h1 id=\"headline-3-59\" class=\"ct-headline\"><span id=\"span-4-59\" class=\"ct-span\" >Tedarik<\/span><\/h1>\n<\/div>\n<\/div>\n<\/section>\n<section id=\"section-68-14-text-left-white\" class=\"ct-section\" >\n<div class=\"ct-section-inner-wrap\">\n<div id=\"new_columns-69-14text-left-white\" class=\"ct-new-columns\" >\n<div id=\"div_block-70-14\" class=\"ct-div-block\" >\n<h2 id=\"headline-71-14\" class=\"ct-headline\">\u0130htiya\u00e7lar\u0131n\u0131za g\u00f6re uyarlanm\u0131\u015f sat\u0131n alma planlar\u0131<\/h2>\n<div id=\"_rich_text-72-14\" class=\"oxy-rich-text\" >\n<p>Klinik hizmetlerimizle desteklenen sa\u011fl\u0131k tesisi \u00e7\u00f6z\u00fcmleri sunma konusunda uzman\u0131z. Bunlar gereksinimlerinize ba\u011fl\u0131 olarak standartla\u015ft\u0131r\u0131labilir veya \u00f6zel olarak \u00fcretilebilir, kiralanabilir veya sat\u0131n al\u0131nabilir.&nbsp;<\/p>\n<p>Bir dizi s\u00f6zle\u015fme se\u00e7ene\u011fi sunuyoruz ve sermaye veya operasyonel harcama \u00f6nceliklerinize g\u00f6re \u00e7al\u0131\u015fabiliriz. Sa\u011fl\u0131k Alanlar\u0131m\u0131z, basitlik ve rahatl\u0131k a\u00e7\u0131s\u0131ndan birka\u00e7 farkl\u0131 \u00e7er\u00e7evede mevcuttur.&nbsp;<a href=\"..\/our-team\/\">Bizim tak\u0131m<\/a>&nbsp;sizi se\u00e7enekler aras\u0131nda y\u00f6nlendirecek ve yolun her ad\u0131m\u0131nda size rehberlik edecektir.&nbsp;<\/p>\n<\/div>\n<\/div>\n<div id=\"div_block-74-14\" class=\"ct-div-block\" ><img decoding=\"async\"  id=\"image-75-14\" alt=\"\" src=\"https:\/\/www.vanguardhealthcare.co.uk\/wp-content\/uploads\/2023\/05\/Staffed-operating-theatre1.jpg\" class=\"ct-image\"\/><\/div>\n<\/div>\n<\/div>\n<\/section>\n<section id=\"section-88-34-blue\" class=\"ct-section\" >\n<div class=\"ct-section-inner-wrap\">\n<div id=\"new_columns-89-34-blue\" class=\"ct-new-columns\" >\n<div id=\"div_block-94-34\" class=\"ct-div-block\" ><img decoding=\"async\"  id=\"image-95-34\" alt=\"\" src=\"https:\/\/www.vanguardhealthcare.co.uk\/wp-content\/uploads\/2023\/05\/Staffed-operating-theatre1.jpg\" class=\"ct-image\"\/><\/div>\n<div id=\"div_block-90-34\" class=\"ct-div-block\" >\n<h2 id=\"headline-91-34\" class=\"ct-headline\">\u00c7evresel, sosyal de\u011fer ve y\u00f6neti\u015fim (ESG)<\/h2>\n<div id=\"_rich_text-92-34\" class=\"oxy-rich-text\" >\n<p dir=\"ltr\">Etik, s\u00fcrd\u00fcr\u00fclebilirlik ve sosyal sorumluluklar\u0131m\u0131z\u0131 ciddiye al\u0131yoruz ve kurumsal sosyal de\u011ferlerimizi ticari operasyonlar\u0131m\u0131za tutarl\u0131 bir \u015fekilde yerle\u015ftiriyor ve uyguluyoruz. Uluslararas\u0131 bir \u015firket olarak, m\u00fcmk\u00fcn olan her yerde kat edilen mesafeyi ve uluslararas\u0131 seyahatleri azaltman\u0131n yollar\u0131n\u0131 bulmaya \u00f6ncelik veriyoruz. Bunun m\u00fcmk\u00fcn olmad\u0131\u011f\u0131 durumlarda seyahatimizin \u00e7evresel etkilerini dengeliyoruz.<\/p>\n<p dir=\"ltr\">NHS ve di\u011fer ba\u011f\u0131ms\u0131z sa\u011flay\u0131c\u0131lar\u0131n \u00f6nemli bir tedarik\u00e7isi olarak operasyonlar\u0131m\u0131za ve tedarik zincirimize yans\u0131t\u0131lmas\u0131 gereken sorumluluklar\u0131m\u0131z var. Gelecekte ISO 14001 ve 45001 standartlar\u0131na veya di\u011fer ilgili mesleki akreditasyonlara sahip ana tedarik\u00e7ilerimize bakarken, faaliyet \u015feklimiz a\u00e7\u0131s\u0131ndan kritik \u00f6neme sahip tedarik\u00e7ilerimiz taraf\u0131ndan g\u00f6sterilen bu etik de\u011ferleri g\u00f6rmek istiyoruz.&nbsp;&nbsp;<\/p>\n<p dir=\"ltr\">Beklentimiz, t\u00fcm tedarik\u00e7ilerimizin y\u00fcr\u00fcrl\u00fckteki \u00e7evre yasa, d\u00fczenleme ve standartlar\u0131na uymas\u0131d\u0131r. Halihaz\u0131rda bunu yapm\u0131yorlarsa, potansiyel tehlikeleri belirleyip ortadan kald\u0131racak sistemler ve kontroller kurmalar\u0131n\u0131 talep ediyoruz. <a href=\"..\/environment\/\">\u00e7evre<\/a>Bunlar riskle orant\u0131l\u0131d\u0131r.<\/p>\n<p>&nbsp;<\/p>\n<\/div>\n<\/div>\n<\/div>\n<\/div>\n<\/section>\n<section id=\"section-68-14-text-left-white\" class=\"ct-section\" >\n<div class=\"ct-section-inner-wrap\">\n<div id=\"new_columns-69-14text-left-white\" class=\"ct-new-columns\" >\n<div id=\"div_block-70-14\" class=\"ct-div-block\" >\n<h2 id=\"headline-71-14\" class=\"ct-headline\">Tedarik zincirimiz<\/h2>\n<div id=\"_rich_text-72-14\" class=\"oxy-rich-text\" >\n<p dir=\"ltr\">Tedarik zincirimiz Birle\u015fik Krall\u0131k, Avrupa ve Avustralya&#039;ya kadar uzan\u0131yor. Tedarik\u00e7ilerimizin \u00e7al\u0131\u015fma standartlar\u0131n\u0131 s\u00f6zle\u015fmelerimizde ve ticari ili\u015fkilerimizde a\u00e7\u0131k\u00e7a belirtiriz.&nbsp;&nbsp;<\/p>\n<p dir=\"ltr\">\u00c7SY de\u011ferlerimizi operasyonlar\u0131m\u0131za, \u00e7al\u0131\u015fanlar\u0131m\u0131za ve tedarik zincirimize dahil ediyoruz. Hedeflerimize ula\u015fmak i\u00e7in uyum sa\u011flaman\u0131n gerekli oldu\u011fu durumlarda tedarik zincirimizi destekliyoruz&nbsp;<a href=\"..\/environment\/\">\u00c7SY hedefleri<\/a>.&nbsp;<\/p>\n<p dir=\"ltr\">ESG stratejimiz a\u015fa\u011f\u0131dakilerle desteklenmektedir:<\/p>\n<ul>\n<li dir=\"ltr\" aria-level=\"1\">\n<p dir=\"ltr\" role=\"presentation\">NHS&#039;nin ana tedarik\u00e7isi olarak sorumluluklar<\/p>\n<\/li>\n<li dir=\"ltr\" aria-level=\"1\">\n<p dir=\"ltr\" role=\"presentation\">NHS Ye\u015fil Plan\u0131nda tan\u0131mlanan ortak hedefler<\/p>\n<\/li>\n<li dir=\"ltr\" aria-level=\"1\">\n<p dir=\"ltr\" role=\"presentation\">Etik ve sorumlu bir \u015fekilde \u00e7al\u0131\u015fma arzusu<\/p>\n<\/li>\n<li dir=\"ltr\" aria-level=\"1\">\n<p dir=\"ltr\" role=\"presentation\">\u00c7SY d\u00fczenlemesine haz\u0131rl\u0131k<\/p>\n<\/li>\n<li dir=\"ltr\" aria-level=\"1\">\n<p dir=\"ltr\" role=\"presentation\">Yat\u0131r\u0131mc\u0131lara (mevcut ve gelecekteki) \u00c7SY ve etik operasyonlara olan ba\u011fl\u0131l\u0131\u011f\u0131m\u0131z\u0131 g\u00f6sterme yetene\u011fi<\/p>\n<\/li>\n<\/ul>\n<\/div>\n<\/div>\n<div id=\"div_block-74-14\" class=\"ct-div-block\" ><img decoding=\"async\"  id=\"image-75-14\" alt=\"\" src=\"https:\/\/www.vanguardhealthcare.co.uk\/wp-content\/uploads\/2023\/05\/Mobile-operating-theatre-delivery_vanguard.jpg\" class=\"ct-image\"\/><\/div>\n<\/div>\n<\/div>\n<\/section>\n<section id=\"section-88-34-blue\" class=\"ct-section\" >\n<div class=\"ct-section-inner-wrap\">\n<div id=\"new_columns-89-34-blue\" class=\"ct-new-columns\" >\n<div id=\"div_block-94-34\" class=\"ct-div-block\" ><img decoding=\"async\"  id=\"image-95-34\" alt=\"\" src=\"https:\/\/www.vanguardhealthcare.co.uk\/wp-content\/uploads\/2023\/05\/Staffed-operating-theatre1.jpg\" class=\"ct-image\"\/><\/div>\n<div id=\"div_block-90-34\" class=\"ct-div-block\" >\n<h2 id=\"headline-91-34\" class=\"ct-headline\">Tedarik\u00e7ilerimizi risk ve olgunluklar\u0131na g\u00f6re de\u011ferlendiriyoruz<\/h2>\n<div id=\"_rich_text-92-34\" class=\"oxy-rich-text\" >\n<p dir=\"ltr\">Tedarik\u00e7ilerimizin \u015funlar\u0131 dikkate al\u0131yoruz:<\/p>\n<ul>\n<li dir=\"ltr\" aria-level=\"1\">\n<p dir=\"ltr\" role=\"presentation\"><a href=\"..\/environment\/\">Kurumsal Sosyal Sorumluluk<\/a>&nbsp;(KSS)<\/p>\n<\/li>\n<li dir=\"ltr\" aria-level=\"1\">\n<p dir=\"ltr\" role=\"presentation\">Enerji ve yak\u0131t verimlili\u011fi<\/p>\n<\/li>\n<li dir=\"ltr\" aria-level=\"1\">\n<p dir=\"ltr\" role=\"presentation\">Sa\u011fl\u0131k ve g\u00fcvenlik politikalar\u0131<\/p>\n<\/li>\n<li dir=\"ltr\" aria-level=\"1\">\n<p dir=\"ltr\" role=\"presentation\">Ula\u015f\u0131m politikalar\u0131<\/p>\n<\/li>\n<li dir=\"ltr\" aria-level=\"1\">\n<p dir=\"ltr\" role=\"presentation\">Yerel istihdam\u0131n kullan\u0131lmas\u0131<\/p>\n<\/li>\n<li dir=\"ltr\" aria-level=\"1\">\n<p dir=\"ltr\" role=\"presentation\">\u00c7\u0131rakl\u0131k ve e\u011fitim kayd\u0131<\/p>\n<\/li>\n<\/ul>\n<p dir=\"ltr\">Sa\u011fl\u0131k hizmetleri \u00e7\u00f6z\u00fcmleri sa\u011flay\u0131c\u0131s\u0131 olarak hasta odakl\u0131y\u0131z. Her zaman \u00f6nceliklerimiz hastalar\u0131n ve m\u00fc\u015fterilerimizin bak\u0131m\u0131 ve g\u00fcvenli\u011fidir; Tedarik\u00e7ilerimizin bu \u00f6ncelikleri payla\u015fmalar\u0131n\u0131 bekliyoruz.&nbsp;&nbsp;<\/p>\n<p dir=\"ltr\">\u0130tibar\u0131m\u0131z, y\u00fcksek kalitede Sa\u011fl\u0131k Alan\u0131 sunma yetene\u011fimize dayanmaktad\u0131r. Mevzuat gerekliliklerimiz artt\u0131k\u00e7a, bug\u00fcne kadarki ba\u015far\u0131m\u0131z\u0131 daha da ileriye ta\u015f\u0131yabilmek i\u00e7in standartlar\u0131m\u0131z\u0131 kar\u015f\u0131layan tedarik\u00e7ileri elimizde tutmak istiyoruz.<\/p>\n<\/div>\n<\/div>\n<\/div>\n<\/div>\n<\/section>\n<section id=\"section-68-14-text-left-white\" class=\"ct-section\" >\n<div class=\"ct-section-inner-wrap\">\n<div id=\"new_columns-69-14text-left-white\" class=\"ct-new-columns\" >\n<div id=\"div_block-70-14\" class=\"ct-div-block\" >\n<h2 id=\"headline-71-14\" class=\"ct-headline\">Modern in\u015faat y\u00f6ntemleri ve yenilik<\/h2>\n<div id=\"_rich_text-72-14\" class=\"oxy-rich-text\" >\n<p dir=\"ltr\">Rekabet\u00e7i kalarak, yeni \u00fcr\u00fcnleri, malzemeleri ve hizmetleri ke\u015ffedip deneyerek tedarik zincirimizin kurumsal hedeflerimizi desteklemesini sa\u011fl\u0131yoruz.<\/p>\n<\/div>\n<\/div>\n<div id=\"div_block-74-14\" class=\"ct-div-block\" ><img decoding=\"async\"  id=\"image-75-14\" alt=\"\" src=\"https:\/\/www.vanguardhealthcare.co.uk\/wp-content\/uploads\/2023\/06\/design-and-build-4.jpg\" class=\"ct-image\"\/><\/div>\n<\/div>\n<\/div>\n<\/section>\n<section id=\"section-88-34-blue\" class=\"ct-section\" >\n<div class=\"ct-section-inner-wrap\">\n<div id=\"new_columns-89-34-blue\" class=\"ct-new-columns\" >\n<div id=\"div_block-94-34\" class=\"ct-div-block\" ><img decoding=\"async\"  id=\"image-95-34\" alt=\"\" src=\"https:\/\/www.vanguardhealthcare.co.uk\/wp-content\/uploads\/2023\/09\/ESG_-_Earth_with_stethoscope-1017x1024.jpg\" class=\"ct-image\"\/><\/div>\n<div id=\"div_block-90-34\" class=\"ct-div-block\" >\n<h2 id=\"headline-91-34\" class=\"ct-headline\">S\u00fcrd\u00fcr\u00fclebilirlik<\/h2>\n<div id=\"_rich_text-92-34\" class=\"oxy-rich-text\" >\n<p dir=\"ltr\">Biz uluslararas\u0131 bir grubuz ve karbon n\u00f6tr olma yolunda ilerliyoruz. Mevcut taahh\u00fcd\u00fcm\u00fcze dayanarak, kendimiz i\u00e7in belirledi\u011fimiz s\u00fcrd\u00fcr\u00fclebilirlik hedeflerine ula\u015fmam\u0131z\u0131 sa\u011flamak amac\u0131yla \u00e7evresel yeterliliklerimizi geli\u015ftirmeye devam edece\u011fiz.&nbsp;<a href=\"..\/environment\/\">\u00c7SY Stratejisi<\/a>&nbsp;2022\u20142035.<\/p>\n<\/div>\n<\/div>\n<\/div>\n<\/div>\n<\/section>\n<section id=\"section-114-34\" class=\"ct-section\" >\n<div class=\"ct-section-inner-wrap\">\n<div id=\"new_columns-115-34\" class=\"ct-new-columns\" >\n<div id=\"div_block-116-34\" class=\"ct-div-block\" >\n<h2 id=\"headline-117-34\" class=\"ct-headline\">\u00c7er\u00e7eve kat\u0131l\u0131m\u0131m\u0131z<\/h2>\n<div id=\"_rich_text-118-34\" class=\"oxy-rich-text\" >\n<p>NHS tedarik zinciri \u00e7er\u00e7evelerine kat\u0131l\u0131m\u0131m\u0131z ve NHS ve sa\u011fl\u0131k kurumlar\u0131yla devam eden \u00e7al\u0131\u015fmalar\u0131m\u0131z, \u00e7ok \u00e7e\u015fitli uyumluluk \u00f6nlemlerine ili\u015fkin d\u00fczenli g\u00fcvence sa\u011flamam\u0131z\u0131 gerektirmektedir.<\/p>\n<\/div>\n<p><a id=\"link_button-119-34\" class=\"ct-link-button button-pink\" href=\"\/tr_tr\/our-frameworks\/\" target=\"_self\"  >\u00c7er\u00e7evelerimiz<\/a><\/div>\n<div id=\"div_block-120-34\" class=\"ct-div-block\" ><img decoding=\"async\"  id=\"image-121-34\" alt=\"\" src=\"https:\/\/www.vanguardhealthcare.co.uk\/wp-content\/uploads\/2023\/06\/modular-surgical-hub-scaled.jpg\" class=\"ct-image\"\/><\/div>\n<\/div>\n<\/div>\n<\/section>\n<section id=\"section-144-59\" class=\"ct-section\" >\n<div class=\"ct-section-inner-wrap\">\n<div id=\"new_columns-145-59\" class=\"ct-new-columns\" >\n<div id=\"div_block-146-59\" class=\"ct-div-block\" >\n<div id=\"_rich_text-9-63\" class=\"oxy-rich-text\" >\n<p>Hastaneniz i\u00e7in i\u015fe yarayan bir \u00e7\u00f6z\u00fcm bulmak buradan ba\u015flayabilir...<\/p>\n<\/div>\n<p><a id=\"link_button-149-59\" class=\"ct-link-button\" href=\"\/tr_tr\/contact\/\" target=\"_self\"  >Temasta olmak<\/a><\/div>\n<div id=\"div_block-150-59\" class=\"ct-div-block\" ><img decoding=\"async\"  id=\"image-151-59\" alt=\"\" src=\"https:\/\/www.vanguardhealthcare.co.uk\/wp-content\/uploads\/2023\/06\/kettering-2-1.jpg\" class=\"ct-image\"\/><\/div>\n<\/div>\n<\/div>\n<\/section>","protected":false},"excerpt":{"rendered":"","protected":false},"author":2,"featured_media":0,"parent":0,"menu_order":0,"comment_status":"closed","ping_status":"closed","template":"","meta":{"_acf_changed":false,"footnotes":""},"class_list":["post-455","page","type-page","status-publish","format-standard","hentry"],"acf":[],"yoast_head":"<!-- This site is optimized with the Yoast SEO plugin v27.4 - https:\/\/yoast.com\/product\/yoast-seo-wordpress\/ -->\n<title>Procurement - Vanguard Healthcare Solutions<\/title>\n<meta name=\"robots\" content=\"index, follow, max-snippet:-1, max-image-preview:large, max-video-preview:-1\" \/>\n<link rel=\"canonical\" href=\"https:\/\/www.vanguardhealthcare.co.uk\/tr_tr\/procurement\/\" \/>\n<meta property=\"og:locale\" content=\"tr_TR\" \/>\n<meta property=\"og:type\" content=\"article\" \/>\n<meta property=\"og:title\" content=\"Procurement - Vanguard Healthcare Solutions\" \/>\n<meta property=\"og:url\" content=\"https:\/\/www.vanguardhealthcare.co.uk\/tr_tr\/procurement\/\" \/>\n<meta property=\"og:site_name\" content=\"Vanguard Healthcare Solutions\" \/>\n<meta property=\"article:modified_time\" content=\"2023-09-07T08:50:18+00:00\" \/>\n<meta name=\"twitter:card\" content=\"summary_large_image\" \/>\n<script type=\"application\/ld+json\" class=\"yoast-schema-graph\">{\"@context\":\"https:\\\/\\\/schema.org\",\"@graph\":[{\"@type\":\"WebPage\",\"@id\":\"https:\\\/\\\/www.vanguardhealthcare.co.uk\\\/procurement\\\/\",\"url\":\"https:\\\/\\\/www.vanguardhealthcare.co.uk\\\/procurement\\\/\",\"name\":\"Procurement - Vanguard Healthcare Solutions\",\"isPartOf\":{\"@id\":\"https:\\\/\\\/www.vanguardhealthcare.co.uk\\\/#website\"},\"datePublished\":\"2023-07-03T14:28:23+00:00\",\"dateModified\":\"2023-09-07T08:50:18+00:00\",\"breadcrumb\":{\"@id\":\"https:\\\/\\\/www.vanguardhealthcare.co.uk\\\/procurement\\\/#breadcrumb\"},\"inLanguage\":\"tr\",\"potentialAction\":[{\"@type\":\"ReadAction\",\"target\":[\"https:\\\/\\\/www.vanguardhealthcare.co.uk\\\/procurement\\\/\"]}]},{\"@type\":\"BreadcrumbList\",\"@id\":\"https:\\\/\\\/www.vanguardhealthcare.co.uk\\\/procurement\\\/#breadcrumb\",\"itemListElement\":[{\"@type\":\"ListItem\",\"position\":1,\"name\":\"Home\",\"item\":\"https:\\\/\\\/www.vanguardhealthcare.co.uk\\\/\"},{\"@type\":\"ListItem\",\"position\":2,\"name\":\"Procurement\"}]},{\"@type\":\"WebSite\",\"@id\":\"https:\\\/\\\/www.vanguardhealthcare.co.uk\\\/#website\",\"url\":\"https:\\\/\\\/www.vanguardhealthcare.co.uk\\\/\",\"name\":\"Vanguard Healthcare Solutions\",\"description\":\"\",\"potentialAction\":[{\"@type\":\"SearchAction\",\"target\":{\"@type\":\"EntryPoint\",\"urlTemplate\":\"https:\\\/\\\/www.vanguardhealthcare.co.uk\\\/?s={search_term_string}\"},\"query-input\":{\"@type\":\"PropertyValueSpecification\",\"valueRequired\":true,\"valueName\":\"search_term_string\"}}],\"inLanguage\":\"tr\"}]}<\/script>\n<!-- \/ Yoast SEO plugin. -->","yoast_head_json":{"title":"Tedarik - Vanguard Sa\u011fl\u0131k \u00c7\u00f6z\u00fcmleri","robots":{"index":"index","follow":"follow","max-snippet":"max-snippet:-1","max-image-preview":"max-image-preview:large","max-video-preview":"max-video-preview:-1"},"canonical":"https:\/\/www.vanguardhealthcare.co.uk\/tr_tr\/procurement\/","og_locale":"tr_TR","og_type":"article","og_title":"Procurement - Vanguard Healthcare Solutions","og_url":"https:\/\/www.vanguardhealthcare.co.uk\/tr_tr\/procurement\/","og_site_name":"Vanguard Healthcare Solutions","article_modified_time":"2023-09-07T08:50:18+00:00","twitter_card":"summary_large_image","schema":{"@context":"https:\/\/schema.org","@graph":[{"@type":"WebPage","@id":"https:\/\/www.vanguardhealthcare.co.uk\/procurement\/","url":"https:\/\/www.vanguardhealthcare.co.uk\/procurement\/","name":"Tedarik - Vanguard Sa\u011fl\u0131k \u00c7\u00f6z\u00fcmleri","isPartOf":{"@id":"https:\/\/www.vanguardhealthcare.co.uk\/#website"},"datePublished":"2023-07-03T14:28:23+00:00","dateModified":"2023-09-07T08:50:18+00:00","breadcrumb":{"@id":"https:\/\/www.vanguardhealthcare.co.uk\/procurement\/#breadcrumb"},"inLanguage":"tr","potentialAction":[{"@type":"ReadAction","target":["https:\/\/www.vanguardhealthcare.co.uk\/procurement\/"]}]},{"@type":"BreadcrumbList","@id":"https:\/\/www.vanguardhealthcare.co.uk\/procurement\/#breadcrumb","itemListElement":[{"@type":"ListItem","position":1,"name":"Home","item":"https:\/\/www.vanguardhealthcare.co.uk\/"},{"@type":"ListItem","position":2,"name":"Procurement"}]},{"@type":"WebSite","@id":"https:\/\/www.vanguardhealthcare.co.uk\/#website","url":"https:\/\/www.vanguardhealthcare.co.uk\/","name":"Vanguard Sa\u011fl\u0131k \u00c7\u00f6z\u00fcmleri","description":"","potentialAction":[{"@type":"SearchAction","target":{"@type":"EntryPoint","urlTemplate":"https:\/\/www.vanguardhealthcare.co.uk\/?s={search_term_string}"},"query-input":{"@type":"PropertyValueSpecification","valueRequired":true,"valueName":"search_term_string"}}],"inLanguage":"tr"}]}},"_links":{"self":[{"href":"https:\/\/www.vanguardhealthcare.co.uk\/tr_tr\/wp-json\/wp\/v2\/pages\/455","targetHints":{"allow":["GET"]}}],"collection":[{"href":"https:\/\/www.vanguardhealthcare.co.uk\/tr_tr\/wp-json\/wp\/v2\/pages"}],"about":[{"href":"https:\/\/www.vanguardhealthcare.co.uk\/tr_tr\/wp-json\/wp\/v2\/types\/page"}],"author":[{"embeddable":true,"href":"https:\/\/www.vanguardhealthcare.co.uk\/tr_tr\/wp-json\/wp\/v2\/users\/2"}],"replies":[{"embeddable":true,"href":"https:\/\/www.vanguardhealthcare.co.uk\/tr_tr\/wp-json\/wp\/v2\/comments?post=455"}],"version-history":[{"count":0,"href":"https:\/\/www.vanguardhealthcare.co.uk\/tr_tr\/wp-json\/wp\/v2\/pages\/455\/revisions"}],"wp:attachment":[{"href":"https:\/\/www.vanguardhealthcare.co.uk\/tr_tr\/wp-json\/wp\/v2\/media?parent=455"}],"curies":[{"name":"wp","href":"https:\/\/api.w.org\/{rel}","templated":true}]}}