{"id":209,"date":"2023-06-14T14:38:36","date_gmt":"2023-06-14T14:38:36","guid":{"rendered":"https:\/\/www.vanguardhealthcare.co.uk\/?page_id=209"},"modified":"2026-01-13T14:37:46","modified_gmt":"2026-01-13T14:37:46","slug":"environment","status":"publish","type":"page","link":"https:\/\/www.vanguardhealthcare.co.uk\/tr_tr\/environment\/","title":{"rendered":"\u00c7evre"},"content":{"rendered":"<section id=\"section-2-59\" class=\"ct-section\" style=\"background-image:url(https:\/\/www.vanguardhealthcare.co.uk\/wp-content\/uploads\/2023\/05\/boulders-right.png);background-size: auto;\" >\n<div class=\"ct-section-inner-wrap\">\n<div id=\"div_block-8-59\" class=\"ct-div-block\" ><a id=\"link_text-6-59\" class=\"ct-link-text\" href=\"\/tr_tr\/\" target=\"_self\"  >Ev<\/a><\/p>\n<h1 id=\"headline-3-59\" class=\"ct-headline\"><span id=\"span-4-59\" class=\"ct-span\" >\u00c7evre<\/span><\/h1>\n<\/div>\n<\/div>\n<\/section>\n<section id=\"section-68-14-text-left-white\" class=\"ct-section\" >\n<div class=\"ct-section-inner-wrap\">\n<div id=\"new_columns-69-14text-left-white\" class=\"ct-new-columns\" >\n<div id=\"div_block-70-14\" class=\"ct-div-block\" >\n<h2 id=\"headline-71-14\" class=\"ct-headline\">S\u00fcrd\u00fcr\u00fclebilirlik ve sosyal sorumluluk taahh\u00fctlerimiz<\/h2>\n<div id=\"_rich_text-72-14\" class=\"oxy-rich-text\" >\n<p>\u00c7evre \u00fczerinde minimum etkiyle d\u00fcnya lideri klinik Sa\u011fl\u0131k Alanlar\u0131 yaratan, \u00e7evresel a\u00e7\u0131dan s\u00fcrd\u00fcr\u00fclebilir ve sosyal a\u00e7\u0131dan sorumlu bir kurulu\u015f olmaya kararl\u0131y\u0131z.<\/p>\n<p><strong>Ama\u00e7lar\u0131m\u0131z<\/strong><\/p>\n<p>1. \u0130\u015f uygulamalar\u0131m\u0131z s\u00fcrekli geli\u015fmektedir; \u00c7evresel yol haritam\u0131z, 2023 sonuna kadar 1 ve 2 emisyonlar\u0131 a\u00e7\u0131s\u0131ndan karbon n\u00f6tr olmam\u0131z\u0131 ve 2035 y\u0131l\u0131na kadar net karbon s\u0131f\u0131r olmam\u0131z\u0131 taahh\u00fct ediyor.<\/p>\n<p>2. M\u00fc\u015fterilerimizin kendi \u00e7evre hedeflerine ula\u015fmalar\u0131na yard\u0131mc\u0131 olacak \u00fcr\u00fcn ve hizmetler sunmak i\u00e7in s\u00fcrekli \u00e7al\u0131\u015f\u0131yoruz. Sa\u011fl\u0131k Alanlar\u0131m\u0131z 2025 y\u0131l\u0131na kadar g\u00fcnl\u00fck olarak karbon n\u00f6tr olacak.<\/p>\n<\/div>\n<\/div>\n<div id=\"div_block-74-14\" class=\"ct-div-block\" ><img decoding=\"async\"  id=\"image-75-14\" alt=\"\" src=\"https:\/\/www.vanguardhealthcare.co.uk\/wp-content\/uploads\/2023\/07\/Solar-Panels.jpg\" class=\"ct-image\"\/><\/div>\n<\/div>\n<\/div>\n<\/section>\n<section id=\"section-88-34-blue\" class=\"ct-section\" >\n<div class=\"ct-section-inner-wrap\">\n<div id=\"new_columns-89-34-blue\" class=\"ct-new-columns\" >\n<div id=\"div_block-94-34\" class=\"ct-div-block\" ><img decoding=\"async\"  id=\"image-95-34\" alt=\"\" src=\"https:\/\/www.vanguardhealthcare.co.uk\/wp-content\/uploads\/2023\/07\/CO2.jpg\" class=\"ct-image\"\/><\/div>\n<div id=\"div_block-90-34\" class=\"ct-div-block\" >\n<h2 id=\"headline-91-34\" class=\"ct-headline\">Taahh\u00fctlerimiz <\/h2>\n<div id=\"_rich_text-92-34\" class=\"oxy-rich-text\" >\n<ul>\n<li>Uzun vadeli hedeflerimize ula\u015fmam\u0131z\u0131 ve y\u0131ll\u0131k taktik faaliyetimizi ger\u00e7ekle\u015ftirmemizi sa\u011flayacak, bilime dayal\u0131 hedefleri olan a\u00e7\u0131k, uzun vadeli bir stratejik plana sahip olmak<\/li>\n<li>Y\u0131ll\u0131k olarak yay\u0131nlanan bir <a href=\"\/tr_tr\/carbon-reduction-plan\/\">karbon azaltma plan\u0131<\/a><\/li>\n<li>Karbon ayak izimizin y\u0131ll\u0131k \u00f6l\u00e7\u00fcm\u00fc<\/li>\n<li>2024 y\u0131l\u0131na kadar net s\u0131f\u0131r bina mod\u00fcler portf\u00f6y\u00fc sunun &nbsp;<\/li>\n<li>Binalar\u0131m\u0131z\u0131n \u00f6mr\u00fcn\u00fc uzatabilecek malzeme ve tasar\u0131mlar\u0131 kullanarak s\u00fcrd\u00fcr\u00fclebilir bir tedarik zincirine sahip olmam\u0131z\u0131 sa\u011flamak<\/li>\n<li>Gelecekteki projeler i\u00e7in yeniden kullan\u0131m\/yeniden kullan\u0131m veya geri d\u00f6n\u00fc\u015f\u00fcm d\u00fczeyinin en \u00fcst d\u00fczeye \u00e7\u0131kar\u0131lmas\u0131<\/li>\n<li>2025 y\u0131l\u0131nda tamamen yenilenebilir enerji kaynaklar\u0131na ge\u00e7ene kadar tesislerimizde yenilenebilir enerji kaynaklar\u0131n\u0131n kullan\u0131m\u0131n\u0131 art\u0131rmak<\/li>\n<li>2025 y\u0131l\u0131na kadar elektrikle \u00e7al\u0131\u015fan filoya ge\u00e7i\u015f, fosil yak\u0131tl\u0131 ara\u00e7lar\u0131n a\u015famal\u0131 olarak kullan\u0131mdan kald\u0131r\u0131lmas\u0131<\/li>\n<li>Tedarik zinciri emisyonlar\u0131n\u0131n 80% ile azalt\u0131lmas\u0131<\/li>\n<li>Klimate ile ortakl\u0131\u011f\u0131m\u0131z arac\u0131l\u0131\u011f\u0131yla atmosferden y\u0131lda 500 ton CO2-e&#039;yi uzakla\u015ft\u0131rmak i\u00e7in karbon yakalama projelerine devam eden yat\u0131r\u0131mlar<\/li>\n<li>Tedarik zincirimizin, malzeme se\u00e7imi de dahil olmak \u00fczere \u00e7evresel etkilerini azaltacak uygulamalara sahip olmas\u0131n\u0131 sa\u011flamak&nbsp;<\/li>\n<li>\u00c7\u00f6p sahas\u0131na at\u0131k teslim edilmiyor<\/li>\n<\/ul>\n<p>yolculu\u011fumuzu g\u00f6r\u00fcnt\u00fcleyin&nbsp;<a href=\"\/wp-content\/uploads\/2023\/07\/Vanguard-Carbon-Net-Zero-Graphics-July-2023-1.pdf\" target=\"_blank\" rel=\"noopener\">Karbon Net S\u0131f\u0131r yol haritas\u0131<\/a><\/p>\n<p>En son \u00fcr\u00fcnlerimiz hakk\u0131nda bilgi edinin<span style=\"font-size: 11pt;font-family: verdana, geneva, sans-serif\">&nbsp;<a href=\"\/tr_tr\/nhs-evergreen-sustainable-supplier-assessment\/\">NHS Evergreen S\u00fcrd\u00fcr\u00fclebilir Tedarik\u00e7i De\u011ferlendirmesi<\/a><\/span><\/p>\n<\/div>\n<\/div>\n<\/div>\n<\/div>\n<\/section>\n<section id=\"section-68-14-text-left-white\" class=\"ct-section\" >\n<div class=\"ct-section-inner-wrap\">\n<div id=\"new_columns-69-14text-left-white\" class=\"ct-new-columns\" >\n<div id=\"div_block-70-14\" class=\"ct-div-block\" >\n<h2 id=\"headline-71-14\" class=\"ct-headline\">M\u00fc\u015fterilerimizin \u00e7evresel hedeflerine ula\u015fmalar\u0131na yard\u0131mc\u0131 olacak \u00fcr\u00fcn ve hizmetleri nas\u0131l sunuyoruz:<\/h2>\n<div id=\"_rich_text-72-14\" class=\"oxy-rich-text\" >\n<ul>\n<li>80% fabrika tamamlanma seviyeleri sahadaki faaliyetleri en aza indirir<\/li>\n<li>Hizmet portf\u00f6y\u00fcm\u00fcze karbon n\u00f6tr mod\u00fcler binalar\u0131n eklenmesi&nbsp;<\/li>\n<li>T\u00fcm binalar standart olarak BREEAM &#039;M\u00fckemmel&#039; seviyelerine ula\u015facak<\/li>\n<li>G\u00fcvenlikten, pratik veya i\u015flevsel gerekliliklerden \u00f6d\u00fcn vermeyen, enerji verimli binalar\u0131n teslimi&nbsp;<\/li>\n<li>\u00c7al\u0131\u015fma ortamlar\u0131n\u0131 kontrol etmek amac\u0131yla yenilenebilir enerji kaynaklar\u0131n\u0131 yakalamak ve kullanmak i\u00e7in modern teknolojilerin kullan\u0131lmas\u0131<\/li>\n<li>Karbon n\u00f6tr bir fabrikada \u00fcretilen \u00e7elik \u00e7er\u00e7eveli, beton alt d\u00f6\u015feme alt yap\u0131 mod\u00fclleri<\/li>\n<\/ul>\n<\/div>\n<\/div>\n<div id=\"div_block-74-14\" class=\"ct-div-block\" ><img decoding=\"async\"  id=\"image-75-14\" alt=\"\" src=\"https:\/\/www.vanguardhealthcare.co.uk\/wp-content\/uploads\/2023\/07\/Roof.jpg\" class=\"ct-image\"\/><\/div>\n<\/div>\n<\/div>\n<\/section>\n<section id=\"section-88-34-blue\" class=\"ct-section\" >\n<div class=\"ct-section-inner-wrap\">\n<div id=\"new_columns-89-34-blue\" class=\"ct-new-columns\" >\n<div id=\"div_block-94-34\" class=\"ct-div-block\" ><img decoding=\"async\"  id=\"image-95-34\" alt=\"\" src=\"https:\/\/www.vanguardhealthcare.co.uk\/wp-content\/uploads\/2023\/07\/Crane.jpg\" class=\"ct-image\"\/><\/div>\n<div id=\"div_block-90-34\" class=\"ct-div-block\" >\n<h2 id=\"headline-91-34\" class=\"ct-headline\">D\u00f6ng\u00fcsel bir ekonomi<\/h2>\n<div id=\"_rich_text-92-34\" class=\"oxy-rich-text\" >\n<p>Uyarlanabilir ve s\u00fcrd\u00fcr\u00fclebilir tasar\u0131mlar\u0131 sayesinde mod\u00fcler ve mobil tesisler, \u00e7evresel ve s\u00fcrd\u00fcr\u00fclebilir faydalar sunarken d\u00f6ng\u00fcsel ekonominin ilerlemesinde hayati bir rol oynamaktad\u0131r. Mod\u00fcler bile\u015fenlerin kullan\u0131m\u0131, kolay s\u00f6kme, yer de\u011fi\u015ftirme ve yeniden yap\u0131land\u0131rmaya olanak tan\u0131yarak sa\u011fl\u0131k hizmetlerinin ihtiya\u00e7 duyulan yerde verimli bir \u015fekilde sunulmas\u0131n\u0131 sa\u011flar.&nbsp;<\/p>\n<p>Bu esneklik, yaln\u0131zca in\u015faat ve i\u015fletme maliyetlerini d\u00fc\u015f\u00fcrmekle kalmaz, ayn\u0131 zamanda geleneksel sabit yap\u0131larla ili\u015fkili \u00e7evresel ayak izini de azalt\u0131r. Dahas\u0131, mod\u00fcler tesisler, malzemelerin yeniden kullan\u0131m\u0131n\u0131 ve geri d\u00f6n\u00fc\u015f\u00fcm\u00fcn\u00fc te\u015fvik ederek, kullan\u0131m \u00f6mr\u00fcn\u00fc uzat\u0131p yeni kaynaklara olan talebi azaltarak d\u00f6ng\u00fcsel ekonomiye katk\u0131da bulunur.&nbsp;<\/p>\n<\/div>\n<\/div>\n<\/div>\n<\/div>\n<\/section>\n<section id=\"section-332-315\" class=\"ct-section\" >\n<div class=\"ct-section-inner-wrap\">\n<div id=\"new_columns-333-315\" class=\"ct-new-columns\" >\n<div id=\"div_block-334-315\" class=\"ct-div-block\" >\n<div id=\"div_block-345-315\" class=\"ct-div-block box-shadow\" >\n<div id=\"_rich_text-346-315\" class=\"oxy-rich-text\" >\n<h3>Tedarik zincirimiz<\/h3>\n<p>\u2022 \u00c7elik \u00e7er\u00e7eveli beton zemin alt yap\u0131 mod\u00fcllerimiz karbon n\u00f6tr bir fabrikada \u00fcretilmektedir.<\/p>\n<p>\u2022 Duvar sistemlerimiz binalar\u0131m\u0131z i\u00e7in belirlenmi\u015f ve tasarlanm\u0131\u015ft\u0131r; israf\u0131 ve kusurlar\u0131n yeniden i\u015flenmesini azalt\u0131r<\/p>\n<p>\u2022 Se\u00e7ilen malzemeler ve kendi uygulamalar\u0131 arac\u0131l\u0131\u011f\u0131yla \u00e7evresel etkilerini azaltmak i\u00e7in tedarik zincirlerimizle birlikte \u00e7al\u0131\u015f\u0131yoruz.<\/p>\n<\/div>\n<\/div>\n<\/div>\n<div id=\"div_block-335-315\" class=\"ct-div-block\" >\n<div id=\"div_block-342-315\" class=\"ct-div-block box-shadow\" >\n<div id=\"_rich_text-337-315\" class=\"oxy-rich-text\" >\n<h3>Fabrika kontroll\u00fc ortam<\/h3>\n<p>\u2022 Yeniden \u00e7al\u0131\u015fma ve kusur durumlar\u0131 en aza indirilir<\/p>\n<p>\u2022 \u00dcretim kontrol\u00fc yoluyla malzeme israf\u0131n\u0131n azalt\u0131lmas\u0131<\/p>\n<p>\u2022 At\u0131k ayr\u0131\u015ft\u0131rma ve geri d\u00f6n\u00fc\u015f\u00fcm seviyelerimizi art\u0131rmak<\/p>\n<\/div>\n<\/div>\n<\/div>\n<\/div>\n<div id=\"new_columns-350-315\" class=\"ct-new-columns\" >\n<div id=\"div_block-351-315\" class=\"ct-div-block\" >\n<div id=\"div_block-354-315\" class=\"ct-div-block box-shadow\" >\n<div id=\"_rich_text-355-315\" class=\"oxy-rich-text\" >\n<h3>Enerji verimli tasar\u0131mlar<\/h3>\n<p>\u2022 M\u00fcmk\u00fcn oldu\u011funda do\u011fal \u0131\u015f\u0131k ve havaland\u0131rman\u0131n kullan\u0131lmas\u0131<\/p>\n<p>\u2022 Mod\u00fcler duvar kaplama, \u00e7at\u0131 kaplama ve camlama sistemlerimizde y\u00fcksek yal\u0131t\u0131m de\u011ferleri sa\u011flamak<\/p>\n<p>\u2022 Pratik oldu\u011fu yerde enerji yakalama<\/p>\n<p>\u2022 Ye\u015fil duvarlar<\/p>\n<\/div>\n<\/div>\n<\/div>\n<div id=\"div_block-356-315\" class=\"ct-div-block\" >\n<div id=\"div_block-359-315\" class=\"ct-div-block box-shadow\" >\n<div id=\"_rich_text-360-315\" class=\"oxy-rich-text\" >\n<h3>Modern s\u00fcrd\u00fcr\u00fclebilir teknolojilerin kullan\u0131m\u0131<\/h3>\n<p>\u2022 Yerden\/hava kaynakl\u0131 \u0131s\u0131tma se\u00e7enekleri<\/p>\n<p>\u2022 PV paneller<\/p>\n<p>\u2022 Entegre CO2 izleme<\/p>\n<p>\u2022 Ya\u011fmur suyunun geri kazan\u0131m\u0131<\/p>\n<\/div>\n<\/div>\n<\/div>\n<\/div>\n<\/div>\n<\/section>\n<section id=\"section-68-14-text-left-white\" class=\"ct-section\" >\n<div class=\"ct-section-inner-wrap\">\n<div id=\"new_columns-69-14text-left-white\" class=\"ct-new-columns\" >\n<div id=\"div_block-70-14\" class=\"ct-div-block\" >\n<h2 id=\"headline-71-14\" class=\"ct-headline\">Sosyal sorumluluk<\/h2>\n<div id=\"_rich_text-72-14\" class=\"oxy-rich-text\" >\n<p>Kurumsal etki alan\u0131m\u0131z\u0131 \u00e7evreye, topluluklara fayda sa\u011flamak ve g\u00fcvenli, y\u00fcksek kaliteli altyap\u0131 sunmak i\u00e7in kullan\u0131yoruz.&nbsp;<\/p>\n<p>Odak noktam\u0131z:<\/p>\n<ul>\n<li>ISO14001 ve 45001 standartlar\u0131n\u0131 yakalamak<\/li>\n<li>Birle\u015fik Krall\u0131k nehirlerinin ve kanallar\u0131n\u0131n kalitesini art\u0131rmak i\u00e7in yaban hayat\u0131 koruma vak\u0131flar\u0131yla \u00e7al\u0131\u015fmak&nbsp;<\/li>\n<li>\u00c7al\u0131\u015fanlara Ark Business Conservation ekibiyle \u00fccretli g\u00f6n\u00fcll\u00fc \u00e7al\u0131\u015fma olana\u011f\u0131 sunmak<\/li>\n<li>Sa\u011fl\u0131k ve sa\u011fl\u0131k m\u00fchendisli\u011fi alan\u0131nda \u00e7al\u0131\u015fmaya eri\u015fimi olan gen\u00e7lerin ya\u015fam \u015fanslar\u0131n\u0131 iyile\u015ftirmek. Hedeflenen \u00e7\u0131rakl\u0131k ve mentorluklar i\u015f g\u00fcc\u00fcm\u00fcz\u00fcn 10%&#039;sini olu\u015fturuyor<\/li>\n<li>\u0130\u015fg\u00fcc\u00fcm\u00fcz\u00fcn 10%&#039;sini Ruh Sa\u011fl\u0131\u011f\u0131 \u0130lk Yard\u0131mc\u0131lar\u0131 olmalar\u0131 i\u00e7in e\u011fitiyoruz<\/li>\n<li>\u00dccretli g\u00f6n\u00fcll\u00fcl\u00fck f\u0131rsatlar\u0131 arac\u0131l\u0131\u011f\u0131yla Avustralya&#039;daki ilk ulus ama\u00e7lar\u0131n\u0131 desteklemek<\/li>\n<li>\u0130\u015fyeri ortamlar\u0131n\u0131n iyile\u015ftirilmesi<\/li>\n<li>E\u011fitim ve geli\u015ftirme, ileti\u015fim yollar\u0131 ve sistemleri arac\u0131l\u0131\u011f\u0131yla i\u015fletmemiz genelinde ortak sorumluluk ve hesap verebilirlik duygusu yaratmak<\/li>\n<li>Y\u00fcksek sosyal ve \u00e7evresel performans, \u015feffafl\u0131k ve hesap verebilirlik standartlar\u0131n\u0131 kar\u015f\u0131lama taahh\u00fcd\u00fcm\u00fcz\u00fc yans\u0131tacak \u015fekilde 2025 y\u0131l\u0131na kadar B Corp Akreditasyonunun al\u0131nmas\u0131.&nbsp;<\/li>\n<\/ul>\n<p>Bizim g\u00f6r\u00fcnt\u00fcle <a href=\"\/wp-content\/uploads\/2023\/07\/Vanguard-Corp-Responsibilty-Graphics-July-2023-1.pdf\" target=\"_blank\" rel=\"noopener\">kurumsal sosyal sorumluluk yolculu\u011fu yol haritas\u0131<\/a><\/p>\n<\/div>\n<\/div>\n<div id=\"div_block-74-14\" class=\"ct-div-block\" ><img decoding=\"async\"  id=\"image-75-14\" alt=\"\" src=\"https:\/\/www.vanguardhealthcare.co.uk\/wp-content\/uploads\/2023\/07\/Social-Responsibility.jpg\" class=\"ct-image\"\/><\/div>\n<\/div>\n<\/div>\n<\/section>\n<section id=\"section-88-34-blue\" class=\"ct-section\" >\n<div class=\"ct-section-inner-wrap\">\n<div id=\"new_columns-89-34-blue\" class=\"ct-new-columns\" >\n<div id=\"div_block-94-34\" class=\"ct-div-block\" ><img decoding=\"async\"  id=\"image-95-34\" alt=\"\" src=\"https:\/\/www.vanguardhealthcare.co.uk\/wp-content\/uploads\/2023\/05\/Staffed-operating-theatre1.jpg\" class=\"ct-image\"\/><\/div>\n<div id=\"div_block-90-34\" class=\"ct-div-block\" >\n<h2 id=\"headline-91-34\" class=\"ct-headline\">Y\u00fcklenicilerimiz ve tedarik zinciri y\u00f6netimi<\/h2>\n<div id=\"_rich_text-92-34\" class=\"oxy-rich-text\" >\n<p>Y\u00fcklenicilerimizin sa\u011fl\u0131k ve g\u00fcvenlik a\u00e7\u0131s\u0131ndan en y\u00fcksek \u00e7al\u0131\u015fma standartlar\u0131n\u0131 kar\u015f\u0131lamalar\u0131n\u0131n yan\u0131 s\u0131ra E\u015fitlik Yasas\u0131 gibi ilgili yasal ve d\u00fczenlilik gerekliliklerine uymalar\u0131n\u0131 sa\u011fl\u0131yoruz ve <a href=\"..\/modern-k\u00f6lelik-ve-insan ka\u00e7ak\u00e7\u0131l\u0131\u011f\u0131-beyan\u0131\/\">Modern K\u00f6lelik ve \u0130nsan Ticareti Yasas\u0131<\/a>.&nbsp;<\/p>\n<p>Eski Devlet Ticaret Ofisi&#039;nin rehberli\u011finde ve \u0130n\u015faat 2025 ilkelerinde belirtildi\u011fi gibi adil \u00f6deme uygulamalar\u0131na ba\u011fl\u0131y\u0131z:&nbsp;<\/p>\n<ul>\n<li>\u00d6deme prosed\u00fcrlerinde \u015feffafl\u0131k&nbsp;<\/li>\n<li>Kilometre ta\u015flar\u0131na g\u00f6re \u00f6demelerin onaylanmas\u0131&nbsp;<\/li>\n<li>S\u00fcresi ve nedeni ile birlikte saklanan tutarlar.&nbsp;<\/li>\n<\/ul>\n<p>D\u00fc\u015f\u00fcnceli Y\u00fckleniciler Program\u0131n\u0131n akredite bir \u00fcyesiyiz ve de\u011ferli ortaklardan olu\u015fan bir tedarik zinciri arac\u0131l\u0131\u011f\u0131yla faaliyet g\u00f6steriyoruz.&nbsp;<\/p>\n<\/div>\n<\/div>\n<\/div>\n<\/div>\n<\/section>\n<section id=\"section-68-14-text-left-white\" class=\"ct-section\" >\n<div class=\"ct-section-inner-wrap\">\n<div id=\"new_columns-69-14text-left-white\" class=\"ct-new-columns\" >\n<div id=\"div_block-70-14\" class=\"ct-div-block\" >\n<h2 id=\"headline-71-14\" class=\"ct-headline\">Y\u00f6netim<\/h2>\n<div id=\"_rich_text-72-14\" class=\"oxy-rich-text\" >\n<p>Vanguard&#039;nin s\u0131k\u0131 y\u00f6netim politikalar\u0131 g\u00fcvenli\u011fi ve uyumlulu\u011fu destekler. Hastalar\u0131m\u0131z\u0131n, m\u00fc\u015fterilerimizin ve personelimizin g\u00fcvenli\u011fi yapt\u0131\u011f\u0131m\u0131z her \u015feyin merkezindedir. Y\u00f6neti\u015fim sistemimiz sa\u011flam olacak ve s\u00fcrekli iyile\u015ftirme sa\u011flayacak \u015fekilde tasarlanm\u0131\u015ft\u0131r.<\/p>\n<p>Aktif entegre y\u00f6neti\u015fim politikam\u0131z, g\u00fcvenli ve uyumlu bir hizmetin sunulmas\u0131n\u0131 desteklemek \u00fczere tasarlanm\u0131\u015ft\u0131r. Bu politikay\u0131 denetleriz ve sonu\u00e7lar\u0131n\u0131 kurulu\u015fumuzun her seviyesinde izleriz. \u0130\u015flerin planland\u0131\u011f\u0131 gibi gitmedi\u011fi nadir durumlarda, bunlar\u0131 d\u00fczeltir ve \u00f6\u011frendiklerimizi gelecekteki hizmetlerimizi geli\u015ftirmek i\u00e7in kullan\u0131r\u0131z.<\/p>\n<p>Her t\u00fcrl\u00fc klinik sorunu tan\u0131mlay\u0131p ele almak ve t\u00fcm riskleri ele almak i\u00e7in s\u0131k\u0131 bir kalite s\u00fcreci mevcuttur. Bu, sa\u011flanan hizmetleri izlemek ve kontrol etmek i\u00e7in hem i\u00e7 hem de d\u0131\u015f denetim s\u00fcre\u00e7lerini i\u00e7erir.<\/p>\n<\/div>\n<\/div>\n<div id=\"div_block-74-14\" class=\"ct-div-block\" ><img decoding=\"async\"  id=\"image-75-14\" alt=\"\" src=\"https:\/\/www.vanguardhealthcare.co.uk\/wp-content\/uploads\/2023\/07\/Governance.jpg\" class=\"ct-image\"\/><\/div>\n<\/div>\n<\/div>\n<\/section>","protected":false},"excerpt":{"rendered":"","protected":false},"author":2,"featured_media":0,"parent":0,"menu_order":0,"comment_status":"closed","ping_status":"closed","template":"","meta":{"_acf_changed":false,"footnotes":""},"class_list":["post-209","page","type-page","status-publish","format-standard","hentry"],"acf":[],"yoast_head":"<!-- This site is optimized with the Yoast SEO plugin v27.4 - https:\/\/yoast.com\/product\/yoast-seo-wordpress\/ -->\n<title>Environment - Vanguard Healthcare Solutions<\/title>\n<meta name=\"robots\" content=\"index, follow, max-snippet:-1, max-image-preview:large, max-video-preview:-1\" \/>\n<link rel=\"canonical\" href=\"https:\/\/www.vanguardhealthcare.co.uk\/tr_tr\/environment\/\" \/>\n<meta property=\"og:locale\" content=\"tr_TR\" \/>\n<meta property=\"og:type\" content=\"article\" \/>\n<meta property=\"og:title\" content=\"Environment - Vanguard Healthcare Solutions\" \/>\n<meta property=\"og:url\" content=\"https:\/\/www.vanguardhealthcare.co.uk\/tr_tr\/environment\/\" \/>\n<meta property=\"og:site_name\" content=\"Vanguard Healthcare Solutions\" \/>\n<meta property=\"article:modified_time\" content=\"2026-01-13T14:37:46+00:00\" \/>\n<meta name=\"twitter:card\" content=\"summary_large_image\" \/>\n<meta name=\"twitter:label1\" content=\"Tahmini okuma s\u00fcresi\" \/>\n\t<meta name=\"twitter:data1\" content=\"1 dakika\" \/>\n<script type=\"application\/ld+json\" class=\"yoast-schema-graph\">{\"@context\":\"https:\\\/\\\/schema.org\",\"@graph\":[{\"@type\":\"WebPage\",\"@id\":\"https:\\\/\\\/www.vanguardhealthcare.co.uk\\\/environment\\\/\",\"url\":\"https:\\\/\\\/www.vanguardhealthcare.co.uk\\\/environment\\\/\",\"name\":\"Environment - Vanguard Healthcare Solutions\",\"isPartOf\":{\"@id\":\"https:\\\/\\\/www.vanguardhealthcare.co.uk\\\/#website\"},\"datePublished\":\"2023-06-14T14:38:36+00:00\",\"dateModified\":\"2026-01-13T14:37:46+00:00\",\"breadcrumb\":{\"@id\":\"https:\\\/\\\/www.vanguardhealthcare.co.uk\\\/environment\\\/#breadcrumb\"},\"inLanguage\":\"tr\",\"potentialAction\":[{\"@type\":\"ReadAction\",\"target\":[\"https:\\\/\\\/www.vanguardhealthcare.co.uk\\\/environment\\\/\"]}]},{\"@type\":\"BreadcrumbList\",\"@id\":\"https:\\\/\\\/www.vanguardhealthcare.co.uk\\\/environment\\\/#breadcrumb\",\"itemListElement\":[{\"@type\":\"ListItem\",\"position\":1,\"name\":\"Home\",\"item\":\"https:\\\/\\\/www.vanguardhealthcare.co.uk\\\/\"},{\"@type\":\"ListItem\",\"position\":2,\"name\":\"Environment\"}]},{\"@type\":\"WebSite\",\"@id\":\"https:\\\/\\\/www.vanguardhealthcare.co.uk\\\/#website\",\"url\":\"https:\\\/\\\/www.vanguardhealthcare.co.uk\\\/\",\"name\":\"Vanguard Healthcare Solutions\",\"description\":\"\",\"potentialAction\":[{\"@type\":\"SearchAction\",\"target\":{\"@type\":\"EntryPoint\",\"urlTemplate\":\"https:\\\/\\\/www.vanguardhealthcare.co.uk\\\/?s={search_term_string}\"},\"query-input\":{\"@type\":\"PropertyValueSpecification\",\"valueRequired\":true,\"valueName\":\"search_term_string\"}}],\"inLanguage\":\"tr\"}]}<\/script>\n<!-- \/ Yoast SEO plugin. -->","yoast_head_json":{"title":"\u00c7evre - Vanguard Sa\u011fl\u0131k \u00c7\u00f6z\u00fcmleri","robots":{"index":"index","follow":"follow","max-snippet":"max-snippet:-1","max-image-preview":"max-image-preview:large","max-video-preview":"max-video-preview:-1"},"canonical":"https:\/\/www.vanguardhealthcare.co.uk\/tr_tr\/environment\/","og_locale":"tr_TR","og_type":"article","og_title":"Environment - Vanguard Healthcare Solutions","og_url":"https:\/\/www.vanguardhealthcare.co.uk\/tr_tr\/environment\/","og_site_name":"Vanguard Healthcare Solutions","article_modified_time":"2026-01-13T14:37:46+00:00","twitter_card":"summary_large_image","twitter_misc":{"Tahmini okuma s\u00fcresi":"1 dakika"},"schema":{"@context":"https:\/\/schema.org","@graph":[{"@type":"WebPage","@id":"https:\/\/www.vanguardhealthcare.co.uk\/environment\/","url":"https:\/\/www.vanguardhealthcare.co.uk\/environment\/","name":"\u00c7evre - Vanguard Sa\u011fl\u0131k \u00c7\u00f6z\u00fcmleri","isPartOf":{"@id":"https:\/\/www.vanguardhealthcare.co.uk\/#website"},"datePublished":"2023-06-14T14:38:36+00:00","dateModified":"2026-01-13T14:37:46+00:00","breadcrumb":{"@id":"https:\/\/www.vanguardhealthcare.co.uk\/environment\/#breadcrumb"},"inLanguage":"tr","potentialAction":[{"@type":"ReadAction","target":["https:\/\/www.vanguardhealthcare.co.uk\/environment\/"]}]},{"@type":"BreadcrumbList","@id":"https:\/\/www.vanguardhealthcare.co.uk\/environment\/#breadcrumb","itemListElement":[{"@type":"ListItem","position":1,"name":"Home","item":"https:\/\/www.vanguardhealthcare.co.uk\/"},{"@type":"ListItem","position":2,"name":"Environment"}]},{"@type":"WebSite","@id":"https:\/\/www.vanguardhealthcare.co.uk\/#website","url":"https:\/\/www.vanguardhealthcare.co.uk\/","name":"Vanguard Sa\u011fl\u0131k \u00c7\u00f6z\u00fcmleri","description":"","potentialAction":[{"@type":"SearchAction","target":{"@type":"EntryPoint","urlTemplate":"https:\/\/www.vanguardhealthcare.co.uk\/?s={search_term_string}"},"query-input":{"@type":"PropertyValueSpecification","valueRequired":true,"valueName":"search_term_string"}}],"inLanguage":"tr"}]}},"_links":{"self":[{"href":"https:\/\/www.vanguardhealthcare.co.uk\/tr_tr\/wp-json\/wp\/v2\/pages\/209","targetHints":{"allow":["GET"]}}],"collection":[{"href":"https:\/\/www.vanguardhealthcare.co.uk\/tr_tr\/wp-json\/wp\/v2\/pages"}],"about":[{"href":"https:\/\/www.vanguardhealthcare.co.uk\/tr_tr\/wp-json\/wp\/v2\/types\/page"}],"author":[{"embeddable":true,"href":"https:\/\/www.vanguardhealthcare.co.uk\/tr_tr\/wp-json\/wp\/v2\/users\/2"}],"replies":[{"embeddable":true,"href":"https:\/\/www.vanguardhealthcare.co.uk\/tr_tr\/wp-json\/wp\/v2\/comments?post=209"}],"version-history":[{"count":0,"href":"https:\/\/www.vanguardhealthcare.co.uk\/tr_tr\/wp-json\/wp\/v2\/pages\/209\/revisions"}],"wp:attachment":[{"href":"https:\/\/www.vanguardhealthcare.co.uk\/tr_tr\/wp-json\/wp\/v2\/media?parent=209"}],"curies":[{"name":"wp","href":"https:\/\/api.w.org\/{rel}","templated":true}]}}