{"id":143,"date":"2023-06-05T15:04:05","date_gmt":"2023-06-05T15:04:05","guid":{"rendered":"https:\/\/www.vanguardhealthcare.co.uk\/?page_id=143"},"modified":"2025-09-18T15:57:19","modified_gmt":"2025-09-18T15:57:19","slug":"careers","status":"publish","type":"page","link":"https:\/\/www.vanguardhealthcare.co.uk\/tr_tr\/careers\/","title":{"rendered":"kariyer"},"content":{"rendered":"<section id=\"section-2-14\" class=\"ct-section\" >\n<div class=\"ct-section-inner-wrap\">\n<div id=\"new_columns-3-14\" class=\"ct-new-columns\" >\n<div id=\"div_block-4-14\" class=\"ct-div-block\" >\n<div id=\"div_block-21-223\" class=\"ct-div-block\" ><a id=\"link_text-13-223\" class=\"ct-link-text\" href=\"\/tr_tr\/\" target=\"_self\"  >Ev<\/a><a id=\"link_text-25-223\" class=\"ct-link-text\" href=\"http:\/\/\" target=\"_self\"  >&gt;<\/a><\/p>\n<div id=\"text_block-26-223\" class=\"ct-text-block\" ><span id=\"span-27-223\" class=\"ct-span\" >kariyer<\/span><\/div>\n<\/div>\n<div id=\"div_block-17-223\" class=\"ct-div-block\" >\n<h1 id=\"headline-5-14\" class=\"ct-headline\">Birle\u015fik Krall\u0131k&#039;ta geni\u015fleyen bir ekibin par\u00e7as\u0131 olun<\/h1>\n<\/div>\n<\/div>\n<div id=\"div_block-9-14\" class=\"ct-div-block\" ><link rel='stylesheet' id='oxygen-unslider-css'  href='https:\/\/www.vanguardhealthcare.co.uk\/wp-content\/plugins\/oxygen\/component-framework\/vendor\/unslider\/unslider.css' type='text\/css' media='all'\/>\n<div id=\"slider-88-14\" class=\"ct-slider ct_unique_slider_6099\" >\n<div class=\"oxygen-unslider-container\">\n<ul>\n<li>\n<div id=\"slide-89-14\" class=\"ct-slide\" ><img decoding=\"async\"  id=\"image-96-14\" alt=\"\" src=\"https:\/\/www.vanguardhealthcare.co.uk\/wp-content\/uploads\/2023\/07\/clinical-team-celebration-2-scaled.jpg\" class=\"ct-image\"\/><\/div>\n<\/li>\n<li>\n<div id=\"slide-101-14\" class=\"ct-slide\" ><img decoding=\"async\"  id=\"image-102-14\" alt=\"\" src=\"https:\/\/www.vanguardhealthcare.co.uk\/wp-content\/uploads\/2023\/07\/team-6-1.jpg\" class=\"ct-image\"\/><\/div>\n<\/li>\n<\/ul>\n<\/div>\n<\/div>\n<p><script class=\"ct-slider-script\">jQuery(document).ready(function($){$('#slider-88-14.ct_unique_slider_6099 .oxygen-unslider-container:not(.unslider-horizontal,.unslider-fade)').unslider({autoplay: true, delay: 3000, animation: 'horizontal', speed : 750, arrows: true, nav: false, infinite: true})});<\/script><\/div>\n<\/div>\n<\/div>\n<\/section>\n<section id=\"section-68-14-text-left-white\" class=\"ct-section\" >\n<div class=\"ct-section-inner-wrap\">\n<div id=\"new_columns-69-14text-left-white\" class=\"ct-new-columns\" >\n<div id=\"div_block-70-14\" class=\"ct-div-block\" >\n<h2 id=\"headline-71-14\" class=\"ct-headline\">Bizim i\u00e7in \u00e7al\u0131\u015fmak nas\u0131l bir \u015fey<\/h2>\n<div id=\"_rich_text-72-14\" class=\"oxy-rich-text\" >\n<p dir=\"ltr\">\u00c7al\u0131\u015fanlar\u0131m\u0131za de\u011fer veriyoruz ve onlar\u0131n geli\u015fmesi i\u00e7in destekleyici bir ortam sa\u011fl\u0131yoruz.&nbsp;<\/p>\n<p dir=\"ltr\">Pandemiden bu yana esnek bir \u015fekilde \u00e7al\u0131\u015fmaya devam ettik ve geleneksel ofis tabanl\u0131 destek rollerimizin \u00e7o\u011fu i\u00e7in hibrit \u00e7al\u0131\u015fman\u0131n olumlu dengesinin fark\u0131nday\u0131z.<\/p>\n<p dir=\"ltr\">Destekleyici ve \u015fefkatli bir ekibiz ve \u00e7al\u0131\u015fan n\u00fcfusumuz genelinde ruh sa\u011fl\u0131\u011f\u0131 konusunda ilk yard\u0131m g\u00f6revlilerini e\u011fittik ve refah\u0131m\u0131z\u0131 destekleyen bir dizi fayda sa\u011flad\u0131k.<\/p>\n<p dir=\"ltr\">\u00d6\u011frenmeyi seviyoruz ve i\u015f genelinde geli\u015fimi destekliyoruz. Her y\u0131l profesyonel \u00fcyelikler i\u00e7in geri \u00f6deme sa\u011fl\u0131yoruz ve bir\u00e7ok ekip \u00fcyemizi kariyer geli\u015fimlerinin bir par\u00e7as\u0131 olarak profesyonel \u00e7al\u0131\u015fmalarla destekliyoruz.&nbsp;<\/p>\n<p dir=\"ltr\">Uluslararas\u0131 alanda 150&#039;den fazla meslekta\u015ftan olu\u015fan ve h\u0131zla b\u00fcy\u00fcyen bir ekiple, de\u011ferlerimiz dahili ve harici m\u00fc\u015fterilerimizle nas\u0131l i\u015f yapt\u0131\u011f\u0131m\u0131z\u0131 tan\u0131mlar: Hasta odakl\u0131; Yenilik\u00e7i; Duyarl\u0131; Tutkulu; Tak\u0131m \u00e7al\u0131\u015fmas\u0131.<\/p>\n<p dir=\"ltr\">2023 kat\u0131l\u0131m anketi sonu\u00e7lar\u0131m\u0131z, \u00e7al\u0131\u015fanlar\u0131m\u0131za olan ba\u011fl\u0131l\u0131\u011f\u0131m\u0131z\u0131 g\u00f6steriyor. <strong>82% olumlu kat\u0131l\u0131m<\/strong> i\u015f genelinde.<\/p>\n<p dir=\"ltr\">\u00dczerinde <strong>90%<\/strong> Birle\u015fik Krall\u0131k&#039;taki \u00e7al\u0131\u015fan n\u00fcfusumuzun y\u00fczde 10&#039;unun \u015funu s\u00f6yledi <em>\u201cArkada\u015flar\u0131ma ve aileme burada \u00e7al\u0131\u015fmay\u0131 tavsiye ederim\u201d<\/em> Ve <strong>98%<\/strong> Klinik pop\u00fclasyonumuzun s\u00f6yledi\u011fine g\u00f6re <em>\u201c12 ay sonra burada \u00e7al\u0131\u015fmak istiyorum\u201d<\/em>.<\/p>\n<\/div>\n<\/div>\n<div id=\"div_block-74-14\" class=\"ct-div-block\" ><img decoding=\"async\"  id=\"image-75-14\" alt=\"\" src=\"https:\/\/www.vanguardhealthcare.co.uk\/wp-content\/uploads\/2023\/07\/clinical-team-celebration-3.jpg\" class=\"ct-image\"\/><\/div>\n<\/div>\n<\/div>\n<\/section>\n<section id=\"section-2-802\" class=\"ct-section\" style=\"background-image:linear-gradient(rgba(0,73,131,0.73), rgba(0,73,131,0.73)), url(https:\/\/www.vanguardhealthcare.co.uk\/wp-content\/uploads\/2023\/05\/boulders-right.png);background-size:auto,  auto;\" >\n<div class=\"ct-section-inner-wrap\">\n<div id=\"div_block-3-802\" class=\"ct-div-block\" >\n<div id=\"text_block-5-802\" class=\"ct-text-block\" >Halk\u0131m\u0131z\u0131n Vizyonu:<\/div>\n<div id=\"_rich_text-4-802\" class=\"oxy-rich-text\" >\n<p>\u00c7al\u0131\u015fanlar\u0131m\u0131z\u0131n ola\u011fan\u00fcst\u00fc sonu\u00e7lar elde etmesini sa\u011flamak. Bunu, \u00f6zg\u00fcn ve \u015fefkatli liderlikle desteklenen, g\u00fc\u00e7l\u00fc ve \u00e7evik ekipler olu\u015fturarak ve b\u00fcy\u00fcme i\u00e7in kapsay\u0131c\u0131 bir ortam sa\u011flayarak yap\u0131yoruz.<\/p>\n<\/div>\n<\/div>\n<\/div>\n<\/section>\n<section id=\"text-left-blue\" class=\"ct-section\" >\n<div class=\"ct-section-inner-wrap\">\n<div id=\"new_columns-107-34-blue\" class=\"ct-new-columns\" >\n<div id=\"div_block-108-34\" class=\"ct-div-block\" >\n<h2 id=\"headline-109-34\" class=\"ct-headline\">Avantajlar\u0131m\u0131z<\/h2>\n<div id=\"_rich_text-110-34\" class=\"oxy-rich-text\" >\n<p>Rekabet\u00e7i maa\u015f paketleri sunuyoruz ve t\u00fcm rollerimiz a\u015fa\u011f\u0131daki avantajlara sahiptir:<\/p>\n<p dir=\"ltr\"><strong>Ya\u015fam tarz\u0131&nbsp;<\/strong><\/p>\n<ul>\n<li dir=\"ltr\">\n<p dir=\"ltr\" role=\"presentation\">5 haftal\u0131k y\u0131ll\u0131k izin (Birle\u015fik Krall\u0131k resmi tatillerine ek olarak)<\/p>\n<\/li>\n<li dir=\"ltr\">\n<p dir=\"ltr\" role=\"presentation\">\u0130lave 1 haftal\u0131k y\u0131ll\u0131k izin alma\/satma opsiyonu<\/p>\n<\/li>\n<li dir=\"ltr\">\n<p dir=\"ltr\" role=\"presentation\">\u00c7al\u0131\u015fan \u0130ndirim Program\u0131 \u2013 perakende, sa\u011fl\u0131k, e\u011flence ve ya\u015fam tarz\u0131 sa\u011flay\u0131c\u0131lar\u0131 i\u00e7in \u00e7evrimi\u00e7i indirim plan\u0131<\/p>\n<\/li>\n<li dir=\"ltr\">\n<p dir=\"ltr\" role=\"presentation\">\u015eirket emeklili\u011fi (5% \u015firket katk\u0131s\u0131 ve 5% \u00e7al\u0131\u015fan katk\u0131s\u0131, istenildi\u011fi zaman art\u0131r\u0131labilir)<\/p>\n<\/li>\n<\/ul>\n<\/div>\n<\/div>\n<div id=\"div_block-112-34\" class=\"ct-div-block\" ><img decoding=\"async\"  id=\"image-113-34\" alt=\"\" src=\"https:\/\/www.vanguardhealthcare.co.uk\/wp-content\/uploads\/2023\/07\/team-7-1.jpg\" class=\"ct-image\"\/><\/div>\n<\/div>\n<\/div>\n<\/section>\n<section id=\"section-88-34-blue2\" class=\"ct-section\" >\n<div class=\"ct-section-inner-wrap\">\n<div id=\"new_columns-13-665\" class=\"ct-new-columns\" >\n<div id=\"div_block-14-665\" class=\"ct-div-block\" >\n<div id=\"_rich_text-18-665\" class=\"oxy-rich-text\" >\n<p dir=\"ltr\"><strong>Refah<\/strong><\/p>\n<ul>\n<li dir=\"ltr\">\n<p dir=\"ltr\" role=\"presentation\">Geli\u015ftirilmi\u015f \u015eirket hastal\u0131k izni&nbsp;<\/p>\n<\/li>\n<li dir=\"ltr\">Geli\u015ftirilmi\u015f Annelik, Babal\u0131k, Evlat Edinme ve Ortak Ebeveyn \u0130zni \u00dccretleri<\/li>\n<li dir=\"ltr\">\n<p dir=\"ltr\" role=\"presentation\">Grip a\u015f\u0131s\u0131 tazminat\u0131&nbsp;<\/p>\n<\/li>\n<li dir=\"ltr\">\n<p dir=\"ltr\" role=\"presentation\">T\u0131bbi harcamalar i\u00e7in nakit iadesi, sa\u011fl\u0131k taramas\u0131 ve alternatif tedaviler dahil olmak \u00fczere Paycare arac\u0131l\u0131\u011f\u0131yla sa\u011fl\u0131k nakit plan\u0131<\/p>\n<\/li>\n<li dir=\"ltr\">\n<p dir=\"ltr\" role=\"presentation\">D\u00fcnya \u00e7ap\u0131nda kapsam ve \u00f6zel re\u00e7ete hizmetiyle GP&#039;ye 7\/24 eri\u015fim<\/p>\n<\/li>\n<li dir=\"ltr\">\n<p dir=\"ltr\" role=\"presentation\">Gizli dan\u0131\u015fmanl\u0131k ve yard\u0131m hatt\u0131 hizmeti de dahil olmak \u00fczere \u00c7al\u0131\u015fan Yard\u0131m Program\u0131<\/p>\n<\/li>\n<li dir=\"ltr\">\n<p dir=\"ltr\" role=\"presentation\">Hayat sigortas\u0131 (y\u0131ll\u0131k maa\u015f\u0131n 4 kat\u0131 kadar)&nbsp;<\/p>\n<\/li>\n<li dir=\"ltr\">\n<p dir=\"ltr\" role=\"presentation\">\u0130\u015fe ge\u00e7i\u015f \u015femas\u0131<\/p>\n<\/li>\n<li dir=\"ltr\">Tusker Araba Plan\u0131 - \u00e7al\u0131\u015fanlar\u0131n maa\u015flar\u0131ndan kesilen sabit bir ayl\u0131k maliyet kar\u015f\u0131l\u0131\u011f\u0131nda yepyeni, tam sigortal\u0131 ve bak\u0131ml\u0131 bir araba kullanmalar\u0131na olanak sa\u011flayan bir maa\u015f fedakarl\u0131\u011f\u0131 avantaj\u0131.<\/li>\n<li dir=\"ltr\">YellowNest - ebeveynlerin \u00e7ocuk bak\u0131m\u0131 \u00fccretlerinden tasarruf etmelerini sa\u011flamak i\u00e7in tasarlanm\u0131\u015f bir maa\u015f kesintisi yard\u0131m\u0131<\/li>\n<li dir=\"ltr\">\n<p dir=\"ltr\" role=\"presentation\">\u0130\u015f Sa\u011fl\u0131\u011f\u0131 hizmeti<\/p>\n<\/li>\n<li dir=\"ltr\">\n<p dir=\"ltr\" role=\"presentation\">Kurulu\u015f genelinde e\u011fitimli Ruh Sa\u011fl\u0131\u011f\u0131 \u0130lk Yard\u0131mc\u0131lar\u0131 arac\u0131l\u0131\u011f\u0131yla Ruh Sa\u011fl\u0131\u011f\u0131 \u0130lk Yard\u0131m\u0131<\/p>\n<\/li>\n<\/ul>\n<p dir=\"ltr\"><strong>Geli\u015fim<\/strong><\/p>\n<ul>\n<li dir=\"ltr\">\n<p dir=\"ltr\" role=\"presentation\">Y\u0131ll\u0131k mesleki \u00fcyelik \u00fccretlerinin geri \u00f6denmesi<\/p>\n<\/li>\n<li dir=\"ltr\">\n<p dir=\"ltr\" role=\"presentation\">Kariyer geli\u015fiminin bir par\u00e7as\u0131 olarak Profesyonel \u00c7al\u0131\u015fma Deste\u011fi<\/p>\n<\/li>\n<\/ul>\n<p>&nbsp;<\/p>\n<p>Vanguard Mod\u00fcler i\u015fimize kat\u0131l\u0131yorsan\u0131z, avantaj paketiniz g\u00f6r\u00fc\u015fmede tart\u0131\u015f\u0131lacakt\u0131r.<\/p>\n<\/div>\n<\/div>\n<div id=\"div_block-16-665\" class=\"ct-div-block\" >\n<div id=\"_rich_text-19-665\" class=\"oxy-rich-text\" >\n<p dir=\"ltr\"><strong>\u00c7al\u0131\u015fan tan\u0131ma<\/strong><\/p>\n<p dir=\"ltr\">\u00c7al\u0131\u015fanlar\u0131m\u0131z\u0131 d\u00fczenli olarak a\u015fa\u011f\u0131daki tan\u0131ma faaliyetleriyle tan\u0131yoruz:<\/p>\n<ul>\n<li dir=\"ltr\">\n<p dir=\"ltr\" role=\"presentation\">Uzun hizmet tan\u0131ma<\/p>\n<\/li>\n<li dir=\"ltr\">\n<p dir=\"ltr\" role=\"presentation\">Vanguard de\u011fer \u00f6d\u00fclleri<\/p>\n<\/li>\n<li dir=\"ltr\">\n<p dir=\"ltr\" role=\"presentation\">\u00c7al\u0131\u015fan kutlama etkinlikleri<\/p>\n<\/li>\n<\/ul>\n<p dir=\"ltr\"><strong>\u00c7evresel, Sosyal ve Y\u00f6neti\u015fim<\/strong><\/p>\n<ul>\n<li dir=\"ltr\">\n<p dir=\"ltr\" role=\"presentation\">Ekip \u00fcyelerine, ESG&#039;mizi ve taahh\u00fctlerimizi destekleyen g\u00f6n\u00fcll\u00fcl\u00fck g\u00fcnleri (1 \u2013 3 g\u00fcn \u00fccretli) dahil olmak \u00fczere faaliyet ve giri\u015fimlere kat\u0131lma f\u0131rsatlar\u0131 sunuyoruz.<\/p>\n<\/li>\n<\/ul>\n<p dir=\"ltr\"><strong>A\u015fa\u011f\u0131daki avantajlar role ba\u011fl\u0131d\u0131r:<\/strong><\/p>\n<ul>\n<li dir=\"ltr\">\n<p dir=\"ltr\" role=\"presentation\">\u015eirket arabas\u0131 veya araba \u00f6dene\u011fi<\/p>\n<\/li>\n<li dir=\"ltr\">\n<p dir=\"ltr\" role=\"presentation\">Hibrit \u00e7al\u0131\u015fma&nbsp;<\/p>\n<\/li>\n<li dir=\"ltr\">\n<p dir=\"ltr\" role=\"presentation\">\u00dccretsiz otopark \u2013 elektrikli ara\u00e7 \u015farj noktalar\u0131 da dahil olmak \u00fczere tesis b\u00fcnyesinde otopark<\/p>\n<\/li>\n<li dir=\"ltr\">\n<p dir=\"ltr\" role=\"presentation\">Seyahat ve konaklama masraflar\u0131<\/p>\n<\/li>\n<\/ul>\n<\/div>\n<\/div>\n<\/div>\n<\/div>\n<\/section>\n<section id=\"section-68-14-text-left-white\" class=\"ct-section\" >\n<div class=\"ct-section-inner-wrap\">\n<div id=\"new_columns-69-14text-left-white\" class=\"ct-new-columns\" >\n<div id=\"div_block-70-14\" class=\"ct-div-block\" >\n<h2 id=\"headline-71-14\" class=\"ct-headline\">Degerlerimiz<\/h2>\n<div id=\"_rich_text-72-14\" class=\"oxy-rich-text\" >\n<p dir=\"ltr\">\u00c7al\u0131\u015fanlar\u0131m\u0131z taraf\u0131ndan se\u00e7ilen de\u011ferlerimiz yapt\u0131\u011f\u0131m\u0131z her \u015feyin temelini olu\u015fturur.<\/p>\n<p dir=\"ltr\">Kapasiteyi geni\u015fletmek, klinik yolu kontrol etmek ve kesintisiz hasta odakl\u0131 bak\u0131m sa\u011flamak i\u00e7in gereken h\u0131zda klinik altyap\u0131 ve bilgi sa\u011fl\u0131yoruz.<\/p>\n<p dir=\"ltr\">Vanguard Sa\u011fl\u0131k \u00c7\u00f6z\u00fcmleri de\u011ferlerine, t\u00fcm ekibimizin kat\u0131l\u0131m\u0131n\u0131 i\u00e7eren bir dan\u0131\u015fmanl\u0131k kat\u0131l\u0131m program\u0131 arac\u0131l\u0131\u011f\u0131yla karar verildi. S\u00fcre\u00e7lerimiz, \u00fcr\u00fcnlerimiz, hizmetlerimiz ve hem i\u00e7 hem de d\u0131\u015f m\u00fc\u015fterilerle olan etkile\u015fimlerimiz arac\u0131l\u0131\u011f\u0131yla bu de\u011ferleri temsil etmeye kararl\u0131y\u0131z.<\/p>\n<p dir=\"ltr\">A\u015fa\u011f\u0131daki de\u011ferler fikir birli\u011fi ile se\u00e7ilmi\u015ftir. D\u0131\u015f payda\u015flara ve hizmet verdi\u011fimiz daha geni\u015f hasta toplulu\u011funa kalite ve de\u011fer sa\u011flamay\u0131 sa\u011flama y\u00f6ntemlerimizi en iyi \u015fekilde ifade ederler.<\/p>\n<\/div>\n<\/div>\n<div id=\"div_block-74-14\" class=\"ct-div-block\" ><img decoding=\"async\"  id=\"image-75-14\" alt=\"\" src=\"https:\/\/www.vanguardhealthcare.co.uk\/wp-content\/uploads\/2023\/07\/nhs-75-2.jpg\" class=\"ct-image\"\/><\/div>\n<\/div>\n<\/div>\n<\/section>\n<section id=\"section-2-149\" class=\"ct-section\" >\n<div class=\"ct-section-inner-wrap\">\n<div id=\"div_block-5-149\" class=\"ct-div-block\" >\n<div id=\"div_block-10-149\" class=\"ct-div-block\" ><img decoding=\"async\"  id=\"image-11-149\" alt=\"Passionate\" src=\"https:\/\/www.vanguardhealthcare.co.uk\/wp-content\/uploads\/2023\/06\/passionate.png\" class=\"ct-image\"\/><\/p>\n<div id=\"text_block-12-149\" class=\"ct-text-block\" >Tutkulu<\/div>\n<\/div>\n<\/div>\n<div id=\"div_block-6-149\" class=\"ct-div-block\" >\n<div id=\"div_block-13-149\" class=\"ct-div-block\" ><img decoding=\"async\"  id=\"image-14-149\" alt=\"Patient focussed\" src=\"https:\/\/www.vanguardhealthcare.co.uk\/wp-content\/uploads\/2023\/06\/patient-focussed.png\" class=\"ct-image\"\/><\/p>\n<div id=\"text_block-15-149\" class=\"ct-text-block\" >Hasta odakl\u0131<\/div>\n<\/div>\n<\/div>\n<div id=\"div_block-7-149\" class=\"ct-div-block\" >\n<div id=\"div_block-17-149\" class=\"ct-div-block\" ><img decoding=\"async\"  id=\"image-18-149\" alt=\"Responsive\" src=\"https:\/\/www.vanguardhealthcare.co.uk\/wp-content\/uploads\/2023\/06\/responsive.png\" class=\"ct-image\"\/><\/p>\n<div id=\"text_block-19-149\" class=\"ct-text-block\" >duyarl\u0131<\/div>\n<\/div>\n<\/div>\n<div id=\"div_block-8-149\" class=\"ct-div-block\" >\n<div id=\"div_block-21-149\" class=\"ct-div-block\" ><img decoding=\"async\"  id=\"image-22-149\" alt=\"Teamwork\" src=\"https:\/\/www.vanguardhealthcare.co.uk\/wp-content\/uploads\/2023\/06\/teamwork.png\" class=\"ct-image\"\/><\/p>\n<div id=\"text_block-23-149\" class=\"ct-text-block\" >Tak\u0131m \u00e7al\u0131\u015fmas\u0131<\/div>\n<\/div>\n<\/div>\n<div id=\"div_block-9-149\" class=\"ct-div-block\" >\n<div id=\"div_block-25-149\" class=\"ct-div-block\" ><img decoding=\"async\"  id=\"image-26-149\" alt=\"Innovative\" src=\"https:\/\/www.vanguardhealthcare.co.uk\/wp-content\/uploads\/2023\/06\/innovative.png\" class=\"ct-image\"\/><\/p>\n<div id=\"text_block-27-149\" class=\"ct-text-block\" >Yenilik\u00e7i<\/div>\n<\/div>\n<\/div>\n<\/div>\n<\/section>\n<section id=\"section-132-34\" class=\"ct-section\" >\n<div class=\"ct-section-inner-wrap\">\n<div id=\"new_columns-133-34\" class=\"ct-new-columns\" >\n<div id=\"div_block-138-34\" class=\"ct-div-block\" ><img decoding=\"async\"  id=\"image-139-34\" alt=\"\" src=\"https:\/\/www.vanguardhealthcare.co.uk\/wp-content\/uploads\/2023\/07\/nhs-75-5.jpg\" class=\"ct-image\"\/><\/div>\n<div id=\"div_block-134-34\" class=\"ct-div-block\" >\n<h2 id=\"headline-135-34\" class=\"ct-headline\">Kariyer yolunuzu bulun<\/h2>\n<div id=\"_rich_text-136-34\" class=\"oxy-rich-text\" >\n<p dir=\"ltr\">\u0130ster sab\u0131rl\u0131 bir rolden ho\u015flan\u0131yor olun, ister b\u00fcy\u00fcyen i\u015fimizi destekleyen bir rolden ho\u015flan\u0131yor olun, b\u00fcy\u00fcme hedefimizi ger\u00e7ekle\u015ftirmek i\u00e7in gelece\u011fimizin bir sonraki a\u015famas\u0131na ge\u00e7erken heyecan verici yolculu\u011fumuzda bize kat\u0131lmak i\u00e7in \u00e7e\u015fitli f\u0131rsatlara sahibiz.&nbsp;<\/p>\n<p dir=\"ltr\">De\u011ferlerimize uygun bir ekip olarak birlikte \u00e7al\u0131\u015farak hedeflerimize ula\u015f\u0131r\u0131z.<\/p>\n<p dir=\"ltr\">\u00c7e\u015fitlilik i\u00e7eren ve kapsay\u0131c\u0131 bir i\u015f ortam\u0131na sahip olmay\u0131 ama\u00e7l\u0131yoruz ve geni\u015f bir ge\u00e7mi\u015fe sahip uygun niteliklere sahip ba\u015fvuru sahiplerini ekibimize kat\u0131lmak \u00fczere ba\u015fvurmaya \u015fiddetle te\u015fvik ediyoruz.<\/p>\n<\/div>\n<\/div>\n<\/div>\n<\/div>\n<\/section>","protected":false},"excerpt":{"rendered":"","protected":false},"author":2,"featured_media":0,"parent":0,"menu_order":0,"comment_status":"closed","ping_status":"closed","template":"","meta":{"_acf_changed":false,"footnotes":""},"class_list":["post-143","page","type-page","status-publish","format-standard","hentry"],"acf":[],"yoast_head":"<!-- This site is optimized with the Yoast SEO plugin v27.3 - https:\/\/yoast.com\/product\/yoast-seo-wordpress\/ -->\n<title>Careers - Vanguard Healthcare Solutions<\/title>\n<meta name=\"robots\" content=\"index, follow, max-snippet:-1, max-image-preview:large, max-video-preview:-1\" \/>\n<link rel=\"canonical\" href=\"https:\/\/www.vanguardhealthcare.co.uk\/tr_tr\/careers\/\" \/>\n<meta property=\"og:locale\" content=\"tr_TR\" \/>\n<meta property=\"og:type\" content=\"article\" \/>\n<meta property=\"og:title\" content=\"Careers - Vanguard Healthcare Solutions\" \/>\n<meta property=\"og:url\" content=\"https:\/\/www.vanguardhealthcare.co.uk\/tr_tr\/careers\/\" \/>\n<meta property=\"og:site_name\" content=\"Vanguard Healthcare Solutions\" \/>\n<meta property=\"article:modified_time\" content=\"2025-09-18T15:57:19+00:00\" \/>\n<meta name=\"twitter:card\" content=\"summary_large_image\" \/>\n<meta name=\"twitter:label1\" content=\"Tahmini okuma s\u00fcresi\" \/>\n\t<meta name=\"twitter:data1\" content=\"1 dakika\" \/>\n<script type=\"application\/ld+json\" class=\"yoast-schema-graph\">{\"@context\":\"https:\\\/\\\/schema.org\",\"@graph\":[{\"@type\":\"WebPage\",\"@id\":\"https:\\\/\\\/www.vanguardhealthcare.co.uk\\\/careers\\\/\",\"url\":\"https:\\\/\\\/www.vanguardhealthcare.co.uk\\\/careers\\\/\",\"name\":\"Careers - Vanguard Healthcare Solutions\",\"isPartOf\":{\"@id\":\"https:\\\/\\\/www.vanguardhealthcare.co.uk\\\/#website\"},\"datePublished\":\"2023-06-05T15:04:05+00:00\",\"dateModified\":\"2025-09-18T15:57:19+00:00\",\"breadcrumb\":{\"@id\":\"https:\\\/\\\/www.vanguardhealthcare.co.uk\\\/careers\\\/#breadcrumb\"},\"inLanguage\":\"tr\",\"potentialAction\":[{\"@type\":\"ReadAction\",\"target\":[\"https:\\\/\\\/www.vanguardhealthcare.co.uk\\\/careers\\\/\"]}]},{\"@type\":\"BreadcrumbList\",\"@id\":\"https:\\\/\\\/www.vanguardhealthcare.co.uk\\\/careers\\\/#breadcrumb\",\"itemListElement\":[{\"@type\":\"ListItem\",\"position\":1,\"name\":\"Home\",\"item\":\"https:\\\/\\\/www.vanguardhealthcare.co.uk\\\/\"},{\"@type\":\"ListItem\",\"position\":2,\"name\":\"Careers\"}]},{\"@type\":\"WebSite\",\"@id\":\"https:\\\/\\\/www.vanguardhealthcare.co.uk\\\/#website\",\"url\":\"https:\\\/\\\/www.vanguardhealthcare.co.uk\\\/\",\"name\":\"Vanguard Healthcare Solutions\",\"description\":\"\",\"potentialAction\":[{\"@type\":\"SearchAction\",\"target\":{\"@type\":\"EntryPoint\",\"urlTemplate\":\"https:\\\/\\\/www.vanguardhealthcare.co.uk\\\/?s={search_term_string}\"},\"query-input\":{\"@type\":\"PropertyValueSpecification\",\"valueRequired\":true,\"valueName\":\"search_term_string\"}}],\"inLanguage\":\"tr\"}]}<\/script>\n<!-- \/ Yoast SEO plugin. -->","yoast_head_json":{"title":"Kariyer - Vanguard Sa\u011fl\u0131k \u00c7\u00f6z\u00fcmleri","robots":{"index":"index","follow":"follow","max-snippet":"max-snippet:-1","max-image-preview":"max-image-preview:large","max-video-preview":"max-video-preview:-1"},"canonical":"https:\/\/www.vanguardhealthcare.co.uk\/tr_tr\/careers\/","og_locale":"tr_TR","og_type":"article","og_title":"Careers - Vanguard Healthcare Solutions","og_url":"https:\/\/www.vanguardhealthcare.co.uk\/tr_tr\/careers\/","og_site_name":"Vanguard Healthcare Solutions","article_modified_time":"2025-09-18T15:57:19+00:00","twitter_card":"summary_large_image","twitter_misc":{"Tahmini okuma s\u00fcresi":"1 dakika"},"schema":{"@context":"https:\/\/schema.org","@graph":[{"@type":"WebPage","@id":"https:\/\/www.vanguardhealthcare.co.uk\/careers\/","url":"https:\/\/www.vanguardhealthcare.co.uk\/careers\/","name":"Kariyer - Vanguard Sa\u011fl\u0131k \u00c7\u00f6z\u00fcmleri","isPartOf":{"@id":"https:\/\/www.vanguardhealthcare.co.uk\/#website"},"datePublished":"2023-06-05T15:04:05+00:00","dateModified":"2025-09-18T15:57:19+00:00","breadcrumb":{"@id":"https:\/\/www.vanguardhealthcare.co.uk\/careers\/#breadcrumb"},"inLanguage":"tr","potentialAction":[{"@type":"ReadAction","target":["https:\/\/www.vanguardhealthcare.co.uk\/careers\/"]}]},{"@type":"BreadcrumbList","@id":"https:\/\/www.vanguardhealthcare.co.uk\/careers\/#breadcrumb","itemListElement":[{"@type":"ListItem","position":1,"name":"Home","item":"https:\/\/www.vanguardhealthcare.co.uk\/"},{"@type":"ListItem","position":2,"name":"Careers"}]},{"@type":"WebSite","@id":"https:\/\/www.vanguardhealthcare.co.uk\/#website","url":"https:\/\/www.vanguardhealthcare.co.uk\/","name":"Vanguard Sa\u011fl\u0131k \u00c7\u00f6z\u00fcmleri","description":"","potentialAction":[{"@type":"SearchAction","target":{"@type":"EntryPoint","urlTemplate":"https:\/\/www.vanguardhealthcare.co.uk\/?s={search_term_string}"},"query-input":{"@type":"PropertyValueSpecification","valueRequired":true,"valueName":"search_term_string"}}],"inLanguage":"tr"}]}},"_links":{"self":[{"href":"https:\/\/www.vanguardhealthcare.co.uk\/tr_tr\/wp-json\/wp\/v2\/pages\/143","targetHints":{"allow":["GET"]}}],"collection":[{"href":"https:\/\/www.vanguardhealthcare.co.uk\/tr_tr\/wp-json\/wp\/v2\/pages"}],"about":[{"href":"https:\/\/www.vanguardhealthcare.co.uk\/tr_tr\/wp-json\/wp\/v2\/types\/page"}],"author":[{"embeddable":true,"href":"https:\/\/www.vanguardhealthcare.co.uk\/tr_tr\/wp-json\/wp\/v2\/users\/2"}],"replies":[{"embeddable":true,"href":"https:\/\/www.vanguardhealthcare.co.uk\/tr_tr\/wp-json\/wp\/v2\/comments?post=143"}],"version-history":[{"count":0,"href":"https:\/\/www.vanguardhealthcare.co.uk\/tr_tr\/wp-json\/wp\/v2\/pages\/143\/revisions"}],"wp:attachment":[{"href":"https:\/\/www.vanguardhealthcare.co.uk\/tr_tr\/wp-json\/wp\/v2\/media?parent=143"}],"curies":[{"name":"wp","href":"https:\/\/api.w.org\/{rel}","templated":true}]}}