{"id":8357,"date":"2026-03-03T12:30:31","date_gmt":"2026-03-03T12:30:31","guid":{"rendered":"https:\/\/www.vanguardhealthcare.co.uk\/?page_id=8357"},"modified":"2026-03-03T12:30:32","modified_gmt":"2026-03-03T12:30:32","slug":"working-in-partnership-with-portland-clinical","status":"publish","type":"page","link":"https:\/\/www.vanguardhealthcare.co.uk\/sv_se\/working-in-partnership-with-portland-clinical\/","title":{"rendered":"Samarbete med Portland Clinical"},"content":{"rendered":"<section id=\"section-2-59\" class=\"ct-section\" style=\"background-image:url(https:\/\/www.vanguardhealthcare.co.uk\/wp-content\/uploads\/2023\/05\/boulders-right.png);background-size: auto;\" >\n<div class=\"ct-section-inner-wrap\">\n<div id=\"div_block-8-59\" class=\"ct-div-block\" ><a id=\"link_text-6-59\" class=\"ct-link-text\" href=\"\/sv_se\/\" target=\"_self\"  >Hem<\/a><\/p>\n<h1 id=\"headline-3-59\" class=\"ct-headline\"><span id=\"span-4-59\" class=\"ct-span\" >Samarbete med Portland Clinical<\/span><\/h1>\n<\/div>\n<\/div>\n<\/section>\n<section id=\"section-68-14-text-left-white\" class=\"ct-section\" >\n<div class=\"ct-section-inner-wrap\">\n<div id=\"new_columns-69-14text-left-white\" class=\"ct-new-columns\" >\n<div id=\"div_block-70-14\" class=\"ct-div-block\" >\n<h2 id=\"headline-71-14\" class=\"ct-headline\"><\/h2>\n<div id=\"_rich_text-72-14\" class=\"oxy-rich-text\" >\n<p data-start=\"50\" data-end=\"432\">Vanguard Healthcare Solutions \u00e4r stolta \u00f6ver att samarbeta med Portland Clinical, en CQC-registrerad v\u00e5rdgivare som levererar klinisk insourcing och samh\u00e4llstj\u00e4nster \u00f6ver hela Storbritannien. Tillsammans st\u00f6djer vi NHS Trusts och integrerade v\u00e5rdsystem f\u00f6r att ut\u00f6ka kapaciteten, minska v\u00e4ntelistor och skydda m\u00e5l f\u00f6r \u00e5terh\u00e4mtning inom elektiva v\u00e5rdomr\u00e5den genom s\u00e4ker, h\u00f6gkvalitativ och patientcentrerad v\u00e5rd.<\/p>\n<p class=\"MsoNormal\">&nbsp;<\/p>\n<p data-start=\"434\" data-end=\"858\">Detta partnerskap sammanf\u00f6r kompletterande styrkor. Portland Clinical erbjuder en konsultledd arbetsstyrka, etablerade styrningsramverk och expertis inom hantering av v\u00e5rdf\u00f6rlopp. Vanguard Healthcare Solutions levererar h\u00f6gkvalitativa modul\u00e4ra anl\u00e4ggningar, mobila operationssalar och fullt utrustade kliniska milj\u00f6er. Tillsammans erbjuder vi integrerade, nyckelf\u00e4rdiga l\u00f6sningar utformade f\u00f6r att snabbt och effektivt reagera p\u00e5 systemtryck.<\/p>\n<\/div>\n<\/div>\n<div id=\"div_block-74-14\" class=\"ct-div-block\" ><img decoding=\"async\"  id=\"image-75-14\" alt=\"\" src=\"https:\/\/www.vanguardhealthcare.co.uk\/wp-content\/uploads\/2024\/08\/Vanguard-team.jpg\" class=\"ct-image\"\/><\/div>\n<\/div>\n<\/div>\n<\/section>\n<section id=\"section-132-34\" class=\"ct-section\" >\n<div class=\"ct-section-inner-wrap\">\n<div id=\"new_columns-133-34\" class=\"ct-new-columns\" >\n<div id=\"div_block-138-34\" class=\"ct-div-block\" ><img decoding=\"async\"  id=\"image-139-34\" alt=\"\" src=\"https:\/\/www.vanguardhealthcare.co.uk\/wp-content\/uploads\/2025\/12\/Nurse-Base.jpg\" class=\"ct-image\"\/><\/div>\n<div id=\"div_block-134-34\" class=\"ct-div-block\" >\n<h2 id=\"headline-135-34\" class=\"ct-headline\">Vad vi levererar tillsammans<\/h2>\n<div id=\"_rich_text-136-34\" class=\"oxy-rich-text\" >\n<h3 data-start=\"889\" data-end=\"912\">Klinisk insourcing<\/h3>\n<p data-start=\"914\" data-end=\"1053\">I samarbete erbjuder vi strukturerade och effektiva insourcingmodeller som st\u00f6djer \u00e5terh\u00e4mtning efter elektiv behandling och prestationsf\u00f6rb\u00e4ttring, inklusive:<\/p>\n<ul data-start=\"1055\" data-end=\"1315\">\n<li data-start=\"1055\" data-end=\"1108\">\n<p data-start=\"1057\" data-end=\"1108\">Konsultledda kirurgiska och icke-kirurgiska behandlingar<\/p>\n<\/li>\n<li data-start=\"1109\" data-end=\"1161\">\n<p data-start=\"1111\" data-end=\"1161\">Program f\u00f6r \u00e5terh\u00e4mtning av eftersl\u00e4pning med h\u00f6g volym<\/p>\n<\/li>\n<li data-start=\"1162\" data-end=\"1207\">\n<p data-start=\"1164\" data-end=\"1207\">Modeller f\u00f6r drift p\u00e5 helger och f\u00f6rl\u00e4ngda dagar<\/p>\n<\/li>\n<li data-start=\"1208\" data-end=\"1260\">\n<p data-start=\"1210\" data-end=\"1260\">RTT-\u00e5terst\u00e4llning och st\u00f6d f\u00f6r prestandaf\u00f6rb\u00e4ttring<\/p>\n<\/li>\n<li data-start=\"1261\" data-end=\"1315\">\n<p data-start=\"1263\" data-end=\"1315\">Fullst\u00e4ndig styrnings\u00f6vervakning i linje med CQC-standarder<\/p>\n<\/li>\n<\/ul>\n<p class=\"MsoNormal\">&nbsp;<\/p>\n<p data-start=\"1317\" data-end=\"1465\">Genom att anpassa klinisk leverans till robust verksamhetsplanering och h\u00f6gkvalitativa anl\u00e4ggningar hj\u00e4lper vi v\u00e5rdcentraler att \u00f6ka sin aktivitet p\u00e5 ett s\u00e4kert och h\u00e5llbart s\u00e4tt.<\/p>\n<\/div>\n<\/div>\n<\/div>\n<\/div>\n<\/section>\n<section id=\"section-68-14-text-left-white\" class=\"ct-section\" >\n<div class=\"ct-section-inner-wrap\">\n<div id=\"new_columns-69-14text-left-white\" class=\"ct-new-columns\" >\n<div id=\"div_block-70-14\" class=\"ct-div-block\" >\n<h2 id=\"headline-71-14\" class=\"ct-headline\">Modul\u00e4r och mobil anl\u00e4ggningsintegration<\/h2>\n<div id=\"_rich_text-72-14\" class=\"oxy-rich-text\" >\n<p data-start=\"1512\" data-end=\"1718\">Vanguards expertis inom infrastruktur f\u00f6r snabb drifts\u00e4ttning, i kombination med Portland Clinicals kliniska ledarskap, m\u00f6jligg\u00f6r leverans av kompletta, operativa kirurgiska milj\u00f6er. V\u00e5rt gemensamma erbjudande inkluderar:<\/p>\n<ul data-start=\"1720\" data-end=\"1991\">\n<li data-start=\"1720\" data-end=\"1772\">\n<p data-start=\"1722\" data-end=\"1772\">Snabb utplacering av operationssalar och avdelningar<\/p>\n<\/li>\n<li data-start=\"1773\" data-end=\"1830\">\n<p data-start=\"1775\" data-end=\"1830\">Frist\u00e5ende kirurgiska nav f\u00f6r att skydda elektiv kapacitet<\/p>\n<\/li>\n<li data-start=\"1831\" data-end=\"1891\">\n<p data-start=\"1833\" data-end=\"1891\">Dekanteringskapacitet under renovering eller tryck i fastigheter<\/p>\n<\/li>\n<li data-start=\"1892\" data-end=\"1951\">\n<p data-start=\"1894\" data-end=\"1951\">Modeller f\u00f6r hanterade tj\u00e4nster som kombinerar anl\u00e4ggning och personal<\/p>\n<\/li>\n<li data-start=\"1952\" data-end=\"1991\">\n<p data-start=\"1954\" data-end=\"1991\">Operativ mobilisering fr\u00e5n b\u00f6rjan till slut<\/p>\n<\/li>\n<\/ul>\n<p class=\"MsoNormal\">&nbsp;<\/p>\n<p data-start=\"1993\" data-end=\"2126\">Denna integrerade strategi g\u00f6r det m\u00f6jligt f\u00f6r NHS-partners att f\u00e5 tillg\u00e5ng till b\u00e5de fysisk kapacitet och skickliga kliniska team i en samordnad l\u00f6sning.<\/p>\n<\/div>\n<\/div>\n<div id=\"div_block-74-14\" class=\"ct-div-block\" ><img decoding=\"async\"  id=\"image-75-14\" alt=\"\" src=\"https:\/\/www.vanguardhealthcare.co.uk\/wp-content\/uploads\/2025\/11\/DJI_20250619160710_0016_D-min.jpg\" class=\"ct-image\"\/><\/div>\n<\/div>\n<\/div>\n<\/section>\n<section id=\"section-132-34\" class=\"ct-section\" >\n<div class=\"ct-section-inner-wrap\">\n<div id=\"new_columns-133-34\" class=\"ct-new-columns\" >\n<div id=\"div_block-138-34\" class=\"ct-div-block\" ><img decoding=\"async\"  id=\"image-139-34\" alt=\"\" src=\"https:\/\/www.vanguardhealthcare.co.uk\/wp-content\/uploads\/2025\/12\/Exterior-front-1-scaled.jpg\" class=\"ct-image\"\/><\/div>\n<div id=\"div_block-134-34\" class=\"ct-div-block\" >\n<h2 id=\"headline-135-34\" class=\"ct-headline\">Samh\u00e4lls- och diagnostiska tj\u00e4nster<\/h2>\n<div id=\"_rich_text-136-34\" class=\"oxy-rich-text\" >\n<p data-start=\"2167\" data-end=\"2308\">Vi arbetar ocks\u00e5 tillsammans f\u00f6r att st\u00e4rka samh\u00e4llsbaserad och diagnostisk behandling, vilket hj\u00e4lper system att hantera efterfr\u00e5gan n\u00e4rmare hemmet. Tj\u00e4nsterna omfattar:<\/p>\n<ul data-start=\"2310\" data-end=\"2482\">\n<li data-start=\"2310\" data-end=\"2347\">\n<p data-start=\"2312\" data-end=\"2347\">Mottagningar f\u00f6r \u00f6ppenv\u00e5rd och diagnostik<\/p>\n<\/li>\n<li data-start=\"2348\" data-end=\"2385\">\n<p data-start=\"2350\" data-end=\"2385\">Samh\u00e4llsbaserade valbara v\u00e4gar<\/p>\n<\/li>\n<li data-start=\"2386\" data-end=\"2424\">\n<p data-start=\"2388\" data-end=\"2424\">Psykisk h\u00e4lsa och terapitj\u00e4nster<\/p>\n<\/li>\n<li data-start=\"2425\" data-end=\"2482\">\n<p data-start=\"2427\" data-end=\"2482\">Digitalt aktiverad patienttriage och hantering av patientf\u00f6rlopp<\/p>\n<\/li>\n<\/ul>\n<p class=\"MsoNormal\">&nbsp;<\/p>\n<p data-start=\"2484\" data-end=\"2611\">Genom att kombinera infrastruktur, arbetskraft och v\u00e5rdplanering st\u00f6djer vi effektivare patientfl\u00f6den och f\u00f6rb\u00e4ttrad tillg\u00e5ng till v\u00e5rd.<\/p>\n<\/div>\n<\/div>\n<\/div>\n<\/div>\n<\/section>\n<section id=\"section-68-14-text-left-white\" class=\"ct-section\" >\n<div class=\"ct-section-inner-wrap\">\n<div id=\"new_columns-69-14text-left-white\" class=\"ct-new-columns\" >\n<div id=\"div_block-70-14\" class=\"ct-div-block\" >\n<h2 id=\"headline-71-14\" class=\"ct-headline\">Varf\u00f6r detta partnerskap \u00e4r viktigt<\/h2>\n<div id=\"_rich_text-72-14\" class=\"oxy-rich-text\" >\n<p data-start=\"2646\" data-end=\"2856\">NHS st\u00e5r fortfarande inf\u00f6r betydande kapacitetsutmaningar inom operationssalar, diagnostik och elektiva tj\u00e4nster. F\u00f6r att hantera dessa p\u00e5frestningar kr\u00e4vs l\u00f6sningar som \u00e4r skalbara, kompatibel med regelverket och operativt robusta.<\/p>\n<p data-start=\"2858\" data-end=\"2960\">Genom v\u00e5rt samarbete med Portland Clinical tillhandah\u00e5ller Vanguard Healthcare Solutions system med:<\/p>\n<ul data-start=\"2962\" data-end=\"3204\">\n<li data-start=\"2962\" data-end=\"3026\">\n<p data-start=\"2964\" data-end=\"3026\">Skalbar ytterligare kapacitet utan l\u00e5ngsiktig fastighetsb\u00f6rda<\/p>\n<\/li>\n<li data-start=\"3027\" data-end=\"3073\">\n<p data-start=\"3029\" data-end=\"3073\">Snabb mobilisering med s\u00e4kerst\u00e4lld styrning<\/p>\n<\/li>\n<li data-start=\"3074\" data-end=\"3107\">\n<p data-start=\"3076\" data-end=\"3107\">CQC-anpassad klinisk leverans<\/p>\n<\/li>\n<li data-start=\"3108\" data-end=\"3159\">\n<p data-start=\"3110\" data-end=\"3159\">Integrerad rapportering och prestationshantering<\/p>\n<\/li>\n<li data-start=\"3160\" data-end=\"3204\">\n<p data-start=\"3162\" data-end=\"3204\">Ett samarbetsinriktat, systemfokuserat tillv\u00e4gag\u00e5ngss\u00e4tt<\/p>\n<\/li>\n<\/ul>\n<p data-start=\"1512\" data-end=\"1718\">&nbsp;<\/p>\n<p data-start=\"3206\" data-end=\"3360\" data-is-last-node=\"\" data-is-only-node=\"\">Tillsammans g\u00f6r vi det m\u00f6jligt f\u00f6r NHS-organisationer att i takt ut\u00f6ka den s\u00e4kra kapaciteten, skydda planerad \u00e5terh\u00e4mtning och ge patienter i r\u00e4tt tid v\u00e5rd \u00f6ver hela Storbritannien.<\/p>\n<\/div>\n<\/div>\n<div id=\"div_block-74-14\" class=\"ct-div-block\" ><img decoding=\"async\"  id=\"image-75-14\" alt=\"\" src=\"https:\/\/www.vanguardhealthcare.co.uk\/wp-content\/uploads\/2023\/10\/Every-clinical-team-member-brings-their-expertise-and-experience-image-scaled.jpg\" class=\"ct-image\"\/><\/div>\n<\/div>\n<\/div>\n<\/section>\n<section id=\"section-144-59\" class=\"ct-section\" >\n<div class=\"ct-section-inner-wrap\">\n<div id=\"new_columns-145-59\" class=\"ct-new-columns\" >\n<div id=\"div_block-146-59\" class=\"ct-div-block\" >\n<div id=\"_rich_text-9-63\" class=\"oxy-rich-text\" >\n<p>Att hitta en l\u00f6sning som fungerar f\u00f6r ditt sjukhus b\u00f6rjar h\u00e4r...<\/p>\n<\/div>\n<p><a id=\"link_button-149-59\" class=\"ct-link-button\" href=\"\/sv_se\/contact\/\" target=\"_self\"  >Komma i kontakt<\/a><\/div>\n<div id=\"div_block-150-59\" class=\"ct-div-block\" ><img decoding=\"async\"  id=\"image-151-59\" alt=\"\" src=\"https:\/\/www.vanguardhealthcare.co.uk\/wp-content\/uploads\/2023\/06\/kettering-2-1.jpg\" class=\"ct-image\"\/><\/div>\n<\/div>\n<\/div>\n<\/section>","protected":false},"excerpt":{"rendered":"","protected":false},"author":11,"featured_media":0,"parent":0,"menu_order":0,"comment_status":"closed","ping_status":"closed","template":"","meta":{"_acf_changed":false,"footnotes":""},"class_list":["post-8357","page","type-page","status-publish","format-standard","hentry"],"acf":[],"yoast_head":"<!-- This site is optimized with the Yoast SEO plugin v27.4 - https:\/\/yoast.com\/product\/yoast-seo-wordpress\/ -->\n<title>Working in Partnership with Portland Clinical - Vanguard Healthcare Solutions<\/title>\n<meta name=\"robots\" content=\"index, follow, max-snippet:-1, max-image-preview:large, max-video-preview:-1\" \/>\n<link rel=\"canonical\" href=\"https:\/\/www.vanguardhealthcare.co.uk\/sv_se\/working-in-partnership-with-portland-clinical\/\" \/>\n<meta property=\"og:locale\" content=\"sv_SE\" \/>\n<meta property=\"og:type\" content=\"article\" \/>\n<meta property=\"og:title\" content=\"Working in Partnership with Portland Clinical - Vanguard Healthcare Solutions\" \/>\n<meta property=\"og:url\" content=\"https:\/\/www.vanguardhealthcare.co.uk\/sv_se\/working-in-partnership-with-portland-clinical\/\" \/>\n<meta property=\"og:site_name\" content=\"Vanguard Healthcare Solutions\" \/>\n<meta property=\"article:modified_time\" content=\"2026-03-03T12:30:32+00:00\" \/>\n<meta name=\"twitter:card\" content=\"summary_large_image\" \/>\n<meta name=\"twitter:label1\" content=\"Ber\u00e4knad l\u00e4stid\" \/>\n\t<meta name=\"twitter:data1\" content=\"1 minut\" \/>\n<script type=\"application\/ld+json\" class=\"yoast-schema-graph\">{\"@context\":\"https:\\\/\\\/schema.org\",\"@graph\":[{\"@type\":\"WebPage\",\"@id\":\"https:\\\/\\\/www.vanguardhealthcare.co.uk\\\/working-in-partnership-with-portland-clinical\\\/\",\"url\":\"https:\\\/\\\/www.vanguardhealthcare.co.uk\\\/working-in-partnership-with-portland-clinical\\\/\",\"name\":\"Working in Partnership with Portland Clinical - Vanguard Healthcare Solutions\",\"isPartOf\":{\"@id\":\"https:\\\/\\\/www.vanguardhealthcare.co.uk\\\/#website\"},\"datePublished\":\"2026-03-03T12:30:31+00:00\",\"dateModified\":\"2026-03-03T12:30:32+00:00\",\"breadcrumb\":{\"@id\":\"https:\\\/\\\/www.vanguardhealthcare.co.uk\\\/working-in-partnership-with-portland-clinical\\\/#breadcrumb\"},\"inLanguage\":\"sv-SE\",\"potentialAction\":[{\"@type\":\"ReadAction\",\"target\":[\"https:\\\/\\\/www.vanguardhealthcare.co.uk\\\/working-in-partnership-with-portland-clinical\\\/\"]}]},{\"@type\":\"BreadcrumbList\",\"@id\":\"https:\\\/\\\/www.vanguardhealthcare.co.uk\\\/working-in-partnership-with-portland-clinical\\\/#breadcrumb\",\"itemListElement\":[{\"@type\":\"ListItem\",\"position\":1,\"name\":\"Home\",\"item\":\"https:\\\/\\\/www.vanguardhealthcare.co.uk\\\/\"},{\"@type\":\"ListItem\",\"position\":2,\"name\":\"Working in Partnership with Portland Clinical\"}]},{\"@type\":\"WebSite\",\"@id\":\"https:\\\/\\\/www.vanguardhealthcare.co.uk\\\/#website\",\"url\":\"https:\\\/\\\/www.vanguardhealthcare.co.uk\\\/\",\"name\":\"Vanguard Healthcare Solutions\",\"description\":\"\",\"potentialAction\":[{\"@type\":\"SearchAction\",\"target\":{\"@type\":\"EntryPoint\",\"urlTemplate\":\"https:\\\/\\\/www.vanguardhealthcare.co.uk\\\/?s={search_term_string}\"},\"query-input\":{\"@type\":\"PropertyValueSpecification\",\"valueRequired\":true,\"valueName\":\"search_term_string\"}}],\"inLanguage\":\"sv-SE\"}]}<\/script>\n<!-- \/ Yoast SEO plugin. -->","yoast_head_json":{"title":"Samarbete med Portland Clinical - Vanguard Healthcare Solutions","robots":{"index":"index","follow":"follow","max-snippet":"max-snippet:-1","max-image-preview":"max-image-preview:large","max-video-preview":"max-video-preview:-1"},"canonical":"https:\/\/www.vanguardhealthcare.co.uk\/sv_se\/working-in-partnership-with-portland-clinical\/","og_locale":"sv_SE","og_type":"article","og_title":"Working in Partnership with Portland Clinical - Vanguard Healthcare Solutions","og_url":"https:\/\/www.vanguardhealthcare.co.uk\/sv_se\/working-in-partnership-with-portland-clinical\/","og_site_name":"Vanguard Healthcare Solutions","article_modified_time":"2026-03-03T12:30:32+00:00","twitter_card":"summary_large_image","twitter_misc":{"Ber\u00e4knad l\u00e4stid":"1 minut"},"schema":{"@context":"https:\/\/schema.org","@graph":[{"@type":"WebPage","@id":"https:\/\/www.vanguardhealthcare.co.uk\/working-in-partnership-with-portland-clinical\/","url":"https:\/\/www.vanguardhealthcare.co.uk\/working-in-partnership-with-portland-clinical\/","name":"Samarbete med Portland Clinical - Vanguard Healthcare Solutions","isPartOf":{"@id":"https:\/\/www.vanguardhealthcare.co.uk\/#website"},"datePublished":"2026-03-03T12:30:31+00:00","dateModified":"2026-03-03T12:30:32+00:00","breadcrumb":{"@id":"https:\/\/www.vanguardhealthcare.co.uk\/working-in-partnership-with-portland-clinical\/#breadcrumb"},"inLanguage":"sv-SE","potentialAction":[{"@type":"ReadAction","target":["https:\/\/www.vanguardhealthcare.co.uk\/working-in-partnership-with-portland-clinical\/"]}]},{"@type":"BreadcrumbList","@id":"https:\/\/www.vanguardhealthcare.co.uk\/working-in-partnership-with-portland-clinical\/#breadcrumb","itemListElement":[{"@type":"ListItem","position":1,"name":"Home","item":"https:\/\/www.vanguardhealthcare.co.uk\/"},{"@type":"ListItem","position":2,"name":"Working in Partnership with Portland Clinical"}]},{"@type":"WebSite","@id":"https:\/\/www.vanguardhealthcare.co.uk\/#website","url":"https:\/\/www.vanguardhealthcare.co.uk\/","name":"Vanguard Healthcare Solutions","description":"","potentialAction":[{"@type":"SearchAction","target":{"@type":"EntryPoint","urlTemplate":"https:\/\/www.vanguardhealthcare.co.uk\/?s={search_term_string}"},"query-input":{"@type":"PropertyValueSpecification","valueRequired":true,"valueName":"search_term_string"}}],"inLanguage":"sv-SE"}]}},"_links":{"self":[{"href":"https:\/\/www.vanguardhealthcare.co.uk\/sv_se\/wp-json\/wp\/v2\/pages\/8357","targetHints":{"allow":["GET"]}}],"collection":[{"href":"https:\/\/www.vanguardhealthcare.co.uk\/sv_se\/wp-json\/wp\/v2\/pages"}],"about":[{"href":"https:\/\/www.vanguardhealthcare.co.uk\/sv_se\/wp-json\/wp\/v2\/types\/page"}],"author":[{"embeddable":true,"href":"https:\/\/www.vanguardhealthcare.co.uk\/sv_se\/wp-json\/wp\/v2\/users\/11"}],"replies":[{"embeddable":true,"href":"https:\/\/www.vanguardhealthcare.co.uk\/sv_se\/wp-json\/wp\/v2\/comments?post=8357"}],"version-history":[{"count":0,"href":"https:\/\/www.vanguardhealthcare.co.uk\/sv_se\/wp-json\/wp\/v2\/pages\/8357\/revisions"}],"wp:attachment":[{"href":"https:\/\/www.vanguardhealthcare.co.uk\/sv_se\/wp-json\/wp\/v2\/media?parent=8357"}],"curies":[{"name":"wp","href":"https:\/\/api.w.org\/{rel}","templated":true}]}}