{"id":7861,"date":"2025-03-06T16:20:47","date_gmt":"2025-03-06T16:20:47","guid":{"rendered":"https:\/\/www.vanguardhealthcare.co.uk\/?page_id=7861"},"modified":"2025-04-01T11:52:39","modified_gmt":"2025-04-01T11:52:39","slug":"flexible-finance-solutions","status":"publish","type":"page","link":"https:\/\/www.vanguardhealthcare.co.uk\/sv_se\/flexible-finance-solutions\/","title":{"rendered":"Flexibla ekonomil\u00f6sningar"},"content":{"rendered":"<section id=\"section-2-59\" class=\"ct-section\" style=\"background-image:url(https:\/\/www.vanguardhealthcare.co.uk\/wp-content\/uploads\/2023\/05\/boulders-right.png);background-size: auto;\" >\n<div class=\"ct-section-inner-wrap\">\n<div id=\"div_block-8-59\" class=\"ct-div-block\" ><a id=\"link_text-6-59\" class=\"ct-link-text\" href=\"\/sv_se\/\" target=\"_self\"  >Hem<\/a><\/p>\n<h1 id=\"headline-3-59\" class=\"ct-headline\"><span id=\"span-4-59\" class=\"ct-span\" >Flexibla ekonomil\u00f6sningar<\/span><\/h1>\n<\/div>\n<\/div>\n<\/section>\n<section id=\"section-68-14-text-left-white\" class=\"ct-section\" >\n<div class=\"ct-section-inner-wrap\">\n<div id=\"new_columns-69-14text-left-white\" class=\"ct-new-columns\" >\n<div id=\"div_block-70-14\" class=\"ct-div-block\" >\n<h2 id=\"headline-71-14\" class=\"ct-headline\">Facility Flex - En smart metod f\u00f6r att mildra IFRS16- och CDEL-utmaningar<\/h2>\n<div id=\"_rich_text-72-14\" class=\"oxy-rich-text\" >\n<h3 class=\"MsoNormal\"><strong><span lang=\"EN-GB\">V\u00e4lkommen till Facility Flex<\/span><\/strong><\/h3>\n<p class=\"MsoNormal\"><span lang=\"EN-GB\">P\u00e5 Vanguard Healthcare Solutions f\u00f6rst\u00e5r vi de dynamiska behoven hos v\u00e5rdgivare. V\u00e5r&nbsp;<strong>Facility Flex<\/strong> Modellen erbjuder ett revolutionerande tillv\u00e4gag\u00e5ngss\u00e4tt f\u00f6r sjukv\u00e5rdens infrastruktur, tillhandah\u00e5ller flexibla, pay-as-you-go-l\u00f6sningar som s\u00e4kerst\u00e4ller omedelbar tillg\u00e5ng till h\u00f6gkvalitativa kliniska milj\u00f6er.<\/span><\/p>\n<p class=\"MsoNormal\"><span lang=\"EN-GB\">Ladda ner v\u00e5r informativa broschyr,&nbsp;<a href=\"\/sv_se\/resource\/facility-flex-a-smart-approach-to-mitigating-ifrs16-and-cdel-challenges\/\">h\u00e4r.<\/a><\/span><\/p>\n<\/div>\n<\/div>\n<div id=\"div_block-74-14\" class=\"ct-div-block\" ><img decoding=\"async\"  id=\"image-75-14\" alt=\"\" src=\"https:\/\/www.vanguardhealthcare.co.uk\/wp-content\/uploads\/2025\/02\/Vanguard-Ribbon-Cutting-Drone-Photography-2-1024x768.jpg\" class=\"ct-image\"\/><\/div>\n<\/div>\n<\/div>\n<\/section>\n<section id=\"section-132-34\" class=\"ct-section\" >\n<div class=\"ct-section-inner-wrap\">\n<div id=\"new_columns-133-34\" class=\"ct-new-columns\" >\n<div id=\"div_block-138-34\" class=\"ct-div-block\" ><img decoding=\"async\"  id=\"image-139-34\" alt=\"\" src=\"https:\/\/www.vanguardhealthcare.co.uk\/wp-content\/uploads\/2025\/01\/IMG_5643-1024x768.jpeg\" class=\"ct-image\"\/><\/div>\n<div id=\"div_block-134-34\" class=\"ct-div-block\" >\n<h2 id=\"headline-135-34\" class=\"ct-headline\">Varf\u00f6r v\u00e4lja Facility Flex?<\/h2>\n<div id=\"_rich_text-136-34\" class=\"oxy-rich-text\" >\n<p class=\"MsoNormal\"><strong><span lang=\"EN-GB\">Facility Flex<\/span><\/strong><span lang=\"EN-GB\">&nbsp;\u00e4r utformad f\u00f6r att m\u00f6ta den v\u00e4xande efterfr\u00e5gan p\u00e5 h\u00e4lso- och sjukv\u00e5rdstj\u00e4nster utan behov av betydande investeringar. V\u00e5r int\u00e4ktsbaserade modell till\u00e5ter v\u00e5rdgivare att anv\u00e4nda int\u00e4ktsbudgetar och bevara sina kapitalresurser f\u00f6r andra kritiska investeringar. Denna finansiella flexibilitet \u00e4r s\u00e4rskilt f\u00f6rdelaktig f\u00f6r NHS Trusts, eftersom den inte s\u00e4kerst\u00e4ller n\u00e5gon inverkan p\u00e5 CEDL-tak.<\/span><\/p>\n<p class=\"MsoNormal\"><strong><span lang=\"EN-GB\">Nyckelfunktioner och f\u00f6rdelar<\/span><\/strong><\/p>\n<ul style=\"margin-top: 0cm\" type=\"disc\">\n<li class=\"MsoNormal\"><strong><span lang=\"EN-GB\">Inga investeringar<\/span><\/strong><span lang=\"EN-GB\">: V\u00e5r pay-as-you-go-modell eliminerar behovet av stora kapitalutl\u00e4gg, vilket g\u00f6r att du kan bevara ekonomiska resurser.<\/span><\/li>\n<li class=\"MsoNormal\"><strong><span lang=\"EN-GB\">Snabb implementering<\/span><\/strong><span lang=\"EN-GB\">: Vi ger omedelbar tillg\u00e5ng till en komplett flotta av demonterbara och modul\u00e4ra anl\u00e4ggningar, vilket s\u00e4kerst\u00e4ller att du kan hantera kapacitetsutmaningar snabbt.<\/span><\/li>\n<li class=\"MsoNormal\"><strong><span lang=\"EN-GB\">Infrastruktur av h\u00f6g kvalitet<\/span><\/strong><span lang=\"EN-GB\">: V\u00e5ra anl\u00e4ggningar \u00e4r designade av kliniska l\u00e4kare och utrustade med toppmodern utrustning, vilket s\u00e4kerst\u00e4ller optimal patientv\u00e5rd.<\/span><\/li>\n<li class=\"MsoNormal\"><strong><span lang=\"EN-GB\">Finansiell flexibilitet<\/span><\/strong><span lang=\"EN-GB\">: Genom att anv\u00e4nda int\u00e4ktsbudgetar kan du investera i viktig infrastruktur utan att p\u00e5verka dina investeringsgr\u00e4nser.<\/span><\/li>\n<li class=\"MsoNormal\"><strong><span lang=\"EN-GB\">F\u00f6rb\u00e4ttrad patientupplevelse<\/span><\/strong><span lang=\"EN-GB\">: V\u00e5ra f\u00e4rdiga att anv\u00e4nda kliniska milj\u00f6er hj\u00e4lper till att f\u00f6rb\u00e4ttra patientresultaten och minska v\u00e4ntetiderna.<\/span><\/li>\n<\/ul>\n<\/div>\n<\/div>\n<\/div>\n<\/div>\n<\/section>\n<section id=\"section-68-14-text-left-white\" class=\"ct-section\" >\n<div class=\"ct-section-inner-wrap\">\n<div id=\"new_columns-69-14text-left-white\" class=\"ct-new-columns\" >\n<div id=\"div_block-70-14\" class=\"ct-div-block\" >\n<h2 id=\"headline-71-14\" class=\"ct-headline\">Omfattande support<\/h2>\n<div id=\"_rich_text-72-14\" class=\"oxy-rich-text\" >\n<p class=\"MsoNormal\"><strong><span lang=\"EN-GB\">Omfattande support<\/span><\/strong><\/p>\n<p class=\"MsoNormal\"><span lang=\"EN-GB\">Vi arbetar n\u00e4ra med NHS Trusts f\u00f6r att f\u00f6rst\u00e5 deras individuella krav och viktiga ekonomiska drivkrafter. V\u00e5ra skr\u00e4ddarsydda l\u00f6sningar \u00e4r designade f\u00f6r att s\u00e4kerst\u00e4lla positiva resultat, och vi tillhandah\u00e5ller omfattande st\u00f6d under hela processen:<\/span><\/p>\n<ul style=\"margin-top: 0cm\" type=\"disc\">\n<li class=\"MsoNormal\">\n<p><strong><span lang=\"EN-GB\">St\u00f6dja l\u00f6nsamhet<\/span><\/strong><span lang=\"EN-GB\">: Arbetar tillsammans med dig f\u00f6r att validera genomf\u00f6rbarheten av Facility Flex-l\u00f6sningen f\u00f6r ditt individuella behov.<\/span><\/p>\n<\/li>\n<li class=\"MsoNormal\">\n<p><strong><span lang=\"EN-GB\">Omfattande diskussioner<\/span><\/strong><span lang=\"EN-GB\">: Utveckla gemensamt f\u00f6rutsp\u00e5dd anv\u00e4ndning och designa flexibla ekonomil\u00f6sningar som fungerar b\u00e4st f\u00f6r dig.<\/span><\/p>\n<\/li>\n<li class=\"MsoNormal\">\n<p><strong><span lang=\"EN-GB\">Godk\u00e4nnandehj\u00e4lp<\/span><\/strong><span lang=\"EN-GB\">: St\u00f6dja utvecklingen av aff\u00e4rscase<\/span><\/p>\n<\/li>\n<li class=\"MsoNormal\">\n<p><strong><span lang=\"EN-GB\">Snabb leverans<\/span><\/strong><span lang=\"EN-GB\">: Levererar fr\u00e5n v\u00e5r omedelbart tillg\u00e4ngliga lastv\u00e4xlare och modulflotta<\/span><\/p>\n<\/li>\n<\/ul>\n<\/div>\n<\/div>\n<div id=\"div_block-74-14\" class=\"ct-div-block\" ><img decoding=\"async\"  id=\"image-75-14\" alt=\"\" src=\"https:\/\/www.vanguardhealthcare.co.uk\/wp-content\/uploads\/2024\/07\/IMG_6401-1024x768.jpeg\" class=\"ct-image\"\/><\/div>\n<\/div>\n<\/div>\n<\/section>\n<section id=\"section-132-34\" class=\"ct-section\" >\n<div class=\"ct-section-inner-wrap\">\n<div id=\"new_columns-133-34\" class=\"ct-new-columns\" >\n<div id=\"div_block-138-34\" class=\"ct-div-block\" ><img decoding=\"async\"  id=\"image-139-34\" alt=\"\" src=\"https:\/\/www.vanguardhealthcare.co.uk\/wp-content\/uploads\/2024\/04\/Heartlands-Exterior-3-1024x683.jpg\" class=\"ct-image\"\/><\/div>\n<div id=\"div_block-134-34\" class=\"ct-div-block\" >\n<h2 id=\"headline-135-34\" class=\"ct-headline\">Att uppfylla m\u00e5len f\u00f6r det valbara reformprogrammet<\/h2>\n<div id=\"_rich_text-136-34\" class=\"oxy-rich-text\" >\n<p class=\"MsoNormal\"><span lang=\"EN-GB\">Facility Flex \u00e4r en integrerad del av att st\u00f6dja NHS:s Elective Reform Program, som syftar till att minska v\u00e4ntetiderna och f\u00f6rb\u00e4ttra patientv\u00e5rden. Genom att tillhandah\u00e5lla ytterligare klinisk kapacitet p\u00e5 en pay-as-you-go-basis, hj\u00e4lper Facility Flex NHS Trusts att uppfylla m\u00e5len f\u00f6r programmet, vilket s\u00e4kerst\u00e4ller snabb och effektiv behandling f\u00f6r patienter.<\/span><\/p>\n<p class=\"MsoNormal\"><strong><span lang=\"EN-GB\">V\u00e5rt engagemang<\/span><\/strong><\/p>\n<p class=\"MsoNormal\"><span lang=\"EN-GB\">P\u00e5 Vanguard Healthcare Solutions \u00e4r vi fast beslutna att leverera flexibel, h\u00f6gkvalitativ sjukv\u00e5rdsinfrastruktur som m\u00f6ter de dynamiska behoven hos v\u00e5rdgivare. V\u00e5rt kunniga, skickliga och kompetenta team tillf\u00f6r stor erfarenhet och en djup f\u00f6rst\u00e5else f\u00f6r kundernas behov, vilket s\u00e4kerst\u00e4ller att vi tillhandah\u00e5ller l\u00f6sningar av h\u00f6gsta kvalitet i branschen.<\/span><\/p>\n<\/div>\n<\/div>\n<\/div>\n<\/div>\n<\/section>\n<section id=\"section-144-59\" class=\"ct-section\" >\n<div class=\"ct-section-inner-wrap\">\n<div id=\"new_columns-145-59\" class=\"ct-new-columns\" >\n<div id=\"div_block-146-59\" class=\"ct-div-block\" >\n<div id=\"_rich_text-9-63\" class=\"oxy-rich-text\" >\n<p>Att hitta en l\u00f6sning som fungerar f\u00f6r ditt sjukhus b\u00f6rjar h\u00e4r...<\/p>\n<\/div>\n<p><a id=\"link_button-149-59\" class=\"ct-link-button\" href=\"\/sv_se\/contact\/\" target=\"_self\"  >Komma i kontakt<\/a><\/div>\n<div id=\"div_block-150-59\" class=\"ct-div-block\" ><img decoding=\"async\"  id=\"image-151-59\" alt=\"\" src=\"https:\/\/www.vanguardhealthcare.co.uk\/wp-content\/uploads\/2023\/06\/kettering-2-1.jpg\" class=\"ct-image\"\/><\/div>\n<\/div>\n<\/div>\n<\/section>","protected":false},"excerpt":{"rendered":"","protected":false},"author":11,"featured_media":0,"parent":0,"menu_order":0,"comment_status":"closed","ping_status":"closed","template":"","meta":{"_acf_changed":false,"footnotes":""},"class_list":["post-7861","page","type-page","status-publish","format-standard","hentry"],"acf":[],"yoast_head":"<!-- This site is optimized with the Yoast SEO plugin v27.3 - https:\/\/yoast.com\/product\/yoast-seo-wordpress\/ -->\n<title>Flexible Finance Solutions - Vanguard Healthcare Solutions<\/title>\n<meta name=\"robots\" content=\"index, follow, max-snippet:-1, max-image-preview:large, max-video-preview:-1\" \/>\n<link rel=\"canonical\" href=\"https:\/\/www.vanguardhealthcare.co.uk\/sv_se\/flexible-finance-solutions\/\" \/>\n<meta property=\"og:locale\" content=\"sv_SE\" \/>\n<meta property=\"og:type\" content=\"article\" \/>\n<meta property=\"og:title\" content=\"Flexible Finance Solutions - Vanguard Healthcare Solutions\" \/>\n<meta property=\"og:url\" content=\"https:\/\/www.vanguardhealthcare.co.uk\/sv_se\/flexible-finance-solutions\/\" \/>\n<meta property=\"og:site_name\" content=\"Vanguard Healthcare Solutions\" \/>\n<meta property=\"article:modified_time\" content=\"2025-04-01T11:52:39+00:00\" \/>\n<meta name=\"twitter:card\" content=\"summary_large_image\" \/>\n<meta name=\"twitter:label1\" content=\"Ber\u00e4knad l\u00e4stid\" \/>\n\t<meta name=\"twitter:data1\" content=\"1 minut\" \/>\n<script type=\"application\/ld+json\" class=\"yoast-schema-graph\">{\"@context\":\"https:\\\/\\\/schema.org\",\"@graph\":[{\"@type\":\"WebPage\",\"@id\":\"https:\\\/\\\/www.vanguardhealthcare.co.uk\\\/flexible-finance-solutions\\\/\",\"url\":\"https:\\\/\\\/www.vanguardhealthcare.co.uk\\\/flexible-finance-solutions\\\/\",\"name\":\"Flexible Finance Solutions - Vanguard Healthcare Solutions\",\"isPartOf\":{\"@id\":\"https:\\\/\\\/www.vanguardhealthcare.co.uk\\\/#website\"},\"datePublished\":\"2025-03-06T16:20:47+00:00\",\"dateModified\":\"2025-04-01T11:52:39+00:00\",\"breadcrumb\":{\"@id\":\"https:\\\/\\\/www.vanguardhealthcare.co.uk\\\/flexible-finance-solutions\\\/#breadcrumb\"},\"inLanguage\":\"sv-SE\",\"potentialAction\":[{\"@type\":\"ReadAction\",\"target\":[\"https:\\\/\\\/www.vanguardhealthcare.co.uk\\\/flexible-finance-solutions\\\/\"]}]},{\"@type\":\"BreadcrumbList\",\"@id\":\"https:\\\/\\\/www.vanguardhealthcare.co.uk\\\/flexible-finance-solutions\\\/#breadcrumb\",\"itemListElement\":[{\"@type\":\"ListItem\",\"position\":1,\"name\":\"Home\",\"item\":\"https:\\\/\\\/www.vanguardhealthcare.co.uk\\\/\"},{\"@type\":\"ListItem\",\"position\":2,\"name\":\"Flexible Finance Solutions\"}]},{\"@type\":\"WebSite\",\"@id\":\"https:\\\/\\\/www.vanguardhealthcare.co.uk\\\/#website\",\"url\":\"https:\\\/\\\/www.vanguardhealthcare.co.uk\\\/\",\"name\":\"Vanguard Healthcare Solutions\",\"description\":\"\",\"potentialAction\":[{\"@type\":\"SearchAction\",\"target\":{\"@type\":\"EntryPoint\",\"urlTemplate\":\"https:\\\/\\\/www.vanguardhealthcare.co.uk\\\/?s={search_term_string}\"},\"query-input\":{\"@type\":\"PropertyValueSpecification\",\"valueRequired\":true,\"valueName\":\"search_term_string\"}}],\"inLanguage\":\"sv-SE\"}]}<\/script>\n<!-- \/ Yoast SEO plugin. -->","yoast_head_json":{"title":"Flexibla finansieringsl\u00f6sningar - Vanguard H\u00e4lsov\u00e5rdsl\u00f6sningar","robots":{"index":"index","follow":"follow","max-snippet":"max-snippet:-1","max-image-preview":"max-image-preview:large","max-video-preview":"max-video-preview:-1"},"canonical":"https:\/\/www.vanguardhealthcare.co.uk\/sv_se\/flexible-finance-solutions\/","og_locale":"sv_SE","og_type":"article","og_title":"Flexible Finance Solutions - Vanguard Healthcare Solutions","og_url":"https:\/\/www.vanguardhealthcare.co.uk\/sv_se\/flexible-finance-solutions\/","og_site_name":"Vanguard Healthcare Solutions","article_modified_time":"2025-04-01T11:52:39+00:00","twitter_card":"summary_large_image","twitter_misc":{"Ber\u00e4knad l\u00e4stid":"1 minut"},"schema":{"@context":"https:\/\/schema.org","@graph":[{"@type":"WebPage","@id":"https:\/\/www.vanguardhealthcare.co.uk\/flexible-finance-solutions\/","url":"https:\/\/www.vanguardhealthcare.co.uk\/flexible-finance-solutions\/","name":"Flexibla finansieringsl\u00f6sningar - Vanguard H\u00e4lsov\u00e5rdsl\u00f6sningar","isPartOf":{"@id":"https:\/\/www.vanguardhealthcare.co.uk\/#website"},"datePublished":"2025-03-06T16:20:47+00:00","dateModified":"2025-04-01T11:52:39+00:00","breadcrumb":{"@id":"https:\/\/www.vanguardhealthcare.co.uk\/flexible-finance-solutions\/#breadcrumb"},"inLanguage":"sv-SE","potentialAction":[{"@type":"ReadAction","target":["https:\/\/www.vanguardhealthcare.co.uk\/flexible-finance-solutions\/"]}]},{"@type":"BreadcrumbList","@id":"https:\/\/www.vanguardhealthcare.co.uk\/flexible-finance-solutions\/#breadcrumb","itemListElement":[{"@type":"ListItem","position":1,"name":"Home","item":"https:\/\/www.vanguardhealthcare.co.uk\/"},{"@type":"ListItem","position":2,"name":"Flexible Finance Solutions"}]},{"@type":"WebSite","@id":"https:\/\/www.vanguardhealthcare.co.uk\/#website","url":"https:\/\/www.vanguardhealthcare.co.uk\/","name":"Vanguard Healthcare Solutions","description":"","potentialAction":[{"@type":"SearchAction","target":{"@type":"EntryPoint","urlTemplate":"https:\/\/www.vanguardhealthcare.co.uk\/?s={search_term_string}"},"query-input":{"@type":"PropertyValueSpecification","valueRequired":true,"valueName":"search_term_string"}}],"inLanguage":"sv-SE"}]}},"_links":{"self":[{"href":"https:\/\/www.vanguardhealthcare.co.uk\/sv_se\/wp-json\/wp\/v2\/pages\/7861","targetHints":{"allow":["GET"]}}],"collection":[{"href":"https:\/\/www.vanguardhealthcare.co.uk\/sv_se\/wp-json\/wp\/v2\/pages"}],"about":[{"href":"https:\/\/www.vanguardhealthcare.co.uk\/sv_se\/wp-json\/wp\/v2\/types\/page"}],"author":[{"embeddable":true,"href":"https:\/\/www.vanguardhealthcare.co.uk\/sv_se\/wp-json\/wp\/v2\/users\/11"}],"replies":[{"embeddable":true,"href":"https:\/\/www.vanguardhealthcare.co.uk\/sv_se\/wp-json\/wp\/v2\/comments?post=7861"}],"version-history":[{"count":0,"href":"https:\/\/www.vanguardhealthcare.co.uk\/sv_se\/wp-json\/wp\/v2\/pages\/7861\/revisions"}],"wp:attachment":[{"href":"https:\/\/www.vanguardhealthcare.co.uk\/sv_se\/wp-json\/wp\/v2\/media?parent=7861"}],"curies":[{"name":"wp","href":"https:\/\/api.w.org\/{rel}","templated":true}]}}