{"id":7391,"date":"2024-07-01T16:49:46","date_gmt":"2024-07-01T16:49:46","guid":{"rendered":"https:\/\/www.vanguardhealthcare.co.uk\/?page_id=7391"},"modified":"2024-11-01T09:14:03","modified_gmt":"2024-11-01T09:14:03","slug":"advisory-board","status":"publish","type":"page","link":"https:\/\/www.vanguardhealthcare.co.uk\/sv_se\/advisory-board\/","title":{"rendered":"Advisory board"},"content":{"rendered":"<section id=\"section-2-59\" class=\"ct-section\" style=\"background-image:url(https:\/\/www.vanguardhealthcare.co.uk\/wp-content\/uploads\/2023\/05\/boulders-right.png);background-size: auto;\" >\n<div class=\"ct-section-inner-wrap\">\n<div id=\"div_block-8-59\" class=\"ct-div-block\" ><a id=\"link_text-6-59\" class=\"ct-link-text\" href=\"\/sv_se\/\" target=\"_self\"  >Hem<\/a><\/p>\n<h1 id=\"headline-3-59\" class=\"ct-headline\"><span id=\"span-4-59\" class=\"ct-span\" >Advisory board<\/span><\/h1>\n<\/div>\n<\/div>\n<\/section>\n<section id=\"section-319-315\" class=\"ct-section\" >\n<div class=\"ct-section-inner-wrap\">\n<div id=\"new_columns-320-315\" class=\"ct-new-columns\" >\n<div id=\"div_block-321-315\" class=\"ct-div-block\" >\n<h2 id=\"headline-322-315\" class=\"ct-headline\">V\u00e5r noggrant utvalda Advisory Board tillf\u00f6r v\u00e4rde till v\u00e5r tj\u00e4nst<\/h2>\n<div id=\"_rich_text-323-315\" class=\"oxy-rich-text\" >\n<p>Vi \u00e4r stolta \u00f6ver att samarbeta med en framst\u00e5ende Advisory Board som best\u00e5r av trov\u00e4rdiga och v\u00e4lrenommerade f\u00f6retag fr\u00e5n olika branscher. Dessa partners ger ov\u00e4rderliga insikter, expertis och v\u00e4gledning, vilket g\u00f6r det m\u00f6jligt f\u00f6r oss att kontinuerligt f\u00f6rnya och uppr\u00e4tth\u00e5lla h\u00f6gsta standard.<\/p>\n<\/div>\n<\/div>\n<div id=\"div_block-324-315\" class=\"ct-div-block\" ><img decoding=\"async\"  id=\"image-325-315\" alt=\"\" src=\"https:\/\/www.vanguardhealthcare.co.uk\/wp-content\/uploads\/2024\/05\/Advisory-Board-1.png\" class=\"ct-image\"\/><\/div>\n<\/div>\n<\/div>\n<\/section>\n<div class=\"wp-block-vanguard-vanguard-listing-boxes-container\">\n<section class=\"ct-section vanguard-listing-boxes\">\n<div class=\"ct-section-inner-wrap\">\n<div class=\"\">\n<h3 class=\"vanguard-listing-boxes__heading\">Advisory Board<\/h3>\n<div class=\"vanguard-listing-boxes__container\">\n              <!-- listing box --><\/p>\n<div class=\"wp-block-vanguard-vanguard-listing-boxes-box\">\n<div class=\"vanguard-listing-box\">\n<div class=\"vanguard-listing-box__image\">\n                    <img\n                      decoding=\"async\"\n                      src=\"https:\/\/www.vanguardhealthcare.co.uk\/wp-content\/uploads\/2024\/06\/BRE_logo_Indigo_100mm.jpg\"\n                    \/>\n                  <\/div>\n<div class=\"vanguard-listing-box__copy\">\n<h3 class=\"vanguard-listing-box__heading\">\n                      British Research Establishment (BRE)<br \/>\n                    <\/h3>\n<h4 class=\"vanguard-listing-box__subeading\"><\/h4>\n<p>\n                      Arbetar i partnerskap med BRE f\u00f6r att s\u00e4kerst\u00e4lla v\u00e4rme<br \/>\n                      modellering m\u00f6ter\n                    <\/p>\n<p>\n                      <a\n                        href=\"https:\/\/www.vanguardhealthcare.co.uk\/sv_se\/working-in-partnership-with-bre-to-ensure-thermal-modelling-meets-regulations\/\"\n                        class=\"vanguard-listing-box__button\"\n                        ><span class=\"vanguard-listing-box__button__text\"\n                          >Klicka h\u00e4r<\/span><\/a>\n                    <\/p>\n<\/p><\/div>\n<\/p><\/div>\n<\/p><\/div>\n<p>              <!-- listing box --><\/p>\n<div class=\"wp-block-vanguard-vanguard-listing-boxes-box\">\n<div class=\"vanguard-listing-box\">\n<div class=\"vanguard-listing-box__image\">\n                    <img\n                      decoding=\"async\"\n                      src=\"https:\/\/www.vanguardhealthcare.co.uk\/wp-content\/uploads\/2024\/06\/TAB_col_white_background.png\"\n                    \/>\n                  <\/div>\n<div class=\"vanguard-listing-box__copy\">\n<h3 class=\"vanguard-listing-box__heading\">\n                      University of Manchester<br \/>\n                    <\/h3>\n<h4 class=\"vanguard-listing-box__subeading\"><\/h4>\n<p>\n                      Samarbetar med University of Manchester f\u00f6r att s\u00e4kerst\u00e4lla<br \/>\n                      specialistkonstruktionsbrandmotst\u00e5nd\n                    <\/p>\n<p>\n                      <a\n                        href=\"https:\/\/www.vanguardhealthcare.co.uk\/sv_se\/working-with-the-university-of-manchester-to-ensure-specialist-structural-fire-resistance\/\"\n                        class=\"vanguard-listing-box__button\"\n                        ><span class=\"vanguard-listing-box__button__text\"\n                          >Klicka h\u00e4r<\/span><\/a>\n                    <\/p>\n<\/p><\/div>\n<\/p><\/div>\n<\/p><\/div>\n<p>              <!-- listing box --><\/p>\n<div class=\"wp-block-vanguard-vanguard-listing-boxes-box\">\n<div class=\"vanguard-listing-box\">\n<div class=\"vanguard-listing-box__image\">\n                    <img\n                      decoding=\"async\"\n                      src=\"https:\/\/www.vanguardhealthcare.co.uk\/wp-content\/uploads\/2024\/06\/AVIE-Logo-RGB.svg\"\n                    \/>\n                  <\/div>\n<div class=\"vanguard-listing-box__copy\">\n<h3 class=\"vanguard-listing-box__heading\">\n                      Avie Consulting Ltd<br \/>\n                    <\/h3>\n<h4 class=\"vanguard-listing-box__subeading\"><\/h4>\n<p>\n                      Arbetar i partnerskap med Avie Consulting om strukturella<br \/>\n                      konstruktion och \u00f6verensst\u00e4mmelse med golvvibrationer\n                    <\/p>\n<p>\n                      <a\n                        href=\"https:\/\/www.vanguardhealthcare.co.uk\/sv_se\/working-in-partnership-with-avie-consulting-on-structural-engineering-and-floor-vibration-compliance\/\"\n                        class=\"vanguard-listing-box__button\"\n                        ><span class=\"vanguard-listing-box__button__text\"\n                          >Klicka h\u00e4r<\/span><\/a>\n                    <\/p>\n<\/p><\/div>\n<\/p><\/div>\n<\/p><\/div>\n<p>              <!-- listing box --><\/p>\n<div class=\"wp-block-vanguard-vanguard-listing-boxes-box\">\n<div class=\"vanguard-listing-box\">\n<div class=\"vanguard-listing-box__image\">\n                    <img\n                      decoding=\"async\"\n                      src=\"https:\/\/www.vanguardhealthcare.co.uk\/wp-content\/uploads\/2024\/11\/Sonnemann-Toon-logo.jpg\"\n                    \/>\n                  <\/div>\n<div class=\"vanguard-listing-box__copy\">\n<h3 class=\"vanguard-listing-box__heading\">\n                      Sonnemann ton<br \/>\n                    <\/h3>\n<h4 class=\"vanguard-listing-box__subeading\"><\/h4>\n<p>\n                        Sonnemann Toon Architects grundades 2002 och har byggt en m\u00e5ngsidig portf\u00f6lj som sp\u00e4nner \u00f6ver h\u00e4lsov\u00e5rds-, kommersiella och bostadssektorer.\n                    <\/p>\n<p>\n                      <a\n                        href=\"https:\/\/www.vanguardhealthcare.co.uk\/sv_se\/holistic-approach-to-collaboration-with-sonnemann-toon-architects\/\"\n                        class=\"vanguard-listing-box__button\"\n                        ><span class=\"vanguard-listing-box__button__text\"\n                          >Klicka h\u00e4r<\/span><\/a>\n                    <\/p>\n<\/p><\/div>\n<\/p><\/div>\n<\/p><\/div>\n<p>              <!-- listing box --><\/p>\n<div class=\"wp-block-vanguard-vanguard-listing-boxes-box\">\n<div class=\"vanguard-listing-box\">\n<div class=\"vanguard-listing-box__image\">\n                    <img\n                      decoding=\"async\"\n                      src=\"https:\/\/www.vanguardhealthcare.co.uk\/wp-content\/uploads\/2024\/11\/small-SA_logo_2022.png\"\n                    \/>\n                  <\/div>\n<div class=\"vanguard-listing-box__copy\">\n<h3 class=\"vanguard-listing-box__heading\">\n                      H\u00e5llbar f\u00f6rdel<br \/>\n                    <\/h3>\n<h4 class=\"vanguard-listing-box__subeading\"><\/h4>\n<p>\n                        Sustainable Advantage \u00e4r unikt placerat f\u00f6r att ge r\u00e5d till f\u00f6retag p\u00e5 deras ESG-resa, och hj\u00e4lpa dem att anamma ESG f\u00f6r strategiska f\u00f6rdelar.\n                    <\/p>\n<p>\n                      <a\n                        href=\"https:\/\/www.vanguardhealthcare.co.uk\/sv_se\/working-in-partnership-with-sustainable-advantage-on-enhancing-our-environmental-social-and-governance-profile\/\"\n                        class=\"vanguard-listing-box__button\"\n                        ><span class=\"vanguard-listing-box__button__text\"\n                          >Klicka h\u00e4r<\/span><\/a>\n                    <\/p>\n<\/p><\/div>\n<\/p><\/div>\n<\/p><\/div>\n<\/p><\/div>\n<\/p><\/div>\n<\/p><\/div>\n<\/section><\/div>","protected":false},"excerpt":{"rendered":"<p>Advisory Board The British Research Establishment (BRE) Working in partnership with BRE to ensure thermal modelling meets Click Here University of Manchester Working with the University of Manchester to ensure specialist structural fire resistance Click Here Avie Consulting Ltd Working in partnership with Avie Consulting on structural engineering and floor vibration compliance Click Here Sonnemann [&hellip;]<\/p>\n","protected":false},"author":11,"featured_media":0,"parent":0,"menu_order":0,"comment_status":"closed","ping_status":"closed","template":"","meta":{"_acf_changed":false,"footnotes":""},"class_list":["post-7391","page","type-page","status-publish","format-standard","hentry"],"acf":[],"yoast_head":"<!-- This site is optimized with the Yoast SEO plugin v27.4 - https:\/\/yoast.com\/product\/yoast-seo-wordpress\/ -->\n<title>Advisory board - Vanguard Healthcare Solutions<\/title>\n<meta name=\"robots\" content=\"index, follow, max-snippet:-1, max-image-preview:large, max-video-preview:-1\" \/>\n<link rel=\"canonical\" href=\"https:\/\/www.vanguardhealthcare.co.uk\/sv_se\/advisory-board\/\" \/>\n<meta property=\"og:locale\" content=\"sv_SE\" \/>\n<meta property=\"og:type\" content=\"article\" \/>\n<meta property=\"og:title\" content=\"Advisory board - Vanguard Healthcare Solutions\" \/>\n<meta property=\"og:description\" content=\"Advisory Board The British Research Establishment (BRE) Working in partnership with BRE to ensure thermal modelling meets Click Here University of Manchester Working with the University of Manchester to ensure specialist structural fire resistance Click Here Avie Consulting Ltd Working in partnership with Avie Consulting on structural engineering and floor vibration compliance Click Here Sonnemann [&hellip;]\" \/>\n<meta property=\"og:url\" content=\"https:\/\/www.vanguardhealthcare.co.uk\/sv_se\/advisory-board\/\" \/>\n<meta property=\"og:site_name\" content=\"Vanguard Healthcare Solutions\" \/>\n<meta property=\"article:modified_time\" content=\"2024-11-01T09:14:03+00:00\" \/>\n<meta name=\"twitter:card\" content=\"summary_large_image\" \/>\n<meta name=\"twitter:label1\" content=\"Ber\u00e4knad l\u00e4stid\" \/>\n\t<meta name=\"twitter:data1\" content=\"2 minuter\" \/>\n<script type=\"application\/ld+json\" class=\"yoast-schema-graph\">{\"@context\":\"https:\\\/\\\/schema.org\",\"@graph\":[{\"@type\":\"WebPage\",\"@id\":\"https:\\\/\\\/www.vanguardhealthcare.co.uk\\\/advisory-board\\\/\",\"url\":\"https:\\\/\\\/www.vanguardhealthcare.co.uk\\\/advisory-board\\\/\",\"name\":\"Advisory board - Vanguard Healthcare Solutions\",\"isPartOf\":{\"@id\":\"https:\\\/\\\/www.vanguardhealthcare.co.uk\\\/#website\"},\"datePublished\":\"2024-07-01T16:49:46+00:00\",\"dateModified\":\"2024-11-01T09:14:03+00:00\",\"breadcrumb\":{\"@id\":\"https:\\\/\\\/www.vanguardhealthcare.co.uk\\\/advisory-board\\\/#breadcrumb\"},\"inLanguage\":\"sv-SE\",\"potentialAction\":[{\"@type\":\"ReadAction\",\"target\":[\"https:\\\/\\\/www.vanguardhealthcare.co.uk\\\/advisory-board\\\/\"]}]},{\"@type\":\"BreadcrumbList\",\"@id\":\"https:\\\/\\\/www.vanguardhealthcare.co.uk\\\/advisory-board\\\/#breadcrumb\",\"itemListElement\":[{\"@type\":\"ListItem\",\"position\":1,\"name\":\"Home\",\"item\":\"https:\\\/\\\/www.vanguardhealthcare.co.uk\\\/\"},{\"@type\":\"ListItem\",\"position\":2,\"name\":\"Advisory board\"}]},{\"@type\":\"WebSite\",\"@id\":\"https:\\\/\\\/www.vanguardhealthcare.co.uk\\\/#website\",\"url\":\"https:\\\/\\\/www.vanguardhealthcare.co.uk\\\/\",\"name\":\"Vanguard Healthcare Solutions\",\"description\":\"\",\"potentialAction\":[{\"@type\":\"SearchAction\",\"target\":{\"@type\":\"EntryPoint\",\"urlTemplate\":\"https:\\\/\\\/www.vanguardhealthcare.co.uk\\\/?s={search_term_string}\"},\"query-input\":{\"@type\":\"PropertyValueSpecification\",\"valueRequired\":true,\"valueName\":\"search_term_string\"}}],\"inLanguage\":\"sv-SE\"}]}<\/script>\n<!-- \/ Yoast SEO plugin. -->","yoast_head_json":{"title":"R\u00e5dgivande n\u00e4mnd - Vanguard H\u00e4lsov\u00e5rdsl\u00f6sningar","robots":{"index":"index","follow":"follow","max-snippet":"max-snippet:-1","max-image-preview":"max-image-preview:large","max-video-preview":"max-video-preview:-1"},"canonical":"https:\/\/www.vanguardhealthcare.co.uk\/sv_se\/advisory-board\/","og_locale":"sv_SE","og_type":"article","og_title":"Advisory board - Vanguard Healthcare Solutions","og_description":"Advisory Board The British Research Establishment (BRE) Working in partnership with BRE to ensure thermal modelling meets Click Here University of Manchester Working with the University of Manchester to ensure specialist structural fire resistance Click Here Avie Consulting Ltd Working in partnership with Avie Consulting on structural engineering and floor vibration compliance Click Here Sonnemann [&hellip;]","og_url":"https:\/\/www.vanguardhealthcare.co.uk\/sv_se\/advisory-board\/","og_site_name":"Vanguard Healthcare Solutions","article_modified_time":"2024-11-01T09:14:03+00:00","twitter_card":"summary_large_image","twitter_misc":{"Ber\u00e4knad l\u00e4stid":"2 minuter"},"schema":{"@context":"https:\/\/schema.org","@graph":[{"@type":"WebPage","@id":"https:\/\/www.vanguardhealthcare.co.uk\/advisory-board\/","url":"https:\/\/www.vanguardhealthcare.co.uk\/advisory-board\/","name":"R\u00e5dgivande n\u00e4mnd - Vanguard H\u00e4lsov\u00e5rdsl\u00f6sningar","isPartOf":{"@id":"https:\/\/www.vanguardhealthcare.co.uk\/#website"},"datePublished":"2024-07-01T16:49:46+00:00","dateModified":"2024-11-01T09:14:03+00:00","breadcrumb":{"@id":"https:\/\/www.vanguardhealthcare.co.uk\/advisory-board\/#breadcrumb"},"inLanguage":"sv-SE","potentialAction":[{"@type":"ReadAction","target":["https:\/\/www.vanguardhealthcare.co.uk\/advisory-board\/"]}]},{"@type":"BreadcrumbList","@id":"https:\/\/www.vanguardhealthcare.co.uk\/advisory-board\/#breadcrumb","itemListElement":[{"@type":"ListItem","position":1,"name":"Home","item":"https:\/\/www.vanguardhealthcare.co.uk\/"},{"@type":"ListItem","position":2,"name":"Advisory board"}]},{"@type":"WebSite","@id":"https:\/\/www.vanguardhealthcare.co.uk\/#website","url":"https:\/\/www.vanguardhealthcare.co.uk\/","name":"Vanguard Healthcare Solutions","description":"","potentialAction":[{"@type":"SearchAction","target":{"@type":"EntryPoint","urlTemplate":"https:\/\/www.vanguardhealthcare.co.uk\/?s={search_term_string}"},"query-input":{"@type":"PropertyValueSpecification","valueRequired":true,"valueName":"search_term_string"}}],"inLanguage":"sv-SE"}]}},"_links":{"self":[{"href":"https:\/\/www.vanguardhealthcare.co.uk\/sv_se\/wp-json\/wp\/v2\/pages\/7391","targetHints":{"allow":["GET"]}}],"collection":[{"href":"https:\/\/www.vanguardhealthcare.co.uk\/sv_se\/wp-json\/wp\/v2\/pages"}],"about":[{"href":"https:\/\/www.vanguardhealthcare.co.uk\/sv_se\/wp-json\/wp\/v2\/types\/page"}],"author":[{"embeddable":true,"href":"https:\/\/www.vanguardhealthcare.co.uk\/sv_se\/wp-json\/wp\/v2\/users\/11"}],"replies":[{"embeddable":true,"href":"https:\/\/www.vanguardhealthcare.co.uk\/sv_se\/wp-json\/wp\/v2\/comments?post=7391"}],"version-history":[{"count":0,"href":"https:\/\/www.vanguardhealthcare.co.uk\/sv_se\/wp-json\/wp\/v2\/pages\/7391\/revisions"}],"wp:attachment":[{"href":"https:\/\/www.vanguardhealthcare.co.uk\/sv_se\/wp-json\/wp\/v2\/media?parent=7391"}],"curies":[{"name":"wp","href":"https:\/\/api.w.org\/{rel}","templated":true}]}}