{"id":674,"date":"2023-07-19T14:17:08","date_gmt":"2023-07-19T14:17:08","guid":{"rendered":"https:\/\/www.vanguardhealthcare.co.uk\/?page_id=674"},"modified":"2026-03-27T16:46:36","modified_gmt":"2026-03-27T16:46:36","slug":"heritage","status":"publish","type":"page","link":"https:\/\/www.vanguardhealthcare.co.uk\/sv_se\/heritage\/","title":{"rendered":"Arv"},"content":{"rendered":"<section id=\"section-2-59\" class=\"ct-section\" style=\"background-image:url(https:\/\/www.vanguardhealthcare.co.uk\/wp-content\/uploads\/2023\/05\/boulders-right.png);background-size: auto;\" >\n<div class=\"ct-section-inner-wrap\">\n<div id=\"div_block-8-59\" class=\"ct-div-block\" ><a id=\"link_text-6-59\" class=\"ct-link-text\" href=\"\/sv_se\/\" target=\"_self\"  >Hem<\/a><\/p>\n<h1 id=\"headline-3-59\" class=\"ct-headline\"><span id=\"span-4-59\" class=\"ct-span\" >Arv<\/span><\/h1>\n<\/div>\n<\/div>\n<\/section>\n<section id=\"section-68-14-text-left-white\" class=\"ct-section\" >\n<div class=\"ct-section-inner-wrap\">\n<div id=\"new_columns-69-14text-left-white\" class=\"ct-new-columns\" >\n<div id=\"div_block-70-14\" class=\"ct-div-block\" >\n<h2 id=\"headline-71-14\" class=\"ct-headline\">Skapat innovativa l\u00f6sningar f\u00f6r v\u00e5rdgivare i \u00f6ver tv\u00e5 decennier<\/h2>\n<div id=\"_rich_text-72-14\" class=\"oxy-rich-text\" >\n<p dir=\"ltr\">Sedan Vanguard Healthcare Solutions etablerades 1999 har v\u00e5rt rykte som en ledande global leverant\u00f6r av flexibel klinisk infrastruktur och tj\u00e4nster v\u00e4xt stadigt. Vi \u00e4r stolta \u00f6ver att arbeta i partnerskap med NHS Trusts och oberoende branschorganisationer \u00f6ver hela Storbritannien - \u00f6ver 50% av brittiska offentliga sjukhusleverant\u00f6rer har nu anv\u00e4nt ett av v\u00e5ra v\u00e5rdutrymmen. V\u00e5ra kunder litar p\u00e5 att vi levererar h\u00f6gkvalitativa, tekniskt avancerade l\u00f6sningar f\u00f6r att f\u00f6rb\u00e4ttra h\u00e4lsoresultaten i takt och \u00e5terv\u00e4nda till oss g\u00e5ng p\u00e5 g\u00e5ng n\u00e4r behoven f\u00f6r\u00e4ndras.&nbsp;<\/p>\n<p dir=\"ltr\">2018 lanserades den officiella Q-bital Healthcare Solutions, den internationella divisionen av Vanguard Healthcare Solutions. F\u00f6retagets expansion har fortsatt of\u00f6rminskad i b\u00e5de Storbritannien och internationellt, och det forts\u00e4tter att leverera innovativa nya l\u00f6sningar. Vi \u00e4r nu internationellt verksamma i Nederl\u00e4nderna, Sverige, Australien och Frankrike och forts\u00e4tter att titta p\u00e5 nya marknader att expandera till och tillhandah\u00e5ller support varhelst det beh\u00f6vs. F\u00f6r mer information om v\u00e5r internationella verksamhet, bes\u00f6k <a href=\"https:\/\/www.q-bital.com\" target=\"_blank\" rel=\"noopener\">www.q-bital.com<\/a>.<\/p>\n<p dir=\"ltr\">2023 tillk\u00e4nnagav Vanguard Healthcare Solutions f\u00f6rv\u00e4rvet av en specialbyggd tillverkningsanl\u00e4ggning i Hull. Denna investering m\u00f6jligg\u00f6r ytterligare kapacitet till v\u00e5r tillf\u00e4lliga och permanenta modul\u00e4ra rymdproduktionskapacitet. Detta initiativ kommer att ge st\u00f6rre utrymme f\u00f6r att framg\u00e5ngsrikt tillgodose behovet av investeringar i infrastruktur inom h\u00e4lso- och sjukv\u00e5rdssektorn.<\/p>\n<p dir=\"ltr\">\u00c5r 2026 expanderade Vanguard Healthcare Solutions till life science-sektorn med lanseringen av&nbsp;<a href=\"http:\/\/www.vanguardlifesciences.co.uk\">Vanguard Livsvetenskap<\/a>. Med utg\u00e5ngspunkt i sin etablerade expertis inom modul\u00e4ra h\u00e4lsov\u00e5rdsanl\u00e4ggningar fokuserar denna nya division p\u00e5 att tillhandah\u00e5lla avancerade renrums- och inneslutningsmilj\u00f6er f\u00f6r l\u00e4kemedels-, bioteknik- och forskningsorganisationer. Levereras i samarbete med specialistpartner.&nbsp;<a href=\"https:\/\/www.enbloc-cleanrooms.com\/\">Enblock<\/a>,&nbsp;<a href=\"\/wp-admin\/vanguardlifescience\">Vanguard Livsvetenskap<\/a>&nbsp;ut\u00f6kar f\u00f6retagets kapacitet till h\u00e5rt reglerade milj\u00f6er och st\u00f6djer kunder med flexibla och kompatibla infrastrukturl\u00f6sningar.<\/p>\n<p dir=\"ltr\">&nbsp;<\/p>\n<\/div>\n<\/div>\n<div id=\"div_block-74-14\" class=\"ct-div-block\" ><img decoding=\"async\"  id=\"image-75-14\" alt=\"\" src=\"https:\/\/www.vanguardhealthcare.co.uk\/wp-content\/uploads\/2025\/03\/PHOTOSHOPPED-VERSION-EXTERNAL-scaled.jpg\" class=\"ct-image\"\/><\/div>\n<\/div>\n<\/div>\n<\/section>\n<section id=\"section-132-34\" class=\"ct-section\" >\n<div class=\"ct-section-inner-wrap\">\n<div id=\"new_columns-133-34\" class=\"ct-new-columns\" >\n<div id=\"div_block-138-34\" class=\"ct-div-block\" ><img decoding=\"async\"  id=\"image-139-34\" alt=\"\" src=\"https:\/\/www.vanguardhealthcare.co.uk\/wp-content\/uploads\/2025\/10\/NUFFIELD-TEES-USE-THIS-BETTER-FORMAT.jpg\" class=\"ct-image\"\/><\/div>\n<div id=\"div_block-134-34\" class=\"ct-div-block\" >\n<h2 id=\"headline-135-34\" class=\"ct-headline\">Varje detalj beaktas f\u00f6r att f\u00e5 v\u00e5ra v\u00e5rdplatser att fungera f\u00f6r v\u00e5ra kunder<\/h2>\n<div id=\"_rich_text-136-34\" class=\"oxy-rich-text\" >\n<p dir=\"ltr\">Vi samarbetar med v\u00e5ra kunder f\u00f6r att tillhandah\u00e5lla h\u00e5llbara v\u00e5rdl\u00f6sningar av h\u00f6g kvalitet, med skr\u00e4ddarsydda mobila och modul\u00e4ra v\u00e5rdutrymmen som tillgodoser de unika behoven hos varje sjukv\u00e5rdssystem. V\u00e5ra anl\u00e4ggningar kan skr\u00e4ddarsys med en m\u00e4ngd valm\u00f6jligheter, inklusive operationssalar, kirurgiska centra, community diagnostic centers (CDCs), endoskopisviter, dekontaminerings- och steriliseringsanl\u00e4ggningar, avdelningar, kliniker och enheter f\u00f6r mindre skador (MIU). V\u00e5ra produkter, tj\u00e4nster och alternativ f\u00f6r klinisk personal kan kombineras f\u00f6r att erbjuda o\u00e4ndliga m\u00f6jligheter; varje nytt projekt \u00e4r en m\u00f6jlighet att skapa ett helt unikt Healthcare Space.<\/p>\n<p dir=\"ltr\">V\u00e5rt rykte skapades av v\u00e5r f\u00f6rm\u00e5ga att st\u00f6dja sjukhus med ytterligare kapacitetsfaciliteter som kunde levereras p\u00e5 n\u00e5gra dagar. Men vi erbjuder v\u00e5ra kunder s\u00e5 mycket mer, med o\u00e4ndliga m\u00f6jligheter f\u00f6r v\u00e5ra p\u00e5litliga partners att utvidga gr\u00e4nserna f\u00f6r sin h\u00e4lsov\u00e5rd.&nbsp;<\/p>\n<p dir=\"ltr\">V\u00e5r expertis bygger p\u00e5 att skapa starka relationer med v\u00e5ra kunder och utveckla s\u00e4tt att f\u00f6rb\u00e4ttra den befintliga infrastrukturen i v\u00e5rdomr\u00e5det. V\u00e5r drivande ambition \u00e4r att vara en del av att utveckla v\u00e4rldens mest flexibla l\u00f6sningar f\u00f6r sjukv\u00e5rdsinfrastruktur. F\u00f6rutom att tillhandah\u00e5lla v\u00e5rdutrymmen f\u00f6r att hj\u00e4lpa dig med h\u00f6g patientefterfr\u00e5gan och l\u00e5nga v\u00e4ntelistor, kan vi hj\u00e4lpa dig att \u00f6vervinna operativa utmaningar som en renovering och erbjuda en n\u00f6dsituation om du skulle r\u00e5ka ut f\u00f6r en brand, \u00f6versv\u00e4mning eller haveri.&nbsp;<\/p>\n<p dir=\"ltr\">Ett dedikerat team av experter hj\u00e4lper till med att projektleda design, implementering och klinisk serviceleverans av varje anl\u00e4ggning fr\u00e5n f\u00f6rsta befruktning till borttagning fr\u00e5n platsen. Varje skede av projektet st\u00f6ds av ett kliniskt team av l\u00e4kare p\u00e5 operationsavdelningen, sjukv\u00e5rdsassistenter och legitimerade sjuksk\u00f6terskor som \u00e4r tillg\u00e4ngliga f\u00f6r att tillhandah\u00e5lla ytterligare personal vid behov.<\/p>\n<\/div>\n<\/div>\n<\/div>\n<\/div>\n<\/section>\n<section id=\"section-2-202\" class=\"ct-section\" >\n<div class=\"ct-section-inner-wrap\">\n<div id=\"div_block-3-202\" class=\"ct-div-block\" >\n<h2 id=\"headline-4-202\" class=\"ct-headline\">\u00d6ver 350 000 procedurer och allt fler...<\/h2>\n<div id=\"_rich_text-5-202\" class=\"oxy-rich-text\" >\n<p dir=\"ltr\">\u00d6ver 350 000 procedurer har hittills genomf\u00f6rts i v\u00e5ra mobila anl\u00e4ggningar bemannade med l\u00e4kare.<\/p>\n<p dir=\"ltr\">Som en leverant\u00f6r av kliniska tj\u00e4nster i v\u00e4rldsklass \u00e4r vi stolta \u00f6ver att v\u00e5ra Healthcare Spaces \u00e4r l\u00e4mpliga f\u00f6r 75% av alla typer av kliniska ingrepp som utf\u00f6rs p\u00e5 ett st\u00f6rre akutsjukhus, fr\u00e5n h\u00f6ftproteser till kataraktkirurgi, endoskopi till plastikkirurgi.<\/p>\n<p dir=\"ltr\">M\u00e5nga av v\u00e5ra lokaler anv\u00e4nds och bemannas av sjukhuset. F\u00f6r kontrakt d\u00e4r en facilitator f\u00f6r Vanguard-enheter finns p\u00e5 plats, \u00f6vervakar och registrerar f\u00f6retaget en l\u00f6pande procedurr\u00e4knare f\u00f6r att m\u00f6jligg\u00f6ra kontinuerliga f\u00f6rb\u00e4ttringar och f\u00f6r att ge bevis p\u00e5 sin stora erfarenhet.<\/p>\n<\/div>\n<div id=\"div_block-6-202\" class=\"ct-div-block\" ><img decoding=\"async\"  id=\"image-7-202\" alt=\"\" src=\"https:\/\/www.vanguardhealthcare.co.uk\/wp-content\/uploads\/2023\/07\/proceedures-infographic.png\" class=\"ct-image\"\/><\/div>\n<\/div>\n<\/div>\n<\/section>\n<section id=\"section-144-59\" class=\"ct-section\" >\n<div class=\"ct-section-inner-wrap\">\n<div id=\"new_columns-145-59\" class=\"ct-new-columns\" >\n<div id=\"div_block-146-59\" class=\"ct-div-block\" >\n<div id=\"_rich_text-9-63\" class=\"oxy-rich-text\" >\n<p>Att hitta en l\u00f6sning som fungerar f\u00f6r ditt sjukhus b\u00f6rjar h\u00e4r...<\/p>\n<\/div>\n<p><a id=\"link_button-149-59\" class=\"ct-link-button\" href=\"\/sv_se\/contact\/\" target=\"_self\"  >Komma i kontakt<\/a><\/div>\n<div id=\"div_block-150-59\" class=\"ct-div-block\" ><img decoding=\"async\"  id=\"image-151-59\" alt=\"\" src=\"https:\/\/www.vanguardhealthcare.co.uk\/wp-content\/uploads\/2023\/06\/kettering-2-1.jpg\" class=\"ct-image\"\/><\/div>\n<\/div>\n<\/div>\n<\/section>","protected":false},"excerpt":{"rendered":"","protected":false},"author":2,"featured_media":0,"parent":0,"menu_order":0,"comment_status":"closed","ping_status":"closed","template":"","meta":{"_acf_changed":false,"footnotes":""},"class_list":["post-674","page","type-page","status-publish","format-standard","hentry"],"acf":[],"yoast_head":"<!-- This site is optimized with the Yoast SEO plugin v27.4 - https:\/\/yoast.com\/product\/yoast-seo-wordpress\/ -->\n<title>Heritage - Vanguard Healthcare Solutions<\/title>\n<meta name=\"robots\" content=\"index, follow, max-snippet:-1, max-image-preview:large, max-video-preview:-1\" \/>\n<link rel=\"canonical\" href=\"https:\/\/www.vanguardhealthcare.co.uk\/sv_se\/heritage\/\" \/>\n<meta property=\"og:locale\" content=\"sv_SE\" \/>\n<meta property=\"og:type\" content=\"article\" \/>\n<meta property=\"og:title\" content=\"Heritage - Vanguard Healthcare Solutions\" \/>\n<meta property=\"og:url\" content=\"https:\/\/www.vanguardhealthcare.co.uk\/sv_se\/heritage\/\" \/>\n<meta property=\"og:site_name\" content=\"Vanguard Healthcare Solutions\" \/>\n<meta property=\"article:modified_time\" content=\"2026-03-27T16:46:36+00:00\" \/>\n<meta name=\"twitter:card\" content=\"summary_large_image\" \/>\n<meta name=\"twitter:label1\" content=\"Ber\u00e4knad l\u00e4stid\" \/>\n\t<meta name=\"twitter:data1\" content=\"1 minut\" \/>\n<script type=\"application\/ld+json\" class=\"yoast-schema-graph\">{\"@context\":\"https:\\\/\\\/schema.org\",\"@graph\":[{\"@type\":\"WebPage\",\"@id\":\"https:\\\/\\\/www.vanguardhealthcare.co.uk\\\/heritage\\\/\",\"url\":\"https:\\\/\\\/www.vanguardhealthcare.co.uk\\\/heritage\\\/\",\"name\":\"Heritage - Vanguard Healthcare Solutions\",\"isPartOf\":{\"@id\":\"https:\\\/\\\/www.vanguardhealthcare.co.uk\\\/#website\"},\"datePublished\":\"2023-07-19T14:17:08+00:00\",\"dateModified\":\"2026-03-27T16:46:36+00:00\",\"breadcrumb\":{\"@id\":\"https:\\\/\\\/www.vanguardhealthcare.co.uk\\\/heritage\\\/#breadcrumb\"},\"inLanguage\":\"sv-SE\",\"potentialAction\":[{\"@type\":\"ReadAction\",\"target\":[\"https:\\\/\\\/www.vanguardhealthcare.co.uk\\\/heritage\\\/\"]}]},{\"@type\":\"BreadcrumbList\",\"@id\":\"https:\\\/\\\/www.vanguardhealthcare.co.uk\\\/heritage\\\/#breadcrumb\",\"itemListElement\":[{\"@type\":\"ListItem\",\"position\":1,\"name\":\"Home\",\"item\":\"https:\\\/\\\/www.vanguardhealthcare.co.uk\\\/\"},{\"@type\":\"ListItem\",\"position\":2,\"name\":\"Heritage\"}]},{\"@type\":\"WebSite\",\"@id\":\"https:\\\/\\\/www.vanguardhealthcare.co.uk\\\/#website\",\"url\":\"https:\\\/\\\/www.vanguardhealthcare.co.uk\\\/\",\"name\":\"Vanguard Healthcare Solutions\",\"description\":\"\",\"potentialAction\":[{\"@type\":\"SearchAction\",\"target\":{\"@type\":\"EntryPoint\",\"urlTemplate\":\"https:\\\/\\\/www.vanguardhealthcare.co.uk\\\/?s={search_term_string}\"},\"query-input\":{\"@type\":\"PropertyValueSpecification\",\"valueRequired\":true,\"valueName\":\"search_term_string\"}}],\"inLanguage\":\"sv-SE\"}]}<\/script>\n<!-- \/ Yoast SEO plugin. -->","yoast_head_json":{"title":"Arv - Vanguard H\u00e4lsov\u00e5rdsl\u00f6sningar","robots":{"index":"index","follow":"follow","max-snippet":"max-snippet:-1","max-image-preview":"max-image-preview:large","max-video-preview":"max-video-preview:-1"},"canonical":"https:\/\/www.vanguardhealthcare.co.uk\/sv_se\/heritage\/","og_locale":"sv_SE","og_type":"article","og_title":"Heritage - Vanguard Healthcare Solutions","og_url":"https:\/\/www.vanguardhealthcare.co.uk\/sv_se\/heritage\/","og_site_name":"Vanguard Healthcare Solutions","article_modified_time":"2026-03-27T16:46:36+00:00","twitter_card":"summary_large_image","twitter_misc":{"Ber\u00e4knad l\u00e4stid":"1 minut"},"schema":{"@context":"https:\/\/schema.org","@graph":[{"@type":"WebPage","@id":"https:\/\/www.vanguardhealthcare.co.uk\/heritage\/","url":"https:\/\/www.vanguardhealthcare.co.uk\/heritage\/","name":"Arv - Vanguard H\u00e4lsov\u00e5rdsl\u00f6sningar","isPartOf":{"@id":"https:\/\/www.vanguardhealthcare.co.uk\/#website"},"datePublished":"2023-07-19T14:17:08+00:00","dateModified":"2026-03-27T16:46:36+00:00","breadcrumb":{"@id":"https:\/\/www.vanguardhealthcare.co.uk\/heritage\/#breadcrumb"},"inLanguage":"sv-SE","potentialAction":[{"@type":"ReadAction","target":["https:\/\/www.vanguardhealthcare.co.uk\/heritage\/"]}]},{"@type":"BreadcrumbList","@id":"https:\/\/www.vanguardhealthcare.co.uk\/heritage\/#breadcrumb","itemListElement":[{"@type":"ListItem","position":1,"name":"Home","item":"https:\/\/www.vanguardhealthcare.co.uk\/"},{"@type":"ListItem","position":2,"name":"Heritage"}]},{"@type":"WebSite","@id":"https:\/\/www.vanguardhealthcare.co.uk\/#website","url":"https:\/\/www.vanguardhealthcare.co.uk\/","name":"Vanguard Healthcare Solutions","description":"","potentialAction":[{"@type":"SearchAction","target":{"@type":"EntryPoint","urlTemplate":"https:\/\/www.vanguardhealthcare.co.uk\/?s={search_term_string}"},"query-input":{"@type":"PropertyValueSpecification","valueRequired":true,"valueName":"search_term_string"}}],"inLanguage":"sv-SE"}]}},"_links":{"self":[{"href":"https:\/\/www.vanguardhealthcare.co.uk\/sv_se\/wp-json\/wp\/v2\/pages\/674","targetHints":{"allow":["GET"]}}],"collection":[{"href":"https:\/\/www.vanguardhealthcare.co.uk\/sv_se\/wp-json\/wp\/v2\/pages"}],"about":[{"href":"https:\/\/www.vanguardhealthcare.co.uk\/sv_se\/wp-json\/wp\/v2\/types\/page"}],"author":[{"embeddable":true,"href":"https:\/\/www.vanguardhealthcare.co.uk\/sv_se\/wp-json\/wp\/v2\/users\/2"}],"replies":[{"embeddable":true,"href":"https:\/\/www.vanguardhealthcare.co.uk\/sv_se\/wp-json\/wp\/v2\/comments?post=674"}],"version-history":[{"count":0,"href":"https:\/\/www.vanguardhealthcare.co.uk\/sv_se\/wp-json\/wp\/v2\/pages\/674\/revisions"}],"wp:attachment":[{"href":"https:\/\/www.vanguardhealthcare.co.uk\/sv_se\/wp-json\/wp\/v2\/media?parent=674"}],"curies":[{"name":"wp","href":"https:\/\/api.w.org\/{rel}","templated":true}]}}