{"id":209,"date":"2023-06-14T14:38:36","date_gmt":"2023-06-14T14:38:36","guid":{"rendered":"https:\/\/www.vanguardhealthcare.co.uk\/?page_id=209"},"modified":"2026-01-13T14:37:46","modified_gmt":"2026-01-13T14:37:46","slug":"environment","status":"publish","type":"page","link":"https:\/\/www.vanguardhealthcare.co.uk\/sv_se\/environment\/","title":{"rendered":"Milj\u00f6"},"content":{"rendered":"<section id=\"section-2-59\" class=\"ct-section\" style=\"background-image:url(https:\/\/www.vanguardhealthcare.co.uk\/wp-content\/uploads\/2023\/05\/boulders-right.png);background-size: auto;\" >\n<div class=\"ct-section-inner-wrap\">\n<div id=\"div_block-8-59\" class=\"ct-div-block\" ><a id=\"link_text-6-59\" class=\"ct-link-text\" href=\"\/sv_se\/\" target=\"_self\"  >Hem<\/a><\/p>\n<h1 id=\"headline-3-59\" class=\"ct-headline\"><span id=\"span-4-59\" class=\"ct-span\" >Milj\u00f6<\/span><\/h1>\n<\/div>\n<\/div>\n<\/section>\n<section id=\"section-68-14-text-left-white\" class=\"ct-section\" >\n<div class=\"ct-section-inner-wrap\">\n<div id=\"new_columns-69-14text-left-white\" class=\"ct-new-columns\" >\n<div id=\"div_block-70-14\" class=\"ct-div-block\" >\n<h2 id=\"headline-71-14\" class=\"ct-headline\">V\u00e5ra \u00e5taganden om h\u00e5llbarhet och socialt ansvar<\/h2>\n<div id=\"_rich_text-72-14\" class=\"oxy-rich-text\" >\n<p>Vi har \u00e5tagit oss att bli en milj\u00f6m\u00e4ssigt h\u00e5llbar och socialt ansvarsfull organisation som skapar v\u00e4rldsledande kliniska v\u00e5rdplatser med minimal p\u00e5verkan p\u00e5 milj\u00f6n.<\/p>\n<p><strong>V\u00e5ra m\u00e5l<\/strong><\/p>\n<p>1. V\u00e5r aff\u00e4rspraxis utvecklas st\u00e4ndigt; v\u00e5r milj\u00f6f\u00e4rdkarta f\u00f6rbinder oss att vara koldioxidneutrala f\u00f6r 1- och 2-utsl\u00e4pp senast i slutet av 2023 och att bli koldioxidnetto till 2035.<\/p>\n<p>2. Vi str\u00e4var st\u00e4ndigt efter att erbjuda produkter och tj\u00e4nster som hj\u00e4lper v\u00e5ra kunder att uppn\u00e5 sina egna milj\u00f6m\u00e5l. V\u00e5ra v\u00e5rdplatser kommer att vara koldioxidneutrala p\u00e5 en daglig basis senast 2025.<\/p>\n<\/div>\n<\/div>\n<div id=\"div_block-74-14\" class=\"ct-div-block\" ><img decoding=\"async\"  id=\"image-75-14\" alt=\"\" src=\"https:\/\/www.vanguardhealthcare.co.uk\/wp-content\/uploads\/2023\/07\/Solar-Panels.jpg\" class=\"ct-image\"\/><\/div>\n<\/div>\n<\/div>\n<\/section>\n<section id=\"section-88-34-blue\" class=\"ct-section\" >\n<div class=\"ct-section-inner-wrap\">\n<div id=\"new_columns-89-34-blue\" class=\"ct-new-columns\" >\n<div id=\"div_block-94-34\" class=\"ct-div-block\" ><img decoding=\"async\"  id=\"image-95-34\" alt=\"\" src=\"https:\/\/www.vanguardhealthcare.co.uk\/wp-content\/uploads\/2023\/07\/CO2.jpg\" class=\"ct-image\"\/><\/div>\n<div id=\"div_block-90-34\" class=\"ct-div-block\" >\n<h2 id=\"headline-91-34\" class=\"ct-headline\">V\u00e5ra \u00e5taganden <\/h2>\n<div id=\"_rich_text-92-34\" class=\"oxy-rich-text\" >\n<ul>\n<li>Att ha en tydlig, l\u00e5ngsiktig strategisk plan med vetenskapsbaserade m\u00e5l f\u00f6r att s\u00e4kerst\u00e4lla att vi uppn\u00e5r v\u00e5ra l\u00e5ngsiktiga m\u00e5l och levererar v\u00e5r \u00e5rliga taktiska aktivitet<\/li>\n<li>\u00c5rlig utgivning av en <a href=\"\/sv_se\/carbon-reduction-plan\/\">koldioxidminskningsplan<\/a><\/li>\n<li>\u00c5rlig m\u00e4tning av v\u00e5rt koldioxidavtryck<\/li>\n<li>Leverera en modulportf\u00f6lj med noll byggnader senast 2024 &nbsp;<\/li>\n<li>Se till att vi har en h\u00e5llbar f\u00f6rs\u00f6rjningskedja med material och design som kan f\u00f6rl\u00e4nga livsl\u00e4ngden p\u00e5 v\u00e5ra byggnader<\/li>\n<li>Maximera niv\u00e5n av \u00e5teranv\u00e4ndning\/\u00e5teranv\u00e4ndning eller \u00e5tervinning f\u00f6r framtida projekt<\/li>\n<li>\u00d6ka anv\u00e4ndningen av f\u00f6rnybara energik\u00e4llor i v\u00e5ra lokaler tills vi \u00e4r helt drivna av f\u00f6rnybara energik\u00e4llor 2025<\/li>\n<li>\u00d6verg\u00e5ng till en eldriven flotta till 2025, fasa ut fossilbr\u00e4nslefordon<\/li>\n<li>Minska utsl\u00e4ppen fr\u00e5n f\u00f6rs\u00f6rjningskedjan med 80%<\/li>\n<li>P\u00e5g\u00e5ende investeringar i projekt f\u00f6r avskiljning av koldioxid f\u00f6r att ta bort 500tCO2-e per \u00e5r fr\u00e5n atmosf\u00e4ren via v\u00e5rt partnerskap med Klimate<\/li>\n<li>Se till att v\u00e5r leverant\u00f6rskedja har rutiner p\u00e5 plats f\u00f6r att minska deras milj\u00f6p\u00e5verkan, inklusive val av material&nbsp;<\/li>\n<li>Inget avfall deponeras<\/li>\n<\/ul>\n<p>Se v\u00e5r resa till&nbsp;<a href=\"\/wp-content\/uploads\/2023\/07\/Vanguard-Carbon-Net-Zero-Graphics-juli-2023-1.pdf\" target=\"_blank\" rel=\"noopener\">Carbon Net Zero f\u00e4rdplan<\/a><\/p>\n<p>Ta reda p\u00e5 om v\u00e5ra senaste<span style=\"font-size: 11pt;font-family: verdana, geneva, sans-serif\">&nbsp;<a href=\"\/sv_se\/nhs-evergreen-sustainable-supplier-assessment\/\">NHS Evergreen Sustainable Supplier Assessment<\/a><\/span><\/p>\n<\/div>\n<\/div>\n<\/div>\n<\/div>\n<\/section>\n<section id=\"section-68-14-text-left-white\" class=\"ct-section\" >\n<div class=\"ct-section-inner-wrap\">\n<div id=\"new_columns-69-14text-left-white\" class=\"ct-new-columns\" >\n<div id=\"div_block-70-14\" class=\"ct-div-block\" >\n<h2 id=\"headline-71-14\" class=\"ct-headline\">Hur vi levererar produkter och tj\u00e4nster som hj\u00e4lper v\u00e5ra kunder att n\u00e5 sina milj\u00f6m\u00e5l:<\/h2>\n<div id=\"_rich_text-72-14\" class=\"oxy-rich-text\" >\n<ul>\n<li>80% fabrikskompletteringsniv\u00e5er minimerar aktiviteter p\u00e5 plats<\/li>\n<li>Inf\u00f6rande av en koldioxidneutral modulbyggnad i v\u00e5r portf\u00f6lj av tj\u00e4nster&nbsp;<\/li>\n<li>Alla byggnader f\u00f6r att uppn\u00e5 BREEAM &#039;Excellent&#039;-niv\u00e5er som standard<\/li>\n<li>Leverans av energieffektiva byggnader som inte kompromissar med s\u00e4kerhet, praktiska eller funktionella krav&nbsp;<\/li>\n<li>Anv\u00e4ndning av modern teknik f\u00f6r att f\u00e5nga upp och utnyttja f\u00f6rnybara energik\u00e4llor f\u00f6r att kontrollera driftsmilj\u00f6er<\/li>\n<li>Underkonstruktionsmoduler av st\u00e5lram, betongundergolv tillverkade i en koldioxidneutral fabrik<\/li>\n<\/ul>\n<\/div>\n<\/div>\n<div id=\"div_block-74-14\" class=\"ct-div-block\" ><img decoding=\"async\"  id=\"image-75-14\" alt=\"\" src=\"https:\/\/www.vanguardhealthcare.co.uk\/wp-content\/uploads\/2023\/07\/Roof.jpg\" class=\"ct-image\"\/><\/div>\n<\/div>\n<\/div>\n<\/section>\n<section id=\"section-88-34-blue\" class=\"ct-section\" >\n<div class=\"ct-section-inner-wrap\">\n<div id=\"new_columns-89-34-blue\" class=\"ct-new-columns\" >\n<div id=\"div_block-94-34\" class=\"ct-div-block\" ><img decoding=\"async\"  id=\"image-95-34\" alt=\"\" src=\"https:\/\/www.vanguardhealthcare.co.uk\/wp-content\/uploads\/2023\/07\/Crane.jpg\" class=\"ct-image\"\/><\/div>\n<div id=\"div_block-90-34\" class=\"ct-div-block\" >\n<h2 id=\"headline-91-34\" class=\"ct-headline\">En cirkul\u00e4r ekonomi<\/h2>\n<div id=\"_rich_text-92-34\" class=\"oxy-rich-text\" >\n<p>Genom sin anpassningsbara och h\u00e5llbara design spelar modul\u00e4ra och mobila anl\u00e4ggningar en viktig roll i att fr\u00e4mja den cirkul\u00e4ra ekonomin samtidigt som de erbjuder milj\u00f6m\u00e4ssiga och h\u00e5llbara f\u00f6rdelar. Anv\u00e4ndningen av modul\u00e4ra komponenter m\u00f6jligg\u00f6r enkel demontering, flytt och omkonfigurering, vilket g\u00f6r att h\u00e4lso- och sjukv\u00e5rdstj\u00e4nster kan levereras effektivt d\u00e4r det beh\u00f6vs.&nbsp;<\/p>\n<p>Denna flexibilitet minskar inte bara bygg- och driftskostnader utan minskar \u00e4ven milj\u00f6p\u00e5verkan i samband med traditionella fasta strukturer. Dessutom fr\u00e4mjar modul\u00e4ra anl\u00e4ggningar \u00e5teranv\u00e4ndning och \u00e5tervinning av material, vilket bidrar till den cirkul\u00e4ra ekonomin genom att f\u00f6rl\u00e4nga deras livsl\u00e4ngd och minska efterfr\u00e5gan p\u00e5 nya resurser.&nbsp;<\/p>\n<\/div>\n<\/div>\n<\/div>\n<\/div>\n<\/section>\n<section id=\"section-332-315\" class=\"ct-section\" >\n<div class=\"ct-section-inner-wrap\">\n<div id=\"new_columns-333-315\" class=\"ct-new-columns\" >\n<div id=\"div_block-334-315\" class=\"ct-div-block\" >\n<div id=\"div_block-345-315\" class=\"ct-div-block box-shadow\" >\n<div id=\"_rich_text-346-315\" class=\"oxy-rich-text\" >\n<h3>V\u00e5r leveranskedja<\/h3>\n<p>\u2022 V\u00e5ra underkonstruktionsmoduler i st\u00e5lram, betongundergolv tillverkas i en koldioxidneutral fabrik<\/p>\n<p>\u2022 V\u00e5ra v\u00e4ggsystem \u00e4r specificerade och designade f\u00f6r v\u00e5ra byggnader, vilket minskar avfall och defektomarbetning<\/p>\n<p>\u2022 Vi arbetar med v\u00e5ra leveranskedjor f\u00f6r att minska deras milj\u00f6p\u00e5verkan genom de valda materialen och deras egen praxis<\/p>\n<\/div>\n<\/div>\n<\/div>\n<div id=\"div_block-335-315\" class=\"ct-div-block\" >\n<div id=\"div_block-342-315\" class=\"ct-div-block box-shadow\" >\n<div id=\"_rich_text-337-315\" class=\"oxy-rich-text\" >\n<h3>Fabrikskontrollerad milj\u00f6<\/h3>\n<p>\u2022 Omarbetnings- och defektepisoder minimeras<\/p>\n<p>\u2022 Minska materialspill genom produktionskontroll<\/p>\n<p>\u2022 \u00d6ka v\u00e5r avfallssegregering och \u00e5tervinningsniv\u00e5er<\/p>\n<\/div>\n<\/div>\n<\/div>\n<\/div>\n<div id=\"new_columns-350-315\" class=\"ct-new-columns\" >\n<div id=\"div_block-351-315\" class=\"ct-div-block\" >\n<div id=\"div_block-354-315\" class=\"ct-div-block box-shadow\" >\n<div id=\"_rich_text-355-315\" class=\"oxy-rich-text\" >\n<h3>Energieffektiva konstruktioner<\/h3>\n<p>\u2022 Anv\u00e4nd naturligt ljus och ventilation d\u00e4r s\u00e5 \u00e4r m\u00f6jligt<\/p>\n<p>\u2022 Levererar h\u00f6ga isoleringsv\u00e4rden inom v\u00e5ra modul\u00e4ra v\u00e4gg-, tak- och glassystem<\/p>\n<p>\u2022 Energiavskiljning d\u00e4r det \u00e4r praktiskt m\u00f6jligt<\/p>\n<p>\u2022 Gr\u00f6n v\u00e4gg<\/p>\n<\/div>\n<\/div>\n<\/div>\n<div id=\"div_block-356-315\" class=\"ct-div-block\" >\n<div id=\"div_block-359-315\" class=\"ct-div-block box-shadow\" >\n<div id=\"_rich_text-360-315\" class=\"oxy-rich-text\" >\n<h3>Anv\u00e4ndning av modern h\u00e5llbar teknik<\/h3>\n<p>\u2022 Alternativ f\u00f6r uppv\u00e4rmning av mark\/luft<\/p>\n<p>\u2022 PV-paneler<\/p>\n<p>\u2022 Integrerad CO2-\u00f6vervakning<\/p>\n<p>\u2022 \u00c5tervinning av regnvatten<\/p>\n<\/div>\n<\/div>\n<\/div>\n<\/div>\n<\/div>\n<\/section>\n<section id=\"section-68-14-text-left-white\" class=\"ct-section\" >\n<div class=\"ct-section-inner-wrap\">\n<div id=\"new_columns-69-14text-left-white\" class=\"ct-new-columns\" >\n<div id=\"div_block-70-14\" class=\"ct-div-block\" >\n<h2 id=\"headline-71-14\" class=\"ct-headline\">Socialt ansvar<\/h2>\n<div id=\"_rich_text-72-14\" class=\"oxy-rich-text\" >\n<p>Vi anv\u00e4nder v\u00e5r f\u00f6retagsr\u00e4ckvidd f\u00f6r att gynna milj\u00f6n och samh\u00e4llen och tillhandah\u00e5lla s\u00e4ker och h\u00f6gkvalitativ infrastruktur.&nbsp;<\/p>\n<p>V\u00e5rt fokus ligger p\u00e5:<\/p>\n<ul>\n<li>Uppn\u00e5 ISO14001 och 45001 standarder<\/li>\n<li>Arbetar med naturv\u00e5rdsfonder f\u00f6r att f\u00f6rb\u00e4ttra kvaliteten p\u00e5 brittiska floder och kanaler&nbsp;<\/li>\n<li>Erbjuder anst\u00e4llda betalt volont\u00e4rarbete med Ark Business Conservation-teamet<\/li>\n<li>F\u00f6rb\u00e4ttra livschanser f\u00f6r unga m\u00e4nniskor med tillg\u00e5ng till arbete inom v\u00e5rd och sjukv\u00e5rd. Riktade l\u00e4rlings- och mentorskap utg\u00f6r 10% av v\u00e5r personalstyrka<\/li>\n<li>Utbilda 10% av v\u00e5r arbetsstyrka f\u00f6r att bli f\u00f6rstahj\u00e4lpare i mental h\u00e4lsa<\/li>\n<li>St\u00f6dja f\u00f6rsta nationens \u00e4ndam\u00e5l i Australien via betalda volont\u00e4rm\u00f6jligheter<\/li>\n<li>F\u00f6rb\u00e4ttra arbetsmilj\u00f6er<\/li>\n<li>Skapa en k\u00e4nsla av delat ansvar och ansvarighet i hela v\u00e5r verksamhet genom utbildning och utveckling, kommunikationsv\u00e4gar och system<\/li>\n<li>S\u00e4kra B Corp-ackreditering senast 2025 f\u00f6r att \u00e5terspegla v\u00e5rt \u00e5tagande att m\u00f6ta h\u00f6ga standarder f\u00f6r social och milj\u00f6m\u00e4ssig prestanda, transparens och ansvarsskyldighet.&nbsp;<\/li>\n<\/ul>\n<p>Se v\u00e5r <a href=\"\/wp-content\/uploads\/2023\/07\/Vanguard-Corp-Responsibilty-Graphics-July-2023-1.pdf\" target=\"_blank\" rel=\"noopener\">f\u00e4rdplan f\u00f6r f\u00f6retagens sociala ansvarsresa<\/a><\/p>\n<\/div>\n<\/div>\n<div id=\"div_block-74-14\" class=\"ct-div-block\" ><img decoding=\"async\"  id=\"image-75-14\" alt=\"\" src=\"https:\/\/www.vanguardhealthcare.co.uk\/wp-content\/uploads\/2023\/07\/Social-Responsibility.jpg\" class=\"ct-image\"\/><\/div>\n<\/div>\n<\/div>\n<\/section>\n<section id=\"section-88-34-blue\" class=\"ct-section\" >\n<div class=\"ct-section-inner-wrap\">\n<div id=\"new_columns-89-34-blue\" class=\"ct-new-columns\" >\n<div id=\"div_block-94-34\" class=\"ct-div-block\" ><img decoding=\"async\"  id=\"image-95-34\" alt=\"\" src=\"https:\/\/www.vanguardhealthcare.co.uk\/wp-content\/uploads\/2023\/05\/Staffed-operating-theatre1.jpg\" class=\"ct-image\"\/><\/div>\n<div id=\"div_block-90-34\" class=\"ct-div-block\" >\n<h2 id=\"headline-91-34\" class=\"ct-headline\">V\u00e5ra entrepren\u00f6rer och supply chain management<\/h2>\n<div id=\"_rich_text-92-34\" class=\"oxy-rich-text\" >\n<p>Vi s\u00e4kerst\u00e4ller att v\u00e5ra entrepren\u00f6rer uppfyller de h\u00f6gsta driftsstandarderna f\u00f6r h\u00e4lsa och s\u00e4kerhet, samt att de f\u00f6ljer relevanta lagstadgade krav och regelbundenhet, s\u00e5som j\u00e4mst\u00e4lldhetslagen, och <a href=\"..\/uttalande om modernt-slaveri och m\u00e4nniskohandel\/\">Lagen om modern slaveri och m\u00e4nniskohandel<\/a>.&nbsp;<\/p>\n<p>Vi har \u00e5tagit oss att f\u00f6lja r\u00e4ttvisa betalningsmetoder som beskrivs i v\u00e4gledningen fr\u00e5n det tidigare Office of Government Commerce och principerna f\u00f6r Construction 2025:&nbsp;<\/p>\n<ul>\n<li>Transparens i betalningsf\u00f6rfaranden&nbsp;<\/li>\n<li>Bekr\u00e4ftelse av betalningar mot milstolpar&nbsp;<\/li>\n<li>Eventuella belopp som h\u00e5lls kvar med tidsperiod och sk\u00e4l.&nbsp;<\/li>\n<\/ul>\n<p>Vi \u00e4r en ackrediterad medlem av Considerate Contractors Scheme och verkar genom en f\u00f6rs\u00f6rjningskedja av v\u00e4rdefulla partners.&nbsp;<\/p>\n<\/div>\n<\/div>\n<\/div>\n<\/div>\n<\/section>\n<section id=\"section-68-14-text-left-white\" class=\"ct-section\" >\n<div class=\"ct-section-inner-wrap\">\n<div id=\"new_columns-69-14text-left-white\" class=\"ct-new-columns\" >\n<div id=\"div_block-70-14\" class=\"ct-div-block\" >\n<h2 id=\"headline-71-14\" class=\"ct-headline\">Styrning<\/h2>\n<div id=\"_rich_text-72-14\" class=\"oxy-rich-text\" >\n<p>Vanguard:s rigor\u00f6sa f\u00f6rvaltningspolicy st\u00f6djer s\u00e4kerhet och efterlevnad. S\u00e4kerheten f\u00f6r patienter, v\u00e5ra kunder och v\u00e5r personal st\u00e5r i centrum f\u00f6r allt vi g\u00f6r. V\u00e5rt styrsystem har utformats f\u00f6r att vara robust och leverera st\u00e4ndiga f\u00f6rb\u00e4ttringar.<\/p>\n<p>V\u00e5r aktiva integrerade f\u00f6rvaltningspolicy \u00e4r utformad f\u00f6r att st\u00f6dja leveransen av en s\u00e4ker och kompatibel tj\u00e4nst. Vi granskar denna policy och \u00f6vervakar dess resultat p\u00e5 alla niv\u00e5er i v\u00e5r organisation. Vid de s\u00e4llsynta tillf\u00e4llena n\u00e4r saker och ting inte gick som planerat, r\u00e4ttar vi till dem och anv\u00e4nder l\u00e4rdomarna f\u00f6r att f\u00f6rb\u00e4ttra v\u00e5ra framtida tj\u00e4nster.<\/p>\n<p>En strikt kvalitetsprocess \u00e4r p\u00e5 plats f\u00f6r att identifiera och \u00e5tg\u00e4rda eventuella kliniska problem och hantera alla risker. Detta inkluderar b\u00e5de interna och externa revisionsprocesser f\u00f6r att \u00f6vervaka och kontrollera de tj\u00e4nster som tillhandah\u00e5lls.<\/p>\n<\/div>\n<\/div>\n<div id=\"div_block-74-14\" class=\"ct-div-block\" ><img decoding=\"async\"  id=\"image-75-14\" alt=\"\" src=\"https:\/\/www.vanguardhealthcare.co.uk\/wp-content\/uploads\/2023\/07\/Governance.jpg\" class=\"ct-image\"\/><\/div>\n<\/div>\n<\/div>\n<\/section>","protected":false},"excerpt":{"rendered":"","protected":false},"author":2,"featured_media":0,"parent":0,"menu_order":0,"comment_status":"closed","ping_status":"closed","template":"","meta":{"_acf_changed":false,"footnotes":""},"class_list":["post-209","page","type-page","status-publish","format-standard","hentry"],"acf":[],"yoast_head":"<!-- This site is optimized with the Yoast SEO plugin v27.4 - https:\/\/yoast.com\/product\/yoast-seo-wordpress\/ -->\n<title>Environment - Vanguard Healthcare Solutions<\/title>\n<meta name=\"robots\" content=\"index, follow, max-snippet:-1, max-image-preview:large, max-video-preview:-1\" \/>\n<link rel=\"canonical\" href=\"https:\/\/www.vanguardhealthcare.co.uk\/sv_se\/environment\/\" \/>\n<meta property=\"og:locale\" content=\"sv_SE\" \/>\n<meta property=\"og:type\" content=\"article\" \/>\n<meta property=\"og:title\" content=\"Environment - Vanguard Healthcare Solutions\" \/>\n<meta property=\"og:url\" content=\"https:\/\/www.vanguardhealthcare.co.uk\/sv_se\/environment\/\" \/>\n<meta property=\"og:site_name\" content=\"Vanguard Healthcare Solutions\" \/>\n<meta property=\"article:modified_time\" content=\"2026-01-13T14:37:46+00:00\" \/>\n<meta name=\"twitter:card\" content=\"summary_large_image\" \/>\n<meta name=\"twitter:label1\" content=\"Ber\u00e4knad l\u00e4stid\" \/>\n\t<meta name=\"twitter:data1\" content=\"1 minut\" \/>\n<script type=\"application\/ld+json\" class=\"yoast-schema-graph\">{\"@context\":\"https:\\\/\\\/schema.org\",\"@graph\":[{\"@type\":\"WebPage\",\"@id\":\"https:\\\/\\\/www.vanguardhealthcare.co.uk\\\/environment\\\/\",\"url\":\"https:\\\/\\\/www.vanguardhealthcare.co.uk\\\/environment\\\/\",\"name\":\"Environment - Vanguard Healthcare Solutions\",\"isPartOf\":{\"@id\":\"https:\\\/\\\/www.vanguardhealthcare.co.uk\\\/#website\"},\"datePublished\":\"2023-06-14T14:38:36+00:00\",\"dateModified\":\"2026-01-13T14:37:46+00:00\",\"breadcrumb\":{\"@id\":\"https:\\\/\\\/www.vanguardhealthcare.co.uk\\\/environment\\\/#breadcrumb\"},\"inLanguage\":\"sv-SE\",\"potentialAction\":[{\"@type\":\"ReadAction\",\"target\":[\"https:\\\/\\\/www.vanguardhealthcare.co.uk\\\/environment\\\/\"]}]},{\"@type\":\"BreadcrumbList\",\"@id\":\"https:\\\/\\\/www.vanguardhealthcare.co.uk\\\/environment\\\/#breadcrumb\",\"itemListElement\":[{\"@type\":\"ListItem\",\"position\":1,\"name\":\"Home\",\"item\":\"https:\\\/\\\/www.vanguardhealthcare.co.uk\\\/\"},{\"@type\":\"ListItem\",\"position\":2,\"name\":\"Environment\"}]},{\"@type\":\"WebSite\",\"@id\":\"https:\\\/\\\/www.vanguardhealthcare.co.uk\\\/#website\",\"url\":\"https:\\\/\\\/www.vanguardhealthcare.co.uk\\\/\",\"name\":\"Vanguard Healthcare Solutions\",\"description\":\"\",\"potentialAction\":[{\"@type\":\"SearchAction\",\"target\":{\"@type\":\"EntryPoint\",\"urlTemplate\":\"https:\\\/\\\/www.vanguardhealthcare.co.uk\\\/?s={search_term_string}\"},\"query-input\":{\"@type\":\"PropertyValueSpecification\",\"valueRequired\":true,\"valueName\":\"search_term_string\"}}],\"inLanguage\":\"sv-SE\"}]}<\/script>\n<!-- \/ Yoast SEO plugin. -->","yoast_head_json":{"title":"Milj\u00f6 - Vanguard H\u00e4lsov\u00e5rdsl\u00f6sningar","robots":{"index":"index","follow":"follow","max-snippet":"max-snippet:-1","max-image-preview":"max-image-preview:large","max-video-preview":"max-video-preview:-1"},"canonical":"https:\/\/www.vanguardhealthcare.co.uk\/sv_se\/environment\/","og_locale":"sv_SE","og_type":"article","og_title":"Environment - Vanguard Healthcare Solutions","og_url":"https:\/\/www.vanguardhealthcare.co.uk\/sv_se\/environment\/","og_site_name":"Vanguard Healthcare Solutions","article_modified_time":"2026-01-13T14:37:46+00:00","twitter_card":"summary_large_image","twitter_misc":{"Ber\u00e4knad l\u00e4stid":"1 minut"},"schema":{"@context":"https:\/\/schema.org","@graph":[{"@type":"WebPage","@id":"https:\/\/www.vanguardhealthcare.co.uk\/environment\/","url":"https:\/\/www.vanguardhealthcare.co.uk\/environment\/","name":"Milj\u00f6 - Vanguard H\u00e4lsov\u00e5rdsl\u00f6sningar","isPartOf":{"@id":"https:\/\/www.vanguardhealthcare.co.uk\/#website"},"datePublished":"2023-06-14T14:38:36+00:00","dateModified":"2026-01-13T14:37:46+00:00","breadcrumb":{"@id":"https:\/\/www.vanguardhealthcare.co.uk\/environment\/#breadcrumb"},"inLanguage":"sv-SE","potentialAction":[{"@type":"ReadAction","target":["https:\/\/www.vanguardhealthcare.co.uk\/environment\/"]}]},{"@type":"BreadcrumbList","@id":"https:\/\/www.vanguardhealthcare.co.uk\/environment\/#breadcrumb","itemListElement":[{"@type":"ListItem","position":1,"name":"Home","item":"https:\/\/www.vanguardhealthcare.co.uk\/"},{"@type":"ListItem","position":2,"name":"Environment"}]},{"@type":"WebSite","@id":"https:\/\/www.vanguardhealthcare.co.uk\/#website","url":"https:\/\/www.vanguardhealthcare.co.uk\/","name":"Vanguard Healthcare Solutions","description":"","potentialAction":[{"@type":"SearchAction","target":{"@type":"EntryPoint","urlTemplate":"https:\/\/www.vanguardhealthcare.co.uk\/?s={search_term_string}"},"query-input":{"@type":"PropertyValueSpecification","valueRequired":true,"valueName":"search_term_string"}}],"inLanguage":"sv-SE"}]}},"_links":{"self":[{"href":"https:\/\/www.vanguardhealthcare.co.uk\/sv_se\/wp-json\/wp\/v2\/pages\/209","targetHints":{"allow":["GET"]}}],"collection":[{"href":"https:\/\/www.vanguardhealthcare.co.uk\/sv_se\/wp-json\/wp\/v2\/pages"}],"about":[{"href":"https:\/\/www.vanguardhealthcare.co.uk\/sv_se\/wp-json\/wp\/v2\/types\/page"}],"author":[{"embeddable":true,"href":"https:\/\/www.vanguardhealthcare.co.uk\/sv_se\/wp-json\/wp\/v2\/users\/2"}],"replies":[{"embeddable":true,"href":"https:\/\/www.vanguardhealthcare.co.uk\/sv_se\/wp-json\/wp\/v2\/comments?post=209"}],"version-history":[{"count":0,"href":"https:\/\/www.vanguardhealthcare.co.uk\/sv_se\/wp-json\/wp\/v2\/pages\/209\/revisions"}],"wp:attachment":[{"href":"https:\/\/www.vanguardhealthcare.co.uk\/sv_se\/wp-json\/wp\/v2\/media?parent=209"}],"curies":[{"name":"wp","href":"https:\/\/api.w.org\/{rel}","templated":true}]}}