{"id":14,"date":"2023-05-24T11:38:34","date_gmt":"2023-05-24T11:38:34","guid":{"rendered":"https:\/\/www.vanguardhealthcare.co.uk\/?page_id=14"},"modified":"2026-03-03T11:19:56","modified_gmt":"2026-03-03T11:19:56","slug":"homepage","status":"publish","type":"page","link":"https:\/\/www.vanguardhealthcare.co.uk\/sv_se\/","title":{"rendered":"Hemsida"},"content":{"rendered":"<section id=\"section-2-14\" class=\"ct-section\" >\n<div class=\"ct-section-inner-wrap\">\n<div id=\"new_columns-3-14\" class=\"ct-new-columns\" >\n<div id=\"div_block-4-14\" class=\"ct-div-block\" >\n<h1 id=\"headline-5-14\" class=\"ct-headline\">Avancerade h\u00e4lsov\u00e5rdsinr\u00e4ttningar, levererade i snabb takt<\/h1>\n<p><a id=\"link_button-10-14\" class=\"ct-link-button\" href=\"\/sv_se\/heritage\/\" target=\"_self\"  >Handla om<\/a><\/div>\n<div id=\"div_block-9-14\" class=\"ct-div-block\" ><link rel='stylesheet' id='oxygen-unslider-css'  href='https:\/\/www.vanguardhealthcare.co.uk\/wp-content\/plugins\/oxygen\/component-framework\/vendor\/unslider\/unslider.css' type='text\/css' media='all'\/>\n<div id=\"slider-88-14\" class=\"ct-slider ct_unique_slider_1547\" >\n<div class=\"oxygen-unslider-container\">\n<ul>\n<li>\n<div id=\"slide-89-14\" class=\"ct-slide\" ><img decoding=\"async\"  id=\"image-96-14\" alt=\"\" src=\"https:\/\/www.vanguardhealthcare.co.uk\/wp-content\/uploads\/2023\/09\/home1.jpg\" class=\"ct-image\"\/><\/div>\n<\/li>\n<li>\n<div id=\"slide-101-14\" class=\"ct-slide\" ><img decoding=\"async\"  id=\"image-102-14\" alt=\"\" src=\"https:\/\/www.vanguardhealthcare.co.uk\/wp-content\/uploads\/2023\/09\/home2.jpg\" class=\"ct-image\"\/><\/div>\n<\/li>\n<li>\n<div id=\"slide-12-65\" class=\"ct-slide\" ><img decoding=\"async\"  id=\"image-13-65\" alt=\"\" src=\"https:\/\/www.vanguardhealthcare.co.uk\/wp-content\/uploads\/2023\/09\/home3.jpg\" class=\"ct-image\"\/><\/div>\n<\/li>\n<li>\n<div id=\"slide-14-65\" class=\"ct-slide\" ><img decoding=\"async\"  id=\"image-15-65\" alt=\"\" src=\"https:\/\/www.vanguardhealthcare.co.uk\/wp-content\/uploads\/2023\/09\/home4.jpg\" class=\"ct-image\"\/><\/div>\n<\/li>\n<\/ul>\n<\/div>\n<\/div>\n<p><script class=\"ct-slider-script\">jQuery(document).ready(function($){$('#slider-88-14.ct_unique_slider_1547 .oxygen-unslider-container:not(.unslider-horizontal,.unslider-fade)').unslider({autoplay: true, delay: 3000, animation: 'horizontal', speed : 750, arrows: true, nav: false, infinite: true})});<\/script><\/div>\n<\/div>\n<\/div>\n<\/section>\n<section id=\"section-68-14\" class=\"ct-section\" >\n<div class=\"ct-section-inner-wrap\">\n<div id=\"new_columns-69-14\" class=\"ct-new-columns\" >\n<div id=\"div_block-70-14\" class=\"ct-div-block\" >\n<h2 id=\"headline-71-14\" class=\"ct-headline\">Tillhandah\u00e5ller mobila och modul\u00e4ra sjukv\u00e5rdsl\u00f6sningar<\/h2>\n<div id=\"_rich_text-72-14\" class=\"oxy-rich-text\" >\n<p><span style=\"font-size: 11.0pt;font-family: 'Verdana',sans-serif;color: black\">Vanguard Healthcare Solutions \u00e4r en ledande global leverant\u00f6r av flexibel klinisk infrastruktur och tj\u00e4nster som levererar h\u00f6gkvalitativa, tekniskt avancerade l\u00f6sningar i snabb takt och samarbetar med v\u00e5ra kunder f\u00f6r att f\u00f6rb\u00e4ttra h\u00e4lsoutfall.&nbsp;<\/span><\/p>\n<p style=\"text-align: start\"><span style=\"font-size: 11.0pt;font-family: 'Verdana',sans-serif;color: black\">V\u00e5ra mobila (eller flyttbara) anl\u00e4ggningar m\u00f6jligg\u00f6r till\u00e4gg av h\u00f6gkvalitativa kirurgiska och kliniska milj\u00f6er i o\u00f6vertr\u00e4ffad hastighet. Modul\u00e4ra anl\u00e4ggningar ger designflexibilitet med betydande f\u00f6rdelar j\u00e4mf\u00f6rt med traditionella byggmetoder, inklusive minskade f\u00e4rdigst\u00e4llandetider, l\u00e4gre kostnader och minimal st\u00f6rning av sjukhusets verksamhet, patienter, personal och grannar.<\/span><\/p>\n<p style=\"text-align: start\"><span style=\"font-size: 11.0pt;font-family: 'Verdana',sans-serif;color: black\">Blandade l\u00f6sningar, d\u00e4r mobila och modul\u00e4ra anl\u00e4ggningar integreras s\u00f6ml\u00f6st, kombinerar f\u00f6rdelarna med varje anl\u00e4ggningstyp; snabb installation av mobila, h\u00f6gteknologiska v\u00e5rdanl\u00e4ggningar med ett skr\u00e4ddarsytt modul\u00e4rt element som exakt uppfyller v\u00e5rdgivarens och patienternas behov.<\/span><\/p>\n<\/div>\n<p><a id=\"link_button-73-14\" class=\"ct-link-button\" href=\"\/sv_se\/our-facilities\/\" target=\"_self\"  >V\u00e5ra anl\u00e4ggningar<\/a><\/div>\n<div id=\"div_block-74-14\" class=\"ct-div-block\" ><img decoding=\"async\"  id=\"image-75-14\" alt=\"\" src=\"https:\/\/www.vanguardhealthcare.co.uk\/wp-content\/uploads\/2024\/09\/Preston-exterior-1024x768.jpg\" class=\"ct-image\"\/><\/div>\n<\/div>\n<\/div>\n<\/section>\n<section id=\"section-53-14\" class=\"ct-section\" >\n<div class=\"ct-section-inner-wrap\">\n<div id=\"new_columns-54-14\" class=\"ct-new-columns\" >\n<div id=\"div_block-55-14\" class=\"ct-div-block\" ><img decoding=\"async\"  id=\"image-59-14\" alt=\"\" src=\"https:\/\/www.vanguardhealthcare.co.uk\/wp-content\/uploads\/2023\/06\/urgent_admission_centre_3D-1.png\" class=\"ct-image fade-up\"\/><\/div>\n<div id=\"div_block-56-14\" class=\"ct-div-block\" >\n<h2 id=\"headline-57-14\" class=\"ct-headline\">Vad vi g\u00f6r<\/h2>\n<div id=\"_rich_text-58-14\" class=\"oxy-rich-text\" >\n<p>V\u00e5ra mobila anl\u00e4ggningar, som kan installeras och drifts\u00e4ttas inom n\u00e5gra veckor, inkluderar operationssalar, endoskopisviter, endoskopdekontaminering, sterilisering, avdelningar, kliniker, enheter f\u00f6r lindriga skador och \u00f6verl\u00e4mning av ambulanser. Skalbara, inklusive integration med modul\u00e4ra anl\u00e4ggningar, fungerar de som kirurgiska nav och diagnostiska centra i samh\u00e4llet. De modul\u00e4ra byggnader vi bygger erbjuder obegr\u00e4nsad potential att skapa helt unika och specifikt anpassade v\u00e5rdutrymmen, mer effektivt \u00e4n med traditionella byggmetoder.<\/p>\n<p>V\u00e5rt erbjudande f\u00f6rst\u00e4rks av v\u00e5r f\u00f6rm\u00e5ga att tillhandah\u00e5lla personal och utrustning, skr\u00e4ddarsydda finansieringsalternativ och nyckelf\u00e4rdiga l\u00f6sningar.<\/p>\n<\/div>\n<p><a id=\"link_button-63-14\" class=\"ct-link-button\" href=\"\/sv_se\/our-services\/\" target=\"_self\"  >V\u00e5ra tj\u00e4nster<\/a><\/div>\n<\/div>\n<\/div>\n<\/section>\n<section id=\"section-64-208\" class=\"ct-section\" >\n<div class=\"ct-section-inner-wrap\">\n<div id=\"div_block-65-208\" class=\"ct-div-block\" >\n<h2 id=\"headline-66-208\" class=\"ct-headline\">Fallstudier<\/h2>\n<\/div>\n<div id=\"_dynamic_list-67-208\" class=\"oxy-dynamic-list\">\n<div id=\"div_block-68-208-1\" class=\"ct-div-block\" data-id=\"div_block-68-208\">\n<div id=\"div_block-69-208-1\" class=\"ct-div-block\" data-id=\"div_block-69-208\"><img decoding=\"async\" id=\"image-70-208-1\" alt=\"\" src=\"https:\/\/www.vanguardhealthcare.co.uk\/wp-content\/uploads\/2026\/03\/Picture1.png\" class=\"ct-image\" data-id=\"image-70-208\"><\/div>\n<div id=\"div_block-71-208-1\" class=\"ct-div-block\" data-id=\"div_block-71-208\"><a id=\"link-72-208-1\" class=\"ct-link\" href=\"https:\/\/www.vanguardhealthcare.co.uk\/sv_se\/case-study\/an-18-bed-modular-ward-meets-kettering-general-hospitals-need-for-versatile-high-quality-clinical-space\/\" target=\"_self\" data-id=\"link-72-208\"><\/p>\n<h2 id=\"headline-73-208-1\" class=\"ct-headline\" data-id=\"headline-73-208\"><span id=\"span-74-208\" class=\"ct-span\" >En modul\u00e4r avdelning med 18 b\u00e4ddar m\u00f6ter Kettering General Hospitals behov av m\u00e5ngsidiga, h\u00f6gkvalitativa kliniska utrymmen.<\/span><\/h2>\n<p><\/a><\/p>\n<div id=\"text_block-75-208-1\" class=\"ct-text-block\" data-id=\"text_block-75-208\"><span id=\"span-76-208\" class=\"ct-span\" >Efter att ha hyrt en modul\u00e4r avdelning med 18 b\u00e4ddar i fem \u00e5r har stiftelsen k\u00f6pt anl\u00e4ggningen fr\u00e5n Vanguard Healthcare Solutions och ber\u00f6mmer den &quot;verkligt h\u00f6gkvalitativa milj\u00f6n&quot;.\u2018<\/span><\/div>\n<p><a id=\"link_text-77-208-1\" class=\"ct-link-text\" href=\"https:\/\/www.vanguardhealthcare.co.uk\/sv_se\/case-study\/an-18-bed-modular-ward-meets-kettering-general-hospitals-need-for-versatile-high-quality-clinical-space\/\" target=\"_self\" data-id=\"link_text-77-208\">Mer information<\/a><\/div>\n<\/div>\n<div id=\"div_block-68-208-2\" class=\"ct-div-block\" data-id=\"div_block-68-208\">\n<div id=\"div_block-69-208-2\" class=\"ct-div-block\" data-id=\"div_block-69-208\"><img decoding=\"async\" id=\"image-70-208-2\" alt=\"\" src=\"https:\/\/www.vanguardhealthcare.co.uk\/wp-content\/uploads\/2025\/12\/Exterior-front-1024x682.jpg\" class=\"ct-image\" data-id=\"image-70-208\"><\/div>\n<div id=\"div_block-71-208-2\" class=\"ct-div-block\" data-id=\"div_block-71-208\"><a id=\"link-72-208-2\" class=\"ct-link\" href=\"https:\/\/www.vanguardhealthcare.co.uk\/sv_se\/case-study\/a-modular-build-community-diagnostic-centre-brings-treatment-to-swindons-patients\/\" target=\"_self\" data-id=\"link-72-208\"><\/p>\n<h2 id=\"headline-73-208-2\" class=\"ct-headline\" data-id=\"headline-73-208\"><span id=\"span-74-208\" class=\"ct-span\" >Ett modul\u00e4rt diagnostiskt center i samh\u00e4llet ger behandling till Swindons patienter<\/span><\/h2>\n<p><\/a><\/p>\n<div id=\"text_block-75-208-2\" class=\"ct-text-block\" data-id=\"text_block-75-208\"><span id=\"span-76-208\" class=\"ct-span\" >Vanguard har byggt ett lokalt diagnostiskt center f\u00f6r GWH NHSFT. H\u00f6r om det i intervjuer med personal fr\u00e5n Trust som hj\u00e4lpte till att utforma det och som kommer att arbeta d\u00e4r.<\/span><\/div>\n<p><a id=\"link_text-77-208-2\" class=\"ct-link-text\" href=\"https:\/\/www.vanguardhealthcare.co.uk\/sv_se\/case-study\/a-modular-build-community-diagnostic-centre-brings-treatment-to-swindons-patients\/\" target=\"_self\" data-id=\"link_text-77-208\">Mer information<\/a><\/div>\n<\/div><\/div>\n<div id=\"div_block-78-208\" class=\"ct-div-block\" ><a id=\"link_button-79-208\" class=\"ct-link-button button-blue\" href=\"\/sv_se\/case-studies\/\" target=\"_self\"  >Se alla fallstudier<\/a><\/div>\n<\/div>\n<\/section>\n<div class=\"wp-block-bozboz-hotspot\">\n<div class=\"hotspotContainer ct-section hotspotLayout-2\" style=\"background-color:#dae7f0;padding:50px 20px\">\n<div class=\"hotspotInnerWrap ct-section-inner-wrap\" style=\"border-radius:20px;padding:30px;background-color:#004983;color:#fff;display:flex\">\n<div class=\"hotspotCol hotspotColOne\">\n<div class=\"hotspotImageContainer\" style=\"position:relative;max-width:800px\">\n<div class=\"hotspotDot\" data-text=\"Clean storage\" data-x=\"21\" data-y=\"14\" style=\"position:absolute;top:14%;left:21%\">\n<div>A<\/div>\n<\/div>\n<div class=\"hotspotDot\" data-text=\"Corridor\" data-x=\"39\" data-y=\"15\" style=\"position:absolute;top:15%;left:39%\">\n<div>B<\/div>\n<\/div>\n<div class=\"hotspotDot\" data-text=\"corridor\" data-x=\"61\" data-y=\"8\" style=\"position:absolute;top:8%;left:61%\">\n<div>C<\/div>\n<\/div>\n<div class=\"hotspotDot\" data-text=\"Anaesthetic\" data-x=\"19\" data-y=\"29\" style=\"position:absolute;top:29%;left:19%\">\n<div>D<\/div>\n<\/div>\n<div class=\"hotspotDot\" data-text=\"Theatre\" data-x=\"44\" data-y=\"29\" style=\"position:absolute;top:29%;left:44%\">\n<div>E<\/div>\n<\/div>\n<div class=\"hotspotDot\" data-text=\"Recovery\" data-x=\"73\" data-y=\"46\" style=\"position:absolute;top:46%;left:73%\">\n<div>F<\/div>\n<\/div>\n<div class=\"hotspotDot\" data-text=\"Janitor room\" data-x=\"59\" data-y=\"66\" style=\"position:absolute;top:66%;left:59%\">\n<div>G<\/div>\n<\/div>\n<div class=\"hotspotDot\" data-text=\"Vacuum plant area\" data-x=\"59\" data-y=\"76\" style=\"position:absolute;top:76%;left:59%\">\n<div>H<\/div>\n<\/div>\n<div class=\"hotspotDot\" data-text=\"Dirty utility\" data-x=\"48\" data-y=\"63\" style=\"position:absolute;top:63%;left:48%\">\n<div>jag<\/div>\n<\/div>\n<div class=\"hotspotDot\" data-text=\"Staff room\" data-x=\"18\" data-y=\"40\" style=\"position:absolute;top:40%;left:18%\">\n<div>J<\/div>\n<\/div>\n<div class=\"hotspotDot\" data-text=\"Staff toilet\" data-x=\"3\" data-y=\"41\" style=\"position:absolute;top:41%;left:3%\">\n<div>K<\/div>\n<\/div>\n<div class=\"hotspotDot\" data-text=\"Staff changing\" data-x=\"11\" data-y=\"34\" style=\"position:absolute;top:34%;left:11%\">\n<div>L<\/div>\n<\/div>\n<div class=\"hotspotDot\" data-text=\"Air Handling Unit\" data-x=\"10\" data-y=\"20\" style=\"position:absolute;top:20%;left:10%\">\n<div>M<\/div>\n<\/div>\n<p><img decoding=\"async\" src=\"https:\/\/www.vanguardhealthcare.co.uk\/wp-content\/uploads\/2023\/06\/Theatre_3D_no-ramps_NO-SHADOWS_NO-KEY.png\" style=\"width:100%;height:auto\"\/><\/div>\n<\/div>\n<div class=\"hotspotCol hotspotColTwo hotspotTextCol hotspotColContent\">\n<h2 style=\"color:#fff\"><span class=\"headingContent\">Mobil operationssal<\/span><\/h2>\n<div placeholder=\"text content\" class=\"textContent\">V\u00e5ra lamin\u00e4ra, ultrarena, standard och hybrida mobila och modul\u00e4ra operationssalar kan byggas skr\u00e4ddarsydda efter dina behov. Flera teatrar kan anslutas till andra mobila eller modul\u00e4ra anl\u00e4ggningstyper, inklusive avdelningar, f\u00f6r att tillhandah\u00e5lla en dagcaseanl\u00e4ggning.<\/div>\n<\/div>\n<\/div>\n<\/div>\n<\/div>\n<section id=\"section-120-14\" class=\"ct-section\" >\n<div class=\"ct-section-inner-wrap\">\n<div id=\"div_block-24-70\" class=\"ct-div-block\" >\n<h2 id=\"headline-66-14\" class=\"ct-headline\">Senaste nytt<\/h2>\n<\/div>\n<div id=\"_dynamic_list-121-14\" class=\"oxy-dynamic-list\">\n<div id=\"div_block-122-14-1\" class=\"ct-div-block\" data-id=\"div_block-122-14\"><img decoding=\"async\" id=\"image-123-14-1\" alt=\"\" src=\"https:\/\/www.vanguardhealthcare.co.uk\/wp-content\/uploads\/2026\/05\/Ambulance-Handover-Facility-Peterborough-Copy.png\" class=\"ct-image\" srcset-disabled=\"https:\/\/www.vanguardhealthcare.co.uk\/wp-content\/uploads\/2026\/05\/Ambulance-Handover-Facility-Peterborough-Copy.png 1486w, https:\/\/www.vanguardhealthcare.co.uk\/wp-content\/uploads\/2026\/05\/Ambulance-Handover-Facility-Peterborough-Copy-300x182.png 300w, https:\/\/www.vanguardhealthcare.co.uk\/wp-content\/uploads\/2026\/05\/Ambulance-Handover-Facility-Peterborough-Copy-1024x621.png 1024w, https:\/\/www.vanguardhealthcare.co.uk\/wp-content\/uploads\/2026\/05\/Ambulance-Handover-Facility-Peterborough-Copy-768x466.png 768w, https:\/\/www.vanguardhealthcare.co.uk\/wp-content\/uploads\/2026\/05\/Ambulance-Handover-Facility-Peterborough-Copy-18x12.png 18w\" sizes=\"(max-width: 1486px) 100vw, 1486px\" data-id=\"image-123-14\"><\/p>\n<div id=\"div_block-124-14-1\" class=\"ct-div-block\" data-id=\"div_block-124-14\"><a id=\"link-125-14-1\" class=\"ct-link\" href=\"https:\/\/www.vanguardhealthcare.co.uk\/sv_se\/urgent-and-emergency-care-in-the-nhs-from-corridor-care-to-capacity-at-pace\/\" target=\"_self\" data-id=\"link-125-14\"><\/p>\n<h2 id=\"headline-126-14-1\" class=\"ct-headline\" data-id=\"headline-126-14\"><span id=\"span-127-14\" class=\"ct-span\" >Akutv\u00e5rd inom NHS: Fr\u00e5n korridorv\u00e5rd till kapacitet i h\u00f6g takt<\/span><\/h2>\n<p><\/a><\/p>\n<div id=\"text_block-128-14-1\" class=\"ct-text-block\" data-id=\"text_block-128-14\"><span id=\"span-129-14\" class=\"ct-span\" >Inom hela NHS \u00e4r akutv\u00e5rden under ih\u00e5llande och synligt tryck. Fr\u00e5n ambulansk\u00f6er utanf\u00f6r akutmottagningar till patienter som behandlas i tillf\u00e4lliga utrymmen, systemet fungerar ut\u00f6ver gr\u00e4nserna f\u00f6r sin avsedda kapacitet.<\/span><\/div>\n<p><a id=\"link_text-130-14-1\" class=\"ct-link-text\" href=\"https:\/\/www.vanguardhealthcare.co.uk\/sv_se\/urgent-and-emergency-care-in-the-nhs-from-corridor-care-to-capacity-at-pace\/\" target=\"_self\" data-id=\"link_text-130-14\">L\u00e4s mer<\/a><\/div>\n<\/div>\n<div id=\"div_block-122-14-2\" class=\"ct-div-block\" data-id=\"div_block-122-14\"><img decoding=\"async\" id=\"image-123-14-2\" alt=\"\" src=\"https:\/\/www.vanguardhealthcare.co.uk\/wp-content\/uploads\/2026\/04\/hsj_provider_summit_resized.jpg\" class=\"ct-image\" srcset-disabled=\"https:\/\/www.vanguardhealthcare.co.uk\/wp-content\/uploads\/2026\/04\/hsj_provider_summit_resized.jpg 1200w, https:\/\/www.vanguardhealthcare.co.uk\/wp-content\/uploads\/2026\/04\/hsj_provider_summit_resized-300x200.jpg 300w, https:\/\/www.vanguardhealthcare.co.uk\/wp-content\/uploads\/2026\/04\/hsj_provider_summit_resized-1024x683.jpg 1024w, https:\/\/www.vanguardhealthcare.co.uk\/wp-content\/uploads\/2026\/04\/hsj_provider_summit_resized-768x512.jpg 768w, https:\/\/www.vanguardhealthcare.co.uk\/wp-content\/uploads\/2026\/04\/hsj_provider_summit_resized-18x12.jpg 18w\" sizes=\"(max-width: 1200px) 100vw, 1200px\" data-id=\"image-123-14\"><\/p>\n<div id=\"div_block-124-14-2\" class=\"ct-div-block\" data-id=\"div_block-124-14\"><a id=\"link-125-14-2\" class=\"ct-link\" href=\"https:\/\/www.vanguardhealthcare.co.uk\/sv_se\/vanguard-healthcare-solutions-at-the-hsj-provider-summit\/\" target=\"_self\" data-id=\"link-125-14\"><\/p>\n<h2 id=\"headline-126-14-2\" class=\"ct-headline\" data-id=\"headline-126-14\"><span id=\"span-127-14\" class=\"ct-span\" >Vanguard H\u00e4lsov\u00e5rdsl\u00f6sningar p\u00e5 HSJ Provider Summit<\/span><\/h2>\n<p><\/a><\/p>\n<div id=\"text_block-128-14-2\" class=\"ct-text-block\" data-id=\"text_block-128-14\"><span id=\"span-129-14\" class=\"ct-span\" >F\u00f6rra veckan deltog kollegor fr\u00e5n Vanguard Healthcare Solutions i HSJ Provider Summit, d\u00e4r de tillsammans med ledande befattningshavare fr\u00e5n hela NHS och det bredare h\u00e4lso- och sjukv\u00e5rdssystemet deltog i en serie v\u00e4rdefulla diskussioner om framtidens tj\u00e4nsteleveranser.<\/span><\/div>\n<p><a id=\"link_text-130-14-2\" class=\"ct-link-text\" href=\"https:\/\/www.vanguardhealthcare.co.uk\/sv_se\/vanguard-healthcare-solutions-at-the-hsj-provider-summit\/\" target=\"_self\" data-id=\"link_text-130-14\">L\u00e4s mer<\/a><\/div>\n<\/div>\n<div id=\"div_block-122-14-3\" class=\"ct-div-block\" data-id=\"div_block-122-14\"><img decoding=\"async\" id=\"image-123-14-3\" alt=\"\" src=\"https:\/\/www.vanguardhealthcare.co.uk\/wp-content\/uploads\/2025\/12\/Exterior-front-1-scaled.jpg\" class=\"ct-image\" srcset-disabled=\"https:\/\/www.vanguardhealthcare.co.uk\/wp-content\/uploads\/2025\/12\/Exterior-front-1-scaled.jpg 2560w, https:\/\/www.vanguardhealthcare.co.uk\/wp-content\/uploads\/2025\/12\/Exterior-front-1-300x200.jpg 300w, https:\/\/www.vanguardhealthcare.co.uk\/wp-content\/uploads\/2025\/12\/Exterior-front-1-1024x682.jpg 1024w, https:\/\/www.vanguardhealthcare.co.uk\/wp-content\/uploads\/2025\/12\/Exterior-front-1-768x512.jpg 768w, https:\/\/www.vanguardhealthcare.co.uk\/wp-content\/uploads\/2025\/12\/Exterior-front-1-1536x1024.jpg 1536w, https:\/\/www.vanguardhealthcare.co.uk\/wp-content\/uploads\/2025\/12\/Exterior-front-1-2048x1365.jpg 2048w, https:\/\/www.vanguardhealthcare.co.uk\/wp-content\/uploads\/2025\/12\/Exterior-front-1-18x12.jpg 18w\" sizes=\"(max-width: 2560px) 100vw, 2560px\" data-id=\"image-123-14\"><\/p>\n<div id=\"div_block-124-14-3\" class=\"ct-div-block\" data-id=\"div_block-124-14\"><a id=\"link-125-14-3\" class=\"ct-link\" href=\"https:\/\/www.vanguardhealthcare.co.uk\/sv_se\/from-vision-to-delivery-what-wes-streetings-nhs-reform-speech-means-for-healthcare-infrastructure\/\" target=\"_self\" data-id=\"link-125-14\"><\/p>\n<h2 id=\"headline-126-14-3\" class=\"ct-headline\" data-id=\"headline-126-14\"><span id=\"span-127-14\" class=\"ct-span\" >Fr\u00e5n vision till genomf\u00f6rande: Vad Wes Streetings tal om NHS-reformen betyder f\u00f6r h\u00e4lso- och sjukv\u00e5rdsinfrastrukturen<\/span><\/h2>\n<p><\/a><\/p>\n<div id=\"text_block-128-14-3\" class=\"ct-text-block\" data-id=\"text_block-128-14\"><span id=\"span-129-14\" class=\"ct-span\" >I det nyligen h\u00e5llna talet av Wes Streetings minister f\u00f6r h\u00e4lsa och socialv\u00e5rd stakas en tydlig och n\u00f6dv\u00e4ndig riktning ut f\u00f6r NHS framtid. Med ett starkt fokus p\u00e5 reformer, f\u00f6rebyggande \u00e5tg\u00e4rder, samh\u00e4llsbaserad v\u00e5rd och modern infrastruktur \u00e4r budskapet entydigt: h\u00e4lso- och sjukv\u00e5rden m\u00e5ste utvecklas snabbt f\u00f6r att m\u00f6ta den v\u00e4xande efterfr\u00e5gan och ge b\u00e4ttre resultat f\u00f6r patienterna.<\/span><\/div>\n<p><a id=\"link_text-130-14-3\" class=\"ct-link-text\" href=\"https:\/\/www.vanguardhealthcare.co.uk\/sv_se\/from-vision-to-delivery-what-wes-streetings-nhs-reform-speech-means-for-healthcare-infrastructure\/\" target=\"_self\" data-id=\"link_text-130-14\">L\u00e4s mer<\/a><\/div>\n<\/div><\/div>\n<div id=\"div_block-144-14\" class=\"ct-div-block\" ><a id=\"link_button-146-14\" class=\"ct-link-button button-blue\" href=\"\/sv_se\/news\/\" target=\"_self\"  >Se alla nyheter<\/a><\/div>\n<\/div>\n<\/section>\n<section id=\"section-144-59\" class=\"ct-section\" >\n<div class=\"ct-section-inner-wrap\">\n<div id=\"new_columns-145-59\" class=\"ct-new-columns\" >\n<div id=\"div_block-146-59\" class=\"ct-div-block\" >\n<div id=\"_rich_text-9-63\" class=\"oxy-rich-text\" >\n<p>Att hitta en l\u00f6sning som fungerar f\u00f6r ditt sjukhus kan b\u00f6rja h\u00e4r...<\/p>\n<\/div>\n<p><a id=\"link_button-149-59\" class=\"ct-link-button\" href=\"\/sv_se\/contact\/\" target=\"_self\"  >Komma i kontakt<\/a><\/div>\n<div id=\"div_block-150-59\" class=\"ct-div-block\" ><img decoding=\"async\"  id=\"image-151-59\" alt=\"\" src=\"https:\/\/www.vanguardhealthcare.co.uk\/wp-content\/uploads\/2023\/07\/mobile-operating-theatre-3.jpg\" class=\"ct-image\"\/><\/div>\n<\/div>\n<\/div>\n<\/section>","protected":false},"excerpt":{"rendered":"","protected":false},"author":2,"featured_media":0,"parent":0,"menu_order":0,"comment_status":"closed","ping_status":"closed","template":"","meta":{"_acf_changed":false,"footnotes":""},"class_list":["post-14","page","type-page","status-publish","format-standard","hentry"],"acf":[],"yoast_head":"<!-- This site is optimized with the Yoast SEO plugin v27.4 - https:\/\/yoast.com\/product\/yoast-seo-wordpress\/ -->\n<title>Homepage - Vanguard Healthcare Solutions<\/title>\n<meta name=\"robots\" content=\"index, follow, max-snippet:-1, max-image-preview:large, max-video-preview:-1\" \/>\n<link rel=\"canonical\" href=\"https:\/\/www.vanguardhealthcare.co.uk\/sv_se\/\" \/>\n<meta property=\"og:locale\" content=\"sv_SE\" \/>\n<meta property=\"og:type\" content=\"article\" \/>\n<meta property=\"og:title\" content=\"Homepage - Vanguard Healthcare Solutions\" \/>\n<meta property=\"og:url\" content=\"https:\/\/www.vanguardhealthcare.co.uk\/sv_se\/\" \/>\n<meta property=\"og:site_name\" content=\"Vanguard Healthcare Solutions\" \/>\n<meta property=\"article:modified_time\" content=\"2026-03-03T11:19:56+00:00\" \/>\n<meta name=\"twitter:card\" content=\"summary_large_image\" \/>\n<meta name=\"twitter:label1\" content=\"Ber\u00e4knad l\u00e4stid\" \/>\n\t<meta name=\"twitter:data1\" content=\"1 minut\" \/>\n<script type=\"application\/ld+json\" class=\"yoast-schema-graph\">{\"@context\":\"https:\\\/\\\/schema.org\",\"@graph\":[{\"@type\":\"WebPage\",\"@id\":\"https:\\\/\\\/www.vanguardhealthcare.co.uk\\\/\",\"url\":\"https:\\\/\\\/www.vanguardhealthcare.co.uk\\\/\",\"name\":\"Homepage - Vanguard Healthcare Solutions\",\"isPartOf\":{\"@id\":\"https:\\\/\\\/www.vanguardhealthcare.co.uk\\\/#website\"},\"datePublished\":\"2023-05-24T11:38:34+00:00\",\"dateModified\":\"2026-03-03T11:19:56+00:00\",\"breadcrumb\":{\"@id\":\"https:\\\/\\\/www.vanguardhealthcare.co.uk\\\/#breadcrumb\"},\"inLanguage\":\"sv-SE\",\"potentialAction\":[{\"@type\":\"ReadAction\",\"target\":[\"https:\\\/\\\/www.vanguardhealthcare.co.uk\\\/\"]}]},{\"@type\":\"BreadcrumbList\",\"@id\":\"https:\\\/\\\/www.vanguardhealthcare.co.uk\\\/#breadcrumb\",\"itemListElement\":[{\"@type\":\"ListItem\",\"position\":1,\"name\":\"Home\",\"item\":\"https:\\\/\\\/www.vanguardhealthcare.co.uk\\\/\"},{\"@type\":\"ListItem\",\"position\":2,\"name\":\"Homepage\"}]},{\"@type\":\"WebSite\",\"@id\":\"https:\\\/\\\/www.vanguardhealthcare.co.uk\\\/#website\",\"url\":\"https:\\\/\\\/www.vanguardhealthcare.co.uk\\\/\",\"name\":\"Vanguard Healthcare Solutions\",\"description\":\"\",\"potentialAction\":[{\"@type\":\"SearchAction\",\"target\":{\"@type\":\"EntryPoint\",\"urlTemplate\":\"https:\\\/\\\/www.vanguardhealthcare.co.uk\\\/?s={search_term_string}\"},\"query-input\":{\"@type\":\"PropertyValueSpecification\",\"valueRequired\":true,\"valueName\":\"search_term_string\"}}],\"inLanguage\":\"sv-SE\"}]}<\/script>\n<!-- \/ Yoast SEO plugin. -->","yoast_head_json":{"title":"Hemsida - Vanguard H\u00e4lsov\u00e5rdsl\u00f6sningar","robots":{"index":"index","follow":"follow","max-snippet":"max-snippet:-1","max-image-preview":"max-image-preview:large","max-video-preview":"max-video-preview:-1"},"canonical":"https:\/\/www.vanguardhealthcare.co.uk\/sv_se\/","og_locale":"sv_SE","og_type":"article","og_title":"Homepage - Vanguard Healthcare Solutions","og_url":"https:\/\/www.vanguardhealthcare.co.uk\/sv_se\/","og_site_name":"Vanguard Healthcare Solutions","article_modified_time":"2026-03-03T11:19:56+00:00","twitter_card":"summary_large_image","twitter_misc":{"Ber\u00e4knad l\u00e4stid":"1 minut"},"schema":{"@context":"https:\/\/schema.org","@graph":[{"@type":"WebPage","@id":"https:\/\/www.vanguardhealthcare.co.uk\/","url":"https:\/\/www.vanguardhealthcare.co.uk\/","name":"Hemsida - Vanguard H\u00e4lsov\u00e5rdsl\u00f6sningar","isPartOf":{"@id":"https:\/\/www.vanguardhealthcare.co.uk\/#website"},"datePublished":"2023-05-24T11:38:34+00:00","dateModified":"2026-03-03T11:19:56+00:00","breadcrumb":{"@id":"https:\/\/www.vanguardhealthcare.co.uk\/#breadcrumb"},"inLanguage":"sv-SE","potentialAction":[{"@type":"ReadAction","target":["https:\/\/www.vanguardhealthcare.co.uk\/"]}]},{"@type":"BreadcrumbList","@id":"https:\/\/www.vanguardhealthcare.co.uk\/#breadcrumb","itemListElement":[{"@type":"ListItem","position":1,"name":"Home","item":"https:\/\/www.vanguardhealthcare.co.uk\/"},{"@type":"ListItem","position":2,"name":"Homepage"}]},{"@type":"WebSite","@id":"https:\/\/www.vanguardhealthcare.co.uk\/#website","url":"https:\/\/www.vanguardhealthcare.co.uk\/","name":"Vanguard Healthcare Solutions","description":"","potentialAction":[{"@type":"SearchAction","target":{"@type":"EntryPoint","urlTemplate":"https:\/\/www.vanguardhealthcare.co.uk\/?s={search_term_string}"},"query-input":{"@type":"PropertyValueSpecification","valueRequired":true,"valueName":"search_term_string"}}],"inLanguage":"sv-SE"}]}},"_links":{"self":[{"href":"https:\/\/www.vanguardhealthcare.co.uk\/sv_se\/wp-json\/wp\/v2\/pages\/14","targetHints":{"allow":["GET"]}}],"collection":[{"href":"https:\/\/www.vanguardhealthcare.co.uk\/sv_se\/wp-json\/wp\/v2\/pages"}],"about":[{"href":"https:\/\/www.vanguardhealthcare.co.uk\/sv_se\/wp-json\/wp\/v2\/types\/page"}],"author":[{"embeddable":true,"href":"https:\/\/www.vanguardhealthcare.co.uk\/sv_se\/wp-json\/wp\/v2\/users\/2"}],"replies":[{"embeddable":true,"href":"https:\/\/www.vanguardhealthcare.co.uk\/sv_se\/wp-json\/wp\/v2\/comments?post=14"}],"version-history":[{"count":0,"href":"https:\/\/www.vanguardhealthcare.co.uk\/sv_se\/wp-json\/wp\/v2\/pages\/14\/revisions"}],"wp:attachment":[{"href":"https:\/\/www.vanguardhealthcare.co.uk\/sv_se\/wp-json\/wp\/v2\/media?parent=14"}],"curies":[{"name":"wp","href":"https:\/\/api.w.org\/{rel}","templated":true}]}}