{"id":8357,"date":"2026-03-03T12:30:31","date_gmt":"2026-03-03T12:30:31","guid":{"rendered":"https:\/\/www.vanguardhealthcare.co.uk\/?page_id=8357"},"modified":"2026-03-03T12:30:32","modified_gmt":"2026-03-03T12:30:32","slug":"working-in-partnership-with-portland-clinical","status":"publish","type":"page","link":"https:\/\/www.vanguardhealthcare.co.uk\/sq_al\/working-in-partnership-with-portland-clinical\/","title":{"rendered":"Duke punuar n\u00eb partneritet me Portland Clinical"},"content":{"rendered":"<section id=\"section-2-59\" class=\"ct-section\" style=\"background-image:url(https:\/\/www.vanguardhealthcare.co.uk\/wp-content\/uploads\/2023\/05\/boulders-right.png);background-size: auto;\" >\n<div class=\"ct-section-inner-wrap\">\n<div id=\"div_block-8-59\" class=\"ct-div-block\" ><a id=\"link_text-6-59\" class=\"ct-link-text\" href=\"\/sq_al\/\" target=\"_self\"  >Sht\u00ebpi<\/a><\/p>\n<h1 id=\"headline-3-59\" class=\"ct-headline\"><span id=\"span-4-59\" class=\"ct-span\" >Duke punuar n\u00eb partneritet me Portland Clinical<\/span><\/h1>\n<\/div>\n<\/div>\n<\/section>\n<section id=\"section-68-14-text-left-white\" class=\"ct-section\" >\n<div class=\"ct-section-inner-wrap\">\n<div id=\"new_columns-69-14text-left-white\" class=\"ct-new-columns\" >\n<div id=\"div_block-70-14\" class=\"ct-div-block\" >\n<h2 id=\"headline-71-14\" class=\"ct-headline\"><\/h2>\n<div id=\"_rich_text-72-14\" class=\"oxy-rich-text\" >\n<p data-start=\"50\" data-end=\"432\">Vanguard Healthcare Solutions \u00ebsht\u00eb krenare q\u00eb punon n\u00eb bashk\u00ebpunim me Portland Clinical, nj\u00eb ofrues kujdesi sh\u00ebndet\u00ebsor i regjistruar n\u00eb CQC q\u00eb ofron sh\u00ebrbime klinike t\u00eb brendshme dhe komunitare n\u00eb t\u00eb gjith\u00eb Mbret\u00ebrin\u00eb e Bashkuar. S\u00eb bashku, ne mb\u00ebshtesim NHS Trusts dhe Integrated Care Systems p\u00ebr t\u00eb zgjeruar kapacitetin, p\u00ebr t\u00eb zvog\u00ebluar listat e pritjes dhe p\u00ebr t\u00eb mbrojtur objektivat e rikuperimit zgjedhor p\u00ebrmes kujdesit t\u00eb sigurt, me cil\u00ebsi t\u00eb lart\u00eb dhe t\u00eb p\u00ebrqendruar te pacienti.<\/p>\n<p class=\"MsoNormal\">&nbsp;<\/p>\n<p data-start=\"434\" data-end=\"858\">Ky partneritet bashkon pikat e forta plot\u00ebsuese. Portland Clinical ofron nj\u00eb fuqi pun\u00ebtore t\u00eb udh\u00ebhequr nga konsulent\u00eb, korniza t\u00eb vendosura qeverisjeje dhe ekspertiz\u00eb n\u00eb menaxhimin e rrug\u00ebve. Vanguard Healthcare Solutions ofron ambiente modulare me cil\u00ebsi t\u00eb lart\u00eb, salla t\u00eb l\u00ebvizshme operacionesh dhe mjedise klinike t\u00eb pajisura plot\u00ebsisht. T\u00eb kombinuara, ne ofrojm\u00eb zgjidhje t\u00eb integruara, t\u00eb gatshme p\u00ebr t&#039;iu p\u00ebrgjigjur shpejt dhe n\u00eb m\u00ebnyr\u00eb efektive presioneve t\u00eb sistemit.<\/p>\n<\/div>\n<\/div>\n<div id=\"div_block-74-14\" class=\"ct-div-block\" ><img decoding=\"async\"  id=\"image-75-14\" alt=\"\" src=\"https:\/\/www.vanguardhealthcare.co.uk\/wp-content\/uploads\/2024\/08\/Vanguard-team.jpg\" class=\"ct-image\"\/><\/div>\n<\/div>\n<\/div>\n<\/section>\n<section id=\"section-132-34\" class=\"ct-section\" >\n<div class=\"ct-section-inner-wrap\">\n<div id=\"new_columns-133-34\" class=\"ct-new-columns\" >\n<div id=\"div_block-138-34\" class=\"ct-div-block\" ><img decoding=\"async\"  id=\"image-139-34\" alt=\"\" src=\"https:\/\/www.vanguardhealthcare.co.uk\/wp-content\/uploads\/2025\/12\/Nurse-Base.jpg\" class=\"ct-image\"\/><\/div>\n<div id=\"div_block-134-34\" class=\"ct-div-block\" >\n<h2 id=\"headline-135-34\" class=\"ct-headline\">\u00c7far\u00eb ofrojm\u00eb s\u00eb bashku<\/h2>\n<div id=\"_rich_text-136-34\" class=\"oxy-rich-text\" >\n<h3 data-start=\"889\" data-end=\"912\">Insourcing Klinik<\/h3>\n<p data-start=\"914\" data-end=\"1053\">N\u00eb partneritet, ne ofrojm\u00eb modele t\u00eb strukturuara dhe me ndikim t\u00eb lart\u00eb t\u00eb burimeve t\u00eb brendshme q\u00eb mb\u00ebshtesin rim\u00ebk\u00ebmbjen zgjedhore dhe p\u00ebrmir\u00ebsimin e performanc\u00ebs, duke p\u00ebrfshir\u00eb:<\/p>\n<ul data-start=\"1055\" data-end=\"1315\">\n<li data-start=\"1055\" data-end=\"1108\">\n<p data-start=\"1057\" data-end=\"1108\">Shtigje kirurgjikale dhe jo-kirurgjikale t\u00eb udh\u00ebhequra nga konsulent\u00ebt<\/p>\n<\/li>\n<li data-start=\"1109\" data-end=\"1161\">\n<p data-start=\"1111\" data-end=\"1161\">Programe t\u00eb rikuperimit t\u00eb l\u00ebnd\u00ebve t\u00eb prapambetura zgjedhore me volum t\u00eb lart\u00eb<\/p>\n<\/li>\n<li data-start=\"1162\" data-end=\"1207\">\n<p data-start=\"1164\" data-end=\"1207\">Modelet e operimit t\u00eb fundjavave dhe dit\u00ebve t\u00eb zgjatura<\/p>\n<\/li>\n<li data-start=\"1208\" data-end=\"1260\">\n<p data-start=\"1210\" data-end=\"1260\">Mb\u00ebshtetje p\u00ebr rikuperimin e RTT-s\u00eb dhe p\u00ebrmir\u00ebsimin e performanc\u00ebs<\/p>\n<\/li>\n<li data-start=\"1261\" data-end=\"1315\">\n<p data-start=\"1263\" data-end=\"1315\">Mbik\u00ebqyrje e plot\u00eb e qeverisjes n\u00eb p\u00ebrputhje me standardet CQC<\/p>\n<\/li>\n<\/ul>\n<p class=\"MsoNormal\">&nbsp;<\/p>\n<p data-start=\"1317\" data-end=\"1465\">Duke e p\u00ebrshtatur ofrimin klinik me planifikim t\u00eb fuqish\u00ebm operativ dhe ambiente me cil\u00ebsi t\u00eb lart\u00eb, ne i ndihmojm\u00eb Trustet t\u00eb rrisin aktivitetin n\u00eb m\u00ebnyr\u00eb t\u00eb sigurt dhe t\u00eb q\u00ebndrueshme.<\/p>\n<\/div>\n<\/div>\n<\/div>\n<\/div>\n<\/section>\n<section id=\"section-68-14-text-left-white\" class=\"ct-section\" >\n<div class=\"ct-section-inner-wrap\">\n<div id=\"new_columns-69-14text-left-white\" class=\"ct-new-columns\" >\n<div id=\"div_block-70-14\" class=\"ct-div-block\" >\n<h2 id=\"headline-71-14\" class=\"ct-headline\">Integrimi i objekteve modulare dhe mobile<\/h2>\n<div id=\"_rich_text-72-14\" class=\"oxy-rich-text\" >\n<p data-start=\"1512\" data-end=\"1718\">Ekspertiza e Vanguard n\u00eb infrastruktur\u00ebn e vendosjes s\u00eb shpejt\u00eb, e kombinuar me lidershipin klinik t\u00eb Portland Clinical, mund\u00ebson ofrimin e mjediseve kirurgjikale t\u00eb plota dhe funksionale. Oferta jon\u00eb e p\u00ebrbashk\u00ebt p\u00ebrfshin:<\/p>\n<ul data-start=\"1720\" data-end=\"1991\">\n<li data-start=\"1720\" data-end=\"1772\">\n<p data-start=\"1722\" data-end=\"1772\">Vendosja e shpejt\u00eb e sallave t\u00eb operacionit dhe reparteve<\/p>\n<\/li>\n<li data-start=\"1773\" data-end=\"1830\">\n<p data-start=\"1775\" data-end=\"1830\">Qendra kirurgjikale t\u00eb pavarura p\u00ebr t\u00eb mbrojtur kapacitetin zgjedhor<\/p>\n<\/li>\n<li data-start=\"1831\" data-end=\"1891\">\n<p data-start=\"1833\" data-end=\"1891\">Kapaciteti i dekantimit gjat\u00eb rinovimit ose presionit t\u00eb pronave<\/p>\n<\/li>\n<li data-start=\"1892\" data-end=\"1951\">\n<p data-start=\"1894\" data-end=\"1951\">Modelet e sh\u00ebrbimit t\u00eb menaxhuar q\u00eb kombinojn\u00eb objektin dhe fuqin\u00eb pun\u00ebtore<\/p>\n<\/li>\n<li data-start=\"1952\" data-end=\"1991\">\n<p data-start=\"1954\" data-end=\"1991\">Mobilizim operacional nga fillimi n\u00eb fund<\/p>\n<\/li>\n<\/ul>\n<p class=\"MsoNormal\">&nbsp;<\/p>\n<p data-start=\"1993\" data-end=\"2126\">Kjo qasje e integruar u lejon partner\u00ebve t\u00eb NHS-s\u00eb t\u00eb ken\u00eb akses si n\u00eb kapacitetin fizik ashtu edhe n\u00eb ekipet klinike t\u00eb kualifikuara n\u00eb nj\u00eb zgjidhje t\u00eb koordinuar.<\/p>\n<\/div>\n<\/div>\n<div id=\"div_block-74-14\" class=\"ct-div-block\" ><img decoding=\"async\"  id=\"image-75-14\" alt=\"\" src=\"https:\/\/www.vanguardhealthcare.co.uk\/wp-content\/uploads\/2025\/11\/DJI_20250619160710_0016_D-min.jpg\" class=\"ct-image\"\/><\/div>\n<\/div>\n<\/div>\n<\/section>\n<section id=\"section-132-34\" class=\"ct-section\" >\n<div class=\"ct-section-inner-wrap\">\n<div id=\"new_columns-133-34\" class=\"ct-new-columns\" >\n<div id=\"div_block-138-34\" class=\"ct-div-block\" ><img decoding=\"async\"  id=\"image-139-34\" alt=\"\" src=\"https:\/\/www.vanguardhealthcare.co.uk\/wp-content\/uploads\/2025\/12\/Exterior-front-1-scaled.jpg\" class=\"ct-image\"\/><\/div>\n<div id=\"div_block-134-34\" class=\"ct-div-block\" >\n<h2 id=\"headline-135-34\" class=\"ct-headline\">Sh\u00ebrbime Komunitare dhe Diagnostike<\/h2>\n<div id=\"_rich_text-136-34\" class=\"oxy-rich-text\" >\n<p data-start=\"2167\" data-end=\"2308\">Ne gjithashtu punojm\u00eb s\u00eb bashku p\u00ebr t\u00eb forcuar ofrimin e sh\u00ebrbimeve diagnostikuese dhe t\u00eb bazuara n\u00eb komunitet, duke i ndihmuar sistemet t\u00eb menaxhojn\u00eb k\u00ebrkes\u00ebn m\u00eb af\u00ebr sht\u00ebpis\u00eb. Sh\u00ebrbimet p\u00ebrfshijn\u00eb:<\/p>\n<ul data-start=\"2310\" data-end=\"2482\">\n<li data-start=\"2310\" data-end=\"2347\">\n<p data-start=\"2312\" data-end=\"2347\">Klinika ambulatore dhe diagnostikuese<\/p>\n<\/li>\n<li data-start=\"2348\" data-end=\"2385\">\n<p data-start=\"2350\" data-end=\"2385\">Shtigje zgjedhore t\u00eb bazuara n\u00eb komunitet<\/p>\n<\/li>\n<li data-start=\"2386\" data-end=\"2424\">\n<p data-start=\"2388\" data-end=\"2424\">Sh\u00ebrbime t\u00eb sh\u00ebndetit mendor dhe terapis\u00eb<\/p>\n<\/li>\n<li data-start=\"2425\" data-end=\"2482\">\n<p data-start=\"2427\" data-end=\"2482\">Menaxhimi dixhital i triazhit t\u00eb pacient\u00ebve dhe i rrug\u00ebve<\/p>\n<\/li>\n<\/ul>\n<p class=\"MsoNormal\">&nbsp;<\/p>\n<p data-start=\"2484\" data-end=\"2611\">Duke kombinuar infrastruktur\u00ebn, fuqin\u00eb pun\u00ebtore dhe projektimin e shtigjeve, ne mb\u00ebshtesim flukse m\u00eb efikase t\u00eb pacient\u00ebve dhe akses t\u00eb p\u00ebrmir\u00ebsuar n\u00eb kujdes.<\/p>\n<\/div>\n<\/div>\n<\/div>\n<\/div>\n<\/section>\n<section id=\"section-68-14-text-left-white\" class=\"ct-section\" >\n<div class=\"ct-section-inner-wrap\">\n<div id=\"new_columns-69-14text-left-white\" class=\"ct-new-columns\" >\n<div id=\"div_block-70-14\" class=\"ct-div-block\" >\n<h2 id=\"headline-71-14\" class=\"ct-headline\">Pse ka r\u00ebnd\u00ebsi ky partneritet<\/h2>\n<div id=\"_rich_text-72-14\" class=\"oxy-rich-text\" >\n<p data-start=\"2646\" data-end=\"2856\">Sh\u00ebrbimi Sh\u00ebndet\u00ebsor Komb\u00ebtar (NHS) vazhdon t\u00eb p\u00ebrballet me sfida t\u00eb konsiderueshme kapaciteti n\u00eb t\u00eb gjitha sallat e operacionit, sh\u00ebrbimet diagnostikuese dhe ato zgjedhore. Adresimi i k\u00ebtyre presioneve k\u00ebrkon zgjidhje q\u00eb jan\u00eb t\u00eb shkall\u00ebzueshme, n\u00eb p\u00ebrputhje me rregullat dhe t\u00eb forta nga ana operacionale.<\/p>\n<p data-start=\"2858\" data-end=\"2960\">P\u00ebrmes bashk\u00ebpunimit ton\u00eb me Portland Clinical, Vanguard Healthcare Solutions ofron sisteme me:<\/p>\n<ul data-start=\"2962\" data-end=\"3204\">\n<li data-start=\"2962\" data-end=\"3026\">\n<p data-start=\"2964\" data-end=\"3026\">Kapacitet shtes\u00eb i shkall\u00ebzuesh\u00ebm pa barr\u00eb afatgjat\u00eb t\u00eb pasuris\u00eb<\/p>\n<\/li>\n<li data-start=\"3027\" data-end=\"3073\">\n<p data-start=\"3029\" data-end=\"3073\">Mobilizim i shpejt\u00eb me qeverisje t\u00eb sigurt<\/p>\n<\/li>\n<li data-start=\"3074\" data-end=\"3107\">\n<p data-start=\"3076\" data-end=\"3107\">Ofrimi klinik i p\u00ebrshtatur me CQC<\/p>\n<\/li>\n<li data-start=\"3108\" data-end=\"3159\">\n<p data-start=\"3110\" data-end=\"3159\">Raportim i integruar dhe menaxhim i performanc\u00ebs<\/p>\n<\/li>\n<li data-start=\"3160\" data-end=\"3204\">\n<p data-start=\"3162\" data-end=\"3204\">Nj\u00eb qasje bashk\u00ebpunuese, e fokusuar n\u00eb sistem<\/p>\n<\/li>\n<\/ul>\n<p data-start=\"1512\" data-end=\"1718\">&nbsp;<\/p>\n<p data-start=\"3206\" data-end=\"3360\" data-is-last-node=\"\" data-is-only-node=\"\">S\u00eb bashku, po i mund\u00ebsojm\u00eb organizatave t\u00eb NHS-s\u00eb t\u00eb zgjerojn\u00eb kapacitetin e sigurt me rit\u00ebm t\u00eb shpejt\u00eb, t\u00eb mbrojn\u00eb rikuperimin zgjedhor dhe t\u00eb ofrojn\u00eb kujdes n\u00eb koh\u00eb p\u00ebr pacient\u00ebt n\u00eb t\u00eb gjith\u00eb Mbret\u00ebrin\u00eb e Bashkuar.<\/p>\n<\/div>\n<\/div>\n<div id=\"div_block-74-14\" class=\"ct-div-block\" ><img decoding=\"async\"  id=\"image-75-14\" alt=\"\" src=\"https:\/\/www.vanguardhealthcare.co.uk\/wp-content\/uploads\/2023\/10\/Every-clinical-team-member-brings-their-expertise-and-experience-image-scaled.jpg\" class=\"ct-image\"\/><\/div>\n<\/div>\n<\/div>\n<\/section>\n<section id=\"section-144-59\" class=\"ct-section\" >\n<div class=\"ct-section-inner-wrap\">\n<div id=\"new_columns-145-59\" class=\"ct-new-columns\" >\n<div id=\"div_block-146-59\" class=\"ct-div-block\" >\n<div id=\"_rich_text-9-63\" class=\"oxy-rich-text\" >\n<p>Gjetja e nj\u00eb zgjidhjeje q\u00eb funksionon p\u00ebr spitalin tuaj fillon k\u00ebtu\u2026<\/p>\n<\/div>\n<p><a id=\"link_button-149-59\" class=\"ct-link-button\" href=\"\/sq_al\/contact\/\" target=\"_self\"  >Kontaktoni<\/a><\/div>\n<div id=\"div_block-150-59\" class=\"ct-div-block\" ><img decoding=\"async\"  id=\"image-151-59\" alt=\"\" src=\"https:\/\/www.vanguardhealthcare.co.uk\/wp-content\/uploads\/2023\/06\/kettering-2-1.jpg\" class=\"ct-image\"\/><\/div>\n<\/div>\n<\/div>\n<\/section>","protected":false},"excerpt":{"rendered":"","protected":false},"author":11,"featured_media":0,"parent":0,"menu_order":0,"comment_status":"closed","ping_status":"closed","template":"","meta":{"_acf_changed":false,"footnotes":""},"class_list":["post-8357","page","type-page","status-publish","format-standard","hentry"],"acf":[],"yoast_head":"<!-- This site is optimized with the Yoast SEO plugin v27.4 - https:\/\/yoast.com\/product\/yoast-seo-wordpress\/ -->\n<title>Working in Partnership with Portland Clinical - Vanguard Healthcare Solutions<\/title>\n<meta name=\"robots\" content=\"index, follow, max-snippet:-1, max-image-preview:large, max-video-preview:-1\" \/>\n<link rel=\"canonical\" href=\"https:\/\/www.vanguardhealthcare.co.uk\/sq_al\/working-in-partnership-with-portland-clinical\/\" \/>\n<meta property=\"og:locale\" content=\"sq_AL\" \/>\n<meta property=\"og:type\" content=\"article\" \/>\n<meta property=\"og:title\" content=\"Working in Partnership with Portland Clinical - Vanguard Healthcare Solutions\" \/>\n<meta property=\"og:url\" content=\"https:\/\/www.vanguardhealthcare.co.uk\/sq_al\/working-in-partnership-with-portland-clinical\/\" \/>\n<meta property=\"og:site_name\" content=\"Vanguard Healthcare Solutions\" \/>\n<meta property=\"article:modified_time\" content=\"2026-03-03T12:30:32+00:00\" \/>\n<meta name=\"twitter:card\" content=\"summary_large_image\" \/>\n<meta name=\"twitter:label1\" content=\"Est. reading time\" \/>\n\t<meta name=\"twitter:data1\" content=\"1 minut\u00eb\" \/>\n<script type=\"application\/ld+json\" class=\"yoast-schema-graph\">{\"@context\":\"https:\\\/\\\/schema.org\",\"@graph\":[{\"@type\":\"WebPage\",\"@id\":\"https:\\\/\\\/www.vanguardhealthcare.co.uk\\\/working-in-partnership-with-portland-clinical\\\/\",\"url\":\"https:\\\/\\\/www.vanguardhealthcare.co.uk\\\/working-in-partnership-with-portland-clinical\\\/\",\"name\":\"Working in Partnership with Portland Clinical - Vanguard Healthcare Solutions\",\"isPartOf\":{\"@id\":\"https:\\\/\\\/www.vanguardhealthcare.co.uk\\\/#website\"},\"datePublished\":\"2026-03-03T12:30:31+00:00\",\"dateModified\":\"2026-03-03T12:30:32+00:00\",\"breadcrumb\":{\"@id\":\"https:\\\/\\\/www.vanguardhealthcare.co.uk\\\/working-in-partnership-with-portland-clinical\\\/#breadcrumb\"},\"inLanguage\":\"sq\",\"potentialAction\":[{\"@type\":\"ReadAction\",\"target\":[\"https:\\\/\\\/www.vanguardhealthcare.co.uk\\\/working-in-partnership-with-portland-clinical\\\/\"]}]},{\"@type\":\"BreadcrumbList\",\"@id\":\"https:\\\/\\\/www.vanguardhealthcare.co.uk\\\/working-in-partnership-with-portland-clinical\\\/#breadcrumb\",\"itemListElement\":[{\"@type\":\"ListItem\",\"position\":1,\"name\":\"Home\",\"item\":\"https:\\\/\\\/www.vanguardhealthcare.co.uk\\\/\"},{\"@type\":\"ListItem\",\"position\":2,\"name\":\"Working in Partnership with Portland Clinical\"}]},{\"@type\":\"WebSite\",\"@id\":\"https:\\\/\\\/www.vanguardhealthcare.co.uk\\\/#website\",\"url\":\"https:\\\/\\\/www.vanguardhealthcare.co.uk\\\/\",\"name\":\"Vanguard Healthcare Solutions\",\"description\":\"\",\"potentialAction\":[{\"@type\":\"SearchAction\",\"target\":{\"@type\":\"EntryPoint\",\"urlTemplate\":\"https:\\\/\\\/www.vanguardhealthcare.co.uk\\\/?s={search_term_string}\"},\"query-input\":{\"@type\":\"PropertyValueSpecification\",\"valueRequired\":true,\"valueName\":\"search_term_string\"}}],\"inLanguage\":\"sq\"}]}<\/script>\n<!-- \/ Yoast SEO plugin. -->","yoast_head_json":{"title":"Duke punuar n\u00eb partneritet me Portland Clinical - Vanguard Healthcare Solutions","robots":{"index":"index","follow":"follow","max-snippet":"max-snippet:-1","max-image-preview":"max-image-preview:large","max-video-preview":"max-video-preview:-1"},"canonical":"https:\/\/www.vanguardhealthcare.co.uk\/sq_al\/working-in-partnership-with-portland-clinical\/","og_locale":"sq_AL","og_type":"article","og_title":"Working in Partnership with Portland Clinical - Vanguard Healthcare Solutions","og_url":"https:\/\/www.vanguardhealthcare.co.uk\/sq_al\/working-in-partnership-with-portland-clinical\/","og_site_name":"Vanguard Healthcare Solutions","article_modified_time":"2026-03-03T12:30:32+00:00","twitter_card":"summary_large_image","twitter_misc":{"Est. reading time":"1 minut\u00eb"},"schema":{"@context":"https:\/\/schema.org","@graph":[{"@type":"WebPage","@id":"https:\/\/www.vanguardhealthcare.co.uk\/working-in-partnership-with-portland-clinical\/","url":"https:\/\/www.vanguardhealthcare.co.uk\/working-in-partnership-with-portland-clinical\/","name":"Duke punuar n\u00eb partneritet me Portland Clinical - Vanguard Healthcare Solutions","isPartOf":{"@id":"https:\/\/www.vanguardhealthcare.co.uk\/#website"},"datePublished":"2026-03-03T12:30:31+00:00","dateModified":"2026-03-03T12:30:32+00:00","breadcrumb":{"@id":"https:\/\/www.vanguardhealthcare.co.uk\/working-in-partnership-with-portland-clinical\/#breadcrumb"},"inLanguage":"sq","potentialAction":[{"@type":"ReadAction","target":["https:\/\/www.vanguardhealthcare.co.uk\/working-in-partnership-with-portland-clinical\/"]}]},{"@type":"BreadcrumbList","@id":"https:\/\/www.vanguardhealthcare.co.uk\/working-in-partnership-with-portland-clinical\/#breadcrumb","itemListElement":[{"@type":"ListItem","position":1,"name":"Home","item":"https:\/\/www.vanguardhealthcare.co.uk\/"},{"@type":"ListItem","position":2,"name":"Working in Partnership with Portland Clinical"}]},{"@type":"WebSite","@id":"https:\/\/www.vanguardhealthcare.co.uk\/#website","url":"https:\/\/www.vanguardhealthcare.co.uk\/","name":"Zgjidhjet e kujdesit sh\u00ebndet\u00ebsor Vanguard","description":"","potentialAction":[{"@type":"SearchAction","target":{"@type":"EntryPoint","urlTemplate":"https:\/\/www.vanguardhealthcare.co.uk\/?s={search_term_string}"},"query-input":{"@type":"PropertyValueSpecification","valueRequired":true,"valueName":"search_term_string"}}],"inLanguage":"sq"}]}},"_links":{"self":[{"href":"https:\/\/www.vanguardhealthcare.co.uk\/sq_al\/wp-json\/wp\/v2\/pages\/8357","targetHints":{"allow":["GET"]}}],"collection":[{"href":"https:\/\/www.vanguardhealthcare.co.uk\/sq_al\/wp-json\/wp\/v2\/pages"}],"about":[{"href":"https:\/\/www.vanguardhealthcare.co.uk\/sq_al\/wp-json\/wp\/v2\/types\/page"}],"author":[{"embeddable":true,"href":"https:\/\/www.vanguardhealthcare.co.uk\/sq_al\/wp-json\/wp\/v2\/users\/11"}],"replies":[{"embeddable":true,"href":"https:\/\/www.vanguardhealthcare.co.uk\/sq_al\/wp-json\/wp\/v2\/comments?post=8357"}],"version-history":[{"count":0,"href":"https:\/\/www.vanguardhealthcare.co.uk\/sq_al\/wp-json\/wp\/v2\/pages\/8357\/revisions"}],"wp:attachment":[{"href":"https:\/\/www.vanguardhealthcare.co.uk\/sq_al\/wp-json\/wp\/v2\/media?parent=8357"}],"curies":[{"name":"wp","href":"https:\/\/api.w.org\/{rel}","templated":true}]}}