{"id":7861,"date":"2025-03-06T16:20:47","date_gmt":"2025-03-06T16:20:47","guid":{"rendered":"https:\/\/www.vanguardhealthcare.co.uk\/?page_id=7861"},"modified":"2025-04-01T11:52:39","modified_gmt":"2025-04-01T11:52:39","slug":"flexible-finance-solutions","status":"publish","type":"page","link":"https:\/\/www.vanguardhealthcare.co.uk\/sq_al\/flexible-finance-solutions\/","title":{"rendered":"Zgjidhje Fleksibile Financiare"},"content":{"rendered":"<section id=\"section-2-59\" class=\"ct-section\" style=\"background-image:url(https:\/\/www.vanguardhealthcare.co.uk\/wp-content\/uploads\/2023\/05\/boulders-right.png);background-size: auto;\" >\n<div class=\"ct-section-inner-wrap\">\n<div id=\"div_block-8-59\" class=\"ct-div-block\" ><a id=\"link_text-6-59\" class=\"ct-link-text\" href=\"\/sq_al\/\" target=\"_self\"  >Sht\u00ebpi<\/a><\/p>\n<h1 id=\"headline-3-59\" class=\"ct-headline\"><span id=\"span-4-59\" class=\"ct-span\" >Zgjidhje Fleksibile Financiare<\/span><\/h1>\n<\/div>\n<\/div>\n<\/section>\n<section id=\"section-68-14-text-left-white\" class=\"ct-section\" >\n<div class=\"ct-section-inner-wrap\">\n<div id=\"new_columns-69-14text-left-white\" class=\"ct-new-columns\" >\n<div id=\"div_block-70-14\" class=\"ct-div-block\" >\n<h2 id=\"headline-71-14\" class=\"ct-headline\">Facility Flex - Nj\u00eb qasje e zgjuar p\u00ebr t\u00eb zbutur sfidat e SNRF16 dhe CDEL<\/h2>\n<div id=\"_rich_text-72-14\" class=\"oxy-rich-text\" >\n<h3 class=\"MsoNormal\"><strong><span lang=\"EN-GB\">Mir\u00eb se vini n\u00eb Facility Flex<\/span><\/strong><\/h3>\n<p class=\"MsoNormal\"><span lang=\"EN-GB\">N\u00eb Vanguard Healthcare Solutions, ne i kuptojm\u00eb nevojat dinamike t\u00eb ofruesve t\u00eb kujdesit sh\u00ebndet\u00ebsor. Tona&nbsp;<strong>Objekti Flex<\/strong> Modeli ofron nj\u00eb qasje revolucionare n\u00eb infrastruktur\u00ebn e kujdesit sh\u00ebndet\u00ebsor, duke ofruar zgjidhje fleksib\u00ebl, t\u00eb paguara q\u00eb sigurojn\u00eb akses t\u00eb menj\u00ebhersh\u00ebm n\u00eb mjedise klinike me cil\u00ebsi t\u00eb lart\u00eb.<\/span><\/p>\n<p class=\"MsoNormal\"><span lang=\"EN-GB\">Shkarkoni broshur\u00ebn ton\u00eb informative,&nbsp;<a href=\"\/sq_al\/resource\/facility-flex-a-smart-approach-to-mitigating-ifrs16-and-cdel-challenges\/\">k\u00ebtu.<\/a><\/span><\/p>\n<\/div>\n<\/div>\n<div id=\"div_block-74-14\" class=\"ct-div-block\" ><img decoding=\"async\"  id=\"image-75-14\" alt=\"\" src=\"https:\/\/www.vanguardhealthcare.co.uk\/wp-content\/uploads\/2025\/02\/Vanguard-Ribbon-Cutting-Drone-Photography-2-1024x768.jpg\" class=\"ct-image\"\/><\/div>\n<\/div>\n<\/div>\n<\/section>\n<section id=\"section-132-34\" class=\"ct-section\" >\n<div class=\"ct-section-inner-wrap\">\n<div id=\"new_columns-133-34\" class=\"ct-new-columns\" >\n<div id=\"div_block-138-34\" class=\"ct-div-block\" ><img decoding=\"async\"  id=\"image-139-34\" alt=\"\" src=\"https:\/\/www.vanguardhealthcare.co.uk\/wp-content\/uploads\/2025\/01\/IMG_5643-1024x768.jpeg\" class=\"ct-image\"\/><\/div>\n<div id=\"div_block-134-34\" class=\"ct-div-block\" >\n<h2 id=\"headline-135-34\" class=\"ct-headline\">Pse t\u00eb zgjidhni Facility Flex?<\/h2>\n<div id=\"_rich_text-136-34\" class=\"oxy-rich-text\" >\n<p class=\"MsoNormal\"><strong><span lang=\"EN-GB\">Objekti Flex<\/span><\/strong><span lang=\"EN-GB\">&nbsp;\u00ebsht\u00eb projektuar p\u00ebr t\u00eb p\u00ebrmbushur k\u00ebrkes\u00ebn n\u00eb rritje p\u00ebr sh\u00ebrbime t\u00eb kujdesit sh\u00ebndet\u00ebsor pa pasur nevoj\u00eb p\u00ebr shpenzime t\u00eb konsiderueshme kapitale. Modeli yn\u00eb i bazuar n\u00eb t\u00eb ardhura u lejon ofruesve t\u00eb kujdesit sh\u00ebndet\u00ebsor t\u00eb p\u00ebrdorin buxhetet e t\u00eb ardhurave, duke ruajtur burimet e tyre kapitale p\u00ebr investime t\u00eb tjera kritike. Ky fleksibilitet financiar \u00ebsht\u00eb ve\u00e7an\u00ebrisht i dobish\u00ebm p\u00ebr NHS Trusts, pasi nuk siguron asnj\u00eb ndikim n\u00eb kufijt\u00eb e CEDL.<\/span><\/p>\n<p class=\"MsoNormal\"><strong><span lang=\"EN-GB\">Karakteristikat dhe P\u00ebrfitimet kryesore<\/span><\/strong><\/p>\n<ul style=\"margin-top: 0cm\" type=\"disc\">\n<li class=\"MsoNormal\"><strong><span lang=\"EN-GB\">Nuk ka shpenzime kapitale<\/span><\/strong><span lang=\"EN-GB\">: Modeli yn\u00eb me pages\u00eb eliminon nevoj\u00ebn p\u00ebr shpenzime t\u00eb m\u00ebdha kapitale, duke ju lejuar t\u00eb ruani burimet financiare.<\/span><\/li>\n<li class=\"MsoNormal\"><strong><span lang=\"EN-GB\">Shp\u00ebrndarja e shpejt\u00eb<\/span><\/strong><span lang=\"EN-GB\">: Ne ofrojm\u00eb akses t\u00eb menj\u00ebhersh\u00ebm n\u00eb nj\u00eb flot\u00eb t\u00eb plot\u00eb objektesh t\u00eb \u00e7montueshme dhe modulare, duke siguruar q\u00eb ju t\u00eb mund t\u00eb p\u00ebrballoni sfidat e kapacitetit me shpejt\u00ebsi.<\/span><\/li>\n<li class=\"MsoNormal\"><strong><span lang=\"EN-GB\">Infrastruktur\u00eb me cil\u00ebsi t\u00eb lart\u00eb<\/span><\/strong><span lang=\"EN-GB\">: Ambientet tona jan\u00eb projektuar nga mjek\u00eb klinik dhe t\u00eb pajisur me pajisje moderne, duke garantuar kujdesin optimal t\u00eb pacientit.<\/span><\/li>\n<li class=\"MsoNormal\"><strong><span lang=\"EN-GB\">Fleksibiliteti financiar<\/span><\/strong><span lang=\"EN-GB\">: Duke p\u00ebrdorur buxhetet e t\u00eb ardhurave, ju mund t\u00eb investoni n\u00eb infrastruktur\u00ebn thelb\u00ebsore pa ndikuar n\u00eb kufijt\u00eb e shpenzimeve tuaja kapitale.<\/span><\/li>\n<li class=\"MsoNormal\"><strong><span lang=\"EN-GB\">P\u00ebrvoja e p\u00ebrmir\u00ebsuar e pacientit<\/span><\/strong><span lang=\"EN-GB\">: Mjediset tona klinike t\u00eb gatshme p\u00ebr p\u00ebrdorim ndihmojn\u00eb n\u00eb p\u00ebrmir\u00ebsimin e rezultateve t\u00eb pacientit dhe reduktojn\u00eb koh\u00ebn e pritjes.<\/span><\/li>\n<\/ul>\n<\/div>\n<\/div>\n<\/div>\n<\/div>\n<\/section>\n<section id=\"section-68-14-text-left-white\" class=\"ct-section\" >\n<div class=\"ct-section-inner-wrap\">\n<div id=\"new_columns-69-14text-left-white\" class=\"ct-new-columns\" >\n<div id=\"div_block-70-14\" class=\"ct-div-block\" >\n<h2 id=\"headline-71-14\" class=\"ct-headline\">Mb\u00ebshtetje gjith\u00ebp\u00ebrfshir\u00ebse<\/h2>\n<div id=\"_rich_text-72-14\" class=\"oxy-rich-text\" >\n<p class=\"MsoNormal\"><strong><span lang=\"EN-GB\">Mb\u00ebshtetje gjith\u00ebp\u00ebrfshir\u00ebse<\/span><\/strong><\/p>\n<p class=\"MsoNormal\"><span lang=\"EN-GB\">Ne punojm\u00eb ngusht\u00eb me NHS Trusts p\u00ebr t\u00eb kuptuar k\u00ebrkesat e tyre individuale dhe nxit\u00ebsit kryesor\u00eb financiar\u00eb. Zgjidhjet tona me porosi jan\u00eb t\u00eb dizajnuara p\u00ebr t\u00eb siguruar rezultate pozitive dhe ne ofrojm\u00eb mb\u00ebshtetje gjith\u00ebp\u00ebrfshir\u00ebse gjat\u00eb gjith\u00eb procesit:<\/span><\/p>\n<ul style=\"margin-top: 0cm\" type=\"disc\">\n<li class=\"MsoNormal\">\n<p><strong><span lang=\"EN-GB\">Mb\u00ebshtetja e q\u00ebndrueshm\u00ebris\u00eb<\/span><\/strong><span lang=\"EN-GB\">: Duke punuar s\u00eb bashku me ju p\u00ebr t\u00eb v\u00ebrtetuar fizibilitetin e zgjidhjes Facility Flex p\u00ebr nevojat tuaja individuale.<\/span><\/p>\n<\/li>\n<li class=\"MsoNormal\">\n<p><strong><span lang=\"EN-GB\">Diskutime gjith\u00ebp\u00ebrfshir\u00ebse<\/span><\/strong><span lang=\"EN-GB\">: Zhvillimi i p\u00ebrdorimit t\u00eb parashikuar s\u00eb bashku dhe dizajnimi i zgjidhjeve fleksib\u00ebl t\u00eb financave q\u00eb funksionojn\u00eb m\u00eb mir\u00eb p\u00ebr ju.<\/span><\/p>\n<\/li>\n<li class=\"MsoNormal\">\n<p><strong><span lang=\"EN-GB\">Ndihma p\u00ebr miratim<\/span><\/strong><span lang=\"EN-GB\">: Mb\u00ebshtetja e zhvillimit t\u00eb rasteve t\u00eb biznesit<\/span><\/p>\n<\/li>\n<li class=\"MsoNormal\">\n<p><strong><span lang=\"EN-GB\">Dor\u00ebzimi n\u00eb koh\u00eb<\/span><\/strong><span lang=\"EN-GB\">: Dor\u00ebzimi nga flota jon\u00eb e \u00e7montueshme dhe e moduleve t\u00eb disponueshme menj\u00ebher\u00eb<\/span><\/p>\n<\/li>\n<\/ul>\n<\/div>\n<\/div>\n<div id=\"div_block-74-14\" class=\"ct-div-block\" ><img decoding=\"async\"  id=\"image-75-14\" alt=\"\" src=\"https:\/\/www.vanguardhealthcare.co.uk\/wp-content\/uploads\/2024\/07\/IMG_6401-1024x768.jpeg\" class=\"ct-image\"\/><\/div>\n<\/div>\n<\/div>\n<\/section>\n<section id=\"section-132-34\" class=\"ct-section\" >\n<div class=\"ct-section-inner-wrap\">\n<div id=\"new_columns-133-34\" class=\"ct-new-columns\" >\n<div id=\"div_block-138-34\" class=\"ct-div-block\" ><img decoding=\"async\"  id=\"image-139-34\" alt=\"\" src=\"https:\/\/www.vanguardhealthcare.co.uk\/wp-content\/uploads\/2024\/04\/Heartlands-Exterior-3-1024x683.jpg\" class=\"ct-image\"\/><\/div>\n<div id=\"div_block-134-34\" class=\"ct-div-block\" >\n<h2 id=\"headline-135-34\" class=\"ct-headline\">P\u00ebrmbushja e Objektivave t\u00eb Programit t\u00eb Reform\u00ebs Zgjedhore<\/h2>\n<div id=\"_rich_text-136-34\" class=\"oxy-rich-text\" >\n<p class=\"MsoNormal\"><span lang=\"EN-GB\">Facility Flex \u00ebsht\u00eb integral n\u00eb mb\u00ebshtetjen e Programit Zgjedhor t\u00eb Reform\u00ebs s\u00eb NHS, i cili synon t\u00eb reduktoj\u00eb koh\u00ebn e pritjes dhe t\u00eb p\u00ebrmir\u00ebsoj\u00eb kujdesin ndaj pacientit. Duke ofruar kapacitete shtes\u00eb klinike n\u00eb baz\u00eb t\u00eb pages\u00ebs, Facility Flex ndihmon NHS Trusts t\u00eb p\u00ebrmbushin q\u00ebllimet e programit, duke siguruar trajtim n\u00eb koh\u00eb dhe efikas p\u00ebr pacient\u00ebt.<\/span><\/p>\n<p class=\"MsoNormal\"><strong><span lang=\"EN-GB\">Angazhimi yn\u00eb<\/span><\/strong><\/p>\n<p class=\"MsoNormal\"><span lang=\"EN-GB\">N\u00eb Vanguard Healthcare Solutions, ne jemi t\u00eb p\u00ebrkushtuar t\u00eb ofrojm\u00eb infrastruktur\u00eb fleksib\u00ebl dhe me cil\u00ebsi t\u00eb lart\u00eb t\u00eb kujdesit sh\u00ebndet\u00ebsor q\u00eb plot\u00ebson nevojat dinamike t\u00eb ofruesve t\u00eb kujdesit sh\u00ebndet\u00ebsor. Ekipi yn\u00eb i ditur, i aft\u00eb dhe i aft\u00eb sjell p\u00ebrvoj\u00eb t\u00eb madhe dhe nj\u00eb kuptim t\u00eb thell\u00eb t\u00eb nevojave t\u00eb klient\u00ebve, duke siguruar q\u00eb ne ofrojm\u00eb zgjidhjet m\u00eb cil\u00ebsore n\u00eb industri.<\/span><\/p>\n<\/div>\n<\/div>\n<\/div>\n<\/div>\n<\/section>\n<section id=\"section-144-59\" class=\"ct-section\" >\n<div class=\"ct-section-inner-wrap\">\n<div id=\"new_columns-145-59\" class=\"ct-new-columns\" >\n<div id=\"div_block-146-59\" class=\"ct-div-block\" >\n<div id=\"_rich_text-9-63\" class=\"oxy-rich-text\" >\n<p>Gjetja e nj\u00eb zgjidhjeje q\u00eb funksionon p\u00ebr spitalin tuaj fillon k\u00ebtu\u2026<\/p>\n<\/div>\n<p><a id=\"link_button-149-59\" class=\"ct-link-button\" href=\"\/sq_al\/contact\/\" target=\"_self\"  >Kontaktoni<\/a><\/div>\n<div id=\"div_block-150-59\" class=\"ct-div-block\" ><img decoding=\"async\"  id=\"image-151-59\" alt=\"\" src=\"https:\/\/www.vanguardhealthcare.co.uk\/wp-content\/uploads\/2023\/06\/kettering-2-1.jpg\" class=\"ct-image\"\/><\/div>\n<\/div>\n<\/div>\n<\/section>","protected":false},"excerpt":{"rendered":"","protected":false},"author":11,"featured_media":0,"parent":0,"menu_order":0,"comment_status":"closed","ping_status":"closed","template":"","meta":{"_acf_changed":false,"footnotes":""},"class_list":["post-7861","page","type-page","status-publish","format-standard","hentry"],"acf":[],"yoast_head":"<!-- This site is optimized with the Yoast SEO plugin v27.3 - https:\/\/yoast.com\/product\/yoast-seo-wordpress\/ -->\n<title>Flexible Finance Solutions - Vanguard Healthcare Solutions<\/title>\n<meta name=\"robots\" content=\"index, follow, max-snippet:-1, max-image-preview:large, max-video-preview:-1\" \/>\n<link rel=\"canonical\" href=\"https:\/\/www.vanguardhealthcare.co.uk\/sq_al\/flexible-finance-solutions\/\" \/>\n<meta property=\"og:locale\" content=\"sq_AL\" \/>\n<meta property=\"og:type\" content=\"article\" \/>\n<meta property=\"og:title\" content=\"Flexible Finance Solutions - Vanguard Healthcare Solutions\" \/>\n<meta property=\"og:url\" content=\"https:\/\/www.vanguardhealthcare.co.uk\/sq_al\/flexible-finance-solutions\/\" \/>\n<meta property=\"og:site_name\" content=\"Vanguard Healthcare Solutions\" \/>\n<meta property=\"article:modified_time\" content=\"2025-04-01T11:52:39+00:00\" \/>\n<meta name=\"twitter:card\" content=\"summary_large_image\" \/>\n<meta name=\"twitter:label1\" content=\"Est. reading time\" \/>\n\t<meta name=\"twitter:data1\" content=\"1 minut\u00eb\" \/>\n<script type=\"application\/ld+json\" class=\"yoast-schema-graph\">{\"@context\":\"https:\\\/\\\/schema.org\",\"@graph\":[{\"@type\":\"WebPage\",\"@id\":\"https:\\\/\\\/www.vanguardhealthcare.co.uk\\\/flexible-finance-solutions\\\/\",\"url\":\"https:\\\/\\\/www.vanguardhealthcare.co.uk\\\/flexible-finance-solutions\\\/\",\"name\":\"Flexible Finance Solutions - Vanguard Healthcare Solutions\",\"isPartOf\":{\"@id\":\"https:\\\/\\\/www.vanguardhealthcare.co.uk\\\/#website\"},\"datePublished\":\"2025-03-06T16:20:47+00:00\",\"dateModified\":\"2025-04-01T11:52:39+00:00\",\"breadcrumb\":{\"@id\":\"https:\\\/\\\/www.vanguardhealthcare.co.uk\\\/flexible-finance-solutions\\\/#breadcrumb\"},\"inLanguage\":\"sq\",\"potentialAction\":[{\"@type\":\"ReadAction\",\"target\":[\"https:\\\/\\\/www.vanguardhealthcare.co.uk\\\/flexible-finance-solutions\\\/\"]}]},{\"@type\":\"BreadcrumbList\",\"@id\":\"https:\\\/\\\/www.vanguardhealthcare.co.uk\\\/flexible-finance-solutions\\\/#breadcrumb\",\"itemListElement\":[{\"@type\":\"ListItem\",\"position\":1,\"name\":\"Home\",\"item\":\"https:\\\/\\\/www.vanguardhealthcare.co.uk\\\/\"},{\"@type\":\"ListItem\",\"position\":2,\"name\":\"Flexible Finance Solutions\"}]},{\"@type\":\"WebSite\",\"@id\":\"https:\\\/\\\/www.vanguardhealthcare.co.uk\\\/#website\",\"url\":\"https:\\\/\\\/www.vanguardhealthcare.co.uk\\\/\",\"name\":\"Vanguard Healthcare Solutions\",\"description\":\"\",\"potentialAction\":[{\"@type\":\"SearchAction\",\"target\":{\"@type\":\"EntryPoint\",\"urlTemplate\":\"https:\\\/\\\/www.vanguardhealthcare.co.uk\\\/?s={search_term_string}\"},\"query-input\":{\"@type\":\"PropertyValueSpecification\",\"valueRequired\":true,\"valueName\":\"search_term_string\"}}],\"inLanguage\":\"sq\"}]}<\/script>\n<!-- \/ Yoast SEO plugin. -->","yoast_head_json":{"title":"Zgjidhje Financiare Fleksibile - Zgjidhje t\u00eb Kujdesit Sh\u00ebndet\u00ebsor Vanguard","robots":{"index":"index","follow":"follow","max-snippet":"max-snippet:-1","max-image-preview":"max-image-preview:large","max-video-preview":"max-video-preview:-1"},"canonical":"https:\/\/www.vanguardhealthcare.co.uk\/sq_al\/flexible-finance-solutions\/","og_locale":"sq_AL","og_type":"article","og_title":"Flexible Finance Solutions - Vanguard Healthcare Solutions","og_url":"https:\/\/www.vanguardhealthcare.co.uk\/sq_al\/flexible-finance-solutions\/","og_site_name":"Vanguard Healthcare Solutions","article_modified_time":"2025-04-01T11:52:39+00:00","twitter_card":"summary_large_image","twitter_misc":{"Est. reading time":"1 minut\u00eb"},"schema":{"@context":"https:\/\/schema.org","@graph":[{"@type":"WebPage","@id":"https:\/\/www.vanguardhealthcare.co.uk\/flexible-finance-solutions\/","url":"https:\/\/www.vanguardhealthcare.co.uk\/flexible-finance-solutions\/","name":"Zgjidhje Financiare Fleksibile - Zgjidhje t\u00eb Kujdesit Sh\u00ebndet\u00ebsor Vanguard","isPartOf":{"@id":"https:\/\/www.vanguardhealthcare.co.uk\/#website"},"datePublished":"2025-03-06T16:20:47+00:00","dateModified":"2025-04-01T11:52:39+00:00","breadcrumb":{"@id":"https:\/\/www.vanguardhealthcare.co.uk\/flexible-finance-solutions\/#breadcrumb"},"inLanguage":"sq","potentialAction":[{"@type":"ReadAction","target":["https:\/\/www.vanguardhealthcare.co.uk\/flexible-finance-solutions\/"]}]},{"@type":"BreadcrumbList","@id":"https:\/\/www.vanguardhealthcare.co.uk\/flexible-finance-solutions\/#breadcrumb","itemListElement":[{"@type":"ListItem","position":1,"name":"Home","item":"https:\/\/www.vanguardhealthcare.co.uk\/"},{"@type":"ListItem","position":2,"name":"Flexible Finance Solutions"}]},{"@type":"WebSite","@id":"https:\/\/www.vanguardhealthcare.co.uk\/#website","url":"https:\/\/www.vanguardhealthcare.co.uk\/","name":"Zgjidhjet e kujdesit sh\u00ebndet\u00ebsor Vanguard","description":"","potentialAction":[{"@type":"SearchAction","target":{"@type":"EntryPoint","urlTemplate":"https:\/\/www.vanguardhealthcare.co.uk\/?s={search_term_string}"},"query-input":{"@type":"PropertyValueSpecification","valueRequired":true,"valueName":"search_term_string"}}],"inLanguage":"sq"}]}},"_links":{"self":[{"href":"https:\/\/www.vanguardhealthcare.co.uk\/sq_al\/wp-json\/wp\/v2\/pages\/7861","targetHints":{"allow":["GET"]}}],"collection":[{"href":"https:\/\/www.vanguardhealthcare.co.uk\/sq_al\/wp-json\/wp\/v2\/pages"}],"about":[{"href":"https:\/\/www.vanguardhealthcare.co.uk\/sq_al\/wp-json\/wp\/v2\/types\/page"}],"author":[{"embeddable":true,"href":"https:\/\/www.vanguardhealthcare.co.uk\/sq_al\/wp-json\/wp\/v2\/users\/11"}],"replies":[{"embeddable":true,"href":"https:\/\/www.vanguardhealthcare.co.uk\/sq_al\/wp-json\/wp\/v2\/comments?post=7861"}],"version-history":[{"count":0,"href":"https:\/\/www.vanguardhealthcare.co.uk\/sq_al\/wp-json\/wp\/v2\/pages\/7861\/revisions"}],"wp:attachment":[{"href":"https:\/\/www.vanguardhealthcare.co.uk\/sq_al\/wp-json\/wp\/v2\/media?parent=7861"}],"curies":[{"name":"wp","href":"https:\/\/api.w.org\/{rel}","templated":true}]}}