{"id":7360,"date":"2024-04-15T12:20:25","date_gmt":"2024-04-15T12:20:25","guid":{"rendered":"https:\/\/www.vanguardhealthcare.co.uk\/?page_id=7360"},"modified":"2024-04-15T12:20:26","modified_gmt":"2024-04-15T12:20:26","slug":"nhs-evergreen-sustainable-supplier-assessment","status":"publish","type":"page","link":"https:\/\/www.vanguardhealthcare.co.uk\/sq_al\/nhs-evergreen-sustainable-supplier-assessment\/","title":{"rendered":"Vler\u00ebsimi i Furnizuesit t\u00eb Q\u00ebndruesh\u00ebm t\u00eb NHS-s\u00eb me gjelb\u00ebrim t\u00eb p\u00ebrjetsh\u00ebm"},"content":{"rendered":"<h3 class=\"wp-block-heading\">Vanguard Healthcare Solutions plot\u00ebson Vler\u00ebsimin e Furnizuesit t\u00eb Q\u00ebndruesh\u00ebm t\u00eb NHS-s\u00eb<\/h3>\n<p>Vanguard Healthcare Solutions \u00ebsht\u00eb e k\u00ebnaqur q\u00eb ka p\u00ebrfunduar Vler\u00ebsimin e Furnizuesve t\u00eb Q\u00ebndruesh\u00ebm t\u00eb NHS-s\u00eb. Vler\u00ebsimi \u00ebsht\u00eb nj\u00eb mjet vet\u00ebvler\u00ebsimi dhe raportimi dhe rezultoi n\u00eb marrjen e nj\u00eb Niveli 1: Publikisht t\u00eb p\u00ebrkushtuar ndaj karbonit neto zero dhe t\u00eb angazhuar me q\u00ebndrueshm\u00ebri.<\/p>\n<p>Informacioni i raportuar p\u00ebrmes Evergreen po mb\u00ebshtet Vanguard p\u00ebr t\u00eb kuptuar p\u00ebrafrimin e tij me prioritetet e q\u00ebndrueshm\u00ebris\u00eb s\u00eb NHS dhe p\u00ebr t\u00eb identifikuar ato fusha n\u00eb t\u00eb cilat organizata mund t\u00eb p\u00ebrshpejtoj\u00eb p\u00ebrparimin.<\/p>\n<p>Vler\u00ebsimi me gjelb\u00ebrim t\u00eb p\u00ebrjetsh\u00ebm \u00ebsht\u00eb nj\u00eb nga disa iniciativa t\u00eb NHS-s\u00eb t\u00eb krijuar p\u00ebr t\u00eb mb\u00ebshtetur objektivat e tij neto zero dhe m\u00eb t\u00eb gjera t\u00eb q\u00ebndrueshm\u00ebris\u00eb. Vanguard \u00ebsht\u00eb i k\u00ebnaqur q\u00eb po mb\u00ebshtet NHS p\u00ebr t\u00eb arritur ambiciet e tyre zero neto dhe q\u00ebndrueshm\u00ebri, duke p\u00ebrfshir\u00eb ato t\u00eb p\u00ebrcaktuara n\u00eb <a href=\"https:\/\/www.england.nhs.uk\/greenernhs\/get-involved\/suppliers\/\">NHS Neto Zero<\/a> <a href=\"https:\/\/www.england.nhs.uk\/greenernhs\/get-involved\/suppliers\/\">Udh\u00ebrr\u00ebfyesi i furnizuesit<\/a>.<\/p>","protected":false},"excerpt":{"rendered":"<p>Vanguard Healthcare Solutions completes NHS Evergreen Sustainable Supplier Assessment Vanguard Healthcare Solutions is pleased to have completed the NHS Evergreen Sustainable Supplier Assessment. The Assessment is a self-assessment and reporting tool and resulted in us receiving a Level 1: Publicly committed to net zero carbon and engaged with sustainability. The information reported through Evergreen is [&hellip;]<\/p>\n","protected":false},"author":11,"featured_media":0,"parent":0,"menu_order":0,"comment_status":"closed","ping_status":"closed","template":"","meta":{"_acf_changed":false,"footnotes":""},"class_list":["post-7360","page","type-page","status-publish","format-standard","hentry"],"acf":[],"yoast_head":"<!-- This site is optimized with the Yoast SEO plugin v27.4 - https:\/\/yoast.com\/product\/yoast-seo-wordpress\/ -->\n<title>NHS Evergreen Sustainable Supplier Assessment - Vanguard Healthcare Solutions<\/title>\n<meta name=\"robots\" content=\"index, follow, max-snippet:-1, max-image-preview:large, max-video-preview:-1\" \/>\n<link rel=\"canonical\" href=\"https:\/\/www.vanguardhealthcare.co.uk\/sq_al\/nhs-evergreen-sustainable-supplier-assessment\/\" \/>\n<meta property=\"og:locale\" content=\"sq_AL\" \/>\n<meta property=\"og:type\" content=\"article\" \/>\n<meta property=\"og:title\" content=\"NHS Evergreen Sustainable Supplier Assessment - Vanguard Healthcare Solutions\" \/>\n<meta property=\"og:description\" content=\"Vanguard Healthcare Solutions completes NHS Evergreen Sustainable Supplier Assessment Vanguard Healthcare Solutions is pleased to have completed the NHS Evergreen Sustainable Supplier Assessment. The Assessment is a self-assessment and reporting tool and resulted in us receiving a Level 1: Publicly committed to net zero carbon and engaged with sustainability. The information reported through Evergreen is [&hellip;]\" \/>\n<meta property=\"og:url\" content=\"https:\/\/www.vanguardhealthcare.co.uk\/sq_al\/nhs-evergreen-sustainable-supplier-assessment\/\" \/>\n<meta property=\"og:site_name\" content=\"Vanguard Healthcare Solutions\" \/>\n<meta property=\"article:modified_time\" content=\"2024-04-15T12:20:26+00:00\" \/>\n<meta name=\"twitter:card\" content=\"summary_large_image\" \/>\n<meta name=\"twitter:label1\" content=\"Est. reading time\" \/>\n\t<meta name=\"twitter:data1\" content=\"1 minut\u00eb\" \/>\n<script type=\"application\/ld+json\" class=\"yoast-schema-graph\">{\"@context\":\"https:\\\/\\\/schema.org\",\"@graph\":[{\"@type\":\"WebPage\",\"@id\":\"https:\\\/\\\/www.vanguardhealthcare.co.uk\\\/nhs-evergreen-sustainable-supplier-assessment\\\/\",\"url\":\"https:\\\/\\\/www.vanguardhealthcare.co.uk\\\/nhs-evergreen-sustainable-supplier-assessment\\\/\",\"name\":\"NHS Evergreen Sustainable Supplier Assessment - Vanguard Healthcare Solutions\",\"isPartOf\":{\"@id\":\"https:\\\/\\\/www.vanguardhealthcare.co.uk\\\/#website\"},\"datePublished\":\"2024-04-15T12:20:25+00:00\",\"dateModified\":\"2024-04-15T12:20:26+00:00\",\"breadcrumb\":{\"@id\":\"https:\\\/\\\/www.vanguardhealthcare.co.uk\\\/nhs-evergreen-sustainable-supplier-assessment\\\/#breadcrumb\"},\"inLanguage\":\"sq\",\"potentialAction\":[{\"@type\":\"ReadAction\",\"target\":[\"https:\\\/\\\/www.vanguardhealthcare.co.uk\\\/nhs-evergreen-sustainable-supplier-assessment\\\/\"]}]},{\"@type\":\"BreadcrumbList\",\"@id\":\"https:\\\/\\\/www.vanguardhealthcare.co.uk\\\/nhs-evergreen-sustainable-supplier-assessment\\\/#breadcrumb\",\"itemListElement\":[{\"@type\":\"ListItem\",\"position\":1,\"name\":\"Home\",\"item\":\"https:\\\/\\\/www.vanguardhealthcare.co.uk\\\/\"},{\"@type\":\"ListItem\",\"position\":2,\"name\":\"NHS Evergreen Sustainable Supplier Assessment\"}]},{\"@type\":\"WebSite\",\"@id\":\"https:\\\/\\\/www.vanguardhealthcare.co.uk\\\/#website\",\"url\":\"https:\\\/\\\/www.vanguardhealthcare.co.uk\\\/\",\"name\":\"Vanguard Healthcare Solutions\",\"description\":\"\",\"potentialAction\":[{\"@type\":\"SearchAction\",\"target\":{\"@type\":\"EntryPoint\",\"urlTemplate\":\"https:\\\/\\\/www.vanguardhealthcare.co.uk\\\/?s={search_term_string}\"},\"query-input\":{\"@type\":\"PropertyValueSpecification\",\"valueRequired\":true,\"valueName\":\"search_term_string\"}}],\"inLanguage\":\"sq\"}]}<\/script>\n<!-- \/ Yoast SEO plugin. -->","yoast_head_json":{"title":"Vler\u00ebsimi i Furnizuesit t\u00eb Q\u00ebndruesh\u00ebm t\u00eb NHS Evergreen - Zgjidhjet e Kujdesit Sh\u00ebndet\u00ebsor Vanguard","robots":{"index":"index","follow":"follow","max-snippet":"max-snippet:-1","max-image-preview":"max-image-preview:large","max-video-preview":"max-video-preview:-1"},"canonical":"https:\/\/www.vanguardhealthcare.co.uk\/sq_al\/nhs-evergreen-sustainable-supplier-assessment\/","og_locale":"sq_AL","og_type":"article","og_title":"NHS Evergreen Sustainable Supplier Assessment - Vanguard Healthcare Solutions","og_description":"Vanguard Healthcare Solutions completes NHS Evergreen Sustainable Supplier Assessment Vanguard Healthcare Solutions is pleased to have completed the NHS Evergreen Sustainable Supplier Assessment. The Assessment is a self-assessment and reporting tool and resulted in us receiving a Level 1: Publicly committed to net zero carbon and engaged with sustainability. The information reported through Evergreen is [&hellip;]","og_url":"https:\/\/www.vanguardhealthcare.co.uk\/sq_al\/nhs-evergreen-sustainable-supplier-assessment\/","og_site_name":"Vanguard Healthcare Solutions","article_modified_time":"2024-04-15T12:20:26+00:00","twitter_card":"summary_large_image","twitter_misc":{"Est. reading time":"1 minut\u00eb"},"schema":{"@context":"https:\/\/schema.org","@graph":[{"@type":"WebPage","@id":"https:\/\/www.vanguardhealthcare.co.uk\/nhs-evergreen-sustainable-supplier-assessment\/","url":"https:\/\/www.vanguardhealthcare.co.uk\/nhs-evergreen-sustainable-supplier-assessment\/","name":"Vler\u00ebsimi i Furnizuesit t\u00eb Q\u00ebndruesh\u00ebm t\u00eb NHS Evergreen - Zgjidhjet e Kujdesit Sh\u00ebndet\u00ebsor Vanguard","isPartOf":{"@id":"https:\/\/www.vanguardhealthcare.co.uk\/#website"},"datePublished":"2024-04-15T12:20:25+00:00","dateModified":"2024-04-15T12:20:26+00:00","breadcrumb":{"@id":"https:\/\/www.vanguardhealthcare.co.uk\/nhs-evergreen-sustainable-supplier-assessment\/#breadcrumb"},"inLanguage":"sq","potentialAction":[{"@type":"ReadAction","target":["https:\/\/www.vanguardhealthcare.co.uk\/nhs-evergreen-sustainable-supplier-assessment\/"]}]},{"@type":"BreadcrumbList","@id":"https:\/\/www.vanguardhealthcare.co.uk\/nhs-evergreen-sustainable-supplier-assessment\/#breadcrumb","itemListElement":[{"@type":"ListItem","position":1,"name":"Home","item":"https:\/\/www.vanguardhealthcare.co.uk\/"},{"@type":"ListItem","position":2,"name":"NHS Evergreen Sustainable Supplier Assessment"}]},{"@type":"WebSite","@id":"https:\/\/www.vanguardhealthcare.co.uk\/#website","url":"https:\/\/www.vanguardhealthcare.co.uk\/","name":"Zgjidhjet e kujdesit sh\u00ebndet\u00ebsor Vanguard","description":"","potentialAction":[{"@type":"SearchAction","target":{"@type":"EntryPoint","urlTemplate":"https:\/\/www.vanguardhealthcare.co.uk\/?s={search_term_string}"},"query-input":{"@type":"PropertyValueSpecification","valueRequired":true,"valueName":"search_term_string"}}],"inLanguage":"sq"}]}},"_links":{"self":[{"href":"https:\/\/www.vanguardhealthcare.co.uk\/sq_al\/wp-json\/wp\/v2\/pages\/7360","targetHints":{"allow":["GET"]}}],"collection":[{"href":"https:\/\/www.vanguardhealthcare.co.uk\/sq_al\/wp-json\/wp\/v2\/pages"}],"about":[{"href":"https:\/\/www.vanguardhealthcare.co.uk\/sq_al\/wp-json\/wp\/v2\/types\/page"}],"author":[{"embeddable":true,"href":"https:\/\/www.vanguardhealthcare.co.uk\/sq_al\/wp-json\/wp\/v2\/users\/11"}],"replies":[{"embeddable":true,"href":"https:\/\/www.vanguardhealthcare.co.uk\/sq_al\/wp-json\/wp\/v2\/comments?post=7360"}],"version-history":[{"count":0,"href":"https:\/\/www.vanguardhealthcare.co.uk\/sq_al\/wp-json\/wp\/v2\/pages\/7360\/revisions"}],"wp:attachment":[{"href":"https:\/\/www.vanguardhealthcare.co.uk\/sq_al\/wp-json\/wp\/v2\/media?parent=7360"}],"curies":[{"name":"wp","href":"https:\/\/api.w.org\/{rel}","templated":true}]}}