{"id":689,"date":"2023-07-19T15:15:33","date_gmt":"2023-07-19T15:15:33","guid":{"rendered":"https:\/\/www.vanguardhealthcare.co.uk\/?page_id=689"},"modified":"2023-07-27T09:05:46","modified_gmt":"2023-07-27T09:05:46","slug":"who-we-help","status":"publish","type":"page","link":"https:\/\/www.vanguardhealthcare.co.uk\/sq_al\/who-we-help\/","title":{"rendered":"T\u00eb cil\u00ebt ne i ndihmojm\u00eb"},"content":{"rendered":"<section id=\"section-2-59\" class=\"ct-section\" style=\"background-image:url(https:\/\/www.vanguardhealthcare.co.uk\/wp-content\/uploads\/2023\/05\/boulders-right.png);background-size: auto;\" >\n<div class=\"ct-section-inner-wrap\">\n<div id=\"div_block-8-59\" class=\"ct-div-block\" ><a id=\"link_text-6-59\" class=\"ct-link-text\" href=\"\/sq_al\/\" target=\"_self\"  >Sht\u00ebpi<\/a><\/p>\n<h1 id=\"headline-3-59\" class=\"ct-headline\"><span id=\"span-4-59\" class=\"ct-span\" >T\u00eb cil\u00ebt ne i ndihmojm\u00eb<\/span><\/h1>\n<\/div>\n<\/div>\n<\/section>\n<section id=\"section-68-14-text-left-white\" class=\"ct-section\" >\n<div class=\"ct-section-inner-wrap\">\n<div id=\"new_columns-69-14text-left-white\" class=\"ct-new-columns\" >\n<div id=\"div_block-70-14\" class=\"ct-div-block\" >\n<h2 id=\"headline-71-14\" class=\"ct-headline\">T\u00eb cil\u00ebt ne i ndihmojm\u00eb<\/h2>\n<div id=\"_rich_text-72-14\" class=\"oxy-rich-text\" >\n<p><span id=\"docs-internal-guid-62174751-7fff-55eb-727a-200d52a9c2f8\">Kur punojm\u00eb n\u00eb nj\u00eb projekt t\u00eb ri me nj\u00eb klient, ne duam t\u00eb sigurohemi q\u00eb procesi t\u00eb jet\u00eb sa m\u00eb i qet\u00eb p\u00ebr t\u00eb gjith\u00eb t\u00eb p\u00ebrfshir\u00eb. K\u00ebtu jan\u00eb disa shembuj se si ne mund t\u00eb mb\u00ebshtesim ekipe t\u00eb ndryshme t\u00eb menaxhmentit t\u00eb lart\u00eb brenda spitaleve.<\/span><\/p>\n<\/div>\n<\/div>\n<div id=\"div_block-74-14\" class=\"ct-div-block\" ><img decoding=\"async\"  id=\"image-75-14\" alt=\"\" src=\"https:\/\/www.vanguardhealthcare.co.uk\/wp-content\/uploads\/2023\/07\/team-4.jpg\" class=\"ct-image\"\/><\/div>\n<\/div>\n<\/div>\n<\/section>\n<section id=\"section-88-34-blue\" class=\"ct-section\" >\n<div class=\"ct-section-inner-wrap\">\n<div id=\"new_columns-89-34-blue\" class=\"ct-new-columns\" >\n<div id=\"div_block-94-34\" class=\"ct-div-block\" ><img decoding=\"async\"  id=\"image-95-34\" alt=\"\" src=\"https:\/\/www.vanguardhealthcare.co.uk\/wp-content\/uploads\/2023\/07\/How-we-help-management-executives-image.jpg\" class=\"ct-image\"\/><\/div>\n<div id=\"div_block-90-34\" class=\"ct-div-block\" >\n<h2 id=\"headline-91-34\" class=\"ct-headline\">Si i ndihmojm\u00eb drejtuesit e menaxhimit<\/h2>\n<div id=\"_rich_text-92-34\" class=\"oxy-rich-text\" >\n<p dir=\"ltr\">Kur zhvilloni rastin e biznesit p\u00ebr integrimin e ofrimit t\u00eb sh\u00ebrbimeve shtes\u00eb n\u00eb rrjedh\u00ebn e pun\u00ebs spitalore, \u00ebsht\u00eb thelb\u00ebsore t\u00eb jeni n\u00eb gjendje t\u00eb artikuloni leht\u00ebsisht p\u00ebrfitimet dhe treguesit kryesor\u00eb t\u00eb performanc\u00ebs. Mund t\u00eb jet\u00eb e r\u00ebnd\u00ebsishme t\u00eb demonstrohet kthimi i investimit t\u00eb projektit, ve\u00e7an\u00ebrisht kur p\u00ebrfshihen kosto t\u00eb r\u00ebnd\u00ebsishme fillestare. P\u00ebrvoja jon\u00eb dy dekadash na vendos n\u00eb pozit\u00ebn e p\u00ebrsosur p\u00ebr t\u00eb ndihmuar.&nbsp;<\/p>\n<p dir=\"ltr\">\u00c7do projekt ka k\u00ebrkesat dhe sfidat e tij unike p\u00ebr t\u00eb kap\u00ebrcyer, por disa shembuj nga vendosjet e suksesshme p\u00ebrfshijn\u00eb:<\/p>\n<ul>\n<li dir=\"ltr\" aria-level=\"1\">\n<p dir=\"ltr\" role=\"presentation\">Rritja e t\u00eb hyrave p\u00ebr nd\u00ebrmarrjen e procedurave shtes\u00eb<\/p>\n<\/li>\n<li dir=\"ltr\" aria-level=\"1\">\n<p dir=\"ltr\" role=\"presentation\">Testimi i rastit p\u00ebr zhvillimet e reja t\u00eb sh\u00ebrbimit<\/p>\n<\/li>\n<li dir=\"ltr\" aria-level=\"1\">\n<p dir=\"ltr\" role=\"presentation\">Shmangia e t\u00eb ardhurave t\u00eb humbura gjat\u00eb koh\u00ebs s\u00eb nd\u00ebrprerjes s\u00eb objektit<\/p>\n<\/li>\n<li dir=\"ltr\" aria-level=\"1\">\n<p dir=\"ltr\" role=\"presentation\">Shmangia e d\u00ebnimeve p\u00ebr shkeljen e kontrat\u00ebs dhe masave t\u00eb tjera t\u00eb performanc\u00ebs<\/p>\n<\/li>\n<li dir=\"ltr\" aria-level=\"1\">\n<p dir=\"ltr\" role=\"presentation\">Reduktimi i koh\u00ebs s\u00eb udh\u00ebtimit p\u00ebr mjek\u00ebt midis vendeve<\/p>\n<\/li>\n<li dir=\"ltr\" aria-level=\"1\">\n<p dir=\"ltr\" role=\"presentation\">P\u00ebrmir\u00ebsimi i rezultateve t\u00eb pacientit<\/p>\n<\/li>\n<li dir=\"ltr\" aria-level=\"1\">\n<p dir=\"ltr\" role=\"presentation\">Shmangia e nd\u00ebrprerjeve t\u00eb modeleve t\u00eb pun\u00ebs s\u00eb stafit<\/p>\n<\/li>\n<li dir=\"ltr\" aria-level=\"1\">\n<p dir=\"ltr\" role=\"presentation\">Eliminimi i koh\u00ebs s\u00eb nd\u00ebrprerjes s\u00eb sh\u00ebrbimit<\/p>\n<\/li>\n<li dir=\"ltr\" aria-level=\"1\">\n<p dir=\"ltr\" role=\"presentation\">Tejkalimi i d\u00ebshtimit katastrofik<\/p>\n<\/li>\n<li dir=\"ltr\" aria-level=\"1\">\n<p dir=\"ltr\" role=\"presentation\">Reduktimi i afateve kohore t\u00eb projektit.<\/p>\n<\/li>\n<\/ul>\n<p dir=\"ltr\">Ekipi yn\u00eb i p\u00ebrkushtuar do t\u00eb jet\u00eb i disponuesh\u00ebm p\u00ebr t\u00eb ndihmuar n\u00eb \u00e7do hap t\u00eb procesit dhe nuk \u00ebsht\u00eb i akomoduar nga variacionet n\u00ebse projekti duhet t\u00eb marr\u00eb nj\u00eb drejtim tjet\u00ebr.<\/p>\n<\/div>\n<\/div>\n<\/div>\n<\/div>\n<\/section>\n<section id=\"section-68-14-text-left-white\" class=\"ct-section\" >\n<div class=\"ct-section-inner-wrap\">\n<div id=\"new_columns-69-14text-left-white\" class=\"ct-new-columns\" >\n<div id=\"div_block-70-14\" class=\"ct-div-block\" >\n<h2 id=\"headline-71-14\" class=\"ct-headline\">Si i ndihmojm\u00eb mjek\u00ebt<\/h2>\n<div id=\"_rich_text-72-14\" class=\"oxy-rich-text\" >\n<p dir=\"ltr\">Ne kemi qen\u00eb p\u00ebrgjegj\u00ebs p\u00ebr ofrimin e mjediseve klinike cil\u00ebsore, t\u00eb sigurta dhe t\u00eb pajtueshme n\u00eb disa specialitete p\u00ebr m\u00eb shum\u00eb se dy dekada, k\u00ebshtu q\u00eb ju jeni n\u00eb duar t\u00eb sigurta.&nbsp;<\/p>\n<p dir=\"ltr\"><strong>Gama jon\u00eb e objekteve klinike p\u00ebrfshin:&nbsp;<\/strong><\/p>\n<ul>\n<li dir=\"ltr\" aria-level=\"1\">\n<p dir=\"ltr\" role=\"presentation\">Salla operative standarde<\/p>\n<\/li>\n<li dir=\"ltr\" aria-level=\"1\">\n<p dir=\"ltr\" role=\"presentation\">Teatrot operative me rrjedhje laminare<\/p>\n<\/li>\n<li dir=\"ltr\" aria-level=\"1\">\n<p dir=\"ltr\" role=\"presentation\">Salla operative ultra t\u00eb pastra<\/p>\n<\/li>\n<li dir=\"ltr\" aria-level=\"1\">\n<p dir=\"ltr\" role=\"presentation\">Salla operative hibride<\/p>\n<\/li>\n<li dir=\"ltr\" aria-level=\"1\">\n<p dir=\"ltr\" role=\"presentation\">Objektet e rastit t\u00eb dit\u00ebs<\/p>\n<\/li>\n<li dir=\"ltr\" aria-level=\"1\">\n<p dir=\"ltr\" role=\"presentation\">Komplete endoskopie<\/p>\n<\/li>\n<li dir=\"ltr\" aria-level=\"1\">\n<p dir=\"ltr\" role=\"presentation\">Objektet e dekontaminimit t\u00eb endoskopit<\/p>\n<\/li>\n<li dir=\"ltr\" aria-level=\"1\">\n<p dir=\"ltr\" role=\"presentation\">Departamentet qendrore t\u00eb sh\u00ebrbimeve t\u00eb sterilizimit<\/p>\n<\/li>\n<li dir=\"ltr\" aria-level=\"1\">\n<p dir=\"ltr\" role=\"presentation\">Klinikat ambulatore<\/p>\n<\/li>\n<li dir=\"ltr\" aria-level=\"1\">\n<p dir=\"ltr\" role=\"presentation\">Repartet e spitalit<\/p>\n<\/li>\n<li dir=\"ltr\" aria-level=\"1\">\n<p dir=\"ltr\" role=\"presentation\">Duke vizituar spitalet<\/p>\n<\/li>\n<li dir=\"ltr\" aria-level=\"1\">\n<p dir=\"ltr\" role=\"presentation\">Qendrat diagnostike komunitare.<\/p>\n<\/li>\n<\/ul>\n<p dir=\"ltr\">Nj\u00eb nga avantazhet unike t\u00eb pun\u00ebs me ne \u00ebsht\u00eb se ne mund t\u00eb ofrojm\u00eb mbik\u00ebqyrje dhe pasqyr\u00eb klinike p\u00ebr \u00e7do kontrat\u00eb q\u00eb dor\u00ebzojm\u00eb, nga konceptimi deri n\u00eb p\u00ebrfundim. \u00c7do kontrat\u00eb udh\u00ebhiqet nga nj\u00eb menaxher i sh\u00ebrbimeve klinike (CSM) i cili \u00ebsht\u00eb nj\u00eb drejtues klinik me p\u00ebrvoj\u00eb me regjistrim klinik aktual (NMC ose HCPC) dhe njohuri t\u00eb gjera t\u00eb objekteve tona, t\u00eb l\u00ebvizshme dhe modulare.<\/p>\n<p dir=\"ltr\">P\u00ebrve\u00e7 k\u00ebsaj, n\u00ebse stafi klinik \u00ebsht\u00eb nj\u00eb sfid\u00eb p\u00ebr ju, ne kemi nj\u00eb ekip klinicist\u00ebsh, t\u00eb pun\u00ebsuar nga ne, t\u00eb cil\u00ebt mund t\u00eb mb\u00ebshtesin k\u00ebrkes\u00ebn tuaj t\u00eb kontrat\u00ebs. Ne kemi praktikues t\u00eb kujdesit sh\u00ebndet\u00ebsor q\u00eb jo vet\u00ebm ofrojn\u00eb nj\u00eb sh\u00ebrbim t\u00eb shk\u00eblqyer klinik p\u00ebr klient\u00ebt tan\u00eb dhe pacient\u00ebt e tyre, por gjithashtu kan\u00eb njohuri t\u00eb sh\u00ebndosha praktike p\u00ebr at\u00eb q\u00eb nevojitet p\u00ebr t\u00eb punuar n\u00eb nj\u00eb institucion t\u00eb p\u00ebrkohsh\u00ebm.&nbsp;<\/p>\n<p dir=\"ltr\"><strong>Ne mund t\u00eb ofrojm\u00eb mjek\u00eb n\u00eb fushat e m\u00ebposhtme:<\/strong><\/p>\n<ul>\n<li dir=\"ltr\" aria-level=\"1\">\n<p dir=\"ltr\" role=\"presentation\">Praktikuesit e teatrit (t\u00eb regjistruar n\u00eb NMC\/HCPC)<\/p>\n<\/li>\n<li dir=\"ltr\" aria-level=\"1\">\n<p dir=\"ltr\" role=\"presentation\">Mjek\u00ebt e endoskopis\u00eb (t\u00eb regjistruar n\u00eb NMC\/HCPC)<\/p>\n<\/li>\n<li dir=\"ltr\" aria-level=\"1\">\n<p dir=\"ltr\" role=\"presentation\">Praktikues t\u00eb departamentit operativ (ODP) me p\u00ebrvoj\u00eb n\u00eb procedurat diagnostike dhe terapeutike<\/p>\n<\/li>\n<li dir=\"ltr\" aria-level=\"1\">\n<p dir=\"ltr\" role=\"presentation\">Praktikuesit e dekontaminimit<\/p>\n<\/li>\n<li dir=\"ltr\" aria-level=\"1\">\n<p dir=\"ltr\" role=\"presentation\">Praktikuesit kryesor\u00eb (t\u00eb regjistruar n\u00eb NMC\/HCPC)&nbsp;<\/p>\n<\/li>\n<li dir=\"ltr\" aria-level=\"1\">\n<p dir=\"ltr\" role=\"presentation\">Leht\u00ebsues i nj\u00ebsis\u00eb.<\/p>\n<\/li>\n<\/ul>\n<\/div>\n<\/div>\n<div id=\"div_block-74-14\" class=\"ct-div-block\" ><img decoding=\"async\"  id=\"image-75-14\" alt=\"\" src=\"https:\/\/www.vanguardhealthcare.co.uk\/wp-content\/uploads\/2023\/07\/clinical-team-celebration1.jpg\" class=\"ct-image\"\/><\/div>\n<\/div>\n<\/div>\n<\/section>\n<section id=\"section-144-59\" class=\"ct-section\" >\n<div class=\"ct-section-inner-wrap\">\n<div id=\"new_columns-145-59\" class=\"ct-new-columns\" >\n<div id=\"div_block-146-59\" class=\"ct-div-block\" >\n<div id=\"_rich_text-9-63\" class=\"oxy-rich-text\" >\n<p>Gjetja e nj\u00eb zgjidhjeje q\u00eb funksionon p\u00ebr spitalin tuaj mund t\u00eb filloj\u00eb k\u00ebtu\u2026<\/p>\n<\/div>\n<p><a id=\"link_button-149-59\" class=\"ct-link-button\" href=\"\/sq_al\/contact\/\" target=\"_self\"  >Kontaktoni<\/a><\/div>\n<div id=\"div_block-150-59\" class=\"ct-div-block\" ><img decoding=\"async\"  id=\"image-151-59\" alt=\"\" src=\"https:\/\/www.vanguardhealthcare.co.uk\/wp-content\/uploads\/2023\/06\/kettering-2-1.jpg\" class=\"ct-image\"\/><\/div>\n<\/div>\n<\/div>\n<\/section>","protected":false},"excerpt":{"rendered":"","protected":false},"author":2,"featured_media":0,"parent":0,"menu_order":0,"comment_status":"closed","ping_status":"closed","template":"","meta":{"_acf_changed":false,"footnotes":""},"class_list":["post-689","page","type-page","status-publish","format-standard","hentry"],"acf":[],"yoast_head":"<!-- This site is optimized with the Yoast SEO plugin v27.6 - https:\/\/yoast.com\/product\/yoast-seo-wordpress\/ -->\n<title>Who we help - Vanguard Healthcare Solutions<\/title>\n<meta name=\"robots\" content=\"index, follow, max-snippet:-1, max-image-preview:large, max-video-preview:-1\" \/>\n<link rel=\"canonical\" href=\"https:\/\/www.vanguardhealthcare.co.uk\/sq_al\/who-we-help\/\" \/>\n<meta property=\"og:locale\" content=\"sq_AL\" \/>\n<meta property=\"og:type\" content=\"article\" \/>\n<meta property=\"og:title\" content=\"Who we help - Vanguard Healthcare Solutions\" \/>\n<meta property=\"og:url\" content=\"https:\/\/www.vanguardhealthcare.co.uk\/sq_al\/who-we-help\/\" \/>\n<meta property=\"og:site_name\" content=\"Vanguard Healthcare Solutions\" \/>\n<meta property=\"article:modified_time\" content=\"2023-07-27T09:05:46+00:00\" \/>\n<meta name=\"twitter:card\" content=\"summary_large_image\" \/>\n<script type=\"application\/ld+json\" class=\"yoast-schema-graph\">{\"@context\":\"https:\\\/\\\/schema.org\",\"@graph\":[{\"@type\":\"WebPage\",\"@id\":\"https:\\\/\\\/www.vanguardhealthcare.co.uk\\\/who-we-help\\\/\",\"url\":\"https:\\\/\\\/www.vanguardhealthcare.co.uk\\\/who-we-help\\\/\",\"name\":\"Who we help - Vanguard Healthcare Solutions\",\"isPartOf\":{\"@id\":\"https:\\\/\\\/www.vanguardhealthcare.co.uk\\\/#website\"},\"datePublished\":\"2023-07-19T15:15:33+00:00\",\"dateModified\":\"2023-07-27T09:05:46+00:00\",\"breadcrumb\":{\"@id\":\"https:\\\/\\\/www.vanguardhealthcare.co.uk\\\/who-we-help\\\/#breadcrumb\"},\"inLanguage\":\"sq\",\"potentialAction\":[{\"@type\":\"ReadAction\",\"target\":[\"https:\\\/\\\/www.vanguardhealthcare.co.uk\\\/who-we-help\\\/\"]}]},{\"@type\":\"BreadcrumbList\",\"@id\":\"https:\\\/\\\/www.vanguardhealthcare.co.uk\\\/who-we-help\\\/#breadcrumb\",\"itemListElement\":[{\"@type\":\"ListItem\",\"position\":1,\"name\":\"Home\",\"item\":\"https:\\\/\\\/www.vanguardhealthcare.co.uk\\\/\"},{\"@type\":\"ListItem\",\"position\":2,\"name\":\"Who we help\"}]},{\"@type\":\"WebSite\",\"@id\":\"https:\\\/\\\/www.vanguardhealthcare.co.uk\\\/#website\",\"url\":\"https:\\\/\\\/www.vanguardhealthcare.co.uk\\\/\",\"name\":\"Vanguard Healthcare Solutions\",\"description\":\"\",\"potentialAction\":[{\"@type\":\"SearchAction\",\"target\":{\"@type\":\"EntryPoint\",\"urlTemplate\":\"https:\\\/\\\/www.vanguardhealthcare.co.uk\\\/?s={search_term_string}\"},\"query-input\":{\"@type\":\"PropertyValueSpecification\",\"valueRequired\":true,\"valueName\":\"search_term_string\"}}],\"inLanguage\":\"sq\"}]}<\/script>\n<!-- \/ Yoast SEO plugin. -->","yoast_head_json":{"title":"Kujt i ndihmojm\u00eb - Zgjidhjet e Kujdesit Sh\u00ebndet\u00ebsor Vanguard","robots":{"index":"index","follow":"follow","max-snippet":"max-snippet:-1","max-image-preview":"max-image-preview:large","max-video-preview":"max-video-preview:-1"},"canonical":"https:\/\/www.vanguardhealthcare.co.uk\/sq_al\/who-we-help\/","og_locale":"sq_AL","og_type":"article","og_title":"Who we help - Vanguard Healthcare Solutions","og_url":"https:\/\/www.vanguardhealthcare.co.uk\/sq_al\/who-we-help\/","og_site_name":"Vanguard Healthcare Solutions","article_modified_time":"2023-07-27T09:05:46+00:00","twitter_card":"summary_large_image","schema":{"@context":"https:\/\/schema.org","@graph":[{"@type":"WebPage","@id":"https:\/\/www.vanguardhealthcare.co.uk\/who-we-help\/","url":"https:\/\/www.vanguardhealthcare.co.uk\/who-we-help\/","name":"Kujt i ndihmojm\u00eb - Zgjidhjet e Kujdesit Sh\u00ebndet\u00ebsor Vanguard","isPartOf":{"@id":"https:\/\/www.vanguardhealthcare.co.uk\/#website"},"datePublished":"2023-07-19T15:15:33+00:00","dateModified":"2023-07-27T09:05:46+00:00","breadcrumb":{"@id":"https:\/\/www.vanguardhealthcare.co.uk\/who-we-help\/#breadcrumb"},"inLanguage":"sq","potentialAction":[{"@type":"ReadAction","target":["https:\/\/www.vanguardhealthcare.co.uk\/who-we-help\/"]}]},{"@type":"BreadcrumbList","@id":"https:\/\/www.vanguardhealthcare.co.uk\/who-we-help\/#breadcrumb","itemListElement":[{"@type":"ListItem","position":1,"name":"Home","item":"https:\/\/www.vanguardhealthcare.co.uk\/"},{"@type":"ListItem","position":2,"name":"Who we help"}]},{"@type":"WebSite","@id":"https:\/\/www.vanguardhealthcare.co.uk\/#website","url":"https:\/\/www.vanguardhealthcare.co.uk\/","name":"Zgjidhjet e kujdesit sh\u00ebndet\u00ebsor Vanguard","description":"","potentialAction":[{"@type":"SearchAction","target":{"@type":"EntryPoint","urlTemplate":"https:\/\/www.vanguardhealthcare.co.uk\/?s={search_term_string}"},"query-input":{"@type":"PropertyValueSpecification","valueRequired":true,"valueName":"search_term_string"}}],"inLanguage":"sq"}]}},"_links":{"self":[{"href":"https:\/\/www.vanguardhealthcare.co.uk\/sq_al\/wp-json\/wp\/v2\/pages\/689","targetHints":{"allow":["GET"]}}],"collection":[{"href":"https:\/\/www.vanguardhealthcare.co.uk\/sq_al\/wp-json\/wp\/v2\/pages"}],"about":[{"href":"https:\/\/www.vanguardhealthcare.co.uk\/sq_al\/wp-json\/wp\/v2\/types\/page"}],"author":[{"embeddable":true,"href":"https:\/\/www.vanguardhealthcare.co.uk\/sq_al\/wp-json\/wp\/v2\/users\/2"}],"replies":[{"embeddable":true,"href":"https:\/\/www.vanguardhealthcare.co.uk\/sq_al\/wp-json\/wp\/v2\/comments?post=689"}],"version-history":[{"count":0,"href":"https:\/\/www.vanguardhealthcare.co.uk\/sq_al\/wp-json\/wp\/v2\/pages\/689\/revisions"}],"wp:attachment":[{"href":"https:\/\/www.vanguardhealthcare.co.uk\/sq_al\/wp-json\/wp\/v2\/media?parent=689"}],"curies":[{"name":"wp","href":"https:\/\/api.w.org\/{rel}","templated":true}]}}