{"id":368,"date":"2023-06-28T14:02:03","date_gmt":"2023-06-28T14:02:03","guid":{"rendered":"https:\/\/www.vanguardhealthcare.co.uk\/?page_id=368"},"modified":"2023-08-25T15:21:54","modified_gmt":"2023-08-25T15:21:54","slug":"cookie-policy","status":"publish","type":"page","link":"https:\/\/www.vanguardhealthcare.co.uk\/sq_al\/cookie-policy\/","title":{"rendered":"Politika e kukive"},"content":{"rendered":"<style>\n    a.cky-banner-element {\n        padding: 8px 30px;\n        background: #F8F9FA;\n        color: #858A8F;\n        border: 1px solid #DEE2E6;\n        box-sizing: border-box;\n        border-radius: 2px;\n        cursor: pointer;\n}\n<\/style>\n<p>\n    Data e hyrjes n\u00eb fuqi: 24-gusht-2023 <br \/>\n    P\u00ebrdit\u00ebsimi i fundit: 24-Gush-2023\n<\/p>\n<p>&nbsp;<\/p>\n<h5>\u00c7far\u00eb jan\u00eb cookies?<\/h5>\n<div class=\"cookie-policy-p\">\n<p>Kjo politik\u00eb e cookie-ve shpjegon se \u00e7far\u00eb jan\u00eb cookie-t dhe si i p\u00ebrdorim ato, llojet e cookie-ve q\u00eb p\u00ebrdorim, p.sh., informacionin q\u00eb mbledhim duke p\u00ebrdorur cookie-t dhe si p\u00ebrdoret ai informacion, dhe si t\u00eb menaxhojm\u00eb cil\u00ebsimet e cookie-ve.<\/p>\n<p>Cookies jan\u00eb skedar\u00eb t\u00eb vegj\u00ebl teksti q\u00eb p\u00ebrdoren p\u00ebr t\u00eb ruajtur pjes\u00eb t\u00eb vogla informacioni. Ato ruhen n\u00eb pajisjen tuaj kur faqja e internetit ngarkohet n\u00eb shfletuesin tuaj. K\u00ebto cookie na ndihmojn\u00eb ta b\u00ebjm\u00eb faqen e internetit t\u00eb funksionoj\u00eb si\u00e7 duhet, ta b\u00ebjm\u00eb at\u00eb m\u00eb t\u00eb sigurt, t\u00eb ofrojm\u00eb p\u00ebrvoj\u00eb m\u00eb t\u00eb mir\u00eb t\u00eb p\u00ebrdoruesit dhe t\u00eb kuptojm\u00eb se si funksionon faqja e internetit dhe t\u00eb analizojm\u00eb se \u00e7far\u00eb funksionon dhe ku ka nevoj\u00eb p\u00ebr p\u00ebrmir\u00ebsim.<\/p>\n<\/div>\n<p>&nbsp;<\/p>\n<h5>Si i p\u00ebrdorim cookies?<\/h5>\n<div class=\"cookie-policy-p\">\n<p>Si shumica e sh\u00ebrbimeve online, faqja jon\u00eb e internetit p\u00ebrdor cookie t\u00eb pal\u00ebve t\u00eb para dhe t\u00eb pal\u00ebve t\u00eb treta p\u00ebr disa q\u00ebllime. Cookie-t e pal\u00ebs s\u00eb par\u00eb jan\u00eb kryesisht t\u00eb nevojshme q\u00eb faqja e internetit t\u00eb funksionoj\u00eb n\u00eb m\u00ebnyr\u00ebn e duhur dhe ato nuk mbledhin asnj\u00eb nga t\u00eb dh\u00ebnat tuaja personale t\u00eb identifikueshme.<\/p>\n<p>Cookie-t e pal\u00ebve t\u00eb treta t\u00eb p\u00ebrdorura n\u00eb faqen ton\u00eb t\u00eb internetit jan\u00eb kryesisht p\u00ebr t\u00eb kuptuar se si funksionon faqja e internetit, si nd\u00ebrveproni me faqen ton\u00eb t\u00eb internetit, duke i mbajtur sh\u00ebrbimet tona t\u00eb sigurta, duke ofruar reklama q\u00eb jan\u00eb t\u00eb r\u00ebnd\u00ebsishme p\u00ebr ju dhe n\u00eb p\u00ebrgjith\u00ebsi duke ju ofruar nj\u00eb p\u00ebrdorues m\u00eb t\u00eb mir\u00eb dhe t\u00eb p\u00ebrmir\u00ebsuar. p\u00ebrjetoni dhe ndihmoni n\u00eb p\u00ebrshpejtimin e nd\u00ebrveprimeve tuaja t\u00eb ardhshme me faqen ton\u00eb t\u00eb internetit.<\/p>\n<\/div>\n<p>&nbsp;<\/p>\n<h5>Llojet e Cookies q\u00eb p\u00ebrdorim<\/h5>\n<div class=\"cky-audit-table-element\"><\/div>\n<p>&nbsp;<\/p>\n<h5 style=\"margin-bottom:20px;\">Menaxho preferencat e cookie-ve<\/h5>\n<p>    <a class=\"cky-banner-element\">Cil\u00ebsimet e kukive<\/a> <\/p>\n<div>\n<p>Ju mund t\u00eb ndryshoni preferencat tuaja t\u00eb cookie-t n\u00eb \u00e7do koh\u00eb duke klikuar butonin e m\u00ebsip\u00ebrm. Kjo do t&#039;ju lejoj\u00eb t\u00eb rishikoni banderolin e p\u00eblqimit t\u00eb cookie-ve dhe t\u00eb ndryshoni preferencat tuaja ose ta t\u00ebrhiqni menj\u00ebher\u00eb p\u00eblqimin tuaj. <\/p>\n<p>P\u00ebrve\u00e7 k\u00ebsaj, shfletues t\u00eb ndrysh\u00ebm ofrojn\u00eb metoda t\u00eb ndryshme p\u00ebr t\u00eb bllokuar dhe fshir\u00eb cookies t\u00eb p\u00ebrdorura nga faqet e internetit. Ju mund t\u00eb ndryshoni cil\u00ebsimet e shfletuesit tuaj p\u00ebr t\u00eb bllokuar\/fshir\u00eb cookies. T\u00eb listuara m\u00eb posht\u00eb jan\u00eb lidhjet me dokumentet mb\u00ebshtet\u00ebse se si t\u00eb menaxhoni dhe fshini skedar\u00ebt e personalizimit nga shfletuesit kryesor\u00eb t\u00eb uebit.<\/p>\n<p>Krom: <a href=\"https:\/\/support.google.com\/accounts\/answer\/32050\" target=\"_blank\" rel=\"noopener\">https:\/\/support.google.com\/accounts\/answer\/32050<\/a><\/p>\n<p>Safari: <a href=\"https:\/\/support.apple.com\/en-in\/guide\/safari\/sfri11471\/mac\" target=\"_blank\" rel=\"noopener\">https:\/\/support.apple.com\/en-in\/guide\/safari\/sfri11471\/mac<\/a><\/p>\n<p>Firefox: <a href=\"https:\/\/support.mozilla.org\/en-US\/kb\/clear-cookies-and-site-data-firefox?redirectslug=delete-cookies-remove-info-websites-stored&redirectlocale=en-US\" target=\"_blank\" rel=\"noopener\">https:\/\/support.mozilla.org\/en-US\/kb\/clear-cookies-and-site-data-firefox?redirectslug=delete-cookies-remove-info-websites-stored&redirectlocale=en-US<\/a><\/p>\n<p>Internet Explorer: <a href=\"https:\/\/support.microsoft.com\/en-us\/topic\/how-to-delete-cookie-files-in-internet-explorer-bca9446f-d873-78de-77ba-d42645fa52fc\" target=\"_blank\" rel=\"noopener\">https:\/\/support.microsoft.com\/en-us\/topic\/how-to-delete-cookie-files-in-internet-explorer-bca9446f-d873-78de-77ba-d42645fa52fc<\/a><\/p>\n<p>N\u00ebse jeni duke p\u00ebrdorur ndonj\u00eb shfletues tjet\u00ebr t\u00eb internetit, ju lutemi vizitoni dokumentet zyrtare t\u00eb mb\u00ebshtetjes s\u00eb shfletuesit tuaj.<\/p>\n<\/div>","protected":false},"excerpt":{"rendered":"<p>Effective Date: 24-Aug-2023 Last Updated: 24-Aug-2023 &nbsp; What are cookies? This Cookie Policy explains what cookies are and how we use them, the types of cookies we use i.e, the information we collect using cookies and how that information is used, and how to manage the cookie settings. Cookies are small text files that are [&hellip;]<\/p>\n","protected":false},"author":2,"featured_media":0,"parent":0,"menu_order":0,"comment_status":"closed","ping_status":"closed","template":"","meta":{"_acf_changed":false,"footnotes":""},"class_list":["post-368","page","type-page","status-publish","format-standard","hentry"],"acf":[],"yoast_head":"<!-- This site is optimized with the Yoast SEO plugin v27.3 - https:\/\/yoast.com\/product\/yoast-seo-wordpress\/ -->\n<title>Cookie Policy - Vanguard Healthcare Solutions<\/title>\n<meta name=\"robots\" content=\"index, follow, max-snippet:-1, max-image-preview:large, max-video-preview:-1\" \/>\n<link rel=\"canonical\" href=\"https:\/\/www.vanguardhealthcare.co.uk\/sq_al\/cookie-policy\/\" \/>\n<meta property=\"og:locale\" content=\"sq_AL\" \/>\n<meta property=\"og:type\" content=\"article\" \/>\n<meta property=\"og:title\" content=\"Cookie Policy - Vanguard Healthcare Solutions\" \/>\n<meta property=\"og:description\" content=\"Effective Date: 24-Aug-2023 Last Updated: 24-Aug-2023 &nbsp; What are cookies? This Cookie Policy explains what cookies are and how we use them, the types of cookies we use i.e, the information we collect using cookies and how that information is used, and how to manage the cookie settings. Cookies are small text files that are [&hellip;]\" \/>\n<meta property=\"og:url\" content=\"https:\/\/www.vanguardhealthcare.co.uk\/sq_al\/cookie-policy\/\" \/>\n<meta property=\"og:site_name\" content=\"Vanguard Healthcare Solutions\" \/>\n<meta property=\"article:modified_time\" content=\"2023-08-25T15:21:54+00:00\" \/>\n<meta name=\"twitter:card\" content=\"summary_large_image\" \/>\n<meta name=\"twitter:label1\" content=\"Est. reading time\" \/>\n\t<meta name=\"twitter:data1\" content=\"2 minuta\" \/>\n<script type=\"application\/ld+json\" class=\"yoast-schema-graph\">{\"@context\":\"https:\\\/\\\/schema.org\",\"@graph\":[{\"@type\":\"WebPage\",\"@id\":\"https:\\\/\\\/www.vanguardhealthcare.co.uk\\\/cookie-policy\\\/\",\"url\":\"https:\\\/\\\/www.vanguardhealthcare.co.uk\\\/cookie-policy\\\/\",\"name\":\"Cookie Policy - Vanguard Healthcare Solutions\",\"isPartOf\":{\"@id\":\"https:\\\/\\\/www.vanguardhealthcare.co.uk\\\/#website\"},\"datePublished\":\"2023-06-28T14:02:03+00:00\",\"dateModified\":\"2023-08-25T15:21:54+00:00\",\"breadcrumb\":{\"@id\":\"https:\\\/\\\/www.vanguardhealthcare.co.uk\\\/cookie-policy\\\/#breadcrumb\"},\"inLanguage\":\"sq\",\"potentialAction\":[{\"@type\":\"ReadAction\",\"target\":[\"https:\\\/\\\/www.vanguardhealthcare.co.uk\\\/cookie-policy\\\/\"]}]},{\"@type\":\"BreadcrumbList\",\"@id\":\"https:\\\/\\\/www.vanguardhealthcare.co.uk\\\/cookie-policy\\\/#breadcrumb\",\"itemListElement\":[{\"@type\":\"ListItem\",\"position\":1,\"name\":\"Home\",\"item\":\"https:\\\/\\\/www.vanguardhealthcare.co.uk\\\/\"},{\"@type\":\"ListItem\",\"position\":2,\"name\":\"Cookie Policy\"}]},{\"@type\":\"WebSite\",\"@id\":\"https:\\\/\\\/www.vanguardhealthcare.co.uk\\\/#website\",\"url\":\"https:\\\/\\\/www.vanguardhealthcare.co.uk\\\/\",\"name\":\"Vanguard Healthcare Solutions\",\"description\":\"\",\"potentialAction\":[{\"@type\":\"SearchAction\",\"target\":{\"@type\":\"EntryPoint\",\"urlTemplate\":\"https:\\\/\\\/www.vanguardhealthcare.co.uk\\\/?s={search_term_string}\"},\"query-input\":{\"@type\":\"PropertyValueSpecification\",\"valueRequired\":true,\"valueName\":\"search_term_string\"}}],\"inLanguage\":\"sq\"}]}<\/script>\n<!-- \/ Yoast SEO plugin. -->","yoast_head_json":{"title":"Politika e Cookie-ve - Zgjidhjet e Kujdesit Sh\u00ebndet\u00ebsor Vanguard","robots":{"index":"index","follow":"follow","max-snippet":"max-snippet:-1","max-image-preview":"max-image-preview:large","max-video-preview":"max-video-preview:-1"},"canonical":"https:\/\/www.vanguardhealthcare.co.uk\/sq_al\/cookie-policy\/","og_locale":"sq_AL","og_type":"article","og_title":"Cookie Policy - Vanguard Healthcare Solutions","og_description":"Effective Date: 24-Aug-2023 Last Updated: 24-Aug-2023 &nbsp; What are cookies? This Cookie Policy explains what cookies are and how we use them, the types of cookies we use i.e, the information we collect using cookies and how that information is used, and how to manage the cookie settings. Cookies are small text files that are [&hellip;]","og_url":"https:\/\/www.vanguardhealthcare.co.uk\/sq_al\/cookie-policy\/","og_site_name":"Vanguard Healthcare Solutions","article_modified_time":"2023-08-25T15:21:54+00:00","twitter_card":"summary_large_image","twitter_misc":{"Est. reading time":"2 minuta"},"schema":{"@context":"https:\/\/schema.org","@graph":[{"@type":"WebPage","@id":"https:\/\/www.vanguardhealthcare.co.uk\/cookie-policy\/","url":"https:\/\/www.vanguardhealthcare.co.uk\/cookie-policy\/","name":"Politika e Cookie-ve - Zgjidhjet e Kujdesit Sh\u00ebndet\u00ebsor Vanguard","isPartOf":{"@id":"https:\/\/www.vanguardhealthcare.co.uk\/#website"},"datePublished":"2023-06-28T14:02:03+00:00","dateModified":"2023-08-25T15:21:54+00:00","breadcrumb":{"@id":"https:\/\/www.vanguardhealthcare.co.uk\/cookie-policy\/#breadcrumb"},"inLanguage":"sq","potentialAction":[{"@type":"ReadAction","target":["https:\/\/www.vanguardhealthcare.co.uk\/cookie-policy\/"]}]},{"@type":"BreadcrumbList","@id":"https:\/\/www.vanguardhealthcare.co.uk\/cookie-policy\/#breadcrumb","itemListElement":[{"@type":"ListItem","position":1,"name":"Home","item":"https:\/\/www.vanguardhealthcare.co.uk\/"},{"@type":"ListItem","position":2,"name":"Cookie Policy"}]},{"@type":"WebSite","@id":"https:\/\/www.vanguardhealthcare.co.uk\/#website","url":"https:\/\/www.vanguardhealthcare.co.uk\/","name":"Zgjidhjet e kujdesit sh\u00ebndet\u00ebsor Vanguard","description":"","potentialAction":[{"@type":"SearchAction","target":{"@type":"EntryPoint","urlTemplate":"https:\/\/www.vanguardhealthcare.co.uk\/?s={search_term_string}"},"query-input":{"@type":"PropertyValueSpecification","valueRequired":true,"valueName":"search_term_string"}}],"inLanguage":"sq"}]}},"_links":{"self":[{"href":"https:\/\/www.vanguardhealthcare.co.uk\/sq_al\/wp-json\/wp\/v2\/pages\/368","targetHints":{"allow":["GET"]}}],"collection":[{"href":"https:\/\/www.vanguardhealthcare.co.uk\/sq_al\/wp-json\/wp\/v2\/pages"}],"about":[{"href":"https:\/\/www.vanguardhealthcare.co.uk\/sq_al\/wp-json\/wp\/v2\/types\/page"}],"author":[{"embeddable":true,"href":"https:\/\/www.vanguardhealthcare.co.uk\/sq_al\/wp-json\/wp\/v2\/users\/2"}],"replies":[{"embeddable":true,"href":"https:\/\/www.vanguardhealthcare.co.uk\/sq_al\/wp-json\/wp\/v2\/comments?post=368"}],"version-history":[{"count":0,"href":"https:\/\/www.vanguardhealthcare.co.uk\/sq_al\/wp-json\/wp\/v2\/pages\/368\/revisions"}],"wp:attachment":[{"href":"https:\/\/www.vanguardhealthcare.co.uk\/sq_al\/wp-json\/wp\/v2\/media?parent=368"}],"curies":[{"name":"wp","href":"https:\/\/api.w.org\/{rel}","templated":true}]}}