{"id":209,"date":"2023-06-14T14:38:36","date_gmt":"2023-06-14T14:38:36","guid":{"rendered":"https:\/\/www.vanguardhealthcare.co.uk\/?page_id=209"},"modified":"2026-01-13T14:37:46","modified_gmt":"2026-01-13T14:37:46","slug":"environment","status":"publish","type":"page","link":"https:\/\/www.vanguardhealthcare.co.uk\/sq_al\/environment\/","title":{"rendered":"Mjedisi"},"content":{"rendered":"<section id=\"section-2-59\" class=\"ct-section\" style=\"background-image:url(https:\/\/www.vanguardhealthcare.co.uk\/wp-content\/uploads\/2023\/05\/boulders-right.png);background-size: auto;\" >\n<div class=\"ct-section-inner-wrap\">\n<div id=\"div_block-8-59\" class=\"ct-div-block\" ><a id=\"link_text-6-59\" class=\"ct-link-text\" href=\"\/sq_al\/\" target=\"_self\"  >Sht\u00ebpi<\/a><\/p>\n<h1 id=\"headline-3-59\" class=\"ct-headline\"><span id=\"span-4-59\" class=\"ct-span\" >Mjedisi<\/span><\/h1>\n<\/div>\n<\/div>\n<\/section>\n<section id=\"section-68-14-text-left-white\" class=\"ct-section\" >\n<div class=\"ct-section-inner-wrap\">\n<div id=\"new_columns-69-14text-left-white\" class=\"ct-new-columns\" >\n<div id=\"div_block-70-14\" class=\"ct-div-block\" >\n<h2 id=\"headline-71-14\" class=\"ct-headline\">Angazhimet tona p\u00ebr q\u00ebndrueshm\u00ebrin\u00eb dhe p\u00ebrgjegj\u00ebsin\u00eb sociale<\/h2>\n<div id=\"_rich_text-72-14\" class=\"oxy-rich-text\" >\n<p>Ne jemi t\u00eb p\u00ebrkushtuar p\u00ebr t&#039;u b\u00ebr\u00eb nj\u00eb organizat\u00eb e q\u00ebndrueshme mjedisore dhe e p\u00ebrgjegjshme shoq\u00ebrore q\u00eb krijon Hap\u00ebsira t\u00eb Kujdesit Sh\u00ebndet\u00ebsor klinik kryesor n\u00eb bot\u00eb me ndikim minimal n\u00eb mjedis.<\/p>\n<p><strong>Q\u00ebllimet tona<\/strong><\/p>\n<p>1. Praktikat tona t\u00eb biznesit jan\u00eb gjithnj\u00eb n\u00eb zhvillim; harta jon\u00eb rrugore mjedisore na angazhon t\u00eb jemi neutral ndaj karbonit p\u00ebr emetimet 1 dhe 2 deri n\u00eb fund t\u00eb 2023 dhe t\u00eb b\u00ebhemi neto karboni zero deri n\u00eb vitin 2035.<\/p>\n<p>2. Ne vazhdimisht p\u00ebrpiqemi t\u00eb ofrojm\u00eb produkte dhe sh\u00ebrbime q\u00eb i ndihmojn\u00eb klient\u00ebt tan\u00eb t\u00eb arrijn\u00eb objektivat e tyre mjedisore. Hap\u00ebsirat tona t\u00eb kujdesit sh\u00ebndet\u00ebsor do t\u00eb jen\u00eb neutrale ndaj karbonit n\u00eb baz\u00eb t\u00eb funksionimit t\u00eb p\u00ebrditsh\u00ebm deri n\u00eb vitin 2025.<\/p>\n<\/div>\n<\/div>\n<div id=\"div_block-74-14\" class=\"ct-div-block\" ><img decoding=\"async\"  id=\"image-75-14\" alt=\"\" src=\"https:\/\/www.vanguardhealthcare.co.uk\/wp-content\/uploads\/2023\/07\/Solar-Panels.jpg\" class=\"ct-image\"\/><\/div>\n<\/div>\n<\/div>\n<\/section>\n<section id=\"section-88-34-blue\" class=\"ct-section\" >\n<div class=\"ct-section-inner-wrap\">\n<div id=\"new_columns-89-34-blue\" class=\"ct-new-columns\" >\n<div id=\"div_block-94-34\" class=\"ct-div-block\" ><img decoding=\"async\"  id=\"image-95-34\" alt=\"\" src=\"https:\/\/www.vanguardhealthcare.co.uk\/wp-content\/uploads\/2023\/07\/CO2.jpg\" class=\"ct-image\"\/><\/div>\n<div id=\"div_block-90-34\" class=\"ct-div-block\" >\n<h2 id=\"headline-91-34\" class=\"ct-headline\">Angazhimet tona <\/h2>\n<div id=\"_rich_text-92-34\" class=\"oxy-rich-text\" >\n<ul>\n<li>Duke pasur nj\u00eb plan strategjik t\u00eb qart\u00eb dhe afatgjat\u00eb me objektiva t\u00eb bazuara n\u00eb shkenc\u00eb p\u00ebr t\u00eb siguruar q\u00eb ne t\u00eb arrijm\u00eb synimet tona afatgjata dhe t\u00eb ofrojm\u00eb aktivitetin ton\u00eb taktik vjetor<\/li>\n<li>Publikimi vjetor i nj\u00eb <a href=\"\/sq_al\/carbon-reduction-plan\/\">plani i reduktimit t\u00eb karbonit<\/a><\/li>\n<li>Matja vjetore e gjurm\u00ebs son\u00eb t\u00eb karbonit<\/li>\n<li>Ofroni nj\u00eb portofol modular nd\u00ebrtimi me zero neto deri n\u00eb vitin 2024 &nbsp;<\/li>\n<li>Duke u siguruar q\u00eb kemi nj\u00eb zinxhir furnizimi t\u00eb q\u00ebndruesh\u00ebm, duke p\u00ebrdorur materiale dhe dizajne t\u00eb afta p\u00ebr t\u00eb zgjatur jet\u00ebgjat\u00ebsin\u00eb e nd\u00ebrtesave tona<\/li>\n<li>Maksimizimi i nivelit t\u00eb rip\u00ebrdorimit\/rip\u00ebrdorimit ose riciklimit p\u00ebr projektet e ardhshme<\/li>\n<li>Rritja e p\u00ebrdorimit t\u00eb burimeve t\u00eb rinovueshme t\u00eb energjis\u00eb n\u00eb t\u00eb gjith\u00eb ambientet tona derisa t\u00eb fuqizohemi t\u00ebr\u00ebsisht nga burimet e rinovueshme n\u00eb vitin 2025<\/li>\n<li>Kalimi n\u00eb nj\u00eb flot\u00eb me energji elektrike deri n\u00eb vitin 2025, duke hequr gradualisht automjetet me l\u00ebnd\u00eb djeg\u00ebse fosile<\/li>\n<li>Reduktimi i emetimeve t\u00eb zinxhirit t\u00eb furnizimit me 80%<\/li>\n<li>Investimet e vazhdueshme n\u00eb projektet e kapjes s\u00eb karbonit p\u00ebr t\u00eb hequr 500 tCO2-e n\u00eb vit nga atmosfera n\u00ebp\u00ebrmjet partneritetit ton\u00eb me Klimate<\/li>\n<li>Sigurimi q\u00eb zinxhiri yn\u00eb i furnizimit ka praktika p\u00ebr t\u00eb reduktuar ndikimin e tyre mjedisor, duke p\u00ebrfshir\u00eb zgjedhjen e materialeve&nbsp;<\/li>\n<li>Asnj\u00eb mbetje nuk d\u00ebrgohet n\u00eb landfill<\/li>\n<\/ul>\n<p>Shikoni udh\u00ebtimin ton\u00eb p\u00ebr n\u00eb&nbsp;<a href=\"\/wp-content\/uploads\/2023\/07\/Vanguard-Carbon-Net-Zero-Graphics-July-2023-1.pdf\" target=\"_blank\" rel=\"noopener\">Udh\u00ebrr\u00ebfyesi i karbonit Net Zero<\/a><\/p>\n<p>Zbuloni p\u00ebr t\u00eb fundit ton\u00eb<span style=\"font-size: 11pt;font-family: verdana, geneva, sans-serif\">&nbsp;<a href=\"\/sq_al\/nhs-evergreen-sustainable-supplier-assessment\/\">Vler\u00ebsimi i Furnizuesit t\u00eb Q\u00ebndruesh\u00ebm t\u00eb NHS-s\u00eb me gjelb\u00ebrim t\u00eb p\u00ebrjetsh\u00ebm<\/a><\/span><\/p>\n<\/div>\n<\/div>\n<\/div>\n<\/div>\n<\/section>\n<section id=\"section-68-14-text-left-white\" class=\"ct-section\" >\n<div class=\"ct-section-inner-wrap\">\n<div id=\"new_columns-69-14text-left-white\" class=\"ct-new-columns\" >\n<div id=\"div_block-70-14\" class=\"ct-div-block\" >\n<h2 id=\"headline-71-14\" class=\"ct-headline\">Si ne ofrojm\u00eb produkte dhe sh\u00ebrbime q\u00eb i ndihmojn\u00eb klient\u00ebt tan\u00eb t\u00eb p\u00ebrmbushin objektivat e tyre mjedisore:<\/h2>\n<div id=\"_rich_text-72-14\" class=\"oxy-rich-text\" >\n<ul>\n<li>Nivelet e p\u00ebrfundimit t\u00eb fabrik\u00ebs 80% minimizojn\u00eb aktivitetet n\u00eb vend<\/li>\n<li>Futja e nd\u00ebrtesave modulare neutrale t\u00eb karbonit n\u00eb portofolin ton\u00eb t\u00eb sh\u00ebrbimeve&nbsp;<\/li>\n<li>T\u00eb gjitha nd\u00ebrtesat p\u00ebr t\u00eb arritur nivele BREEAM &#039;Excellent&#039; si standard<\/li>\n<li>Ofrimi i nd\u00ebrtesave me efikasitet energjetik q\u00eb nuk rrezikojn\u00eb sigurin\u00eb, k\u00ebrkesat praktike ose funksionale&nbsp;<\/li>\n<li>P\u00ebrdorimi i teknologjive moderne p\u00ebr t\u00eb kapur dhe p\u00ebrdorur burimet e rinovueshme t\u00eb energjis\u00eb p\u00ebr t\u00eb kontrolluar mjediset e funksionimit<\/li>\n<li>Module n\u00ebn-strukture n\u00ebn dysheme me korniz\u00eb \u00e7eliku, betoni, t\u00eb prodhuara n\u00eb nj\u00eb fabrik\u00eb neutrale karboni<\/li>\n<\/ul>\n<\/div>\n<\/div>\n<div id=\"div_block-74-14\" class=\"ct-div-block\" ><img decoding=\"async\"  id=\"image-75-14\" alt=\"\" src=\"https:\/\/www.vanguardhealthcare.co.uk\/wp-content\/uploads\/2023\/07\/Roof.jpg\" class=\"ct-image\"\/><\/div>\n<\/div>\n<\/div>\n<\/section>\n<section id=\"section-88-34-blue\" class=\"ct-section\" >\n<div class=\"ct-section-inner-wrap\">\n<div id=\"new_columns-89-34-blue\" class=\"ct-new-columns\" >\n<div id=\"div_block-94-34\" class=\"ct-div-block\" ><img decoding=\"async\"  id=\"image-95-34\" alt=\"\" src=\"https:\/\/www.vanguardhealthcare.co.uk\/wp-content\/uploads\/2023\/07\/Crane.jpg\" class=\"ct-image\"\/><\/div>\n<div id=\"div_block-90-34\" class=\"ct-div-block\" >\n<h2 id=\"headline-91-34\" class=\"ct-headline\">Nj\u00eb ekonomi rrethore<\/h2>\n<div id=\"_rich_text-92-34\" class=\"oxy-rich-text\" >\n<p>P\u00ebrmes dizajnit t\u00eb tyre t\u00eb adaptuesh\u00ebm dhe t\u00eb q\u00ebndruesh\u00ebm, objektet modulare dhe t\u00eb l\u00ebvizshme luajn\u00eb nj\u00eb rol jet\u00ebsor n\u00eb avancimin e ekonomis\u00eb rrethore, duke ofruar nj\u00ebkoh\u00ebsisht p\u00ebrfitime mjedisore dhe t\u00eb q\u00ebndrueshme. P\u00ebrdorimi i komponent\u00ebve modular\u00eb lejon \u00e7montimin, zhvendosjen dhe rikonfigurimin e leht\u00eb, duke mund\u00ebsuar q\u00eb sh\u00ebrbimet e kujdesit sh\u00ebndet\u00ebsor t\u00eb ofrohen n\u00eb m\u00ebnyr\u00eb efikase aty ku \u00ebsht\u00eb e nevojshme.&nbsp;<\/p>\n<p>Ky fleksibilitet jo vet\u00ebm q\u00eb zvog\u00eblon kostot e nd\u00ebrtimit dhe t\u00eb operimit, por gjithashtu zvog\u00eblon gjurm\u00ebn mjedisore q\u00eb lidhet me strukturat tradicionale fikse. P\u00ebr m\u00eb tep\u00ebr, objektet modulare nxisin rip\u00ebrdorimin dhe riciklimin e materialeve, duke kontribuar n\u00eb ekonomin\u00eb rrethore duke zgjatur jet\u00ebgjat\u00ebsin\u00eb e tyre dhe duke zvog\u00ebluar k\u00ebrkes\u00ebn p\u00ebr burime t\u00eb reja.&nbsp;<\/p>\n<\/div>\n<\/div>\n<\/div>\n<\/div>\n<\/section>\n<section id=\"section-332-315\" class=\"ct-section\" >\n<div class=\"ct-section-inner-wrap\">\n<div id=\"new_columns-333-315\" class=\"ct-new-columns\" >\n<div id=\"div_block-334-315\" class=\"ct-div-block\" >\n<div id=\"div_block-345-315\" class=\"ct-div-block box-shadow\" >\n<div id=\"_rich_text-346-315\" class=\"oxy-rich-text\" >\n<h3>Zinxhiri yn\u00eb i furnizimit<\/h3>\n<p>\u2022 Modulet tona t\u00eb n\u00ebnstruktur\u00ebs n\u00ebn dysheme me korniz\u00eb prej \u00e7eliku dhe betoni jan\u00eb prodhuar n\u00eb nj\u00eb fabrik\u00eb neutrale karboni<\/p>\n<p>\u2022 Sistemet tona t\u00eb mureve jan\u00eb t\u00eb specifikuara dhe t\u00eb dizajnuara p\u00ebr nd\u00ebrtesat tona, duke reduktuar mbetjet dhe ri-punimin e defekteve<\/p>\n<p>\u2022 Ne po punojm\u00eb me zinxhir\u00ebt tan\u00eb t\u00eb furnizimit p\u00ebr t\u00eb reduktuar ndikimin e tyre mjedisor n\u00ebp\u00ebrmjet materialeve t\u00eb p\u00ebrzgjedhura dhe praktikave t\u00eb tyre<\/p>\n<\/div>\n<\/div>\n<\/div>\n<div id=\"div_block-335-315\" class=\"ct-div-block\" >\n<div id=\"div_block-342-315\" class=\"ct-div-block box-shadow\" >\n<div id=\"_rich_text-337-315\" class=\"oxy-rich-text\" >\n<h3>Mjedis i kontrolluar nga fabrika<\/h3>\n<p>\u2022 Episodet e ripunimit dhe defektit jan\u00eb minimizuar<\/p>\n<p>\u2022 Reduktimi i humbjes s\u00eb materialeve n\u00ebp\u00ebrmjet kontrollit t\u00eb prodhimit<\/p>\n<p>\u2022 Rritja e niveleve tona t\u00eb ndarjes dhe riciklimit t\u00eb mbetjeve<\/p>\n<\/div>\n<\/div>\n<\/div>\n<\/div>\n<div id=\"new_columns-350-315\" class=\"ct-new-columns\" >\n<div id=\"div_block-351-315\" class=\"ct-div-block\" >\n<div id=\"div_block-354-315\" class=\"ct-div-block box-shadow\" >\n<div id=\"_rich_text-355-315\" class=\"oxy-rich-text\" >\n<h3>Modele me efikasitet t\u00eb energjis\u00eb<\/h3>\n<p>\u2022 P\u00ebrdorimi i drit\u00ebs natyrore dhe ajrosjes kur \u00ebsht\u00eb e mundur<\/p>\n<p>\u2022 Ofrimi i vlerave t\u00eb larta t\u00eb izolimit brenda sistemeve tona modulare t\u00eb mureve, \u00e7atis\u00eb dhe xhamit<\/p>\n<p>\u2022 Kapja e energjis\u00eb aty ku \u00ebsht\u00eb praktike<\/p>\n<p>\u2022 Muret jeshile<\/p>\n<\/div>\n<\/div>\n<\/div>\n<div id=\"div_block-356-315\" class=\"ct-div-block\" >\n<div id=\"div_block-359-315\" class=\"ct-div-block box-shadow\" >\n<div id=\"_rich_text-360-315\" class=\"oxy-rich-text\" >\n<h3>P\u00ebrdorimi i teknologjive moderne t\u00eb q\u00ebndrueshme<\/h3>\n<p>\u2022 Opsionet e ngrohjes me burimin e tok\u00ebs\/ajrit<\/p>\n<p>\u2022 Panele PV<\/p>\n<p>\u2022 Monitorimi i integruar i CO2<\/p>\n<p>\u2022 Rikuperimi i uj\u00ebrave t\u00eb shiut<\/p>\n<\/div>\n<\/div>\n<\/div>\n<\/div>\n<\/div>\n<\/section>\n<section id=\"section-68-14-text-left-white\" class=\"ct-section\" >\n<div class=\"ct-section-inner-wrap\">\n<div id=\"new_columns-69-14text-left-white\" class=\"ct-new-columns\" >\n<div id=\"div_block-70-14\" class=\"ct-div-block\" >\n<h2 id=\"headline-71-14\" class=\"ct-headline\">Pergjegjesi sociale<\/h2>\n<div id=\"_rich_text-72-14\" class=\"oxy-rich-text\" >\n<p>Ne e p\u00ebrdorim shtrirjen ton\u00eb t\u00eb korporat\u00ebs p\u00ebr t\u00eb p\u00ebrfituar mjedisin, komunitetet dhe p\u00ebr t\u00eb ofruar infrastruktur\u00eb t\u00eb sigurt dhe me cil\u00ebsi t\u00eb lart\u00eb.&nbsp;<\/p>\n<p>Fokusi yn\u00eb \u00ebsht\u00eb n\u00eb:<\/p>\n<ul>\n<li>Arritja e standardeve ISO14001 dhe 45001<\/li>\n<li>Puna me besimet e ruajtjes s\u00eb kafsh\u00ebve t\u00eb egra p\u00ebr t\u00eb p\u00ebrmir\u00ebsuar cil\u00ebsin\u00eb e lumenjve dhe kanaleve n\u00eb Mbret\u00ebrin\u00eb e Bashkuar&nbsp;<\/li>\n<li>Ofrimi i punonj\u00ebsve t\u00eb pun\u00ebs vullnetare me pages\u00eb me ekipin e Ark Business Conservation<\/li>\n<li>P\u00ebrmir\u00ebsimi i shanseve t\u00eb jet\u00ebs p\u00ebr t\u00eb rinjt\u00eb me akses n\u00eb pun\u00eb n\u00eb fush\u00ebn e kujdesit sh\u00ebndet\u00ebsor dhe inxhinieris\u00eb s\u00eb kujdesit sh\u00ebndet\u00ebsor. Praktikat dhe mentorimet e synuara p\u00ebrb\u00ebjn\u00eb 10% t\u00eb fuqis\u00eb son\u00eb pun\u00ebtore<\/li>\n<li>Trajnimi 10% i fuqis\u00eb son\u00eb pun\u00ebtore p\u00ebr t&#039;u b\u00ebr\u00eb ndihm\u00ebs t\u00eb par\u00eb t\u00eb sh\u00ebndetit mendor<\/li>\n<li>Mb\u00ebshtetja e kauzave t\u00eb kombit t\u00eb par\u00eb n\u00eb Australi n\u00ebp\u00ebrmjet mund\u00ebsive t\u00eb vullnetarizmit me pages\u00eb<\/li>\n<li>P\u00ebrmir\u00ebsimi i mjediseve n\u00eb vendin e pun\u00ebs<\/li>\n<li>Krijimi i nj\u00eb ndjenje t\u00eb p\u00ebrgjegj\u00ebsis\u00eb dhe llogaridh\u00ebnies s\u00eb p\u00ebrbashk\u00ebt n\u00eb t\u00eb gjith\u00eb biznesin ton\u00eb p\u00ebrmes trajnimit dhe zhvillimit, rrug\u00ebve dhe sistemeve t\u00eb komunikimit<\/li>\n<li>Sigurimi i akreditimit t\u00eb B Corp deri n\u00eb vitin 2025 p\u00ebr t\u00eb pasqyruar angazhimin ton\u00eb p\u00ebr t\u00eb p\u00ebrmbushur standardet e larta t\u00eb performanc\u00ebs sociale dhe mjedisore, transparenc\u00ebs dhe llogaridh\u00ebnies.&nbsp;<\/li>\n<\/ul>\n<p>Shikoni ton\u00eb <a href=\"\/wp-content\/uploads\/2023\/07\/Vanguard-Corp-Responsibilty-Graphics-July-2023-1.pdf\" target=\"_blank\" rel=\"noopener\">udh\u00ebrr\u00ebfyesi i p\u00ebrgjegj\u00ebsis\u00eb sociale t\u00eb korporat\u00ebs<\/a><\/p>\n<\/div>\n<\/div>\n<div id=\"div_block-74-14\" class=\"ct-div-block\" ><img decoding=\"async\"  id=\"image-75-14\" alt=\"\" src=\"https:\/\/www.vanguardhealthcare.co.uk\/wp-content\/uploads\/2023\/07\/Social-Responsibility.jpg\" class=\"ct-image\"\/><\/div>\n<\/div>\n<\/div>\n<\/section>\n<section id=\"section-88-34-blue\" class=\"ct-section\" >\n<div class=\"ct-section-inner-wrap\">\n<div id=\"new_columns-89-34-blue\" class=\"ct-new-columns\" >\n<div id=\"div_block-94-34\" class=\"ct-div-block\" ><img decoding=\"async\"  id=\"image-95-34\" alt=\"\" src=\"https:\/\/www.vanguardhealthcare.co.uk\/wp-content\/uploads\/2023\/05\/Staffed-operating-theatre1.jpg\" class=\"ct-image\"\/><\/div>\n<div id=\"div_block-90-34\" class=\"ct-div-block\" >\n<h2 id=\"headline-91-34\" class=\"ct-headline\">Kontraktor\u00ebt tan\u00eb dhe menaxhimi i zinxhirit t\u00eb furnizimit<\/h2>\n<div id=\"_rich_text-92-34\" class=\"oxy-rich-text\" >\n<p>Ne sigurojm\u00eb q\u00eb kontraktor\u00ebt tan\u00eb t\u00eb plot\u00ebsojn\u00eb standardet m\u00eb t\u00eb larta t\u00eb funksionimit t\u00eb sh\u00ebndetit dhe siguris\u00eb, si dhe t\u00eb respektojn\u00eb k\u00ebrkesat p\u00ebrkat\u00ebse statutore dhe t\u00eb rregullsis\u00eb, si Akti i Barazis\u00eb, dhe <a href=\"..\/modern-slavery-and-human-trafficking-statement\/\">Akti i Skllav\u00ebris\u00eb Moderne dhe Trafikimit t\u00eb Njer\u00ebzve<\/a>.&nbsp;<\/p>\n<p>Ne jemi t\u00eb p\u00ebrkushtuar ndaj praktikave t\u00eb drejta t\u00eb pagesave si\u00e7 p\u00ebrshkruhet n\u00eb udh\u00ebzimin nga ish Zyra e Tregtis\u00eb Qeveritare dhe parimet e Nd\u00ebrtimit 2025:&nbsp;<\/p>\n<ul>\n<li>Transparenc\u00eb n\u00eb procedurat e pages\u00ebs&nbsp;<\/li>\n<li>Konfirmimi i pagesave kundrejt piketa&nbsp;<\/li>\n<li>\u00c7do shum\u00eb q\u00eb mbahet n\u00eb mbajtje me afat dhe arsye.&nbsp;<\/li>\n<\/ul>\n<p>Ne jemi nj\u00eb an\u00ebtar i akredituar i Skem\u00ebs s\u00eb Kontraktor\u00ebve t\u00eb V\u00ebmendsh\u00ebm dhe operojm\u00eb p\u00ebrmes nj\u00eb zinxhiri furnizimi me partner\u00eb t\u00eb \u00e7muar.&nbsp;<\/p>\n<\/div>\n<\/div>\n<\/div>\n<\/div>\n<\/section>\n<section id=\"section-68-14-text-left-white\" class=\"ct-section\" >\n<div class=\"ct-section-inner-wrap\">\n<div id=\"new_columns-69-14text-left-white\" class=\"ct-new-columns\" >\n<div id=\"div_block-70-14\" class=\"ct-div-block\" >\n<h2 id=\"headline-71-14\" class=\"ct-headline\">Qeverisja<\/h2>\n<div id=\"_rich_text-72-14\" class=\"oxy-rich-text\" >\n<p>Politikat rigoroze t\u00eb qeverisjes s\u00eb Vanguard mb\u00ebshtesin sigurin\u00eb dhe pajtueshm\u00ebrin\u00eb. Siguria e pacient\u00ebve, klient\u00ebve tan\u00eb dhe stafit ton\u00eb jan\u00eb n\u00eb qend\u00ebr t\u00eb gjith\u00e7kaje q\u00eb b\u00ebjm\u00eb. Sistemi yn\u00eb i qeverisjes \u00ebsht\u00eb krijuar p\u00ebr t\u00eb qen\u00eb i fort\u00eb dhe p\u00ebr t\u00eb ofruar p\u00ebrmir\u00ebsim t\u00eb vazhduesh\u00ebm.<\/p>\n<p>Politika jon\u00eb aktive e qeverisjes s\u00eb integruar \u00ebsht\u00eb krijuar p\u00ebr t\u00eb mb\u00ebshtetur ofrimin e nj\u00eb sh\u00ebrbimi t\u00eb sigurt dhe t\u00eb pajtuesh\u00ebm. Ne auditojm\u00eb k\u00ebt\u00eb politik\u00eb dhe monitorojm\u00eb rezultatet e saj n\u00eb \u00e7do nivel t\u00eb organizat\u00ebs son\u00eb. N\u00eb rastet e rralla kur gj\u00ebrat nuk shkuan sipas planit, ne i rregullojm\u00eb ato dhe i p\u00ebrdorim m\u00ebsimet p\u00ebr t\u00eb p\u00ebrmir\u00ebsuar sh\u00ebrbimet tona t\u00eb ardhshme.<\/p>\n<p>Ekziston nj\u00eb proces i rrept\u00eb i cil\u00ebsis\u00eb p\u00ebr t\u00eb identifikuar dhe adresuar \u00e7do \u00e7\u00ebshtje klinike dhe p\u00ebr t\u00eb adresuar t\u00eb gjitha rreziqet. Kjo p\u00ebrfshin proceset e auditimit t\u00eb brendsh\u00ebm dhe t\u00eb jasht\u00ebm p\u00ebr t\u00eb monitoruar dhe kontrolluar sh\u00ebrbimet e ofruara.<\/p>\n<\/div>\n<\/div>\n<div id=\"div_block-74-14\" class=\"ct-div-block\" ><img decoding=\"async\"  id=\"image-75-14\" alt=\"\" src=\"https:\/\/www.vanguardhealthcare.co.uk\/wp-content\/uploads\/2023\/07\/Governance.jpg\" class=\"ct-image\"\/><\/div>\n<\/div>\n<\/div>\n<\/section>","protected":false},"excerpt":{"rendered":"","protected":false},"author":2,"featured_media":0,"parent":0,"menu_order":0,"comment_status":"closed","ping_status":"closed","template":"","meta":{"_acf_changed":false,"footnotes":""},"class_list":["post-209","page","type-page","status-publish","format-standard","hentry"],"acf":[],"yoast_head":"<!-- This site is optimized with the Yoast SEO plugin v27.4 - https:\/\/yoast.com\/product\/yoast-seo-wordpress\/ -->\n<title>Environment - Vanguard Healthcare Solutions<\/title>\n<meta name=\"robots\" content=\"index, follow, max-snippet:-1, max-image-preview:large, max-video-preview:-1\" \/>\n<link rel=\"canonical\" href=\"https:\/\/www.vanguardhealthcare.co.uk\/sq_al\/environment\/\" \/>\n<meta property=\"og:locale\" content=\"sq_AL\" \/>\n<meta property=\"og:type\" content=\"article\" \/>\n<meta property=\"og:title\" content=\"Environment - Vanguard Healthcare Solutions\" \/>\n<meta property=\"og:url\" content=\"https:\/\/www.vanguardhealthcare.co.uk\/sq_al\/environment\/\" \/>\n<meta property=\"og:site_name\" content=\"Vanguard Healthcare Solutions\" \/>\n<meta property=\"article:modified_time\" content=\"2026-01-13T14:37:46+00:00\" \/>\n<meta name=\"twitter:card\" content=\"summary_large_image\" \/>\n<meta name=\"twitter:label1\" content=\"Est. reading time\" \/>\n\t<meta name=\"twitter:data1\" content=\"1 minut\u00eb\" \/>\n<script type=\"application\/ld+json\" class=\"yoast-schema-graph\">{\"@context\":\"https:\\\/\\\/schema.org\",\"@graph\":[{\"@type\":\"WebPage\",\"@id\":\"https:\\\/\\\/www.vanguardhealthcare.co.uk\\\/environment\\\/\",\"url\":\"https:\\\/\\\/www.vanguardhealthcare.co.uk\\\/environment\\\/\",\"name\":\"Environment - Vanguard Healthcare Solutions\",\"isPartOf\":{\"@id\":\"https:\\\/\\\/www.vanguardhealthcare.co.uk\\\/#website\"},\"datePublished\":\"2023-06-14T14:38:36+00:00\",\"dateModified\":\"2026-01-13T14:37:46+00:00\",\"breadcrumb\":{\"@id\":\"https:\\\/\\\/www.vanguardhealthcare.co.uk\\\/environment\\\/#breadcrumb\"},\"inLanguage\":\"sq\",\"potentialAction\":[{\"@type\":\"ReadAction\",\"target\":[\"https:\\\/\\\/www.vanguardhealthcare.co.uk\\\/environment\\\/\"]}]},{\"@type\":\"BreadcrumbList\",\"@id\":\"https:\\\/\\\/www.vanguardhealthcare.co.uk\\\/environment\\\/#breadcrumb\",\"itemListElement\":[{\"@type\":\"ListItem\",\"position\":1,\"name\":\"Home\",\"item\":\"https:\\\/\\\/www.vanguardhealthcare.co.uk\\\/\"},{\"@type\":\"ListItem\",\"position\":2,\"name\":\"Environment\"}]},{\"@type\":\"WebSite\",\"@id\":\"https:\\\/\\\/www.vanguardhealthcare.co.uk\\\/#website\",\"url\":\"https:\\\/\\\/www.vanguardhealthcare.co.uk\\\/\",\"name\":\"Vanguard Healthcare Solutions\",\"description\":\"\",\"potentialAction\":[{\"@type\":\"SearchAction\",\"target\":{\"@type\":\"EntryPoint\",\"urlTemplate\":\"https:\\\/\\\/www.vanguardhealthcare.co.uk\\\/?s={search_term_string}\"},\"query-input\":{\"@type\":\"PropertyValueSpecification\",\"valueRequired\":true,\"valueName\":\"search_term_string\"}}],\"inLanguage\":\"sq\"}]}<\/script>\n<!-- \/ Yoast SEO plugin. -->","yoast_head_json":{"title":"Mjedisi - Zgjidhje t\u00eb Kujdesit Sh\u00ebndet\u00ebsor Vanguard","robots":{"index":"index","follow":"follow","max-snippet":"max-snippet:-1","max-image-preview":"max-image-preview:large","max-video-preview":"max-video-preview:-1"},"canonical":"https:\/\/www.vanguardhealthcare.co.uk\/sq_al\/environment\/","og_locale":"sq_AL","og_type":"article","og_title":"Environment - Vanguard Healthcare Solutions","og_url":"https:\/\/www.vanguardhealthcare.co.uk\/sq_al\/environment\/","og_site_name":"Vanguard Healthcare Solutions","article_modified_time":"2026-01-13T14:37:46+00:00","twitter_card":"summary_large_image","twitter_misc":{"Est. reading time":"1 minut\u00eb"},"schema":{"@context":"https:\/\/schema.org","@graph":[{"@type":"WebPage","@id":"https:\/\/www.vanguardhealthcare.co.uk\/environment\/","url":"https:\/\/www.vanguardhealthcare.co.uk\/environment\/","name":"Mjedisi - Zgjidhje t\u00eb Kujdesit Sh\u00ebndet\u00ebsor Vanguard","isPartOf":{"@id":"https:\/\/www.vanguardhealthcare.co.uk\/#website"},"datePublished":"2023-06-14T14:38:36+00:00","dateModified":"2026-01-13T14:37:46+00:00","breadcrumb":{"@id":"https:\/\/www.vanguardhealthcare.co.uk\/environment\/#breadcrumb"},"inLanguage":"sq","potentialAction":[{"@type":"ReadAction","target":["https:\/\/www.vanguardhealthcare.co.uk\/environment\/"]}]},{"@type":"BreadcrumbList","@id":"https:\/\/www.vanguardhealthcare.co.uk\/environment\/#breadcrumb","itemListElement":[{"@type":"ListItem","position":1,"name":"Home","item":"https:\/\/www.vanguardhealthcare.co.uk\/"},{"@type":"ListItem","position":2,"name":"Environment"}]},{"@type":"WebSite","@id":"https:\/\/www.vanguardhealthcare.co.uk\/#website","url":"https:\/\/www.vanguardhealthcare.co.uk\/","name":"Zgjidhjet e kujdesit sh\u00ebndet\u00ebsor Vanguard","description":"","potentialAction":[{"@type":"SearchAction","target":{"@type":"EntryPoint","urlTemplate":"https:\/\/www.vanguardhealthcare.co.uk\/?s={search_term_string}"},"query-input":{"@type":"PropertyValueSpecification","valueRequired":true,"valueName":"search_term_string"}}],"inLanguage":"sq"}]}},"_links":{"self":[{"href":"https:\/\/www.vanguardhealthcare.co.uk\/sq_al\/wp-json\/wp\/v2\/pages\/209","targetHints":{"allow":["GET"]}}],"collection":[{"href":"https:\/\/www.vanguardhealthcare.co.uk\/sq_al\/wp-json\/wp\/v2\/pages"}],"about":[{"href":"https:\/\/www.vanguardhealthcare.co.uk\/sq_al\/wp-json\/wp\/v2\/types\/page"}],"author":[{"embeddable":true,"href":"https:\/\/www.vanguardhealthcare.co.uk\/sq_al\/wp-json\/wp\/v2\/users\/2"}],"replies":[{"embeddable":true,"href":"https:\/\/www.vanguardhealthcare.co.uk\/sq_al\/wp-json\/wp\/v2\/comments?post=209"}],"version-history":[{"count":0,"href":"https:\/\/www.vanguardhealthcare.co.uk\/sq_al\/wp-json\/wp\/v2\/pages\/209\/revisions"}],"wp:attachment":[{"href":"https:\/\/www.vanguardhealthcare.co.uk\/sq_al\/wp-json\/wp\/v2\/media?parent=209"}],"curies":[{"name":"wp","href":"https:\/\/api.w.org\/{rel}","templated":true}]}}