{"id":8428,"date":"2026-03-27T16:30:37","date_gmt":"2026-03-27T16:30:37","guid":{"rendered":"https:\/\/www.vanguardhealthcare.co.uk\/?page_id=8428"},"modified":"2026-05-08T09:38:28","modified_gmt":"2026-05-08T09:38:28","slug":"vanguard-life-sciences","status":"publish","type":"page","link":"https:\/\/www.vanguardhealthcare.co.uk\/ro_ro\/vanguard-life-sciences\/","title":{"rendered":"Vanguard \u0218tiin\u021be ale vie\u021bii"},"content":{"rendered":"<section id=\"section-2-59\" class=\"ct-section\" style=\"background-image:url(https:\/\/www.vanguardhealthcare.co.uk\/wp-content\/uploads\/2023\/05\/boulders-right.png);background-size: auto;\" >\n<div class=\"ct-section-inner-wrap\">\n<div id=\"div_block-8-59\" class=\"ct-div-block\" ><a id=\"link_text-6-59\" class=\"ct-link-text\" href=\"\/ro_ro\/\" target=\"_self\"  >Acas\u0103<\/a><\/p>\n<h1 id=\"headline-3-59\" class=\"ct-headline\"><span id=\"span-4-59\" class=\"ct-span\" >Vanguard \u0218tiin\u021be ale vie\u021bii<\/span><\/h1>\n<\/div>\n<\/div>\n<\/section>\n<section id=\"section-68-14-text-left-white\" class=\"ct-section\" >\n<div class=\"ct-section-inner-wrap\">\n<div id=\"new_columns-69-14text-left-white\" class=\"ct-new-columns\" >\n<div id=\"div_block-70-14\" class=\"ct-div-block\" >\n<h2 id=\"headline-71-14\" class=\"ct-headline\">Crearea de solu\u021bii inovatoare pentru furnizorii de servicii medicale de peste dou\u0103 decenii<\/h2>\n<div id=\"_rich_text-72-14\" class=\"oxy-rich-text\" >\n<p data-start=\"292\" data-end=\"597\">Vanguard Healthcare Solutions \u0219i-a construit o reputa\u021bie solid\u0103 pentru furnizarea de unit\u0103\u021bi medicale de \u00eenalt\u0103 calitate, care sus\u021bin \u00eengrijirea pacien\u021bilor, rezilien\u021ba opera\u021bional\u0103 \u0219i continuitatea serviciilor. Baz\u00e2ndu-ne pe aceast\u0103 experien\u021b\u0103, ne-am extins capacitatea \u00een sectorul \u0219tiin\u021belor vie\u021bii prin intermediul Vanguard Life Sciences.<\/p>\n<p data-start=\"599\" data-end=\"887\">Aceast\u0103 divizie dedicat\u0103 se concentreaz\u0103 pe furnizarea de medii avansate de tip camer\u0103 curat\u0103 \u0219i izolare pentru organiza\u021biile farmaceutice, biotehnologice \u0219i de cercetare, aplic\u00e2nd acelea\u0219i principii care definesc Vanguard: calitate, fiabilitate \u0219i angajamentul de a \u00eendeplini cerin\u021be complexe \u0219i reglementate.<\/p>\n<\/div>\n<\/div>\n<div id=\"div_block-74-14\" class=\"ct-div-block\" ><img decoding=\"async\"  id=\"image-75-14\" alt=\"\" src=\"https:\/\/www.vanguardhealthcare.co.uk\/wp-content\/uploads\/2025\/03\/PHOTOSHOPPED-VERSION-EXTERNAL-scaled.jpg\" class=\"ct-image\"\/><\/div>\n<\/div>\n<\/div>\n<\/section>\n<section id=\"section-68-14-text-left-white\" class=\"ct-section\" >\n<div class=\"ct-section-inner-wrap\">\n<div id=\"new_columns-69-14text-left-white\" class=\"ct-new-columns\" >\n<div id=\"div_block-70-14\" class=\"ct-div-block\" >\n<h2 id=\"headline-71-14\" class=\"ct-headline\">O evolu\u021bie natural\u0103 a capacit\u0103\u021bii Vanguard<\/h2>\n<div id=\"_rich_text-72-14\" class=\"oxy-rich-text\" >\n<p data-start=\"944\" data-end=\"1150\">\u00cen cadrul NHS \u0219i al sectorului medical \u00een general, Vanguard a sprijinit \u00een mod constant organiza\u021biile care se confrunt\u0103 cu provoc\u0103ri de capacitate, constr\u00e2ngeri de propriet\u0103\u021bi \u0219i necesitatea de a men\u021bine serviciile \u00een timpul renov\u0103rii sau modific\u0103rilor.<\/p>\n<p data-start=\"1152\" data-end=\"1327\">Acelea\u0219i provoc\u0103ri sunt din ce \u00een ce mai prezente \u00een \u0219tiin\u021bele vie\u021bii, unde organiza\u021biile trebuie s\u0103 se extind\u0103 rapid, s\u0103 men\u021bin\u0103 conformitatea \u0219i s\u0103 opereze \u00een medii extrem de controlate.<\/p>\n<p data-start=\"1329\" data-end=\"1632\"><a href=\"https:\/\/vanguardlifesciences.co.uk\">Vanguard \u0218tiin\u021be ale vie\u021bii<\/a> aduce aceast\u0103 experien\u021b\u0103 \u00eentr-un context nou, combin\u00e2nd expertiza noastr\u0103 \u00een infrastructura modular\u0103 \u0219i mobil\u0103 cu solu\u021bii specializate pentru camere sterile \u0219i izolare. Rezultatul este o abordare flexibil\u0103 \u0219i eficient\u0103 pentru furnizarea de facilit\u0103\u021bi care sus\u021bin cercetarea, dezvoltarea \u0219i produc\u021bia.<\/p>\n<\/div>\n<\/div>\n<div id=\"div_block-74-14\" class=\"ct-div-block\" ><img decoding=\"async\"  id=\"image-75-14\" alt=\"\" src=\"https:\/\/www.vanguardhealthcare.co.uk\/wp-content\/uploads\/2025\/11\/DJI_20250619160710_0016_D-min.jpg\" class=\"ct-image\"\/><\/div>\n<\/div>\n<\/div>\n<\/section>\n<section id=\"section-132-34\" class=\"ct-section\" >\n<div class=\"ct-section-inner-wrap\">\n<div id=\"new_columns-133-34\" class=\"ct-new-columns\" >\n<div id=\"div_block-138-34\" class=\"ct-div-block\" ><img decoding=\"async\"  id=\"image-139-34\" alt=\"\" src=\"https:\/\/www.vanguardhealthcare.co.uk\/wp-content\/uploads\/2026\/03\/1_Toxic-and-non-toxic-grade-C-cleanrooms.jpg\" class=\"ct-image\"\/><\/div>\n<div id=\"div_block-134-34\" class=\"ct-div-block\" >\n<h2 id=\"headline-135-34\" class=\"ct-headline\">Expertiz\u0103 modular\u0103 aplicat\u0103 \u0219tiin\u021belor vie\u021bii<\/h2>\n<div id=\"_rich_text-136-34\" class=\"oxy-rich-text\" >\n<p data-start=\"1687\" data-end=\"1775\">\u00cen centrul <a href=\"https:\/\/vanguardlifesciences.co.uk\">Vanguard \u0218tiin\u021be ale vie\u021bii<\/a> este o abordare modern\u0103 a construc\u021biei \u0219i livr\u0103rii.<\/p>\n<p data-start=\"1777\" data-end=\"2016\">Folosind metode de construc\u021bie modulare \u0219i \u00een afara amplasamentului, facilit\u0103\u021bile pot fi proiectate, fabricate \u0219i implementate mai rapid dec\u00e2t construc\u021biile tradi\u021bionale, men\u021bin\u00e2nd \u00een acela\u0219i timp standarde ridicate de calitate \u0219i consecven\u021b\u0103. Aceast\u0103 abordare ajut\u0103 organiza\u021biile s\u0103:<\/p>\n<ul data-start=\"2018\" data-end=\"2200\">\n<li data-section-id=\"tzzjse\" data-start=\"2018\" data-end=\"2058\">Reduce\u021bi timpul p\u00e2n\u0103 la preg\u0103tirea opera\u021bional\u0103<\/li>\n<li data-section-id=\"18bs0p3\" data-start=\"2059\" data-end=\"2105\">Minimizarea perturb\u0103rii instala\u021biilor existente<\/li>\n<li data-section-id=\"n7j11x\" data-start=\"2106\" data-end=\"2152\">Men\u021binerea continuit\u0103\u021bii opera\u021biunilor critice<\/li>\n<li data-section-id=\"c4ipn6\" data-start=\"2153\" data-end=\"2200\">Adapta\u021bi infrastructura pe m\u0103sur\u0103 ce cerin\u021bele evolueaz\u0103<\/li>\n<\/ul>\n<p>&nbsp;<\/p>\n<p data-start=\"2202\" data-end=\"2344\">Pentru organiza\u021biile din domeniul \u0219tiin\u021belor vie\u021bii, acest lucru ofer\u0103 o solu\u021bie practic\u0103 la provocarea de a echilibra viteza, conformitatea \u0219i flexibilitatea pe termen lung.<\/p>\n<\/div>\n<\/div>\n<\/div>\n<\/div>\n<\/section>\n<section id=\"section-68-14-text-left-white\" class=\"ct-section\" >\n<div class=\"ct-section-inner-wrap\">\n<div id=\"new_columns-69-14text-left-white\" class=\"ct-new-columns\" >\n<div id=\"div_block-70-14\" class=\"ct-div-block\" >\n<h2 id=\"headline-71-14\" class=\"ct-headline\">\u00cen colaborare cu Enbloc<\/h2>\n<div id=\"_rich_text-72-14\" class=\"oxy-rich-text\" >\n<p data-start=\"2385\" data-end=\"2524\"><a href=\"https:\/\/vanguardlifesciences.co.uk\">Vanguard \u0218tiin\u021be ale vie\u021bii<\/a> lucreaz\u0103 \u00een colaborare cu <a href=\"https:\/\/www.enbloc-cleanrooms.com\/\">Enbloc<\/a>, specialist \u00een proiectarea \u0219i construirea de camere sterile, laboratoare \u0219i instala\u021bii de izolare.<\/p>\n<p data-start=\"2526\" data-end=\"2801\">Acest parteneriat reune\u0219te puncte forte complementare. Vanguard ofer\u0103 expertiz\u0103 \u00een livrare modular\u0103, management de proiect \u0219i operare \u00een medii active, reglementate, \u00een timp ce <a href=\"https:\/\/www.enbloc-cleanrooms.com\/\">Enbloc<\/a> contribuie cu cuno\u0219tin\u021be tehnice aprofundate \u00een ingineria camerelor sterile, validare \u0219i conformitate.<\/p>\n<p data-start=\"2803\" data-end=\"3008\">\u00cempreun\u0103, livr\u0103m facilit\u0103\u021bi care \u00eendeplinesc cerin\u021bele unor standarde precum GMP-ul UE \u0219i clasific\u0103rile ISO pentru camere sterile, asigur\u00e2nd \u00een acela\u0219i timp c\u0103 proiectele sunt finalizate eficient \u0219i cu \u00eentreruperi minime.<\/p>\n<\/div>\n<\/div>\n<div id=\"div_block-74-14\" class=\"ct-div-block\" ><img decoding=\"async\"  id=\"image-75-14\" alt=\"\" src=\"https:\/\/www.vanguardhealthcare.co.uk\/wp-content\/uploads\/2026\/03\/Enbloc-OFFICIAL-LOGO.jpg\" class=\"ct-image\"\/><\/div>\n<\/div>\n<\/div>\n<\/section>\n<section id=\"section-132-34\" class=\"ct-section\" >\n<div class=\"ct-section-inner-wrap\">\n<div id=\"new_columns-133-34\" class=\"ct-new-columns\" >\n<div id=\"div_block-138-34\" class=\"ct-div-block\" ><img decoding=\"async\"  id=\"image-139-34\" alt=\"\" src=\"https:\/\/www.vanguardhealthcare.co.uk\/wp-content\/uploads\/2025\/08\/MCA17.jpeg\" class=\"ct-image\"\/><\/div>\n<div id=\"div_block-134-34\" class=\"ct-div-block\" >\n<h2 id=\"headline-135-34\" class=\"ct-headline\">Sus\u021binerea cu \u00eencredere a mediilor reglementate<\/h2>\n<div id=\"_rich_text-136-34\" class=\"oxy-rich-text\" >\n<p data-start=\"3070\" data-end=\"3181\">Facilit\u0103\u021bi oferite de <a href=\"https:\/\/vanguardlifesciences.co.uk\">Vanguard \u0218tiin\u021be ale vie\u021bii<\/a> sunt concepute pentru a suporta o gam\u0103 larg\u0103 de aplica\u021bii, inclusiv:<\/p>\n<ul data-start=\"3183\" data-end=\"3396\">\n<li data-section-id=\"pw3g4v\" data-start=\"3183\" data-end=\"3215\">Fabricarea farmaceutic\u0103<\/li>\n<li data-section-id=\"vd2r96\" data-start=\"3216\" data-end=\"3256\">Biotehnologie \u0219i terapii avansate<\/li>\n<li data-section-id=\"13uqfws\" data-start=\"3257\" data-end=\"3298\">Laboratoare de cercetare \u0219i dezvoltare<\/li>\n<li data-section-id=\"rq9u3h\" data-start=\"3299\" data-end=\"3339\">Radiofarmacie \u0219i procesare aseptic\u0103<\/li>\n<li data-section-id=\"157rffx\" data-start=\"3340\" data-end=\"3396\">Laboratoare de izolare \u0219i medii specializate<\/li>\n<\/ul>\n<p data-start=\"3398\" data-end=\"3560\">Fiecare solu\u021bie este dezvoltat\u0103 cu o \u00een\u021belegere clar\u0103 a a\u0219tept\u0103rilor de reglementare, a fluxurilor de lucru opera\u021bionale \u0219i a importan\u021bei men\u021binerii unor medii controlate.<\/p>\n<p>&nbsp;<\/p>\n<p data-start=\"3562\" data-end=\"3723\">Abordarea noastr\u0103 se extinde dincolo de construc\u021bie, oferind asisten\u021b\u0103 pe parcursul \u00eentregului ciclu de via\u021b\u0103 al unei instala\u021bii, inclusiv proiectarea, validarea, \u00eentre\u021binerea \u0219i conformitatea continu\u0103.<\/p>\n<\/div>\n<\/div>\n<\/div>\n<\/div>\n<\/section>\n<section id=\"section-68-14-text-left-white\" class=\"ct-section\" >\n<div class=\"ct-section-inner-wrap\">\n<div id=\"new_columns-69-14text-left-white\" class=\"ct-new-columns\" >\n<div id=\"div_block-70-14\" class=\"ct-div-block\" >\n<h2 id=\"headline-71-14\" class=\"ct-headline\">Continuitatea valorilor, extins\u0103 \u00eentr-un nou sector<\/h2>\n<div id=\"_rich_text-72-14\" class=\"oxy-rich-text\" >\n<p data-start=\"3784\" data-end=\"3939\">\u00cen timp ce <a href=\"https:\/\/www.enbloc-cleanrooms.com\/\">Vanguard \u0218tiin\u021be ale vie\u021bii<\/a> reprezint\u0103 o nou\u0103 arie de interes, fiind construit\u0103 pe acelea\u0219i valori \u0219i model de livrare care stau la baza Vanguard Healthcare Solutions.<\/p>\n<p data-start=\"3941\" data-end=\"3967\">Continu\u0103m s\u0103 prioritiz\u0103m:<\/p>\n<ul data-start=\"3969\" data-end=\"4182\">\n<li data-section-id=\"1kvgt66\" data-start=\"3969\" data-end=\"4017\">Calitate \u0219i siguran\u021b\u0103 \u00een medii reglementate<\/li>\n<li data-section-id=\"emkv1\" data-start=\"4018\" data-end=\"4068\">Fiabilitate \u0219i receptivitate pentru clien\u021bii no\u0219tri<\/li>\n<li data-section-id=\"1rqtbio\" data-start=\"4069\" data-end=\"4117\">Colaborarea cu partenerii \u0219i p\u0103r\u021bile interesate<\/li>\n<li data-section-id=\"1425da4\" data-start=\"4118\" data-end=\"4182\">Solu\u021bii practice care abordeaz\u0103 provoc\u0103ri opera\u021bionale reale<\/li>\n<\/ul>\n<p data-start=\"4184\" data-end=\"4330\">Aceast\u0103 continuitate garanteaz\u0103 c\u0103 to\u021bi clien\u021bii din sectorul \u0219tiin\u021belor vie\u021bii beneficiaz\u0103 de aceea\u0219i abordare de \u00eencredere care a fost dezvoltat\u0103 \u00een \u00eentreaga asisten\u021b\u0103 medical\u0103.<\/p>\n<\/div>\n<\/div>\n<div id=\"div_block-74-14\" class=\"ct-div-block\" ><img decoding=\"async\"  id=\"image-75-14\" alt=\"\" src=\"https:\/\/www.vanguardhealthcare.co.uk\/wp-content\/uploads\/2025\/08\/MCA3.jpeg\" class=\"ct-image\"\/><\/div>\n<\/div>\n<\/div>\n<\/section>","protected":false},"excerpt":{"rendered":"","protected":false},"author":18,"featured_media":0,"parent":0,"menu_order":0,"comment_status":"closed","ping_status":"closed","template":"","meta":{"_acf_changed":false,"footnotes":""},"class_list":["post-8428","page","type-page","status-publish","format-standard","hentry"],"acf":[],"yoast_head":"<!-- This site is optimized with the Yoast SEO plugin v27.5 - https:\/\/yoast.com\/product\/yoast-seo-wordpress\/ -->\n<title>Vanguard Life Sciences - Vanguard Healthcare Solutions<\/title>\n<meta name=\"robots\" content=\"index, follow, max-snippet:-1, max-image-preview:large, max-video-preview:-1\" \/>\n<link rel=\"canonical\" href=\"https:\/\/www.vanguardhealthcare.co.uk\/ro_ro\/vanguard-life-sciences\/\" \/>\n<meta property=\"og:locale\" content=\"ro_RO\" \/>\n<meta property=\"og:type\" content=\"article\" \/>\n<meta property=\"og:title\" content=\"Vanguard Life Sciences - Vanguard Healthcare Solutions\" \/>\n<meta property=\"og:url\" content=\"https:\/\/www.vanguardhealthcare.co.uk\/ro_ro\/vanguard-life-sciences\/\" \/>\n<meta property=\"og:site_name\" content=\"Vanguard Healthcare Solutions\" \/>\n<meta property=\"article:modified_time\" content=\"2026-05-08T09:38:28+00:00\" \/>\n<meta name=\"twitter:card\" content=\"summary_large_image\" \/>\n<meta name=\"twitter:label1\" content=\"Timp estimat pentru citire\" \/>\n\t<meta name=\"twitter:data1\" content=\"1 minut\" \/>\n<script type=\"application\/ld+json\" class=\"yoast-schema-graph\">{\"@context\":\"https:\\\/\\\/schema.org\",\"@graph\":[{\"@type\":\"WebPage\",\"@id\":\"https:\\\/\\\/www.vanguardhealthcare.co.uk\\\/vanguard-life-sciences\\\/\",\"url\":\"https:\\\/\\\/www.vanguardhealthcare.co.uk\\\/vanguard-life-sciences\\\/\",\"name\":\"Vanguard Life Sciences - Vanguard Healthcare Solutions\",\"isPartOf\":{\"@id\":\"https:\\\/\\\/www.vanguardhealthcare.co.uk\\\/#website\"},\"datePublished\":\"2026-03-27T16:30:37+00:00\",\"dateModified\":\"2026-05-08T09:38:28+00:00\",\"breadcrumb\":{\"@id\":\"https:\\\/\\\/www.vanguardhealthcare.co.uk\\\/vanguard-life-sciences\\\/#breadcrumb\"},\"inLanguage\":\"ro-RO\",\"potentialAction\":[{\"@type\":\"ReadAction\",\"target\":[\"https:\\\/\\\/www.vanguardhealthcare.co.uk\\\/vanguard-life-sciences\\\/\"]}]},{\"@type\":\"BreadcrumbList\",\"@id\":\"https:\\\/\\\/www.vanguardhealthcare.co.uk\\\/vanguard-life-sciences\\\/#breadcrumb\",\"itemListElement\":[{\"@type\":\"ListItem\",\"position\":1,\"name\":\"Home\",\"item\":\"https:\\\/\\\/www.vanguardhealthcare.co.uk\\\/\"},{\"@type\":\"ListItem\",\"position\":2,\"name\":\"Vanguard Life Sciences\"}]},{\"@type\":\"WebSite\",\"@id\":\"https:\\\/\\\/www.vanguardhealthcare.co.uk\\\/#website\",\"url\":\"https:\\\/\\\/www.vanguardhealthcare.co.uk\\\/\",\"name\":\"Vanguard Healthcare Solutions\",\"description\":\"\",\"potentialAction\":[{\"@type\":\"SearchAction\",\"target\":{\"@type\":\"EntryPoint\",\"urlTemplate\":\"https:\\\/\\\/www.vanguardhealthcare.co.uk\\\/?s={search_term_string}\"},\"query-input\":{\"@type\":\"PropertyValueSpecification\",\"valueRequired\":true,\"valueName\":\"search_term_string\"}}],\"inLanguage\":\"ro-RO\"}]}<\/script>\n<!-- \/ Yoast SEO plugin. -->","yoast_head_json":{"title":"Vanguard \u0218tiin\u021be ale vie\u021bii - Solu\u021bii medicale Vanguard","robots":{"index":"index","follow":"follow","max-snippet":"max-snippet:-1","max-image-preview":"max-image-preview:large","max-video-preview":"max-video-preview:-1"},"canonical":"https:\/\/www.vanguardhealthcare.co.uk\/ro_ro\/vanguard-life-sciences\/","og_locale":"ro_RO","og_type":"article","og_title":"Vanguard Life Sciences - Vanguard Healthcare Solutions","og_url":"https:\/\/www.vanguardhealthcare.co.uk\/ro_ro\/vanguard-life-sciences\/","og_site_name":"Vanguard Healthcare Solutions","article_modified_time":"2026-05-08T09:38:28+00:00","twitter_card":"summary_large_image","twitter_misc":{"Timp estimat pentru citire":"1 minut"},"schema":{"@context":"https:\/\/schema.org","@graph":[{"@type":"WebPage","@id":"https:\/\/www.vanguardhealthcare.co.uk\/vanguard-life-sciences\/","url":"https:\/\/www.vanguardhealthcare.co.uk\/vanguard-life-sciences\/","name":"Vanguard \u0218tiin\u021be ale vie\u021bii - Solu\u021bii medicale Vanguard","isPartOf":{"@id":"https:\/\/www.vanguardhealthcare.co.uk\/#website"},"datePublished":"2026-03-27T16:30:37+00:00","dateModified":"2026-05-08T09:38:28+00:00","breadcrumb":{"@id":"https:\/\/www.vanguardhealthcare.co.uk\/vanguard-life-sciences\/#breadcrumb"},"inLanguage":"ro-RO","potentialAction":[{"@type":"ReadAction","target":["https:\/\/www.vanguardhealthcare.co.uk\/vanguard-life-sciences\/"]}]},{"@type":"BreadcrumbList","@id":"https:\/\/www.vanguardhealthcare.co.uk\/vanguard-life-sciences\/#breadcrumb","itemListElement":[{"@type":"ListItem","position":1,"name":"Home","item":"https:\/\/www.vanguardhealthcare.co.uk\/"},{"@type":"ListItem","position":2,"name":"Vanguard Life Sciences"}]},{"@type":"WebSite","@id":"https:\/\/www.vanguardhealthcare.co.uk\/#website","url":"https:\/\/www.vanguardhealthcare.co.uk\/","name":"Vanguard Solu\u021bii de asisten\u021b\u0103 medical\u0103","description":"","potentialAction":[{"@type":"SearchAction","target":{"@type":"EntryPoint","urlTemplate":"https:\/\/www.vanguardhealthcare.co.uk\/?s={search_term_string}"},"query-input":{"@type":"PropertyValueSpecification","valueRequired":true,"valueName":"search_term_string"}}],"inLanguage":"ro-RO"}]}},"_links":{"self":[{"href":"https:\/\/www.vanguardhealthcare.co.uk\/ro_ro\/wp-json\/wp\/v2\/pages\/8428","targetHints":{"allow":["GET"]}}],"collection":[{"href":"https:\/\/www.vanguardhealthcare.co.uk\/ro_ro\/wp-json\/wp\/v2\/pages"}],"about":[{"href":"https:\/\/www.vanguardhealthcare.co.uk\/ro_ro\/wp-json\/wp\/v2\/types\/page"}],"author":[{"embeddable":true,"href":"https:\/\/www.vanguardhealthcare.co.uk\/ro_ro\/wp-json\/wp\/v2\/users\/18"}],"replies":[{"embeddable":true,"href":"https:\/\/www.vanguardhealthcare.co.uk\/ro_ro\/wp-json\/wp\/v2\/comments?post=8428"}],"version-history":[{"count":0,"href":"https:\/\/www.vanguardhealthcare.co.uk\/ro_ro\/wp-json\/wp\/v2\/pages\/8428\/revisions"}],"wp:attachment":[{"href":"https:\/\/www.vanguardhealthcare.co.uk\/ro_ro\/wp-json\/wp\/v2\/media?parent=8428"}],"curies":[{"name":"wp","href":"https:\/\/api.w.org\/{rel}","templated":true}]}}