{"id":7861,"date":"2025-03-06T16:20:47","date_gmt":"2025-03-06T16:20:47","guid":{"rendered":"https:\/\/www.vanguardhealthcare.co.uk\/?page_id=7861"},"modified":"2025-04-01T11:52:39","modified_gmt":"2025-04-01T11:52:39","slug":"flexible-finance-solutions","status":"publish","type":"page","link":"https:\/\/www.vanguardhealthcare.co.uk\/ro_ro\/flexible-finance-solutions\/","title":{"rendered":"Solu\u021bii financiare flexibile"},"content":{"rendered":"<section id=\"section-2-59\" class=\"ct-section\" style=\"background-image:url(https:\/\/www.vanguardhealthcare.co.uk\/wp-content\/uploads\/2023\/05\/boulders-right.png);background-size: auto;\" >\n<div class=\"ct-section-inner-wrap\">\n<div id=\"div_block-8-59\" class=\"ct-div-block\" ><a id=\"link_text-6-59\" class=\"ct-link-text\" href=\"\/ro_ro\/\" target=\"_self\"  >Acas\u0103<\/a><\/p>\n<h1 id=\"headline-3-59\" class=\"ct-headline\"><span id=\"span-4-59\" class=\"ct-span\" >Solu\u021bii financiare flexibile<\/span><\/h1>\n<\/div>\n<\/div>\n<\/section>\n<section id=\"section-68-14-text-left-white\" class=\"ct-section\" >\n<div class=\"ct-section-inner-wrap\">\n<div id=\"new_columns-69-14text-left-white\" class=\"ct-new-columns\" >\n<div id=\"div_block-70-14\" class=\"ct-div-block\" >\n<h2 id=\"headline-71-14\" class=\"ct-headline\">Facility Flex - O abordare inteligent\u0103 pentru atenuarea provoc\u0103rilor IFRS16 \u0219i CDEL<\/h2>\n<div id=\"_rich_text-72-14\" class=\"oxy-rich-text\" >\n<h3 class=\"MsoNormal\"><strong><span lang=\"EN-GB\">Bine a\u021bi venit la Facility Flex<\/span><\/strong><\/h3>\n<p class=\"MsoNormal\"><span lang=\"EN-GB\">La Vanguard Healthcare Solutions, \u00een\u021belegem nevoile dinamice ale furnizorilor de servicii medicale. Noastre&nbsp;<strong>Facility Flex<\/strong> modelul ofer\u0103 o abordare revolu\u021bionar\u0103 a infrastructurii de asisten\u021b\u0103 medical\u0103, oferind solu\u021bii flexibile, cu plata pe m\u0103sur\u0103, care asigur\u0103 accesul imediat la medii clinice de \u00eenalt\u0103 calitate.<\/span><\/p>\n<p class=\"MsoNormal\"><span lang=\"EN-GB\">Desc\u0103rca\u021bi bro\u0219ura noastr\u0103 informativ\u0103,&nbsp;<a href=\"\/ro_ro\/resource\/facility-flex-a-smart-approach-to-mitigating-ifrs16-and-cdel-challenges\/\">Aici.<\/a><\/span><\/p>\n<\/div>\n<\/div>\n<div id=\"div_block-74-14\" class=\"ct-div-block\" ><img decoding=\"async\"  id=\"image-75-14\" alt=\"\" src=\"https:\/\/www.vanguardhealthcare.co.uk\/wp-content\/uploads\/2025\/02\/Vanguard-Ribbon-Cutting-Drone-Photography-2-1024x768.jpg\" class=\"ct-image\"\/><\/div>\n<\/div>\n<\/div>\n<\/section>\n<section id=\"section-132-34\" class=\"ct-section\" >\n<div class=\"ct-section-inner-wrap\">\n<div id=\"new_columns-133-34\" class=\"ct-new-columns\" >\n<div id=\"div_block-138-34\" class=\"ct-div-block\" ><img decoding=\"async\"  id=\"image-139-34\" alt=\"\" src=\"https:\/\/www.vanguardhealthcare.co.uk\/wp-content\/uploads\/2025\/01\/IMG_5643-1024x768.jpeg\" class=\"ct-image\"\/><\/div>\n<div id=\"div_block-134-34\" class=\"ct-div-block\" >\n<h2 id=\"headline-135-34\" class=\"ct-headline\">De ce s\u0103 alege\u021bi Facility Flex?<\/h2>\n<div id=\"_rich_text-136-34\" class=\"oxy-rich-text\" >\n<p class=\"MsoNormal\"><strong><span lang=\"EN-GB\">Facility Flex<\/span><\/strong><span lang=\"EN-GB\">&nbsp;este conceput pentru a satisface cererea \u00een cre\u0219tere pentru servicii de \u00eengrijire medical\u0103, f\u0103r\u0103 a fi nevoie de cheltuieli de capital semnificative. Modelul nostru bazat pe venituri permite furnizorilor de servicii medicale s\u0103 utilizeze bugetele de venituri, p\u0103str\u00e2ndu-\u0219i resursele de capital pentru alte investi\u021bii critice. Aceast\u0103 flexibilitate financiar\u0103 este deosebit de benefic\u0103 pentru NHS Trusts, deoarece nu asigur\u0103 niciun impact asupra limitelor CEDL.<\/span><\/p>\n<p class=\"MsoNormal\"><strong><span lang=\"EN-GB\">Caracteristici \u0219i beneficii cheie<\/span><\/strong><\/p>\n<ul style=\"margin-top: 0cm\" type=\"disc\">\n<li class=\"MsoNormal\"><strong><span lang=\"EN-GB\">F\u0103r\u0103 Cheltuieli de Capital<\/span><\/strong><span lang=\"EN-GB\">: Modelul nostru cu plata pe m\u0103sur\u0103 elimin\u0103 necesitatea unor cheltuieli mari de capital, permi\u021b\u00e2ndu-v\u0103 s\u0103 p\u0103stra\u021bi resursele financiare.<\/span><\/li>\n<li class=\"MsoNormal\"><strong><span lang=\"EN-GB\">Desf\u0103\u015furare rapid\u0103<\/span><\/strong><span lang=\"EN-GB\">: Oferim acces imediat la o flot\u0103 complet\u0103 de facilit\u0103\u021bi demontabile \u0219i modulare, asigur\u00e2ndu-v\u0103 c\u0103 pute\u021bi aborda rapid provoc\u0103rile legate de capacitate.<\/span><\/li>\n<li class=\"MsoNormal\"><strong><span lang=\"EN-GB\">Infrastructur\u0103 de \u00eenalt\u0103 calitate<\/span><\/strong><span lang=\"EN-GB\">: Facilit\u0103\u021bile noastre sunt proiectate de practicieni clinici \u0219i dotate cu echipamente de ultim\u0103 genera\u021bie, asigur\u00e2nd \u00eengrijirea optim\u0103 a pacientului.<\/span><\/li>\n<li class=\"MsoNormal\"><strong><span lang=\"EN-GB\">Flexibilitate financiar\u0103<\/span><\/strong><span lang=\"EN-GB\">: Prin utilizarea bugetelor de venituri, pute\u021bi investi \u00een infrastructura esen\u021bial\u0103 f\u0103r\u0103 a v\u0103 afecta limitele de cheltuieli de capital.<\/span><\/li>\n<li class=\"MsoNormal\"><strong><span lang=\"EN-GB\">Experien\u021b\u0103 \u00eembun\u0103t\u0103\u021bit\u0103 a pacientului<\/span><\/strong><span lang=\"EN-GB\">: Mediile noastre clinice gata de utilizare ajut\u0103 la \u00eembun\u0103t\u0103\u021birea rezultatelor pacien\u021bilor \u0219i la reducerea timpilor de a\u0219teptare.<\/span><\/li>\n<\/ul>\n<\/div>\n<\/div>\n<\/div>\n<\/div>\n<\/section>\n<section id=\"section-68-14-text-left-white\" class=\"ct-section\" >\n<div class=\"ct-section-inner-wrap\">\n<div id=\"new_columns-69-14text-left-white\" class=\"ct-new-columns\" >\n<div id=\"div_block-70-14\" class=\"ct-div-block\" >\n<h2 id=\"headline-71-14\" class=\"ct-headline\">Suport cuprinz\u0103tor<\/h2>\n<div id=\"_rich_text-72-14\" class=\"oxy-rich-text\" >\n<p class=\"MsoNormal\"><strong><span lang=\"EN-GB\">Suport cuprinz\u0103tor<\/span><\/strong><\/p>\n<p class=\"MsoNormal\"><span lang=\"EN-GB\">Lucr\u0103m \u00eendeaproape cu NHS Trusts pentru a \u00een\u021belege cerin\u021bele lor individuale \u0219i factorii financiari cheie. Solu\u021biile noastre personalizate sunt concepute pentru a asigura rezultate pozitive \u0219i oferim suport complet pe tot parcursul procesului:<\/span><\/p>\n<ul style=\"margin-top: 0cm\" type=\"disc\">\n<li class=\"MsoNormal\">\n<p><strong><span lang=\"EN-GB\">Sprijinirea viabilit\u0103\u021bii<\/span><\/strong><span lang=\"EN-GB\">: Lucrul al\u0103turi de dumneavoastr\u0103 pentru a valida fezabilitatea solu\u021biei Facility Flex pentru nevoile dumneavoastr\u0103 individuale.<\/span><\/p>\n<\/li>\n<li class=\"MsoNormal\">\n<p><strong><span lang=\"EN-GB\">Discu\u021bii cuprinz\u0103toare<\/span><\/strong><span lang=\"EN-GB\">: Dezvoltarea utiliz\u0103rii anticipate \u00een comun \u0219i proiectarea solu\u021biilor financiare flexibile care func\u021bioneaz\u0103 cel mai bine pentru dvs.<\/span><\/p>\n<\/li>\n<li class=\"MsoNormal\">\n<p><strong><span lang=\"EN-GB\">Asisten\u021b\u0103 pentru aprobare<\/span><\/strong><span lang=\"EN-GB\">: Sprijinirea dezvolt\u0103rii cazului de afaceri<\/span><\/p>\n<\/li>\n<li class=\"MsoNormal\">\n<p><strong><span lang=\"EN-GB\">Livrare la timp<\/span><\/strong><span lang=\"EN-GB\">: Livrare din flota noastr\u0103 de demontabile \u0219i module disponibile imediat<\/span><\/p>\n<\/li>\n<\/ul>\n<\/div>\n<\/div>\n<div id=\"div_block-74-14\" class=\"ct-div-block\" ><img decoding=\"async\"  id=\"image-75-14\" alt=\"\" src=\"https:\/\/www.vanguardhealthcare.co.uk\/wp-content\/uploads\/2024\/07\/IMG_6401-1024x768.jpeg\" class=\"ct-image\"\/><\/div>\n<\/div>\n<\/div>\n<\/section>\n<section id=\"section-132-34\" class=\"ct-section\" >\n<div class=\"ct-section-inner-wrap\">\n<div id=\"new_columns-133-34\" class=\"ct-new-columns\" >\n<div id=\"div_block-138-34\" class=\"ct-div-block\" ><img decoding=\"async\"  id=\"image-139-34\" alt=\"\" src=\"https:\/\/www.vanguardhealthcare.co.uk\/wp-content\/uploads\/2024\/04\/Heartlands-Exterior-3-1024x683.jpg\" class=\"ct-image\"\/><\/div>\n<div id=\"div_block-134-34\" class=\"ct-div-block\" >\n<h2 id=\"headline-135-34\" class=\"ct-headline\">\u00cendeplinirea obiectivelor Programului de reform\u0103 electiv\u0103<\/h2>\n<div id=\"_rich_text-136-34\" class=\"oxy-rich-text\" >\n<p class=\"MsoNormal\"><span lang=\"EN-GB\">Facility Flex este esen\u021bial\u0103 \u00een sprijinirea Programului de reform\u0103 electiv\u0103 al NHS, care are ca scop reducerea timpilor de a\u0219teptare \u0219i \u00eembun\u0103t\u0103\u021birea \u00eengrijirii pacien\u021bilor. Prin furnizarea unei capacit\u0103\u021bi clinice suplimentare pe baz\u0103 de plata pe m\u0103sur\u0103, Facility Flex ajut\u0103 NHS Trusts s\u0103 \u00eendeplineasc\u0103 obiectivele programului, asigur\u00e2nd un tratament \u00een timp util \u0219i eficient pentru pacien\u021bi.<\/span><\/p>\n<p class=\"MsoNormal\"><strong><span lang=\"EN-GB\">Angajamentul nostru<\/span><\/strong><\/p>\n<p class=\"MsoNormal\"><span lang=\"EN-GB\">La Vanguard Healthcare Solutions, ne angaj\u0103m s\u0103 oferim o infrastructur\u0103 de asisten\u021b\u0103 medical\u0103 flexibil\u0103, de \u00eenalt\u0103 calitate, care s\u0103 r\u0103spund\u0103 nevoilor dinamice ale furnizorilor de servicii medicale. Echipa noastr\u0103 informat\u0103, calificat\u0103 \u0219i capabil\u0103 aduce o experien\u021b\u0103 vast\u0103 \u0219i o \u00een\u021belegere profund\u0103 a nevoilor clien\u021bilor, asigur\u00e2ndu-ne c\u0103 oferim solu\u021bii de cea mai \u00eenalt\u0103 calitate din industrie.<\/span><\/p>\n<\/div>\n<\/div>\n<\/div>\n<\/div>\n<\/section>\n<section id=\"section-144-59\" class=\"ct-section\" >\n<div class=\"ct-section-inner-wrap\">\n<div id=\"new_columns-145-59\" class=\"ct-new-columns\" >\n<div id=\"div_block-146-59\" class=\"ct-div-block\" >\n<div id=\"_rich_text-9-63\" class=\"oxy-rich-text\" >\n<p>G\u0103sirea unei solu\u021bii care func\u021bioneaz\u0103 pentru spitalul t\u0103u \u00eencepe aici...<\/p>\n<\/div>\n<p><a id=\"link_button-149-59\" class=\"ct-link-button\" href=\"\/ro_ro\/contact\/\" target=\"_self\"  >Intra\u021bi \u00een leg\u0103tur\u0103<\/a><\/div>\n<div id=\"div_block-150-59\" class=\"ct-div-block\" ><img decoding=\"async\"  id=\"image-151-59\" alt=\"\" src=\"https:\/\/www.vanguardhealthcare.co.uk\/wp-content\/uploads\/2023\/06\/kettering-2-1.jpg\" class=\"ct-image\"\/><\/div>\n<\/div>\n<\/div>\n<\/section>","protected":false},"excerpt":{"rendered":"","protected":false},"author":11,"featured_media":0,"parent":0,"menu_order":0,"comment_status":"closed","ping_status":"closed","template":"","meta":{"_acf_changed":false,"footnotes":""},"class_list":["post-7861","page","type-page","status-publish","format-standard","hentry"],"acf":[],"yoast_head":"<!-- This site is optimized with the Yoast SEO plugin v27.3 - https:\/\/yoast.com\/product\/yoast-seo-wordpress\/ -->\n<title>Flexible Finance Solutions - Vanguard Healthcare Solutions<\/title>\n<meta name=\"robots\" content=\"index, follow, max-snippet:-1, max-image-preview:large, max-video-preview:-1\" \/>\n<link rel=\"canonical\" href=\"https:\/\/www.vanguardhealthcare.co.uk\/ro_ro\/flexible-finance-solutions\/\" \/>\n<meta property=\"og:locale\" content=\"ro_RO\" \/>\n<meta property=\"og:type\" content=\"article\" \/>\n<meta property=\"og:title\" content=\"Flexible Finance Solutions - Vanguard Healthcare Solutions\" \/>\n<meta property=\"og:url\" content=\"https:\/\/www.vanguardhealthcare.co.uk\/ro_ro\/flexible-finance-solutions\/\" \/>\n<meta property=\"og:site_name\" content=\"Vanguard Healthcare Solutions\" \/>\n<meta property=\"article:modified_time\" content=\"2025-04-01T11:52:39+00:00\" \/>\n<meta name=\"twitter:card\" content=\"summary_large_image\" \/>\n<meta name=\"twitter:label1\" content=\"Timp estimat pentru citire\" \/>\n\t<meta name=\"twitter:data1\" content=\"1 minut\" \/>\n<script type=\"application\/ld+json\" class=\"yoast-schema-graph\">{\"@context\":\"https:\\\/\\\/schema.org\",\"@graph\":[{\"@type\":\"WebPage\",\"@id\":\"https:\\\/\\\/www.vanguardhealthcare.co.uk\\\/flexible-finance-solutions\\\/\",\"url\":\"https:\\\/\\\/www.vanguardhealthcare.co.uk\\\/flexible-finance-solutions\\\/\",\"name\":\"Flexible Finance Solutions - Vanguard Healthcare Solutions\",\"isPartOf\":{\"@id\":\"https:\\\/\\\/www.vanguardhealthcare.co.uk\\\/#website\"},\"datePublished\":\"2025-03-06T16:20:47+00:00\",\"dateModified\":\"2025-04-01T11:52:39+00:00\",\"breadcrumb\":{\"@id\":\"https:\\\/\\\/www.vanguardhealthcare.co.uk\\\/flexible-finance-solutions\\\/#breadcrumb\"},\"inLanguage\":\"ro-RO\",\"potentialAction\":[{\"@type\":\"ReadAction\",\"target\":[\"https:\\\/\\\/www.vanguardhealthcare.co.uk\\\/flexible-finance-solutions\\\/\"]}]},{\"@type\":\"BreadcrumbList\",\"@id\":\"https:\\\/\\\/www.vanguardhealthcare.co.uk\\\/flexible-finance-solutions\\\/#breadcrumb\",\"itemListElement\":[{\"@type\":\"ListItem\",\"position\":1,\"name\":\"Home\",\"item\":\"https:\\\/\\\/www.vanguardhealthcare.co.uk\\\/\"},{\"@type\":\"ListItem\",\"position\":2,\"name\":\"Flexible Finance Solutions\"}]},{\"@type\":\"WebSite\",\"@id\":\"https:\\\/\\\/www.vanguardhealthcare.co.uk\\\/#website\",\"url\":\"https:\\\/\\\/www.vanguardhealthcare.co.uk\\\/\",\"name\":\"Vanguard Healthcare Solutions\",\"description\":\"\",\"potentialAction\":[{\"@type\":\"SearchAction\",\"target\":{\"@type\":\"EntryPoint\",\"urlTemplate\":\"https:\\\/\\\/www.vanguardhealthcare.co.uk\\\/?s={search_term_string}\"},\"query-input\":{\"@type\":\"PropertyValueSpecification\",\"valueRequired\":true,\"valueName\":\"search_term_string\"}}],\"inLanguage\":\"ro-RO\"}]}<\/script>\n<!-- \/ Yoast SEO plugin. -->","yoast_head_json":{"title":"Solu\u021bii financiare flexibile - Solu\u021bii medicale Vanguard","robots":{"index":"index","follow":"follow","max-snippet":"max-snippet:-1","max-image-preview":"max-image-preview:large","max-video-preview":"max-video-preview:-1"},"canonical":"https:\/\/www.vanguardhealthcare.co.uk\/ro_ro\/flexible-finance-solutions\/","og_locale":"ro_RO","og_type":"article","og_title":"Flexible Finance Solutions - Vanguard Healthcare Solutions","og_url":"https:\/\/www.vanguardhealthcare.co.uk\/ro_ro\/flexible-finance-solutions\/","og_site_name":"Vanguard Healthcare Solutions","article_modified_time":"2025-04-01T11:52:39+00:00","twitter_card":"summary_large_image","twitter_misc":{"Timp estimat pentru citire":"1 minut"},"schema":{"@context":"https:\/\/schema.org","@graph":[{"@type":"WebPage","@id":"https:\/\/www.vanguardhealthcare.co.uk\/flexible-finance-solutions\/","url":"https:\/\/www.vanguardhealthcare.co.uk\/flexible-finance-solutions\/","name":"Solu\u021bii financiare flexibile - Solu\u021bii medicale Vanguard","isPartOf":{"@id":"https:\/\/www.vanguardhealthcare.co.uk\/#website"},"datePublished":"2025-03-06T16:20:47+00:00","dateModified":"2025-04-01T11:52:39+00:00","breadcrumb":{"@id":"https:\/\/www.vanguardhealthcare.co.uk\/flexible-finance-solutions\/#breadcrumb"},"inLanguage":"ro-RO","potentialAction":[{"@type":"ReadAction","target":["https:\/\/www.vanguardhealthcare.co.uk\/flexible-finance-solutions\/"]}]},{"@type":"BreadcrumbList","@id":"https:\/\/www.vanguardhealthcare.co.uk\/flexible-finance-solutions\/#breadcrumb","itemListElement":[{"@type":"ListItem","position":1,"name":"Home","item":"https:\/\/www.vanguardhealthcare.co.uk\/"},{"@type":"ListItem","position":2,"name":"Flexible Finance Solutions"}]},{"@type":"WebSite","@id":"https:\/\/www.vanguardhealthcare.co.uk\/#website","url":"https:\/\/www.vanguardhealthcare.co.uk\/","name":"Vanguard Solu\u021bii de asisten\u021b\u0103 medical\u0103","description":"","potentialAction":[{"@type":"SearchAction","target":{"@type":"EntryPoint","urlTemplate":"https:\/\/www.vanguardhealthcare.co.uk\/?s={search_term_string}"},"query-input":{"@type":"PropertyValueSpecification","valueRequired":true,"valueName":"search_term_string"}}],"inLanguage":"ro-RO"}]}},"_links":{"self":[{"href":"https:\/\/www.vanguardhealthcare.co.uk\/ro_ro\/wp-json\/wp\/v2\/pages\/7861","targetHints":{"allow":["GET"]}}],"collection":[{"href":"https:\/\/www.vanguardhealthcare.co.uk\/ro_ro\/wp-json\/wp\/v2\/pages"}],"about":[{"href":"https:\/\/www.vanguardhealthcare.co.uk\/ro_ro\/wp-json\/wp\/v2\/types\/page"}],"author":[{"embeddable":true,"href":"https:\/\/www.vanguardhealthcare.co.uk\/ro_ro\/wp-json\/wp\/v2\/users\/11"}],"replies":[{"embeddable":true,"href":"https:\/\/www.vanguardhealthcare.co.uk\/ro_ro\/wp-json\/wp\/v2\/comments?post=7861"}],"version-history":[{"count":0,"href":"https:\/\/www.vanguardhealthcare.co.uk\/ro_ro\/wp-json\/wp\/v2\/pages\/7861\/revisions"}],"wp:attachment":[{"href":"https:\/\/www.vanguardhealthcare.co.uk\/ro_ro\/wp-json\/wp\/v2\/media?parent=7861"}],"curies":[{"name":"wp","href":"https:\/\/api.w.org\/{rel}","templated":true}]}}