{"id":7391,"date":"2024-07-01T16:49:46","date_gmt":"2024-07-01T16:49:46","guid":{"rendered":"https:\/\/www.vanguardhealthcare.co.uk\/?page_id=7391"},"modified":"2024-11-01T09:14:03","modified_gmt":"2024-11-01T09:14:03","slug":"advisory-board","status":"publish","type":"page","link":"https:\/\/www.vanguardhealthcare.co.uk\/ro_ro\/advisory-board\/","title":{"rendered":"Consiliu consultativ"},"content":{"rendered":"<section id=\"section-2-59\" class=\"ct-section\" style=\"background-image:url(https:\/\/www.vanguardhealthcare.co.uk\/wp-content\/uploads\/2023\/05\/boulders-right.png);background-size: auto;\" >\n<div class=\"ct-section-inner-wrap\">\n<div id=\"div_block-8-59\" class=\"ct-div-block\" ><a id=\"link_text-6-59\" class=\"ct-link-text\" href=\"\/ro_ro\/\" target=\"_self\"  >Acas\u0103<\/a><\/p>\n<h1 id=\"headline-3-59\" class=\"ct-headline\"><span id=\"span-4-59\" class=\"ct-span\" >Consiliu consultativ<\/span><\/h1>\n<\/div>\n<\/div>\n<\/section>\n<section id=\"section-319-315\" class=\"ct-section\" >\n<div class=\"ct-section-inner-wrap\">\n<div id=\"new_columns-320-315\" class=\"ct-new-columns\" >\n<div id=\"div_block-321-315\" class=\"ct-div-block\" >\n<h2 id=\"headline-322-315\" class=\"ct-headline\">Consiliul nostru consultativ atent selectat adaug\u0103 valoare serviciului nostru<\/h2>\n<div id=\"_rich_text-323-315\" class=\"oxy-rich-text\" >\n<p>Suntem m\u00e2ndri s\u0103 colabor\u0103m cu un consiliu consultativ distins compus din companii credibile \u0219i renumite din diverse industrii. Ace\u0219ti parteneri aduc informa\u021bii, expertiz\u0103 \u0219i \u00eendrum\u0103ri nepre\u021buite, permi\u021b\u00e2ndu-ne s\u0103 inov\u0103m continuu \u0219i s\u0103 men\u021binem cele mai \u00eenalte standarde.<\/p>\n<\/div>\n<\/div>\n<div id=\"div_block-324-315\" class=\"ct-div-block\" ><img decoding=\"async\"  id=\"image-325-315\" alt=\"\" src=\"https:\/\/www.vanguardhealthcare.co.uk\/wp-content\/uploads\/2024\/05\/Advisory-Board-1.png\" class=\"ct-image\"\/><\/div>\n<\/div>\n<\/div>\n<\/section>\n<div class=\"wp-block-vanguard-vanguard-listing-boxes-container\">\n<section class=\"ct-section vanguard-listing-boxes\">\n<div class=\"ct-section-inner-wrap\">\n<div class=\"\">\n<h3 class=\"vanguard-listing-boxes__heading\">Consiliu consultativ<\/h3>\n<div class=\"vanguard-listing-boxes__container\">\n              <!-- listing box --><\/p>\n<div class=\"wp-block-vanguard-vanguard-listing-boxes-box\">\n<div class=\"vanguard-listing-box\">\n<div class=\"vanguard-listing-box__image\">\n                    <img\n                      decoding=\"async\"\n                      src=\"https:\/\/www.vanguardhealthcare.co.uk\/wp-content\/uploads\/2024\/06\/BRE_logo_Indigo_100mm.jpg\"\n                    \/>\n                  <\/div>\n<div class=\"vanguard-listing-box__copy\">\n<h3 class=\"vanguard-listing-box__heading\">\n                      Institutul de Cercetare Britanic (BRE)<br \/>\n                    <\/h3>\n<h4 class=\"vanguard-listing-box__subeading\"><\/h4>\n<p>\n                      Lucreaz\u0103 \u00een parteneriat cu BRE pentru a asigura termic<br \/>\n                      modelarea se \u00eent\u00e2lne\u0219te\n                    <\/p>\n<p>\n                      <a\n                        href=\"https:\/\/www.vanguardhealthcare.co.uk\/ro_ro\/working-in-partnership-with-bre-to-ensure-thermal-modelling-meets-regulations\/\"\n                        class=\"vanguard-listing-box__button\"\n                        ><span class=\"vanguard-listing-box__button__text\"\n                          >Click aici<\/span><\/a>\n                    <\/p>\n<\/p><\/div>\n<\/p><\/div>\n<\/p><\/div>\n<p>              <!-- listing box --><\/p>\n<div class=\"wp-block-vanguard-vanguard-listing-boxes-box\">\n<div class=\"vanguard-listing-box\">\n<div class=\"vanguard-listing-box__image\">\n                    <img\n                      decoding=\"async\"\n                      src=\"https:\/\/www.vanguardhealthcare.co.uk\/wp-content\/uploads\/2024\/06\/TAB_col_white_background.png\"\n                    \/>\n                  <\/div>\n<div class=\"vanguard-listing-box__copy\">\n<h3 class=\"vanguard-listing-box__heading\">\n                      Universitatea din Manchester<br \/>\n                    <\/h3>\n<h4 class=\"vanguard-listing-box__subeading\"><\/h4>\n<p>\n                      Lucrul cu Universitatea din Manchester pentru a asigura<br \/>\n                      rezistenta structurala la foc specializata\n                    <\/p>\n<p>\n                      <a\n                        href=\"https:\/\/www.vanguardhealthcare.co.uk\/ro_ro\/working-with-the-university-of-manchester-to-ensure-specialist-structural-fire-resistance\/\"\n                        class=\"vanguard-listing-box__button\"\n                        ><span class=\"vanguard-listing-box__button__text\"\n                          >Click aici<\/span><\/a>\n                    <\/p>\n<\/p><\/div>\n<\/p><\/div>\n<\/p><\/div>\n<p>              <!-- listing box --><\/p>\n<div class=\"wp-block-vanguard-vanguard-listing-boxes-box\">\n<div class=\"vanguard-listing-box\">\n<div class=\"vanguard-listing-box__image\">\n                    <img\n                      decoding=\"async\"\n                      src=\"https:\/\/www.vanguardhealthcare.co.uk\/wp-content\/uploads\/2024\/06\/AVIE-Logo-RGB.svg\"\n                    \/>\n                  <\/div>\n<div class=\"vanguard-listing-box__copy\">\n<h3 class=\"vanguard-listing-box__heading\">\n                      Avie Consulting Ltd<br \/>\n                    <\/h3>\n<h4 class=\"vanguard-listing-box__subeading\"><\/h4>\n<p>\n                      Lucreaz\u0103 \u00een parteneriat cu Avie Consulting \u00een domeniul structural<br \/>\n                      conformitate cu inginerie \u0219i vibra\u021bii ale podelei\n                    <\/p>\n<p>\n                      <a\n                        href=\"https:\/\/www.vanguardhealthcare.co.uk\/ro_ro\/working-in-partnership-with-avie-consulting-on-structural-engineering-and-floor-vibration-compliance\/\"\n                        class=\"vanguard-listing-box__button\"\n                        ><span class=\"vanguard-listing-box__button__text\"\n                          >Click aici<\/span><\/a>\n                    <\/p>\n<\/p><\/div>\n<\/p><\/div>\n<\/p><\/div>\n<p>              <!-- listing box --><\/p>\n<div class=\"wp-block-vanguard-vanguard-listing-boxes-box\">\n<div class=\"vanguard-listing-box\">\n<div class=\"vanguard-listing-box__image\">\n                    <img\n                      decoding=\"async\"\n                      src=\"https:\/\/www.vanguardhealthcare.co.uk\/wp-content\/uploads\/2024\/11\/Sonnemann-Toon-logo.jpg\"\n                    \/>\n                  <\/div>\n<div class=\"vanguard-listing-box__copy\">\n<h3 class=\"vanguard-listing-box__heading\">\n                      Sonnemann toon<br \/>\n                    <\/h3>\n<h4 class=\"vanguard-listing-box__subeading\"><\/h4>\n<p>\n                        Fondat\u0103 \u00een 2002, Sonnemann Toon Architects \u0219i-a construit un portofoliu divers, care acoper\u0103 sectoarele medicale, comerciale \u0219i reziden\u021biale.\n                    <\/p>\n<p>\n                      <a\n                        href=\"https:\/\/www.vanguardhealthcare.co.uk\/ro_ro\/holistic-approach-to-collaboration-with-sonnemann-toon-architects\/\"\n                        class=\"vanguard-listing-box__button\"\n                        ><span class=\"vanguard-listing-box__button__text\"\n                          >Click aici<\/span><\/a>\n                    <\/p>\n<\/p><\/div>\n<\/p><\/div>\n<\/p><\/div>\n<p>              <!-- listing box --><\/p>\n<div class=\"wp-block-vanguard-vanguard-listing-boxes-box\">\n<div class=\"vanguard-listing-box\">\n<div class=\"vanguard-listing-box__image\">\n                    <img\n                      decoding=\"async\"\n                      src=\"https:\/\/www.vanguardhealthcare.co.uk\/wp-content\/uploads\/2024\/11\/small-SA_logo_2022.png\"\n                    \/>\n                  <\/div>\n<div class=\"vanguard-listing-box__copy\">\n<h3 class=\"vanguard-listing-box__heading\">\n                      Avantaj durabil<br \/>\n                    <\/h3>\n<h4 class=\"vanguard-listing-box__subeading\"><\/h4>\n<p>\n                        Sustainable Advantage are o pozi\u021bie unic\u0103 pentru a consilia companiile \u00een c\u0103l\u0103toria lor ESG, ajut\u00e2ndu-le s\u0103 adopte ESG pentru un avantaj strategic.\n                    <\/p>\n<p>\n                      <a\n                        href=\"https:\/\/www.vanguardhealthcare.co.uk\/ro_ro\/working-in-partnership-with-sustainable-advantage-on-enhancing-our-environmental-social-and-governance-profile\/\"\n                        class=\"vanguard-listing-box__button\"\n                        ><span class=\"vanguard-listing-box__button__text\"\n                          >Click aici<\/span><\/a>\n                    <\/p>\n<\/p><\/div>\n<\/p><\/div>\n<\/p><\/div>\n<\/p><\/div>\n<\/p><\/div>\n<\/p><\/div>\n<\/section><\/div>","protected":false},"excerpt":{"rendered":"<p>Advisory Board The British Research Establishment (BRE) Working in partnership with BRE to ensure thermal modelling meets Click Here University of Manchester Working with the University of Manchester to ensure specialist structural fire resistance Click Here Avie Consulting Ltd Working in partnership with Avie Consulting on structural engineering and floor vibration compliance Click Here Sonnemann [&hellip;]<\/p>\n","protected":false},"author":11,"featured_media":0,"parent":0,"menu_order":0,"comment_status":"closed","ping_status":"closed","template":"","meta":{"_acf_changed":false,"footnotes":""},"class_list":["post-7391","page","type-page","status-publish","format-standard","hentry"],"acf":[],"yoast_head":"<!-- This site is optimized with the Yoast SEO plugin v27.4 - https:\/\/yoast.com\/product\/yoast-seo-wordpress\/ -->\n<title>Advisory board - Vanguard Healthcare Solutions<\/title>\n<meta name=\"robots\" content=\"index, follow, max-snippet:-1, max-image-preview:large, max-video-preview:-1\" \/>\n<link rel=\"canonical\" href=\"https:\/\/www.vanguardhealthcare.co.uk\/ro_ro\/advisory-board\/\" \/>\n<meta property=\"og:locale\" content=\"ro_RO\" \/>\n<meta property=\"og:type\" content=\"article\" \/>\n<meta property=\"og:title\" content=\"Advisory board - Vanguard Healthcare Solutions\" \/>\n<meta property=\"og:description\" content=\"Advisory Board The British Research Establishment (BRE) Working in partnership with BRE to ensure thermal modelling meets Click Here University of Manchester Working with the University of Manchester to ensure specialist structural fire resistance Click Here Avie Consulting Ltd Working in partnership with Avie Consulting on structural engineering and floor vibration compliance Click Here Sonnemann [&hellip;]\" \/>\n<meta property=\"og:url\" content=\"https:\/\/www.vanguardhealthcare.co.uk\/ro_ro\/advisory-board\/\" \/>\n<meta property=\"og:site_name\" content=\"Vanguard Healthcare Solutions\" \/>\n<meta property=\"article:modified_time\" content=\"2024-11-01T09:14:03+00:00\" \/>\n<meta name=\"twitter:card\" content=\"summary_large_image\" \/>\n<meta name=\"twitter:label1\" content=\"Timp estimat pentru citire\" \/>\n\t<meta name=\"twitter:data1\" content=\"2 minute\" \/>\n<script type=\"application\/ld+json\" class=\"yoast-schema-graph\">{\"@context\":\"https:\\\/\\\/schema.org\",\"@graph\":[{\"@type\":\"WebPage\",\"@id\":\"https:\\\/\\\/www.vanguardhealthcare.co.uk\\\/advisory-board\\\/\",\"url\":\"https:\\\/\\\/www.vanguardhealthcare.co.uk\\\/advisory-board\\\/\",\"name\":\"Advisory board - Vanguard Healthcare Solutions\",\"isPartOf\":{\"@id\":\"https:\\\/\\\/www.vanguardhealthcare.co.uk\\\/#website\"},\"datePublished\":\"2024-07-01T16:49:46+00:00\",\"dateModified\":\"2024-11-01T09:14:03+00:00\",\"breadcrumb\":{\"@id\":\"https:\\\/\\\/www.vanguardhealthcare.co.uk\\\/advisory-board\\\/#breadcrumb\"},\"inLanguage\":\"ro-RO\",\"potentialAction\":[{\"@type\":\"ReadAction\",\"target\":[\"https:\\\/\\\/www.vanguardhealthcare.co.uk\\\/advisory-board\\\/\"]}]},{\"@type\":\"BreadcrumbList\",\"@id\":\"https:\\\/\\\/www.vanguardhealthcare.co.uk\\\/advisory-board\\\/#breadcrumb\",\"itemListElement\":[{\"@type\":\"ListItem\",\"position\":1,\"name\":\"Home\",\"item\":\"https:\\\/\\\/www.vanguardhealthcare.co.uk\\\/\"},{\"@type\":\"ListItem\",\"position\":2,\"name\":\"Advisory board\"}]},{\"@type\":\"WebSite\",\"@id\":\"https:\\\/\\\/www.vanguardhealthcare.co.uk\\\/#website\",\"url\":\"https:\\\/\\\/www.vanguardhealthcare.co.uk\\\/\",\"name\":\"Vanguard Healthcare Solutions\",\"description\":\"\",\"potentialAction\":[{\"@type\":\"SearchAction\",\"target\":{\"@type\":\"EntryPoint\",\"urlTemplate\":\"https:\\\/\\\/www.vanguardhealthcare.co.uk\\\/?s={search_term_string}\"},\"query-input\":{\"@type\":\"PropertyValueSpecification\",\"valueRequired\":true,\"valueName\":\"search_term_string\"}}],\"inLanguage\":\"ro-RO\"}]}<\/script>\n<!-- \/ Yoast SEO plugin. -->","yoast_head_json":{"title":"Consiliul consultativ - Vanguard Healthcare Solutions","robots":{"index":"index","follow":"follow","max-snippet":"max-snippet:-1","max-image-preview":"max-image-preview:large","max-video-preview":"max-video-preview:-1"},"canonical":"https:\/\/www.vanguardhealthcare.co.uk\/ro_ro\/advisory-board\/","og_locale":"ro_RO","og_type":"article","og_title":"Advisory board - Vanguard Healthcare Solutions","og_description":"Advisory Board The British Research Establishment (BRE) Working in partnership with BRE to ensure thermal modelling meets Click Here University of Manchester Working with the University of Manchester to ensure specialist structural fire resistance Click Here Avie Consulting Ltd Working in partnership with Avie Consulting on structural engineering and floor vibration compliance Click Here Sonnemann [&hellip;]","og_url":"https:\/\/www.vanguardhealthcare.co.uk\/ro_ro\/advisory-board\/","og_site_name":"Vanguard Healthcare Solutions","article_modified_time":"2024-11-01T09:14:03+00:00","twitter_card":"summary_large_image","twitter_misc":{"Timp estimat pentru citire":"2 minute"},"schema":{"@context":"https:\/\/schema.org","@graph":[{"@type":"WebPage","@id":"https:\/\/www.vanguardhealthcare.co.uk\/advisory-board\/","url":"https:\/\/www.vanguardhealthcare.co.uk\/advisory-board\/","name":"Consiliul consultativ - Vanguard Healthcare Solutions","isPartOf":{"@id":"https:\/\/www.vanguardhealthcare.co.uk\/#website"},"datePublished":"2024-07-01T16:49:46+00:00","dateModified":"2024-11-01T09:14:03+00:00","breadcrumb":{"@id":"https:\/\/www.vanguardhealthcare.co.uk\/advisory-board\/#breadcrumb"},"inLanguage":"ro-RO","potentialAction":[{"@type":"ReadAction","target":["https:\/\/www.vanguardhealthcare.co.uk\/advisory-board\/"]}]},{"@type":"BreadcrumbList","@id":"https:\/\/www.vanguardhealthcare.co.uk\/advisory-board\/#breadcrumb","itemListElement":[{"@type":"ListItem","position":1,"name":"Home","item":"https:\/\/www.vanguardhealthcare.co.uk\/"},{"@type":"ListItem","position":2,"name":"Advisory board"}]},{"@type":"WebSite","@id":"https:\/\/www.vanguardhealthcare.co.uk\/#website","url":"https:\/\/www.vanguardhealthcare.co.uk\/","name":"Vanguard Solu\u021bii de asisten\u021b\u0103 medical\u0103","description":"","potentialAction":[{"@type":"SearchAction","target":{"@type":"EntryPoint","urlTemplate":"https:\/\/www.vanguardhealthcare.co.uk\/?s={search_term_string}"},"query-input":{"@type":"PropertyValueSpecification","valueRequired":true,"valueName":"search_term_string"}}],"inLanguage":"ro-RO"}]}},"_links":{"self":[{"href":"https:\/\/www.vanguardhealthcare.co.uk\/ro_ro\/wp-json\/wp\/v2\/pages\/7391","targetHints":{"allow":["GET"]}}],"collection":[{"href":"https:\/\/www.vanguardhealthcare.co.uk\/ro_ro\/wp-json\/wp\/v2\/pages"}],"about":[{"href":"https:\/\/www.vanguardhealthcare.co.uk\/ro_ro\/wp-json\/wp\/v2\/types\/page"}],"author":[{"embeddable":true,"href":"https:\/\/www.vanguardhealthcare.co.uk\/ro_ro\/wp-json\/wp\/v2\/users\/11"}],"replies":[{"embeddable":true,"href":"https:\/\/www.vanguardhealthcare.co.uk\/ro_ro\/wp-json\/wp\/v2\/comments?post=7391"}],"version-history":[{"count":0,"href":"https:\/\/www.vanguardhealthcare.co.uk\/ro_ro\/wp-json\/wp\/v2\/pages\/7391\/revisions"}],"wp:attachment":[{"href":"https:\/\/www.vanguardhealthcare.co.uk\/ro_ro\/wp-json\/wp\/v2\/media?parent=7391"}],"curies":[{"name":"wp","href":"https:\/\/api.w.org\/{rel}","templated":true}]}}