{"id":7360,"date":"2024-04-15T12:20:25","date_gmt":"2024-04-15T12:20:25","guid":{"rendered":"https:\/\/www.vanguardhealthcare.co.uk\/?page_id=7360"},"modified":"2024-04-15T12:20:26","modified_gmt":"2024-04-15T12:20:26","slug":"nhs-evergreen-sustainable-supplier-assessment","status":"publish","type":"page","link":"https:\/\/www.vanguardhealthcare.co.uk\/ro_ro\/nhs-evergreen-sustainable-supplier-assessment\/","title":{"rendered":"Evaluarea furnizorilor durabili NHS Evergreen"},"content":{"rendered":"<h3 class=\"wp-block-heading\">Vanguard Healthcare Solutions finalizeaz\u0103 Evaluarea furnizorilor durabili Evergreen NHS<\/h3>\n<p>Vanguard Healthcare Solutions este \u00eenc\u00e2ntat\u0103 c\u0103 a finalizat Evaluarea furnizorilor durabili NHS Evergreen. Evaluarea este un instrument de autoevaluare \u0219i raportare \u0219i a dus la ob\u021binerea unui Nivel 1: Angajamentul public pentru zero carbon net \u0219i implicarea \u00een sustenabilitate.<\/p>\n<p>Informa\u021biile raportate prin Evergreen sprijin\u0103 Vanguard s\u0103 \u00een\u021beleag\u0103 alinierea sa cu priorit\u0103\u021bile de sustenabilitate NHS \u0219i s\u0103 identifice acele domenii \u00een care organiza\u021bia poate accelera progresul.<\/p>\n<p>Evaluarea Evergreen este una dintre mai multe ini\u021biative NHS concepute pentru a-\u0219i sus\u021bine obiectivele de sustenabilitate net zero \u0219i mai ample. Vanguard este \u00eenc\u00e2ntat s\u0103 sprijine NHS pentru a-\u0219i atinge ambi\u021biile net zero \u0219i sustenabilitate, inclusiv cele stabilite \u00een <a href=\"https:\/\/www.england.nhs.uk\/greenernhs\/get-involved\/suppliers\/\">NHS Net Zero<\/a> <a href=\"https:\/\/www.england.nhs.uk\/greenernhs\/get-involved\/suppliers\/\">Foaia de parcurs pentru furnizori<\/a>.<\/p>","protected":false},"excerpt":{"rendered":"<p>Vanguard Healthcare Solutions completes NHS Evergreen Sustainable Supplier Assessment Vanguard Healthcare Solutions is pleased to have completed the NHS Evergreen Sustainable Supplier Assessment. The Assessment is a self-assessment and reporting tool and resulted in us receiving a Level 1: Publicly committed to net zero carbon and engaged with sustainability. The information reported through Evergreen is [&hellip;]<\/p>\n","protected":false},"author":11,"featured_media":0,"parent":0,"menu_order":0,"comment_status":"closed","ping_status":"closed","template":"","meta":{"_acf_changed":false,"footnotes":""},"class_list":["post-7360","page","type-page","status-publish","format-standard","hentry"],"acf":[],"yoast_head":"<!-- This site is optimized with the Yoast SEO plugin v27.4 - https:\/\/yoast.com\/product\/yoast-seo-wordpress\/ -->\n<title>NHS Evergreen Sustainable Supplier Assessment - Vanguard Healthcare Solutions<\/title>\n<meta name=\"robots\" content=\"index, follow, max-snippet:-1, max-image-preview:large, max-video-preview:-1\" \/>\n<link rel=\"canonical\" href=\"https:\/\/www.vanguardhealthcare.co.uk\/ro_ro\/nhs-evergreen-sustainable-supplier-assessment\/\" \/>\n<meta property=\"og:locale\" content=\"ro_RO\" \/>\n<meta property=\"og:type\" content=\"article\" \/>\n<meta property=\"og:title\" content=\"NHS Evergreen Sustainable Supplier Assessment - Vanguard Healthcare Solutions\" \/>\n<meta property=\"og:description\" content=\"Vanguard Healthcare Solutions completes NHS Evergreen Sustainable Supplier Assessment Vanguard Healthcare Solutions is pleased to have completed the NHS Evergreen Sustainable Supplier Assessment. The Assessment is a self-assessment and reporting tool and resulted in us receiving a Level 1: Publicly committed to net zero carbon and engaged with sustainability. The information reported through Evergreen is [&hellip;]\" \/>\n<meta property=\"og:url\" content=\"https:\/\/www.vanguardhealthcare.co.uk\/ro_ro\/nhs-evergreen-sustainable-supplier-assessment\/\" \/>\n<meta property=\"og:site_name\" content=\"Vanguard Healthcare Solutions\" \/>\n<meta property=\"article:modified_time\" content=\"2024-04-15T12:20:26+00:00\" \/>\n<meta name=\"twitter:card\" content=\"summary_large_image\" \/>\n<meta name=\"twitter:label1\" content=\"Timp estimat pentru citire\" \/>\n\t<meta name=\"twitter:data1\" content=\"1 minut\" \/>\n<script type=\"application\/ld+json\" class=\"yoast-schema-graph\">{\"@context\":\"https:\\\/\\\/schema.org\",\"@graph\":[{\"@type\":\"WebPage\",\"@id\":\"https:\\\/\\\/www.vanguardhealthcare.co.uk\\\/nhs-evergreen-sustainable-supplier-assessment\\\/\",\"url\":\"https:\\\/\\\/www.vanguardhealthcare.co.uk\\\/nhs-evergreen-sustainable-supplier-assessment\\\/\",\"name\":\"NHS Evergreen Sustainable Supplier Assessment - Vanguard Healthcare Solutions\",\"isPartOf\":{\"@id\":\"https:\\\/\\\/www.vanguardhealthcare.co.uk\\\/#website\"},\"datePublished\":\"2024-04-15T12:20:25+00:00\",\"dateModified\":\"2024-04-15T12:20:26+00:00\",\"breadcrumb\":{\"@id\":\"https:\\\/\\\/www.vanguardhealthcare.co.uk\\\/nhs-evergreen-sustainable-supplier-assessment\\\/#breadcrumb\"},\"inLanguage\":\"ro-RO\",\"potentialAction\":[{\"@type\":\"ReadAction\",\"target\":[\"https:\\\/\\\/www.vanguardhealthcare.co.uk\\\/nhs-evergreen-sustainable-supplier-assessment\\\/\"]}]},{\"@type\":\"BreadcrumbList\",\"@id\":\"https:\\\/\\\/www.vanguardhealthcare.co.uk\\\/nhs-evergreen-sustainable-supplier-assessment\\\/#breadcrumb\",\"itemListElement\":[{\"@type\":\"ListItem\",\"position\":1,\"name\":\"Home\",\"item\":\"https:\\\/\\\/www.vanguardhealthcare.co.uk\\\/\"},{\"@type\":\"ListItem\",\"position\":2,\"name\":\"NHS Evergreen Sustainable Supplier Assessment\"}]},{\"@type\":\"WebSite\",\"@id\":\"https:\\\/\\\/www.vanguardhealthcare.co.uk\\\/#website\",\"url\":\"https:\\\/\\\/www.vanguardhealthcare.co.uk\\\/\",\"name\":\"Vanguard Healthcare Solutions\",\"description\":\"\",\"potentialAction\":[{\"@type\":\"SearchAction\",\"target\":{\"@type\":\"EntryPoint\",\"urlTemplate\":\"https:\\\/\\\/www.vanguardhealthcare.co.uk\\\/?s={search_term_string}\"},\"query-input\":{\"@type\":\"PropertyValueSpecification\",\"valueRequired\":true,\"valueName\":\"search_term_string\"}}],\"inLanguage\":\"ro-RO\"}]}<\/script>\n<!-- \/ Yoast SEO plugin. -->","yoast_head_json":{"title":"Evaluarea Furnizorilor Sustenabili NHS Evergreen - Solu\u021bii Vanguard pentru S\u0103n\u0103tate","robots":{"index":"index","follow":"follow","max-snippet":"max-snippet:-1","max-image-preview":"max-image-preview:large","max-video-preview":"max-video-preview:-1"},"canonical":"https:\/\/www.vanguardhealthcare.co.uk\/ro_ro\/nhs-evergreen-sustainable-supplier-assessment\/","og_locale":"ro_RO","og_type":"article","og_title":"NHS Evergreen Sustainable Supplier Assessment - Vanguard Healthcare Solutions","og_description":"Vanguard Healthcare Solutions completes NHS Evergreen Sustainable Supplier Assessment Vanguard Healthcare Solutions is pleased to have completed the NHS Evergreen Sustainable Supplier Assessment. The Assessment is a self-assessment and reporting tool and resulted in us receiving a Level 1: Publicly committed to net zero carbon and engaged with sustainability. The information reported through Evergreen is [&hellip;]","og_url":"https:\/\/www.vanguardhealthcare.co.uk\/ro_ro\/nhs-evergreen-sustainable-supplier-assessment\/","og_site_name":"Vanguard Healthcare Solutions","article_modified_time":"2024-04-15T12:20:26+00:00","twitter_card":"summary_large_image","twitter_misc":{"Timp estimat pentru citire":"1 minut"},"schema":{"@context":"https:\/\/schema.org","@graph":[{"@type":"WebPage","@id":"https:\/\/www.vanguardhealthcare.co.uk\/nhs-evergreen-sustainable-supplier-assessment\/","url":"https:\/\/www.vanguardhealthcare.co.uk\/nhs-evergreen-sustainable-supplier-assessment\/","name":"Evaluarea Furnizorilor Sustenabili NHS Evergreen - Solu\u021bii Vanguard pentru S\u0103n\u0103tate","isPartOf":{"@id":"https:\/\/www.vanguardhealthcare.co.uk\/#website"},"datePublished":"2024-04-15T12:20:25+00:00","dateModified":"2024-04-15T12:20:26+00:00","breadcrumb":{"@id":"https:\/\/www.vanguardhealthcare.co.uk\/nhs-evergreen-sustainable-supplier-assessment\/#breadcrumb"},"inLanguage":"ro-RO","potentialAction":[{"@type":"ReadAction","target":["https:\/\/www.vanguardhealthcare.co.uk\/nhs-evergreen-sustainable-supplier-assessment\/"]}]},{"@type":"BreadcrumbList","@id":"https:\/\/www.vanguardhealthcare.co.uk\/nhs-evergreen-sustainable-supplier-assessment\/#breadcrumb","itemListElement":[{"@type":"ListItem","position":1,"name":"Home","item":"https:\/\/www.vanguardhealthcare.co.uk\/"},{"@type":"ListItem","position":2,"name":"NHS Evergreen Sustainable Supplier Assessment"}]},{"@type":"WebSite","@id":"https:\/\/www.vanguardhealthcare.co.uk\/#website","url":"https:\/\/www.vanguardhealthcare.co.uk\/","name":"Vanguard Solu\u021bii de asisten\u021b\u0103 medical\u0103","description":"","potentialAction":[{"@type":"SearchAction","target":{"@type":"EntryPoint","urlTemplate":"https:\/\/www.vanguardhealthcare.co.uk\/?s={search_term_string}"},"query-input":{"@type":"PropertyValueSpecification","valueRequired":true,"valueName":"search_term_string"}}],"inLanguage":"ro-RO"}]}},"_links":{"self":[{"href":"https:\/\/www.vanguardhealthcare.co.uk\/ro_ro\/wp-json\/wp\/v2\/pages\/7360","targetHints":{"allow":["GET"]}}],"collection":[{"href":"https:\/\/www.vanguardhealthcare.co.uk\/ro_ro\/wp-json\/wp\/v2\/pages"}],"about":[{"href":"https:\/\/www.vanguardhealthcare.co.uk\/ro_ro\/wp-json\/wp\/v2\/types\/page"}],"author":[{"embeddable":true,"href":"https:\/\/www.vanguardhealthcare.co.uk\/ro_ro\/wp-json\/wp\/v2\/users\/11"}],"replies":[{"embeddable":true,"href":"https:\/\/www.vanguardhealthcare.co.uk\/ro_ro\/wp-json\/wp\/v2\/comments?post=7360"}],"version-history":[{"count":0,"href":"https:\/\/www.vanguardhealthcare.co.uk\/ro_ro\/wp-json\/wp\/v2\/pages\/7360\/revisions"}],"wp:attachment":[{"href":"https:\/\/www.vanguardhealthcare.co.uk\/ro_ro\/wp-json\/wp\/v2\/media?parent=7360"}],"curies":[{"name":"wp","href":"https:\/\/api.w.org\/{rel}","templated":true}]}}