{"id":689,"date":"2023-07-19T15:15:33","date_gmt":"2023-07-19T15:15:33","guid":{"rendered":"https:\/\/www.vanguardhealthcare.co.uk\/?page_id=689"},"modified":"2023-07-27T09:05:46","modified_gmt":"2023-07-27T09:05:46","slug":"who-we-help","status":"publish","type":"page","link":"https:\/\/www.vanguardhealthcare.co.uk\/ro_ro\/who-we-help\/","title":{"rendered":"Pe cine ajut\u0103m"},"content":{"rendered":"<section id=\"section-2-59\" class=\"ct-section\" style=\"background-image:url(https:\/\/www.vanguardhealthcare.co.uk\/wp-content\/uploads\/2023\/05\/boulders-right.png);background-size: auto;\" >\n<div class=\"ct-section-inner-wrap\">\n<div id=\"div_block-8-59\" class=\"ct-div-block\" ><a id=\"link_text-6-59\" class=\"ct-link-text\" href=\"\/ro_ro\/\" target=\"_self\"  >Acas\u0103<\/a><\/p>\n<h1 id=\"headline-3-59\" class=\"ct-headline\"><span id=\"span-4-59\" class=\"ct-span\" >Pe cine ajut\u0103m<\/span><\/h1>\n<\/div>\n<\/div>\n<\/section>\n<section id=\"section-68-14-text-left-white\" class=\"ct-section\" >\n<div class=\"ct-section-inner-wrap\">\n<div id=\"new_columns-69-14text-left-white\" class=\"ct-new-columns\" >\n<div id=\"div_block-70-14\" class=\"ct-div-block\" >\n<h2 id=\"headline-71-14\" class=\"ct-headline\">Pe cine ajut\u0103m<\/h2>\n<div id=\"_rich_text-72-14\" class=\"oxy-rich-text\" >\n<p><span id=\"docs-internal-guid-62174751-7fff-55eb-727a-200d52a9c2f8\">Atunci c\u00e2nd lucr\u0103m la un nou proiect cu un client, dorim s\u0103 ne asigur\u0103m c\u0103 procesul este c\u00e2t mai u\u0219or posibil pentru to\u021bi cei implica\u021bi. Iat\u0103 c\u00e2teva exemple despre cum putem sprijini diferite echipe de conducere \u00een cadrul spitalelor.<\/span><\/p>\n<\/div>\n<\/div>\n<div id=\"div_block-74-14\" class=\"ct-div-block\" ><img decoding=\"async\"  id=\"image-75-14\" alt=\"\" src=\"https:\/\/www.vanguardhealthcare.co.uk\/wp-content\/uploads\/2023\/07\/team-4.jpg\" class=\"ct-image\"\/><\/div>\n<\/div>\n<\/div>\n<\/section>\n<section id=\"section-88-34-blue\" class=\"ct-section\" >\n<div class=\"ct-section-inner-wrap\">\n<div id=\"new_columns-89-34-blue\" class=\"ct-new-columns\" >\n<div id=\"div_block-94-34\" class=\"ct-div-block\" ><img decoding=\"async\"  id=\"image-95-34\" alt=\"\" src=\"https:\/\/www.vanguardhealthcare.co.uk\/wp-content\/uploads\/2023\/07\/How-we-help-management-executives-image.jpg\" class=\"ct-image\"\/><\/div>\n<div id=\"div_block-90-34\" class=\"ct-div-block\" >\n<h2 id=\"headline-91-34\" class=\"ct-headline\">Cum \u00eei ajut\u0103m pe directorii de conducere<\/h2>\n<div id=\"_rich_text-92-34\" class=\"oxy-rich-text\" >\n<p dir=\"ltr\">Atunci c\u00e2nd dezvolta\u021bi cazul de afaceri pentru integrarea furniz\u0103rii de servicii suplimentare \u00een fluxul de lucru spitalicesc, este esen\u021bial s\u0103 pute\u021bi articula cu u\u0219urin\u021b\u0103 beneficiile \u0219i indicatorii cheie de performan\u021b\u0103. Poate fi important s\u0103 se demonstreze rentabilitatea investi\u021biei din proiect, \u00een special atunci c\u00e2nd sunt implicate costuri ini\u021biale semnificative. Experien\u021ba noastr\u0103 de dou\u0103 decenii ne pune \u00een pozi\u021bia perfect\u0103 pentru a ajuta.&nbsp;<\/p>\n<p dir=\"ltr\">Fiecare proiect are cerin\u021bele \u0219i provoc\u0103rile sale unice de dep\u0103\u0219it, dar c\u00e2teva exemple din implement\u0103ri de succes includ:<\/p>\n<ul>\n<li dir=\"ltr\" aria-level=\"1\">\n<p dir=\"ltr\" role=\"presentation\">Cre\u0219terea veniturilor pentru efectuarea de proceduri suplimentare<\/p>\n<\/li>\n<li dir=\"ltr\" aria-level=\"1\">\n<p dir=\"ltr\" role=\"presentation\">Testarea cazului pentru noi dezvolt\u0103ri de servicii<\/p>\n<\/li>\n<li dir=\"ltr\" aria-level=\"1\">\n<p dir=\"ltr\" role=\"presentation\">Evitarea pierderii veniturilor \u00een timpul opririi instala\u021biei<\/p>\n<\/li>\n<li dir=\"ltr\" aria-level=\"1\">\n<p dir=\"ltr\" role=\"presentation\">Evitarea penalit\u0103\u021bilor de \u00eenc\u0103lcare a contractului \u0219i a altor m\u0103suri de performan\u021b\u0103<\/p>\n<\/li>\n<li dir=\"ltr\" aria-level=\"1\">\n<p dir=\"ltr\" role=\"presentation\">Reducerea timpului de c\u0103l\u0103torie pentru clinicieni \u00eentre loca\u021bii<\/p>\n<\/li>\n<li dir=\"ltr\" aria-level=\"1\">\n<p dir=\"ltr\" role=\"presentation\">\u00cembun\u0103t\u0103\u021birea rezultatelor pacientului<\/p>\n<\/li>\n<li dir=\"ltr\" aria-level=\"1\">\n<p dir=\"ltr\" role=\"presentation\">Evitarea perturb\u0103rii tiparelor de lucru ale personalului<\/p>\n<\/li>\n<li dir=\"ltr\" aria-level=\"1\">\n<p dir=\"ltr\" role=\"presentation\">Eliminarea timpului de nefunc\u021bionare a serviciului<\/p>\n<\/li>\n<li dir=\"ltr\" aria-level=\"1\">\n<p dir=\"ltr\" role=\"presentation\">Dep\u0103\u0219irea e\u0219ecului catastrofal<\/p>\n<\/li>\n<li dir=\"ltr\" aria-level=\"1\">\n<p dir=\"ltr\" role=\"presentation\">Reducerea intervalelor de timp ale proiectelor.<\/p>\n<\/li>\n<\/ul>\n<p dir=\"ltr\">Echipa noastr\u0103 dedicat\u0103 va fi disponibil\u0103 s\u0103 v\u0103 ajute la fiecare pas al procesului \u0219i nu este treptat\u0103 prin adaptarea varia\u021biilor \u00een cazul \u00een care proiectul trebuie s\u0103 ia o direc\u021bie diferit\u0103.<\/p>\n<\/div>\n<\/div>\n<\/div>\n<\/div>\n<\/section>\n<section id=\"section-68-14-text-left-white\" class=\"ct-section\" >\n<div class=\"ct-section-inner-wrap\">\n<div id=\"new_columns-69-14text-left-white\" class=\"ct-new-columns\" >\n<div id=\"div_block-70-14\" class=\"ct-div-block\" >\n<h2 id=\"headline-71-14\" class=\"ct-headline\">Cum ajut\u0103m clinicienii<\/h2>\n<div id=\"_rich_text-72-14\" class=\"oxy-rich-text\" >\n<p dir=\"ltr\">Suntem responsabili pentru livrarea unor medii clinice de \u00eenalt\u0103 calitate, sigure \u0219i conforme \u00een mai multe specialit\u0103\u021bi de mai bine de dou\u0103 decenii, astfel \u00eenc\u00e2t sunte\u021bi pe m\u00e2ini sigure.&nbsp;<\/p>\n<p dir=\"ltr\"><strong>Gama noastr\u0103 de facilit\u0103\u021bi clinice include:&nbsp;<\/strong><\/p>\n<ul>\n<li dir=\"ltr\" aria-level=\"1\">\n<p dir=\"ltr\" role=\"presentation\">S\u0103li de opera\u021bie standard<\/p>\n<\/li>\n<li dir=\"ltr\" aria-level=\"1\">\n<p dir=\"ltr\" role=\"presentation\">S\u0103li de opera\u021bie cu flux laminar<\/p>\n<\/li>\n<li dir=\"ltr\" aria-level=\"1\">\n<p dir=\"ltr\" role=\"presentation\">S\u0103li de opera\u021bie ultra-curate<\/p>\n<\/li>\n<li dir=\"ltr\" aria-level=\"1\">\n<p dir=\"ltr\" role=\"presentation\">S\u0103li de opera\u021bie hibride<\/p>\n<\/li>\n<li dir=\"ltr\" aria-level=\"1\">\n<p dir=\"ltr\" role=\"presentation\">Facilit\u0103\u021bi pentru caz de zi<\/p>\n<\/li>\n<li dir=\"ltr\" aria-level=\"1\">\n<p dir=\"ltr\" role=\"presentation\">Sala de endoscopie<\/p>\n<\/li>\n<li dir=\"ltr\" aria-level=\"1\">\n<p dir=\"ltr\" role=\"presentation\">Facilit\u0103\u021bi de decontaminare a endoscopului<\/p>\n<\/li>\n<li dir=\"ltr\" aria-level=\"1\">\n<p dir=\"ltr\" role=\"presentation\">Compartimente servicii centrale de sterilizare<\/p>\n<\/li>\n<li dir=\"ltr\" aria-level=\"1\">\n<p dir=\"ltr\" role=\"presentation\">Ambulatorii<\/p>\n<\/li>\n<li dir=\"ltr\" aria-level=\"1\">\n<p dir=\"ltr\" role=\"presentation\">sec\u021bii de spital<\/p>\n<\/li>\n<li dir=\"ltr\" aria-level=\"1\">\n<p dir=\"ltr\" role=\"presentation\">Vizitarea spitalelor<\/p>\n<\/li>\n<li dir=\"ltr\" aria-level=\"1\">\n<p dir=\"ltr\" role=\"presentation\">Centre de diagnostic comunitar.<\/p>\n<\/li>\n<\/ul>\n<p dir=\"ltr\">Unul dintre avantajele unice ale lucrului cu noi este c\u0103 putem oferi supraveghere clinic\u0103 \u0219i prezentare general\u0103 fiec\u0103rui contract pe care \u00eel livr\u0103m, de la concep\u021bie p\u00e2n\u0103 la finalizare. Fiecare contract este condus de un manager de servicii clinice (CSM), care este un lider clinic cu experien\u021b\u0103, cu \u00eenregistrare clinic\u0103 curent\u0103 (NMC sau HCPC) \u0219i cuno\u0219tin\u021be extinse despre facilit\u0103\u021bile noastre, at\u00e2t mobile, c\u00e2t \u0219i modulare.<\/p>\n<p dir=\"ltr\">\u00cen plus, dac\u0103 personalul clinic este o provocare pentru dumneavoastr\u0103, avem o echip\u0103 de clinicieni, angaja\u021bi de noi, care v\u0103 pot sprijini cerin\u021bele contractuale. Avem practicieni din domeniul s\u0103n\u0103t\u0103\u021bii care nu numai c\u0103 ofer\u0103 un serviciu clinic excelent pentru clien\u021bii no\u0219tri \u0219i pacien\u021bii acestora, dar au \u0219i cuno\u0219tin\u021be practice solide despre ceea ce este nevoie pentru a lucra \u00eentr-o unitate temporar\u0103.&nbsp;<\/p>\n<p dir=\"ltr\"><strong>Putem oferi clinicieni \u00een urm\u0103toarele domenii:<\/strong><\/p>\n<ul>\n<li dir=\"ltr\" aria-level=\"1\">\n<p dir=\"ltr\" role=\"presentation\">Practican\u021bi de teatru (\u00eenregistra\u021bi NMC\/HCPC)<\/p>\n<\/li>\n<li dir=\"ltr\" aria-level=\"1\">\n<p dir=\"ltr\" role=\"presentation\">Practicieni \u00een endoscopie (\u00eenregistra\u021bi NMC\/HCPC)<\/p>\n<\/li>\n<li dir=\"ltr\" aria-level=\"1\">\n<p dir=\"ltr\" role=\"presentation\">Practicieni departamentului de opera\u021bii (ODP) cu experien\u021b\u0103 \u00een proceduri diagnostice \u0219i terapeutice<\/p>\n<\/li>\n<li dir=\"ltr\" aria-level=\"1\">\n<p dir=\"ltr\" role=\"presentation\">Practicieni \u00een decontaminare<\/p>\n<\/li>\n<li dir=\"ltr\" aria-level=\"1\">\n<p dir=\"ltr\" role=\"presentation\">Practicieni principali (\u00eenregistra\u021bi NMC\/HCPC)&nbsp;<\/p>\n<\/li>\n<li dir=\"ltr\" aria-level=\"1\">\n<p dir=\"ltr\" role=\"presentation\">Facilitator de unitate.<\/p>\n<\/li>\n<\/ul>\n<\/div>\n<\/div>\n<div id=\"div_block-74-14\" class=\"ct-div-block\" ><img decoding=\"async\"  id=\"image-75-14\" alt=\"\" src=\"https:\/\/www.vanguardhealthcare.co.uk\/wp-content\/uploads\/2023\/07\/clinical-team-celebration1.jpg\" class=\"ct-image\"\/><\/div>\n<\/div>\n<\/div>\n<\/section>\n<section id=\"section-144-59\" class=\"ct-section\" >\n<div class=\"ct-section-inner-wrap\">\n<div id=\"new_columns-145-59\" class=\"ct-new-columns\" >\n<div id=\"div_block-146-59\" class=\"ct-div-block\" >\n<div id=\"_rich_text-9-63\" class=\"oxy-rich-text\" >\n<p>G\u0103sirea unei solu\u021bii care func\u021bioneaz\u0103 pentru spitalul dvs. ar putea \u00eencepe aici...<\/p>\n<\/div>\n<p><a id=\"link_button-149-59\" class=\"ct-link-button\" href=\"\/ro_ro\/contact\/\" target=\"_self\"  >Intra\u021bi \u00een leg\u0103tur\u0103<\/a><\/div>\n<div id=\"div_block-150-59\" class=\"ct-div-block\" ><img decoding=\"async\"  id=\"image-151-59\" alt=\"\" src=\"https:\/\/www.vanguardhealthcare.co.uk\/wp-content\/uploads\/2023\/06\/kettering-2-1.jpg\" class=\"ct-image\"\/><\/div>\n<\/div>\n<\/div>\n<\/section>","protected":false},"excerpt":{"rendered":"","protected":false},"author":2,"featured_media":0,"parent":0,"menu_order":0,"comment_status":"closed","ping_status":"closed","template":"","meta":{"_acf_changed":false,"footnotes":""},"class_list":["post-689","page","type-page","status-publish","format-standard","hentry"],"acf":[],"yoast_head":"<!-- This site is optimized with the Yoast SEO plugin v27.4 - https:\/\/yoast.com\/product\/yoast-seo-wordpress\/ -->\n<title>Who we help - Vanguard Healthcare Solutions<\/title>\n<meta name=\"robots\" content=\"index, follow, max-snippet:-1, max-image-preview:large, max-video-preview:-1\" \/>\n<link rel=\"canonical\" href=\"https:\/\/www.vanguardhealthcare.co.uk\/ro_ro\/who-we-help\/\" \/>\n<meta property=\"og:locale\" content=\"ro_RO\" \/>\n<meta property=\"og:type\" content=\"article\" \/>\n<meta property=\"og:title\" content=\"Who we help - Vanguard Healthcare Solutions\" \/>\n<meta property=\"og:url\" content=\"https:\/\/www.vanguardhealthcare.co.uk\/ro_ro\/who-we-help\/\" \/>\n<meta property=\"og:site_name\" content=\"Vanguard Healthcare Solutions\" \/>\n<meta property=\"article:modified_time\" content=\"2023-07-27T09:05:46+00:00\" \/>\n<meta name=\"twitter:card\" content=\"summary_large_image\" \/>\n<script type=\"application\/ld+json\" class=\"yoast-schema-graph\">{\"@context\":\"https:\\\/\\\/schema.org\",\"@graph\":[{\"@type\":\"WebPage\",\"@id\":\"https:\\\/\\\/www.vanguardhealthcare.co.uk\\\/who-we-help\\\/\",\"url\":\"https:\\\/\\\/www.vanguardhealthcare.co.uk\\\/who-we-help\\\/\",\"name\":\"Who we help - Vanguard Healthcare Solutions\",\"isPartOf\":{\"@id\":\"https:\\\/\\\/www.vanguardhealthcare.co.uk\\\/#website\"},\"datePublished\":\"2023-07-19T15:15:33+00:00\",\"dateModified\":\"2023-07-27T09:05:46+00:00\",\"breadcrumb\":{\"@id\":\"https:\\\/\\\/www.vanguardhealthcare.co.uk\\\/who-we-help\\\/#breadcrumb\"},\"inLanguage\":\"ro-RO\",\"potentialAction\":[{\"@type\":\"ReadAction\",\"target\":[\"https:\\\/\\\/www.vanguardhealthcare.co.uk\\\/who-we-help\\\/\"]}]},{\"@type\":\"BreadcrumbList\",\"@id\":\"https:\\\/\\\/www.vanguardhealthcare.co.uk\\\/who-we-help\\\/#breadcrumb\",\"itemListElement\":[{\"@type\":\"ListItem\",\"position\":1,\"name\":\"Home\",\"item\":\"https:\\\/\\\/www.vanguardhealthcare.co.uk\\\/\"},{\"@type\":\"ListItem\",\"position\":2,\"name\":\"Who we help\"}]},{\"@type\":\"WebSite\",\"@id\":\"https:\\\/\\\/www.vanguardhealthcare.co.uk\\\/#website\",\"url\":\"https:\\\/\\\/www.vanguardhealthcare.co.uk\\\/\",\"name\":\"Vanguard Healthcare Solutions\",\"description\":\"\",\"potentialAction\":[{\"@type\":\"SearchAction\",\"target\":{\"@type\":\"EntryPoint\",\"urlTemplate\":\"https:\\\/\\\/www.vanguardhealthcare.co.uk\\\/?s={search_term_string}\"},\"query-input\":{\"@type\":\"PropertyValueSpecification\",\"valueRequired\":true,\"valueName\":\"search_term_string\"}}],\"inLanguage\":\"ro-RO\"}]}<\/script>\n<!-- \/ Yoast SEO plugin. -->","yoast_head_json":{"title":"Pe cine ajut\u0103m - Vanguard Healthcare Solutions","robots":{"index":"index","follow":"follow","max-snippet":"max-snippet:-1","max-image-preview":"max-image-preview:large","max-video-preview":"max-video-preview:-1"},"canonical":"https:\/\/www.vanguardhealthcare.co.uk\/ro_ro\/who-we-help\/","og_locale":"ro_RO","og_type":"article","og_title":"Who we help - Vanguard Healthcare Solutions","og_url":"https:\/\/www.vanguardhealthcare.co.uk\/ro_ro\/who-we-help\/","og_site_name":"Vanguard Healthcare Solutions","article_modified_time":"2023-07-27T09:05:46+00:00","twitter_card":"summary_large_image","schema":{"@context":"https:\/\/schema.org","@graph":[{"@type":"WebPage","@id":"https:\/\/www.vanguardhealthcare.co.uk\/who-we-help\/","url":"https:\/\/www.vanguardhealthcare.co.uk\/who-we-help\/","name":"Pe cine ajut\u0103m - Vanguard Healthcare Solutions","isPartOf":{"@id":"https:\/\/www.vanguardhealthcare.co.uk\/#website"},"datePublished":"2023-07-19T15:15:33+00:00","dateModified":"2023-07-27T09:05:46+00:00","breadcrumb":{"@id":"https:\/\/www.vanguardhealthcare.co.uk\/who-we-help\/#breadcrumb"},"inLanguage":"ro-RO","potentialAction":[{"@type":"ReadAction","target":["https:\/\/www.vanguardhealthcare.co.uk\/who-we-help\/"]}]},{"@type":"BreadcrumbList","@id":"https:\/\/www.vanguardhealthcare.co.uk\/who-we-help\/#breadcrumb","itemListElement":[{"@type":"ListItem","position":1,"name":"Home","item":"https:\/\/www.vanguardhealthcare.co.uk\/"},{"@type":"ListItem","position":2,"name":"Who we help"}]},{"@type":"WebSite","@id":"https:\/\/www.vanguardhealthcare.co.uk\/#website","url":"https:\/\/www.vanguardhealthcare.co.uk\/","name":"Vanguard Solu\u021bii de asisten\u021b\u0103 medical\u0103","description":"","potentialAction":[{"@type":"SearchAction","target":{"@type":"EntryPoint","urlTemplate":"https:\/\/www.vanguardhealthcare.co.uk\/?s={search_term_string}"},"query-input":{"@type":"PropertyValueSpecification","valueRequired":true,"valueName":"search_term_string"}}],"inLanguage":"ro-RO"}]}},"_links":{"self":[{"href":"https:\/\/www.vanguardhealthcare.co.uk\/ro_ro\/wp-json\/wp\/v2\/pages\/689","targetHints":{"allow":["GET"]}}],"collection":[{"href":"https:\/\/www.vanguardhealthcare.co.uk\/ro_ro\/wp-json\/wp\/v2\/pages"}],"about":[{"href":"https:\/\/www.vanguardhealthcare.co.uk\/ro_ro\/wp-json\/wp\/v2\/types\/page"}],"author":[{"embeddable":true,"href":"https:\/\/www.vanguardhealthcare.co.uk\/ro_ro\/wp-json\/wp\/v2\/users\/2"}],"replies":[{"embeddable":true,"href":"https:\/\/www.vanguardhealthcare.co.uk\/ro_ro\/wp-json\/wp\/v2\/comments?post=689"}],"version-history":[{"count":0,"href":"https:\/\/www.vanguardhealthcare.co.uk\/ro_ro\/wp-json\/wp\/v2\/pages\/689\/revisions"}],"wp:attachment":[{"href":"https:\/\/www.vanguardhealthcare.co.uk\/ro_ro\/wp-json\/wp\/v2\/media?parent=689"}],"curies":[{"name":"wp","href":"https:\/\/api.w.org\/{rel}","templated":true}]}}