{"id":455,"date":"2023-07-03T14:28:23","date_gmt":"2023-07-03T14:28:23","guid":{"rendered":"https:\/\/www.vanguardhealthcare.co.uk\/?page_id=455"},"modified":"2023-09-07T08:50:18","modified_gmt":"2023-09-07T08:50:18","slug":"procurement","status":"publish","type":"page","link":"https:\/\/www.vanguardhealthcare.co.uk\/ro_ro\/procurement\/","title":{"rendered":"Achizi\u021bii"},"content":{"rendered":"<section id=\"section-2-59\" class=\"ct-section\" style=\"background-image:url(https:\/\/www.vanguardhealthcare.co.uk\/wp-content\/uploads\/2023\/05\/boulders-right.png);background-size: auto;\" >\n<div class=\"ct-section-inner-wrap\">\n<div id=\"div_block-8-59\" class=\"ct-div-block\" ><a id=\"link_text-6-59\" class=\"ct-link-text\" href=\"\/ro_ro\/\" target=\"_self\"  >Acas\u0103<\/a><\/p>\n<h1 id=\"headline-3-59\" class=\"ct-headline\"><span id=\"span-4-59\" class=\"ct-span\" >Achizi\u021bii<\/span><\/h1>\n<\/div>\n<\/div>\n<\/section>\n<section id=\"section-68-14-text-left-white\" class=\"ct-section\" >\n<div class=\"ct-section-inner-wrap\">\n<div id=\"new_columns-69-14text-left-white\" class=\"ct-new-columns\" >\n<div id=\"div_block-70-14\" class=\"ct-div-block\" >\n<h2 id=\"headline-71-14\" class=\"ct-headline\">Planuri de achizi\u021bii adaptate nevoilor dumneavoastr\u0103<\/h2>\n<div id=\"_rich_text-72-14\" class=\"oxy-rich-text\" >\n<p>Suntem speciali\u0219ti \u00een a oferi solu\u021bii unit\u0103\u021bilor de \u00eengrijire medical\u0103 care sunt sus\u021binute de serviciile noastre clinice. Acestea pot fi standardizate sau personalizate, \u00eenchiriate sau cump\u0103rate, \u00een func\u021bie de cerin\u021bele dumneavoastr\u0103.&nbsp;<\/p>\n<p>Oferim o gam\u0103 larg\u0103 de op\u021biuni de contractare \u0219i putem lucra conform priorit\u0103\u021bilor dvs. de capital sau cheltuieli opera\u021bionale. Spa\u021biile noastre de asisten\u021b\u0103 medical\u0103 sunt disponibile \u00een mai multe cadre diferite pentru simplitate \u0219i comoditate.&nbsp;<a href=\"..\/our-team\/\">Echipa noastr\u0103<\/a>&nbsp;v\u0103 va ghida prin op\u021biuni \u0219i v\u0103 va ghida la fiecare pas.&nbsp;<\/p>\n<\/div>\n<\/div>\n<div id=\"div_block-74-14\" class=\"ct-div-block\" ><img decoding=\"async\"  id=\"image-75-14\" alt=\"\" src=\"https:\/\/www.vanguardhealthcare.co.uk\/wp-content\/uploads\/2023\/05\/Staffed-operating-theatre1.jpg\" class=\"ct-image\"\/><\/div>\n<\/div>\n<\/div>\n<\/section>\n<section id=\"section-88-34-blue\" class=\"ct-section\" >\n<div class=\"ct-section-inner-wrap\">\n<div id=\"new_columns-89-34-blue\" class=\"ct-new-columns\" >\n<div id=\"div_block-94-34\" class=\"ct-div-block\" ><img decoding=\"async\"  id=\"image-95-34\" alt=\"\" src=\"https:\/\/www.vanguardhealthcare.co.uk\/wp-content\/uploads\/2023\/05\/Staffed-operating-theatre1.jpg\" class=\"ct-image\"\/><\/div>\n<div id=\"div_block-90-34\" class=\"ct-div-block\" >\n<h2 id=\"headline-91-34\" class=\"ct-headline\">Valoare de mediu, valoare social\u0103 \u0219i guvernan\u021b\u0103 (ESG)<\/h2>\n<div id=\"_rich_text-92-34\" class=\"oxy-rich-text\" >\n<p dir=\"ltr\">Ne lu\u0103m \u00een serios responsabilit\u0103\u021bile etice, de durabilitate \u0219i sociale, integr\u0103m \u0219i aplic\u0103m \u00een mod consecvent valorile noastre sociale corporative \u00een opera\u021biunile noastre comerciale. \u00cen calitate de companie interna\u021bional\u0103, acord\u0103m prioritate g\u0103sirii de modalit\u0103\u021bi de reducere a milelor rutiere \u0219i a c\u0103l\u0103toriilor interna\u021bionale ori de c\u00e2te ori este posibil. \u00cen situa\u021biile \u00een care acest lucru nu este realizabil, compens\u0103m impactul asupra mediului al c\u0103l\u0103toriei noastre.<\/p>\n<p dir=\"ltr\">\u00cen calitate de furnizor cheie al NHS \u0219i al altor furnizori independen\u021bi, avem responsabilit\u0103\u021bi care trebuie s\u0103 se reflecte \u00een opera\u021biunile noastre \u0219i \u00een lan\u021bul nostru de aprovizionare. Dorim s\u0103 vedem aceste valori etice demonstrate de furnizorii no\u0219tri, care sunt esen\u021biali pentru modul \u00een care oper\u0103m, urm\u00e2nd \u00een viitor furnizorii no\u0219tri cheie care au standarde ISO 14001 \u0219i 45001 sau alte acredit\u0103ri profesionale relevante.&nbsp;&nbsp;<\/p>\n<p dir=\"ltr\">Ne a\u0219tept\u0103m ca to\u021bi furnizorii no\u0219tri s\u0103 respecte legile, reglement\u0103rile \u0219i standardele de mediu aplicabile. Dac\u0103 nu o fac deja, le solicit\u0103m s\u0103 creeze sisteme \u0219i controale pentru a identifica \u0219i elimina poten\u021biale pericole pentru <a href=\"..\/environment\/\">mediu inconjurator<\/a>, care sunt propor\u021bionale cu riscul.<\/p>\n<p>&nbsp;<\/p>\n<\/div>\n<\/div>\n<\/div>\n<\/div>\n<\/section>\n<section id=\"section-68-14-text-left-white\" class=\"ct-section\" >\n<div class=\"ct-section-inner-wrap\">\n<div id=\"new_columns-69-14text-left-white\" class=\"ct-new-columns\" >\n<div id=\"div_block-70-14\" class=\"ct-div-block\" >\n<h2 id=\"headline-71-14\" class=\"ct-headline\">Lan\u021bul nostru de aprovizionare<\/h2>\n<div id=\"_rich_text-72-14\" class=\"oxy-rich-text\" >\n<p dir=\"ltr\">Lan\u021bul nostru de aprovizionare se \u00eentinde \u00een Marea Britanie, Europa sau Australia. \u00cen contractele \u0219i rela\u021biile noastre comerciale suntem clari cu privire la standardele de operare ale furnizorilor no\u0219tri.&nbsp;&nbsp;<\/p>\n<p dir=\"ltr\">\u00cencorpor\u0103m valorile noastre ESG \u00een opera\u021biunile noastre, \u00een oamenii no\u0219tri \u0219i \u00een lan\u021bul nostru de aprovizionare. Ne sprijinim lan\u021bul de aprovizionare acolo unde este nevoie s\u0103 ne adapt\u0103m pentru a ne atinge&nbsp;<a href=\"..\/environment\/\">Obiective ESG<\/a>.&nbsp;<\/p>\n<p dir=\"ltr\">Strategia noastr\u0103 ESG este sus\u021binut\u0103 de:<\/p>\n<ul>\n<li dir=\"ltr\" aria-level=\"1\">\n<p dir=\"ltr\" role=\"presentation\">Responsabilit\u0103\u021bi ca furnizor cheie al NHS<\/p>\n<\/li>\n<li dir=\"ltr\" aria-level=\"1\">\n<p dir=\"ltr\" role=\"presentation\">Obiective comune, a\u0219a cum sunt definite \u00een Planul verde NHS<\/p>\n<\/li>\n<li dir=\"ltr\" aria-level=\"1\">\n<p dir=\"ltr\" role=\"presentation\">Dorin\u021ba de a func\u021biona \u00een mod etic \u0219i responsabil<\/p>\n<\/li>\n<li dir=\"ltr\" aria-level=\"1\">\n<p dir=\"ltr\" role=\"presentation\">Preg\u0103tirea pentru reglementarea ESG<\/p>\n<\/li>\n<li dir=\"ltr\" aria-level=\"1\">\n<p dir=\"ltr\" role=\"presentation\">Capacitatea de a demonstra angajamentul nostru fa\u021b\u0103 de opera\u021biunile ESG \u0219i etice investitorilor (actuali \u0219i viitori)<\/p>\n<\/li>\n<\/ul>\n<\/div>\n<\/div>\n<div id=\"div_block-74-14\" class=\"ct-div-block\" ><img decoding=\"async\"  id=\"image-75-14\" alt=\"\" src=\"https:\/\/www.vanguardhealthcare.co.uk\/wp-content\/uploads\/2023\/05\/Mobile-operating-theatre-delivery_vanguard.jpg\" class=\"ct-image\"\/><\/div>\n<\/div>\n<\/div>\n<\/section>\n<section id=\"section-88-34-blue\" class=\"ct-section\" >\n<div class=\"ct-section-inner-wrap\">\n<div id=\"new_columns-89-34-blue\" class=\"ct-new-columns\" >\n<div id=\"div_block-94-34\" class=\"ct-div-block\" ><img decoding=\"async\"  id=\"image-95-34\" alt=\"\" src=\"https:\/\/www.vanguardhealthcare.co.uk\/wp-content\/uploads\/2023\/05\/Staffed-operating-theatre1.jpg\" class=\"ct-image\"\/><\/div>\n<div id=\"div_block-90-34\" class=\"ct-div-block\" >\n<h2 id=\"headline-91-34\" class=\"ct-headline\">Ne evalu\u0103m furnizorii \u00een func\u021bie de risc \u0219i de maturitatea acestora<\/h2>\n<div id=\"_rich_text-92-34\" class=\"oxy-rich-text\" >\n<p dir=\"ltr\">Consider\u0103m furnizorii no\u0219tri:<\/p>\n<ul>\n<li dir=\"ltr\" aria-level=\"1\">\n<p dir=\"ltr\" role=\"presentation\"><a href=\"..\/environment\/\">Responsabilitatea social\u0103 a \u00eentreprinderilor<\/a>&nbsp;(CSR)<\/p>\n<\/li>\n<li dir=\"ltr\" aria-level=\"1\">\n<p dir=\"ltr\" role=\"presentation\">Eficien\u021ba energetic\u0103 \u0219i a combustibilului<\/p>\n<\/li>\n<li dir=\"ltr\" aria-level=\"1\">\n<p dir=\"ltr\" role=\"presentation\">Politici de s\u0103n\u0103tate \u0219i siguran\u021b\u0103<\/p>\n<\/li>\n<li dir=\"ltr\" aria-level=\"1\">\n<p dir=\"ltr\" role=\"presentation\">Politici de transport<\/p>\n<\/li>\n<li dir=\"ltr\" aria-level=\"1\">\n<p dir=\"ltr\" role=\"presentation\">Utilizarea locurilor de munc\u0103 locale<\/p>\n<\/li>\n<li dir=\"ltr\" aria-level=\"1\">\n<p dir=\"ltr\" role=\"presentation\">Dosar de ucenicie \u0219i formare<\/p>\n<\/li>\n<\/ul>\n<p dir=\"ltr\">\u00cen calitate de furnizor de solu\u021bii de asisten\u021b\u0103 medical\u0103, suntem concentra\u021bi asupra pacientului. \u00cen orice moment, priorit\u0103\u021bile noastre sunt \u00eengrijirea \u0219i siguran\u021ba pacien\u021bilor \u0219i a clien\u021bilor no\u0219tri; ne a\u0219tept\u0103m ca furnizorii no\u0219tri s\u0103 \u00eemp\u0103rt\u0103\u0219easc\u0103 aceste priorit\u0103\u021bi.&nbsp;&nbsp;<\/p>\n<p dir=\"ltr\">Reputa\u021bia noastr\u0103 se bazeaz\u0103 pe capacitatea noastr\u0103 de a oferi spa\u021bii medicale de \u00eenalt\u0103 calitate. Pe m\u0103sur\u0103 ce cerin\u021bele noastre de reglementare cresc, dorim s\u0103 p\u0103str\u0103m acei furnizori care respect\u0103 standardele noastre, astfel \u00eenc\u00e2t s\u0103 putem continua s\u0103 ne dezvolt\u0103m succesul de p\u00e2n\u0103 \u00een prezent.<\/p>\n<\/div>\n<\/div>\n<\/div>\n<\/div>\n<\/section>\n<section id=\"section-68-14-text-left-white\" class=\"ct-section\" >\n<div class=\"ct-section-inner-wrap\">\n<div id=\"new_columns-69-14text-left-white\" class=\"ct-new-columns\" >\n<div id=\"div_block-70-14\" class=\"ct-div-block\" >\n<h2 id=\"headline-71-14\" class=\"ct-headline\">Metode moderne de construc\u021bie \u0219i inovare<\/h2>\n<div id=\"_rich_text-72-14\" class=\"oxy-rich-text\" >\n<p dir=\"ltr\">\u00cen timp ce r\u0103m\u00e2nem competitivi, ne asigur\u0103m c\u0103 lan\u021bul nostru de aprovizionare sus\u021bine ambi\u021biile noastre corporative, prin explorarea \u0219i pilotarea de noi produse, materiale \u0219i servicii.<\/p>\n<\/div>\n<\/div>\n<div id=\"div_block-74-14\" class=\"ct-div-block\" ><img decoding=\"async\"  id=\"image-75-14\" alt=\"\" src=\"https:\/\/www.vanguardhealthcare.co.uk\/wp-content\/uploads\/2023\/06\/design-and-build-4.jpg\" class=\"ct-image\"\/><\/div>\n<\/div>\n<\/div>\n<\/section>\n<section id=\"section-88-34-blue\" class=\"ct-section\" >\n<div class=\"ct-section-inner-wrap\">\n<div id=\"new_columns-89-34-blue\" class=\"ct-new-columns\" >\n<div id=\"div_block-94-34\" class=\"ct-div-block\" ><img decoding=\"async\"  id=\"image-95-34\" alt=\"\" src=\"https:\/\/www.vanguardhealthcare.co.uk\/wp-content\/uploads\/2023\/09\/ESG_-_Earth_with_stethoscope-1017x1024.jpg\" class=\"ct-image\"\/><\/div>\n<div id=\"div_block-90-34\" class=\"ct-div-block\" >\n<h2 id=\"headline-91-34\" class=\"ct-headline\">Durabilitate<\/h2>\n<div id=\"_rich_text-92-34\" class=\"oxy-rich-text\" >\n<p dir=\"ltr\">Suntem un grup interna\u021bional \u0219i suntem \u00eentr-o c\u0103l\u0103torie spre a deveni neutri \u00een carbon. Baz\u00e2ndu-ne pe angajamentul nostru existent, vom continua s\u0103 ne \u00eembun\u0103t\u0103\u021bim acredit\u0103rile de mediu pentru a ne permite s\u0103 \u00eendeplinim obiectivele de sustenabilitate pe care ni le-am stabilit \u00een cadrul nostru.&nbsp;<a href=\"..\/environment\/\">Strategia ESG<\/a>&nbsp;2022\u20142035.<\/p>\n<\/div>\n<\/div>\n<\/div>\n<\/div>\n<\/section>\n<section id=\"section-114-34\" class=\"ct-section\" >\n<div class=\"ct-section-inner-wrap\">\n<div id=\"new_columns-115-34\" class=\"ct-new-columns\" >\n<div id=\"div_block-116-34\" class=\"ct-div-block\" >\n<h2 id=\"headline-117-34\" class=\"ct-headline\">Participarea noastr\u0103 \u00een cadrul<\/h2>\n<div id=\"_rich_text-118-34\" class=\"oxy-rich-text\" >\n<p>Participarea noastr\u0103 la cadrele lan\u021bului de aprovizionare NHS \u0219i munca noastr\u0103 continu\u0103 cu NHS \u0219i organismele de asisten\u021b\u0103 medical\u0103 ne impun s\u0103 oferim asigur\u0103ri regulate \u00eentr-o gam\u0103 larg\u0103 de m\u0103suri de conformitate.<\/p>\n<\/div>\n<p><a id=\"link_button-119-34\" class=\"ct-link-button button-pink\" href=\"\/ro_ro\/our-frameworks\/\" target=\"_self\"  >Cadrele noastre<\/a><\/div>\n<div id=\"div_block-120-34\" class=\"ct-div-block\" ><img decoding=\"async\"  id=\"image-121-34\" alt=\"\" src=\"https:\/\/www.vanguardhealthcare.co.uk\/wp-content\/uploads\/2023\/06\/modular-surgical-hub-scaled.jpg\" class=\"ct-image\"\/><\/div>\n<\/div>\n<\/div>\n<\/section>\n<section id=\"section-144-59\" class=\"ct-section\" >\n<div class=\"ct-section-inner-wrap\">\n<div id=\"new_columns-145-59\" class=\"ct-new-columns\" >\n<div id=\"div_block-146-59\" class=\"ct-div-block\" >\n<div id=\"_rich_text-9-63\" class=\"oxy-rich-text\" >\n<p>G\u0103sirea unei solu\u021bii care func\u021bioneaz\u0103 pentru spitalul dvs. ar putea \u00eencepe aici...<\/p>\n<\/div>\n<p><a id=\"link_button-149-59\" class=\"ct-link-button\" href=\"\/ro_ro\/contact\/\" target=\"_self\"  >Intra\u021bi \u00een leg\u0103tur\u0103<\/a><\/div>\n<div id=\"div_block-150-59\" class=\"ct-div-block\" ><img decoding=\"async\"  id=\"image-151-59\" alt=\"\" src=\"https:\/\/www.vanguardhealthcare.co.uk\/wp-content\/uploads\/2023\/06\/kettering-2-1.jpg\" class=\"ct-image\"\/><\/div>\n<\/div>\n<\/div>\n<\/section>","protected":false},"excerpt":{"rendered":"","protected":false},"author":2,"featured_media":0,"parent":0,"menu_order":0,"comment_status":"closed","ping_status":"closed","template":"","meta":{"_acf_changed":false,"footnotes":""},"class_list":["post-455","page","type-page","status-publish","format-standard","hentry"],"acf":[],"yoast_head":"<!-- This site is optimized with the Yoast SEO plugin v27.5 - https:\/\/yoast.com\/product\/yoast-seo-wordpress\/ -->\n<title>Procurement - Vanguard Healthcare Solutions<\/title>\n<meta name=\"robots\" content=\"index, follow, max-snippet:-1, max-image-preview:large, max-video-preview:-1\" \/>\n<link rel=\"canonical\" href=\"https:\/\/www.vanguardhealthcare.co.uk\/ro_ro\/procurement\/\" \/>\n<meta property=\"og:locale\" content=\"ro_RO\" \/>\n<meta property=\"og:type\" content=\"article\" \/>\n<meta property=\"og:title\" content=\"Procurement - Vanguard Healthcare Solutions\" \/>\n<meta property=\"og:url\" content=\"https:\/\/www.vanguardhealthcare.co.uk\/ro_ro\/procurement\/\" \/>\n<meta property=\"og:site_name\" content=\"Vanguard Healthcare Solutions\" \/>\n<meta property=\"article:modified_time\" content=\"2023-09-07T08:50:18+00:00\" \/>\n<meta name=\"twitter:card\" content=\"summary_large_image\" \/>\n<script type=\"application\/ld+json\" class=\"yoast-schema-graph\">{\"@context\":\"https:\\\/\\\/schema.org\",\"@graph\":[{\"@type\":\"WebPage\",\"@id\":\"https:\\\/\\\/www.vanguardhealthcare.co.uk\\\/procurement\\\/\",\"url\":\"https:\\\/\\\/www.vanguardhealthcare.co.uk\\\/procurement\\\/\",\"name\":\"Procurement - Vanguard Healthcare Solutions\",\"isPartOf\":{\"@id\":\"https:\\\/\\\/www.vanguardhealthcare.co.uk\\\/#website\"},\"datePublished\":\"2023-07-03T14:28:23+00:00\",\"dateModified\":\"2023-09-07T08:50:18+00:00\",\"breadcrumb\":{\"@id\":\"https:\\\/\\\/www.vanguardhealthcare.co.uk\\\/procurement\\\/#breadcrumb\"},\"inLanguage\":\"ro-RO\",\"potentialAction\":[{\"@type\":\"ReadAction\",\"target\":[\"https:\\\/\\\/www.vanguardhealthcare.co.uk\\\/procurement\\\/\"]}]},{\"@type\":\"BreadcrumbList\",\"@id\":\"https:\\\/\\\/www.vanguardhealthcare.co.uk\\\/procurement\\\/#breadcrumb\",\"itemListElement\":[{\"@type\":\"ListItem\",\"position\":1,\"name\":\"Home\",\"item\":\"https:\\\/\\\/www.vanguardhealthcare.co.uk\\\/\"},{\"@type\":\"ListItem\",\"position\":2,\"name\":\"Procurement\"}]},{\"@type\":\"WebSite\",\"@id\":\"https:\\\/\\\/www.vanguardhealthcare.co.uk\\\/#website\",\"url\":\"https:\\\/\\\/www.vanguardhealthcare.co.uk\\\/\",\"name\":\"Vanguard Healthcare Solutions\",\"description\":\"\",\"potentialAction\":[{\"@type\":\"SearchAction\",\"target\":{\"@type\":\"EntryPoint\",\"urlTemplate\":\"https:\\\/\\\/www.vanguardhealthcare.co.uk\\\/?s={search_term_string}\"},\"query-input\":{\"@type\":\"PropertyValueSpecification\",\"valueRequired\":true,\"valueName\":\"search_term_string\"}}],\"inLanguage\":\"ro-RO\"}]}<\/script>\n<!-- \/ Yoast SEO plugin. -->","yoast_head_json":{"title":"Achizi\u021bii - Solu\u021bii medicale Vanguard","robots":{"index":"index","follow":"follow","max-snippet":"max-snippet:-1","max-image-preview":"max-image-preview:large","max-video-preview":"max-video-preview:-1"},"canonical":"https:\/\/www.vanguardhealthcare.co.uk\/ro_ro\/procurement\/","og_locale":"ro_RO","og_type":"article","og_title":"Procurement - Vanguard Healthcare Solutions","og_url":"https:\/\/www.vanguardhealthcare.co.uk\/ro_ro\/procurement\/","og_site_name":"Vanguard Healthcare Solutions","article_modified_time":"2023-09-07T08:50:18+00:00","twitter_card":"summary_large_image","schema":{"@context":"https:\/\/schema.org","@graph":[{"@type":"WebPage","@id":"https:\/\/www.vanguardhealthcare.co.uk\/procurement\/","url":"https:\/\/www.vanguardhealthcare.co.uk\/procurement\/","name":"Achizi\u021bii - Solu\u021bii medicale Vanguard","isPartOf":{"@id":"https:\/\/www.vanguardhealthcare.co.uk\/#website"},"datePublished":"2023-07-03T14:28:23+00:00","dateModified":"2023-09-07T08:50:18+00:00","breadcrumb":{"@id":"https:\/\/www.vanguardhealthcare.co.uk\/procurement\/#breadcrumb"},"inLanguage":"ro-RO","potentialAction":[{"@type":"ReadAction","target":["https:\/\/www.vanguardhealthcare.co.uk\/procurement\/"]}]},{"@type":"BreadcrumbList","@id":"https:\/\/www.vanguardhealthcare.co.uk\/procurement\/#breadcrumb","itemListElement":[{"@type":"ListItem","position":1,"name":"Home","item":"https:\/\/www.vanguardhealthcare.co.uk\/"},{"@type":"ListItem","position":2,"name":"Procurement"}]},{"@type":"WebSite","@id":"https:\/\/www.vanguardhealthcare.co.uk\/#website","url":"https:\/\/www.vanguardhealthcare.co.uk\/","name":"Vanguard Solu\u021bii de asisten\u021b\u0103 medical\u0103","description":"","potentialAction":[{"@type":"SearchAction","target":{"@type":"EntryPoint","urlTemplate":"https:\/\/www.vanguardhealthcare.co.uk\/?s={search_term_string}"},"query-input":{"@type":"PropertyValueSpecification","valueRequired":true,"valueName":"search_term_string"}}],"inLanguage":"ro-RO"}]}},"_links":{"self":[{"href":"https:\/\/www.vanguardhealthcare.co.uk\/ro_ro\/wp-json\/wp\/v2\/pages\/455","targetHints":{"allow":["GET"]}}],"collection":[{"href":"https:\/\/www.vanguardhealthcare.co.uk\/ro_ro\/wp-json\/wp\/v2\/pages"}],"about":[{"href":"https:\/\/www.vanguardhealthcare.co.uk\/ro_ro\/wp-json\/wp\/v2\/types\/page"}],"author":[{"embeddable":true,"href":"https:\/\/www.vanguardhealthcare.co.uk\/ro_ro\/wp-json\/wp\/v2\/users\/2"}],"replies":[{"embeddable":true,"href":"https:\/\/www.vanguardhealthcare.co.uk\/ro_ro\/wp-json\/wp\/v2\/comments?post=455"}],"version-history":[{"count":0,"href":"https:\/\/www.vanguardhealthcare.co.uk\/ro_ro\/wp-json\/wp\/v2\/pages\/455\/revisions"}],"wp:attachment":[{"href":"https:\/\/www.vanguardhealthcare.co.uk\/ro_ro\/wp-json\/wp\/v2\/media?parent=455"}],"curies":[{"name":"wp","href":"https:\/\/api.w.org\/{rel}","templated":true}]}}