{"id":366,"date":"2023-06-28T13:13:23","date_gmt":"2023-06-28T13:13:23","guid":{"rendered":"https:\/\/www.vanguardhealthcare.co.uk\/?page_id=366"},"modified":"2025-06-18T10:27:52","modified_gmt":"2025-06-18T10:27:52","slug":"modern-slavery-and-human-trafficking-statement","status":"publish","type":"page","link":"https:\/\/www.vanguardhealthcare.co.uk\/ro_ro\/modern-slavery-and-human-trafficking-statement\/","title":{"rendered":"Declara\u021bie modern\u0103 privind sclavia \u0219i traficul de persoane"},"content":{"rendered":"<h3 class=\"wp-block-heading\">Politic\u0103<\/h3>\n<p>Sclavia modern\u0103 este o crim\u0103 \u0219i o \u00eenc\u0103lcare a drepturilor fundamentale ale omului. Ea \u00eembrac\u0103 diverse forme, precum sclavia, servitutea, munca for\u021bat\u0103 \u0219i obligatorie \u0219i traficul de fiin\u021be umane, toate av\u00e2nd \u00een comun privarea de libertate a unei persoane de c\u0103tre o alt\u0103 persoan\u0103 \u00een scopul exploat\u0103rii lor \u00een scop personal sau comercial. Grupul are o abordare cu toleran\u021b\u0103 zero fa\u021b\u0103 de sclavia modern\u0103. Vom ac\u021biona etic \u0219i cu integritate \u00een toate rela\u021biile \u0219i rela\u021biile noastre de afaceri, implement\u00e2nd \u0219i impun\u00e2nd sisteme \u0219i controale eficiente pentru a ne asigura c\u0103 sclavia modern\u0103 nu are loc nic\u0103ieri \u00een Grupul nostru sau \u00een lan\u021burile noastre de aprovizionare. \u00cen\u021belegem c\u0103 sclavia \u0219i traficul de persoane sunt adesea folosite \u00een mod colectiv.<\/p>\n<p>Ne angaj\u0103m s\u0103 ne asigur\u0103m c\u0103 exist\u0103 transparen\u021b\u0103 \u00een grupul nostru, opera\u021biunile de afaceri \u0219i \u00een abordarea noastr\u0103 de a combate sclavia modern\u0103 de-a lungul lan\u021burilor noastre de aprovizionare. Acest lucru este \u00een concordan\u021b\u0103 cu obliga\u021biile noastre de divulgare \u00een temeiul Modern Slavery Act 2015.<\/p>\n<h4 class=\"wp-block-heading\">Lan\u021bul nostru de aprovizionare \u0219i oamenii<\/h4>\n<p>Ne a\u0219tept\u0103m la acelea\u0219i standarde etice \u00eenalte de la to\u021bi contractorii, furnizorii \u0219i al\u021bi parteneri de afaceri. Ca parte a procesului nostru de contractare, aceste standarde \u0219i cerin\u021be fac parte din acordul nostru cu subcontractan\u021bii no\u0219tri.<\/p>\n<p>Aceast\u0103 declara\u021bie se aplic\u0103 tuturor persoanelor care lucreaz\u0103 pentru noi \u00een lan\u021bul nostru de aprovizionare, \u00een numele nostru \u00een orice calitate. Aceasta include angaja\u021bi la toate nivelurile, directori, ofi\u021beri, lucr\u0103tori din agen\u021bie, lucr\u0103tori deta\u0219a\u021bi, voluntari, agen\u021bi, contractori, consultan\u021bi externi, reprezentan\u021bi ter\u021bi. \u0219i parteneri de afaceri.<\/p>\n<p>Lucr\u0103m \u00een str\u00e2ns\u0103 colaborare cu furnizorii no\u0219tri, ceea ce ne permite s\u0103 identific\u0103m orice riscuri poten\u021biale de neconformitate.<\/p>\n<h4 class=\"wp-block-heading\">Guvernare<\/h4>\n<p>Ne dezvolt\u0103m continuu guvernan\u021ba \u0219i controalele interne pentru a identifica preocup\u0103rile sau riscurile cu privire la utilizarea muncii for\u021bate, obligatorii sau traficate sau a oric\u0103rei persoane de\u021binute \u00een sclavie sau sclavie, fie adul\u021bi sau copii. Am stabilit controale pentru a men\u021bine lan\u021bul de aprovizionare la acelea\u0219i standarde \u00eenalte. Suntem con\u0219tien\u021bi de riscuri \u0219i avem controale pentru a le gestiona, iar asigurarea este oferit\u0103 prin structura noastr\u0103 de guvernan\u021b\u0103.<\/p>\n<\/p>\n<h3 class=\"wp-block-heading\">Afirma\u021bie<\/h3>\n<ol class=\"wp-block-list\">\n<li><strong>Introducere<\/strong><br \/>Aceast\u0103 declara\u021bie este emis\u0103 \u00een conformitate cu Sec\u021biunea 54(6) din Legea privind sclavia modern\u0103 din 2015 \u0219i prezint\u0103 ac\u021biunile noastre pentru a \u00een\u021belege toate riscurile poten\u021biale de sclavie modern\u0103 legate de afacerile noastre \u0219i pentru a implementa controale care vizeaz\u0103 asigurarea faptului c\u0103 nu exist\u0103 sclavie sau trafic de persoane \u00een cadrul propriilor noastre afaceri \u0219i lan\u021buri de aprovizionare. Aceast\u0103 declara\u021bie se refer\u0103 la ac\u021biuni \u0219i activit\u0103\u021bi din cursul exerci\u021biului financiar \u00eencheiat la 31 decembrie 2024.<\/li>\n<\/ol>\n<ol class=\"wp-block-list\"><\/ol>\n<p>2. <strong>Afacerea<\/strong><br \/>Aceast\u0103 declara\u021bie acoper\u0103 activit\u0103\u021bile urm\u0103toarelor entit\u0103\u021bi din Regatul Unit din Grupul Vanguard (\u201eGrupul\u201d):<\/p>\n<ul class=\"wp-block-list\">\n<li>Vanguard Healthcare Solutions Limited<\/li>\n<li>Armada Topco Limited <\/li>\n<li>Armada Midco Limited<\/li>\n<li>Armada Bidco Limited <\/li>\n<li>Proiectul Darwin Bidco Limited<\/li>\n<li>Vanguard Healthcare Solutions (Modular) Limited<\/li>\n<\/ul>\n<p>Grupul furnizeaz\u0103 infrastructur\u0103 clinic\u0103 flexibil\u0103 de peste 25 de ani, inclusiv echipamente, personal \u0219i servicii auxiliare at\u00e2t pentru sectorul public, c\u00e2t \u0219i pentru cel privat din domeniul s\u0103n\u0103t\u0103\u021bii, din Regatul Unit \u0219i din str\u0103in\u0103tate. Grupul are loca\u021bii \u00een Regatul Unit \u0219i Australia. \u00cen 2024, am avut o medie de 153 de angaja\u021bi, dar, ca organiza\u021bie, depindem de lucr\u0103tori temporari \u0219i contractori.<\/p>\n<p>3. <strong>Lan\u021bul de aprovizionare \u0219i oamenii no\u0219tri<\/strong><br \/>Lan\u021bul de aprovizionare implicat \u00een func\u021bionarea \u0219i proiectarea, fabricarea \u0219i instalarea structurii noastre clinice flexibile \u0219i furnizarea ulterioar\u0103 de personal \u0219i echipamente este complex. Acesta implic\u0103 mai multe niveluri \u0219i organiza\u021bii de dimensiuni diferite. To\u021bi furnizorii no\u0219tri sunt fie \u00een Marea Britanie, Europa sau Australia. Vom folosi furnizorii no\u0219tri direc\u021bi pentru a gestiona riscurile sclaviei moderne \u0219i ale traficului de persoane de-a lungul \u00eentregului lan\u021b de aprovizionare. Ne-am comunicat a\u0219tept\u0103rile \u0219i cerin\u021bele noastre privind standardele pentru a deveni unul dintre furnizorii no\u0219tri aproba\u021bi grupului nostru, transmi\u021b\u00e2nd acest lucru prin lan\u021bul de aprovizionare.<\/p>\n<p>Oper\u0103m politici \u0219i proceduri de angajare care sunt concepute pentru a trata toate persoanele care lucreaz\u0103 \u00een cadrul afacerii noastre cu demnitate \u0219i respect. \u00cei r\u0103spl\u0103tim echitabil pentru munca lor \u0219i nu \u00eei exploat\u0103m. Acest lucru se aplic\u0103 angajamentelor cu lucr\u0103torii agen\u021biei \u0219i contractorii. Sunt efectuate analize anuale pentru a evalua dac\u0103 nivelurile salariale r\u0103m\u00e2n suficient de peste salariul de trai la nivel na\u021bional. Facem verific\u0103ri adecvate \u00eenainte de angajare asupra tuturor angaja\u021bilor no\u0219tri. Solicit\u0103m tuturor agen\u021biilor de ocupare a for\u021bei de munc\u0103 s\u0103 fac\u0103 acela\u0219i lucru, iar echipa noastr\u0103 People caut\u0103 s\u0103 se asigure c\u0103 acest lucru a fost \u00eentreprins. Respect\u0103m codurile de conduit\u0103 profesionale pentru to\u021bi angaja\u021bii \u0219i lucr\u0103torii no\u0219tri califica\u021bi.<\/p>\n<p>Pe m\u0103sur\u0103 ce ne dezvolt\u0103m, dorim s\u0103 ne asigur\u0103m c\u0103 men\u021binem cultura potrivit\u0103 \u00een cadrul Grupului. Angaja\u021bii \u0219i lucr\u0103torii sunt \u00eencuraja\u021bi s\u0103 raporteze orice nel\u0103murire \u00een conformitate cu politica noastr\u0103 privind libertatea de a vorbi: ridicarea preocup\u0103rilor (denun\u021bare). Am urmat cursuri de formare privind factorii umani \u00een cadrul grupului. Continu\u0103m s\u0103 ne construim <em>Doar Cultura<\/em>, asigur\u00e2nd un mediu sigur \u00een care indivizii au \u00eencredere c\u0103 pot \u0219i ar trebui s\u0103 raporteze preocup\u0103rile f\u0103r\u0103 a fi \u00eenvinov\u0103\u021bi\u021bi. Avem un Manager de S\u0103n\u0103tate, Securitate \u0219i Mediu pentru Grupul nostru, care este responsabil pentru asigurarea men\u021binerii unei culturi de lucru adecvate. Structura noastr\u0103 de guvernan\u021b\u0103 \u00eenseamn\u0103 c\u0103 lec\u021biile \u00eenv\u0103\u021bate sau erorile sunt raportate la nivel organiza\u021bional \u0219i urm\u0103rite, inform\u00e2nd \u00eembun\u0103t\u0103\u021birea noastr\u0103 continu\u0103 \u0219i standardul ISO9001.<\/p>\n<p>Avem un proces de precalificare pentru lan\u021bul nostru de aprovizionare, care evalueaz\u0103 lan\u021burile noastre de aprovizionare \u0219i riscurile poten\u021biale legate de sclavie, munc\u0103 infantil\u0103 \u0219i trafic de persoane. \u00centruc\u00e2t majoritatea furnizorilor no\u0219tri \u00ee\u0219i au sediul \u00een Regatul Unit \u0219i Australia, iar mul\u021bi opereaz\u0103 \u00een industrii specializate, mai degrab\u0103 dec\u00e2t \u00een industrii cu calificare sc\u0103zut\u0103, lan\u021burile noastre de aprovizionare au fost evaluate \u00een general ca prezent\u00e2nd un risc sc\u0103zut \u00een ceea ce prive\u0219te nerespectarea legii. Cu toate acestea, riscurile pentru lan\u021bul nostru de aprovizionare sunt monitorizate \u0219i actualiz\u0103m procesul nostru de precalificare, dup\u0103 cum este necesar.<\/p>\n<p>Vom lucra doar cu organiza\u021bii din lan\u021bul nostru de aprovizionare care au angajamente \u00een conformitate cu Grupul \u0219i care pot oferi asigur\u0103ri c\u0103 nu sunt implicate \u00een sclavia modern\u0103 sau \u00een traficul de persoane. De\u0219i este obliga\u021bia acestor organiza\u021bii s\u0103 opereze propriile politici \u0219i proceduri pentru a atinge acest obiectiv, monitoriz\u0103m prin procesul nostru de precalificare, managementul contractelor \u0219i practicile noastre existente pentru a ne asigura c\u0103 lu\u0103m toate m\u0103surile rezonabile pentru a verifica conformitatea cu Legea.<\/p>\n<p>4. <strong>Ac\u021biuni \u00eentreprinse \u00een ultimele 12 luni<\/strong><\/p>\n<p>Avem:<\/p>\n<ul class=\"wp-block-list\">\n<li>Am revizuit \u0219i \u00eembun\u0103t\u0103\u021bit riscurile \u0219i m\u0103surile de atenuare aferente lan\u021bului nostru de aprovizionare.<\/li>\n<li>Am efectuat o revizuire a lan\u021bului nostru de aprovizionare pentru a asigura conformitatea cu Legea.<\/li>\n<li>Am revizuit standardele furnizorilor no\u0219tri, care sunt aplicate prin intermediul lan\u021bului nostru de aprovizionare, at\u00e2t pentru furnizorii existen\u021bi, c\u00e2t \u0219i pentru cei noi.<\/li>\n<li>Evalu\u0103m \u00een permanen\u021b\u0103 eficacitatea structurii noastre de guvernare \u0219i am adus modific\u0103ri pentru a ne asigura c\u0103 exist\u0103 controale pentru a se conforma cu Legea.<\/li>\n<li>Am continuat s\u0103 cre\u0219tem gradul de con\u0219tientizare cu privire la Act \u0219i riscurile asociate, ca parte a procesului nostru de introducere.<\/li>\n<\/ul>\n<p>5. <strong>Planuri de \u00eembun\u0103t\u0103\u021bire<\/strong><\/p>\n<p>Noi vom fi:<\/p>\n<ul class=\"wp-block-list\">\n<li>Monitorizarea progresului \u00een ceea ce prive\u0219te poten\u021bialul amendament la Legea privind sclavia modern\u0103 \u0219i revizuirea continu\u0103 a prevederilor legii, \u00een func\u021bie de situa\u021bia \u00een care se aplic\u0103 activit\u0103\u021bilor noastre comerciale.<\/li>\n<li>Progreseaz\u0103 angajamentul nostru corporativ de mediu, social \u0219i guvernan\u021b\u0103 (ESG) \u00een cadrul grupului nostru.<\/li>\n<li>Actualizarea guvernan\u021bei noastre pentru a asigura \u00eendeplinirea \u0219i monitorizarea obiectivelor ESG.<\/li>\n<li>Revizuirea lan\u021bului nostru de aprovizionare cel pu\u021bin anual sau atunci c\u00e2nd riscul este identificat ca parte a managementului lan\u021bului nostru de aprovizionare.<\/li>\n<li>Face\u021bi o Evaluare Modern\u0103 a Riscului Sclaviei cu agen\u021biile \u0219i furnizorii no\u0219tri critici.<\/li>\n<li>Men\u021binem standardul furnizorilor no\u0219tri pentru a ne asigura c\u0103 \u00eendepline\u0219te ambi\u021biile noastre ESG \u0219i Valoare social\u0103.<\/li>\n<li>Monitorizarea cerin\u021belor standardelor furnizorilor NHS, astfel \u00eenc\u00e2t s\u0103 le \u00eendeplinim, dar ambi\u021bia noastr\u0103 continu\u0103 s\u0103 fie s\u0103 le dep\u0103\u0219im.<\/li>\n<li>Permiterea structurii noastre de guvernan\u021b\u0103 astfel \u00eenc\u00e2t s\u0103 sprijine \u00eembun\u0103t\u0103\u021birea continu\u0103 pentru a reduce riscurile asociate cu nerespectarea Legii sau cu practicile slabe \u00een lan\u021bul nostru de aprovizionare.<\/li>\n<li>\u00cembun\u0103t\u0103\u021birea gradului de con\u0219tientizare a grupului cu privire la respectarea Legii, inclusiv mita \u0219i corup\u021bia \u0219i munca copiilor.<\/li>\n<li>Stabilirea controalelor \u0219i a unei culturi care s\u0103 \u00eencurajeze ac\u021biunile de atenuare a riscurilor de nerespectare a Legii \u00een cadrul Grupului nostru.<\/li>\n<\/ul>\n<p>Aceast\u0103 declara\u021bie a fost aprobat\u0103 de Consiliul de Administra\u021bie la 6 iunie 2025, care o va revizui \u0219i actualiza anual.<\/p>\n<p><strong>Chris Blackwell-Frost<br \/>CEO<br \/>6 iunie 2025<\/strong><\/p>","protected":false},"excerpt":{"rendered":"<p>Policy Modern slavery is a crime and a violation of fundamental human rights. It takes various forms, such as slavery, servitude, forced and compulsory labour and human trafficking, all of which have in common the deprivation of a person\u2019s liberty by another in order to exploit them for personal or commercial gain. The Group has [&hellip;]<\/p>\n","protected":false},"author":2,"featured_media":0,"parent":0,"menu_order":0,"comment_status":"closed","ping_status":"closed","template":"","meta":{"_acf_changed":false,"footnotes":""},"class_list":["post-366","page","type-page","status-publish","format-standard","hentry"],"acf":[],"yoast_head":"<!-- This site is optimized with the Yoast SEO plugin v27.4 - https:\/\/yoast.com\/product\/yoast-seo-wordpress\/ -->\n<title>Modern slavery and human trafficking statement - Vanguard Healthcare Solutions<\/title>\n<meta name=\"robots\" content=\"index, follow, max-snippet:-1, max-image-preview:large, max-video-preview:-1\" \/>\n<link rel=\"canonical\" href=\"https:\/\/www.vanguardhealthcare.co.uk\/ro_ro\/modern-slavery-and-human-trafficking-statement\/\" \/>\n<meta property=\"og:locale\" content=\"ro_RO\" \/>\n<meta property=\"og:type\" content=\"article\" \/>\n<meta property=\"og:title\" content=\"Modern slavery and human trafficking statement - Vanguard Healthcare Solutions\" \/>\n<meta property=\"og:description\" content=\"Policy Modern slavery is a crime and a violation of fundamental human rights. It takes various forms, such as slavery, servitude, forced and compulsory labour and human trafficking, all of which have in common the deprivation of a person\u2019s liberty by another in order to exploit them for personal or commercial gain. The Group has [&hellip;]\" \/>\n<meta property=\"og:url\" content=\"https:\/\/www.vanguardhealthcare.co.uk\/ro_ro\/modern-slavery-and-human-trafficking-statement\/\" \/>\n<meta property=\"og:site_name\" content=\"Vanguard Healthcare Solutions\" \/>\n<meta property=\"article:modified_time\" content=\"2025-06-18T10:27:52+00:00\" \/>\n<meta name=\"twitter:card\" content=\"summary_large_image\" \/>\n<meta name=\"twitter:label1\" content=\"Timp estimat pentru citire\" \/>\n\t<meta name=\"twitter:data1\" content=\"6 minute\" \/>\n<script type=\"application\/ld+json\" class=\"yoast-schema-graph\">{\"@context\":\"https:\\\/\\\/schema.org\",\"@graph\":[{\"@type\":\"WebPage\",\"@id\":\"https:\\\/\\\/www.vanguardhealthcare.co.uk\\\/modern-slavery-and-human-trafficking-statement\\\/\",\"url\":\"https:\\\/\\\/www.vanguardhealthcare.co.uk\\\/modern-slavery-and-human-trafficking-statement\\\/\",\"name\":\"Modern slavery and human trafficking statement - Vanguard Healthcare Solutions\",\"isPartOf\":{\"@id\":\"https:\\\/\\\/www.vanguardhealthcare.co.uk\\\/#website\"},\"datePublished\":\"2023-06-28T13:13:23+00:00\",\"dateModified\":\"2025-06-18T10:27:52+00:00\",\"breadcrumb\":{\"@id\":\"https:\\\/\\\/www.vanguardhealthcare.co.uk\\\/modern-slavery-and-human-trafficking-statement\\\/#breadcrumb\"},\"inLanguage\":\"ro-RO\",\"potentialAction\":[{\"@type\":\"ReadAction\",\"target\":[\"https:\\\/\\\/www.vanguardhealthcare.co.uk\\\/modern-slavery-and-human-trafficking-statement\\\/\"]}]},{\"@type\":\"BreadcrumbList\",\"@id\":\"https:\\\/\\\/www.vanguardhealthcare.co.uk\\\/modern-slavery-and-human-trafficking-statement\\\/#breadcrumb\",\"itemListElement\":[{\"@type\":\"ListItem\",\"position\":1,\"name\":\"Home\",\"item\":\"https:\\\/\\\/www.vanguardhealthcare.co.uk\\\/\"},{\"@type\":\"ListItem\",\"position\":2,\"name\":\"Modern slavery and human trafficking statement\"}]},{\"@type\":\"WebSite\",\"@id\":\"https:\\\/\\\/www.vanguardhealthcare.co.uk\\\/#website\",\"url\":\"https:\\\/\\\/www.vanguardhealthcare.co.uk\\\/\",\"name\":\"Vanguard Healthcare Solutions\",\"description\":\"\",\"potentialAction\":[{\"@type\":\"SearchAction\",\"target\":{\"@type\":\"EntryPoint\",\"urlTemplate\":\"https:\\\/\\\/www.vanguardhealthcare.co.uk\\\/?s={search_term_string}\"},\"query-input\":{\"@type\":\"PropertyValueSpecification\",\"valueRequired\":true,\"valueName\":\"search_term_string\"}}],\"inLanguage\":\"ro-RO\"}]}<\/script>\n<!-- \/ Yoast SEO plugin. -->","yoast_head_json":{"title":"Declara\u021bie privind sclavia modern\u0103 \u0219i traficul de persoane - Vanguard Healthcare Solutions","robots":{"index":"index","follow":"follow","max-snippet":"max-snippet:-1","max-image-preview":"max-image-preview:large","max-video-preview":"max-video-preview:-1"},"canonical":"https:\/\/www.vanguardhealthcare.co.uk\/ro_ro\/modern-slavery-and-human-trafficking-statement\/","og_locale":"ro_RO","og_type":"article","og_title":"Modern slavery and human trafficking statement - Vanguard Healthcare Solutions","og_description":"Policy Modern slavery is a crime and a violation of fundamental human rights. It takes various forms, such as slavery, servitude, forced and compulsory labour and human trafficking, all of which have in common the deprivation of a person\u2019s liberty by another in order to exploit them for personal or commercial gain. The Group has [&hellip;]","og_url":"https:\/\/www.vanguardhealthcare.co.uk\/ro_ro\/modern-slavery-and-human-trafficking-statement\/","og_site_name":"Vanguard Healthcare Solutions","article_modified_time":"2025-06-18T10:27:52+00:00","twitter_card":"summary_large_image","twitter_misc":{"Timp estimat pentru citire":"6 minute"},"schema":{"@context":"https:\/\/schema.org","@graph":[{"@type":"WebPage","@id":"https:\/\/www.vanguardhealthcare.co.uk\/modern-slavery-and-human-trafficking-statement\/","url":"https:\/\/www.vanguardhealthcare.co.uk\/modern-slavery-and-human-trafficking-statement\/","name":"Declara\u021bie privind sclavia modern\u0103 \u0219i traficul de persoane - Vanguard Healthcare Solutions","isPartOf":{"@id":"https:\/\/www.vanguardhealthcare.co.uk\/#website"},"datePublished":"2023-06-28T13:13:23+00:00","dateModified":"2025-06-18T10:27:52+00:00","breadcrumb":{"@id":"https:\/\/www.vanguardhealthcare.co.uk\/modern-slavery-and-human-trafficking-statement\/#breadcrumb"},"inLanguage":"ro-RO","potentialAction":[{"@type":"ReadAction","target":["https:\/\/www.vanguardhealthcare.co.uk\/modern-slavery-and-human-trafficking-statement\/"]}]},{"@type":"BreadcrumbList","@id":"https:\/\/www.vanguardhealthcare.co.uk\/modern-slavery-and-human-trafficking-statement\/#breadcrumb","itemListElement":[{"@type":"ListItem","position":1,"name":"Home","item":"https:\/\/www.vanguardhealthcare.co.uk\/"},{"@type":"ListItem","position":2,"name":"Modern slavery and human trafficking statement"}]},{"@type":"WebSite","@id":"https:\/\/www.vanguardhealthcare.co.uk\/#website","url":"https:\/\/www.vanguardhealthcare.co.uk\/","name":"Vanguard Solu\u021bii de asisten\u021b\u0103 medical\u0103","description":"","potentialAction":[{"@type":"SearchAction","target":{"@type":"EntryPoint","urlTemplate":"https:\/\/www.vanguardhealthcare.co.uk\/?s={search_term_string}"},"query-input":{"@type":"PropertyValueSpecification","valueRequired":true,"valueName":"search_term_string"}}],"inLanguage":"ro-RO"}]}},"_links":{"self":[{"href":"https:\/\/www.vanguardhealthcare.co.uk\/ro_ro\/wp-json\/wp\/v2\/pages\/366","targetHints":{"allow":["GET"]}}],"collection":[{"href":"https:\/\/www.vanguardhealthcare.co.uk\/ro_ro\/wp-json\/wp\/v2\/pages"}],"about":[{"href":"https:\/\/www.vanguardhealthcare.co.uk\/ro_ro\/wp-json\/wp\/v2\/types\/page"}],"author":[{"embeddable":true,"href":"https:\/\/www.vanguardhealthcare.co.uk\/ro_ro\/wp-json\/wp\/v2\/users\/2"}],"replies":[{"embeddable":true,"href":"https:\/\/www.vanguardhealthcare.co.uk\/ro_ro\/wp-json\/wp\/v2\/comments?post=366"}],"version-history":[{"count":0,"href":"https:\/\/www.vanguardhealthcare.co.uk\/ro_ro\/wp-json\/wp\/v2\/pages\/366\/revisions"}],"wp:attachment":[{"href":"https:\/\/www.vanguardhealthcare.co.uk\/ro_ro\/wp-json\/wp\/v2\/media?parent=366"}],"curies":[{"name":"wp","href":"https:\/\/api.w.org\/{rel}","templated":true}]}}