{"id":164,"date":"2023-06-13T09:58:11","date_gmt":"2023-06-13T09:58:11","guid":{"rendered":"https:\/\/www.vanguardhealthcare.co.uk\/?page_id=164"},"modified":"2026-05-07T16:05:15","modified_gmt":"2026-05-07T16:05:15","slug":"our-facilities","status":"publish","type":"page","link":"https:\/\/www.vanguardhealthcare.co.uk\/ro_ro\/our-facilities\/","title":{"rendered":"Facilit\u0103\u021bile noastre"},"content":{"rendered":"<section id=\"section-2-59\" class=\"ct-section\" style=\"background-image:url(https:\/\/www.vanguardhealthcare.co.uk\/wp-content\/uploads\/2023\/05\/boulders-right.png);background-size: auto;\" >\n<div class=\"ct-section-inner-wrap\">\n<div id=\"div_block-8-59\" class=\"ct-div-block\" ><a id=\"link_text-6-59\" class=\"ct-link-text\" href=\"\/ro_ro\/\" target=\"_self\"  >Acas\u0103<\/a><\/p>\n<h1 id=\"headline-3-59\" class=\"ct-headline\"><span id=\"span-4-59\" class=\"ct-span\" >Facilit\u0103\u021bile noastre<\/span><\/h1>\n<\/div>\n<\/div>\n<\/section>\n<section id=\"section-68-14-text-left-white\" class=\"ct-section\" >\n<div class=\"ct-section-inner-wrap\">\n<div id=\"new_columns-69-14text-left-white\" class=\"ct-new-columns\" >\n<div id=\"div_block-70-14\" class=\"ct-div-block\" >\n<h2 id=\"headline-71-14\" class=\"ct-headline\">Oferta unic\u0103 a Vanguard pentru furnizorii de servicii medicale<\/h2>\n<div id=\"_rich_text-72-14\" class=\"oxy-rich-text\" >\n<p>Exper\u021bi \u00een construc\u021bii modulare \u0219i \u00een furnizarea de facilit\u0103\u021bi mobile (descrise \u0219i ca relocabile \u0219i demontabile), Vanguard ofer\u0103 solu\u021bii unice furnizorilor de servicii medicale care necesit\u0103 spa\u021biu clinic suplimentar sau alternativ.<\/p>\n<\/div>\n<\/div>\n<div id=\"div_block-74-14\" class=\"ct-div-block\" ><img decoding=\"async\"  id=\"image-75-14\" alt=\"\" src=\"https:\/\/www.vanguardhealthcare.co.uk\/wp-content\/uploads\/2025\/06\/Vanguard-Royal-Glamorgan108LR-scaled.jpg\" class=\"ct-image\"\/><\/div>\n<\/div>\n<\/div>\n<\/section>\n<section id=\"section-88-34-blue\" class=\"ct-section\" >\n<div class=\"ct-section-inner-wrap\">\n<div id=\"new_columns-89-34-blue\" class=\"ct-new-columns\" >\n<div id=\"div_block-94-34\" class=\"ct-div-block\" ><img decoding=\"async\"  id=\"image-95-34\" alt=\"\" src=\"https:\/\/www.vanguardhealthcare.co.uk\/wp-content\/uploads\/2024\/07\/Vanguard-unit-MKUH-6-scaled.jpg\" class=\"ct-image\"\/><\/div>\n<div id=\"div_block-90-34\" class=\"ct-div-block\" >\n<h2 id=\"headline-91-34\" class=\"ct-headline\">Vitez\u0103 de livrare de neegalat<\/h2>\n<div id=\"_rich_text-92-34\" class=\"oxy-rich-text\" >\n<p>O unitate mobil\u0103 poate fi instalat\u0103, pus\u0103 \u00een func\u021biune \u0219i deschis\u0103 pacien\u021bilor \u00een c\u00e2teva s\u0103pt\u0103m\u00e2ni sau chiar zile, \u00een func\u021bie de aplica\u021bie, care poate fi o sal\u0103 de opera\u021bie, o sec\u021bie, o clinic\u0103, un tratament endoscopic \u0219i decontaminare, servicii de sterilizare \u0219i altele.<\/p>\n<\/div>\n<\/div>\n<\/div>\n<\/div>\n<\/section>\n<section id=\"section-68-14-text-left-white\" class=\"ct-section\" >\n<div class=\"ct-section-inner-wrap\">\n<div id=\"new_columns-69-14text-left-white\" class=\"ct-new-columns\" >\n<div id=\"div_block-70-14\" class=\"ct-div-block\" >\n<h2 id=\"headline-71-14\" class=\"ct-headline\">Metode moderne de construc\u021bie<\/h2>\n<div id=\"_rich_text-72-14\" class=\"oxy-rich-text\" >\n<p>Metodele moderne de construc\u021bie, sus\u021binute de produc\u021bia de module la unitatea Vanguard din Hull, permit finalizarea mai devreme a noilor spa\u021bii medicale dec\u00e2t practicile tradi\u021bionale de construc\u021bie. Vanguard a construit un centru chirurgical personalizat, cu patru s\u0103li de opera\u021bie, \u00een doar cinci luni la <a href=\"\/ro_ro\/case-study\/st-georges-university-hospital-nhs-foundation-trust\/?_gl=1*e8jjlv*_up*MQ..*_ga*MTk0Nzg5MDU2Mi4xNzc3NTY0NjA3*_ga_3G8MSVGTZJ*czE3Nzc1NjQ2MDckbzEkZzAkdDE3Nzc1NjQ2MDckajYwJGwwJGgw\">Spitalul Regina Maria, Roehampton<\/a>.<\/p>\n<p>&nbsp;<\/p>\n<\/div>\n<\/div>\n<div id=\"div_block-74-14\" class=\"ct-div-block\" ><img decoding=\"async\"  id=\"image-75-14\" alt=\"\" src=\"https:\/\/www.vanguardhealthcare.co.uk\/wp-content\/uploads\/2023\/09\/home2.jpg\" class=\"ct-image\"\/><\/div>\n<\/div>\n<\/div>\n<\/section>\n<section id=\"section-88-34-blue\" class=\"ct-section\" >\n<div class=\"ct-section-inner-wrap\">\n<div id=\"new_columns-89-34-blue\" class=\"ct-new-columns\" >\n<div id=\"div_block-94-34\" class=\"ct-div-block\" ><img decoding=\"async\"  id=\"image-95-34\" alt=\"\" src=\"https:\/\/www.vanguardhealthcare.co.uk\/wp-content\/uploads\/2026\/04\/Surgical-only-scaled.jpg\" class=\"ct-image\"\/><\/div>\n<div id=\"div_block-90-34\" class=\"ct-div-block\" >\n<h2 id=\"headline-91-34\" class=\"ct-headline\">Flexibilitate \u00een design \u0219i finalizare rapid\u0103&nbsp;<\/h2>\n<div id=\"_rich_text-92-34\" class=\"oxy-rich-text\" >\n<p>Prin combinarea elementelor mobile \u0219i modulare, Vanguard ofer\u0103 spa\u021bii medicale personalizate, de \u00eenalt\u0103 tehnologie, \u00een timpi de finalizare de neegalat. Un complex chirurgical cu patru s\u0103li de opera\u021bie, dou\u0103 sec\u021bii \u0219i numeroase camere de asisten\u021b\u0103 a fost finalizat \u00een mai pu\u021bin de zece s\u0103pt\u0103m\u00e2ni la... <a href=\"\/ro_ro\/case-study\/ctm-uhb-opens-an-endoscopy-complex-within-six-weeks-and-a-four-theatre-surgical-suite-within-nine-weeks\/?_gl=1*1ulkzcz*_up*MQ..*_ga*MTQwODU3NTg3LjE3Nzc1NjQ0OTU.*_ga_3G8MSVGTZJ*czE3Nzc1NjQ0OTQkbzEkZzAkdDE3Nzc1NjQ0OTQkajYwJGwwJGgw\">Spitalul Regal Glamorgan<\/a>.<\/p>\n<\/div>\n<\/div>\n<\/div>\n<\/div>\n<\/section>\n<section id=\"section-13-59\" class=\"ct-section\" >\n<div class=\"ct-section-inner-wrap\">\n<div id=\"_dynamic_list-16-59\" class=\"oxy-dynamic-list\">\n<div id=\"div_block-17-59-1\" class=\"ct-div-block\" data-id=\"div_block-17-59\"><a id=\"link-141-59-1\" class=\"ct-link\" href=\"https:\/\/www.vanguardhealthcare.co.uk\/ro_ro\/facilities\/cleanrooms-laboratories-and-containment-facilities\/\" data-id=\"link-141-59\"><img decoding=\"async\" id=\"image-25-59-1\" alt=\"\" src=\"https:\/\/www.vanguardhealthcare.co.uk\/wp-content\/uploads\/2026\/03\/image1.jpg\" class=\"ct-image\" data-id=\"image-25-59\"><\/a><\/p>\n<div id=\"div_block-49-59-1\" class=\"ct-div-block\" data-id=\"div_block-49-59\">\n<h3 id=\"headline-34-59-1\" class=\"ct-headline\" data-id=\"headline-34-59\"><span id=\"span-42-59\" class=\"ct-span\" ><a href='https:\/\/www.vanguardhealthcare.co.uk\/ro_ro\/facilities\/cleanrooms-laboratories-and-containment-facilities\/'>Camere sterile \u0219i instala\u021bii de izolare<\/a><\/span><\/h3>\n<p><a id=\"link_button-73-167-1\" class=\"ct-link-button button-pink\" href=\"https:\/\/www.vanguardhealthcare.co.uk\/ro_ro\/facilities\/cleanrooms-laboratories-and-containment-facilities\/\" target=\"_self\" data-id=\"link_button-73-167\">Afl\u0103 mai multe<\/a><\/div>\n<\/div>\n<div id=\"div_block-17-59-2\" class=\"ct-div-block\" data-id=\"div_block-17-59\"><a id=\"link-141-59-2\" class=\"ct-link\" href=\"https:\/\/www.vanguardhealthcare.co.uk\/ro_ro\/facilities\/diagnostic-suites\/\" data-id=\"link-141-59\"><img decoding=\"async\" id=\"image-25-59-2\" alt=\"\" src=\"https:\/\/www.vanguardhealthcare.co.uk\/wp-content\/uploads\/2023\/06\/diag-1024x683.png\" class=\"ct-image\" data-id=\"image-25-59\"><\/a><\/p>\n<div id=\"div_block-49-59-2\" class=\"ct-div-block\" data-id=\"div_block-49-59\">\n<h3 id=\"headline-34-59-2\" class=\"ct-headline\" data-id=\"headline-34-59\"><span id=\"span-42-59\" class=\"ct-span\" ><a href='https:\/\/www.vanguardhealthcare.co.uk\/ro_ro\/facilities\/diagnostic-suites\/'>Suite de diagnosticare<\/a><\/span><\/h3>\n<p><a id=\"link_button-73-167-2\" class=\"ct-link-button button-pink\" href=\"https:\/\/www.vanguardhealthcare.co.uk\/ro_ro\/facilities\/diagnostic-suites\/\" target=\"_self\" data-id=\"link_button-73-167\">Afl\u0103 mai multe<\/a><\/div>\n<\/div>\n<div id=\"div_block-17-59-3\" class=\"ct-div-block\" data-id=\"div_block-17-59\"><a id=\"link-141-59-3\" class=\"ct-link\" href=\"https:\/\/www.vanguardhealthcare.co.uk\/ro_ro\/facilities\/emergency-department-solutions\/\" data-id=\"link-141-59\"><img decoding=\"async\" id=\"image-25-59-3\" alt=\"\" src=\"https:\/\/www.vanguardhealthcare.co.uk\/wp-content\/uploads\/2023\/06\/department.jpg\" class=\"ct-image\" data-id=\"image-25-59\"><\/a><\/p>\n<div id=\"div_block-49-59-3\" class=\"ct-div-block\" data-id=\"div_block-49-59\">\n<h3 id=\"headline-34-59-3\" class=\"ct-headline\" data-id=\"headline-34-59\"><span id=\"span-42-59\" class=\"ct-span\" ><a href='https:\/\/www.vanguardhealthcare.co.uk\/ro_ro\/facilities\/emergency-department-solutions\/'>Solutii pentru departamentul de urgenta<\/a><\/span><\/h3>\n<p><a id=\"link_button-73-167-3\" class=\"ct-link-button button-pink\" href=\"https:\/\/www.vanguardhealthcare.co.uk\/ro_ro\/facilities\/emergency-department-solutions\/\" target=\"_self\" data-id=\"link_button-73-167\">Afl\u0103 mai multe<\/a><\/div>\n<\/div>\n<div id=\"div_block-17-59-4\" class=\"ct-div-block\" data-id=\"div_block-17-59\"><a id=\"link-141-59-4\" class=\"ct-link\" href=\"https:\/\/www.vanguardhealthcare.co.uk\/ro_ro\/facilities\/outpatient-clinics\/\" data-id=\"link-141-59\"><img decoding=\"async\" id=\"image-25-59-4\" alt=\"\" src=\"https:\/\/www.vanguardhealthcare.co.uk\/wp-content\/uploads\/2023\/06\/recovery-room-1-scaled-1024x683.jpeg\" class=\"ct-image\" data-id=\"image-25-59\"><\/a><\/p>\n<div id=\"div_block-49-59-4\" class=\"ct-div-block\" data-id=\"div_block-49-59\">\n<h3 id=\"headline-34-59-4\" class=\"ct-headline\" data-id=\"headline-34-59\"><span id=\"span-42-59\" class=\"ct-span\" ><a href='https:\/\/www.vanguardhealthcare.co.uk\/ro_ro\/facilities\/outpatient-clinics\/'>Ambulatorii<\/a><\/span><\/h3>\n<p><a id=\"link_button-73-167-4\" class=\"ct-link-button button-pink\" href=\"https:\/\/www.vanguardhealthcare.co.uk\/ro_ro\/facilities\/outpatient-clinics\/\" target=\"_self\" data-id=\"link_button-73-167\">Afl\u0103 mai multe<\/a><\/div>\n<\/div>\n<div id=\"div_block-17-59-5\" class=\"ct-div-block\" data-id=\"div_block-17-59\"><a id=\"link-141-59-5\" class=\"ct-link\" href=\"https:\/\/www.vanguardhealthcare.co.uk\/ro_ro\/facilities\/ward-solutions\/\" data-id=\"link-141-59\"><img decoding=\"async\" id=\"image-25-59-5\" alt=\"\" src=\"https:\/\/www.vanguardhealthcare.co.uk\/wp-content\/uploads\/2023\/06\/mobile-hospital-ward-delivery-scaled-1024x768.jpeg\" class=\"ct-image\" data-id=\"image-25-59\"><\/a><\/p>\n<div id=\"div_block-49-59-5\" class=\"ct-div-block\" data-id=\"div_block-49-59\">\n<h3 id=\"headline-34-59-5\" class=\"ct-headline\" data-id=\"headline-34-59\"><span id=\"span-42-59\" class=\"ct-span\" ><a href='https:\/\/www.vanguardhealthcare.co.uk\/ro_ro\/facilities\/ward-solutions\/'>Solu\u021bii de sec\u021bie<\/a><\/span><\/h3>\n<p><a id=\"link_button-73-167-5\" class=\"ct-link-button button-pink\" href=\"https:\/\/www.vanguardhealthcare.co.uk\/ro_ro\/facilities\/ward-solutions\/\" target=\"_self\" data-id=\"link_button-73-167\">Afl\u0103 mai multe<\/a><\/div>\n<\/div>\n<div id=\"div_block-17-59-6\" class=\"ct-div-block\" data-id=\"div_block-17-59\"><a id=\"link-141-59-6\" class=\"ct-link\" href=\"https:\/\/www.vanguardhealthcare.co.uk\/ro_ro\/facilities\/day-case-centres\/\" data-id=\"link-141-59\"><img decoding=\"async\" id=\"image-25-59-6\" alt=\"\" src=\"https:\/\/www.vanguardhealthcare.co.uk\/wp-content\/uploads\/2023\/06\/day-case-bay-2-1-scaled-1024x683.jpg\" class=\"ct-image\" data-id=\"image-25-59\"><\/a><\/p>\n<div id=\"div_block-49-59-6\" class=\"ct-div-block\" data-id=\"div_block-49-59\">\n<h3 id=\"headline-34-59-6\" class=\"ct-headline\" data-id=\"headline-34-59\"><span id=\"span-42-59\" class=\"ct-span\" ><a href='https:\/\/www.vanguardhealthcare.co.uk\/ro_ro\/facilities\/day-case-centres\/'>Centre de caz de zi<\/a><\/span><\/h3>\n<p><a id=\"link_button-73-167-6\" class=\"ct-link-button button-pink\" href=\"https:\/\/www.vanguardhealthcare.co.uk\/ro_ro\/facilities\/day-case-centres\/\" target=\"_self\" data-id=\"link_button-73-167\">Afl\u0103 mai multe<\/a><\/div>\n<\/div>\n<div id=\"div_block-17-59-7\" class=\"ct-div-block\" data-id=\"div_block-17-59\"><a id=\"link-141-59-7\" class=\"ct-link\" href=\"https:\/\/www.vanguardhealthcare.co.uk\/ro_ro\/facilities\/central-sterile-services-departments\/\" data-id=\"link-141-59\"><img decoding=\"async\" id=\"image-25-59-7\" alt=\"\" src=\"https:\/\/www.vanguardhealthcare.co.uk\/wp-content\/uploads\/2023\/07\/mobile-cssd1-1024x768.jpg\" class=\"ct-image\" data-id=\"image-25-59\"><\/a><\/p>\n<div id=\"div_block-49-59-7\" class=\"ct-div-block\" data-id=\"div_block-49-59\">\n<h3 id=\"headline-34-59-7\" class=\"ct-headline\" data-id=\"headline-34-59\"><span id=\"span-42-59\" class=\"ct-span\" ><a href='https:\/\/www.vanguardhealthcare.co.uk\/ro_ro\/facilities\/central-sterile-services-departments\/'>Departamentele Centrale de Servicii Sterilizate<\/a><\/span><\/h3>\n<p><a id=\"link_button-73-167-7\" class=\"ct-link-button button-pink\" href=\"https:\/\/www.vanguardhealthcare.co.uk\/ro_ro\/facilities\/central-sterile-services-departments\/\" target=\"_self\" data-id=\"link_button-73-167\">Afl\u0103 mai multe<\/a><\/div>\n<\/div>\n<div id=\"div_block-17-59-8\" class=\"ct-div-block\" data-id=\"div_block-17-59\"><a id=\"link-141-59-8\" class=\"ct-link\" href=\"https:\/\/www.vanguardhealthcare.co.uk\/ro_ro\/facilities\/endoscope-decontamination\/\" data-id=\"link-141-59\"><img decoding=\"async\" id=\"image-25-59-8\" alt=\"\" src=\"https:\/\/www.vanguardhealthcare.co.uk\/wp-content\/uploads\/2023\/07\/mobile-endoscopy-decontamination-1024x768.jpg\" class=\"ct-image\" data-id=\"image-25-59\"><\/a><\/p>\n<div id=\"div_block-49-59-8\" class=\"ct-div-block\" data-id=\"div_block-49-59\">\n<h3 id=\"headline-34-59-8\" class=\"ct-headline\" data-id=\"headline-34-59\"><span id=\"span-42-59\" class=\"ct-span\" ><a href='https:\/\/www.vanguardhealthcare.co.uk\/ro_ro\/facilities\/endoscope-decontamination\/'>Decontaminarea endoscopului<\/a><\/span><\/h3>\n<p><a id=\"link_button-73-167-8\" class=\"ct-link-button button-pink\" href=\"https:\/\/www.vanguardhealthcare.co.uk\/ro_ro\/facilities\/endoscope-decontamination\/\" target=\"_self\" data-id=\"link_button-73-167\">Afl\u0103 mai multe<\/a><\/div>\n<\/div>\n<div id=\"div_block-17-59-9\" class=\"ct-div-block\" data-id=\"div_block-17-59\"><a id=\"link-141-59-9\" class=\"ct-link\" href=\"https:\/\/www.vanguardhealthcare.co.uk\/ro_ro\/facilities\/endoscopy\/\" data-id=\"link-141-59\"><img decoding=\"async\" id=\"image-25-59-9\" alt=\"\" src=\"https:\/\/www.vanguardhealthcare.co.uk\/wp-content\/uploads\/2023\/06\/endoscopy-recovery-1-1-1024x768.jpg\" class=\"ct-image\" data-id=\"image-25-59\"><\/a><\/p>\n<div id=\"div_block-49-59-9\" class=\"ct-div-block\" data-id=\"div_block-49-59\">\n<h3 id=\"headline-34-59-9\" class=\"ct-headline\" data-id=\"headline-34-59\"><span id=\"span-42-59\" class=\"ct-span\" ><a href='https:\/\/www.vanguardhealthcare.co.uk\/ro_ro\/facilities\/endoscopy\/'>Endoscopie<\/a><\/span><\/h3>\n<p><a id=\"link_button-73-167-9\" class=\"ct-link-button button-pink\" href=\"https:\/\/www.vanguardhealthcare.co.uk\/ro_ro\/facilities\/endoscopy\/\" target=\"_self\" data-id=\"link_button-73-167\">Afl\u0103 mai multe<\/a><\/div>\n<\/div>\n<div id=\"div_block-17-59-10\" class=\"ct-div-block\" data-id=\"div_block-17-59\"><a id=\"link-141-59-10\" class=\"ct-link\" href=\"https:\/\/www.vanguardhealthcare.co.uk\/ro_ro\/facilities\/interventional-radiology\/\" data-id=\"link-141-59\"><img decoding=\"async\" id=\"image-25-59-10\" alt=\"\" src=\"https:\/\/www.vanguardhealthcare.co.uk\/wp-content\/uploads\/2023\/06\/interventional-radiology-1024x768.jpg\" class=\"ct-image\" data-id=\"image-25-59\"><\/a><\/p>\n<div id=\"div_block-49-59-10\" class=\"ct-div-block\" data-id=\"div_block-49-59\">\n<h3 id=\"headline-34-59-10\" class=\"ct-headline\" data-id=\"headline-34-59\"><span id=\"span-42-59\" class=\"ct-span\" ><a href='https:\/\/www.vanguardhealthcare.co.uk\/ro_ro\/facilities\/interventional-radiology\/'>Radiologie interven\u021bional\u0103<\/a><\/span><\/h3>\n<p><a id=\"link_button-73-167-10\" class=\"ct-link-button button-pink\" href=\"https:\/\/www.vanguardhealthcare.co.uk\/ro_ro\/facilities\/interventional-radiology\/\" target=\"_self\" data-id=\"link_button-73-167\">Afl\u0103 mai multe<\/a><\/div>\n<\/div>\n<div id=\"div_block-17-59-11\" class=\"ct-div-block\" data-id=\"div_block-17-59\"><a id=\"link-141-59-11\" class=\"ct-link\" href=\"https:\/\/www.vanguardhealthcare.co.uk\/ro_ro\/facilities\/surgical-hubs\/\" data-id=\"link-141-59\"><img decoding=\"async\" id=\"image-25-59-11\" alt=\"\" src=\"https:\/\/www.vanguardhealthcare.co.uk\/wp-content\/uploads\/2023\/06\/modular-operating-theatre-surgical-hub1-1-scaled-1024x768.jpg\" class=\"ct-image\" data-id=\"image-25-59\"><\/a><\/p>\n<div id=\"div_block-49-59-11\" class=\"ct-div-block\" data-id=\"div_block-49-59\">\n<h3 id=\"headline-34-59-11\" class=\"ct-headline\" data-id=\"headline-34-59\"><span id=\"span-42-59\" class=\"ct-span\" ><a href='https:\/\/www.vanguardhealthcare.co.uk\/ro_ro\/facilities\/surgical-hubs\/'>Butuci chirurgicale<\/a><\/span><\/h3>\n<p><a id=\"link_button-73-167-11\" class=\"ct-link-button button-pink\" href=\"https:\/\/www.vanguardhealthcare.co.uk\/ro_ro\/facilities\/surgical-hubs\/\" target=\"_self\" data-id=\"link_button-73-167\">Afl\u0103 mai multe<\/a><\/div>\n<\/div>\n<div id=\"div_block-17-59-12\" class=\"ct-div-block\" data-id=\"div_block-17-59\"><a id=\"link-141-59-12\" class=\"ct-link\" href=\"https:\/\/www.vanguardhealthcare.co.uk\/ro_ro\/facilities\/operating-theatres\/\" data-id=\"link-141-59\"><img decoding=\"async\" id=\"image-25-59-12\" alt=\"\" src=\"https:\/\/www.vanguardhealthcare.co.uk\/wp-content\/uploads\/2023\/06\/mobile-operating-theatre-8-scaled-1024x683.jpg\" class=\"ct-image\" data-id=\"image-25-59\"><\/a><\/p>\n<div id=\"div_block-49-59-12\" class=\"ct-div-block\" data-id=\"div_block-49-59\">\n<h3 id=\"headline-34-59-12\" class=\"ct-headline\" data-id=\"headline-34-59\"><span id=\"span-42-59\" class=\"ct-span\" ><a href='https:\/\/www.vanguardhealthcare.co.uk\/ro_ro\/facilities\/operating-theatres\/'>S\u0103li de opera\u021bie<\/a><\/span><\/h3>\n<p><a id=\"link_button-73-167-12\" class=\"ct-link-button button-pink\" href=\"https:\/\/www.vanguardhealthcare.co.uk\/ro_ro\/facilities\/operating-theatres\/\" target=\"_self\" data-id=\"link_button-73-167\">Afl\u0103 mai multe<\/a><\/div>\n<\/div>\n<div id=\"div_block-17-59-13\" class=\"ct-div-block\" data-id=\"div_block-17-59\"><a id=\"link-141-59-13\" class=\"ct-link\" href=\"https:\/\/www.vanguardhealthcare.co.uk\/ro_ro\/facilities\/our-facilities\/\" data-id=\"link-141-59\"><img decoding=\"async\" id=\"image-25-59-13\" alt=\"\" src=\"https:\/\/www.vanguardhealthcare.co.uk\/wp-content\/uploads\/2023\/06\/kettering-2-1-1024x472.jpg\" class=\"ct-image\" data-id=\"image-25-59\"><\/a><\/p>\n<div id=\"div_block-49-59-13\" class=\"ct-div-block\" data-id=\"div_block-49-59\">\n<h3 id=\"headline-34-59-13\" class=\"ct-headline\" data-id=\"headline-34-59\"><span id=\"span-42-59\" class=\"ct-span\" ><a href='https:\/\/www.vanguardhealthcare.co.uk\/ro_ro\/facilities\/our-facilities\/'>Facilit\u0103\u021bile noastre<\/a><\/span><\/h3>\n<p><a id=\"link_button-73-167-13\" class=\"ct-link-button button-pink\" href=\"https:\/\/www.vanguardhealthcare.co.uk\/ro_ro\/facilities\/our-facilities\/\" target=\"_self\" data-id=\"link_button-73-167\">Afl\u0103 mai multe<\/a><\/div>\n<\/div><\/div>\n<\/div>\n<\/section>\n<section id=\"section-2-254\" class=\"ct-section\" >\n<div class=\"ct-section-inner-wrap\">\n<div id=\"fancy_icon-5-254\" class=\"ct-fancy-icon\" ><svg id=\"svg-fancy_icon-5-254\"><use xlink:href=\"#FontAwesomeicon-quote-left\"><\/use><\/svg><\/div>\n<div id=\"text_block-3-254\" class=\"ct-text-block\" >\u201eSunt o solu\u021bie de \u00eenalt\u0103 calitate; este minunat\u0103 \u0219i face ceea ce scrie pe cutie \u0219i are facilit\u0103\u021bile de care am nevoie.\u201d<\/div>\n<div id=\"text_block-4-254\" class=\"ct-text-block\" >Operatii, Renovare Endoscopie<\/div>\n<\/div>\n<\/section>","protected":false},"excerpt":{"rendered":"","protected":false},"author":2,"featured_media":0,"parent":0,"menu_order":0,"comment_status":"closed","ping_status":"closed","template":"","meta":{"_acf_changed":false,"footnotes":""},"class_list":["post-164","page","type-page","status-publish","format-standard","hentry"],"acf":[],"yoast_head":"<!-- This site is optimized with the Yoast SEO plugin v27.5 - https:\/\/yoast.com\/product\/yoast-seo-wordpress\/ -->\n<title>Our Facilities - Vanguard Healthcare Solutions<\/title>\n<meta name=\"robots\" content=\"index, follow, max-snippet:-1, max-image-preview:large, max-video-preview:-1\" \/>\n<link rel=\"canonical\" href=\"https:\/\/www.vanguardhealthcare.co.uk\/ro_ro\/our-facilities\/\" \/>\n<meta property=\"og:locale\" content=\"ro_RO\" \/>\n<meta property=\"og:type\" content=\"article\" \/>\n<meta property=\"og:title\" content=\"Our Facilities - Vanguard Healthcare Solutions\" \/>\n<meta property=\"og:url\" content=\"https:\/\/www.vanguardhealthcare.co.uk\/ro_ro\/our-facilities\/\" \/>\n<meta property=\"og:site_name\" content=\"Vanguard Healthcare Solutions\" \/>\n<meta property=\"article:modified_time\" content=\"2026-05-07T16:05:15+00:00\" \/>\n<meta name=\"twitter:card\" content=\"summary_large_image\" \/>\n<meta name=\"twitter:label1\" content=\"Timp estimat pentru citire\" \/>\n\t<meta name=\"twitter:data1\" content=\"1 minut\" \/>\n<script type=\"application\/ld+json\" class=\"yoast-schema-graph\">{\"@context\":\"https:\\\/\\\/schema.org\",\"@graph\":[{\"@type\":\"WebPage\",\"@id\":\"https:\\\/\\\/www.vanguardhealthcare.co.uk\\\/our-facilities\\\/\",\"url\":\"https:\\\/\\\/www.vanguardhealthcare.co.uk\\\/our-facilities\\\/\",\"name\":\"Our Facilities - Vanguard Healthcare Solutions\",\"isPartOf\":{\"@id\":\"https:\\\/\\\/www.vanguardhealthcare.co.uk\\\/#website\"},\"datePublished\":\"2023-06-13T09:58:11+00:00\",\"dateModified\":\"2026-05-07T16:05:15+00:00\",\"breadcrumb\":{\"@id\":\"https:\\\/\\\/www.vanguardhealthcare.co.uk\\\/our-facilities\\\/#breadcrumb\"},\"inLanguage\":\"ro-RO\",\"potentialAction\":[{\"@type\":\"ReadAction\",\"target\":[\"https:\\\/\\\/www.vanguardhealthcare.co.uk\\\/our-facilities\\\/\"]}]},{\"@type\":\"BreadcrumbList\",\"@id\":\"https:\\\/\\\/www.vanguardhealthcare.co.uk\\\/our-facilities\\\/#breadcrumb\",\"itemListElement\":[{\"@type\":\"ListItem\",\"position\":1,\"name\":\"Home\",\"item\":\"https:\\\/\\\/www.vanguardhealthcare.co.uk\\\/\"},{\"@type\":\"ListItem\",\"position\":2,\"name\":\"Our Facilities\"}]},{\"@type\":\"WebSite\",\"@id\":\"https:\\\/\\\/www.vanguardhealthcare.co.uk\\\/#website\",\"url\":\"https:\\\/\\\/www.vanguardhealthcare.co.uk\\\/\",\"name\":\"Vanguard Healthcare Solutions\",\"description\":\"\",\"potentialAction\":[{\"@type\":\"SearchAction\",\"target\":{\"@type\":\"EntryPoint\",\"urlTemplate\":\"https:\\\/\\\/www.vanguardhealthcare.co.uk\\\/?s={search_term_string}\"},\"query-input\":{\"@type\":\"PropertyValueSpecification\",\"valueRequired\":true,\"valueName\":\"search_term_string\"}}],\"inLanguage\":\"ro-RO\"}]}<\/script>\n<!-- \/ Yoast SEO plugin. -->","yoast_head_json":{"title":"Facilit\u0103\u021bile noastre - Solu\u021bii medicale Vanguard","robots":{"index":"index","follow":"follow","max-snippet":"max-snippet:-1","max-image-preview":"max-image-preview:large","max-video-preview":"max-video-preview:-1"},"canonical":"https:\/\/www.vanguardhealthcare.co.uk\/ro_ro\/our-facilities\/","og_locale":"ro_RO","og_type":"article","og_title":"Our Facilities - Vanguard Healthcare Solutions","og_url":"https:\/\/www.vanguardhealthcare.co.uk\/ro_ro\/our-facilities\/","og_site_name":"Vanguard Healthcare Solutions","article_modified_time":"2026-05-07T16:05:15+00:00","twitter_card":"summary_large_image","twitter_misc":{"Timp estimat pentru citire":"1 minut"},"schema":{"@context":"https:\/\/schema.org","@graph":[{"@type":"WebPage","@id":"https:\/\/www.vanguardhealthcare.co.uk\/our-facilities\/","url":"https:\/\/www.vanguardhealthcare.co.uk\/our-facilities\/","name":"Facilit\u0103\u021bile noastre - Solu\u021bii medicale Vanguard","isPartOf":{"@id":"https:\/\/www.vanguardhealthcare.co.uk\/#website"},"datePublished":"2023-06-13T09:58:11+00:00","dateModified":"2026-05-07T16:05:15+00:00","breadcrumb":{"@id":"https:\/\/www.vanguardhealthcare.co.uk\/our-facilities\/#breadcrumb"},"inLanguage":"ro-RO","potentialAction":[{"@type":"ReadAction","target":["https:\/\/www.vanguardhealthcare.co.uk\/our-facilities\/"]}]},{"@type":"BreadcrumbList","@id":"https:\/\/www.vanguardhealthcare.co.uk\/our-facilities\/#breadcrumb","itemListElement":[{"@type":"ListItem","position":1,"name":"Home","item":"https:\/\/www.vanguardhealthcare.co.uk\/"},{"@type":"ListItem","position":2,"name":"Our Facilities"}]},{"@type":"WebSite","@id":"https:\/\/www.vanguardhealthcare.co.uk\/#website","url":"https:\/\/www.vanguardhealthcare.co.uk\/","name":"Vanguard Solu\u021bii de asisten\u021b\u0103 medical\u0103","description":"","potentialAction":[{"@type":"SearchAction","target":{"@type":"EntryPoint","urlTemplate":"https:\/\/www.vanguardhealthcare.co.uk\/?s={search_term_string}"},"query-input":{"@type":"PropertyValueSpecification","valueRequired":true,"valueName":"search_term_string"}}],"inLanguage":"ro-RO"}]}},"_links":{"self":[{"href":"https:\/\/www.vanguardhealthcare.co.uk\/ro_ro\/wp-json\/wp\/v2\/pages\/164","targetHints":{"allow":["GET"]}}],"collection":[{"href":"https:\/\/www.vanguardhealthcare.co.uk\/ro_ro\/wp-json\/wp\/v2\/pages"}],"about":[{"href":"https:\/\/www.vanguardhealthcare.co.uk\/ro_ro\/wp-json\/wp\/v2\/types\/page"}],"author":[{"embeddable":true,"href":"https:\/\/www.vanguardhealthcare.co.uk\/ro_ro\/wp-json\/wp\/v2\/users\/2"}],"replies":[{"embeddable":true,"href":"https:\/\/www.vanguardhealthcare.co.uk\/ro_ro\/wp-json\/wp\/v2\/comments?post=164"}],"version-history":[{"count":0,"href":"https:\/\/www.vanguardhealthcare.co.uk\/ro_ro\/wp-json\/wp\/v2\/pages\/164\/revisions"}],"wp:attachment":[{"href":"https:\/\/www.vanguardhealthcare.co.uk\/ro_ro\/wp-json\/wp\/v2\/media?parent=164"}],"curies":[{"name":"wp","href":"https:\/\/api.w.org\/{rel}","templated":true}]}}