{"id":143,"date":"2023-06-05T15:04:05","date_gmt":"2023-06-05T15:04:05","guid":{"rendered":"https:\/\/www.vanguardhealthcare.co.uk\/?page_id=143"},"modified":"2025-09-18T15:57:19","modified_gmt":"2025-09-18T15:57:19","slug":"careers","status":"publish","type":"page","link":"https:\/\/www.vanguardhealthcare.co.uk\/ro_ro\/careers\/","title":{"rendered":"Cariere"},"content":{"rendered":"<section id=\"section-2-14\" class=\"ct-section\" >\n<div class=\"ct-section-inner-wrap\">\n<div id=\"new_columns-3-14\" class=\"ct-new-columns\" >\n<div id=\"div_block-4-14\" class=\"ct-div-block\" >\n<div id=\"div_block-21-223\" class=\"ct-div-block\" ><a id=\"link_text-13-223\" class=\"ct-link-text\" href=\"\/ro_ro\/\" target=\"_self\"  >Acas\u0103<\/a><a id=\"link_text-25-223\" class=\"ct-link-text\" href=\"http:\/\/\" target=\"_self\"  >&gt;<\/a><\/p>\n<div id=\"text_block-26-223\" class=\"ct-text-block\" ><span id=\"span-27-223\" class=\"ct-span\" >Cariere<\/span><\/div>\n<\/div>\n<div id=\"div_block-17-223\" class=\"ct-div-block\" >\n<h1 id=\"headline-5-14\" class=\"ct-headline\">Face\u021bi parte dintr-o echip\u0103 \u00een expansiune \u00een Marea Britanie<\/h1>\n<\/div>\n<\/div>\n<div id=\"div_block-9-14\" class=\"ct-div-block\" ><link rel='stylesheet' id='oxygen-unslider-css'  href='https:\/\/www.vanguardhealthcare.co.uk\/wp-content\/plugins\/oxygen\/component-framework\/vendor\/unslider\/unslider.css' type='text\/css' media='all'\/>\n<div id=\"slider-88-14\" class=\"ct-slider ct_unique_slider_9472\" >\n<div class=\"oxygen-unslider-container\">\n<ul>\n<li>\n<div id=\"slide-89-14\" class=\"ct-slide\" ><img decoding=\"async\"  id=\"image-96-14\" alt=\"\" src=\"https:\/\/www.vanguardhealthcare.co.uk\/wp-content\/uploads\/2023\/07\/clinical-team-celebration-2-scaled.jpg\" class=\"ct-image\"\/><\/div>\n<\/li>\n<li>\n<div id=\"slide-101-14\" class=\"ct-slide\" ><img decoding=\"async\"  id=\"image-102-14\" alt=\"\" src=\"https:\/\/www.vanguardhealthcare.co.uk\/wp-content\/uploads\/2023\/07\/team-6-1.jpg\" class=\"ct-image\"\/><\/div>\n<\/li>\n<\/ul>\n<\/div>\n<\/div>\n<p><script class=\"ct-slider-script\">jQuery(document).ready(function($){$('#slider-88-14.ct_unique_slider_9472 .oxygen-unslider-container:not(.unslider-horizontal,.unslider-fade)').unslider({autoplay: true, delay: 3000, animation: 'horizontal', speed : 750, arrows: true, nav: false, infinite: true})});<\/script><\/div>\n<\/div>\n<\/div>\n<\/section>\n<section id=\"section-68-14-text-left-white\" class=\"ct-section\" >\n<div class=\"ct-section-inner-wrap\">\n<div id=\"new_columns-69-14text-left-white\" class=\"ct-new-columns\" >\n<div id=\"div_block-70-14\" class=\"ct-div-block\" >\n<h2 id=\"headline-71-14\" class=\"ct-headline\">Cum e s\u0103 lucrezi pentru noi<\/h2>\n<div id=\"_rich_text-72-14\" class=\"oxy-rich-text\" >\n<p dir=\"ltr\">Ne pre\u021buim oamenii \u0219i oferim un mediu de sprijin pentru ca ace\u0219tia s\u0103 \u00eenfloreasc\u0103.&nbsp;<\/p>\n<p dir=\"ltr\">Am continuat s\u0103 lucr\u0103m \u00een mod flexibil de la pandemie \u0219i s\u0103 recunoa\u0219tem echilibrul pozitiv al muncii hibride pentru multe dintre rolurile noastre tradi\u021bionale de asisten\u021b\u0103 la birou.<\/p>\n<p dir=\"ltr\">Suntem o echip\u0103 de sus\u021binere \u0219i grijulie \u0219i am preg\u0103tit personal de prim ajutor \u00een s\u0103n\u0103tate mintal\u0103 \u00een popula\u021bia noastr\u0103 de angaja\u021bi \u0219i o serie de beneficii care ne sus\u021bin bun\u0103starea.<\/p>\n<p dir=\"ltr\">Ne place s\u0103 \u00eenv\u0103\u021b\u0103m \u0219i s\u0103 sprijinim dezvoltarea \u00een \u00eentreaga afacere. Oferim ramburs\u0103ri pentru abonamentele profesionale \u00een fiecare an \u0219i sprijinim mul\u021bi dintre membrii echipei noastre cu studii profesionale ca parte a dezvolt\u0103rii carierei lor.&nbsp;<\/p>\n<p dir=\"ltr\">Cu o echip\u0103 \u00een cre\u0219tere rapid\u0103 de peste 150 de colegi la nivel interna\u021bional, valorile noastre definesc modul \u00een care facem afaceri cu clien\u021bii no\u0219tri, intern \u0219i extern: Axat pe pacient; inovator; receptiv; Pasionat; Lucru in echipa.<\/p>\n<p dir=\"ltr\">Rezultatele sondajului nostru de implicare din 2023 demonstreaz\u0103 angajamentul nostru fa\u021b\u0103 de oamenii no\u0219tri, cu <strong>82% implicare pozitiv\u0103<\/strong> peste afacere.<\/p>\n<p dir=\"ltr\">Peste <strong>90%<\/strong> a spus popula\u021bia noastr\u0103 de angaja\u021bi din Marea Britanie <em>\u201eRecomand s\u0103 lucrez aici prietenilor \u0219i familiei\u201d<\/em> \u0219i <strong>98%<\/strong> din popula\u021bia noastr\u0103 clinic\u0103 spun <em>\u201eVreau s\u0103 lucrez aici peste 12 luni\u201d<\/em>.<\/p>\n<\/div>\n<\/div>\n<div id=\"div_block-74-14\" class=\"ct-div-block\" ><img decoding=\"async\"  id=\"image-75-14\" alt=\"\" src=\"https:\/\/www.vanguardhealthcare.co.uk\/wp-content\/uploads\/2023\/07\/clinical-team-celebration-3.jpg\" class=\"ct-image\"\/><\/div>\n<\/div>\n<\/div>\n<\/section>\n<section id=\"section-2-802\" class=\"ct-section\" style=\"background-image:linear-gradient(rgba(0,73,131,0.73), rgba(0,73,131,0.73)), url(https:\/\/www.vanguardhealthcare.co.uk\/wp-content\/uploads\/2023\/05\/boulders-right.png);background-size:auto,  auto;\" >\n<div class=\"ct-section-inner-wrap\">\n<div id=\"div_block-3-802\" class=\"ct-div-block\" >\n<div id=\"text_block-5-802\" class=\"ct-text-block\" >Viziunea oamenilor no\u0219tri este:<\/div>\n<div id=\"_rich_text-4-802\" class=\"oxy-rich-text\" >\n<p>Pentru a permite oamenilor no\u0219tri s\u0103 ob\u021bin\u0103 rezultate excep\u021bionale. Facem acest lucru prin crearea de echipe \u00eemputernicite \u0219i agile, sus\u021binute de un leadership autentic \u0219i plin de compasiune \u0219i oferind un mediu incluziv pentru cre\u0219tere.<\/p>\n<\/div>\n<\/div>\n<\/div>\n<\/section>\n<section id=\"text-left-blue\" class=\"ct-section\" >\n<div class=\"ct-section-inner-wrap\">\n<div id=\"new_columns-107-34-blue\" class=\"ct-new-columns\" >\n<div id=\"div_block-108-34\" class=\"ct-div-block\" >\n<h2 id=\"headline-109-34\" class=\"ct-headline\">Beneficiile noastre<\/h2>\n<div id=\"_rich_text-110-34\" class=\"oxy-rich-text\" >\n<p>Oferim pachete salariale competitive \u0219i toate rolurile noastre vin cu urm\u0103toarele beneficii:<\/p>\n<p dir=\"ltr\"><strong>Mod de viata&nbsp;<\/strong><\/p>\n<ul>\n<li dir=\"ltr\">\n<p dir=\"ltr\" role=\"presentation\">5 s\u0103pt\u0103m\u00e2ni de concediu anual (\u00een plus fa\u021b\u0103 de s\u0103rb\u0103torile legale din Marea Britanie)<\/p>\n<\/li>\n<li dir=\"ltr\">\n<p dir=\"ltr\" role=\"presentation\">O op\u021biune de cump\u0103rare\/v\u00e2nzare a \u00eenc\u0103 1 s\u0103pt\u0103m\u00e2n\u0103 de concediu anual<\/p>\n<\/li>\n<li dir=\"ltr\">\n<p dir=\"ltr\" role=\"presentation\">Schema de reduceri pentru angaja\u021bi \u2013 sistem de reduceri online pentru furnizorii de comer\u021b cu am\u0103nuntul, s\u0103n\u0103tate, timp liber \u0219i stil de via\u021b\u0103<\/p>\n<\/li>\n<li dir=\"ltr\">\n<p dir=\"ltr\" role=\"presentation\">Pensia companiei (5% contributie companie si 5% contributie angajat, care poate fi majorata in orice moment)<\/p>\n<\/li>\n<\/ul>\n<\/div>\n<\/div>\n<div id=\"div_block-112-34\" class=\"ct-div-block\" ><img decoding=\"async\"  id=\"image-113-34\" alt=\"\" src=\"https:\/\/www.vanguardhealthcare.co.uk\/wp-content\/uploads\/2023\/07\/team-7-1.jpg\" class=\"ct-image\"\/><\/div>\n<\/div>\n<\/div>\n<\/section>\n<section id=\"section-88-34-blue2\" class=\"ct-section\" >\n<div class=\"ct-section-inner-wrap\">\n<div id=\"new_columns-13-665\" class=\"ct-new-columns\" >\n<div id=\"div_block-14-665\" class=\"ct-div-block\" >\n<div id=\"_rich_text-18-665\" class=\"oxy-rich-text\" >\n<p dir=\"ltr\"><strong>Bun\u0103stare<\/strong><\/p>\n<ul>\n<li dir=\"ltr\">\n<p dir=\"ltr\" role=\"presentation\">Indemniza\u021bie medical\u0103 m\u0103rit\u0103 de la companie&nbsp;<\/p>\n<\/li>\n<li dir=\"ltr\">Plata sporit\u0103 pentru concediul de maternitate, paternitate, adop\u021bie \u0219i concediul parental partajat<\/li>\n<li dir=\"ltr\">\n<p dir=\"ltr\" role=\"presentation\">Rambursare jab grip&nbsp;<\/p>\n<\/li>\n<li dir=\"ltr\">\n<p dir=\"ltr\" role=\"presentation\">Plan de numerar de asisten\u021b\u0103 medical\u0103 prin Paycare, inclusiv rambursare pentru cheltuieli medicale, control de s\u0103n\u0103tate \u0219i terapii alternative<\/p>\n<\/li>\n<li dir=\"ltr\">\n<p dir=\"ltr\" role=\"presentation\">Acces 24\/7 la medicul de familie cu acoperire la nivel mondial \u0219i serviciu privat de prescrip\u021bie medical\u0103<\/p>\n<\/li>\n<li dir=\"ltr\">\n<p dir=\"ltr\" role=\"presentation\">Programul de asisten\u021b\u0103 pentru angaja\u021bi, inclusiv consiliere confiden\u021bial\u0103 \u0219i serviciu de asisten\u021b\u0103 telefonic\u0103<\/p>\n<\/li>\n<li dir=\"ltr\">\n<p dir=\"ltr\" role=\"presentation\">Asigurare de via\u021b\u0103 (echivalent cu 4 ori salariul anual)&nbsp;<\/p>\n<\/li>\n<li dir=\"ltr\">\n<p dir=\"ltr\" role=\"presentation\">Schema de la ciclu la munc\u0103<\/p>\n<\/li>\n<li dir=\"ltr\">Schema Tusker Car - un beneficiu de sacrificiu salarial pentru angaja\u021bi, care le permite s\u0103 conduc\u0103 o ma\u0219in\u0103 nou-nou\u021b\u0103, complet asigurat\u0103 \u0219i \u00eentre\u021binut\u0103, contra unui cost lunar fix, dedus din salariul lor.<\/li>\n<li dir=\"ltr\">YellowNest - un beneficiu de sacrificiu salarial conceput pentru a economisi bani p\u0103rin\u021bilor la taxele de \u00eengrijire a copiilor<\/li>\n<li dir=\"ltr\">\n<p dir=\"ltr\" role=\"presentation\">Serviciul de s\u0103n\u0103tate a muncii<\/p>\n<\/li>\n<li dir=\"ltr\">\n<p dir=\"ltr\" role=\"presentation\">Primul ajutor \u00een s\u0103n\u0103tate mintal\u0103 prin personalul de prim ajutor \u00een s\u0103n\u0103tate mintal\u0103 instrui\u021bi \u00een \u00eentreaga organiza\u021bie<\/p>\n<\/li>\n<\/ul>\n<p dir=\"ltr\"><strong>Dezvoltare<\/strong><\/p>\n<ul>\n<li dir=\"ltr\">\n<p dir=\"ltr\" role=\"presentation\">Rambursarea abonamentului profesional anual<\/p>\n<\/li>\n<li dir=\"ltr\">\n<p dir=\"ltr\" role=\"presentation\">Sprijin pentru studii profesionale ca parte a dezvolt\u0103rii carierei<\/p>\n<\/li>\n<\/ul>\n<p>&nbsp;<\/p>\n<p>Dac\u0103 v\u0103 al\u0103tura\u021bi afacerii noastre Vanguard Modular, pachetul dvs. de beneficii va fi discutat la interviu.<\/p>\n<\/div>\n<\/div>\n<div id=\"div_block-16-665\" class=\"ct-div-block\" >\n<div id=\"_rich_text-19-665\" class=\"oxy-rich-text\" >\n<p dir=\"ltr\"><strong>Recunoa\u0219terea angaja\u021bilor<\/strong><\/p>\n<p dir=\"ltr\">Ne recunoa\u0219tem \u00een mod regulat oamenii prin urm\u0103toarele activit\u0103\u021bi de recunoa\u0219tere:<\/p>\n<ul>\n<li dir=\"ltr\">\n<p dir=\"ltr\" role=\"presentation\">Recunoa\u0219tere \u00eendelungat\u0103 a serviciului<\/p>\n<\/li>\n<li dir=\"ltr\">\n<p dir=\"ltr\" role=\"presentation\">Vanguard valoreaz\u0103 premiile<\/p>\n<\/li>\n<li dir=\"ltr\">\n<p dir=\"ltr\" role=\"presentation\">Evenimente de s\u0103rb\u0103torire a angaja\u021bilor<\/p>\n<\/li>\n<\/ul>\n<p dir=\"ltr\"><strong>de mediu, social \u0219i guvernan\u021b\u0103<\/strong><\/p>\n<ul>\n<li dir=\"ltr\">\n<p dir=\"ltr\" role=\"presentation\">Oferim oportunit\u0103\u021bi membrilor echipei de a se implica \u00een activit\u0103\u021bi \u0219i ini\u021biative, inclusiv zile de voluntariat (1 \u2013 3 zile pl\u0103tite) care sus\u021bin ESG \u0219i angajamentele noastre<\/p>\n<\/li>\n<\/ul>\n<p dir=\"ltr\"><strong>Urm\u0103toarele beneficii depind de rol:<\/strong><\/p>\n<ul>\n<li dir=\"ltr\">\n<p dir=\"ltr\" role=\"presentation\">Ma\u0219in\u0103 de companie sau aloca\u021bie pentru ma\u0219in\u0103<\/p>\n<\/li>\n<li dir=\"ltr\">\n<p dir=\"ltr\" role=\"presentation\">Func\u021bionare hibrid\u0103&nbsp;<\/p>\n<\/li>\n<li dir=\"ltr\">\n<p dir=\"ltr\" role=\"presentation\">Parcare gratuit\u0103 \u2013 parcare la fa\u021ba locului, inclusiv puncte de \u00eenc\u0103rcare pentru ma\u0219ini electrice<\/p>\n<\/li>\n<li dir=\"ltr\">\n<p dir=\"ltr\" role=\"presentation\">Cheltuieli de c\u0103l\u0103torie \u0219i cazare<\/p>\n<\/li>\n<\/ul>\n<\/div>\n<\/div>\n<\/div>\n<\/div>\n<\/section>\n<section id=\"section-68-14-text-left-white\" class=\"ct-section\" >\n<div class=\"ct-section-inner-wrap\">\n<div id=\"new_columns-69-14text-left-white\" class=\"ct-new-columns\" >\n<div id=\"div_block-70-14\" class=\"ct-div-block\" >\n<h2 id=\"headline-71-14\" class=\"ct-headline\">Valorile noastre<\/h2>\n<div id=\"_rich_text-72-14\" class=\"oxy-rich-text\" >\n<p dir=\"ltr\">Alese de angaja\u021bii no\u0219tri, valorile noastre stau la baza tot ceea ce facem.<\/p>\n<p dir=\"ltr\">Oferim infrastructur\u0103 clinic\u0103 \u0219i cuno\u0219tin\u021be cu viteza necesar\u0103 pentru a extinde capacitatea, a controla calea clinic\u0103 \u0219i a oferi \u00eengrijiri ne\u00eentrerupte concentrate pe pacient.<\/p>\n<p dir=\"ltr\">Valorile Vanguard Healthcare Solutions au fost decise printr-un program de implicare consultativ\u0103 care a inclus participarea \u00eentregii noastre echipe. Ne angaj\u0103m s\u0103 reprezent\u0103m aceste valori prin procesele, produsele, serviciile \u0219i interac\u021biunile sale cu clien\u021bii interni \u0219i externi.<\/p>\n<p dir=\"ltr\">Valorile de mai jos au fost alese prin consens. Ele articuleaz\u0103 cel mai bine modurile \u00een care asigur\u0103m furnizarea de calitate \u0219i valoare pentru p\u0103r\u021bile interesate externe \u0219i pentru comunitatea mai larg\u0103 de pacien\u021bi pe care o servim.<\/p>\n<\/div>\n<\/div>\n<div id=\"div_block-74-14\" class=\"ct-div-block\" ><img decoding=\"async\"  id=\"image-75-14\" alt=\"\" src=\"https:\/\/www.vanguardhealthcare.co.uk\/wp-content\/uploads\/2023\/07\/nhs-75-2.jpg\" class=\"ct-image\"\/><\/div>\n<\/div>\n<\/div>\n<\/section>\n<section id=\"section-2-149\" class=\"ct-section\" >\n<div class=\"ct-section-inner-wrap\">\n<div id=\"div_block-5-149\" class=\"ct-div-block\" >\n<div id=\"div_block-10-149\" class=\"ct-div-block\" ><img decoding=\"async\"  id=\"image-11-149\" alt=\"Passionate\" src=\"https:\/\/www.vanguardhealthcare.co.uk\/wp-content\/uploads\/2023\/06\/passionate.png\" class=\"ct-image\"\/><\/p>\n<div id=\"text_block-12-149\" class=\"ct-text-block\" >Pasionat<\/div>\n<\/div>\n<\/div>\n<div id=\"div_block-6-149\" class=\"ct-div-block\" >\n<div id=\"div_block-13-149\" class=\"ct-div-block\" ><img decoding=\"async\"  id=\"image-14-149\" alt=\"Patient focussed\" src=\"https:\/\/www.vanguardhealthcare.co.uk\/wp-content\/uploads\/2023\/06\/patient-focussed.png\" class=\"ct-image\"\/><\/p>\n<div id=\"text_block-15-149\" class=\"ct-text-block\" >Axat pe pacient<\/div>\n<\/div>\n<\/div>\n<div id=\"div_block-7-149\" class=\"ct-div-block\" >\n<div id=\"div_block-17-149\" class=\"ct-div-block\" ><img decoding=\"async\"  id=\"image-18-149\" alt=\"Responsive\" src=\"https:\/\/www.vanguardhealthcare.co.uk\/wp-content\/uploads\/2023\/06\/responsive.png\" class=\"ct-image\"\/><\/p>\n<div id=\"text_block-19-149\" class=\"ct-text-block\" >Receptiv<\/div>\n<\/div>\n<\/div>\n<div id=\"div_block-8-149\" class=\"ct-div-block\" >\n<div id=\"div_block-21-149\" class=\"ct-div-block\" ><img decoding=\"async\"  id=\"image-22-149\" alt=\"Teamwork\" src=\"https:\/\/www.vanguardhealthcare.co.uk\/wp-content\/uploads\/2023\/06\/teamwork.png\" class=\"ct-image\"\/><\/p>\n<div id=\"text_block-23-149\" class=\"ct-text-block\" >lucru in echipa<\/div>\n<\/div>\n<\/div>\n<div id=\"div_block-9-149\" class=\"ct-div-block\" >\n<div id=\"div_block-25-149\" class=\"ct-div-block\" ><img decoding=\"async\"  id=\"image-26-149\" alt=\"Innovative\" src=\"https:\/\/www.vanguardhealthcare.co.uk\/wp-content\/uploads\/2023\/06\/innovative.png\" class=\"ct-image\"\/><\/p>\n<div id=\"text_block-27-149\" class=\"ct-text-block\" >Inovatoare<\/div>\n<\/div>\n<\/div>\n<\/div>\n<\/section>\n<section id=\"section-132-34\" class=\"ct-section\" >\n<div class=\"ct-section-inner-wrap\">\n<div id=\"new_columns-133-34\" class=\"ct-new-columns\" >\n<div id=\"div_block-138-34\" class=\"ct-div-block\" ><img decoding=\"async\"  id=\"image-139-34\" alt=\"\" src=\"https:\/\/www.vanguardhealthcare.co.uk\/wp-content\/uploads\/2023\/07\/nhs-75-5.jpg\" class=\"ct-image\"\/><\/div>\n<div id=\"div_block-134-34\" class=\"ct-div-block\" >\n<h2 id=\"headline-135-34\" class=\"ct-headline\">G\u0103se\u0219te-\u021bi calea \u00een carier\u0103<\/h2>\n<div id=\"_rich_text-136-34\" class=\"oxy-rich-text\" >\n<p dir=\"ltr\">Indiferent dac\u0103 v\u0103 bucura\u021bi de un rol care se confrunt\u0103 cu r\u0103bdare sau de un rol care sus\u021bine afacerea noastr\u0103 \u00een cre\u0219tere, avem o serie de oportunit\u0103\u021bi de a ni se al\u0103tura \u00een c\u0103l\u0103toria noastr\u0103 interesant\u0103, pe m\u0103sur\u0103 ce trecem \u00een urm\u0103toarea faz\u0103 a viitorului nostru, \u00een realizarea ambi\u021biei noastre de cre\u0219tere.&nbsp;<\/p>\n<p dir=\"ltr\">Ne atingem obiectivele lucr\u00e2nd \u00eempreun\u0103 ca o echip\u0103 aliniat\u0103 la valorile noastre.<\/p>\n<p dir=\"ltr\">Aspir\u0103m s\u0103 avem un loc de munc\u0103 divers \u0219i incluziv \u0219i \u00eencuraj\u0103m cu t\u0103rie candida\u021bii califica\u021bi corespunz\u0103tor dintr-o gam\u0103 larg\u0103 de medii s\u0103 aplice pentru a se al\u0103tura echipei noastre.<\/p>\n<\/div>\n<\/div>\n<\/div>\n<\/div>\n<\/section>","protected":false},"excerpt":{"rendered":"","protected":false},"author":2,"featured_media":0,"parent":0,"menu_order":0,"comment_status":"closed","ping_status":"closed","template":"","meta":{"_acf_changed":false,"footnotes":""},"class_list":["post-143","page","type-page","status-publish","format-standard","hentry"],"acf":[],"yoast_head":"<!-- This site is optimized with the Yoast SEO plugin v27.4 - https:\/\/yoast.com\/product\/yoast-seo-wordpress\/ -->\n<title>Careers - Vanguard Healthcare Solutions<\/title>\n<meta name=\"robots\" content=\"index, follow, max-snippet:-1, max-image-preview:large, max-video-preview:-1\" \/>\n<link rel=\"canonical\" href=\"https:\/\/www.vanguardhealthcare.co.uk\/ro_ro\/careers\/\" \/>\n<meta property=\"og:locale\" content=\"ro_RO\" \/>\n<meta property=\"og:type\" content=\"article\" \/>\n<meta property=\"og:title\" content=\"Careers - Vanguard Healthcare Solutions\" \/>\n<meta property=\"og:url\" content=\"https:\/\/www.vanguardhealthcare.co.uk\/ro_ro\/careers\/\" \/>\n<meta property=\"og:site_name\" content=\"Vanguard Healthcare Solutions\" \/>\n<meta property=\"article:modified_time\" content=\"2025-09-18T15:57:19+00:00\" \/>\n<meta name=\"twitter:card\" content=\"summary_large_image\" \/>\n<meta name=\"twitter:label1\" content=\"Timp estimat pentru citire\" \/>\n\t<meta name=\"twitter:data1\" content=\"1 minut\" \/>\n<script type=\"application\/ld+json\" class=\"yoast-schema-graph\">{\"@context\":\"https:\\\/\\\/schema.org\",\"@graph\":[{\"@type\":\"WebPage\",\"@id\":\"https:\\\/\\\/www.vanguardhealthcare.co.uk\\\/careers\\\/\",\"url\":\"https:\\\/\\\/www.vanguardhealthcare.co.uk\\\/careers\\\/\",\"name\":\"Careers - Vanguard Healthcare Solutions\",\"isPartOf\":{\"@id\":\"https:\\\/\\\/www.vanguardhealthcare.co.uk\\\/#website\"},\"datePublished\":\"2023-06-05T15:04:05+00:00\",\"dateModified\":\"2025-09-18T15:57:19+00:00\",\"breadcrumb\":{\"@id\":\"https:\\\/\\\/www.vanguardhealthcare.co.uk\\\/careers\\\/#breadcrumb\"},\"inLanguage\":\"ro-RO\",\"potentialAction\":[{\"@type\":\"ReadAction\",\"target\":[\"https:\\\/\\\/www.vanguardhealthcare.co.uk\\\/careers\\\/\"]}]},{\"@type\":\"BreadcrumbList\",\"@id\":\"https:\\\/\\\/www.vanguardhealthcare.co.uk\\\/careers\\\/#breadcrumb\",\"itemListElement\":[{\"@type\":\"ListItem\",\"position\":1,\"name\":\"Home\",\"item\":\"https:\\\/\\\/www.vanguardhealthcare.co.uk\\\/\"},{\"@type\":\"ListItem\",\"position\":2,\"name\":\"Careers\"}]},{\"@type\":\"WebSite\",\"@id\":\"https:\\\/\\\/www.vanguardhealthcare.co.uk\\\/#website\",\"url\":\"https:\\\/\\\/www.vanguardhealthcare.co.uk\\\/\",\"name\":\"Vanguard Healthcare Solutions\",\"description\":\"\",\"potentialAction\":[{\"@type\":\"SearchAction\",\"target\":{\"@type\":\"EntryPoint\",\"urlTemplate\":\"https:\\\/\\\/www.vanguardhealthcare.co.uk\\\/?s={search_term_string}\"},\"query-input\":{\"@type\":\"PropertyValueSpecification\",\"valueRequired\":true,\"valueName\":\"search_term_string\"}}],\"inLanguage\":\"ro-RO\"}]}<\/script>\n<!-- \/ Yoast SEO plugin. -->","yoast_head_json":{"title":"Cariere - Solu\u021bii medicale Vanguard","robots":{"index":"index","follow":"follow","max-snippet":"max-snippet:-1","max-image-preview":"max-image-preview:large","max-video-preview":"max-video-preview:-1"},"canonical":"https:\/\/www.vanguardhealthcare.co.uk\/ro_ro\/careers\/","og_locale":"ro_RO","og_type":"article","og_title":"Careers - Vanguard Healthcare Solutions","og_url":"https:\/\/www.vanguardhealthcare.co.uk\/ro_ro\/careers\/","og_site_name":"Vanguard Healthcare Solutions","article_modified_time":"2025-09-18T15:57:19+00:00","twitter_card":"summary_large_image","twitter_misc":{"Timp estimat pentru citire":"1 minut"},"schema":{"@context":"https:\/\/schema.org","@graph":[{"@type":"WebPage","@id":"https:\/\/www.vanguardhealthcare.co.uk\/careers\/","url":"https:\/\/www.vanguardhealthcare.co.uk\/careers\/","name":"Cariere - Solu\u021bii medicale Vanguard","isPartOf":{"@id":"https:\/\/www.vanguardhealthcare.co.uk\/#website"},"datePublished":"2023-06-05T15:04:05+00:00","dateModified":"2025-09-18T15:57:19+00:00","breadcrumb":{"@id":"https:\/\/www.vanguardhealthcare.co.uk\/careers\/#breadcrumb"},"inLanguage":"ro-RO","potentialAction":[{"@type":"ReadAction","target":["https:\/\/www.vanguardhealthcare.co.uk\/careers\/"]}]},{"@type":"BreadcrumbList","@id":"https:\/\/www.vanguardhealthcare.co.uk\/careers\/#breadcrumb","itemListElement":[{"@type":"ListItem","position":1,"name":"Home","item":"https:\/\/www.vanguardhealthcare.co.uk\/"},{"@type":"ListItem","position":2,"name":"Careers"}]},{"@type":"WebSite","@id":"https:\/\/www.vanguardhealthcare.co.uk\/#website","url":"https:\/\/www.vanguardhealthcare.co.uk\/","name":"Vanguard Solu\u021bii de asisten\u021b\u0103 medical\u0103","description":"","potentialAction":[{"@type":"SearchAction","target":{"@type":"EntryPoint","urlTemplate":"https:\/\/www.vanguardhealthcare.co.uk\/?s={search_term_string}"},"query-input":{"@type":"PropertyValueSpecification","valueRequired":true,"valueName":"search_term_string"}}],"inLanguage":"ro-RO"}]}},"_links":{"self":[{"href":"https:\/\/www.vanguardhealthcare.co.uk\/ro_ro\/wp-json\/wp\/v2\/pages\/143","targetHints":{"allow":["GET"]}}],"collection":[{"href":"https:\/\/www.vanguardhealthcare.co.uk\/ro_ro\/wp-json\/wp\/v2\/pages"}],"about":[{"href":"https:\/\/www.vanguardhealthcare.co.uk\/ro_ro\/wp-json\/wp\/v2\/types\/page"}],"author":[{"embeddable":true,"href":"https:\/\/www.vanguardhealthcare.co.uk\/ro_ro\/wp-json\/wp\/v2\/users\/2"}],"replies":[{"embeddable":true,"href":"https:\/\/www.vanguardhealthcare.co.uk\/ro_ro\/wp-json\/wp\/v2\/comments?post=143"}],"version-history":[{"count":0,"href":"https:\/\/www.vanguardhealthcare.co.uk\/ro_ro\/wp-json\/wp\/v2\/pages\/143\/revisions"}],"wp:attachment":[{"href":"https:\/\/www.vanguardhealthcare.co.uk\/ro_ro\/wp-json\/wp\/v2\/media?parent=143"}],"curies":[{"name":"wp","href":"https:\/\/api.w.org\/{rel}","templated":true}]}}