{"id":8357,"date":"2026-03-03T12:30:31","date_gmt":"2026-03-03T12:30:31","guid":{"rendered":"https:\/\/www.vanguardhealthcare.co.uk\/?page_id=8357"},"modified":"2026-03-03T12:30:32","modified_gmt":"2026-03-03T12:30:32","slug":"working-in-partnership-with-portland-clinical","status":"publish","type":"page","link":"https:\/\/www.vanguardhealthcare.co.uk\/pt_pt\/working-in-partnership-with-portland-clinical\/","title":{"rendered":"Em parceria com a Portland Clinical"},"content":{"rendered":"<section id=\"section-2-59\" class=\"ct-section\" style=\"background-image:url(https:\/\/www.vanguardhealthcare.co.uk\/wp-content\/uploads\/2023\/05\/boulders-right.png);background-size: auto;\" >\n<div class=\"ct-section-inner-wrap\">\n<div id=\"div_block-8-59\" class=\"ct-div-block\" ><a id=\"link_text-6-59\" class=\"ct-link-text\" href=\"\/pt_pt\/\" target=\"_self\"  >Lar<\/a><\/p>\n<h1 id=\"headline-3-59\" class=\"ct-headline\"><span id=\"span-4-59\" class=\"ct-span\" >Em parceria com a Portland Clinical<\/span><\/h1>\n<\/div>\n<\/div>\n<\/section>\n<section id=\"section-68-14-text-left-white\" class=\"ct-section\" >\n<div class=\"ct-section-inner-wrap\">\n<div id=\"new_columns-69-14text-left-white\" class=\"ct-new-columns\" >\n<div id=\"div_block-70-14\" class=\"ct-div-block\" >\n<h2 id=\"headline-71-14\" class=\"ct-headline\"><\/h2>\n<div id=\"_rich_text-72-14\" class=\"oxy-rich-text\" >\n<p data-start=\"50\" data-end=\"432\">A Vanguard Healthcare Solutions tem orgulho de trabalhar em colabora\u00e7\u00e3o com a Portland Clinical, uma provedora de servi\u00e7os de sa\u00fade registrada pela CQC, que oferece servi\u00e7os cl\u00ednicos internos e comunit\u00e1rios em todo o Reino Unido. Juntos, apoiamos os NHS Trusts e os Sistemas Integrados de Sa\u00fade (ICS) a expandir a capacidade, reduzir as listas de espera e proteger as metas de recupera\u00e7\u00e3o de cirurgias eletivas por meio de cuidados seguros, de alta qualidade e centrados no paciente.<\/p>\n<p class=\"MsoNormal\">&nbsp;<\/p>\n<p data-start=\"434\" data-end=\"858\">Esta parceria re\u00fane for\u00e7as complementares. A Portland Clinical oferece uma equipe liderada por consultores, estruturas de governan\u00e7a estabelecidas e expertise em gest\u00e3o de fluxos de atendimento. A Vanguard Healthcare Solutions fornece instala\u00e7\u00f5es modulares de alta qualidade, salas cir\u00fargicas m\u00f3veis e ambientes cl\u00ednicos totalmente equipados. Juntas, oferecemos solu\u00e7\u00f5es integradas e prontas para uso, projetadas para responder de forma r\u00e1pida e eficaz \u00e0s press\u00f5es do sistema.<\/p>\n<\/div>\n<\/div>\n<div id=\"div_block-74-14\" class=\"ct-div-block\" ><img decoding=\"async\"  id=\"image-75-14\" alt=\"\" src=\"https:\/\/www.vanguardhealthcare.co.uk\/wp-content\/uploads\/2024\/08\/Vanguard-team.jpg\" class=\"ct-image\"\/><\/div>\n<\/div>\n<\/div>\n<\/section>\n<section id=\"section-132-34\" class=\"ct-section\" >\n<div class=\"ct-section-inner-wrap\">\n<div id=\"new_columns-133-34\" class=\"ct-new-columns\" >\n<div id=\"div_block-138-34\" class=\"ct-div-block\" ><img decoding=\"async\"  id=\"image-139-34\" alt=\"\" src=\"https:\/\/www.vanguardhealthcare.co.uk\/wp-content\/uploads\/2025\/12\/Nurse-Base.jpg\" class=\"ct-image\"\/><\/div>\n<div id=\"div_block-134-34\" class=\"ct-div-block\" >\n<h2 id=\"headline-135-34\" class=\"ct-headline\">O que entregamos juntos<\/h2>\n<div id=\"_rich_text-136-34\" class=\"oxy-rich-text\" >\n<h3 data-start=\"889\" data-end=\"912\">Internaliza\u00e7\u00e3o cl\u00ednica<\/h3>\n<p data-start=\"914\" data-end=\"1053\">Em parceria, oferecemos modelos de internaliza\u00e7\u00e3o estruturados e de alto impacto que apoiam a recupera\u00e7\u00e3o eletiva e a melhoria do desempenho, incluindo:<\/p>\n<ul data-start=\"1055\" data-end=\"1315\">\n<li data-start=\"1055\" data-end=\"1108\">\n<p data-start=\"1057\" data-end=\"1108\">Caminhos cir\u00fargicos e n\u00e3o cir\u00fargicos liderados por consultores<\/p>\n<\/li>\n<li data-start=\"1109\" data-end=\"1161\">\n<p data-start=\"1111\" data-end=\"1161\">Programas eletivos de recupera\u00e7\u00e3o de atrasos de alto volume<\/p>\n<\/li>\n<li data-start=\"1162\" data-end=\"1207\">\n<p data-start=\"1164\" data-end=\"1207\">Modelos de opera\u00e7\u00e3o de fim de semana e de jornada estendida<\/p>\n<\/li>\n<li data-start=\"1208\" data-end=\"1260\">\n<p data-start=\"1210\" data-end=\"1260\">Suporte para recupera\u00e7\u00e3o e melhoria de desempenho do RTT<\/p>\n<\/li>\n<li data-start=\"1261\" data-end=\"1315\">\n<p data-start=\"1263\" data-end=\"1315\">Supervis\u00e3o completa da governan\u00e7a alinhada aos padr\u00f5es da CQC<\/p>\n<\/li>\n<\/ul>\n<p class=\"MsoNormal\">&nbsp;<\/p>\n<p data-start=\"1317\" data-end=\"1465\">Ao alinhar a presta\u00e7\u00e3o de servi\u00e7os cl\u00ednicos com um planejamento operacional robusto e instala\u00e7\u00f5es de alta qualidade, ajudamos os hospitais a aumentar a atividade de forma segura e sustent\u00e1vel.<\/p>\n<\/div>\n<\/div>\n<\/div>\n<\/div>\n<\/section>\n<section id=\"section-68-14-text-left-white\" class=\"ct-section\" >\n<div class=\"ct-section-inner-wrap\">\n<div id=\"new_columns-69-14text-left-white\" class=\"ct-new-columns\" >\n<div id=\"div_block-70-14\" class=\"ct-div-block\" >\n<h2 id=\"headline-71-14\" class=\"ct-headline\">Integra\u00e7\u00e3o de instala\u00e7\u00f5es modulares e m\u00f3veis<\/h2>\n<div id=\"_rich_text-72-14\" class=\"oxy-rich-text\" >\n<p data-start=\"1512\" data-end=\"1718\">A experi\u00eancia da Vanguard em infraestrutura de implanta\u00e7\u00e3o r\u00e1pida, aliada \u00e0 lideran\u00e7a cl\u00ednica da Portland Clinical, possibilita a entrega de ambientes cir\u00fargicos completos e operacionais. Nossa oferta conjunta inclui:<\/p>\n<ul data-start=\"1720\" data-end=\"1991\">\n<li data-start=\"1720\" data-end=\"1772\">\n<p data-start=\"1722\" data-end=\"1772\">Implanta\u00e7\u00e3o r\u00e1pida de salas de cirurgia e enfermarias<\/p>\n<\/li>\n<li data-start=\"1773\" data-end=\"1830\">\n<p data-start=\"1775\" data-end=\"1830\">Centros cir\u00fargicos independentes para proteger a capacidade de cirurgias eletivas.<\/p>\n<\/li>\n<li data-start=\"1831\" data-end=\"1891\">\n<p data-start=\"1833\" data-end=\"1891\">Capacidade de decanta\u00e7\u00e3o durante reformas ou press\u00e3o sobre os im\u00f3veis<\/p>\n<\/li>\n<li data-start=\"1892\" data-end=\"1951\">\n<p data-start=\"1894\" data-end=\"1951\">Modelos de servi\u00e7os gerenciados que combinam instala\u00e7\u00f5es e for\u00e7a de trabalho.<\/p>\n<\/li>\n<li data-start=\"1952\" data-end=\"1991\">\n<p data-start=\"1954\" data-end=\"1991\">Mobiliza\u00e7\u00e3o operacional de ponta a ponta<\/p>\n<\/li>\n<\/ul>\n<p class=\"MsoNormal\">&nbsp;<\/p>\n<p data-start=\"1993\" data-end=\"2126\">Essa abordagem integrada permite que os parceiros do NHS acessem tanto a capacidade f\u00edsica quanto equipes cl\u00ednicas qualificadas em uma solu\u00e7\u00e3o coordenada.<\/p>\n<\/div>\n<\/div>\n<div id=\"div_block-74-14\" class=\"ct-div-block\" ><img decoding=\"async\"  id=\"image-75-14\" alt=\"\" src=\"https:\/\/www.vanguardhealthcare.co.uk\/wp-content\/uploads\/2025\/11\/DJI_20250619160710_0016_D-min.jpg\" class=\"ct-image\"\/><\/div>\n<\/div>\n<\/div>\n<\/section>\n<section id=\"section-132-34\" class=\"ct-section\" >\n<div class=\"ct-section-inner-wrap\">\n<div id=\"new_columns-133-34\" class=\"ct-new-columns\" >\n<div id=\"div_block-138-34\" class=\"ct-div-block\" ><img decoding=\"async\"  id=\"image-139-34\" alt=\"\" src=\"https:\/\/www.vanguardhealthcare.co.uk\/wp-content\/uploads\/2025\/12\/Exterior-front-1-scaled.jpg\" class=\"ct-image\"\/><\/div>\n<div id=\"div_block-134-34\" class=\"ct-div-block\" >\n<h2 id=\"headline-135-34\" class=\"ct-headline\">Servi\u00e7os Comunit\u00e1rios e de Diagn\u00f3stico<\/h2>\n<div id=\"_rich_text-136-34\" class=\"oxy-rich-text\" >\n<p data-start=\"2167\" data-end=\"2308\">Trabalhamos tamb\u00e9m em conjunto para fortalecer a oferta de servi\u00e7os comunit\u00e1rios e de diagn\u00f3stico, ajudando os sistemas a gerir a procura mais perto de casa. Os servi\u00e7os incluem:<\/p>\n<ul data-start=\"2310\" data-end=\"2482\">\n<li data-start=\"2310\" data-end=\"2347\">\n<p data-start=\"2312\" data-end=\"2347\">Cl\u00ednicas ambulatoriais e de diagn\u00f3stico<\/p>\n<\/li>\n<li data-start=\"2348\" data-end=\"2385\">\n<p data-start=\"2350\" data-end=\"2385\">percursos eletivos baseados na comunidade<\/p>\n<\/li>\n<li data-start=\"2386\" data-end=\"2424\">\n<p data-start=\"2388\" data-end=\"2424\">Servi\u00e7os de sa\u00fade mental e terapia<\/p>\n<\/li>\n<li data-start=\"2425\" data-end=\"2482\">\n<p data-start=\"2427\" data-end=\"2482\">Triagem de pacientes e gest\u00e3o de fluxos de pacientes habilitadas por tecnologia digital<\/p>\n<\/li>\n<\/ul>\n<p class=\"MsoNormal\">&nbsp;<\/p>\n<p data-start=\"2484\" data-end=\"2611\">Ao combinar infraestrutura, for\u00e7a de trabalho e planejamento de fluxos de pacientes, apoiamos fluxos mais eficientes e melhor acesso aos cuidados de sa\u00fade.<\/p>\n<\/div>\n<\/div>\n<\/div>\n<\/div>\n<\/section>\n<section id=\"section-68-14-text-left-white\" class=\"ct-section\" >\n<div class=\"ct-section-inner-wrap\">\n<div id=\"new_columns-69-14text-left-white\" class=\"ct-new-columns\" >\n<div id=\"div_block-70-14\" class=\"ct-div-block\" >\n<h2 id=\"headline-71-14\" class=\"ct-headline\">Por que essa parceria \u00e9 importante<\/h2>\n<div id=\"_rich_text-72-14\" class=\"oxy-rich-text\" >\n<p data-start=\"2646\" data-end=\"2856\">O NHS continua a enfrentar desafios significativos de capacidade em salas de cirurgia, diagn\u00f3sticos e servi\u00e7os eletivos. Para lidar com essas press\u00f5es, s\u00e3o necess\u00e1rias solu\u00e7\u00f5es escal\u00e1veis, que estejam em conformidade com as normas e que sejam operacionalmente robustas.<\/p>\n<p data-start=\"2858\" data-end=\"2960\">Por meio de nossa colabora\u00e7\u00e3o com a Portland Clinical, a Vanguard Healthcare Solutions fornece aos sistemas de sa\u00fade:<\/p>\n<ul data-start=\"2962\" data-end=\"3204\">\n<li data-start=\"2962\" data-end=\"3026\">\n<p data-start=\"2964\" data-end=\"3026\">Capacidade adicional escal\u00e1vel sem \u00f4nus de longo prazo para a infraestrutura.<\/p>\n<\/li>\n<li data-start=\"3027\" data-end=\"3073\">\n<p data-start=\"3029\" data-end=\"3073\">Mobiliza\u00e7\u00e3o r\u00e1pida com governan\u00e7a assegurada<\/p>\n<\/li>\n<li data-start=\"3074\" data-end=\"3107\">\n<p data-start=\"3076\" data-end=\"3107\">presta\u00e7\u00e3o de servi\u00e7os cl\u00ednicos alinhados com a CQC<\/p>\n<\/li>\n<li data-start=\"3108\" data-end=\"3159\">\n<p data-start=\"3110\" data-end=\"3159\">Relat\u00f3rios integrados e gest\u00e3o de desempenho<\/p>\n<\/li>\n<li data-start=\"3160\" data-end=\"3204\">\n<p data-start=\"3162\" data-end=\"3204\">Uma abordagem colaborativa e focada no sistema.<\/p>\n<\/li>\n<\/ul>\n<p data-start=\"1512\" data-end=\"1718\">&nbsp;<\/p>\n<p data-start=\"3206\" data-end=\"3360\" data-is-last-node=\"\" data-is-only-node=\"\">Juntos, estamos permitindo que as organiza\u00e7\u00f5es do NHS expandam sua capacidade de atendimento com seguran\u00e7a e rapidez, protejam a recupera\u00e7\u00e3o eletiva e ofere\u00e7am atendimento oportuno aos pacientes em todo o Reino Unido.<\/p>\n<\/div>\n<\/div>\n<div id=\"div_block-74-14\" class=\"ct-div-block\" ><img decoding=\"async\"  id=\"image-75-14\" alt=\"\" src=\"https:\/\/www.vanguardhealthcare.co.uk\/wp-content\/uploads\/2023\/10\/Every-clinical-team-member-brings-their-expertise-and-experience-image-scaled.jpg\" class=\"ct-image\"\/><\/div>\n<\/div>\n<\/div>\n<\/section>\n<section id=\"section-144-59\" class=\"ct-section\" >\n<div class=\"ct-section-inner-wrap\">\n<div id=\"new_columns-145-59\" class=\"ct-new-columns\" >\n<div id=\"div_block-146-59\" class=\"ct-div-block\" >\n<div id=\"_rich_text-9-63\" class=\"oxy-rich-text\" >\n<p>Encontrar uma solu\u00e7\u00e3o que funcione para o seu hospital come\u00e7a aqui\u2026<\/p>\n<\/div>\n<p><a id=\"link_button-149-59\" class=\"ct-link-button\" href=\"\/pt_pt\/contact\/\" target=\"_self\"  >Entrar em contato<\/a><\/div>\n<div id=\"div_block-150-59\" class=\"ct-div-block\" ><img decoding=\"async\"  id=\"image-151-59\" alt=\"\" src=\"https:\/\/www.vanguardhealthcare.co.uk\/wp-content\/uploads\/2023\/06\/kettering-2-1.jpg\" class=\"ct-image\"\/><\/div>\n<\/div>\n<\/div>\n<\/section>","protected":false},"excerpt":{"rendered":"","protected":false},"author":11,"featured_media":0,"parent":0,"menu_order":0,"comment_status":"closed","ping_status":"closed","template":"","meta":{"_acf_changed":false,"footnotes":""},"class_list":["post-8357","page","type-page","status-publish","format-standard","hentry"],"acf":[],"yoast_head":"<!-- This site is optimized with the Yoast SEO plugin v27.4 - https:\/\/yoast.com\/product\/yoast-seo-wordpress\/ -->\n<title>Working in Partnership with Portland Clinical - Vanguard Healthcare Solutions<\/title>\n<meta name=\"robots\" content=\"index, follow, max-snippet:-1, max-image-preview:large, max-video-preview:-1\" \/>\n<link rel=\"canonical\" href=\"https:\/\/www.vanguardhealthcare.co.uk\/pt_pt\/working-in-partnership-with-portland-clinical\/\" \/>\n<meta property=\"og:locale\" content=\"pt_PT\" \/>\n<meta property=\"og:type\" content=\"article\" \/>\n<meta property=\"og:title\" content=\"Working in Partnership with Portland Clinical - Vanguard Healthcare Solutions\" \/>\n<meta property=\"og:url\" content=\"https:\/\/www.vanguardhealthcare.co.uk\/pt_pt\/working-in-partnership-with-portland-clinical\/\" \/>\n<meta property=\"og:site_name\" content=\"Vanguard Healthcare Solutions\" \/>\n<meta property=\"article:modified_time\" content=\"2026-03-03T12:30:32+00:00\" \/>\n<meta name=\"twitter:card\" content=\"summary_large_image\" \/>\n<meta name=\"twitter:label1\" content=\"Tempo estimado de leitura\" \/>\n\t<meta name=\"twitter:data1\" content=\"1 minuto\" \/>\n<script type=\"application\/ld+json\" class=\"yoast-schema-graph\">{\"@context\":\"https:\\\/\\\/schema.org\",\"@graph\":[{\"@type\":\"WebPage\",\"@id\":\"https:\\\/\\\/www.vanguardhealthcare.co.uk\\\/working-in-partnership-with-portland-clinical\\\/\",\"url\":\"https:\\\/\\\/www.vanguardhealthcare.co.uk\\\/working-in-partnership-with-portland-clinical\\\/\",\"name\":\"Working in Partnership with Portland Clinical - Vanguard Healthcare Solutions\",\"isPartOf\":{\"@id\":\"https:\\\/\\\/www.vanguardhealthcare.co.uk\\\/#website\"},\"datePublished\":\"2026-03-03T12:30:31+00:00\",\"dateModified\":\"2026-03-03T12:30:32+00:00\",\"breadcrumb\":{\"@id\":\"https:\\\/\\\/www.vanguardhealthcare.co.uk\\\/working-in-partnership-with-portland-clinical\\\/#breadcrumb\"},\"inLanguage\":\"pt-PT\",\"potentialAction\":[{\"@type\":\"ReadAction\",\"target\":[\"https:\\\/\\\/www.vanguardhealthcare.co.uk\\\/working-in-partnership-with-portland-clinical\\\/\"]}]},{\"@type\":\"BreadcrumbList\",\"@id\":\"https:\\\/\\\/www.vanguardhealthcare.co.uk\\\/working-in-partnership-with-portland-clinical\\\/#breadcrumb\",\"itemListElement\":[{\"@type\":\"ListItem\",\"position\":1,\"name\":\"Home\",\"item\":\"https:\\\/\\\/www.vanguardhealthcare.co.uk\\\/\"},{\"@type\":\"ListItem\",\"position\":2,\"name\":\"Working in Partnership with Portland Clinical\"}]},{\"@type\":\"WebSite\",\"@id\":\"https:\\\/\\\/www.vanguardhealthcare.co.uk\\\/#website\",\"url\":\"https:\\\/\\\/www.vanguardhealthcare.co.uk\\\/\",\"name\":\"Vanguard Healthcare Solutions\",\"description\":\"\",\"potentialAction\":[{\"@type\":\"SearchAction\",\"target\":{\"@type\":\"EntryPoint\",\"urlTemplate\":\"https:\\\/\\\/www.vanguardhealthcare.co.uk\\\/?s={search_term_string}\"},\"query-input\":{\"@type\":\"PropertyValueSpecification\",\"valueRequired\":true,\"valueName\":\"search_term_string\"}}],\"inLanguage\":\"pt-PT\"}]}<\/script>\n<!-- \/ Yoast SEO plugin. -->","yoast_head_json":{"title":"Em parceria com a Portland Clinical - Vanguard Healthcare Solutions","robots":{"index":"index","follow":"follow","max-snippet":"max-snippet:-1","max-image-preview":"max-image-preview:large","max-video-preview":"max-video-preview:-1"},"canonical":"https:\/\/www.vanguardhealthcare.co.uk\/pt_pt\/working-in-partnership-with-portland-clinical\/","og_locale":"pt_PT","og_type":"article","og_title":"Working in Partnership with Portland Clinical - Vanguard Healthcare Solutions","og_url":"https:\/\/www.vanguardhealthcare.co.uk\/pt_pt\/working-in-partnership-with-portland-clinical\/","og_site_name":"Vanguard Healthcare Solutions","article_modified_time":"2026-03-03T12:30:32+00:00","twitter_card":"summary_large_image","twitter_misc":{"Tempo estimado de leitura":"1 minuto"},"schema":{"@context":"https:\/\/schema.org","@graph":[{"@type":"WebPage","@id":"https:\/\/www.vanguardhealthcare.co.uk\/working-in-partnership-with-portland-clinical\/","url":"https:\/\/www.vanguardhealthcare.co.uk\/working-in-partnership-with-portland-clinical\/","name":"Em parceria com a Portland Clinical - Vanguard Healthcare Solutions","isPartOf":{"@id":"https:\/\/www.vanguardhealthcare.co.uk\/#website"},"datePublished":"2026-03-03T12:30:31+00:00","dateModified":"2026-03-03T12:30:32+00:00","breadcrumb":{"@id":"https:\/\/www.vanguardhealthcare.co.uk\/working-in-partnership-with-portland-clinical\/#breadcrumb"},"inLanguage":"pt-PT","potentialAction":[{"@type":"ReadAction","target":["https:\/\/www.vanguardhealthcare.co.uk\/working-in-partnership-with-portland-clinical\/"]}]},{"@type":"BreadcrumbList","@id":"https:\/\/www.vanguardhealthcare.co.uk\/working-in-partnership-with-portland-clinical\/#breadcrumb","itemListElement":[{"@type":"ListItem","position":1,"name":"Home","item":"https:\/\/www.vanguardhealthcare.co.uk\/"},{"@type":"ListItem","position":2,"name":"Working in Partnership with Portland Clinical"}]},{"@type":"WebSite","@id":"https:\/\/www.vanguardhealthcare.co.uk\/#website","url":"https:\/\/www.vanguardhealthcare.co.uk\/","name":"Vanguard Solu\u00e7\u00f5es de Sa\u00fade","description":"","potentialAction":[{"@type":"SearchAction","target":{"@type":"EntryPoint","urlTemplate":"https:\/\/www.vanguardhealthcare.co.uk\/?s={search_term_string}"},"query-input":{"@type":"PropertyValueSpecification","valueRequired":true,"valueName":"search_term_string"}}],"inLanguage":"pt-PT"}]}},"_links":{"self":[{"href":"https:\/\/www.vanguardhealthcare.co.uk\/pt_pt\/wp-json\/wp\/v2\/pages\/8357","targetHints":{"allow":["GET"]}}],"collection":[{"href":"https:\/\/www.vanguardhealthcare.co.uk\/pt_pt\/wp-json\/wp\/v2\/pages"}],"about":[{"href":"https:\/\/www.vanguardhealthcare.co.uk\/pt_pt\/wp-json\/wp\/v2\/types\/page"}],"author":[{"embeddable":true,"href":"https:\/\/www.vanguardhealthcare.co.uk\/pt_pt\/wp-json\/wp\/v2\/users\/11"}],"replies":[{"embeddable":true,"href":"https:\/\/www.vanguardhealthcare.co.uk\/pt_pt\/wp-json\/wp\/v2\/comments?post=8357"}],"version-history":[{"count":0,"href":"https:\/\/www.vanguardhealthcare.co.uk\/pt_pt\/wp-json\/wp\/v2\/pages\/8357\/revisions"}],"wp:attachment":[{"href":"https:\/\/www.vanguardhealthcare.co.uk\/pt_pt\/wp-json\/wp\/v2\/media?parent=8357"}],"curies":[{"name":"wp","href":"https:\/\/api.w.org\/{rel}","templated":true}]}}