{"id":689,"date":"2023-07-19T15:15:33","date_gmt":"2023-07-19T15:15:33","guid":{"rendered":"https:\/\/www.vanguardhealthcare.co.uk\/?page_id=689"},"modified":"2023-07-27T09:05:46","modified_gmt":"2023-07-27T09:05:46","slug":"who-we-help","status":"publish","type":"page","link":"https:\/\/www.vanguardhealthcare.co.uk\/pt_pt\/who-we-help\/","title":{"rendered":"Quem ajudamos"},"content":{"rendered":"<section id=\"section-2-59\" class=\"ct-section\" style=\"background-image:url(https:\/\/www.vanguardhealthcare.co.uk\/wp-content\/uploads\/2023\/05\/boulders-right.png);background-size: auto;\" >\n<div class=\"ct-section-inner-wrap\">\n<div id=\"div_block-8-59\" class=\"ct-div-block\" ><a id=\"link_text-6-59\" class=\"ct-link-text\" href=\"\/pt_pt\/\" target=\"_self\"  >Lar<\/a><\/p>\n<h1 id=\"headline-3-59\" class=\"ct-headline\"><span id=\"span-4-59\" class=\"ct-span\" >Quem ajudamos<\/span><\/h1>\n<\/div>\n<\/div>\n<\/section>\n<section id=\"section-68-14-text-left-white\" class=\"ct-section\" >\n<div class=\"ct-section-inner-wrap\">\n<div id=\"new_columns-69-14text-left-white\" class=\"ct-new-columns\" >\n<div id=\"div_block-70-14\" class=\"ct-div-block\" >\n<h2 id=\"headline-71-14\" class=\"ct-headline\">Quem ajudamos<\/h2>\n<div id=\"_rich_text-72-14\" class=\"oxy-rich-text\" >\n<p><span id=\"docs-internal-guid-62174751-7fff-55eb-727a-200d52a9c2f8\">Quando trabalhamos em um novo projeto com um cliente, queremos ter certeza de que o processo ser\u00e1 o mais tranquilo poss\u00edvel para todos os envolvidos. Aqui est\u00e3o alguns exemplos de como podemos apoiar diferentes equipes de gest\u00e3o s\u00eanior em hospitais.<\/span><\/p>\n<\/div>\n<\/div>\n<div id=\"div_block-74-14\" class=\"ct-div-block\" ><img decoding=\"async\"  id=\"image-75-14\" alt=\"\" src=\"https:\/\/www.vanguardhealthcare.co.uk\/wp-content\/uploads\/2023\/07\/team-4.jpg\" class=\"ct-image\"\/><\/div>\n<\/div>\n<\/div>\n<\/section>\n<section id=\"section-88-34-blue\" class=\"ct-section\" >\n<div class=\"ct-section-inner-wrap\">\n<div id=\"new_columns-89-34-blue\" class=\"ct-new-columns\" >\n<div id=\"div_block-94-34\" class=\"ct-div-block\" ><img decoding=\"async\"  id=\"image-95-34\" alt=\"\" src=\"https:\/\/www.vanguardhealthcare.co.uk\/wp-content\/uploads\/2023\/07\/How-we-help-management-executives-image.jpg\" class=\"ct-image\"\/><\/div>\n<div id=\"div_block-90-34\" class=\"ct-div-block\" >\n<h2 id=\"headline-91-34\" class=\"ct-headline\">Como ajudamos executivos de gest\u00e3o<\/h2>\n<div id=\"_rich_text-92-34\" class=\"oxy-rich-text\" >\n<p dir=\"ltr\">Ao desenvolver o business case para a integra\u00e7\u00e3o da presta\u00e7\u00e3o de servi\u00e7os adicionais no fluxo de trabalho do hospital, \u00e9 essencial ser capaz de articular facilmente os benef\u00edcios e os principais indicadores de desempenho. Pode ser importante demonstrar o retorno do investimento do projecto, especialmente quando est\u00e3o envolvidos custos iniciais significativos. Nossas duas d\u00e9cadas de experi\u00eancia nos colocam na posi\u00e7\u00e3o perfeita para ajudar.&nbsp;<\/p>\n<p dir=\"ltr\">Cada projeto tem requisitos e desafios \u00fanicos a serem superados, mas alguns exemplos de implanta\u00e7\u00f5es bem-sucedidas incluem:<\/p>\n<ul>\n<li dir=\"ltr\" aria-level=\"1\">\n<p dir=\"ltr\" role=\"presentation\">Aumentar as receitas para a realiza\u00e7\u00e3o de procedimentos adicionais<\/p>\n<\/li>\n<li dir=\"ltr\" aria-level=\"1\">\n<p dir=\"ltr\" role=\"presentation\">Testando o caso para novos desenvolvimentos de servi\u00e7os<\/p>\n<\/li>\n<li dir=\"ltr\" aria-level=\"1\">\n<p dir=\"ltr\" role=\"presentation\">Evitando perda de receita durante o tempo de inatividade das instala\u00e7\u00f5es<\/p>\n<\/li>\n<li dir=\"ltr\" aria-level=\"1\">\n<p dir=\"ltr\" role=\"presentation\">Evitar penalidades por viola\u00e7\u00e3o de contrato e outras medidas de desempenho<\/p>\n<\/li>\n<li dir=\"ltr\" aria-level=\"1\">\n<p dir=\"ltr\" role=\"presentation\">Reduzindo o tempo de viagem dos m\u00e9dicos entre locais<\/p>\n<\/li>\n<li dir=\"ltr\" aria-level=\"1\">\n<p dir=\"ltr\" role=\"presentation\">Melhorando os resultados dos pacientes<\/p>\n<\/li>\n<li dir=\"ltr\" aria-level=\"1\">\n<p dir=\"ltr\" role=\"presentation\">Evitar perturba\u00e7\u00f5es nos padr\u00f5es de trabalho dos funcion\u00e1rios<\/p>\n<\/li>\n<li dir=\"ltr\" aria-level=\"1\">\n<p dir=\"ltr\" role=\"presentation\">Eliminando o tempo de inatividade do servi\u00e7o<\/p>\n<\/li>\n<li dir=\"ltr\" aria-level=\"1\">\n<p dir=\"ltr\" role=\"presentation\">Superando falhas catastr\u00f3ficas<\/p>\n<\/li>\n<li dir=\"ltr\" aria-level=\"1\">\n<p dir=\"ltr\" role=\"presentation\">Redu\u00e7\u00e3o dos prazos dos projetos.<\/p>\n<\/li>\n<\/ul>\n<p dir=\"ltr\">Nossa equipe dedicada estar\u00e1 dispon\u00edvel para ajudar em todas as etapas do processo e n\u00e3o ter\u00e1 dificuldade em acomodar varia\u00e7\u00f5es caso o projeto precise tomar uma dire\u00e7\u00e3o diferente.<\/p>\n<\/div>\n<\/div>\n<\/div>\n<\/div>\n<\/section>\n<section id=\"section-68-14-text-left-white\" class=\"ct-section\" >\n<div class=\"ct-section-inner-wrap\">\n<div id=\"new_columns-69-14text-left-white\" class=\"ct-new-columns\" >\n<div id=\"div_block-70-14\" class=\"ct-div-block\" >\n<h2 id=\"headline-71-14\" class=\"ct-headline\">Como ajudamos os m\u00e9dicos<\/h2>\n<div id=\"_rich_text-72-14\" class=\"oxy-rich-text\" >\n<p dir=\"ltr\">Somos respons\u00e1veis pelo fornecimento de ambientes cl\u00ednicos de alta qualidade, seguros e compat\u00edveis em diversas especialidades h\u00e1 mais de duas d\u00e9cadas, para que voc\u00ea esteja em boas m\u00e3os.&nbsp;<\/p>\n<p dir=\"ltr\"><strong>Nossa gama de instala\u00e7\u00f5es cl\u00ednicas inclui:&nbsp;<\/strong><\/p>\n<ul>\n<li dir=\"ltr\" aria-level=\"1\">\n<p dir=\"ltr\" role=\"presentation\">Salas de cirurgia padr\u00e3o<\/p>\n<\/li>\n<li dir=\"ltr\" aria-level=\"1\">\n<p dir=\"ltr\" role=\"presentation\">Salas cir\u00fargicas de fluxo laminar<\/p>\n<\/li>\n<li dir=\"ltr\" aria-level=\"1\">\n<p dir=\"ltr\" role=\"presentation\">Salas de cirurgia ultralimpas<\/p>\n<\/li>\n<li dir=\"ltr\" aria-level=\"1\">\n<p dir=\"ltr\" role=\"presentation\">Salas de cirurgia h\u00edbridas<\/p>\n<\/li>\n<li dir=\"ltr\" aria-level=\"1\">\n<p dir=\"ltr\" role=\"presentation\">Instala\u00e7\u00f5es para casos diurnos<\/p>\n<\/li>\n<li dir=\"ltr\" aria-level=\"1\">\n<p dir=\"ltr\" role=\"presentation\">Su\u00edtes de endoscopia<\/p>\n<\/li>\n<li dir=\"ltr\" aria-level=\"1\">\n<p dir=\"ltr\" role=\"presentation\">Instala\u00e7\u00f5es de descontamina\u00e7\u00e3o de endosc\u00f3pio<\/p>\n<\/li>\n<li dir=\"ltr\" aria-level=\"1\">\n<p dir=\"ltr\" role=\"presentation\">Departamentos centrais de servi\u00e7os de esteriliza\u00e7\u00e3o<\/p>\n<\/li>\n<li dir=\"ltr\" aria-level=\"1\">\n<p dir=\"ltr\" role=\"presentation\">Ambulat\u00f3rios<\/p>\n<\/li>\n<li dir=\"ltr\" aria-level=\"1\">\n<p dir=\"ltr\" role=\"presentation\">Enfermarias hospitalares<\/p>\n<\/li>\n<li dir=\"ltr\" aria-level=\"1\">\n<p dir=\"ltr\" role=\"presentation\">Visitando hospitais<\/p>\n<\/li>\n<li dir=\"ltr\" aria-level=\"1\">\n<p dir=\"ltr\" role=\"presentation\">Centros de diagn\u00f3stico comunit\u00e1rios.<\/p>\n<\/li>\n<\/ul>\n<p dir=\"ltr\">Uma das vantagens \u00fanicas de trabalhar connosco \u00e9 que podemos fornecer supervis\u00e3o cl\u00ednica e vis\u00e3o geral de cada contrato que entregamos, desde a concep\u00e7\u00e3o at\u00e9 \u00e0 conclus\u00e3o. Cada contrato \u00e9 liderado por um gestor de servi\u00e7os cl\u00ednicos (CSM), que \u00e9 um l\u00edder cl\u00ednico experiente, com registo cl\u00ednico atual (NMC ou HCPC) e amplo conhecimento das nossas instala\u00e7\u00f5es, tanto m\u00f3veis como modulares.<\/p>\n<p dir=\"ltr\">Al\u00e9m disso, se o pessoal cl\u00ednico for um desafio para voc\u00ea, temos uma equipe de m\u00e9dicos, contratada por n\u00f3s, que pode apoiar sua exig\u00eancia contratual. Temos profissionais de sa\u00fade que n\u00e3o s\u00f3 prestam um excelente servi\u00e7o cl\u00ednico aos nossos clientes e seus pacientes, mas tamb\u00e9m possuem s\u00f3lidos conhecimentos pr\u00e1ticos sobre o que \u00e9 necess\u00e1rio para trabalhar em instala\u00e7\u00f5es tempor\u00e1rias.&nbsp;<\/p>\n<p dir=\"ltr\"><strong>Podemos fornecer m\u00e9dicos nas seguintes \u00e1reas:<\/strong><\/p>\n<ul>\n<li dir=\"ltr\" aria-level=\"1\">\n<p dir=\"ltr\" role=\"presentation\">Praticantes de teatro (registrados no NMC\/HCPC)<\/p>\n<\/li>\n<li dir=\"ltr\" aria-level=\"1\">\n<p dir=\"ltr\" role=\"presentation\">Profissionais de endoscopia (registrados no NMC\/HCPC)<\/p>\n<\/li>\n<li dir=\"ltr\" aria-level=\"1\">\n<p dir=\"ltr\" role=\"presentation\">Profissionais do departamento operacional (ODPs) com experi\u00eancia em procedimentos diagn\u00f3sticos e terap\u00eauticos<\/p>\n<\/li>\n<li dir=\"ltr\" aria-level=\"1\">\n<p dir=\"ltr\" role=\"presentation\">Profissionais de descontamina\u00e7\u00e3o<\/p>\n<\/li>\n<li dir=\"ltr\" aria-level=\"1\">\n<p dir=\"ltr\" role=\"presentation\">Praticantes l\u00edderes (registrados no NMC\/HCPC)&nbsp;<\/p>\n<\/li>\n<li dir=\"ltr\" aria-level=\"1\">\n<p dir=\"ltr\" role=\"presentation\">Facilitador da unidade.<\/p>\n<\/li>\n<\/ul>\n<\/div>\n<\/div>\n<div id=\"div_block-74-14\" class=\"ct-div-block\" ><img decoding=\"async\"  id=\"image-75-14\" alt=\"\" src=\"https:\/\/www.vanguardhealthcare.co.uk\/wp-content\/uploads\/2023\/07\/clinical-team-celebration1.jpg\" class=\"ct-image\"\/><\/div>\n<\/div>\n<\/div>\n<\/section>\n<section id=\"section-144-59\" class=\"ct-section\" >\n<div class=\"ct-section-inner-wrap\">\n<div id=\"new_columns-145-59\" class=\"ct-new-columns\" >\n<div id=\"div_block-146-59\" class=\"ct-div-block\" >\n<div id=\"_rich_text-9-63\" class=\"oxy-rich-text\" >\n<p>Encontrar uma solu\u00e7\u00e3o que funcione para o seu hospital pode come\u00e7ar aqui\u2026<\/p>\n<\/div>\n<p><a id=\"link_button-149-59\" class=\"ct-link-button\" href=\"\/pt_pt\/contact\/\" target=\"_self\"  >Entrar em contato<\/a><\/div>\n<div id=\"div_block-150-59\" class=\"ct-div-block\" ><img decoding=\"async\"  id=\"image-151-59\" alt=\"\" src=\"https:\/\/www.vanguardhealthcare.co.uk\/wp-content\/uploads\/2023\/06\/kettering-2-1.jpg\" class=\"ct-image\"\/><\/div>\n<\/div>\n<\/div>\n<\/section>","protected":false},"excerpt":{"rendered":"","protected":false},"author":2,"featured_media":0,"parent":0,"menu_order":0,"comment_status":"closed","ping_status":"closed","template":"","meta":{"_acf_changed":false,"footnotes":""},"class_list":["post-689","page","type-page","status-publish","format-standard","hentry"],"acf":[],"yoast_head":"<!-- This site is optimized with the Yoast SEO plugin v27.4 - https:\/\/yoast.com\/product\/yoast-seo-wordpress\/ -->\n<title>Who we help - Vanguard Healthcare Solutions<\/title>\n<meta name=\"robots\" content=\"index, follow, max-snippet:-1, max-image-preview:large, max-video-preview:-1\" \/>\n<link rel=\"canonical\" href=\"https:\/\/www.vanguardhealthcare.co.uk\/pt_pt\/who-we-help\/\" \/>\n<meta property=\"og:locale\" content=\"pt_PT\" \/>\n<meta property=\"og:type\" content=\"article\" \/>\n<meta property=\"og:title\" content=\"Who we help - Vanguard Healthcare Solutions\" \/>\n<meta property=\"og:url\" content=\"https:\/\/www.vanguardhealthcare.co.uk\/pt_pt\/who-we-help\/\" \/>\n<meta property=\"og:site_name\" content=\"Vanguard Healthcare Solutions\" \/>\n<meta property=\"article:modified_time\" content=\"2023-07-27T09:05:46+00:00\" \/>\n<meta name=\"twitter:card\" content=\"summary_large_image\" \/>\n<script type=\"application\/ld+json\" class=\"yoast-schema-graph\">{\"@context\":\"https:\\\/\\\/schema.org\",\"@graph\":[{\"@type\":\"WebPage\",\"@id\":\"https:\\\/\\\/www.vanguardhealthcare.co.uk\\\/who-we-help\\\/\",\"url\":\"https:\\\/\\\/www.vanguardhealthcare.co.uk\\\/who-we-help\\\/\",\"name\":\"Who we help - Vanguard Healthcare Solutions\",\"isPartOf\":{\"@id\":\"https:\\\/\\\/www.vanguardhealthcare.co.uk\\\/#website\"},\"datePublished\":\"2023-07-19T15:15:33+00:00\",\"dateModified\":\"2023-07-27T09:05:46+00:00\",\"breadcrumb\":{\"@id\":\"https:\\\/\\\/www.vanguardhealthcare.co.uk\\\/who-we-help\\\/#breadcrumb\"},\"inLanguage\":\"pt-PT\",\"potentialAction\":[{\"@type\":\"ReadAction\",\"target\":[\"https:\\\/\\\/www.vanguardhealthcare.co.uk\\\/who-we-help\\\/\"]}]},{\"@type\":\"BreadcrumbList\",\"@id\":\"https:\\\/\\\/www.vanguardhealthcare.co.uk\\\/who-we-help\\\/#breadcrumb\",\"itemListElement\":[{\"@type\":\"ListItem\",\"position\":1,\"name\":\"Home\",\"item\":\"https:\\\/\\\/www.vanguardhealthcare.co.uk\\\/\"},{\"@type\":\"ListItem\",\"position\":2,\"name\":\"Who we help\"}]},{\"@type\":\"WebSite\",\"@id\":\"https:\\\/\\\/www.vanguardhealthcare.co.uk\\\/#website\",\"url\":\"https:\\\/\\\/www.vanguardhealthcare.co.uk\\\/\",\"name\":\"Vanguard Healthcare Solutions\",\"description\":\"\",\"potentialAction\":[{\"@type\":\"SearchAction\",\"target\":{\"@type\":\"EntryPoint\",\"urlTemplate\":\"https:\\\/\\\/www.vanguardhealthcare.co.uk\\\/?s={search_term_string}\"},\"query-input\":{\"@type\":\"PropertyValueSpecification\",\"valueRequired\":true,\"valueName\":\"search_term_string\"}}],\"inLanguage\":\"pt-PT\"}]}<\/script>\n<!-- \/ Yoast SEO plugin. -->","yoast_head_json":{"title":"Quem ajudamos - Vanguard Healthcare Solutions","robots":{"index":"index","follow":"follow","max-snippet":"max-snippet:-1","max-image-preview":"max-image-preview:large","max-video-preview":"max-video-preview:-1"},"canonical":"https:\/\/www.vanguardhealthcare.co.uk\/pt_pt\/who-we-help\/","og_locale":"pt_PT","og_type":"article","og_title":"Who we help - Vanguard Healthcare Solutions","og_url":"https:\/\/www.vanguardhealthcare.co.uk\/pt_pt\/who-we-help\/","og_site_name":"Vanguard Healthcare Solutions","article_modified_time":"2023-07-27T09:05:46+00:00","twitter_card":"summary_large_image","schema":{"@context":"https:\/\/schema.org","@graph":[{"@type":"WebPage","@id":"https:\/\/www.vanguardhealthcare.co.uk\/who-we-help\/","url":"https:\/\/www.vanguardhealthcare.co.uk\/who-we-help\/","name":"Quem ajudamos - Vanguard Healthcare Solutions","isPartOf":{"@id":"https:\/\/www.vanguardhealthcare.co.uk\/#website"},"datePublished":"2023-07-19T15:15:33+00:00","dateModified":"2023-07-27T09:05:46+00:00","breadcrumb":{"@id":"https:\/\/www.vanguardhealthcare.co.uk\/who-we-help\/#breadcrumb"},"inLanguage":"pt-PT","potentialAction":[{"@type":"ReadAction","target":["https:\/\/www.vanguardhealthcare.co.uk\/who-we-help\/"]}]},{"@type":"BreadcrumbList","@id":"https:\/\/www.vanguardhealthcare.co.uk\/who-we-help\/#breadcrumb","itemListElement":[{"@type":"ListItem","position":1,"name":"Home","item":"https:\/\/www.vanguardhealthcare.co.uk\/"},{"@type":"ListItem","position":2,"name":"Who we help"}]},{"@type":"WebSite","@id":"https:\/\/www.vanguardhealthcare.co.uk\/#website","url":"https:\/\/www.vanguardhealthcare.co.uk\/","name":"Vanguard Solu\u00e7\u00f5es de Sa\u00fade","description":"","potentialAction":[{"@type":"SearchAction","target":{"@type":"EntryPoint","urlTemplate":"https:\/\/www.vanguardhealthcare.co.uk\/?s={search_term_string}"},"query-input":{"@type":"PropertyValueSpecification","valueRequired":true,"valueName":"search_term_string"}}],"inLanguage":"pt-PT"}]}},"_links":{"self":[{"href":"https:\/\/www.vanguardhealthcare.co.uk\/pt_pt\/wp-json\/wp\/v2\/pages\/689","targetHints":{"allow":["GET"]}}],"collection":[{"href":"https:\/\/www.vanguardhealthcare.co.uk\/pt_pt\/wp-json\/wp\/v2\/pages"}],"about":[{"href":"https:\/\/www.vanguardhealthcare.co.uk\/pt_pt\/wp-json\/wp\/v2\/types\/page"}],"author":[{"embeddable":true,"href":"https:\/\/www.vanguardhealthcare.co.uk\/pt_pt\/wp-json\/wp\/v2\/users\/2"}],"replies":[{"embeddable":true,"href":"https:\/\/www.vanguardhealthcare.co.uk\/pt_pt\/wp-json\/wp\/v2\/comments?post=689"}],"version-history":[{"count":0,"href":"https:\/\/www.vanguardhealthcare.co.uk\/pt_pt\/wp-json\/wp\/v2\/pages\/689\/revisions"}],"wp:attachment":[{"href":"https:\/\/www.vanguardhealthcare.co.uk\/pt_pt\/wp-json\/wp\/v2\/media?parent=689"}],"curies":[{"name":"wp","href":"https:\/\/api.w.org\/{rel}","templated":true}]}}