{"id":8428,"date":"2026-03-27T16:30:37","date_gmt":"2026-03-27T16:30:37","guid":{"rendered":"https:\/\/www.vanguardhealthcare.co.uk\/?page_id=8428"},"modified":"2026-05-08T09:38:28","modified_gmt":"2026-05-08T09:38:28","slug":"vanguard-life-sciences","status":"publish","type":"page","link":"https:\/\/www.vanguardhealthcare.co.uk\/pl_pl\/vanguard-life-sciences\/","title":{"rendered":"Vanguard Nauki o \u017cyciu"},"content":{"rendered":"<section id=\"section-2-59\" class=\"ct-section\" style=\"background-image:url(https:\/\/www.vanguardhealthcare.co.uk\/wp-content\/uploads\/2023\/05\/boulders-right.png);background-size: auto;\" >\n<div class=\"ct-section-inner-wrap\">\n<div id=\"div_block-8-59\" class=\"ct-div-block\" ><a id=\"link_text-6-59\" class=\"ct-link-text\" href=\"\/pl_pl\/\" target=\"_self\"  >Dom<\/a><\/p>\n<h1 id=\"headline-3-59\" class=\"ct-headline\"><span id=\"span-4-59\" class=\"ct-span\" >Vanguard Nauki o \u017cyciu<\/span><\/h1>\n<\/div>\n<\/div>\n<\/section>\n<section id=\"section-68-14-text-left-white\" class=\"ct-section\" >\n<div class=\"ct-section-inner-wrap\">\n<div id=\"new_columns-69-14text-left-white\" class=\"ct-new-columns\" >\n<div id=\"div_block-70-14\" class=\"ct-div-block\" >\n<h2 id=\"headline-71-14\" class=\"ct-headline\">Od ponad dw\u00f3ch dekad tworzy innowacyjne rozwi\u0105zania dla \u015bwiadczeniodawc\u00f3w<\/h2>\n<div id=\"_rich_text-72-14\" class=\"oxy-rich-text\" >\n<p data-start=\"292\" data-end=\"597\">Firma Vanguard Healthcare Solutions zbudowa\u0142a ugruntowan\u0105 reputacj\u0119, dostarczaj\u0105c wysokiej jako\u015bci plac\u00f3wki opieki zdrowotnej, kt\u00f3re wspieraj\u0105 opiek\u0119 nad pacjentami, odporno\u015b\u0107 operacyjn\u0105 i ci\u0105g\u0142o\u015b\u0107 us\u0142ug. Bazuj\u0105c na tym do\u015bwiadczeniu, rozszerzyli\u015bmy nasze mo\u017cliwo\u015bci o sektor nauk przyrodniczych, tworz\u0105c Vanguard Life Sciences.<\/p>\n<p data-start=\"599\" data-end=\"887\">Ten wyspecjalizowany oddzia\u0142 skupia si\u0119 na dostarczaniu zaawansowanych \u015brodowisk czystych pomieszcze\u0144 i zabezpiecze\u0144 dla organizacji farmaceutycznych, biotechnologicznych i badawczych, stosuj\u0105c te same zasady, kt\u00f3re definiuj\u0105 Vanguard: jako\u015b\u0107, niezawodno\u015b\u0107 i zaanga\u017cowanie w spe\u0142nianie z\u0142o\u017conych, regulowanych wymaga\u0144.<\/p>\n<\/div>\n<\/div>\n<div id=\"div_block-74-14\" class=\"ct-div-block\" ><img decoding=\"async\"  id=\"image-75-14\" alt=\"\" src=\"https:\/\/www.vanguardhealthcare.co.uk\/wp-content\/uploads\/2025\/03\/PHOTOSHOPPED-VERSION-EXTERNAL-scaled.jpg\" class=\"ct-image\"\/><\/div>\n<\/div>\n<\/div>\n<\/section>\n<section id=\"section-68-14-text-left-white\" class=\"ct-section\" >\n<div class=\"ct-section-inner-wrap\">\n<div id=\"new_columns-69-14text-left-white\" class=\"ct-new-columns\" >\n<div id=\"div_block-70-14\" class=\"ct-div-block\" >\n<h2 id=\"headline-71-14\" class=\"ct-headline\">Naturalna ewolucja mo\u017cliwo\u015bci Vanguard<\/h2>\n<div id=\"_rich_text-72-14\" class=\"oxy-rich-text\" >\n<p data-start=\"944\" data-end=\"1150\">W ramach NHS i szerzej rozumianego sektora opieki zdrowotnej program Vanguard konsekwentnie udziela wsparcia organizacjom borykaj\u0105cym si\u0119 z problemami zwi\u0105zanymi z przepustowo\u015bci\u0105, ograniczeniami zasob\u00f3w oraz konieczno\u015bci\u0105 utrzymania us\u0142ug podczas remont\u00f3w lub zmian.<\/p>\n<p data-start=\"1152\" data-end=\"1327\">Te same wyzwania coraz cz\u0119\u015bciej pojawiaj\u0105 si\u0119 w naukach przyrodniczych, gdzie organizacje musz\u0105 szybko si\u0119 rozwija\u0107, zachowywa\u0107 zgodno\u015b\u0107 z przepisami i dzia\u0142a\u0107 w \u015bci\u015ble kontrolowanych \u015brodowiskach.<\/p>\n<p data-start=\"1329\" data-end=\"1632\"><a href=\"https:\/\/vanguardlifesciences.co.uk\">Vanguard Nauki o \u017cyciu<\/a> przenosi to do\u015bwiadczenie w nowy kontekst, \u0142\u0105cz\u0105c nasz\u0105 wiedz\u0119 specjalistyczn\u0105 w zakresie infrastruktury modu\u0142owej i mobilnej ze specjalistycznymi rozwi\u0105zaniami w zakresie pomieszcze\u0144 czystych i system\u00f3w bezpiecze\u0144stwa. Rezultatem jest elastyczne i efektywne podej\u015bcie do dostarczania obiekt\u00f3w wspieraj\u0105cych badania, rozw\u00f3j i produkcj\u0119.<\/p>\n<\/div>\n<\/div>\n<div id=\"div_block-74-14\" class=\"ct-div-block\" ><img decoding=\"async\"  id=\"image-75-14\" alt=\"\" src=\"https:\/\/www.vanguardhealthcare.co.uk\/wp-content\/uploads\/2025\/11\/DJI_20250619160710_0016_D-min.jpg\" class=\"ct-image\"\/><\/div>\n<\/div>\n<\/div>\n<\/section>\n<section id=\"section-132-34\" class=\"ct-section\" >\n<div class=\"ct-section-inner-wrap\">\n<div id=\"new_columns-133-34\" class=\"ct-new-columns\" >\n<div id=\"div_block-138-34\" class=\"ct-div-block\" ><img decoding=\"async\"  id=\"image-139-34\" alt=\"\" src=\"https:\/\/www.vanguardhealthcare.co.uk\/wp-content\/uploads\/2026\/03\/1_Toxic-and-non-toxic-grade-C-cleanrooms.jpg\" class=\"ct-image\"\/><\/div>\n<div id=\"div_block-134-34\" class=\"ct-div-block\" >\n<h2 id=\"headline-135-34\" class=\"ct-headline\">Modu\u0142owa wiedza specjalistyczna stosowana w naukach przyrodniczych<\/h2>\n<div id=\"_rich_text-136-34\" class=\"oxy-rich-text\" >\n<p data-start=\"1687\" data-end=\"1775\">W centrum <a href=\"https:\/\/vanguardlifesciences.co.uk\">Vanguard Nauki o \u017cyciu<\/a> to nowoczesne podej\u015bcie do budowy i dostawy.<\/p>\n<p data-start=\"1777\" data-end=\"2016\">Dzi\u0119ki modu\u0142owym i zdalnym metodom budowy, obiekty mo\u017cna projektowa\u0107, produkowa\u0107 i wdra\u017ca\u0107 szybciej ni\u017c w przypadku tradycyjnej budowy, zachowuj\u0105c jednocze\u015bnie wysokie standardy jako\u015bci i sp\u00f3jno\u015bci. Takie podej\u015bcie pomaga organizacjom:<\/p>\n<ul data-start=\"2018\" data-end=\"2200\">\n<li data-section-id=\"tzzjse\" data-start=\"2018\" data-end=\"2058\">Skr\u00f3\u0107 czas osi\u0105gni\u0119cia gotowo\u015bci operacyjnej<\/li>\n<li data-section-id=\"18bs0p3\" data-start=\"2059\" data-end=\"2105\">Zminimalizuj zak\u0142\u00f3cenia w istniej\u0105cych obiektach<\/li>\n<li data-section-id=\"n7j11x\" data-start=\"2106\" data-end=\"2152\">Utrzymywanie ci\u0105g\u0142o\u015bci krytycznych operacji<\/li>\n<li data-section-id=\"c4ipn6\" data-start=\"2153\" data-end=\"2200\">Dostosuj infrastruktur\u0119 w miar\u0119 ewolucji wymaga\u0144<\/li>\n<\/ul>\n<p>&nbsp;<\/p>\n<p data-start=\"2202\" data-end=\"2344\">Dla organizacji z bran\u017cy nauk przyrodniczych jest to praktyczne rozwi\u0105zanie problemu znalezienia r\u00f3wnowagi mi\u0119dzy szybko\u015bci\u0105, zgodno\u015bci\u0105 z przepisami i d\u0142ugoterminow\u0105 elastyczno\u015bci\u0105.<\/p>\n<\/div>\n<\/div>\n<\/div>\n<\/div>\n<\/section>\n<section id=\"section-68-14-text-left-white\" class=\"ct-section\" >\n<div class=\"ct-section-inner-wrap\">\n<div id=\"new_columns-69-14text-left-white\" class=\"ct-new-columns\" >\n<div id=\"div_block-70-14\" class=\"ct-div-block\" >\n<h2 id=\"headline-71-14\" class=\"ct-headline\">We wsp\u00f3\u0142pracy z Enbloc<\/h2>\n<div id=\"_rich_text-72-14\" class=\"oxy-rich-text\" >\n<p data-start=\"2385\" data-end=\"2524\"><a href=\"https:\/\/vanguardlifesciences.co.uk\">Vanguard Nauki o \u017cyciu<\/a> wsp\u00f3\u0142pracuje z <a href=\"https:\/\/www.enbloc-cleanrooms.com\/\">Enbloc<\/a>, specjalista w projektowaniu i budowie pomieszcze\u0144 czystych, laboratori\u00f3w i obiekt\u00f3w bezpiecze\u0144stwa.<\/p>\n<p data-start=\"2526\" data-end=\"2801\">To partnerstwo \u0142\u0105czy uzupe\u0142niaj\u0105ce si\u0119 mocne strony. Vanguard zapewnia specjalistyczn\u0105 wiedz\u0119 w zakresie modu\u0142owej realizacji, zarz\u0105dzania projektami i dzia\u0142ania w rzeczywistych, regulowanych \u015brodowiskach, <a href=\"https:\/\/www.enbloc-cleanrooms.com\/\">Enbloc<\/a> wnosi dog\u0142\u0119bn\u0105 wiedz\u0119 techniczn\u0105 na temat in\u017cynierii pomieszcze\u0144 czystych, walidacji i zgodno\u015bci z przepisami.<\/p>\n<p data-start=\"2803\" data-end=\"3008\">Wsp\u00f3lnie dostarczamy obiekty spe\u0142niaj\u0105ce wymogi norm, takich jak klasyfikacja pomieszcze\u0144 czystych EU GMP i ISO, jednocze\u015bnie dbaj\u0105c o to, aby projekty by\u0142y realizowane sprawnie i z minimalnymi zak\u0142\u00f3ceniami.<\/p>\n<\/div>\n<\/div>\n<div id=\"div_block-74-14\" class=\"ct-div-block\" ><img decoding=\"async\"  id=\"image-75-14\" alt=\"\" src=\"https:\/\/www.vanguardhealthcare.co.uk\/wp-content\/uploads\/2026\/03\/Enbloc-OFFICIAL-LOGO.jpg\" class=\"ct-image\"\/><\/div>\n<\/div>\n<\/div>\n<\/section>\n<section id=\"section-132-34\" class=\"ct-section\" >\n<div class=\"ct-section-inner-wrap\">\n<div id=\"new_columns-133-34\" class=\"ct-new-columns\" >\n<div id=\"div_block-138-34\" class=\"ct-div-block\" ><img decoding=\"async\"  id=\"image-139-34\" alt=\"\" src=\"https:\/\/www.vanguardhealthcare.co.uk\/wp-content\/uploads\/2025\/08\/MCA17.jpeg\" class=\"ct-image\"\/><\/div>\n<div id=\"div_block-134-34\" class=\"ct-div-block\" >\n<h2 id=\"headline-135-34\" class=\"ct-headline\">Wsparcie \u015brodowisk regulowanych z pewno\u015bci\u0105<\/h2>\n<div id=\"_rich_text-136-34\" class=\"oxy-rich-text\" >\n<p data-start=\"3070\" data-end=\"3181\">Obiekty dostarczone przez <a href=\"https:\/\/vanguardlifesciences.co.uk\">Vanguard Nauki o \u017cyciu<\/a> s\u0105 zaprojektowane tak, aby obs\u0142ugiwa\u0107 szerok\u0105 gam\u0119 aplikacji, w tym:<\/p>\n<ul data-start=\"3183\" data-end=\"3396\">\n<li data-section-id=\"pw3g4v\" data-start=\"3183\" data-end=\"3215\">Produkcja farmaceutyczna<\/li>\n<li data-section-id=\"vd2r96\" data-start=\"3216\" data-end=\"3256\">Biotechnologia i terapie zaawansowane<\/li>\n<li data-section-id=\"13uqfws\" data-start=\"3257\" data-end=\"3298\">Laboratoria badawczo-rozwojowe<\/li>\n<li data-section-id=\"rq9u3h\" data-start=\"3299\" data-end=\"3339\">Radiofarmacja i przetwarzanie aseptyczne<\/li>\n<li data-section-id=\"157rffx\" data-start=\"3340\" data-end=\"3396\">Laboratoria zabezpieczaj\u0105ce i \u015brodowiska specjalistyczne<\/li>\n<\/ul>\n<p data-start=\"3398\" data-end=\"3560\">Ka\u017cde rozwi\u0105zanie jest opracowywane z uwzgl\u0119dnieniem oczekiwa\u0144 regulacyjnych, operacyjnych przep\u0142yw\u00f3w pracy i znaczenia utrzymywania kontrolowanych \u015brodowisk.<\/p>\n<p>&nbsp;<\/p>\n<p data-start=\"3562\" data-end=\"3723\">Nasze podej\u015bcie wykracza poza sam proces budowy i obejmuje wsparcie w ca\u0142ym cyklu \u017cycia obiektu, w tym projektowanie, walidacj\u0119, konserwacj\u0119 i bie\u017c\u0105c\u0105 zgodno\u015b\u0107 z przepisami.<\/p>\n<\/div>\n<\/div>\n<\/div>\n<\/div>\n<\/section>\n<section id=\"section-68-14-text-left-white\" class=\"ct-section\" >\n<div class=\"ct-section-inner-wrap\">\n<div id=\"new_columns-69-14text-left-white\" class=\"ct-new-columns\" >\n<div id=\"div_block-70-14\" class=\"ct-div-block\" >\n<h2 id=\"headline-71-14\" class=\"ct-headline\">Ci\u0105g\u0142o\u015b\u0107 warto\u015bci rozszerzona na nowy sektor<\/h2>\n<div id=\"_rich_text-72-14\" class=\"oxy-rich-text\" >\n<p data-start=\"3784\" data-end=\"3939\">Chwila <a href=\"https:\/\/www.enbloc-cleanrooms.com\/\">Vanguard Nauki o \u017cyciu<\/a> reprezentuje nowy obszar zainteresowania, opiera si\u0119 na tych samych warto\u015bciach i modelu \u015bwiadczenia us\u0142ug, kt\u00f3re le\u017c\u0105 u podstaw Vanguard Healthcare Solutions.<\/p>\n<p data-start=\"3941\" data-end=\"3967\">Nadal priorytetyzujemy:<\/p>\n<ul data-start=\"3969\" data-end=\"4182\">\n<li data-section-id=\"1kvgt66\" data-start=\"3969\" data-end=\"4017\">Jako\u015b\u0107 i bezpiecze\u0144stwo w \u015brodowiskach regulowanych<\/li>\n<li data-section-id=\"emkv1\" data-start=\"4018\" data-end=\"4068\">Niezawodno\u015b\u0107 i responsywno\u015b\u0107 dla naszych klient\u00f3w<\/li>\n<li data-section-id=\"1rqtbio\" data-start=\"4069\" data-end=\"4117\">Wsp\u00f3\u0142praca z partnerami i interesariuszami<\/li>\n<li data-section-id=\"1425da4\" data-start=\"4118\" data-end=\"4182\">Praktyczne rozwi\u0105zania, kt\u00f3re odpowiadaj\u0105 na rzeczywiste wyzwania operacyjne<\/li>\n<\/ul>\n<p data-start=\"4184\" data-end=\"4330\">Dzi\u0119ki tej ci\u0105g\u0142o\u015bci klienci z sektora nauk przyrodniczych korzystaj\u0105 z tego samego sprawdzonego podej\u015bcia, kt\u00f3re zosta\u0142o wypracowane w ca\u0142ej bran\u017cy opieki zdrowotnej.<\/p>\n<\/div>\n<\/div>\n<div id=\"div_block-74-14\" class=\"ct-div-block\" ><img decoding=\"async\"  id=\"image-75-14\" alt=\"\" src=\"https:\/\/www.vanguardhealthcare.co.uk\/wp-content\/uploads\/2025\/08\/MCA3.jpeg\" class=\"ct-image\"\/><\/div>\n<\/div>\n<\/div>\n<\/section>","protected":false},"excerpt":{"rendered":"","protected":false},"author":18,"featured_media":0,"parent":0,"menu_order":0,"comment_status":"closed","ping_status":"closed","template":"","meta":{"_acf_changed":false,"footnotes":""},"class_list":["post-8428","page","type-page","status-publish","format-standard","hentry"],"acf":[],"yoast_head":"<!-- This site is optimized with the Yoast SEO plugin v27.5 - https:\/\/yoast.com\/product\/yoast-seo-wordpress\/ -->\n<title>Vanguard Life Sciences - Vanguard Healthcare Solutions<\/title>\n<meta name=\"robots\" content=\"index, follow, max-snippet:-1, max-image-preview:large, max-video-preview:-1\" \/>\n<link rel=\"canonical\" href=\"https:\/\/www.vanguardhealthcare.co.uk\/pl_pl\/vanguard-life-sciences\/\" \/>\n<meta property=\"og:locale\" content=\"pl_PL\" \/>\n<meta property=\"og:type\" content=\"article\" \/>\n<meta property=\"og:title\" content=\"Vanguard Life Sciences - Vanguard Healthcare Solutions\" \/>\n<meta property=\"og:url\" content=\"https:\/\/www.vanguardhealthcare.co.uk\/pl_pl\/vanguard-life-sciences\/\" \/>\n<meta property=\"og:site_name\" content=\"Vanguard Healthcare Solutions\" \/>\n<meta property=\"article:modified_time\" content=\"2026-05-08T09:38:28+00:00\" \/>\n<meta name=\"twitter:card\" content=\"summary_large_image\" \/>\n<meta name=\"twitter:label1\" content=\"Szacowany czas czytania\" \/>\n\t<meta name=\"twitter:data1\" content=\"1 minuta\" \/>\n<script type=\"application\/ld+json\" class=\"yoast-schema-graph\">{\"@context\":\"https:\\\/\\\/schema.org\",\"@graph\":[{\"@type\":\"WebPage\",\"@id\":\"https:\\\/\\\/www.vanguardhealthcare.co.uk\\\/vanguard-life-sciences\\\/\",\"url\":\"https:\\\/\\\/www.vanguardhealthcare.co.uk\\\/vanguard-life-sciences\\\/\",\"name\":\"Vanguard Life Sciences - Vanguard Healthcare Solutions\",\"isPartOf\":{\"@id\":\"https:\\\/\\\/www.vanguardhealthcare.co.uk\\\/#website\"},\"datePublished\":\"2026-03-27T16:30:37+00:00\",\"dateModified\":\"2026-05-08T09:38:28+00:00\",\"breadcrumb\":{\"@id\":\"https:\\\/\\\/www.vanguardhealthcare.co.uk\\\/vanguard-life-sciences\\\/#breadcrumb\"},\"inLanguage\":\"pl-PL\",\"potentialAction\":[{\"@type\":\"ReadAction\",\"target\":[\"https:\\\/\\\/www.vanguardhealthcare.co.uk\\\/vanguard-life-sciences\\\/\"]}]},{\"@type\":\"BreadcrumbList\",\"@id\":\"https:\\\/\\\/www.vanguardhealthcare.co.uk\\\/vanguard-life-sciences\\\/#breadcrumb\",\"itemListElement\":[{\"@type\":\"ListItem\",\"position\":1,\"name\":\"Home\",\"item\":\"https:\\\/\\\/www.vanguardhealthcare.co.uk\\\/\"},{\"@type\":\"ListItem\",\"position\":2,\"name\":\"Vanguard Life Sciences\"}]},{\"@type\":\"WebSite\",\"@id\":\"https:\\\/\\\/www.vanguardhealthcare.co.uk\\\/#website\",\"url\":\"https:\\\/\\\/www.vanguardhealthcare.co.uk\\\/\",\"name\":\"Vanguard Healthcare Solutions\",\"description\":\"\",\"potentialAction\":[{\"@type\":\"SearchAction\",\"target\":{\"@type\":\"EntryPoint\",\"urlTemplate\":\"https:\\\/\\\/www.vanguardhealthcare.co.uk\\\/?s={search_term_string}\"},\"query-input\":{\"@type\":\"PropertyValueSpecification\",\"valueRequired\":true,\"valueName\":\"search_term_string\"}}],\"inLanguage\":\"pl-PL\"}]}<\/script>\n<!-- \/ Yoast SEO plugin. -->","yoast_head_json":{"title":"Vanguard Nauki przyrodnicze - Vanguard Rozwi\u0105zania dla opieki zdrowotnej","robots":{"index":"index","follow":"follow","max-snippet":"max-snippet:-1","max-image-preview":"max-image-preview:large","max-video-preview":"max-video-preview:-1"},"canonical":"https:\/\/www.vanguardhealthcare.co.uk\/pl_pl\/vanguard-life-sciences\/","og_locale":"pl_PL","og_type":"article","og_title":"Vanguard Life Sciences - Vanguard Healthcare Solutions","og_url":"https:\/\/www.vanguardhealthcare.co.uk\/pl_pl\/vanguard-life-sciences\/","og_site_name":"Vanguard Healthcare Solutions","article_modified_time":"2026-05-08T09:38:28+00:00","twitter_card":"summary_large_image","twitter_misc":{"Szacowany czas czytania":"1 minuta"},"schema":{"@context":"https:\/\/schema.org","@graph":[{"@type":"WebPage","@id":"https:\/\/www.vanguardhealthcare.co.uk\/vanguard-life-sciences\/","url":"https:\/\/www.vanguardhealthcare.co.uk\/vanguard-life-sciences\/","name":"Vanguard Nauki przyrodnicze - Vanguard Rozwi\u0105zania dla opieki zdrowotnej","isPartOf":{"@id":"https:\/\/www.vanguardhealthcare.co.uk\/#website"},"datePublished":"2026-03-27T16:30:37+00:00","dateModified":"2026-05-08T09:38:28+00:00","breadcrumb":{"@id":"https:\/\/www.vanguardhealthcare.co.uk\/vanguard-life-sciences\/#breadcrumb"},"inLanguage":"pl-PL","potentialAction":[{"@type":"ReadAction","target":["https:\/\/www.vanguardhealthcare.co.uk\/vanguard-life-sciences\/"]}]},{"@type":"BreadcrumbList","@id":"https:\/\/www.vanguardhealthcare.co.uk\/vanguard-life-sciences\/#breadcrumb","itemListElement":[{"@type":"ListItem","position":1,"name":"Home","item":"https:\/\/www.vanguardhealthcare.co.uk\/"},{"@type":"ListItem","position":2,"name":"Vanguard Life Sciences"}]},{"@type":"WebSite","@id":"https:\/\/www.vanguardhealthcare.co.uk\/#website","url":"https:\/\/www.vanguardhealthcare.co.uk\/","name":"Rozwi\u0105zania Vanguard dla opieki zdrowotnej","description":"","potentialAction":[{"@type":"SearchAction","target":{"@type":"EntryPoint","urlTemplate":"https:\/\/www.vanguardhealthcare.co.uk\/?s={search_term_string}"},"query-input":{"@type":"PropertyValueSpecification","valueRequired":true,"valueName":"search_term_string"}}],"inLanguage":"pl-PL"}]}},"_links":{"self":[{"href":"https:\/\/www.vanguardhealthcare.co.uk\/pl_pl\/wp-json\/wp\/v2\/pages\/8428","targetHints":{"allow":["GET"]}}],"collection":[{"href":"https:\/\/www.vanguardhealthcare.co.uk\/pl_pl\/wp-json\/wp\/v2\/pages"}],"about":[{"href":"https:\/\/www.vanguardhealthcare.co.uk\/pl_pl\/wp-json\/wp\/v2\/types\/page"}],"author":[{"embeddable":true,"href":"https:\/\/www.vanguardhealthcare.co.uk\/pl_pl\/wp-json\/wp\/v2\/users\/18"}],"replies":[{"embeddable":true,"href":"https:\/\/www.vanguardhealthcare.co.uk\/pl_pl\/wp-json\/wp\/v2\/comments?post=8428"}],"version-history":[{"count":0,"href":"https:\/\/www.vanguardhealthcare.co.uk\/pl_pl\/wp-json\/wp\/v2\/pages\/8428\/revisions"}],"wp:attachment":[{"href":"https:\/\/www.vanguardhealthcare.co.uk\/pl_pl\/wp-json\/wp\/v2\/media?parent=8428"}],"curies":[{"name":"wp","href":"https:\/\/api.w.org\/{rel}","templated":true}]}}