{"id":7861,"date":"2025-03-06T16:20:47","date_gmt":"2025-03-06T16:20:47","guid":{"rendered":"https:\/\/www.vanguardhealthcare.co.uk\/?page_id=7861"},"modified":"2025-04-01T11:52:39","modified_gmt":"2025-04-01T11:52:39","slug":"flexible-finance-solutions","status":"publish","type":"page","link":"https:\/\/www.vanguardhealthcare.co.uk\/pl_pl\/flexible-finance-solutions\/","title":{"rendered":"Elastyczne rozwi\u0105zania finansowe"},"content":{"rendered":"<section id=\"section-2-59\" class=\"ct-section\" style=\"background-image:url(https:\/\/www.vanguardhealthcare.co.uk\/wp-content\/uploads\/2023\/05\/boulders-right.png);background-size: auto;\" >\n<div class=\"ct-section-inner-wrap\">\n<div id=\"div_block-8-59\" class=\"ct-div-block\" ><a id=\"link_text-6-59\" class=\"ct-link-text\" href=\"\/pl_pl\/\" target=\"_self\"  >Dom<\/a><\/p>\n<h1 id=\"headline-3-59\" class=\"ct-headline\"><span id=\"span-4-59\" class=\"ct-span\" >Elastyczne rozwi\u0105zania finansowe<\/span><\/h1>\n<\/div>\n<\/div>\n<\/section>\n<section id=\"section-68-14-text-left-white\" class=\"ct-section\" >\n<div class=\"ct-section-inner-wrap\">\n<div id=\"new_columns-69-14text-left-white\" class=\"ct-new-columns\" >\n<div id=\"div_block-70-14\" class=\"ct-div-block\" >\n<h2 id=\"headline-71-14\" class=\"ct-headline\">Facility Flex \u2013 inteligentne podej\u015bcie do \u0142agodzenia wyzwa\u0144 zwi\u0105zanych z IFRS16 i CDEL<\/h2>\n<div id=\"_rich_text-72-14\" class=\"oxy-rich-text\" >\n<h3 class=\"MsoNormal\"><strong><span lang=\"EN-GB\">Witamy w Facility Flex<\/span><\/strong><\/h3>\n<p class=\"MsoNormal\"><span lang=\"EN-GB\">W Vanguard Healthcare Solutions rozumiemy dynamiczne potrzeby dostawc\u00f3w us\u0142ug opieki zdrowotnej. Nasze&nbsp;<strong>Obiekt Flex<\/strong> Model ten oferuje rewolucyjne podej\u015bcie do infrastruktury opieki zdrowotnej, zapewniaj\u0105c elastyczne rozwi\u0105zania rozliczane w miar\u0119 wykorzystania, kt\u00f3re gwarantuj\u0105 natychmiastowy dost\u0119p do wysokiej jako\u015bci \u015brodowisk klinicznych.<\/span><\/p>\n<p class=\"MsoNormal\"><span lang=\"EN-GB\">Pobierz nasz\u0105 broszur\u0119 informacyjn\u0105,&nbsp;<a href=\"\/pl_pl\/resource\/facility-flex-a-smart-approach-to-mitigating-ifrs16-and-cdel-challenges\/\">Tutaj.<\/a><\/span><\/p>\n<\/div>\n<\/div>\n<div id=\"div_block-74-14\" class=\"ct-div-block\" ><img decoding=\"async\"  id=\"image-75-14\" alt=\"\" src=\"https:\/\/www.vanguardhealthcare.co.uk\/wp-content\/uploads\/2025\/02\/Vanguard-Ribbon-Cutting-Drone-Photography-2-1024x768.jpg\" class=\"ct-image\"\/><\/div>\n<\/div>\n<\/div>\n<\/section>\n<section id=\"section-132-34\" class=\"ct-section\" >\n<div class=\"ct-section-inner-wrap\">\n<div id=\"new_columns-133-34\" class=\"ct-new-columns\" >\n<div id=\"div_block-138-34\" class=\"ct-div-block\" ><img decoding=\"async\"  id=\"image-139-34\" alt=\"\" src=\"https:\/\/www.vanguardhealthcare.co.uk\/wp-content\/uploads\/2025\/01\/IMG_5643-1024x768.jpeg\" class=\"ct-image\"\/><\/div>\n<div id=\"div_block-134-34\" class=\"ct-div-block\" >\n<h2 id=\"headline-135-34\" class=\"ct-headline\">Dlaczego warto wybra\u0107 Facility Flex?<\/h2>\n<div id=\"_rich_text-136-34\" class=\"oxy-rich-text\" >\n<p class=\"MsoNormal\"><strong><span lang=\"EN-GB\">Obiekt Flex<\/span><\/strong><span lang=\"EN-GB\">&nbsp;jest zaprojektowany, aby sprosta\u0107 rosn\u0105cemu zapotrzebowaniu na us\u0142ugi opieki zdrowotnej bez konieczno\u015bci znacznych nak\u0142ad\u00f3w inwestycyjnych. Nasz model oparty na przychodach pozwala dostawcom us\u0142ug opieki zdrowotnej wykorzystywa\u0107 bud\u017cety przychod\u00f3w, zachowuj\u0105c zasoby kapita\u0142owe na inne wa\u017cne inwestycje. Ta elastyczno\u015b\u0107 finansowa jest szczeg\u00f3lnie korzystna dla NHS Trusts, poniewa\u017c zapewnia brak wp\u0142ywu na limity CEDL.<\/span><\/p>\n<p class=\"MsoNormal\"><strong><span lang=\"EN-GB\">G\u0142\u00f3wne cechy i korzy\u015bci<\/span><\/strong><\/p>\n<ul style=\"margin-top: 0cm\" type=\"disc\">\n<li class=\"MsoNormal\"><strong><span lang=\"EN-GB\">Brak wydatk\u00f3w kapita\u0142owych<\/span><\/strong><span lang=\"EN-GB\">:Nasz model p\u0142atno\u015bci \u201epay-as-you-go\u201d eliminuje potrzeb\u0119 du\u017cych nak\u0142ad\u00f3w kapita\u0142owych, co pozwala Ci oszcz\u0119dza\u0107 zasoby finansowe.<\/span><\/li>\n<li class=\"MsoNormal\"><strong><span lang=\"EN-GB\">Szybkie wdra\u017canie<\/span><\/strong><span lang=\"EN-GB\">:Zapewniamy natychmiastowy dost\u0119p do pe\u0142nej floty obiekt\u00f3w demontowalnych i modu\u0142owych, co pozwala na szybkie rozwi\u0105zanie problem\u00f3w z pojemno\u015bci\u0105.<\/span><\/li>\n<li class=\"MsoNormal\"><strong><span lang=\"EN-GB\">Wysokiej jako\u015bci infrastruktura<\/span><\/strong><span lang=\"EN-GB\">:Nasze plac\u00f3wki zosta\u0142y zaprojektowane przez lekarzy i wyposa\u017cone w najnowocze\u015bniejszy sprz\u0119t, co gwarantuje optymaln\u0105 opiek\u0119 nad pacjentem.<\/span><\/li>\n<li class=\"MsoNormal\"><strong><span lang=\"EN-GB\">Elastyczno\u015b\u0107 finansowa<\/span><\/strong><span lang=\"EN-GB\">:Wykorzystuj\u0105c bud\u017cety przychod\u00f3w, mo\u017cesz inwestowa\u0107 w niezb\u0119dn\u0105 infrastruktur\u0119, nie naruszaj\u0105c limit\u00f3w wydatk\u00f3w kapita\u0142owych.<\/span><\/li>\n<li class=\"MsoNormal\"><strong><span lang=\"EN-GB\">Lepsze do\u015bwiadczenia pacjent\u00f3w<\/span><\/strong><span lang=\"EN-GB\">:Nasze gotowe do u\u017cycia \u015brodowiska kliniczne pomagaj\u0105 poprawi\u0107 wyniki leczenia pacjent\u00f3w i skr\u00f3ci\u0107 czas oczekiwania.<\/span><\/li>\n<\/ul>\n<\/div>\n<\/div>\n<\/div>\n<\/div>\n<\/section>\n<section id=\"section-68-14-text-left-white\" class=\"ct-section\" >\n<div class=\"ct-section-inner-wrap\">\n<div id=\"new_columns-69-14text-left-white\" class=\"ct-new-columns\" >\n<div id=\"div_block-70-14\" class=\"ct-div-block\" >\n<h2 id=\"headline-71-14\" class=\"ct-headline\">Kompleksowe wsparcie<\/h2>\n<div id=\"_rich_text-72-14\" class=\"oxy-rich-text\" >\n<p class=\"MsoNormal\"><strong><span lang=\"EN-GB\">Kompleksowe wsparcie<\/span><\/strong><\/p>\n<p class=\"MsoNormal\"><span lang=\"EN-GB\">Wsp\u00f3\u0142pracujemy \u015bci\u015ble z NHS Trusts, aby zrozumie\u0107 ich indywidualne wymagania i kluczowe czynniki finansowe. Nasze rozwi\u0105zania na zam\u00f3wienie s\u0105 zaprojektowane tak, aby zapewni\u0107 pozytywne wyniki, a my zapewniamy kompleksowe wsparcie w ca\u0142ym procesie:<\/span><\/p>\n<ul style=\"margin-top: 0cm\" type=\"disc\">\n<li class=\"MsoNormal\">\n<p><strong><span lang=\"EN-GB\">Wspieranie \u017cywotno\u015bci<\/span><\/strong><span lang=\"EN-GB\">:Wsp\u00f3\u0142pracujemy z Tob\u0105, aby potwierdzi\u0107 wykonalno\u015b\u0107 rozwi\u0105zania Facility Flex i dopasowa\u0107 je do Twoich indywidualnych potrzeb.<\/span><\/p>\n<\/li>\n<li class=\"MsoNormal\">\n<p><strong><span lang=\"EN-GB\">Kompleksowe dyskusje<\/span><\/strong><span lang=\"EN-GB\">:Wsp\u00f3lne opracowywanie przewidywanych sposob\u00f3w wykorzystania i projektowanie elastycznych rozwi\u0105za\u0144 finansowych, kt\u00f3re najlepiej odpowiadaj\u0105 Twoim potrzebom.<\/span><\/p>\n<\/li>\n<li class=\"MsoNormal\">\n<p><strong><span lang=\"EN-GB\">Pomoc w zatwierdzeniu<\/span><\/strong><span lang=\"EN-GB\">:Wsparcie w opracowaniu uzasadnienia biznesowego<\/span><\/p>\n<\/li>\n<li class=\"MsoNormal\">\n<p><strong><span lang=\"EN-GB\">Terminowa dostawa<\/span><\/strong><span lang=\"EN-GB\">:Dostawa z naszej natychmiast dost\u0119pnej floty pojazd\u00f3w demontowalnych i modu\u0142owych<\/span><\/p>\n<\/li>\n<\/ul>\n<\/div>\n<\/div>\n<div id=\"div_block-74-14\" class=\"ct-div-block\" ><img decoding=\"async\"  id=\"image-75-14\" alt=\"\" src=\"https:\/\/www.vanguardhealthcare.co.uk\/wp-content\/uploads\/2024\/07\/IMG_6401-1024x768.jpeg\" class=\"ct-image\"\/><\/div>\n<\/div>\n<\/div>\n<\/section>\n<section id=\"section-132-34\" class=\"ct-section\" >\n<div class=\"ct-section-inner-wrap\">\n<div id=\"new_columns-133-34\" class=\"ct-new-columns\" >\n<div id=\"div_block-138-34\" class=\"ct-div-block\" ><img decoding=\"async\"  id=\"image-139-34\" alt=\"\" src=\"https:\/\/www.vanguardhealthcare.co.uk\/wp-content\/uploads\/2024\/04\/Heartlands-Exterior-3-1024x683.jpg\" class=\"ct-image\"\/><\/div>\n<div id=\"div_block-134-34\" class=\"ct-div-block\" >\n<h2 id=\"headline-135-34\" class=\"ct-headline\">Realizacja cel\u00f3w programu reformy elektywnej<\/h2>\n<div id=\"_rich_text-136-34\" class=\"oxy-rich-text\" >\n<p class=\"MsoNormal\"><span lang=\"EN-GB\">Facility Flex jest integraln\u0105 cz\u0119\u015bci\u0105 programu wspieraj\u0105cego Elective Reform Programme NHS, kt\u00f3rego celem jest skr\u00f3cenie czasu oczekiwania i poprawa opieki nad pacjentami. Zapewniaj\u0105c dodatkowe mo\u017cliwo\u015bci kliniczne na zasadzie pay-as-you-go, Facility Flex pomaga NHS Trusts w realizacji cel\u00f3w programu, zapewniaj\u0105c terminowe i skuteczne leczenie pacjent\u00f3w.<\/span><\/p>\n<p class=\"MsoNormal\"><strong><span lang=\"EN-GB\">Nasze zobowi\u0105zanie<\/span><\/strong><\/p>\n<p class=\"MsoNormal\"><span lang=\"EN-GB\">W Vanguard Healthcare Solutions jeste\u015bmy zobowi\u0105zani do dostarczania elastycznej, wysokiej jako\u015bci infrastruktury opieki zdrowotnej, kt\u00f3ra spe\u0142nia dynamiczne potrzeby dostawc\u00f3w opieki zdrowotnej. Nasz kompetentny, wykwalifikowany i kompetentny zesp\u00f3\u0142 wnosi ogromne do\u015bwiadczenie i g\u0142\u0119bokie zrozumienie potrzeb klient\u00f3w, zapewniaj\u0105c, \u017ce dostarczamy najwy\u017cszej jako\u015bci rozwi\u0105zania w bran\u017cy.<\/span><\/p>\n<\/div>\n<\/div>\n<\/div>\n<\/div>\n<\/section>\n<section id=\"section-144-59\" class=\"ct-section\" >\n<div class=\"ct-section-inner-wrap\">\n<div id=\"new_columns-145-59\" class=\"ct-new-columns\" >\n<div id=\"div_block-146-59\" class=\"ct-div-block\" >\n<div id=\"_rich_text-9-63\" class=\"oxy-rich-text\" >\n<p>Znalezienie rozwi\u0105zania, kt\u00f3re sprawdzi si\u0119 w Twoim szpitalu, zaczyna si\u0119 tutaj\u2026<\/p>\n<\/div>\n<p><a id=\"link_button-149-59\" class=\"ct-link-button\" href=\"\/pl_pl\/contact\/\" target=\"_self\"  >Skontaktuj si\u0119 z nami<\/a><\/div>\n<div id=\"div_block-150-59\" class=\"ct-div-block\" ><img decoding=\"async\"  id=\"image-151-59\" alt=\"\" src=\"https:\/\/www.vanguardhealthcare.co.uk\/wp-content\/uploads\/2023\/06\/kettering-2-1.jpg\" class=\"ct-image\"\/><\/div>\n<\/div>\n<\/div>\n<\/section>","protected":false},"excerpt":{"rendered":"","protected":false},"author":11,"featured_media":0,"parent":0,"menu_order":0,"comment_status":"closed","ping_status":"closed","template":"","meta":{"_acf_changed":false,"footnotes":""},"class_list":["post-7861","page","type-page","status-publish","format-standard","hentry"],"acf":[],"yoast_head":"<!-- This site is optimized with the Yoast SEO plugin v27.4 - https:\/\/yoast.com\/product\/yoast-seo-wordpress\/ -->\n<title>Flexible Finance Solutions - Vanguard Healthcare Solutions<\/title>\n<meta name=\"robots\" content=\"index, follow, max-snippet:-1, max-image-preview:large, max-video-preview:-1\" \/>\n<link rel=\"canonical\" href=\"https:\/\/www.vanguardhealthcare.co.uk\/pl_pl\/flexible-finance-solutions\/\" \/>\n<meta property=\"og:locale\" content=\"pl_PL\" \/>\n<meta property=\"og:type\" content=\"article\" \/>\n<meta property=\"og:title\" content=\"Flexible Finance Solutions - Vanguard Healthcare Solutions\" \/>\n<meta property=\"og:url\" content=\"https:\/\/www.vanguardhealthcare.co.uk\/pl_pl\/flexible-finance-solutions\/\" \/>\n<meta property=\"og:site_name\" content=\"Vanguard Healthcare Solutions\" \/>\n<meta property=\"article:modified_time\" content=\"2025-04-01T11:52:39+00:00\" \/>\n<meta name=\"twitter:card\" content=\"summary_large_image\" \/>\n<meta name=\"twitter:label1\" content=\"Szacowany czas czytania\" \/>\n\t<meta name=\"twitter:data1\" content=\"1 minuta\" \/>\n<script type=\"application\/ld+json\" class=\"yoast-schema-graph\">{\"@context\":\"https:\\\/\\\/schema.org\",\"@graph\":[{\"@type\":\"WebPage\",\"@id\":\"https:\\\/\\\/www.vanguardhealthcare.co.uk\\\/flexible-finance-solutions\\\/\",\"url\":\"https:\\\/\\\/www.vanguardhealthcare.co.uk\\\/flexible-finance-solutions\\\/\",\"name\":\"Flexible Finance Solutions - Vanguard Healthcare Solutions\",\"isPartOf\":{\"@id\":\"https:\\\/\\\/www.vanguardhealthcare.co.uk\\\/#website\"},\"datePublished\":\"2025-03-06T16:20:47+00:00\",\"dateModified\":\"2025-04-01T11:52:39+00:00\",\"breadcrumb\":{\"@id\":\"https:\\\/\\\/www.vanguardhealthcare.co.uk\\\/flexible-finance-solutions\\\/#breadcrumb\"},\"inLanguage\":\"pl-PL\",\"potentialAction\":[{\"@type\":\"ReadAction\",\"target\":[\"https:\\\/\\\/www.vanguardhealthcare.co.uk\\\/flexible-finance-solutions\\\/\"]}]},{\"@type\":\"BreadcrumbList\",\"@id\":\"https:\\\/\\\/www.vanguardhealthcare.co.uk\\\/flexible-finance-solutions\\\/#breadcrumb\",\"itemListElement\":[{\"@type\":\"ListItem\",\"position\":1,\"name\":\"Home\",\"item\":\"https:\\\/\\\/www.vanguardhealthcare.co.uk\\\/\"},{\"@type\":\"ListItem\",\"position\":2,\"name\":\"Flexible Finance Solutions\"}]},{\"@type\":\"WebSite\",\"@id\":\"https:\\\/\\\/www.vanguardhealthcare.co.uk\\\/#website\",\"url\":\"https:\\\/\\\/www.vanguardhealthcare.co.uk\\\/\",\"name\":\"Vanguard Healthcare Solutions\",\"description\":\"\",\"potentialAction\":[{\"@type\":\"SearchAction\",\"target\":{\"@type\":\"EntryPoint\",\"urlTemplate\":\"https:\\\/\\\/www.vanguardhealthcare.co.uk\\\/?s={search_term_string}\"},\"query-input\":{\"@type\":\"PropertyValueSpecification\",\"valueRequired\":true,\"valueName\":\"search_term_string\"}}],\"inLanguage\":\"pl-PL\"}]}<\/script>\n<!-- \/ Yoast SEO plugin. -->","yoast_head_json":{"title":"Elastyczne rozwi\u0105zania finansowe \u2013 Vanguard Healthcare Solutions","robots":{"index":"index","follow":"follow","max-snippet":"max-snippet:-1","max-image-preview":"max-image-preview:large","max-video-preview":"max-video-preview:-1"},"canonical":"https:\/\/www.vanguardhealthcare.co.uk\/pl_pl\/flexible-finance-solutions\/","og_locale":"pl_PL","og_type":"article","og_title":"Flexible Finance Solutions - Vanguard Healthcare Solutions","og_url":"https:\/\/www.vanguardhealthcare.co.uk\/pl_pl\/flexible-finance-solutions\/","og_site_name":"Vanguard Healthcare Solutions","article_modified_time":"2025-04-01T11:52:39+00:00","twitter_card":"summary_large_image","twitter_misc":{"Szacowany czas czytania":"1 minuta"},"schema":{"@context":"https:\/\/schema.org","@graph":[{"@type":"WebPage","@id":"https:\/\/www.vanguardhealthcare.co.uk\/flexible-finance-solutions\/","url":"https:\/\/www.vanguardhealthcare.co.uk\/flexible-finance-solutions\/","name":"Elastyczne rozwi\u0105zania finansowe \u2013 Vanguard Healthcare Solutions","isPartOf":{"@id":"https:\/\/www.vanguardhealthcare.co.uk\/#website"},"datePublished":"2025-03-06T16:20:47+00:00","dateModified":"2025-04-01T11:52:39+00:00","breadcrumb":{"@id":"https:\/\/www.vanguardhealthcare.co.uk\/flexible-finance-solutions\/#breadcrumb"},"inLanguage":"pl-PL","potentialAction":[{"@type":"ReadAction","target":["https:\/\/www.vanguardhealthcare.co.uk\/flexible-finance-solutions\/"]}]},{"@type":"BreadcrumbList","@id":"https:\/\/www.vanguardhealthcare.co.uk\/flexible-finance-solutions\/#breadcrumb","itemListElement":[{"@type":"ListItem","position":1,"name":"Home","item":"https:\/\/www.vanguardhealthcare.co.uk\/"},{"@type":"ListItem","position":2,"name":"Flexible Finance Solutions"}]},{"@type":"WebSite","@id":"https:\/\/www.vanguardhealthcare.co.uk\/#website","url":"https:\/\/www.vanguardhealthcare.co.uk\/","name":"Rozwi\u0105zania Vanguard dla opieki zdrowotnej","description":"","potentialAction":[{"@type":"SearchAction","target":{"@type":"EntryPoint","urlTemplate":"https:\/\/www.vanguardhealthcare.co.uk\/?s={search_term_string}"},"query-input":{"@type":"PropertyValueSpecification","valueRequired":true,"valueName":"search_term_string"}}],"inLanguage":"pl-PL"}]}},"_links":{"self":[{"href":"https:\/\/www.vanguardhealthcare.co.uk\/pl_pl\/wp-json\/wp\/v2\/pages\/7861","targetHints":{"allow":["GET"]}}],"collection":[{"href":"https:\/\/www.vanguardhealthcare.co.uk\/pl_pl\/wp-json\/wp\/v2\/pages"}],"about":[{"href":"https:\/\/www.vanguardhealthcare.co.uk\/pl_pl\/wp-json\/wp\/v2\/types\/page"}],"author":[{"embeddable":true,"href":"https:\/\/www.vanguardhealthcare.co.uk\/pl_pl\/wp-json\/wp\/v2\/users\/11"}],"replies":[{"embeddable":true,"href":"https:\/\/www.vanguardhealthcare.co.uk\/pl_pl\/wp-json\/wp\/v2\/comments?post=7861"}],"version-history":[{"count":0,"href":"https:\/\/www.vanguardhealthcare.co.uk\/pl_pl\/wp-json\/wp\/v2\/pages\/7861\/revisions"}],"wp:attachment":[{"href":"https:\/\/www.vanguardhealthcare.co.uk\/pl_pl\/wp-json\/wp\/v2\/media?parent=7861"}],"curies":[{"name":"wp","href":"https:\/\/api.w.org\/{rel}","templated":true}]}}