{"id":674,"date":"2023-07-19T14:17:08","date_gmt":"2023-07-19T14:17:08","guid":{"rendered":"https:\/\/www.vanguardhealthcare.co.uk\/?page_id=674"},"modified":"2026-03-27T16:46:36","modified_gmt":"2026-03-27T16:46:36","slug":"heritage","status":"publish","type":"page","link":"https:\/\/www.vanguardhealthcare.co.uk\/pl_pl\/heritage\/","title":{"rendered":"Dziedzictwo"},"content":{"rendered":"<section id=\"section-2-59\" class=\"ct-section\" style=\"background-image:url(https:\/\/www.vanguardhealthcare.co.uk\/wp-content\/uploads\/2023\/05\/boulders-right.png);background-size: auto;\" >\n<div class=\"ct-section-inner-wrap\">\n<div id=\"div_block-8-59\" class=\"ct-div-block\" ><a id=\"link_text-6-59\" class=\"ct-link-text\" href=\"\/pl_pl\/\" target=\"_self\"  >Dom<\/a><\/p>\n<h1 id=\"headline-3-59\" class=\"ct-headline\"><span id=\"span-4-59\" class=\"ct-span\" >Dziedzictwo<\/span><\/h1>\n<\/div>\n<\/div>\n<\/section>\n<section id=\"section-68-14-text-left-white\" class=\"ct-section\" >\n<div class=\"ct-section-inner-wrap\">\n<div id=\"new_columns-69-14text-left-white\" class=\"ct-new-columns\" >\n<div id=\"div_block-70-14\" class=\"ct-div-block\" >\n<h2 id=\"headline-71-14\" class=\"ct-headline\">Od ponad dw\u00f3ch dekad tworzy innowacyjne rozwi\u0105zania dla \u015bwiadczeniodawc\u00f3w<\/h2>\n<div id=\"_rich_text-72-14\" class=\"oxy-rich-text\" >\n<p dir=\"ltr\">Od chwili za\u0142o\u017cenia firmy Vanguard Healthcare Solutions w 1999 roku nasza reputacja jako wiod\u0105cego \u015bwiatowego dostawcy elastycznej infrastruktury i us\u0142ug klinicznych stale ro\u015bnie. Jeste\u015bmy dumni ze wsp\u00f3\u0142pracy z fundacjami NHS Trusts i niezale\u017cnymi organizacjami sektorowymi w ca\u0142ej Wielkiej Brytanii \u2014 ponad 50% brytyjskich dostawc\u00f3w szpitali publicznych skorzysta\u0142o ju\u017c z jednej z naszych przestrzeni opieki zdrowotnej. Nasi klienci ufaj\u0105 nam, \u017ce dostarczamy wysokiej jako\u015bci, zaawansowane technicznie rozwi\u0105zania w celu szybkiej poprawy wynik\u00f3w zdrowotnych i wracaj\u0105 do nas wielokrotnie, gdy zmieniaj\u0105 si\u0119 potrzeby.&nbsp;<\/p>\n<p dir=\"ltr\">W 2018 roku nast\u0105pi\u0142o oficjalne uruchomienie Q-bital Healthcare Solutions, mi\u0119dzynarodowego oddzia\u0142u Vanguard Healthcare Solutions. Ekspansja firmy nie s\u0142abnie, zar\u00f3wno w Wielkiej Brytanii, jak i za granic\u0105, i nadal dostarcza nowe, innowacyjne rozwi\u0105zania. Obecnie prowadzimy dzia\u0142alno\u015b\u0107 mi\u0119dzynarodow\u0105 w Holandii, Szwecji, Australii i Francji i nadal poszukujemy nowych rynk\u00f3w, na kt\u00f3rych mogliby\u015bmy si\u0119 rozszerzy\u0107, zapewniaj\u0105c wsparcie wsz\u0119dzie tam, gdzie jest ono potrzebne. Wi\u0119cej informacji na temat naszej dzia\u0142alno\u015bci mi\u0119dzynarodowej mo\u017cna znale\u017a\u0107 na stronie <a href=\"https:\/\/www.q-bital.com\" target=\"_blank\" rel=\"noopener\">www.q-bital.com<\/a>.<\/p>\n<p dir=\"ltr\">W 2023 roku firma Vanguard Healthcare Solutions og\u0142osi\u0142a przej\u0119cie specjalnie zaprojektowanego zak\u0142adu produkcyjnego w Hull. Inwestycja ta zapewnia dodatkow\u0105 wydajno\u015b\u0107 naszym tymczasowym i sta\u0142ym modu\u0142owym mo\u017cliwo\u015bciom produkcyjnym. Inicjatywa ta zapewni wi\u0119ksze mo\u017cliwo\u015bci skutecznego zaspokojenia potrzeb inwestycyjnych w zakresie infrastruktury w sektorze opieki zdrowotnej.<\/p>\n<p dir=\"ltr\">W 2026 roku firma Vanguard Healthcare Solutions rozszerzy\u0142a swoj\u0105 dzia\u0142alno\u015b\u0107 na sektor nauk przyrodniczych, wprowadzaj\u0105c na rynek&nbsp;<a href=\"http:\/\/www.vanguardlifesciences.co.uk\">Vanguard Nauki o \u017cyciu<\/a>. Bazuj\u0105c na ugruntowanym do\u015bwiadczeniu w dostarczaniu modu\u0142owych plac\u00f3wek opieki zdrowotnej, ten nowy oddzia\u0142 koncentruje si\u0119 na dostarczaniu zaawansowanych \u015brodowisk czystych i hermetycznych dla organizacji farmaceutycznych, biotechnologicznych i badawczych. Realizowany we wsp\u00f3\u0142pracy ze specjalistycznym partnerem.&nbsp;<a href=\"https:\/\/www.enbloc-cleanrooms.com\/\">Enbloc<\/a>,&nbsp;<a href=\"\/wp-admin\/vanguardlifescience\">Vanguard Nauki o \u017cyciu<\/a>&nbsp;rozszerza mo\u017cliwo\u015bci firmy na \u015brodowiska podlegaj\u0105ce \u015bcis\u0142ym regulacjom, zapewniaj\u0105c klientom elastyczne i zgodne z przepisami rozwi\u0105zania infrastrukturalne.<\/p>\n<p dir=\"ltr\">&nbsp;<\/p>\n<\/div>\n<\/div>\n<div id=\"div_block-74-14\" class=\"ct-div-block\" ><img decoding=\"async\"  id=\"image-75-14\" alt=\"\" src=\"https:\/\/www.vanguardhealthcare.co.uk\/wp-content\/uploads\/2025\/03\/PHOTOSHOPPED-VERSION-EXTERNAL-scaled.jpg\" class=\"ct-image\"\/><\/div>\n<\/div>\n<\/div>\n<\/section>\n<section id=\"section-132-34\" class=\"ct-section\" >\n<div class=\"ct-section-inner-wrap\">\n<div id=\"new_columns-133-34\" class=\"ct-new-columns\" >\n<div id=\"div_block-138-34\" class=\"ct-div-block\" ><img decoding=\"async\"  id=\"image-139-34\" alt=\"\" src=\"https:\/\/www.vanguardhealthcare.co.uk\/wp-content\/uploads\/2025\/10\/NUFFIELD-TEES-USE-THIS-BETTER-FORMAT.jpg\" class=\"ct-image\"\/><\/div>\n<div id=\"div_block-134-34\" class=\"ct-div-block\" >\n<h2 id=\"headline-135-34\" class=\"ct-headline\">Dbamy o ka\u017cdy szczeg\u00f3\u0142, aby nasze przestrzenie opieki zdrowotnej dzia\u0142a\u0142y na korzy\u015b\u0107 naszych klient\u00f3w<\/h2>\n<div id=\"_rich_text-136-34\" class=\"oxy-rich-text\" >\n<p dir=\"ltr\">Wsp\u00f3\u0142pracujemy z naszymi klientami, aby zapewni\u0107 wysokiej jako\u015bci, zr\u00f3wnowa\u017cone rozwi\u0105zania w zakresie opieki zdrowotnej, oferuj\u0105c dostosowane do indywidualnych potrzeb mobilne i modu\u0142owe przestrzenie opieki zdrowotnej, kt\u00f3re odpowiadaj\u0105 unikalnym potrzebom ka\u017cdego systemu opieki zdrowotnej. Nasze obiekty mo\u017cna dostosowa\u0107 do szerokiego zakresu opcji, w tym sal operacyjnych, o\u015brodk\u00f3w chirurgicznych, \u015brodowiskowych o\u015brodk\u00f3w diagnostycznych (CDC), pracowni endoskopowych, obiekt\u00f3w do odka\u017cania i sterylizacji, oddzia\u0142\u00f3w, klinik i oddzia\u0142\u00f3w drobnych uraz\u00f3w (MIU). Nasze produkty, us\u0142ugi i opcje personelu klinicznego mo\u017cna \u0142\u0105czy\u0107, aby oferowa\u0107 niesko\u0144czone mo\u017cliwo\u015bci; ka\u017cdy nowy projekt to szansa na stworzenie zupe\u0142nie wyj\u0105tkowej Przestrzeni Opieki Zdrowotnej.<\/p>\n<p dir=\"ltr\">Nasza reputacja powsta\u0142a dzi\u0119ki naszej zdolno\u015bci do wspierania szpitali w zakresie dodatkowych obiekt\u00f3w, kt\u00f3re mo\u017cna odda\u0107 w ci\u0105gu kilku dni. Oferujemy jednak naszym klientom znacznie wi\u0119cej, a nasi zaufani partnerzy maj\u0105 nieograniczone mo\u017cliwo\u015bci poszerzania granic \u015bwiadczenia opieki zdrowotnej.&nbsp;<\/p>\n<p dir=\"ltr\">Nasza wiedza opiera si\u0119 na budowaniu silnych relacji z naszymi klientami i opracowywaniu sposob\u00f3w ulepszenia istniej\u0105cej infrastruktury o\u015brodka zdrowia. Nasz\u0105 ambicj\u0105 jest uczestnictwo w opracowywaniu najbardziej elastycznych na \u015bwiecie rozwi\u0105za\u0144 w zakresie infrastruktury opieki zdrowotnej. Opr\u00f3cz zapewnienia przestrzeni opieki zdrowotnej, aby zaspokoi\u0107 du\u017ce zapotrzebowanie pacjent\u00f3w i d\u0142ugie listy oczekuj\u0105cych, mo\u017cemy pom\u00f3c Ci przezwyci\u0119\u017cy\u0107 wyzwania operacyjne, takie jak remont, i zaoferowa\u0107 pomoc w nag\u0142ych wypadkach w przypadku po\u017caru, powodzi lub awarii teatru.&nbsp;<\/p>\n<p dir=\"ltr\">Dedykowany zesp\u00f3\u0142 ekspert\u00f3w pomaga w zarz\u0105dzaniu projektem, projektowaniu, wdra\u017caniu i \u015bwiadczeniu us\u0142ug klinicznych ka\u017cdego obiektu, od wst\u0119pnej koncepcji po usuni\u0119cie z obiektu. Na ka\u017cdym etapie projektu wspierany jest przez zesp\u00f3\u0142 kliniczny sk\u0142adaj\u0105cy si\u0119 z lekarzy oddzia\u0142\u00f3w operacyjnych, asystent\u00f3w opieki zdrowotnej i dyplomowanych piel\u0119gniarek, kt\u00f3rzy w razie potrzeby mog\u0105 zapewni\u0107 dodatkowy personel na plac\u00f3wce.<\/p>\n<\/div>\n<\/div>\n<\/div>\n<\/div>\n<\/section>\n<section id=\"section-2-202\" class=\"ct-section\" >\n<div class=\"ct-section-inner-wrap\">\n<div id=\"div_block-3-202\" class=\"ct-div-block\" >\n<h2 id=\"headline-4-202\" class=\"ct-headline\">Ponad 350 000 procedur i liczba ta wci\u0105\u017c ro\u015bnie\u2026<\/h2>\n<div id=\"_rich_text-5-202\" class=\"oxy-rich-text\" >\n<p dir=\"ltr\">W naszych mobilnych plac\u00f3wkach, w kt\u00f3rych pracuj\u0105 lekarze, przeprowadzono dotychczas ponad 350 000 zabieg\u00f3w.<\/p>\n<p dir=\"ltr\">Jako \u015bwiatowej klasy dostawca us\u0142ug klinicznych jeste\u015bmy dumni, \u017ce nasze przestrzenie opieki zdrowotnej s\u0105 odpowiednie dla 75% wszystkich typ\u00f3w procedur klinicznych wykonywanych w du\u017cym szpitalu, od endoprotezoplastyki stawu biodrowego po operacj\u0119 za\u0107my, procedury endoskopowe i chirurgi\u0119 plastyczn\u0105.<\/p>\n<p dir=\"ltr\">Wiele z naszych obiekt\u00f3w jest wykorzystywanych i obs\u0142ugiwanych przez szpital. W przypadku kontrakt\u00f3w, w kt\u00f3rych na miejscu obecny jest koordynator jednostki Vanguard, firma monitoruje i rejestruje bie\u017c\u0105cy licznik procedur, aby umo\u017cliwi\u0107 ci\u0105g\u0142e doskonalenie i przedstawi\u0107 dow\u00f3d swojego bogatego do\u015bwiadczenia.<\/p>\n<\/div>\n<div id=\"div_block-6-202\" class=\"ct-div-block\" ><img decoding=\"async\"  id=\"image-7-202\" alt=\"\" src=\"https:\/\/www.vanguardhealthcare.co.uk\/wp-content\/uploads\/2023\/07\/proceedures-infographic.png\" class=\"ct-image\"\/><\/div>\n<\/div>\n<\/div>\n<\/section>\n<section id=\"section-144-59\" class=\"ct-section\" >\n<div class=\"ct-section-inner-wrap\">\n<div id=\"new_columns-145-59\" class=\"ct-new-columns\" >\n<div id=\"div_block-146-59\" class=\"ct-div-block\" >\n<div id=\"_rich_text-9-63\" class=\"oxy-rich-text\" >\n<p>Znalezienie rozwi\u0105zania, kt\u00f3re sprawdzi si\u0119 w Twoim szpitalu, zaczyna si\u0119 tutaj\u2026<\/p>\n<\/div>\n<p><a id=\"link_button-149-59\" class=\"ct-link-button\" href=\"\/pl_pl\/contact\/\" target=\"_self\"  >Skontaktuj si\u0119 z nami<\/a><\/div>\n<div id=\"div_block-150-59\" class=\"ct-div-block\" ><img decoding=\"async\"  id=\"image-151-59\" alt=\"\" src=\"https:\/\/www.vanguardhealthcare.co.uk\/wp-content\/uploads\/2023\/06\/kettering-2-1.jpg\" class=\"ct-image\"\/><\/div>\n<\/div>\n<\/div>\n<\/section>","protected":false},"excerpt":{"rendered":"","protected":false},"author":2,"featured_media":0,"parent":0,"menu_order":0,"comment_status":"closed","ping_status":"closed","template":"","meta":{"_acf_changed":false,"footnotes":""},"class_list":["post-674","page","type-page","status-publish","format-standard","hentry"],"acf":[],"yoast_head":"<!-- This site is optimized with the Yoast SEO plugin v27.3 - https:\/\/yoast.com\/product\/yoast-seo-wordpress\/ -->\n<title>Heritage - Vanguard Healthcare Solutions<\/title>\n<meta name=\"robots\" content=\"index, follow, max-snippet:-1, max-image-preview:large, max-video-preview:-1\" \/>\n<link rel=\"canonical\" href=\"https:\/\/www.vanguardhealthcare.co.uk\/pl_pl\/heritage\/\" \/>\n<meta property=\"og:locale\" content=\"pl_PL\" \/>\n<meta property=\"og:type\" content=\"article\" \/>\n<meta property=\"og:title\" content=\"Heritage - Vanguard Healthcare Solutions\" \/>\n<meta property=\"og:url\" content=\"https:\/\/www.vanguardhealthcare.co.uk\/pl_pl\/heritage\/\" \/>\n<meta property=\"og:site_name\" content=\"Vanguard Healthcare Solutions\" \/>\n<meta property=\"article:modified_time\" content=\"2026-03-27T16:46:36+00:00\" \/>\n<meta name=\"twitter:card\" content=\"summary_large_image\" \/>\n<meta name=\"twitter:label1\" content=\"Szacowany czas czytania\" \/>\n\t<meta name=\"twitter:data1\" content=\"1 minuta\" \/>\n<script type=\"application\/ld+json\" class=\"yoast-schema-graph\">{\"@context\":\"https:\\\/\\\/schema.org\",\"@graph\":[{\"@type\":\"WebPage\",\"@id\":\"https:\\\/\\\/www.vanguardhealthcare.co.uk\\\/heritage\\\/\",\"url\":\"https:\\\/\\\/www.vanguardhealthcare.co.uk\\\/heritage\\\/\",\"name\":\"Heritage - Vanguard Healthcare Solutions\",\"isPartOf\":{\"@id\":\"https:\\\/\\\/www.vanguardhealthcare.co.uk\\\/#website\"},\"datePublished\":\"2023-07-19T14:17:08+00:00\",\"dateModified\":\"2026-03-27T16:46:36+00:00\",\"breadcrumb\":{\"@id\":\"https:\\\/\\\/www.vanguardhealthcare.co.uk\\\/heritage\\\/#breadcrumb\"},\"inLanguage\":\"pl-PL\",\"potentialAction\":[{\"@type\":\"ReadAction\",\"target\":[\"https:\\\/\\\/www.vanguardhealthcare.co.uk\\\/heritage\\\/\"]}]},{\"@type\":\"BreadcrumbList\",\"@id\":\"https:\\\/\\\/www.vanguardhealthcare.co.uk\\\/heritage\\\/#breadcrumb\",\"itemListElement\":[{\"@type\":\"ListItem\",\"position\":1,\"name\":\"Home\",\"item\":\"https:\\\/\\\/www.vanguardhealthcare.co.uk\\\/\"},{\"@type\":\"ListItem\",\"position\":2,\"name\":\"Heritage\"}]},{\"@type\":\"WebSite\",\"@id\":\"https:\\\/\\\/www.vanguardhealthcare.co.uk\\\/#website\",\"url\":\"https:\\\/\\\/www.vanguardhealthcare.co.uk\\\/\",\"name\":\"Vanguard Healthcare Solutions\",\"description\":\"\",\"potentialAction\":[{\"@type\":\"SearchAction\",\"target\":{\"@type\":\"EntryPoint\",\"urlTemplate\":\"https:\\\/\\\/www.vanguardhealthcare.co.uk\\\/?s={search_term_string}\"},\"query-input\":{\"@type\":\"PropertyValueSpecification\",\"valueRequired\":true,\"valueName\":\"search_term_string\"}}],\"inLanguage\":\"pl-PL\"}]}<\/script>\n<!-- \/ Yoast SEO plugin. -->","yoast_head_json":{"title":"Dziedzictwo - Vanguard Rozwi\u0105zania dla opieki zdrowotnej","robots":{"index":"index","follow":"follow","max-snippet":"max-snippet:-1","max-image-preview":"max-image-preview:large","max-video-preview":"max-video-preview:-1"},"canonical":"https:\/\/www.vanguardhealthcare.co.uk\/pl_pl\/heritage\/","og_locale":"pl_PL","og_type":"article","og_title":"Heritage - Vanguard Healthcare Solutions","og_url":"https:\/\/www.vanguardhealthcare.co.uk\/pl_pl\/heritage\/","og_site_name":"Vanguard Healthcare Solutions","article_modified_time":"2026-03-27T16:46:36+00:00","twitter_card":"summary_large_image","twitter_misc":{"Szacowany czas czytania":"1 minuta"},"schema":{"@context":"https:\/\/schema.org","@graph":[{"@type":"WebPage","@id":"https:\/\/www.vanguardhealthcare.co.uk\/heritage\/","url":"https:\/\/www.vanguardhealthcare.co.uk\/heritage\/","name":"Dziedzictwo - Vanguard Rozwi\u0105zania dla opieki zdrowotnej","isPartOf":{"@id":"https:\/\/www.vanguardhealthcare.co.uk\/#website"},"datePublished":"2023-07-19T14:17:08+00:00","dateModified":"2026-03-27T16:46:36+00:00","breadcrumb":{"@id":"https:\/\/www.vanguardhealthcare.co.uk\/heritage\/#breadcrumb"},"inLanguage":"pl-PL","potentialAction":[{"@type":"ReadAction","target":["https:\/\/www.vanguardhealthcare.co.uk\/heritage\/"]}]},{"@type":"BreadcrumbList","@id":"https:\/\/www.vanguardhealthcare.co.uk\/heritage\/#breadcrumb","itemListElement":[{"@type":"ListItem","position":1,"name":"Home","item":"https:\/\/www.vanguardhealthcare.co.uk\/"},{"@type":"ListItem","position":2,"name":"Heritage"}]},{"@type":"WebSite","@id":"https:\/\/www.vanguardhealthcare.co.uk\/#website","url":"https:\/\/www.vanguardhealthcare.co.uk\/","name":"Rozwi\u0105zania Vanguard dla opieki zdrowotnej","description":"","potentialAction":[{"@type":"SearchAction","target":{"@type":"EntryPoint","urlTemplate":"https:\/\/www.vanguardhealthcare.co.uk\/?s={search_term_string}"},"query-input":{"@type":"PropertyValueSpecification","valueRequired":true,"valueName":"search_term_string"}}],"inLanguage":"pl-PL"}]}},"_links":{"self":[{"href":"https:\/\/www.vanguardhealthcare.co.uk\/pl_pl\/wp-json\/wp\/v2\/pages\/674","targetHints":{"allow":["GET"]}}],"collection":[{"href":"https:\/\/www.vanguardhealthcare.co.uk\/pl_pl\/wp-json\/wp\/v2\/pages"}],"about":[{"href":"https:\/\/www.vanguardhealthcare.co.uk\/pl_pl\/wp-json\/wp\/v2\/types\/page"}],"author":[{"embeddable":true,"href":"https:\/\/www.vanguardhealthcare.co.uk\/pl_pl\/wp-json\/wp\/v2\/users\/2"}],"replies":[{"embeddable":true,"href":"https:\/\/www.vanguardhealthcare.co.uk\/pl_pl\/wp-json\/wp\/v2\/comments?post=674"}],"version-history":[{"count":0,"href":"https:\/\/www.vanguardhealthcare.co.uk\/pl_pl\/wp-json\/wp\/v2\/pages\/674\/revisions"}],"wp:attachment":[{"href":"https:\/\/www.vanguardhealthcare.co.uk\/pl_pl\/wp-json\/wp\/v2\/media?parent=674"}],"curies":[{"name":"wp","href":"https:\/\/api.w.org\/{rel}","templated":true}]}}