{"id":455,"date":"2023-07-03T14:28:23","date_gmt":"2023-07-03T14:28:23","guid":{"rendered":"https:\/\/www.vanguardhealthcare.co.uk\/?page_id=455"},"modified":"2023-09-07T08:50:18","modified_gmt":"2023-09-07T08:50:18","slug":"procurement","status":"publish","type":"page","link":"https:\/\/www.vanguardhealthcare.co.uk\/pl_pl\/procurement\/","title":{"rendered":"Nabywanie"},"content":{"rendered":"<section id=\"section-2-59\" class=\"ct-section\" style=\"background-image:url(https:\/\/www.vanguardhealthcare.co.uk\/wp-content\/uploads\/2023\/05\/boulders-right.png);background-size: auto;\" >\n<div class=\"ct-section-inner-wrap\">\n<div id=\"div_block-8-59\" class=\"ct-div-block\" ><a id=\"link_text-6-59\" class=\"ct-link-text\" href=\"\/pl_pl\/\" target=\"_self\"  >Dom<\/a><\/p>\n<h1 id=\"headline-3-59\" class=\"ct-headline\"><span id=\"span-4-59\" class=\"ct-span\" >Nabywanie<\/span><\/h1>\n<\/div>\n<\/div>\n<\/section>\n<section id=\"section-68-14-text-left-white\" class=\"ct-section\" >\n<div class=\"ct-section-inner-wrap\">\n<div id=\"new_columns-69-14text-left-white\" class=\"ct-new-columns\" >\n<div id=\"div_block-70-14\" class=\"ct-div-block\" >\n<h2 id=\"headline-71-14\" class=\"ct-headline\">Plany zakupowe dostosowane do Twoich potrzeb<\/h2>\n<div id=\"_rich_text-72-14\" class=\"oxy-rich-text\" >\n<p>Jeste\u015bmy specjalistami w oferowaniu rozwi\u0105za\u0144 dla plac\u00f3wek opieki zdrowotnej, kt\u00f3re s\u0105 wspierane przez nasze us\u0142ugi kliniczne. Mog\u0105 by\u0107 one standardowe lub wykonane na zam\u00f3wienie, wynajmowane lub kupowane, w zale\u017cno\u015bci od wymaga\u0144.&nbsp;<\/p>\n<p>Oferujemy szereg opcji kontraktowania i mo\u017cemy dostosowa\u0107 si\u0119 do Twoich priorytet\u00f3w w zakresie wydatk\u00f3w kapita\u0142owych lub operacyjnych. Dla prostoty i wygody nasze przestrzenie opieki zdrowotnej s\u0105 dost\u0119pne w kilku r\u00f3\u017cnych ramach.&nbsp;<a href=\"..\/our-team\/\">Nasz zesp\u00f3\u0142<\/a>&nbsp;przeprowadzi Ci\u0119 przez opcje i poprowadzi Ci\u0119 na ka\u017cdym kroku.&nbsp;<\/p>\n<\/div>\n<\/div>\n<div id=\"div_block-74-14\" class=\"ct-div-block\" ><img decoding=\"async\"  id=\"image-75-14\" alt=\"\" src=\"https:\/\/www.vanguardhealthcare.co.uk\/wp-content\/uploads\/2023\/05\/Staffed-operating-theatre1.jpg\" class=\"ct-image\"\/><\/div>\n<\/div>\n<\/div>\n<\/section>\n<section id=\"section-88-34-blue\" class=\"ct-section\" >\n<div class=\"ct-section-inner-wrap\">\n<div id=\"new_columns-89-34-blue\" class=\"ct-new-columns\" >\n<div id=\"div_block-94-34\" class=\"ct-div-block\" ><img decoding=\"async\"  id=\"image-95-34\" alt=\"\" src=\"https:\/\/www.vanguardhealthcare.co.uk\/wp-content\/uploads\/2023\/05\/Staffed-operating-theatre1.jpg\" class=\"ct-image\"\/><\/div>\n<div id=\"div_block-90-34\" class=\"ct-div-block\" >\n<h2 id=\"headline-91-34\" class=\"ct-headline\">\u015arodowisko, warto\u015b\u0107 spo\u0142eczna i zarz\u0105dzanie (ESG)<\/h2>\n<div id=\"_rich_text-92-34\" class=\"oxy-rich-text\" >\n<p dir=\"ltr\">Powa\u017cnie podchodzimy do naszych obowi\u0105zk\u00f3w etycznych, zwi\u0105zanych ze zr\u00f3wnowa\u017conym rozwojem i odpowiedzialno\u015bci\u0105 spo\u0142eczn\u0105, dlatego konsekwentnie osadzamy i stosujemy nasze korporacyjne warto\u015bci spo\u0142eczne w naszej dzia\u0142alno\u015bci komercyjnej. Jako firma mi\u0119dzynarodowa priorytetowo traktujemy znalezienie sposob\u00f3w na zmniejszenie przebytych kilometr\u00f3w i podr\u00f3\u017cy mi\u0119dzynarodowych, tam gdzie to mo\u017cliwe. Czasami, gdy nie jest to mo\u017cliwe, r\u00f3wnowa\u017cymy wp\u0142yw naszej podr\u00f3\u017cy na \u015brodowisko.<\/p>\n<p dir=\"ltr\">Jako kluczowy dostawca NHS i innych niezale\u017cnych dostawc\u00f3w mamy obowi\u0105zki, kt\u00f3re musz\u0105 znale\u017a\u0107 odzwierciedlenie w naszej dzia\u0142alno\u015bci i naszym \u0142a\u0144cuchu dostaw. Chcemy, aby nasi dostawcy, kt\u00f3rzy maj\u0105 kluczowe znaczenie dla naszego dzia\u0142ania, wykazywali si\u0119 tymi warto\u015bciami etycznymi, a w przysz\u0142o\u015bci b\u0119dziemy patrze\u0107 na naszych kluczowych dostawc\u00f3w posiadaj\u0105cych normy ISO 14001 i 45001 lub inne odpowiednie akredytacje zawodowe.&nbsp;&nbsp;<\/p>\n<p dir=\"ltr\">Oczekujemy, \u017ce wszyscy nasi dostawcy b\u0119d\u0105 przestrzega\u0107 obowi\u0105zuj\u0105cych przepis\u00f3w, regulacji i norm dotycz\u0105cych ochrony \u015brodowiska. Je\u015bli jeszcze tego nie robi\u0105, prosimy o utworzenie system\u00f3w i kontroli w celu identyfikacji i wyeliminowania potencjalnych zagro\u017ce\u0144 dla \u015brodowiska <a href=\"..\/environment\/\">\u015brodowisko<\/a>, kt\u00f3re s\u0105 proporcjonalne do ryzyka.<\/p>\n<p>&nbsp;<\/p>\n<\/div>\n<\/div>\n<\/div>\n<\/div>\n<\/section>\n<section id=\"section-68-14-text-left-white\" class=\"ct-section\" >\n<div class=\"ct-section-inner-wrap\">\n<div id=\"new_columns-69-14text-left-white\" class=\"ct-new-columns\" >\n<div id=\"div_block-70-14\" class=\"ct-div-block\" >\n<h2 id=\"headline-71-14\" class=\"ct-headline\">Nasz \u0142a\u0144cuch dostaw<\/h2>\n<div id=\"_rich_text-72-14\" class=\"oxy-rich-text\" >\n<p dir=\"ltr\">Nasz \u0142a\u0144cuch dostaw rozci\u0105ga si\u0119 na terenie Wielkiej Brytanii, Europy i Australii. W naszych umowach i relacjach handlowych jasno okre\u015blamy standardy operacyjne naszych dostawc\u00f3w.&nbsp;&nbsp;<\/p>\n<p dir=\"ltr\">W naszej dzia\u0142alno\u015bci, naszych pracownikach i \u0142a\u0144cuchu dostaw uwzgl\u0119dniamy nasze warto\u015bci ESG. Wspieramy nasz \u0142a\u0144cuch dostaw tam, gdzie istnieje potrzeba dostosowania, aby osi\u0105gn\u0105\u0107 nasze cele&nbsp;<a href=\"..\/environment\/\">Cele ESG<\/a>.&nbsp;<\/p>\n<p dir=\"ltr\">Nasza strategia ESG opiera si\u0119 na:<\/p>\n<ul>\n<li dir=\"ltr\" aria-level=\"1\">\n<p dir=\"ltr\" role=\"presentation\">Obowi\u0105zki jako kluczowy dostawca dla NHS<\/p>\n<\/li>\n<li dir=\"ltr\" aria-level=\"1\">\n<p dir=\"ltr\" role=\"presentation\">Wsp\u00f3lne cele okre\u015blone w Zielonym Planie NHS<\/p>\n<\/li>\n<li dir=\"ltr\" aria-level=\"1\">\n<p dir=\"ltr\" role=\"presentation\">Ch\u0119\u0107 dzia\u0142ania etycznego i odpowiedzialnego<\/p>\n<\/li>\n<li dir=\"ltr\" aria-level=\"1\">\n<p dir=\"ltr\" role=\"presentation\">Gotowo\u015b\u0107 do regulacji ESG<\/p>\n<\/li>\n<li dir=\"ltr\" aria-level=\"1\">\n<p dir=\"ltr\" role=\"presentation\">Mo\u017cliwo\u015b\u0107 wykazania inwestorom (obecnym i przysz\u0142ym) naszego zaanga\u017cowania w ESG i etyczne dzia\u0142ania<\/p>\n<\/li>\n<\/ul>\n<\/div>\n<\/div>\n<div id=\"div_block-74-14\" class=\"ct-div-block\" ><img decoding=\"async\"  id=\"image-75-14\" alt=\"\" src=\"https:\/\/www.vanguardhealthcare.co.uk\/wp-content\/uploads\/2023\/05\/Mobile-operating-theatre-delivery_vanguard.jpg\" class=\"ct-image\"\/><\/div>\n<\/div>\n<\/div>\n<\/section>\n<section id=\"section-88-34-blue\" class=\"ct-section\" >\n<div class=\"ct-section-inner-wrap\">\n<div id=\"new_columns-89-34-blue\" class=\"ct-new-columns\" >\n<div id=\"div_block-94-34\" class=\"ct-div-block\" ><img decoding=\"async\"  id=\"image-95-34\" alt=\"\" src=\"https:\/\/www.vanguardhealthcare.co.uk\/wp-content\/uploads\/2023\/05\/Staffed-operating-theatre1.jpg\" class=\"ct-image\"\/><\/div>\n<div id=\"div_block-90-34\" class=\"ct-div-block\" >\n<h2 id=\"headline-91-34\" class=\"ct-headline\">Oceniamy naszych dostawc\u00f3w pod wzgl\u0119dem ryzyka i dojrza\u0142o\u015bci<\/h2>\n<div id=\"_rich_text-92-34\" class=\"oxy-rich-text\" >\n<p dir=\"ltr\">Uwa\u017camy, \u017ce nasi dostawcy:<\/p>\n<ul>\n<li dir=\"ltr\" aria-level=\"1\">\n<p dir=\"ltr\" role=\"presentation\"><a href=\"..\/environment\/\">Spo\u0142eczna odpowiedzialno\u015b\u0107 biznesu<\/a>&nbsp;(CSR)<\/p>\n<\/li>\n<li dir=\"ltr\" aria-level=\"1\">\n<p dir=\"ltr\" role=\"presentation\">Efektywno\u015b\u0107 energetyczna i paliwowa<\/p>\n<\/li>\n<li dir=\"ltr\" aria-level=\"1\">\n<p dir=\"ltr\" role=\"presentation\">Polityka BHP<\/p>\n<\/li>\n<li dir=\"ltr\" aria-level=\"1\">\n<p dir=\"ltr\" role=\"presentation\">Polityka transportowa<\/p>\n<\/li>\n<li dir=\"ltr\" aria-level=\"1\">\n<p dir=\"ltr\" role=\"presentation\">Wykorzystanie lokalnego zatrudnienia<\/p>\n<\/li>\n<li dir=\"ltr\" aria-level=\"1\">\n<p dir=\"ltr\" role=\"presentation\">Dokumentacja praktyk i szkole\u0144<\/p>\n<\/li>\n<\/ul>\n<p dir=\"ltr\">Jako dostawca rozwi\u0105za\u0144 w zakresie opieki zdrowotnej jeste\u015bmy skupieni na pacjencie. Naszym priorytetem jest zawsze troska i bezpiecze\u0144stwo pacjent\u00f3w i naszych klient\u00f3w; oczekujemy, \u017ce nasi dostawcy podzielaj\u0105 te priorytety.&nbsp;&nbsp;<\/p>\n<p dir=\"ltr\">Nasza reputacja opiera si\u0119 na naszej zdolno\u015bci do zapewniania wysokiej jako\u015bci przestrzeni opieki zdrowotnej. W miar\u0119 zwi\u0119kszania si\u0119 naszych wymaga\u0144 regulacyjnych chcemy zatrzyma\u0107 dostawc\u00f3w, kt\u00f3rzy spe\u0142niaj\u0105 nasze standardy, aby\u015bmy mogli w dalszym ci\u0105gu budowa\u0107 na naszym dotychczasowym sukcesie.<\/p>\n<\/div>\n<\/div>\n<\/div>\n<\/div>\n<\/section>\n<section id=\"section-68-14-text-left-white\" class=\"ct-section\" >\n<div class=\"ct-section-inner-wrap\">\n<div id=\"new_columns-69-14text-left-white\" class=\"ct-new-columns\" >\n<div id=\"div_block-70-14\" class=\"ct-div-block\" >\n<h2 id=\"headline-71-14\" class=\"ct-headline\">Nowoczesne metody budownictwa i innowacje<\/h2>\n<div id=\"_rich_text-72-14\" class=\"oxy-rich-text\" >\n<p dir=\"ltr\">Pozostaj\u0105c konkurencyjnymi, zapewniamy, \u017ce nasz \u0142a\u0144cuch dostaw wspiera nasze ambicje korporacyjne, poprzez badanie i pilota\u017c nowych produkt\u00f3w, materia\u0142\u00f3w i us\u0142ug.<\/p>\n<\/div>\n<\/div>\n<div id=\"div_block-74-14\" class=\"ct-div-block\" ><img decoding=\"async\"  id=\"image-75-14\" alt=\"\" src=\"https:\/\/www.vanguardhealthcare.co.uk\/wp-content\/uploads\/2023\/06\/design-and-build-4.jpg\" class=\"ct-image\"\/><\/div>\n<\/div>\n<\/div>\n<\/section>\n<section id=\"section-88-34-blue\" class=\"ct-section\" >\n<div class=\"ct-section-inner-wrap\">\n<div id=\"new_columns-89-34-blue\" class=\"ct-new-columns\" >\n<div id=\"div_block-94-34\" class=\"ct-div-block\" ><img decoding=\"async\"  id=\"image-95-34\" alt=\"\" src=\"https:\/\/www.vanguardhealthcare.co.uk\/wp-content\/uploads\/2023\/09\/ESG_-_Earth_with_stethoscope-1017x1024.jpg\" class=\"ct-image\"\/><\/div>\n<div id=\"div_block-90-34\" class=\"ct-div-block\" >\n<h2 id=\"headline-91-34\" class=\"ct-headline\">Zr\u00f3wnowa\u017cony rozw\u00f3j<\/h2>\n<div id=\"_rich_text-92-34\" class=\"oxy-rich-text\" >\n<p dir=\"ltr\">Jeste\u015bmy grup\u0105 mi\u0119dzynarodow\u0105 i pod\u0105\u017camy w kierunku neutralno\u015bci pod wzgl\u0119dem emisji dwutlenku w\u0119gla. Opieraj\u0105c si\u0119 na naszym dotychczasowym zaanga\u017cowaniu, b\u0119dziemy w dalszym ci\u0105gu doskonali\u0107 nasze kompetencje w zakresie ochrony \u015brodowiska, aby umo\u017cliwi\u0107 nam osi\u0105gni\u0119cie cel\u00f3w w zakresie zr\u00f3wnowa\u017conego rozwoju, kt\u00f3re sobie wyznaczyli\u015bmy w naszych&nbsp;<a href=\"..\/environment\/\">Strategia ESG<\/a>&nbsp;2022\u20142035.<\/p>\n<\/div>\n<\/div>\n<\/div>\n<\/div>\n<\/section>\n<section id=\"section-114-34\" class=\"ct-section\" >\n<div class=\"ct-section-inner-wrap\">\n<div id=\"new_columns-115-34\" class=\"ct-new-columns\" >\n<div id=\"div_block-116-34\" class=\"ct-div-block\" >\n<h2 id=\"headline-117-34\" class=\"ct-headline\">Nasz ramowy udzia\u0142<\/h2>\n<div id=\"_rich_text-118-34\" class=\"oxy-rich-text\" >\n<p>Nasz udzia\u0142 w ramach \u0142a\u0144cucha dostaw NHS oraz nasza ci\u0105g\u0142a wsp\u00f3\u0142praca z NHS i organami opieki zdrowotnej wymaga od nas regularnego zapewniania szerokiego zakresu \u015brodk\u00f3w zgodno\u015bci.<\/p>\n<\/div>\n<p><a id=\"link_button-119-34\" class=\"ct-link-button button-pink\" href=\"\/pl_pl\/our-frameworks\/\" target=\"_self\"  >Nasze ramy<\/a><\/div>\n<div id=\"div_block-120-34\" class=\"ct-div-block\" ><img decoding=\"async\"  id=\"image-121-34\" alt=\"\" src=\"https:\/\/www.vanguardhealthcare.co.uk\/wp-content\/uploads\/2023\/06\/modular-surgical-hub-scaled.jpg\" class=\"ct-image\"\/><\/div>\n<\/div>\n<\/div>\n<\/section>\n<section id=\"section-144-59\" class=\"ct-section\" >\n<div class=\"ct-section-inner-wrap\">\n<div id=\"new_columns-145-59\" class=\"ct-new-columns\" >\n<div id=\"div_block-146-59\" class=\"ct-div-block\" >\n<div id=\"_rich_text-9-63\" class=\"oxy-rich-text\" >\n<p>Znalezienie rozwi\u0105zania odpowiedniego dla Twojego szpitala mo\u017ce rozpocz\u0105\u0107 si\u0119 tutaj\u2026<\/p>\n<\/div>\n<p><a id=\"link_button-149-59\" class=\"ct-link-button\" href=\"\/pl_pl\/contact\/\" target=\"_self\"  >Skontaktuj si\u0119 z nami<\/a><\/div>\n<div id=\"div_block-150-59\" class=\"ct-div-block\" ><img decoding=\"async\"  id=\"image-151-59\" alt=\"\" src=\"https:\/\/www.vanguardhealthcare.co.uk\/wp-content\/uploads\/2023\/06\/kettering-2-1.jpg\" class=\"ct-image\"\/><\/div>\n<\/div>\n<\/div>\n<\/section>","protected":false},"excerpt":{"rendered":"","protected":false},"author":2,"featured_media":0,"parent":0,"menu_order":0,"comment_status":"closed","ping_status":"closed","template":"","meta":{"_acf_changed":false,"footnotes":""},"class_list":["post-455","page","type-page","status-publish","format-standard","hentry"],"acf":[],"yoast_head":"<!-- This site is optimized with the Yoast SEO plugin v27.3 - https:\/\/yoast.com\/product\/yoast-seo-wordpress\/ -->\n<title>Procurement - Vanguard Healthcare Solutions<\/title>\n<meta name=\"robots\" content=\"index, follow, max-snippet:-1, max-image-preview:large, max-video-preview:-1\" \/>\n<link rel=\"canonical\" href=\"https:\/\/www.vanguardhealthcare.co.uk\/pl_pl\/procurement\/\" \/>\n<meta property=\"og:locale\" content=\"pl_PL\" \/>\n<meta property=\"og:type\" content=\"article\" \/>\n<meta property=\"og:title\" content=\"Procurement - Vanguard Healthcare Solutions\" \/>\n<meta property=\"og:url\" content=\"https:\/\/www.vanguardhealthcare.co.uk\/pl_pl\/procurement\/\" \/>\n<meta property=\"og:site_name\" content=\"Vanguard Healthcare Solutions\" \/>\n<meta property=\"article:modified_time\" content=\"2023-09-07T08:50:18+00:00\" \/>\n<meta name=\"twitter:card\" content=\"summary_large_image\" \/>\n<script type=\"application\/ld+json\" class=\"yoast-schema-graph\">{\"@context\":\"https:\\\/\\\/schema.org\",\"@graph\":[{\"@type\":\"WebPage\",\"@id\":\"https:\\\/\\\/www.vanguardhealthcare.co.uk\\\/procurement\\\/\",\"url\":\"https:\\\/\\\/www.vanguardhealthcare.co.uk\\\/procurement\\\/\",\"name\":\"Procurement - Vanguard Healthcare Solutions\",\"isPartOf\":{\"@id\":\"https:\\\/\\\/www.vanguardhealthcare.co.uk\\\/#website\"},\"datePublished\":\"2023-07-03T14:28:23+00:00\",\"dateModified\":\"2023-09-07T08:50:18+00:00\",\"breadcrumb\":{\"@id\":\"https:\\\/\\\/www.vanguardhealthcare.co.uk\\\/procurement\\\/#breadcrumb\"},\"inLanguage\":\"pl-PL\",\"potentialAction\":[{\"@type\":\"ReadAction\",\"target\":[\"https:\\\/\\\/www.vanguardhealthcare.co.uk\\\/procurement\\\/\"]}]},{\"@type\":\"BreadcrumbList\",\"@id\":\"https:\\\/\\\/www.vanguardhealthcare.co.uk\\\/procurement\\\/#breadcrumb\",\"itemListElement\":[{\"@type\":\"ListItem\",\"position\":1,\"name\":\"Home\",\"item\":\"https:\\\/\\\/www.vanguardhealthcare.co.uk\\\/\"},{\"@type\":\"ListItem\",\"position\":2,\"name\":\"Procurement\"}]},{\"@type\":\"WebSite\",\"@id\":\"https:\\\/\\\/www.vanguardhealthcare.co.uk\\\/#website\",\"url\":\"https:\\\/\\\/www.vanguardhealthcare.co.uk\\\/\",\"name\":\"Vanguard Healthcare Solutions\",\"description\":\"\",\"potentialAction\":[{\"@type\":\"SearchAction\",\"target\":{\"@type\":\"EntryPoint\",\"urlTemplate\":\"https:\\\/\\\/www.vanguardhealthcare.co.uk\\\/?s={search_term_string}\"},\"query-input\":{\"@type\":\"PropertyValueSpecification\",\"valueRequired\":true,\"valueName\":\"search_term_string\"}}],\"inLanguage\":\"pl-PL\"}]}<\/script>\n<!-- \/ Yoast SEO plugin. -->","yoast_head_json":{"title":"Zam\u00f3wienia publiczne \u2013 Vanguard Rozwi\u0105zania dla opieki zdrowotnej","robots":{"index":"index","follow":"follow","max-snippet":"max-snippet:-1","max-image-preview":"max-image-preview:large","max-video-preview":"max-video-preview:-1"},"canonical":"https:\/\/www.vanguardhealthcare.co.uk\/pl_pl\/procurement\/","og_locale":"pl_PL","og_type":"article","og_title":"Procurement - Vanguard Healthcare Solutions","og_url":"https:\/\/www.vanguardhealthcare.co.uk\/pl_pl\/procurement\/","og_site_name":"Vanguard Healthcare Solutions","article_modified_time":"2023-09-07T08:50:18+00:00","twitter_card":"summary_large_image","schema":{"@context":"https:\/\/schema.org","@graph":[{"@type":"WebPage","@id":"https:\/\/www.vanguardhealthcare.co.uk\/procurement\/","url":"https:\/\/www.vanguardhealthcare.co.uk\/procurement\/","name":"Zam\u00f3wienia publiczne \u2013 Vanguard Rozwi\u0105zania dla opieki zdrowotnej","isPartOf":{"@id":"https:\/\/www.vanguardhealthcare.co.uk\/#website"},"datePublished":"2023-07-03T14:28:23+00:00","dateModified":"2023-09-07T08:50:18+00:00","breadcrumb":{"@id":"https:\/\/www.vanguardhealthcare.co.uk\/procurement\/#breadcrumb"},"inLanguage":"pl-PL","potentialAction":[{"@type":"ReadAction","target":["https:\/\/www.vanguardhealthcare.co.uk\/procurement\/"]}]},{"@type":"BreadcrumbList","@id":"https:\/\/www.vanguardhealthcare.co.uk\/procurement\/#breadcrumb","itemListElement":[{"@type":"ListItem","position":1,"name":"Home","item":"https:\/\/www.vanguardhealthcare.co.uk\/"},{"@type":"ListItem","position":2,"name":"Procurement"}]},{"@type":"WebSite","@id":"https:\/\/www.vanguardhealthcare.co.uk\/#website","url":"https:\/\/www.vanguardhealthcare.co.uk\/","name":"Rozwi\u0105zania Vanguard dla opieki zdrowotnej","description":"","potentialAction":[{"@type":"SearchAction","target":{"@type":"EntryPoint","urlTemplate":"https:\/\/www.vanguardhealthcare.co.uk\/?s={search_term_string}"},"query-input":{"@type":"PropertyValueSpecification","valueRequired":true,"valueName":"search_term_string"}}],"inLanguage":"pl-PL"}]}},"_links":{"self":[{"href":"https:\/\/www.vanguardhealthcare.co.uk\/pl_pl\/wp-json\/wp\/v2\/pages\/455","targetHints":{"allow":["GET"]}}],"collection":[{"href":"https:\/\/www.vanguardhealthcare.co.uk\/pl_pl\/wp-json\/wp\/v2\/pages"}],"about":[{"href":"https:\/\/www.vanguardhealthcare.co.uk\/pl_pl\/wp-json\/wp\/v2\/types\/page"}],"author":[{"embeddable":true,"href":"https:\/\/www.vanguardhealthcare.co.uk\/pl_pl\/wp-json\/wp\/v2\/users\/2"}],"replies":[{"embeddable":true,"href":"https:\/\/www.vanguardhealthcare.co.uk\/pl_pl\/wp-json\/wp\/v2\/comments?post=455"}],"version-history":[{"count":0,"href":"https:\/\/www.vanguardhealthcare.co.uk\/pl_pl\/wp-json\/wp\/v2\/pages\/455\/revisions"}],"wp:attachment":[{"href":"https:\/\/www.vanguardhealthcare.co.uk\/pl_pl\/wp-json\/wp\/v2\/media?parent=455"}],"curies":[{"name":"wp","href":"https:\/\/api.w.org\/{rel}","templated":true}]}}