{"id":367,"date":"2023-06-28T13:15:49","date_gmt":"2023-06-28T13:15:49","guid":{"rendered":"https:\/\/www.vanguardhealthcare.co.uk\/?page_id=367"},"modified":"2023-08-24T10:07:33","modified_gmt":"2023-08-24T10:07:33","slug":"accessibility","status":"publish","type":"page","link":"https:\/\/www.vanguardhealthcare.co.uk\/pl_pl\/accessibility\/","title":{"rendered":"Dost\u0119pno\u015b\u0107"},"content":{"rendered":"<p>Do\u0142o\u017cyli\u015bmy wszelkich stara\u0144, aby ta strona by\u0142a dost\u0119pna i \u0142atwa w u\u017cyciu dla ka\u017cdego.<\/p>\n<\/p>\n<h4 class=\"wp-block-heading\">Prze\u0142omowe role<\/h4>\n<p>Zgodnie ze wskaz\u00f3wkami okre\u015blonymi przez Inicjatyw\u0119 na rzecz dost\u0119pno\u015bci sieci (WAI) i pakiet Accessible Rich Internet Applications Suite (ARIA), zapewniono prze\u0142omowe role, aby uczyni\u0107 witryn\u0119 bardziej dost\u0119pn\u0105. Role u\u017cywane do identyfikowania okre\u015blonej zawarto\u015bci lub obszar\u00f3w nawigacji dla czytnik\u00f3w maszynowych i urz\u0105dze\u0144 wspomagaj\u0105cych, takich jak czytniki ekranu.<\/p>\n<p>Do identyfikacji g\u0142\u00f3wnych sekcji witryny wykorzystano punkty orientacyjne, a atrybuty ARIA odpowiadaj\u0105 ich rolom.<\/p>\n<\/p>\n<h4 class=\"wp-block-heading\">Obs\u0142uga przegl\u0105darek i urz\u0105dze\u0144<\/h4>\n<p>Witryna jest zbudowana w spos\u00f3b elastyczny i w pe\u0142ni responsywny, aby zapewni\u0107 najlepsz\u0105 mo\u017cliw\u0105 wygod\u0119 u\u017cytkownikom na komputerach stacjonarnych, urz\u0105dzeniach mobilnych i tabletach.<\/p>\n<p>Witryna jest w pe\u0142ni obs\u0142ugiwana (co oznacza optymalne \u015brodowisko, w kt\u00f3rym ca\u0142a tre\u015b\u0107 jest dostarczana i dost\u0119pna zgodnie z przeznaczeniem) dla najnowszej wersji przegl\u0105darek Chrome, Firefox, Safari i Edge na komputerze, a tak\u017ce najnowszej wersji przegl\u0105darki Chrome na Androida i Safari na iOS.<\/p>\n<p>Obs\u0142uga dw\u00f3ch poprzednich wersji przegl\u0105darek wymienionych powy\u017cej jest przestarza\u0142a (co oznacza, \u017ce ca\u0142a zawarto\u015b\u0107 jest dost\u0119pna, ale komfort u\u017cytkownika mo\u017ce ulec pogorszeniu. Prezentacja HTML, Javascript i CSS ulegnie stopniowemu pogorszeniu (tj. nie b\u0119dzie powodowa\u0107 b\u0142\u0119d\u00f3w), je\u015bli przegl\u0105darka nie b\u0119dzie w stanie zapewni\u0107 funkcjonalno\u015b\u0107).<\/p>\n<p>Starsze przegl\u0105darki lub przegl\u0105darki niewymienione powy\u017cej nie s\u0105 obs\u0142ugiwane (co oznacza, \u017ce przegl\u0105darka nie zosta\u0142a przetestowana i dlatego niekt\u00f3re tre\u015bci mog\u0105 by\u0107 niedost\u0119pne, co mo\u017ce powa\u017cnie wp\u0142yn\u0105\u0107 na dzia\u0142anie).<\/p>\n<\/p>\n<h4 class=\"wp-block-heading\">Semantyka<\/h4>\n<p>Znaczniki HTML5 s\u0142u\u017c\u0105 do strukturyzowania witryny za pomoc\u0105 odpowiednich element\u00f3w s\u0142u\u017c\u0105cych do jasnej i logicznej identyfikacji tre\u015bci dla wyszukiwarek lub czytnik\u00f3w ekranu.<\/p>\n<\/p>\n<h4 class=\"wp-block-heading\">JavaScript<\/h4>\n<p>U\u017cycie JavaScript zapewni u\u017cytkownikowi ulepszone funkcje witryny. Je\u017celi nie jest to dost\u0119pne, wszystkie strony i procesy s\u0105 nadal dost\u0119pne.<\/p>\n<\/p>\n<h4 class=\"wp-block-heading\">Formularze<\/h4>\n<p>Wszystkie pola formularzy maj\u0105 logiczn\u0105 sekwencj\u0119 zak\u0142adek, co zapewnia \u0142atw\u0105 nawigacj\u0119. Pola formularza maj\u0105 tak\u017ce atrybuty \u201elabel\u201d i \u201eid\u201d, kt\u00f3re umo\u017cliwiaj\u0105 powi\u0105zanie pola formularza z jego etykiet\u0105, co u\u0142atwia wprowadzanie danych.<\/p>\n<\/p>\n<h4 class=\"wp-block-heading\">Spinki do mankiet\u00f3w<\/h4>\n<p>Wszystkie linki zosta\u0142y napisane tak, aby mia\u0142y sens po wyrwaniu z kontekstu. Tam, gdzie to konieczne, dodali\u015bmy tak\u017ce atrybuty tytu\u0142u linku, aby opisa\u0107 link bardziej szczeg\u00f3\u0142owo.<\/p>\n<\/p>\n<h4 class=\"wp-block-heading\">Rozmiar czcionki<\/h4>\n<p>Rozmiary czcionek stosowanych na stronie s\u0105 w pe\u0142ni elastyczne. Mo\u017cesz zmieni\u0107 rozmiar czcionki, aby by\u0142a wi\u0119ksza lub mniejsza, za pomoc\u0105 ustawie\u0144 przegl\u0105darki.<\/p>\n<\/p>\n<h4 class=\"wp-block-heading\">Zabarwienie<\/h4>\n<p>Zadbali\u015bmy o to, aby kombinacje kolor\u00f3w i kontrast witryny by\u0142y skuteczne i zapewnia\u0142y, \u017ce informacje s\u0105 nadal jasne dla wszystkich, dzi\u0119ki minimalnemu wsp\u00f3\u0142czynnikowi kontrastu wynosz\u0105cemu 3 w ca\u0142ej witrynie.<\/p>\n<\/p>\n<h4 class=\"wp-block-heading\">Pliki do pobrania<\/h4>\n<p>W celu uzyskania dodatkowych informacji i plik\u00f3w do pobrania korzystamy z plik\u00f3w Adobe PDF. Program Adobe PDF Reader jest dost\u0119pny bezp\u0142atnie do u\u017cytku na dowolnym komputerze i mo\u017cna go pobra\u0107 <a href=\"https:\/\/get.adobe.com\/uk\/reader\/\" target=\"_blank\" rel=\"noreferrer noopener\">Tutaj<\/a>.<\/p>","protected":false},"excerpt":{"rendered":"<p>We have made every effort to make this site accessible and easy to use for everyone. Landmark roles Following guidance set by the Web Accessibility Initiative (WAI) and the Accessible Rich Internet Applications Suite (ARIA), landmark roles are provided to make the site more accessible. Roles used to identify specific content or navigation areas for [&hellip;]<\/p>\n","protected":false},"author":2,"featured_media":0,"parent":0,"menu_order":0,"comment_status":"closed","ping_status":"closed","template":"","meta":{"_acf_changed":false,"footnotes":""},"class_list":["post-367","page","type-page","status-publish","format-standard","hentry"],"acf":[],"yoast_head":"<!-- This site is optimized with the Yoast SEO plugin v27.4 - https:\/\/yoast.com\/product\/yoast-seo-wordpress\/ -->\n<title>Accessibility - Vanguard Healthcare Solutions<\/title>\n<meta name=\"robots\" content=\"index, follow, max-snippet:-1, max-image-preview:large, max-video-preview:-1\" \/>\n<link rel=\"canonical\" href=\"https:\/\/www.vanguardhealthcare.co.uk\/pl_pl\/accessibility\/\" \/>\n<meta property=\"og:locale\" content=\"pl_PL\" \/>\n<meta property=\"og:type\" content=\"article\" \/>\n<meta property=\"og:title\" content=\"Accessibility - Vanguard Healthcare Solutions\" \/>\n<meta property=\"og:description\" content=\"We have made every effort to make this site accessible and easy to use for everyone. Landmark roles Following guidance set by the Web Accessibility Initiative (WAI) and the Accessible Rich Internet Applications Suite (ARIA), landmark roles are provided to make the site more accessible. Roles used to identify specific content or navigation areas for [&hellip;]\" \/>\n<meta property=\"og:url\" content=\"https:\/\/www.vanguardhealthcare.co.uk\/pl_pl\/accessibility\/\" \/>\n<meta property=\"og:site_name\" content=\"Vanguard Healthcare Solutions\" \/>\n<meta property=\"article:modified_time\" content=\"2023-08-24T10:07:33+00:00\" \/>\n<meta name=\"twitter:card\" content=\"summary_large_image\" \/>\n<meta name=\"twitter:label1\" content=\"Szacowany czas czytania\" \/>\n\t<meta name=\"twitter:data1\" content=\"2 minuty\" \/>\n<script type=\"application\/ld+json\" class=\"yoast-schema-graph\">{\"@context\":\"https:\\\/\\\/schema.org\",\"@graph\":[{\"@type\":\"WebPage\",\"@id\":\"https:\\\/\\\/www.vanguardhealthcare.co.uk\\\/accessibility\\\/\",\"url\":\"https:\\\/\\\/www.vanguardhealthcare.co.uk\\\/accessibility\\\/\",\"name\":\"Accessibility - Vanguard Healthcare Solutions\",\"isPartOf\":{\"@id\":\"https:\\\/\\\/www.vanguardhealthcare.co.uk\\\/#website\"},\"datePublished\":\"2023-06-28T13:15:49+00:00\",\"dateModified\":\"2023-08-24T10:07:33+00:00\",\"breadcrumb\":{\"@id\":\"https:\\\/\\\/www.vanguardhealthcare.co.uk\\\/accessibility\\\/#breadcrumb\"},\"inLanguage\":\"pl-PL\",\"potentialAction\":[{\"@type\":\"ReadAction\",\"target\":[\"https:\\\/\\\/www.vanguardhealthcare.co.uk\\\/accessibility\\\/\"]}]},{\"@type\":\"BreadcrumbList\",\"@id\":\"https:\\\/\\\/www.vanguardhealthcare.co.uk\\\/accessibility\\\/#breadcrumb\",\"itemListElement\":[{\"@type\":\"ListItem\",\"position\":1,\"name\":\"Home\",\"item\":\"https:\\\/\\\/www.vanguardhealthcare.co.uk\\\/\"},{\"@type\":\"ListItem\",\"position\":2,\"name\":\"Accessibility\"}]},{\"@type\":\"WebSite\",\"@id\":\"https:\\\/\\\/www.vanguardhealthcare.co.uk\\\/#website\",\"url\":\"https:\\\/\\\/www.vanguardhealthcare.co.uk\\\/\",\"name\":\"Vanguard Healthcare Solutions\",\"description\":\"\",\"potentialAction\":[{\"@type\":\"SearchAction\",\"target\":{\"@type\":\"EntryPoint\",\"urlTemplate\":\"https:\\\/\\\/www.vanguardhealthcare.co.uk\\\/?s={search_term_string}\"},\"query-input\":{\"@type\":\"PropertyValueSpecification\",\"valueRequired\":true,\"valueName\":\"search_term_string\"}}],\"inLanguage\":\"pl-PL\"}]}<\/script>\n<!-- \/ Yoast SEO plugin. -->","yoast_head_json":{"title":"Dost\u0119pno\u015b\u0107 \u2013 rozwi\u0105zania dla opieki zdrowotnej Vanguard","robots":{"index":"index","follow":"follow","max-snippet":"max-snippet:-1","max-image-preview":"max-image-preview:large","max-video-preview":"max-video-preview:-1"},"canonical":"https:\/\/www.vanguardhealthcare.co.uk\/pl_pl\/accessibility\/","og_locale":"pl_PL","og_type":"article","og_title":"Accessibility - Vanguard Healthcare Solutions","og_description":"We have made every effort to make this site accessible and easy to use for everyone. Landmark roles Following guidance set by the Web Accessibility Initiative (WAI) and the Accessible Rich Internet Applications Suite (ARIA), landmark roles are provided to make the site more accessible. Roles used to identify specific content or navigation areas for [&hellip;]","og_url":"https:\/\/www.vanguardhealthcare.co.uk\/pl_pl\/accessibility\/","og_site_name":"Vanguard Healthcare Solutions","article_modified_time":"2023-08-24T10:07:33+00:00","twitter_card":"summary_large_image","twitter_misc":{"Szacowany czas czytania":"2 minuty"},"schema":{"@context":"https:\/\/schema.org","@graph":[{"@type":"WebPage","@id":"https:\/\/www.vanguardhealthcare.co.uk\/accessibility\/","url":"https:\/\/www.vanguardhealthcare.co.uk\/accessibility\/","name":"Dost\u0119pno\u015b\u0107 \u2013 rozwi\u0105zania dla opieki zdrowotnej Vanguard","isPartOf":{"@id":"https:\/\/www.vanguardhealthcare.co.uk\/#website"},"datePublished":"2023-06-28T13:15:49+00:00","dateModified":"2023-08-24T10:07:33+00:00","breadcrumb":{"@id":"https:\/\/www.vanguardhealthcare.co.uk\/accessibility\/#breadcrumb"},"inLanguage":"pl-PL","potentialAction":[{"@type":"ReadAction","target":["https:\/\/www.vanguardhealthcare.co.uk\/accessibility\/"]}]},{"@type":"BreadcrumbList","@id":"https:\/\/www.vanguardhealthcare.co.uk\/accessibility\/#breadcrumb","itemListElement":[{"@type":"ListItem","position":1,"name":"Home","item":"https:\/\/www.vanguardhealthcare.co.uk\/"},{"@type":"ListItem","position":2,"name":"Accessibility"}]},{"@type":"WebSite","@id":"https:\/\/www.vanguardhealthcare.co.uk\/#website","url":"https:\/\/www.vanguardhealthcare.co.uk\/","name":"Rozwi\u0105zania Vanguard dla opieki zdrowotnej","description":"","potentialAction":[{"@type":"SearchAction","target":{"@type":"EntryPoint","urlTemplate":"https:\/\/www.vanguardhealthcare.co.uk\/?s={search_term_string}"},"query-input":{"@type":"PropertyValueSpecification","valueRequired":true,"valueName":"search_term_string"}}],"inLanguage":"pl-PL"}]}},"_links":{"self":[{"href":"https:\/\/www.vanguardhealthcare.co.uk\/pl_pl\/wp-json\/wp\/v2\/pages\/367","targetHints":{"allow":["GET"]}}],"collection":[{"href":"https:\/\/www.vanguardhealthcare.co.uk\/pl_pl\/wp-json\/wp\/v2\/pages"}],"about":[{"href":"https:\/\/www.vanguardhealthcare.co.uk\/pl_pl\/wp-json\/wp\/v2\/types\/page"}],"author":[{"embeddable":true,"href":"https:\/\/www.vanguardhealthcare.co.uk\/pl_pl\/wp-json\/wp\/v2\/users\/2"}],"replies":[{"embeddable":true,"href":"https:\/\/www.vanguardhealthcare.co.uk\/pl_pl\/wp-json\/wp\/v2\/comments?post=367"}],"version-history":[{"count":0,"href":"https:\/\/www.vanguardhealthcare.co.uk\/pl_pl\/wp-json\/wp\/v2\/pages\/367\/revisions"}],"wp:attachment":[{"href":"https:\/\/www.vanguardhealthcare.co.uk\/pl_pl\/wp-json\/wp\/v2\/media?parent=367"}],"curies":[{"name":"wp","href":"https:\/\/api.w.org\/{rel}","templated":true}]}}