{"id":366,"date":"2023-06-28T13:13:23","date_gmt":"2023-06-28T13:13:23","guid":{"rendered":"https:\/\/www.vanguardhealthcare.co.uk\/?page_id=366"},"modified":"2025-06-18T10:27:52","modified_gmt":"2025-06-18T10:27:52","slug":"modern-slavery-and-human-trafficking-statement","status":"publish","type":"page","link":"https:\/\/www.vanguardhealthcare.co.uk\/pl_pl\/modern-slavery-and-human-trafficking-statement\/","title":{"rendered":"O\u015bwiadczenie o wsp\u00f3\u0142czesnym niewolnictwie i handlu lud\u017ami"},"content":{"rendered":"<h3 class=\"wp-block-heading\">Polityka<\/h3>\n<p>Wsp\u00f3\u0142czesne niewolnictwo jest przest\u0119pstwem i pogwa\u0142ceniem podstawowych praw cz\u0142owieka. Przybiera r\u00f3\u017cne formy, takie jak niewolnictwo, podda\u0144stwo, praca przymusowa i obowi\u0105zkowa oraz handel lud\u017ami, a ich wsp\u00f3ln\u0105 cech\u0105 jest pozbawienie danej osoby wolno\u015bci przez inn\u0105 osob\u0119 w celu wykorzystania jej do cel\u00f3w osobistych lub handlowych. Grupa stosuje podej\u015bcie zerowej tolerancji do wsp\u00f3\u0142czesnego niewolnictwa. B\u0119dziemy post\u0119powa\u0107 etycznie i uczciwie we wszystkich naszych kontaktach biznesowych i relacjach, wdra\u017caj\u0105c i egzekwuj\u0105c skuteczne systemy i kontrole, aby mie\u0107 pewno\u015b\u0107, \u017ce wsp\u00f3\u0142czesne niewolnictwo nie ma miejsca w \u017cadnym miejscu naszej Grupy ani naszych \u0142a\u0144cuch\u00f3w dostaw. Rozumiemy, \u017ce niewolnictwo i handel lud\u017ami s\u0105 cz\u0119sto u\u017cywane \u0142\u0105cznie.<\/p>\n<p>Zale\u017cy nam na zapewnieniu przejrzysto\u015bci w naszej Grupie, operacjach biznesowych i naszym podej\u015bciu do zwalczania wsp\u00f3\u0142czesnego niewolnictwa w naszych \u0142a\u0144cuchach dostaw. Jest to zgodne z naszymi obowi\u0105zkami informacyjnymi wynikaj\u0105cymi z ustawy o wsp\u00f3\u0142czesnym niewolnictwie z 2015 r.<\/p>\n<h4 class=\"wp-block-heading\">Nasz \u0142a\u0144cuch dostaw i ludzie<\/h4>\n<p>Od wszystkich naszych wykonawc\u00f3w, dostawc\u00f3w i innych partner\u00f3w biznesowych oczekujemy takich samych wysokich standard\u00f3w etycznych. W ramach naszego procesu kontraktowania te standardy i wymagania stanowi\u0105 cz\u0119\u015b\u0107 naszej umowy z naszymi podwykonawcami.<\/p>\n<p>To o\u015bwiadczenie dotyczy wszystkich os\u00f3b pracuj\u0105cych dla nas w naszym \u0142a\u0144cuchu dostaw, w naszym imieniu w jakimkolwiek charakterze. Dotyczy to pracownik\u00f3w na wszystkich poziomach, dyrektor\u00f3w, urz\u0119dnik\u00f3w, pracownik\u00f3w agencyjnych, pracownik\u00f3w oddelegowanych, wolontariuszy, agent\u00f3w, wykonawc\u00f3w, konsultant\u00f3w zewn\u0119trznych, przedstawicieli stron trzecich i partner\u00f3w biznesowych.<\/p>\n<p>\u015aci\u015ble wsp\u00f3\u0142pracujemy z naszymi dostawcami, co pozwala nam identyfikowa\u0107 potencjalne ryzyka braku zgodno\u015bci.<\/p>\n<h4 class=\"wp-block-heading\">Zarz\u0105dzanie<\/h4>\n<p>Nieustannie rozwijamy nasze zarz\u0105dzanie i mechanizmy kontroli wewn\u0119trznej, aby identyfikowa\u0107 obawy i ryzyko zwi\u0105zane z korzystaniem z pracy przymusowej, obowi\u0105zkowej lub handlu lud\u017ami lub z osobami przetrzymywanymi w niewoli lub podda\u0144stwie, zar\u00f3wno doros\u0142ymi, jak i dzie\u0107mi. Wprowadzili\u015bmy kontrole, aby utrzyma\u0107 \u0142a\u0144cuch dostaw na tych samych wysokich standardach. Jeste\u015bmy \u015bwiadomi ryzyka i dysponujemy mechanizmami kontroli pozwalaj\u0105cymi nim zarz\u0105dza\u0107, a nasza struktura zarz\u0105dzania zapewnia pewno\u015b\u0107.<\/p>\n<\/p>\n<h3 class=\"wp-block-heading\">O\u015bwiadczenie<\/h3>\n<ol class=\"wp-block-list\">\n<li><strong>Wst\u0119p<\/strong><br \/>Niniejsze o\u015bwiadczenie zosta\u0142o sporz\u0105dzone zgodnie z Sekcj\u0105 54(6) Modern Slavery Act 2015 i okre\u015bla nasze dzia\u0142ania maj\u0105ce na celu zrozumienie wszystkich potencjalnych zagro\u017ce\u0144 zwi\u0105zanych z nowoczesnym niewolnictwem w odniesieniu do naszych przedsi\u0119biorstw oraz wprowadzenie kontroli maj\u0105cych na celu zapewnienie, \u017ce w naszych w\u0142asnych przedsi\u0119biorstwach i \u0142a\u0144cuchach dostaw nie wyst\u0119puje niewolnictwo ani handel lud\u017ami. Niniejsze o\u015bwiadczenie odnosi si\u0119 do dzia\u0142a\u0144 i aktywno\u015bci w roku finansowym zako\u0144czonym 31 grudnia 2024 r.<\/li>\n<\/ol>\n<ol class=\"wp-block-list\"><\/ol>\n<p>2. <strong>Biznes<\/strong><br \/>Niniejsze o\u015bwiadczenie obejmuje dzia\u0142alno\u015b\u0107 nast\u0119puj\u0105cych brytyjskich podmiot\u00f3w wchodz\u0105cych w sk\u0142ad Grupy Vanguard (\u201eGrupa\u201d):<\/p>\n<ul class=\"wp-block-list\">\n<li>Vanguard Healthcare Solutions Limited<\/li>\n<li>Armada Topco Limited <\/li>\n<li>Armada Midco sp\u00f3\u0142ka z ograniczon\u0105 odpowiedzialno\u015bci\u0105<\/li>\n<li>Armada Bidco sp\u00f3\u0142ka z ograniczon\u0105 odpowiedzialno\u015bci\u0105 <\/li>\n<li>Projekt Darwin Bidco Limited<\/li>\n<li>Vanguard Rozwi\u0105zania dla opieki zdrowotnej (modu\u0142owe) Limited<\/li>\n<\/ul>\n<p>Grupa zapewnia elastyczn\u0105 infrastruktur\u0119 kliniczn\u0105 od ponad 25 lat, w tym sprz\u0119t, personel i us\u0142ugi pomocnicze dla sektora opieki zdrowotnej w Wielkiej Brytanii i za granic\u0105. Grupa ma plac\u00f3wki w Wielkiej Brytanii i Australii. W 2024 r. mieli\u015bmy \u015brednio 153 pracownik\u00f3w, ale jako organizacja jeste\u015bmy zale\u017cni od pracownik\u00f3w agencji i kontrahent\u00f3w.<\/p>\n<p>3. <strong>\u0141a\u0144cuch dostaw i nasi ludzie<\/strong><br \/>\u0141a\u0144cuch dostaw zaanga\u017cowany w prowadzenie, projektowanie, produkcj\u0119 i instalacj\u0119 naszej elastycznej struktury klinicznej, a tak\u017ce p\u00f3\u017aniejsze zapewnienie personelu i sprz\u0119tu, jest z\u0142o\u017cony. Obejmuje wiele poziom\u00f3w i organizacje r\u00f3\u017cnej wielko\u015bci. Wszyscy nasi dostawcy maj\u0105 siedzib\u0119 w Wielkiej Brytanii, Europie lub Australii. B\u0119dziemy korzysta\u0107 z us\u0142ug naszych bezpo\u015brednich dostawc\u00f3w, aby zarz\u0105dza\u0107 ryzykiem wsp\u00f3\u0142czesnego niewolnictwa i handlu lud\u017ami w ca\u0142ym \u0142a\u0144cuchu dostaw. Przekazali\u015bmy nasze oczekiwania i wymagania dotycz\u0105ce standard\u00f3w, aby zosta\u0107 jednym z zatwierdzonych dostawc\u00f3w naszej Grupy, przekazuj\u0105c to kaskadowo w ca\u0142ym \u0142a\u0144cuchu dostaw.<\/p>\n<p>Stosujemy zasady i procedury dotycz\u0105ce zatrudnienia, kt\u00f3re maj\u0105 na celu traktowanie wszystkich os\u00f3b pracuj\u0105cych w naszej firmie z godno\u015bci\u0105 i szacunkiem. Uczciwie nagradzamy ich za prac\u0119 i nie wyzyskujemy ich. Dotyczy to wsp\u00f3\u0142pracy z pracownikami tymczasowymi i wykonawcami. Przeprowadzane s\u0105 coroczne przegl\u0105dy w celu oceny, czy poziom wynagrodze\u0144 w dalszym ci\u0105gu przekracza krajow\u0105 p\u0142ac\u0119 wystarczaj\u0105c\u0105 na utrzymanie. Przeprowadzamy odpowiednie kontrole przed zatrudnieniem wszystkich naszych pracownik\u00f3w. Wymagamy, aby wszystkie agencje zatrudnienia zrobi\u0142y to samo, a nasz zesp\u00f3\u0142 ds. kadr stara si\u0119 zapewni\u0107, \u017ce zosta\u0142o to podj\u0119te. Przestrzegamy zawodowych kodeks\u00f3w post\u0119powania wszystkich naszych wykwalifikowanych pracownik\u00f3w i pracownik\u00f3w.<\/p>\n<p>W miar\u0119 rozwoju chcemy mie\u0107 pewno\u015b\u0107, \u017ce utrzymamy odpowiedni\u0105 kultur\u0119 w ca\u0142ej Grupie. Zach\u0119camy pracownik\u00f3w do zg\u0142aszania wszelkich w\u0105tpliwo\u015bci zgodnie z nasz\u0105 Polityk\u0105 dotycz\u0105c\u0105 wolno\u015bci wypowiadania si\u0119: Zg\u0142aszanie w\u0105tpliwo\u015bci (zg\u0142aszanie nieprawid\u0142owo\u015bci). W ca\u0142ej Grupie przeprowadzili\u015bmy szkolenia z zakresu czynnika ludzkiego. Kontynuujemy budowanie naszego <em>Po prostu Kultura<\/em>, zapewniaj\u0105c bezpieczne \u015brodowisko, w kt\u00f3rym jednostki ufaj\u0105, \u017ce mog\u0105 i powinny zg\u0142asza\u0107 obawy bez obwiniania. W naszej Grupie mamy Mened\u017cera ds. Zdrowia, Bezpiecze\u0144stwa i \u015arodowiska, kt\u00f3ry odpowiada za utrzymanie w\u0142a\u015bciwej kultury pracy. Nasza struktura zarz\u0105dzania oznacza, \u017ce wyci\u0105gni\u0119te wnioski lub b\u0142\u0119dy s\u0105 zg\u0142aszane organizacyjnie i monitorowane, informuj\u0105c o naszym ci\u0105g\u0142ym doskonaleniu i ISO9001.<\/p>\n<p>Mamy proces wst\u0119pnej kwalifikacji dla naszego \u0142a\u0144cucha dostaw, kt\u00f3ry ocenia nasze \u0142a\u0144cuchy dostaw i potencjalne ryzyko niewolnictwa, pracy dzieci i handlu lud\u017ami. Poniewa\u017c wi\u0119kszo\u015b\u0107 naszych dostawc\u00f3w ma siedzib\u0119 w Wielkiej Brytanii i Australii, a wielu z nich dzia\u0142a w wyspecjalizowanych, a nie nisko wykwalifikowanych bran\u017cach, nasze \u0142a\u0144cuchy dostaw zosta\u0142y ocenione jako og\u00f3lnie niskie ryzyko pod wzgl\u0119dem niezgodno\u015bci z ustaw\u0105. Jednak ryzyko dla naszego \u0142a\u0144cucha dostaw jest monitorowane i w razie potrzeby aktualizujemy nasz proces wst\u0119pnej kwalifikacji.<\/p>\n<p>B\u0119dziemy wsp\u00f3\u0142pracowa\u0107 wy\u0142\u0105cznie z organizacjami w naszym \u0142a\u0144cuchu dostaw, kt\u00f3re maj\u0105 zobowi\u0105zania zgodne z Grup\u0105 i mog\u0105 zapewni\u0107, \u017ce nie s\u0105 zaanga\u017cowane we wsp\u00f3\u0142czesne niewolnictwo ani handel lud\u017ami. Chocia\u017c organizacje te maj\u0105 obowi\u0105zek stosowania w\u0142asnych zasad i procedur, aby osi\u0105gn\u0105\u0107 ten cel, monitorujemy je poprzez nasz proces kwalifikacji wst\u0119pnej, zarz\u0105dzanie umowami i nasze istniej\u0105ce praktyki, aby mie\u0107 pewno\u015b\u0107, \u017ce podejmujemy wszelkie uzasadnione kroki w celu sprawdzenia zgodno\u015bci z Ustaw\u0105.<\/p>\n<p>4. <strong>Dzia\u0142ania podj\u0119te w ci\u0105gu ostatnich 12 miesi\u0119cy<\/strong><\/p>\n<p>Mamy:<\/p>\n<ul class=\"wp-block-list\">\n<li>Przeanalizowali\u015bmy i udoskonalili\u015bmy ryzyka i \u015brodki ograniczaj\u0105ce zwi\u0105zane z naszym \u0142a\u0144cuchem dostaw.<\/li>\n<li>Dokonali\u015bmy przegl\u0105du naszego \u0142a\u0144cucha dostaw w celu zapewnienia zgodno\u015bci z ustaw\u0105.<\/li>\n<li>Dokonali\u015bmy przegl\u0105du standard\u00f3w dotycz\u0105cych dostawc\u00f3w obowi\u0105zuj\u0105cych w ca\u0142ym naszym \u0142a\u0144cuchu dostaw, w odniesieniu do obecnych i nowych dostawc\u00f3w.<\/li>\n<li>Stale oceniaj skuteczno\u015b\u0107 naszej struktury zarz\u0105dzania i wprowadzaj zmiany, aby zapewni\u0107 wdro\u017cenie mechanizm\u00f3w kontrolnych zgodnych z Ustaw\u0105.<\/li>\n<li>W ramach procesu wprowadzaj\u0105cego w dalszym ci\u0105gu podnosili\u015bmy \u015bwiadomo\u015b\u0107 na temat Ustawy i zwi\u0105zanych z ni\u0105 zagro\u017ce\u0144.<\/li>\n<\/ul>\n<p>5. <strong>Plany ulepsze\u0144<\/strong><\/p>\n<p>B\u0119dziemy:<\/p>\n<ul class=\"wp-block-list\">\n<li>Monitorowanie post\u0119p\u00f3w prac nad potencjaln\u0105 nowelizacj\u0105 Ustawy o wsp\u00f3\u0142czesnym niewolnictwie i ci\u0105g\u0142a weryfikacja postanowie\u0144 Ustawy w zakresie maj\u0105cym zastosowanie do naszej dzia\u0142alno\u015bci gospodarczej.<\/li>\n<li>Post\u0119p w zaanga\u017cowaniu naszej firmy w kwestie ochrony \u015brodowiska, spo\u0142ecze\u0144stwa i \u0142adu korporacyjnego (ESG) w ca\u0142ej naszej Grupie.<\/li>\n<li>Uaktualniamy nasze zasady zarz\u0105dzania, aby zapewni\u0107 realizacj\u0119 i monitorowanie cel\u00f3w ESG.<\/li>\n<li>Przegl\u0105d naszego \u0142a\u0144cucha dostaw przeprowadzamy co najmniej raz w roku lub gdy ryzyko zostanie zidentyfikowane w ramach zarz\u0105dzania \u0142a\u0144cuchem dostaw.<\/li>\n<li>Przeprowad\u017a ocen\u0119 ryzyka wsp\u00f3\u0142czesnego niewolnictwa we wsp\u00f3\u0142pracy z naszymi agencjami i kluczowymi dostawcami.<\/li>\n<li>Utrzymuj standardy naszych dostawc\u00f3w, aby mie\u0107 pewno\u015b\u0107, \u017ce spe\u0142niaj\u0105 one nasze ambicje w zakresie ESG i warto\u015bci spo\u0142ecznych.<\/li>\n<li>Monitorujemy wymagania standard\u00f3w dostawc\u00f3w NHS, aby\u015bmy je spe\u0142niali, ale nasz\u0105 ambicj\u0105 w dalszym ci\u0105gu jest je przekracza\u0107.<\/li>\n<li>Umo\u017cliwienie naszej struktury zarz\u0105dzania tak, aby wspiera\u0142a ci\u0105g\u0142e doskonalenie w celu ograniczenia ryzyka zwi\u0105zanego z nieprzestrzeganiem Ustawy lub z\u0142ymi praktykami w naszym \u0142a\u0144cuchu dostaw.<\/li>\n<li>Zwi\u0119kszanie \u015bwiadomo\u015bci Grupy w zakresie przestrzegania Ustawy, w tym przekupstwa i korupcji oraz pracy dzieci.<\/li>\n<li>Ustanowienie kontroli i kultury zach\u0119caj\u0105cej do dzia\u0142a\u0144 minimalizuj\u0105cych ryzyko nieprzestrzegania Ustawy w ca\u0142ej naszej Grupie.<\/li>\n<\/ul>\n<p>Niniejsze o\u015bwiadczenie zosta\u0142o zatwierdzone przez Rad\u0119 Dyrektor\u00f3w w dniu 6 czerwca 2025 r., kt\u00f3ra b\u0119dzie je corocznie przegl\u0105da\u0107 i aktualizowa\u0107.<\/p>\n<p><strong>Chrisa Blackwella-Frosta<br \/>Dyrektor generalny<br \/>6 czerwca 2025<\/strong><\/p>","protected":false},"excerpt":{"rendered":"<p>Policy Modern slavery is a crime and a violation of fundamental human rights. It takes various forms, such as slavery, servitude, forced and compulsory labour and human trafficking, all of which have in common the deprivation of a person\u2019s liberty by another in order to exploit them for personal or commercial gain. The Group has [&hellip;]<\/p>\n","protected":false},"author":2,"featured_media":0,"parent":0,"menu_order":0,"comment_status":"closed","ping_status":"closed","template":"","meta":{"_acf_changed":false,"footnotes":""},"class_list":["post-366","page","type-page","status-publish","format-standard","hentry"],"acf":[],"yoast_head":"<!-- This site is optimized with the Yoast SEO plugin v27.5 - https:\/\/yoast.com\/product\/yoast-seo-wordpress\/ -->\n<title>Modern slavery and human trafficking statement - Vanguard Healthcare Solutions<\/title>\n<meta name=\"robots\" content=\"index, follow, max-snippet:-1, max-image-preview:large, max-video-preview:-1\" \/>\n<link rel=\"canonical\" href=\"https:\/\/www.vanguardhealthcare.co.uk\/pl_pl\/modern-slavery-and-human-trafficking-statement\/\" \/>\n<meta property=\"og:locale\" content=\"pl_PL\" \/>\n<meta property=\"og:type\" content=\"article\" \/>\n<meta property=\"og:title\" content=\"Modern slavery and human trafficking statement - Vanguard Healthcare Solutions\" \/>\n<meta property=\"og:description\" content=\"Policy Modern slavery is a crime and a violation of fundamental human rights. It takes various forms, such as slavery, servitude, forced and compulsory labour and human trafficking, all of which have in common the deprivation of a person\u2019s liberty by another in order to exploit them for personal or commercial gain. The Group has [&hellip;]\" \/>\n<meta property=\"og:url\" content=\"https:\/\/www.vanguardhealthcare.co.uk\/pl_pl\/modern-slavery-and-human-trafficking-statement\/\" \/>\n<meta property=\"og:site_name\" content=\"Vanguard Healthcare Solutions\" \/>\n<meta property=\"article:modified_time\" content=\"2025-06-18T10:27:52+00:00\" \/>\n<meta name=\"twitter:card\" content=\"summary_large_image\" \/>\n<meta name=\"twitter:label1\" content=\"Szacowany czas czytania\" \/>\n\t<meta name=\"twitter:data1\" content=\"6 minut\" \/>\n<script type=\"application\/ld+json\" class=\"yoast-schema-graph\">{\"@context\":\"https:\\\/\\\/schema.org\",\"@graph\":[{\"@type\":\"WebPage\",\"@id\":\"https:\\\/\\\/www.vanguardhealthcare.co.uk\\\/modern-slavery-and-human-trafficking-statement\\\/\",\"url\":\"https:\\\/\\\/www.vanguardhealthcare.co.uk\\\/modern-slavery-and-human-trafficking-statement\\\/\",\"name\":\"Modern slavery and human trafficking statement - Vanguard Healthcare Solutions\",\"isPartOf\":{\"@id\":\"https:\\\/\\\/www.vanguardhealthcare.co.uk\\\/#website\"},\"datePublished\":\"2023-06-28T13:13:23+00:00\",\"dateModified\":\"2025-06-18T10:27:52+00:00\",\"breadcrumb\":{\"@id\":\"https:\\\/\\\/www.vanguardhealthcare.co.uk\\\/modern-slavery-and-human-trafficking-statement\\\/#breadcrumb\"},\"inLanguage\":\"pl-PL\",\"potentialAction\":[{\"@type\":\"ReadAction\",\"target\":[\"https:\\\/\\\/www.vanguardhealthcare.co.uk\\\/modern-slavery-and-human-trafficking-statement\\\/\"]}]},{\"@type\":\"BreadcrumbList\",\"@id\":\"https:\\\/\\\/www.vanguardhealthcare.co.uk\\\/modern-slavery-and-human-trafficking-statement\\\/#breadcrumb\",\"itemListElement\":[{\"@type\":\"ListItem\",\"position\":1,\"name\":\"Home\",\"item\":\"https:\\\/\\\/www.vanguardhealthcare.co.uk\\\/\"},{\"@type\":\"ListItem\",\"position\":2,\"name\":\"Modern slavery and human trafficking statement\"}]},{\"@type\":\"WebSite\",\"@id\":\"https:\\\/\\\/www.vanguardhealthcare.co.uk\\\/#website\",\"url\":\"https:\\\/\\\/www.vanguardhealthcare.co.uk\\\/\",\"name\":\"Vanguard Healthcare Solutions\",\"description\":\"\",\"potentialAction\":[{\"@type\":\"SearchAction\",\"target\":{\"@type\":\"EntryPoint\",\"urlTemplate\":\"https:\\\/\\\/www.vanguardhealthcare.co.uk\\\/?s={search_term_string}\"},\"query-input\":{\"@type\":\"PropertyValueSpecification\",\"valueRequired\":true,\"valueName\":\"search_term_string\"}}],\"inLanguage\":\"pl-PL\"}]}<\/script>\n<!-- \/ Yoast SEO plugin. -->","yoast_head_json":{"title":"O\u015bwiadczenie dotycz\u0105ce wsp\u00f3\u0142czesnego niewolnictwa i handlu lud\u017ami \u2013 Vanguard Healthcare Solutions","robots":{"index":"index","follow":"follow","max-snippet":"max-snippet:-1","max-image-preview":"max-image-preview:large","max-video-preview":"max-video-preview:-1"},"canonical":"https:\/\/www.vanguardhealthcare.co.uk\/pl_pl\/modern-slavery-and-human-trafficking-statement\/","og_locale":"pl_PL","og_type":"article","og_title":"Modern slavery and human trafficking statement - Vanguard Healthcare Solutions","og_description":"Policy Modern slavery is a crime and a violation of fundamental human rights. It takes various forms, such as slavery, servitude, forced and compulsory labour and human trafficking, all of which have in common the deprivation of a person\u2019s liberty by another in order to exploit them for personal or commercial gain. The Group has [&hellip;]","og_url":"https:\/\/www.vanguardhealthcare.co.uk\/pl_pl\/modern-slavery-and-human-trafficking-statement\/","og_site_name":"Vanguard Healthcare Solutions","article_modified_time":"2025-06-18T10:27:52+00:00","twitter_card":"summary_large_image","twitter_misc":{"Szacowany czas czytania":"6 minut"},"schema":{"@context":"https:\/\/schema.org","@graph":[{"@type":"WebPage","@id":"https:\/\/www.vanguardhealthcare.co.uk\/modern-slavery-and-human-trafficking-statement\/","url":"https:\/\/www.vanguardhealthcare.co.uk\/modern-slavery-and-human-trafficking-statement\/","name":"O\u015bwiadczenie dotycz\u0105ce wsp\u00f3\u0142czesnego niewolnictwa i handlu lud\u017ami \u2013 Vanguard Healthcare Solutions","isPartOf":{"@id":"https:\/\/www.vanguardhealthcare.co.uk\/#website"},"datePublished":"2023-06-28T13:13:23+00:00","dateModified":"2025-06-18T10:27:52+00:00","breadcrumb":{"@id":"https:\/\/www.vanguardhealthcare.co.uk\/modern-slavery-and-human-trafficking-statement\/#breadcrumb"},"inLanguage":"pl-PL","potentialAction":[{"@type":"ReadAction","target":["https:\/\/www.vanguardhealthcare.co.uk\/modern-slavery-and-human-trafficking-statement\/"]}]},{"@type":"BreadcrumbList","@id":"https:\/\/www.vanguardhealthcare.co.uk\/modern-slavery-and-human-trafficking-statement\/#breadcrumb","itemListElement":[{"@type":"ListItem","position":1,"name":"Home","item":"https:\/\/www.vanguardhealthcare.co.uk\/"},{"@type":"ListItem","position":2,"name":"Modern slavery and human trafficking statement"}]},{"@type":"WebSite","@id":"https:\/\/www.vanguardhealthcare.co.uk\/#website","url":"https:\/\/www.vanguardhealthcare.co.uk\/","name":"Rozwi\u0105zania Vanguard dla opieki zdrowotnej","description":"","potentialAction":[{"@type":"SearchAction","target":{"@type":"EntryPoint","urlTemplate":"https:\/\/www.vanguardhealthcare.co.uk\/?s={search_term_string}"},"query-input":{"@type":"PropertyValueSpecification","valueRequired":true,"valueName":"search_term_string"}}],"inLanguage":"pl-PL"}]}},"_links":{"self":[{"href":"https:\/\/www.vanguardhealthcare.co.uk\/pl_pl\/wp-json\/wp\/v2\/pages\/366","targetHints":{"allow":["GET"]}}],"collection":[{"href":"https:\/\/www.vanguardhealthcare.co.uk\/pl_pl\/wp-json\/wp\/v2\/pages"}],"about":[{"href":"https:\/\/www.vanguardhealthcare.co.uk\/pl_pl\/wp-json\/wp\/v2\/types\/page"}],"author":[{"embeddable":true,"href":"https:\/\/www.vanguardhealthcare.co.uk\/pl_pl\/wp-json\/wp\/v2\/users\/2"}],"replies":[{"embeddable":true,"href":"https:\/\/www.vanguardhealthcare.co.uk\/pl_pl\/wp-json\/wp\/v2\/comments?post=366"}],"version-history":[{"count":0,"href":"https:\/\/www.vanguardhealthcare.co.uk\/pl_pl\/wp-json\/wp\/v2\/pages\/366\/revisions"}],"wp:attachment":[{"href":"https:\/\/www.vanguardhealthcare.co.uk\/pl_pl\/wp-json\/wp\/v2\/media?parent=366"}],"curies":[{"name":"wp","href":"https:\/\/api.w.org\/{rel}","templated":true}]}}