{"id":209,"date":"2023-06-14T14:38:36","date_gmt":"2023-06-14T14:38:36","guid":{"rendered":"https:\/\/www.vanguardhealthcare.co.uk\/?page_id=209"},"modified":"2026-01-13T14:37:46","modified_gmt":"2026-01-13T14:37:46","slug":"environment","status":"publish","type":"page","link":"https:\/\/www.vanguardhealthcare.co.uk\/pl_pl\/environment\/","title":{"rendered":"\u015arodowisko"},"content":{"rendered":"<section id=\"section-2-59\" class=\"ct-section\" style=\"background-image:url(https:\/\/www.vanguardhealthcare.co.uk\/wp-content\/uploads\/2023\/05\/boulders-right.png);background-size: auto;\" >\n<div class=\"ct-section-inner-wrap\">\n<div id=\"div_block-8-59\" class=\"ct-div-block\" ><a id=\"link_text-6-59\" class=\"ct-link-text\" href=\"\/pl_pl\/\" target=\"_self\"  >Dom<\/a><\/p>\n<h1 id=\"headline-3-59\" class=\"ct-headline\"><span id=\"span-4-59\" class=\"ct-span\" >\u015arodowisko<\/span><\/h1>\n<\/div>\n<\/div>\n<\/section>\n<section id=\"section-68-14-text-left-white\" class=\"ct-section\" >\n<div class=\"ct-section-inner-wrap\">\n<div id=\"new_columns-69-14text-left-white\" class=\"ct-new-columns\" >\n<div id=\"div_block-70-14\" class=\"ct-div-block\" >\n<h2 id=\"headline-71-14\" class=\"ct-headline\">Nasze zobowi\u0105zania w zakresie zr\u00f3wnowa\u017conego rozwoju i odpowiedzialno\u015bci spo\u0142ecznej<\/h2>\n<div id=\"_rich_text-72-14\" class=\"oxy-rich-text\" >\n<p>Zale\u017cy nam na tym, aby sta\u0107 si\u0119 organizacj\u0105 zr\u00f3wnowa\u017con\u0105 \u015brodowiskowo i odpowiedzialn\u0105 spo\u0142ecznie, kt\u00f3ra tworzy wiod\u0105ce na \u015bwiecie przestrzenie klinicznej opieki zdrowotnej przy minimalnym wp\u0142ywie na \u015brodowisko.<\/p>\n<p><strong>Nasze cele<\/strong><\/p>\n<p>1. Nasze praktyki biznesowe stale si\u0119 rozwijaj\u0105; nasz plan dzia\u0142ania dotycz\u0105cy ochrony \u015brodowiska zobowi\u0105zuje nas do osi\u0105gni\u0119cia neutralno\u015bci pod wzgl\u0119dem emisji dwutlenku w\u0119gla w przypadku emisji 1 i 2 do ko\u0144ca 2023 r. oraz osi\u0105gni\u0119cia zerowej emisji dwutlenku w\u0119gla do 2035 r.<\/p>\n<p>2. Nieustannie staramy si\u0119 oferowa\u0107 produkty i us\u0142ugi, kt\u00f3re pomagaj\u0105 naszym klientom osi\u0105ga\u0107 w\u0142asne cele \u015brodowiskowe. Do roku 2025 nasze przestrzenie opieki zdrowotnej b\u0119d\u0105 na co dzie\u0144 neutralne pod wzgl\u0119dem emisji dwutlenku w\u0119gla.<\/p>\n<\/div>\n<\/div>\n<div id=\"div_block-74-14\" class=\"ct-div-block\" ><img decoding=\"async\"  id=\"image-75-14\" alt=\"\" src=\"https:\/\/www.vanguardhealthcare.co.uk\/wp-content\/uploads\/2023\/07\/Solar-Panels.jpg\" class=\"ct-image\"\/><\/div>\n<\/div>\n<\/div>\n<\/section>\n<section id=\"section-88-34-blue\" class=\"ct-section\" >\n<div class=\"ct-section-inner-wrap\">\n<div id=\"new_columns-89-34-blue\" class=\"ct-new-columns\" >\n<div id=\"div_block-94-34\" class=\"ct-div-block\" ><img decoding=\"async\"  id=\"image-95-34\" alt=\"\" src=\"https:\/\/www.vanguardhealthcare.co.uk\/wp-content\/uploads\/2023\/07\/CO2.jpg\" class=\"ct-image\"\/><\/div>\n<div id=\"div_block-90-34\" class=\"ct-div-block\" >\n<h2 id=\"headline-91-34\" class=\"ct-headline\">Nasze zobowi\u0105zania <\/h2>\n<div id=\"_rich_text-92-34\" class=\"oxy-rich-text\" >\n<ul>\n<li>Posiadanie jasnego, d\u0142ugoterminowego planu strategicznego z celami opartymi na podstawach naukowych, aby zapewni\u0107 osi\u0105gni\u0119cie naszych d\u0142ugoterminowych cel\u00f3w i realizacj\u0119 naszych corocznych dzia\u0142a\u0144 taktycznych<\/li>\n<li>Roczna publikacja A <a href=\"\/pl_pl\/carbon-reduction-plan\/\">planu redukcji emisji dwutlenku w\u0119gla<\/a><\/li>\n<li>Coroczny pomiar naszego \u015bladu w\u0119glowego<\/li>\n<li>Dostarcz do 2024 r. portfolio modu\u0142owe budynk\u00f3w o zerowej warto\u015bci netto &nbsp;<\/li>\n<li>Zapewnienie zr\u00f3wnowa\u017conego \u0142a\u0144cucha dostaw przy u\u017cyciu materia\u0142\u00f3w i projekt\u00f3w, kt\u00f3re mog\u0105 przed\u0142u\u017cy\u0107 \u017cywotno\u015b\u0107 naszych budynk\u00f3w<\/li>\n<li>Maksymalizacja poziomu ponownego wykorzystania\/ponownego wykorzystania lub recyklingu w przysz\u0142ych projektach<\/li>\n<li>Zwi\u0119kszanie wykorzystania odnawialnych \u017ar\u00f3de\u0142 energii w naszych obiektach do czasu, a\u017c w 2025 r. b\u0119dziemy ca\u0142kowicie zasilani energi\u0105 odnawialn\u0105<\/li>\n<li>Przej\u015bcie na flot\u0119 o nap\u0119dzie elektrycznym do 2025 r. i wycofywanie pojazd\u00f3w na paliwa kopalne<\/li>\n<li>Zmniejszenie emisji w \u0142a\u0144cuchu dostaw o 80%<\/li>\n<li>Ci\u0105g\u0142e inwestycje w projekty wychwytywania dwutlenku w\u0119gla maj\u0105ce na celu usuni\u0119cie 500 t CO2-e rocznie z atmosfery w ramach naszej wsp\u00f3\u0142pracy z Klimate<\/li>\n<li>Zapewnienie, \u017ce w naszym \u0142a\u0144cuchu dostaw obowi\u0105zuj\u0105 praktyki ograniczaj\u0105ce ich wp\u0142yw na \u015brodowisko, w tym wyb\u00f3r materia\u0142\u00f3w&nbsp;<\/li>\n<li>\u017badne odpady nie trafiaj\u0105 na sk\u0142adowisko<\/li>\n<\/ul>\n<p>Zobacz nasz\u0105 podr\u00f3\u017c do&nbsp;<a href=\"\/wp-content\/uploads\/2023\/07\/Vanguard-Carbon-Net-Zero-Graphics-July-2023-1.pdf\" target=\"_blank\" rel=\"noopener\">Plan dzia\u0142ania dotycz\u0105cy zerowej emisji dwutlenku w\u0119gla<\/a><\/p>\n<p>Dowiedz si\u0119 o naszych ostatnich<span style=\"font-size: 11pt;font-family: verdana, geneva, sans-serif\">&nbsp;<a href=\"\/pl_pl\/nhs-evergreen-sustainable-supplier-assessment\/\">Ocena zr\u00f3wnowa\u017conego dostawcy NHS Evergreen<\/a><\/span><\/p>\n<\/div>\n<\/div>\n<\/div>\n<\/div>\n<\/section>\n<section id=\"section-68-14-text-left-white\" class=\"ct-section\" >\n<div class=\"ct-section-inner-wrap\">\n<div id=\"new_columns-69-14text-left-white\" class=\"ct-new-columns\" >\n<div id=\"div_block-70-14\" class=\"ct-div-block\" >\n<h2 id=\"headline-71-14\" class=\"ct-headline\">Jak dostarczamy produkty i us\u0142ugi, kt\u00f3re pomagaj\u0105 naszym klientom osi\u0105gn\u0105\u0107 cele \u015brodowiskowe:<\/h2>\n<div id=\"_rich_text-72-14\" class=\"oxy-rich-text\" >\n<ul>\n<li>Poziomy kompletacji fabrycznej 80% minimalizuj\u0105 dzia\u0142ania na miejscu<\/li>\n<li>Wprowadzenie do naszego portfolio us\u0142ug budynk\u00f3w modu\u0142owych neutralnych pod wzgl\u0119dem emisji dwutlenku w\u0119gla&nbsp;<\/li>\n<li>Wszystkie budynki w standardzie BREEAM na poziomie \u201eExcellent\u201d.<\/li>\n<li>Dostawa budynk\u00f3w energooszcz\u0119dnych, kt\u00f3re nie naruszaj\u0105 wymaga\u0144 bezpiecze\u0144stwa, praktycznych i funkcjonalnych&nbsp;<\/li>\n<li>Wykorzystanie nowoczesnych technologii do wychwytywania i wykorzystania odnawialnych \u017ar\u00f3de\u0142 energii do kontroli \u015brodowiska operacyjnego<\/li>\n<li>Betonowe modu\u0142y podkonstrukcji pod\u0142o\u017ca ze stalow\u0105 ram\u0105, wyprodukowane w fabryce neutralnej pod wzgl\u0119dem emisji dwutlenku w\u0119gla<\/li>\n<\/ul>\n<\/div>\n<\/div>\n<div id=\"div_block-74-14\" class=\"ct-div-block\" ><img decoding=\"async\"  id=\"image-75-14\" alt=\"\" src=\"https:\/\/www.vanguardhealthcare.co.uk\/wp-content\/uploads\/2023\/07\/Roof.jpg\" class=\"ct-image\"\/><\/div>\n<\/div>\n<\/div>\n<\/section>\n<section id=\"section-88-34-blue\" class=\"ct-section\" >\n<div class=\"ct-section-inner-wrap\">\n<div id=\"new_columns-89-34-blue\" class=\"ct-new-columns\" >\n<div id=\"div_block-94-34\" class=\"ct-div-block\" ><img decoding=\"async\"  id=\"image-95-34\" alt=\"\" src=\"https:\/\/www.vanguardhealthcare.co.uk\/wp-content\/uploads\/2023\/07\/Crane.jpg\" class=\"ct-image\"\/><\/div>\n<div id=\"div_block-90-34\" class=\"ct-div-block\" >\n<h2 id=\"headline-91-34\" class=\"ct-headline\">Gospodarka o obiegu zamkni\u0119tym<\/h2>\n<div id=\"_rich_text-92-34\" class=\"oxy-rich-text\" >\n<p>Dzi\u0119ki swojej elastycznej i zr\u00f3wnowa\u017conej konstrukcji, modu\u0142owe i mobilne obiekty odgrywaj\u0105 kluczow\u0105 rol\u0119 w rozwoju gospodarki o obiegu zamkni\u0119tym, oferuj\u0105c jednocze\u015bnie korzy\u015bci \u015brodowiskowe i zr\u00f3wnowa\u017cone. Zastosowanie modu\u0142owych komponent\u00f3w pozwala na \u0142atwy demonta\u017c, relokacj\u0119 i rekonfiguracj\u0119, umo\u017cliwiaj\u0105c sprawne \u015bwiadczenie us\u0142ug opieki zdrowotnej tam, gdzie s\u0105 potrzebne.&nbsp;<\/p>\n<p>Taka elastyczno\u015b\u0107 nie tylko obni\u017ca koszty budowy i eksploatacji, ale tak\u017ce zmniejsza wp\u0142yw na \u015brodowisko zwi\u0105zany z tradycyjnymi, sta\u0142ymi konstrukcjami. Co wi\u0119cej, obiekty modu\u0142owe sprzyjaj\u0105 ponownemu wykorzystaniu i recyklingowi materia\u0142\u00f3w, przyczyniaj\u0105c si\u0119 do gospodarki o obiegu zamkni\u0119tym poprzez wyd\u0142u\u017cenie ich \u017cywotno\u015bci i zmniejszenie zapotrzebowania na nowe zasoby.&nbsp;<\/p>\n<\/div>\n<\/div>\n<\/div>\n<\/div>\n<\/section>\n<section id=\"section-332-315\" class=\"ct-section\" >\n<div class=\"ct-section-inner-wrap\">\n<div id=\"new_columns-333-315\" class=\"ct-new-columns\" >\n<div id=\"div_block-334-315\" class=\"ct-div-block\" >\n<div id=\"div_block-345-315\" class=\"ct-div-block box-shadow\" >\n<div id=\"_rich_text-346-315\" class=\"oxy-rich-text\" >\n<h3>Nasz \u0142a\u0144cuch dostaw<\/h3>\n<p>\u2022 Nasze modu\u0142y podkonstrukcji betonowej z ram\u0105 stalow\u0105 s\u0105 produkowane w fabryce neutralnej pod wzgl\u0119dem emisji dwutlenku w\u0119gla<\/p>\n<p>\u2022 Nasze systemy \u015bcienne s\u0105 specjalnie zaprojektowane i zaprojektowane dla naszych budynk\u00f3w, redukuj\u0105c ilo\u015b\u0107 odpad\u00f3w i ponown\u0105 obr\u00f3bk\u0119 defekt\u00f3w<\/p>\n<p>\u2022 Wsp\u00f3\u0142pracujemy z naszymi \u0142a\u0144cuchami dostaw, aby zmniejszy\u0107 ich wp\u0142yw na \u015brodowisko poprzez wybrane materia\u0142y i w\u0142asne praktyki<\/p>\n<\/div>\n<\/div>\n<\/div>\n<div id=\"div_block-335-315\" class=\"ct-div-block\" >\n<div id=\"div_block-342-315\" class=\"ct-div-block box-shadow\" >\n<div id=\"_rich_text-337-315\" class=\"oxy-rich-text\" >\n<h3>\u015arodowisko kontrolowane fabrycznie<\/h3>\n<p>\u2022 Minimalizacja ponownych prac i epizod\u00f3w defekt\u00f3w<\/p>\n<p>\u2022 Redukcja strat materia\u0142\u00f3w poprzez kontrol\u0119 produkcji<\/p>\n<p>\u2022 Zwi\u0119kszanie poziomu segregacji i recyklingu odpad\u00f3w<\/p>\n<\/div>\n<\/div>\n<\/div>\n<\/div>\n<div id=\"new_columns-350-315\" class=\"ct-new-columns\" >\n<div id=\"div_block-351-315\" class=\"ct-div-block\" >\n<div id=\"div_block-354-315\" class=\"ct-div-block box-shadow\" >\n<div id=\"_rich_text-355-315\" class=\"oxy-rich-text\" >\n<h3>Energooszcz\u0119dne projekty<\/h3>\n<p>\u2022 Je\u015bli to mo\u017cliwe, korzystaj z naturalnego \u015bwiat\u0142a i wentylacji<\/p>\n<p>\u2022 Zapewnianie wysokich warto\u015bci izolacyjnych w ramach naszych modu\u0142owych system\u00f3w \u015bcian, pokry\u0107 dachowych i przeszkle\u0144<\/p>\n<p>\u2022 Wychwytywanie energii tam, gdzie jest to praktyczne<\/p>\n<p>\u2022 Zielone \u015bciany<\/p>\n<\/div>\n<\/div>\n<\/div>\n<div id=\"div_block-356-315\" class=\"ct-div-block\" >\n<div id=\"div_block-359-315\" class=\"ct-div-block box-shadow\" >\n<div id=\"_rich_text-360-315\" class=\"oxy-rich-text\" >\n<h3>Wykorzystanie nowoczesnych, zr\u00f3wnowa\u017conych technologii<\/h3>\n<p>\u2022 Opcje ogrzewania \u017ar\u00f3d\u0142em gruntu\/powietrza<\/p>\n<p>\u2022 Panele fotowoltaiczne<\/p>\n<p>\u2022 Zintegrowany monitoring CO2<\/p>\n<p>\u2022 Odzysk wody deszczowej<\/p>\n<\/div>\n<\/div>\n<\/div>\n<\/div>\n<\/div>\n<\/section>\n<section id=\"section-68-14-text-left-white\" class=\"ct-section\" >\n<div class=\"ct-section-inner-wrap\">\n<div id=\"new_columns-69-14text-left-white\" class=\"ct-new-columns\" >\n<div id=\"div_block-70-14\" class=\"ct-div-block\" >\n<h2 id=\"headline-71-14\" class=\"ct-headline\">Spo\u0142eczna odpowiedzialno\u015b\u0107<\/h2>\n<div id=\"_rich_text-72-14\" class=\"oxy-rich-text\" >\n<p>Wykorzystujemy nasz zasi\u0119g korporacyjny, aby wspiera\u0107 \u015brodowisko i spo\u0142eczno\u015bci, a tak\u017ce dostarcza\u0107 bezpieczn\u0105 infrastruktur\u0119 wysokiej jako\u015bci.&nbsp;<\/p>\n<p>Skupiamy si\u0119 na:<\/p>\n<ul>\n<li>Osi\u0105gni\u0119cie standard\u00f3w ISO14001 i 45001<\/li>\n<li>Wsp\u00f3\u0142praca z funduszami zajmuj\u0105cymi si\u0119 ochron\u0105 dzikiej przyrody w celu poprawy jako\u015bci rzek i kana\u0142\u00f3w w Wielkiej Brytanii&nbsp;<\/li>\n<li>Oferowanie pracownikom p\u0142atnego wolontariatu w zespole Ark Business Conservation<\/li>\n<li>Zwi\u0119kszenie szans \u017cyciowych m\u0142odych ludzi w dost\u0119pie do pracy w s\u0142u\u017cbie zdrowia i in\u017cynierii opieki zdrowotnej. Ukierunkowane praktyki zawodowe i mentoring stanowi\u0105 10% naszej si\u0142y roboczej<\/li>\n<li>Szkolenie 10% naszych pracownik\u00f3w, aby zostali osobami udzielaj\u0105cymi pierwszej pomocy w zakresie zdrowia psychicznego<\/li>\n<li>Wspieranie inicjatyw pierwszego narodu w Australii poprzez mo\u017cliwo\u015bci p\u0142atnego wolontariatu<\/li>\n<li>Poprawa \u015brodowiska pracy<\/li>\n<li>Tworzenie poczucia wsp\u00f3lnej odpowiedzialno\u015bci w ca\u0142ej naszej firmie poprzez szkolenia i rozw\u00f3j, \u015bcie\u017cki i systemy komunikacji<\/li>\n<li>Zapewnienie akredytacji B Corp do 2025 r., aby odzwierciedli\u0107 nasze zaanga\u017cowanie w spe\u0142nianie wysokich standard\u00f3w wynik\u00f3w spo\u0142ecznych i \u015brodowiskowych, przejrzysto\u015bci i odpowiedzialno\u015bci.&nbsp;<\/li>\n<\/ul>\n<p>Zobacz nasze <a href=\"\/wp-content\/uploads\/2023\/07\/Vanguard-Corp-Responsibilty-Graphics-July-2023-1.pdf\" target=\"_blank\" rel=\"noopener\">plan dzia\u0142ania dotycz\u0105cy spo\u0142ecznej odpowiedzialno\u015bci biznesu<\/a><\/p>\n<\/div>\n<\/div>\n<div id=\"div_block-74-14\" class=\"ct-div-block\" ><img decoding=\"async\"  id=\"image-75-14\" alt=\"\" src=\"https:\/\/www.vanguardhealthcare.co.uk\/wp-content\/uploads\/2023\/07\/Social-Responsibility.jpg\" class=\"ct-image\"\/><\/div>\n<\/div>\n<\/div>\n<\/section>\n<section id=\"section-88-34-blue\" class=\"ct-section\" >\n<div class=\"ct-section-inner-wrap\">\n<div id=\"new_columns-89-34-blue\" class=\"ct-new-columns\" >\n<div id=\"div_block-94-34\" class=\"ct-div-block\" ><img decoding=\"async\"  id=\"image-95-34\" alt=\"\" src=\"https:\/\/www.vanguardhealthcare.co.uk\/wp-content\/uploads\/2023\/05\/Staffed-operating-theatre1.jpg\" class=\"ct-image\"\/><\/div>\n<div id=\"div_block-90-34\" class=\"ct-div-block\" >\n<h2 id=\"headline-91-34\" class=\"ct-headline\">Nasi kontrahenci i zarz\u0105dzanie \u0142a\u0144cuchem dostaw<\/h2>\n<div id=\"_rich_text-92-34\" class=\"oxy-rich-text\" >\n<p>Dbamy o to, aby nasi kontrahenci spe\u0142niali najwy\u017csze standardy dzia\u0142ania w zakresie bezpiecze\u0144stwa i higieny pracy, a tak\u017ce spe\u0142niali odpowiednie wymogi ustawowe i prawid\u0142owo\u015bci, takie jak Ustawa o r\u00f3wno\u015bci, oraz <a href=\"..\/o\u015bwiadczenie-nowoczesne-niewolnictwo-i-handel-lud\u017ami\/\">Ustawa o wsp\u00f3\u0142czesnym niewolnictwie i handlu lud\u017ami<\/a>.&nbsp;<\/p>\n<p>Jeste\u015bmy zobowi\u0105zani do stosowania uczciwych praktyk p\u0142atniczych zgodnie z wytycznymi by\u0142ego Urz\u0119du ds. Handlu Rz\u0105dowego oraz zasadami Budownictwa 2025:&nbsp;<\/p>\n<ul>\n<li>Przejrzysto\u015b\u0107 procedur p\u0142atniczych&nbsp;<\/li>\n<li>Potwierdzenie p\u0142atno\u015bci w ramach kamieni milowych&nbsp;<\/li>\n<li>Wszelkie kwoty zatrzymane, z podaniem okresu i przyczyny.&nbsp;<\/li>\n<\/ul>\n<p>Jeste\u015bmy akredytowanym cz\u0142onkiem programu \u201eContainate Contractors Scheme\u201d i dzia\u0142amy poprzez \u0142a\u0144cuch dostaw cenionych partner\u00f3w.&nbsp;<\/p>\n<\/div>\n<\/div>\n<\/div>\n<\/div>\n<\/section>\n<section id=\"section-68-14-text-left-white\" class=\"ct-section\" >\n<div class=\"ct-section-inner-wrap\">\n<div id=\"new_columns-69-14text-left-white\" class=\"ct-new-columns\" >\n<div id=\"div_block-70-14\" class=\"ct-div-block\" >\n<h2 id=\"headline-71-14\" class=\"ct-headline\">Zarz\u0105dzanie<\/h2>\n<div id=\"_rich_text-72-14\" class=\"oxy-rich-text\" >\n<p>Rygorystyczne zasady zarz\u0105dzania Vanguard wspieraj\u0105 bezpiecze\u0144stwo i zgodno\u015b\u0107. Bezpiecze\u0144stwo pacjent\u00f3w, naszych klient\u00f3w i personelu jest w centrum wszystkich naszych dzia\u0142a\u0144. Nasz system zarz\u0105dzania zosta\u0142 zaprojektowany tak, aby by\u0142 solidny i zapewnia\u0142 ci\u0105g\u0142e doskonalenie.<\/p>\n<p>Nasza polityka aktywnego, zintegrowanego zarz\u0105dzania ma na celu wspieranie \u015bwiadczenia bezpiecznych i zgodnych z przepisami us\u0142ug. Audytujemy t\u0119 polityk\u0119 i monitorujemy jej efekty na ka\u017cdym poziomie naszej organizacji. W rzadkich przypadkach, gdy co\u015b nie posz\u0142o zgodnie z planem, naprawiamy to i wykorzystujemy zdobyt\u0105 wiedz\u0119 do ulepszania naszych przysz\u0142ych us\u0142ug.<\/p>\n<p>Wdro\u017cony jest rygorystyczny proces jako\u015bci maj\u0105cy na celu identyfikacj\u0119 i rozwi\u0105zanie wszelkich problem\u00f3w klinicznych oraz uwzgl\u0119dnienie wszystkich zagro\u017ce\u0144. Obejmuje to zar\u00f3wno wewn\u0119trzne, jak i zewn\u0119trzne procesy audytu maj\u0105ce na celu monitorowanie i sprawdzanie \u015bwiadczonych us\u0142ug.<\/p>\n<\/div>\n<\/div>\n<div id=\"div_block-74-14\" class=\"ct-div-block\" ><img decoding=\"async\"  id=\"image-75-14\" alt=\"\" src=\"https:\/\/www.vanguardhealthcare.co.uk\/wp-content\/uploads\/2023\/07\/Governance.jpg\" class=\"ct-image\"\/><\/div>\n<\/div>\n<\/div>\n<\/section>","protected":false},"excerpt":{"rendered":"","protected":false},"author":2,"featured_media":0,"parent":0,"menu_order":0,"comment_status":"closed","ping_status":"closed","template":"","meta":{"_acf_changed":false,"footnotes":""},"class_list":["post-209","page","type-page","status-publish","format-standard","hentry"],"acf":[],"yoast_head":"<!-- This site is optimized with the Yoast SEO plugin v27.5 - https:\/\/yoast.com\/product\/yoast-seo-wordpress\/ -->\n<title>Environment - Vanguard Healthcare Solutions<\/title>\n<meta name=\"robots\" content=\"index, follow, max-snippet:-1, max-image-preview:large, max-video-preview:-1\" \/>\n<link rel=\"canonical\" href=\"https:\/\/www.vanguardhealthcare.co.uk\/pl_pl\/environment\/\" \/>\n<meta property=\"og:locale\" content=\"pl_PL\" \/>\n<meta property=\"og:type\" content=\"article\" \/>\n<meta property=\"og:title\" content=\"Environment - Vanguard Healthcare Solutions\" \/>\n<meta property=\"og:url\" content=\"https:\/\/www.vanguardhealthcare.co.uk\/pl_pl\/environment\/\" \/>\n<meta property=\"og:site_name\" content=\"Vanguard Healthcare Solutions\" \/>\n<meta property=\"article:modified_time\" content=\"2026-01-13T14:37:46+00:00\" \/>\n<meta name=\"twitter:card\" content=\"summary_large_image\" \/>\n<meta name=\"twitter:label1\" content=\"Szacowany czas czytania\" \/>\n\t<meta name=\"twitter:data1\" content=\"1 minuta\" \/>\n<script type=\"application\/ld+json\" class=\"yoast-schema-graph\">{\"@context\":\"https:\\\/\\\/schema.org\",\"@graph\":[{\"@type\":\"WebPage\",\"@id\":\"https:\\\/\\\/www.vanguardhealthcare.co.uk\\\/environment\\\/\",\"url\":\"https:\\\/\\\/www.vanguardhealthcare.co.uk\\\/environment\\\/\",\"name\":\"Environment - Vanguard Healthcare Solutions\",\"isPartOf\":{\"@id\":\"https:\\\/\\\/www.vanguardhealthcare.co.uk\\\/#website\"},\"datePublished\":\"2023-06-14T14:38:36+00:00\",\"dateModified\":\"2026-01-13T14:37:46+00:00\",\"breadcrumb\":{\"@id\":\"https:\\\/\\\/www.vanguardhealthcare.co.uk\\\/environment\\\/#breadcrumb\"},\"inLanguage\":\"pl-PL\",\"potentialAction\":[{\"@type\":\"ReadAction\",\"target\":[\"https:\\\/\\\/www.vanguardhealthcare.co.uk\\\/environment\\\/\"]}]},{\"@type\":\"BreadcrumbList\",\"@id\":\"https:\\\/\\\/www.vanguardhealthcare.co.uk\\\/environment\\\/#breadcrumb\",\"itemListElement\":[{\"@type\":\"ListItem\",\"position\":1,\"name\":\"Home\",\"item\":\"https:\\\/\\\/www.vanguardhealthcare.co.uk\\\/\"},{\"@type\":\"ListItem\",\"position\":2,\"name\":\"Environment\"}]},{\"@type\":\"WebSite\",\"@id\":\"https:\\\/\\\/www.vanguardhealthcare.co.uk\\\/#website\",\"url\":\"https:\\\/\\\/www.vanguardhealthcare.co.uk\\\/\",\"name\":\"Vanguard Healthcare Solutions\",\"description\":\"\",\"potentialAction\":[{\"@type\":\"SearchAction\",\"target\":{\"@type\":\"EntryPoint\",\"urlTemplate\":\"https:\\\/\\\/www.vanguardhealthcare.co.uk\\\/?s={search_term_string}\"},\"query-input\":{\"@type\":\"PropertyValueSpecification\",\"valueRequired\":true,\"valueName\":\"search_term_string\"}}],\"inLanguage\":\"pl-PL\"}]}<\/script>\n<!-- \/ Yoast SEO plugin. -->","yoast_head_json":{"title":"\u015arodowisko - Vanguard Rozwi\u0105zania dla opieki zdrowotnej","robots":{"index":"index","follow":"follow","max-snippet":"max-snippet:-1","max-image-preview":"max-image-preview:large","max-video-preview":"max-video-preview:-1"},"canonical":"https:\/\/www.vanguardhealthcare.co.uk\/pl_pl\/environment\/","og_locale":"pl_PL","og_type":"article","og_title":"Environment - Vanguard Healthcare Solutions","og_url":"https:\/\/www.vanguardhealthcare.co.uk\/pl_pl\/environment\/","og_site_name":"Vanguard Healthcare Solutions","article_modified_time":"2026-01-13T14:37:46+00:00","twitter_card":"summary_large_image","twitter_misc":{"Szacowany czas czytania":"1 minuta"},"schema":{"@context":"https:\/\/schema.org","@graph":[{"@type":"WebPage","@id":"https:\/\/www.vanguardhealthcare.co.uk\/environment\/","url":"https:\/\/www.vanguardhealthcare.co.uk\/environment\/","name":"\u015arodowisko - Vanguard Rozwi\u0105zania dla opieki zdrowotnej","isPartOf":{"@id":"https:\/\/www.vanguardhealthcare.co.uk\/#website"},"datePublished":"2023-06-14T14:38:36+00:00","dateModified":"2026-01-13T14:37:46+00:00","breadcrumb":{"@id":"https:\/\/www.vanguardhealthcare.co.uk\/environment\/#breadcrumb"},"inLanguage":"pl-PL","potentialAction":[{"@type":"ReadAction","target":["https:\/\/www.vanguardhealthcare.co.uk\/environment\/"]}]},{"@type":"BreadcrumbList","@id":"https:\/\/www.vanguardhealthcare.co.uk\/environment\/#breadcrumb","itemListElement":[{"@type":"ListItem","position":1,"name":"Home","item":"https:\/\/www.vanguardhealthcare.co.uk\/"},{"@type":"ListItem","position":2,"name":"Environment"}]},{"@type":"WebSite","@id":"https:\/\/www.vanguardhealthcare.co.uk\/#website","url":"https:\/\/www.vanguardhealthcare.co.uk\/","name":"Rozwi\u0105zania Vanguard dla opieki zdrowotnej","description":"","potentialAction":[{"@type":"SearchAction","target":{"@type":"EntryPoint","urlTemplate":"https:\/\/www.vanguardhealthcare.co.uk\/?s={search_term_string}"},"query-input":{"@type":"PropertyValueSpecification","valueRequired":true,"valueName":"search_term_string"}}],"inLanguage":"pl-PL"}]}},"_links":{"self":[{"href":"https:\/\/www.vanguardhealthcare.co.uk\/pl_pl\/wp-json\/wp\/v2\/pages\/209","targetHints":{"allow":["GET"]}}],"collection":[{"href":"https:\/\/www.vanguardhealthcare.co.uk\/pl_pl\/wp-json\/wp\/v2\/pages"}],"about":[{"href":"https:\/\/www.vanguardhealthcare.co.uk\/pl_pl\/wp-json\/wp\/v2\/types\/page"}],"author":[{"embeddable":true,"href":"https:\/\/www.vanguardhealthcare.co.uk\/pl_pl\/wp-json\/wp\/v2\/users\/2"}],"replies":[{"embeddable":true,"href":"https:\/\/www.vanguardhealthcare.co.uk\/pl_pl\/wp-json\/wp\/v2\/comments?post=209"}],"version-history":[{"count":0,"href":"https:\/\/www.vanguardhealthcare.co.uk\/pl_pl\/wp-json\/wp\/v2\/pages\/209\/revisions"}],"wp:attachment":[{"href":"https:\/\/www.vanguardhealthcare.co.uk\/pl_pl\/wp-json\/wp\/v2\/media?parent=209"}],"curies":[{"name":"wp","href":"https:\/\/api.w.org\/{rel}","templated":true}]}}