{"id":693,"date":"2023-07-19T15:41:55","date_gmt":"2023-07-19T15:41:55","guid":{"rendered":"https:\/\/www.vanguardhealthcare.co.uk\/?page_id=693"},"modified":"2023-09-19T13:35:31","modified_gmt":"2023-09-19T13:35:31","slug":"faqs","status":"publish","type":"page","link":"https:\/\/www.vanguardhealthcare.co.uk\/nl_nl\/faqs\/","title":{"rendered":"Veelgestelde vragen"},"content":{"rendered":"<section id=\"section-2-59\" class=\"ct-section\" style=\"background-image:url(https:\/\/www.vanguardhealthcare.co.uk\/wp-content\/uploads\/2023\/05\/boulders-right.png);background-size: auto;\" >\n<div class=\"ct-section-inner-wrap\">\n<div id=\"div_block-8-59\" class=\"ct-div-block\" ><a id=\"link_text-6-59\" class=\"ct-link-text\" href=\"\/nl_nl\/\" target=\"_self\"  >Thuis<\/a><\/p>\n<h1 id=\"headline-3-59\" class=\"ct-headline\"><span id=\"span-4-59\" class=\"ct-span\" >Veelgestelde vragen<\/span><\/h1>\n<\/div>\n<\/div>\n<\/section>\n<div class=\"wp-block-vanguard-concertina\">\n<section class=\"ct-section\">\n<div class=\"ct-section-inner-wrap\">\n<div id=\"accordion-i9PUm1SAuAIPWb4o\" class=\"concertina accordion concertina-2col\">\n<div class=\"wp-block-vanguard-concertina-item accordion-item\">\n<h2 class=\"accordion-header\" id=\"heading-d078635e-3876-4394-8c4b-860ab9bdab1a\">\n<div class=\"title\">Hoe lang duurt het om een modulaire faciliteit te installeren?<\/div>\n<p><span class=\"indicator\"><\/span><\/h2>\n<div id=\"collapse-d078635e-3876-4394-8c4b-860ab9bdab1a\" class=\"accordion-collapse collapse\" aria-labelledby=\"heading-d078635e-3876-4394-8c4b-860ab9bdab1a\" data-bs-parent=\"#accordion-i9PUm1SAuAIPWb4o\">\n<div class=\"accordion-body\">\n<div class=\"text\">Het korte antwoord is minder tijd dan je zou denken. Modulaire voorzieningen die moderne bouwmethoden gebruiken, kunnen veel sneller worden ontwikkeld dan traditionele gebouwen van baksteen en mortel. Zo kan de bouw van vier modulaire operatiekamers voor dagbehandeling, verkoeverruimte en andere ondersteunende kamers in een ziekenhuis vanaf de aankooporder tot de overdracht slechts 12 weken in beslag nemen, of zelfs 26 weken als een op maat gemaakte oplossing voor Healthcare Space vereist is.<\/p>\n<p><a href=\"\/nl_nl\/facilities\/operating-theatres\/\" data-type=\"facilities\" data-id=\"162\">Ontdek hoe snel een modulaire faciliteit op uw ziekenhuislocatie kan komen<\/a>.<\/div>\n<\/div>\n<\/div>\n<\/div>\n<div class=\"wp-block-vanguard-concertina-item accordion-item\">\n<h2 class=\"accordion-header\" id=\"heading-1de95927-d811-4aff-adcf-0aefddbe059e\">\n<div class=\"title\">Kan ik een voorziening huren of kopen?<\/div>\n<p><span class=\"indicator\"><\/span><\/h2>\n<div id=\"collapse-1de95927-d811-4aff-adcf-0aefddbe059e\" class=\"accordion-collapse collapse\" aria-labelledby=\"heading-1de95927-d811-4aff-adcf-0aefddbe059e\" data-bs-parent=\"#accordion-i9PUm1SAuAIPWb4o\">\n<div class=\"accordion-body\">\n<div class=\"text\">Het antwoord is ja op beide. Wij bieden een flexibel <a href=\"\/nl_nl\/procurement\/\" data-type=\"page\" data-id=\"455\">inkoopbenadering<\/a> voor onze modulaire faciliteiten met huur-, huur\/koop- en koopopties die direct of via verschillende kaders beschikbaar zijn.<\/p>\n<p><a href=\"\/nl_nl\/our-facilities\/\" data-type=\"page\" data-id=\"164\">Onze mobiele eenheden<\/a> zijn alleen beschikbaar voor verhuur, dit stelt ons in staat om vloot van voet te zijn en te reageren op dringende behoeften met eenheden die regelmatig beschikbaar komen.<\/div>\n<\/div>\n<\/div>\n<\/div>\n<div class=\"wp-block-vanguard-concertina-item accordion-item\">\n<h2 class=\"accordion-header\" id=\"heading-6af607bb-17f3-405d-a620-f36c0dc0e622\">\n<div class=\"title\">Is er een minimale huurperiode?<\/div>\n<p><span class=\"indicator\"><\/span><\/h2>\n<div id=\"collapse-6af607bb-17f3-405d-a620-f36c0dc0e622\" class=\"accordion-collapse collapse\" aria-labelledby=\"heading-6af607bb-17f3-405d-a620-f36c0dc0e622\" data-bs-parent=\"#accordion-i9PUm1SAuAIPWb4o\">\n<div class=\"accordion-body\">\n<div class=\"text\">Over het algemeen geldt een huurperiode van minimaal 13 weken voor onze mobiele faciliteiten en kunnen we vanaf 26 weken een prijsmodel opstellen voor onze modulaire faciliteiten. We hanteren echter een flexibele aanpak, omdat het onze prioriteit altijd is om onze oplossingen te baseren op de behoeften van onze klanten, in plaats van beperkingen op te leggen.<\/div>\n<\/div>\n<\/div>\n<\/div>\n<div class=\"wp-block-vanguard-concertina-item accordion-item\">\n<h2 class=\"accordion-header\" id=\"heading-343fc496-20ba-4e00-a725-9d3b2efbdbb7\">\n<div class=\"title\">Welke handelingen kunnen in een mobiele operatiekamer worden uitgevoerd?<\/div>\n<p><span class=\"indicator\"><\/span><\/h2>\n<div id=\"collapse-343fc496-20ba-4e00-a725-9d3b2efbdbb7\" class=\"accordion-collapse collapse\" aria-labelledby=\"heading-343fc496-20ba-4e00-a725-9d3b2efbdbb7\" data-bs-parent=\"#accordion-i9PUm1SAuAIPWb4o\">\n<div class=\"accordion-body\">\n<div class=\"text\">75% van alle soorten klinische procedures die in een groot acuut ziekenhuis worden uitgevoerd, kunnen worden uitgevoerd in onze mobiele operatiekamers, van heupprothesen tot cataractchirurgie, endoscopieprocedures tot plastische chirurgie. Plus specialistische hartchirurgie en complexe kankerprocedures. De volledige lijst is veel te lang om hier op te nemen, maar u kunt meer informatie vinden op onze <a href=\"\/nl_nl\/heritage\/\" data-type=\"page\" data-id=\"674\">Erfgoed pagina<\/a>.<\/div>\n<\/div>\n<\/div>\n<\/div>\n<div class=\"wp-block-vanguard-concertina-item accordion-item\">\n<h2 class=\"accordion-header\" id=\"heading-63aa3f64-7374-48b4-9834-2e0222f8eb3d\">\n<div class=\"title\">Welke voordelen bieden modulaire gebouwen ten opzichte van traditionele zorggebouwen?<\/div>\n<p><span class=\"indicator\"><\/span><\/h2>\n<div id=\"collapse-63aa3f64-7374-48b4-9834-2e0222f8eb3d\" class=\"accordion-collapse collapse\" aria-labelledby=\"heading-63aa3f64-7374-48b4-9834-2e0222f8eb3d\" data-bs-parent=\"#accordion-i9PUm1SAuAIPWb4o\">\n<div class=\"accordion-body\">\n<div class=\"text\">Het belangrijkste voordeel is de snelheid waarmee ze ter plaatse kunnen komen en de eerste pati\u00ebnten door de deur kunnen laten. MMC- en off-site constructiegebouwen zijn net zo robuust en van hoge kwaliteit als traditionele &#039;bakstenen&#039; gebouwen, het grote verschil is dat ze tegelijk met de onderbouw op de site kunnen worden gebouwd.<\/p>\n<p>Moduleontwerp en MMC kunnen de bouwtijd verkorten met maximaal 45%, de kosten verlagen met 16% en de productiviteit verhogen met 30% tijdens het bouwproces.<sup>1<\/sup> Er zijn ook voordelen voor het milieu, met minder afval en minder koolstof dan traditionele leveringen op de bouwplaats.<\/p>\n<p>Als voorbeeld: het St. Joseph&#039;s Hospital in Denver, Colorado ontdekte dat de bouw van hun faciliteiten buiten de locatie 72 dagen korter was dan de levertijd en de kosten met naar schatting $4,3 miljoen verlaagden.<sup>2<\/sup><\/p>\n<p>1. Witboek Bouwen aan een betere gezondheidszorg.<br \/>2. Geiger, 2017.<\/div>\n<\/div>\n<\/div>\n<\/div>\n<div class=\"wp-block-vanguard-concertina-item accordion-item\">\n<h2 class=\"accordion-header\" id=\"heading-96878c66-1ee0-460a-b409-3f21cc53f5a5\">\n<div class=\"title\">Is er een stedenbouwkundige vergunning nodig om een mobiele voorziening te installeren?<\/div>\n<p><span class=\"indicator\"><\/span><\/h2>\n<div id=\"collapse-96878c66-1ee0-460a-b409-3f21cc53f5a5\" class=\"accordion-collapse collapse\" aria-labelledby=\"heading-96878c66-1ee0-460a-b409-3f21cc53f5a5\" data-bs-parent=\"#accordion-i9PUm1SAuAIPWb4o\">\n<div class=\"accordion-body\">\n<div class=\"text\">Voor sommige mobiele leveringen is soms een stedenbouwkundige vergunning nodig, afhankelijk van de looptijd en de omvang van het project. Maak je geen zorgen, we kunnen hiermee helpen.<\/p>\n<p>Zoals je mag verwachten, hebben we een schat aan ervaring op dit gebied. Ons projectteam kan een gespecialiseerde planningsadviseur omvatten om klanten te ondersteunen bij het indienen en goedkeuren van de planning, dit is vaak het geval bij ons <a href=\"\/nl_nl\/service\/turnkey-solutions\/\" data-type=\"service\" data-id=\"185\">kant-en-klare oplossingen<\/a>. Onze adviseur zal pre-planningsgesprekken voeren met de relevante lokale overheid om ervoor te zorgen dat hun vereisten goed worden begrepen, dit minimaliseert vertragingen bij het verlenen van een bouwvergunning.<\/p>\n<p><strong>Ons team gaat hierover graag met u in gesprek. <a href=\"\/nl_nl\/contact\/\" data-type=\"page\" data-id=\"117\">Neem contact op<\/a><\/strong><\/p>\n<\/div>\n<\/div>\n<\/div>\n<\/div>\n<div class=\"wp-block-vanguard-concertina-item accordion-item\">\n<h2 class=\"accordion-header\" id=\"heading-b24df5db-04f3-4d41-9d5e-b7bb71fe930e\">\n<div class=\"title\">Is er een bouwvergunning nodig om een modulaire faciliteit te installeren?<\/div>\n<p><span class=\"indicator\"><\/span><\/h2>\n<div id=\"collapse-b24df5db-04f3-4d41-9d5e-b7bb71fe930e\" class=\"accordion-collapse collapse\" aria-labelledby=\"heading-b24df5db-04f3-4d41-9d5e-b7bb71fe930e\" data-bs-parent=\"#accordion-i9PUm1SAuAIPWb4o\">\n<div class=\"accordion-body\">\n<div class=\"text\">Ja, er is een bouwvergunning nodig voor modulair bouwen vanwege de duur en omvang van het project, maar we kunnen hierbij helpen.<\/p>\n<p>Zoals je mag verwachten, hebben we een schat aan ervaring op dit gebied. Ons projectteam kan een gespecialiseerde planningsadviseur omvatten om klanten te ondersteunen bij het indienen en goedkeuren van de planning, dit is vaak het geval bij ons <a href=\"\/nl_nl\/service\/turnkey-solutions\/\" data-type=\"service\" data-id=\"185\">kant-en-klare oplossingen<\/a>. Onze adviseur zal pre-planningsgesprekken voeren met de relevante lokale overheid om ervoor te zorgen dat hun vereisten goed worden begrepen, dit minimaliseert vertragingen bij het verlenen van een bouwvergunning.<\/p>\n<p><strong>Onze vriendelijke<\/strong> <strong>team gaat hier graag met u over in gesprek. <a href=\"\/nl_nl\/contact\/\" data-type=\"page\" data-id=\"117\">Neem contact op<\/a><\/strong><\/div>\n<\/div>\n<\/div>\n<\/div>\n<div class=\"wp-block-vanguard-concertina-item accordion-item\">\n<h2 class=\"accordion-header\" id=\"heading-34124cfa-e6e2-45a3-bf73-0b32f35190c3\">\n<div class=\"title\">Kunt u een faciliteit maken die op maat is gemaakt voor onze vereisten?<\/div>\n<p><span class=\"indicator\"><\/span><\/h2>\n<div id=\"collapse-34124cfa-e6e2-45a3-bf73-0b32f35190c3\" class=\"accordion-collapse collapse\" aria-labelledby=\"heading-34124cfa-e6e2-45a3-bf73-0b32f35190c3\" data-bs-parent=\"#accordion-i9PUm1SAuAIPWb4o\">\n<div class=\"accordion-body\">\n<div class=\"text\">Absoluut, daar staan we om bekend. We zullen met u samenwerken om een zorgruimte te cre\u00ebren die is ontworpen om te voldoen aan uw specifieke vereisten, van het beheer van de pati\u00ebntenstroom, effici\u00ebntiemaatregelen tot de externe look en feel.<\/div>\n<\/div>\n<\/div>\n<\/div>\n<div class=\"wp-block-vanguard-concertina-item accordion-item\">\n<h2 class=\"accordion-header\" id=\"heading-e9236659-7d7f-430c-b93c-bb3da24afa3e\">\n<div class=\"title\">Biedt u klinische personeelsoplossingen?<\/div>\n<p><span class=\"indicator\"><\/span><\/h2>\n<div id=\"collapse-e9236659-7d7f-430c-b93c-bb3da24afa3e\" class=\"accordion-collapse collapse\" aria-labelledby=\"heading-e9236659-7d7f-430c-b93c-bb3da24afa3e\" data-bs-parent=\"#accordion-i9PUm1SAuAIPWb4o\">\n<div class=\"accordion-body\">\n<div class=\"text\">Ja, de terbeschikkingstelling van klinisch personeel maakt vaak deel uit van onze contracten. We hebben een sterk team van geregistreerde en niet-geregistreerde beoefenaars die niet alleen een uitstekende klinische service bieden aan onze klanten en hun pati\u00ebnten, maar ook gedegen kennis hebben van wat er nodig is om in een tijdelijke faciliteit te werken.<\/p>\n<p>Typische rollen zijn theater-, endoscopie- en hoofdbeoefenaars (allemaal NMC \/ HCPC-geregistreerd), beoefenaars van operatieafdelingen met ervaring in diagnostische en therapeutische procedures, ontsmettingsbeoefenaars en eenheidsfacilitators.<\/p>\n<p><a href=\"\/nl_nl\/service\/our-clinicians\/\" data-type=\"service\" data-id=\"188\">Ontdek meer over hoe we u kunnen helpen met klinisch personeel voor uw zorgruimte.<\/a><\/div>\n<\/div>\n<\/div>\n<\/div>\n<div class=\"wp-block-vanguard-concertina-item accordion-item\">\n<h2 class=\"accordion-header\" id=\"heading-b2903f31-9b7b-4f6b-8001-9561a50b590e\">\n<div class=\"title\">Hoe kom ik meer te weten over het ter plaatse krijgen van een operatiekamer?<\/div>\n<p><span class=\"indicator\"><\/span><\/h2>\n<div id=\"collapse-b2903f31-9b7b-4f6b-8001-9561a50b590e\" class=\"accordion-collapse collapse\" aria-labelledby=\"heading-b2903f31-9b7b-4f6b-8001-9561a50b590e\" data-bs-parent=\"#accordion-i9PUm1SAuAIPWb4o\">\n<div class=\"accordion-body\">\n<div class=\"text\">Neem gewoon contact op met ons vriendelijke team en zij zullen u door de stappen leiden. U zult waarschijnlijk merken dat het proces eenvoudiger is dan u zich had voorgesteld. Wij kunnen u het harde werk uit handen nemen en zelfs een <a href=\"\/nl_nl\/service\/turnkey-solutions\/\" data-type=\"service\">gebruiksklare oplossing<\/a> als dat je het beste uitkomt.<\/p>\n<p><strong><a href=\"\/nl_nl\/contact\/\" data-type=\"page\" data-id=\"117\">Neem contact op<\/a><\/strong><\/div>\n<\/div>\n<\/div>\n<\/div>\n<div class=\"wp-block-vanguard-concertina-item accordion-item\">\n<h2 class=\"accordion-header\" id=\"heading-868c76d8-3257-4fcf-957d-67bf4859f5ec\">\n<div class=\"title\">Levert u faciliteiten buiten het VK?<\/div>\n<p><span class=\"indicator\"><\/span><\/h2>\n<div id=\"collapse-868c76d8-3257-4fcf-957d-67bf4859f5ec\" class=\"accordion-collapse collapse\" aria-labelledby=\"heading-868c76d8-3257-4fcf-957d-67bf4859f5ec\" data-bs-parent=\"#accordion-i9PUm1SAuAIPWb4o\">\n<div class=\"accordion-body\">\n<div class=\"text\">Ja, we opereren internationaal onder het merk Q-bital Healthcare Solutions. We hebben ervaring met het leveren van faciliteiten in Australi\u00eb, Nieuw-Zeeland, de Benelux, Frankrijk, Ierland en Scandinavi\u00eb. Ons vriendelijke internationale team kan u meer vertellen of u bezoeken <a href=\"http:\/\/www.q-bital.com\" data-type=\"URL\" data-id=\"http:\/\/www.q-bital.com\">www.qbital.com<\/a>.<\/div>\n<\/div>\n<\/div>\n<\/div>\n<div class=\"wp-block-vanguard-concertina-item accordion-item\">\n<h2 class=\"accordion-header\" id=\"heading-32b61ab8-f388-43b3-8c99-1399b90140cf\">\n<div class=\"title\">Hoe beheert u uw impact op het milieu, vooral met uw grotere faciliteiten?<\/div>\n<p><span class=\"indicator\"><\/span><\/h2>\n<div id=\"collapse-32b61ab8-f388-43b3-8c99-1399b90140cf\" class=\"accordion-collapse collapse\" aria-labelledby=\"heading-32b61ab8-f388-43b3-8c99-1399b90140cf\" data-bs-parent=\"#accordion-i9PUm1SAuAIPWb4o\">\n<div class=\"accordion-body\">\n<div class=\"text\">Hoe beheert u uw impact op het milieu, vooral met uw grotere faciliteiten?<br \/>Als aanbieder van de NHS delen we de visie die is uiteengezet in het NHS Green Plan. Onze oplossingen worden ontworpen, gebouwd en geleverd met grote zorg en aandacht voor het milieu, waarbij we bij elke stap van ons fabricageproces de CO2-uitstoot verminderen. We zoeken voortdurend naar manieren om de impact van de manier waarop we hulpbronnen gebruiken te minimaliseren, waarbij we er in het bijzonder op letten dat we bijdragen aan de mondiale agenda inzake klimaatverandering.<\/p>\n<p>Ons doel is om tegen eind 2023 netto CO2-neutraal te zijn voor scope 1 &amp; 2-emissies, en voor scope 3 tegen 2035; we hebben een robuust koolstofreductieplan om ons te helpen dit te bereiken. We zijn trots op onze vooruitgang op de weg naar CO2-nul, <a href=\"\/nl_nl\/carbon-reduction-plan\/\" data-type=\"page\" data-id=\"705\">kijk hier eens goed\u2026<\/a> <\/p>\n<p>Sinds kort zijn we een samenwerking aangegaan met <a href=\"\/nl_nl\/vanguard-healthcare-solutions-joins-forces-with-klimate-on-carbon-removal-project-and-takes-next-step-in-its-net-zero-journey\/\" data-type=\"post\" data-id=\"429\">klimaat<\/a> om een strategie voor koolstofverwijdering te cre\u00ebren om ons te helpen onze ambities voor netto nul te bereiken. Het innovatieve portfolio van koolstofverwijderingsprojecten omvat projecten zoals directe luchtafvang, diepe opslag van bio-olie, oceaankelp en herstellende boomplanting. Ze worden allemaal onafhankelijk geverifieerd om hun integriteit te waarborgen.<\/div>\n<\/div>\n<\/div>\n<\/div>\n<div class=\"wp-block-vanguard-concertina-item accordion-item\">\n<h2 class=\"accordion-header\" id=\"heading-7562bf47-5278-48e0-b4d4-61a2e1dac74f\">\n<div class=\"title\">Werk je samen met partners?<\/div>\n<p><span class=\"indicator\"><\/span><\/h2>\n<div id=\"collapse-7562bf47-5278-48e0-b4d4-61a2e1dac74f\" class=\"accordion-collapse collapse\" aria-labelledby=\"heading-7562bf47-5278-48e0-b4d4-61a2e1dac74f\" data-bs-parent=\"#accordion-i9PUm1SAuAIPWb4o\">\n<div class=\"accordion-body\">\n<div class=\"text\">Ja, wij zijn altijd bereid om dit te onderzoeken <a href=\"\/nl_nl\/partner-programme\/\" data-type=\"page\" data-id=\"316\">samenwerkingsmogelijkheden<\/a> en werken momenteel samen met fabrikanten van apparatuur, architecten, bouwbedrijven en exploitanten van klinische diensten.<\/div>\n<\/div>\n<\/div>\n<\/div>\n<div class=\"wp-block-vanguard-concertina-item accordion-item\">\n<h2 class=\"accordion-header\" id=\"heading-75f6aefa-698c-4048-889a-715d11804108\">\n<div class=\"title\">Is Vanguard goedgekeurd en vermeld op alle ziekenhuiskaders?<\/div>\n<p><span class=\"indicator\"><\/span><\/h2>\n<div id=\"collapse-75f6aefa-698c-4048-889a-715d11804108\" class=\"accordion-collapse collapse\" aria-labelledby=\"heading-75f6aefa-698c-4048-889a-715d11804108\" data-bs-parent=\"#accordion-i9PUm1SAuAIPWb4o\">\n<div class=\"accordion-body\">\n<div class=\"text\">Veel van onze klanten gebruiken een <a href=\"\/nl_nl\/procurement\/\" data-type=\"page\" data-id=\"455\">raamovereenkomst aan te schaffen<\/a> een nieuwe faciliteit; we zijn goedgekeurd en vermeld op alle belangrijke ziekenhuiskaders. Aan elk van de frameworks zijn voordelen verbonden, dus het is goed om te onderzoeken wat ze u kunnen bieden.<\/p>\n<p><strong><a href=\"\/nl_nl\/contact\/\" data-type=\"page\" data-id=\"117\">Neem contact op<\/a><\/strong><\/div>\n<\/div>\n<\/div>\n<\/div>\n<div class=\"wp-block-vanguard-concertina-item accordion-item\">\n<h2 class=\"accordion-header\" id=\"heading-fa666c52-3c78-40f9-895c-adcd67fb5d8b\">\n<div class=\"title\">Is er een volledige turnkey-oplossing beschikbaar?<\/div>\n<p><span class=\"indicator\"><\/span><\/h2>\n<div id=\"collapse-fa666c52-3c78-40f9-895c-adcd67fb5d8b\" class=\"accordion-collapse collapse\" aria-labelledby=\"heading-fa666c52-3c78-40f9-895c-adcd67fb5d8b\" data-bs-parent=\"#accordion-i9PUm1SAuAIPWb4o\">\n<div class=\"accordion-body\">\n<div class=\"text\">Absoluut, we kunnen het hele proces verzorgen en een <a href=\"\/nl_nl\/service\/turnkey-solutions\/\" data-type=\"service\" data-id=\"185\">gebruiksklare oplossing<\/a>. Deze service omvat het volledige beheer van het ontwerpproces (inclusief goedkeuring van de business case), de interne productie, de installatie op locatie en de inbedrijfstelling van het project. We hebben een schat aan ervaring in het verwerven en leveren van alle werken op locatie via ons gespecialiseerde ontwerpteam voor de gezondheidszorg.<\/div>\n<\/div>\n<\/div>\n<\/div>\n<\/div>\n<\/div>\n<\/section>\n<\/div>","protected":false},"excerpt":{"rendered":"","protected":false},"author":2,"featured_media":0,"parent":0,"menu_order":0,"comment_status":"closed","ping_status":"closed","template":"","meta":{"_acf_changed":false,"footnotes":""},"class_list":["post-693","page","type-page","status-publish","format-standard","hentry"],"acf":[],"yoast_head":"<!-- This site is optimized with the Yoast SEO plugin v27.4 - https:\/\/yoast.com\/product\/yoast-seo-wordpress\/ -->\n<title>FAQs - Vanguard Healthcare Solutions<\/title>\n<meta name=\"robots\" content=\"index, follow, max-snippet:-1, max-image-preview:large, max-video-preview:-1\" \/>\n<link rel=\"canonical\" href=\"https:\/\/www.vanguardhealthcare.co.uk\/nl_nl\/faqs\/\" \/>\n<meta property=\"og:locale\" content=\"nl_NL\" \/>\n<meta property=\"og:type\" content=\"article\" \/>\n<meta property=\"og:title\" content=\"FAQs - Vanguard Healthcare Solutions\" \/>\n<meta property=\"og:url\" content=\"https:\/\/www.vanguardhealthcare.co.uk\/nl_nl\/faqs\/\" \/>\n<meta property=\"og:site_name\" content=\"Vanguard Healthcare Solutions\" \/>\n<meta property=\"article:modified_time\" content=\"2023-09-19T13:35:31+00:00\" \/>\n<meta name=\"twitter:card\" content=\"summary_large_image\" \/>\n<meta name=\"twitter:label1\" content=\"Geschatte leestijd\" \/>\n\t<meta name=\"twitter:data1\" content=\"6 minuten\" \/>\n<script type=\"application\/ld+json\" class=\"yoast-schema-graph\">{\"@context\":\"https:\\\/\\\/schema.org\",\"@graph\":[{\"@type\":\"WebPage\",\"@id\":\"https:\\\/\\\/www.vanguardhealthcare.co.uk\\\/faqs\\\/\",\"url\":\"https:\\\/\\\/www.vanguardhealthcare.co.uk\\\/faqs\\\/\",\"name\":\"FAQs - Vanguard Healthcare Solutions\",\"isPartOf\":{\"@id\":\"https:\\\/\\\/www.vanguardhealthcare.co.uk\\\/#website\"},\"datePublished\":\"2023-07-19T15:41:55+00:00\",\"dateModified\":\"2023-09-19T13:35:31+00:00\",\"breadcrumb\":{\"@id\":\"https:\\\/\\\/www.vanguardhealthcare.co.uk\\\/faqs\\\/#breadcrumb\"},\"inLanguage\":\"nl-NL\",\"potentialAction\":[{\"@type\":\"ReadAction\",\"target\":[\"https:\\\/\\\/www.vanguardhealthcare.co.uk\\\/faqs\\\/\"]}]},{\"@type\":\"BreadcrumbList\",\"@id\":\"https:\\\/\\\/www.vanguardhealthcare.co.uk\\\/faqs\\\/#breadcrumb\",\"itemListElement\":[{\"@type\":\"ListItem\",\"position\":1,\"name\":\"Home\",\"item\":\"https:\\\/\\\/www.vanguardhealthcare.co.uk\\\/\"},{\"@type\":\"ListItem\",\"position\":2,\"name\":\"FAQs\"}]},{\"@type\":\"WebSite\",\"@id\":\"https:\\\/\\\/www.vanguardhealthcare.co.uk\\\/#website\",\"url\":\"https:\\\/\\\/www.vanguardhealthcare.co.uk\\\/\",\"name\":\"Vanguard Healthcare Solutions\",\"description\":\"\",\"potentialAction\":[{\"@type\":\"SearchAction\",\"target\":{\"@type\":\"EntryPoint\",\"urlTemplate\":\"https:\\\/\\\/www.vanguardhealthcare.co.uk\\\/?s={search_term_string}\"},\"query-input\":{\"@type\":\"PropertyValueSpecification\",\"valueRequired\":true,\"valueName\":\"search_term_string\"}}],\"inLanguage\":\"nl-NL\"}]}<\/script>\n<!-- \/ Yoast SEO plugin. -->","yoast_head_json":{"title":"Veelgestelde vragen - Vanguard Healthcare Solutions","robots":{"index":"index","follow":"follow","max-snippet":"max-snippet:-1","max-image-preview":"max-image-preview:large","max-video-preview":"max-video-preview:-1"},"canonical":"https:\/\/www.vanguardhealthcare.co.uk\/nl_nl\/faqs\/","og_locale":"nl_NL","og_type":"article","og_title":"FAQs - Vanguard Healthcare Solutions","og_url":"https:\/\/www.vanguardhealthcare.co.uk\/nl_nl\/faqs\/","og_site_name":"Vanguard Healthcare Solutions","article_modified_time":"2023-09-19T13:35:31+00:00","twitter_card":"summary_large_image","twitter_misc":{"Geschatte leestijd":"6 minuten"},"schema":{"@context":"https:\/\/schema.org","@graph":[{"@type":"WebPage","@id":"https:\/\/www.vanguardhealthcare.co.uk\/faqs\/","url":"https:\/\/www.vanguardhealthcare.co.uk\/faqs\/","name":"Veelgestelde vragen - Vanguard Healthcare Solutions","isPartOf":{"@id":"https:\/\/www.vanguardhealthcare.co.uk\/#website"},"datePublished":"2023-07-19T15:41:55+00:00","dateModified":"2023-09-19T13:35:31+00:00","breadcrumb":{"@id":"https:\/\/www.vanguardhealthcare.co.uk\/faqs\/#breadcrumb"},"inLanguage":"nl-NL","potentialAction":[{"@type":"ReadAction","target":["https:\/\/www.vanguardhealthcare.co.uk\/faqs\/"]}]},{"@type":"BreadcrumbList","@id":"https:\/\/www.vanguardhealthcare.co.uk\/faqs\/#breadcrumb","itemListElement":[{"@type":"ListItem","position":1,"name":"Home","item":"https:\/\/www.vanguardhealthcare.co.uk\/"},{"@type":"ListItem","position":2,"name":"FAQs"}]},{"@type":"WebSite","@id":"https:\/\/www.vanguardhealthcare.co.uk\/#website","url":"https:\/\/www.vanguardhealthcare.co.uk\/","name":"Vanguard Oplossingen voor de gezondheidszorg","description":"","potentialAction":[{"@type":"SearchAction","target":{"@type":"EntryPoint","urlTemplate":"https:\/\/www.vanguardhealthcare.co.uk\/?s={search_term_string}"},"query-input":{"@type":"PropertyValueSpecification","valueRequired":true,"valueName":"search_term_string"}}],"inLanguage":"nl-NL"}]}},"_links":{"self":[{"href":"https:\/\/www.vanguardhealthcare.co.uk\/nl_nl\/wp-json\/wp\/v2\/pages\/693","targetHints":{"allow":["GET"]}}],"collection":[{"href":"https:\/\/www.vanguardhealthcare.co.uk\/nl_nl\/wp-json\/wp\/v2\/pages"}],"about":[{"href":"https:\/\/www.vanguardhealthcare.co.uk\/nl_nl\/wp-json\/wp\/v2\/types\/page"}],"author":[{"embeddable":true,"href":"https:\/\/www.vanguardhealthcare.co.uk\/nl_nl\/wp-json\/wp\/v2\/users\/2"}],"replies":[{"embeddable":true,"href":"https:\/\/www.vanguardhealthcare.co.uk\/nl_nl\/wp-json\/wp\/v2\/comments?post=693"}],"version-history":[{"count":0,"href":"https:\/\/www.vanguardhealthcare.co.uk\/nl_nl\/wp-json\/wp\/v2\/pages\/693\/revisions"}],"wp:attachment":[{"href":"https:\/\/www.vanguardhealthcare.co.uk\/nl_nl\/wp-json\/wp\/v2\/media?parent=693"}],"curies":[{"name":"wp","href":"https:\/\/api.w.org\/{rel}","templated":true}]}}