{"id":693,"date":"2023-07-19T15:41:55","date_gmt":"2023-07-19T15:41:55","guid":{"rendered":"https:\/\/www.vanguardhealthcare.co.uk\/?page_id=693"},"modified":"2023-09-19T13:35:31","modified_gmt":"2023-09-19T13:35:31","slug":"faqs","status":"publish","type":"page","link":"https:\/\/www.vanguardhealthcare.co.uk\/it_it\/faqs\/","title":{"rendered":"Domande frequenti"},"content":{"rendered":"<section id=\"section-2-59\" class=\"ct-section\" style=\"background-image:url(https:\/\/www.vanguardhealthcare.co.uk\/wp-content\/uploads\/2023\/05\/boulders-right.png);background-size: auto;\" >\n<div class=\"ct-section-inner-wrap\">\n<div id=\"div_block-8-59\" class=\"ct-div-block\" ><a id=\"link_text-6-59\" class=\"ct-link-text\" href=\"\/it_it\/\" target=\"_self\"  >Casa<\/a><\/p>\n<h1 id=\"headline-3-59\" class=\"ct-headline\"><span id=\"span-4-59\" class=\"ct-span\" >Domande frequenti<\/span><\/h1>\n<\/div>\n<\/div>\n<\/section>\n<div class=\"wp-block-vanguard-concertina\">\n<section class=\"ct-section\">\n<div class=\"ct-section-inner-wrap\">\n<div id=\"accordion-i9PUm1SAuAIPWb4o\" class=\"concertina accordion concertina-2col\">\n<div class=\"wp-block-vanguard-concertina-item accordion-item\">\n<h2 class=\"accordion-header\" id=\"heading-d078635e-3876-4394-8c4b-860ab9bdab1a\">\n<div class=\"title\">Quanto tempo ci vuole per installare un impianto modulare?<\/div>\n<p><span class=\"indicator\"><\/span><\/h2>\n<div id=\"collapse-d078635e-3876-4394-8c4b-860ab9bdab1a\" class=\"accordion-collapse collapse\" aria-labelledby=\"heading-d078635e-3876-4394-8c4b-860ab9bdab1a\" data-bs-parent=\"#accordion-i9PUm1SAuAIPWb4o\">\n<div class=\"accordion-body\">\n<div class=\"text\">La risposta breve \u00e8 meno tempo che potresti pensare. Le strutture modulari che utilizzano i moderni metodi di costruzione possono essere sviluppate molto pi\u00f9 rapidamente rispetto ai tradizionali edifici in mattoni e malta. Ad esempio, dall&#039;ordine di acquisto alla consegna, la costruzione di quattro sale operatorie modulari per day case, spazi di recupero e altre sale di supporto in un ospedale potrebbe richiedere da un minimo di 12 settimane a un massimo di 26 settimane se \u00e8 necessaria una soluzione di spazio sanitario su misura.<\/p>\n<p><a href=\"\/it_it\/facilities\/operating-theatres\/\" data-type=\"facilities\" data-id=\"162\">Scopri quanto velocemente una struttura modulare potrebbe arrivare nel tuo ospedale<\/a>.<\/div>\n<\/div>\n<\/div>\n<\/div>\n<div class=\"wp-block-vanguard-concertina-item accordion-item\">\n<h2 class=\"accordion-header\" id=\"heading-1de95927-d811-4aff-adcf-0aefddbe059e\">\n<div class=\"title\">Posso affittare o acquistare una struttura?<\/div>\n<p><span class=\"indicator\"><\/span><\/h2>\n<div id=\"collapse-1de95927-d811-4aff-adcf-0aefddbe059e\" class=\"accordion-collapse collapse\" aria-labelledby=\"heading-1de95927-d811-4aff-adcf-0aefddbe059e\" data-bs-parent=\"#accordion-i9PUm1SAuAIPWb4o\">\n<div class=\"accordion-body\">\n<div class=\"text\">La risposta \u00e8 s\u00ec per entrambi. Offriamo un flessibile <a href=\"\/it_it\/procurement\/\" data-type=\"page\" data-id=\"455\">approccio agli appalti<\/a> per le nostre strutture modulari con opzioni di noleggio, noleggio\/acquisto e acquisto disponibili direttamente o tramite vari framework.<\/p>\n<p><a href=\"\/it_it\/our-facilities\/\" data-type=\"page\" data-id=\"164\">Le nostre unit\u00e0 mobili<\/a> sono disponibili solo per il noleggio, questo ci consente di essere veloci e di rispondere a esigenze urgenti con unit\u00e0 che diventano regolarmente disponibili.<\/div>\n<\/div>\n<\/div>\n<\/div>\n<div class=\"wp-block-vanguard-concertina-item accordion-item\">\n<h2 class=\"accordion-header\" id=\"heading-6af607bb-17f3-405d-a620-f36c0dc0e622\">\n<div class=\"title\">C&#039;\u00e8 un periodo minimo di noleggio?<\/div>\n<p><span class=\"indicator\"><\/span><\/h2>\n<div id=\"collapse-6af607bb-17f3-405d-a620-f36c0dc0e622\" class=\"accordion-collapse collapse\" aria-labelledby=\"heading-6af607bb-17f3-405d-a620-f36c0dc0e622\" data-bs-parent=\"#accordion-i9PUm1SAuAIPWb4o\">\n<div class=\"accordion-body\">\n<div class=\"text\">In generale, il periodo di noleggio minimo per le nostre strutture mobili \u00e8 di 13 settimane e possiamo costruire un modello di prezzo per le nostre strutture modulari da 26 settimane in poi. Tuttavia, adottiamo un approccio flessibile poich\u00e9 la nostra priorit\u00e0 \u00e8 sempre quella di basare le nostre soluzioni sulle esigenze dei nostri clienti invece di imporre vincoli.<\/div>\n<\/div>\n<\/div>\n<\/div>\n<div class=\"wp-block-vanguard-concertina-item accordion-item\">\n<h2 class=\"accordion-header\" id=\"heading-343fc496-20ba-4e00-a725-9d3b2efbdbb7\">\n<div class=\"title\">Quali procedure possono essere eseguite in una sala operatoria mobile?<\/div>\n<p><span class=\"indicator\"><\/span><\/h2>\n<div id=\"collapse-343fc496-20ba-4e00-a725-9d3b2efbdbb7\" class=\"accordion-collapse collapse\" aria-labelledby=\"heading-343fc496-20ba-4e00-a725-9d3b2efbdbb7\" data-bs-parent=\"#accordion-i9PUm1SAuAIPWb4o\">\n<div class=\"accordion-body\">\n<div class=\"text\">75% di tutti i tipi di procedure cliniche eseguite in un grande ospedale per malattie acute possono essere eseguite nelle nostre sale operatorie mobili, dalle protesi d&#039;anca alla chirurgia della cataratta, dalle procedure di endoscopia alla chirurgia plastica. Inoltre cardiochirurgia specialistica e procedure oncologiche complesse. L&#039;elenco completo \u00e8 troppo lungo per essere incluso qui, ma puoi saperne di pi\u00f9 sul nostro <a href=\"\/it_it\/heritage\/\" data-type=\"page\" data-id=\"674\">Pagina del patrimonio<\/a>.<\/div>\n<\/div>\n<\/div>\n<\/div>\n<div class=\"wp-block-vanguard-concertina-item accordion-item\">\n<h2 class=\"accordion-header\" id=\"heading-63aa3f64-7374-48b4-9834-2e0222f8eb3d\">\n<div class=\"title\">Quali vantaggi offrono gli edifici modulari rispetto agli edifici sanitari tradizionali?<\/div>\n<p><span class=\"indicator\"><\/span><\/h2>\n<div id=\"collapse-63aa3f64-7374-48b4-9834-2e0222f8eb3d\" class=\"accordion-collapse collapse\" aria-labelledby=\"heading-63aa3f64-7374-48b4-9834-2e0222f8eb3d\" data-bs-parent=\"#accordion-i9PUm1SAuAIPWb4o\">\n<div class=\"accordion-body\">\n<div class=\"text\">Il vantaggio principale \u00e8 la rapidit\u00e0 con cui possono arrivare in loco e far passare i primi pazienti. Gli edifici MMC e di costruzione fuori sede sono robusti e di alta qualit\u00e0 quanto i tradizionali edifici &quot;mattoni e malta&quot;, la grande differenza \u00e8 che possono essere costruiti contemporaneamente ai lavori di sottostruttura in loco.<\/p>\n<p>La progettazione del modulo e l&#039;MMC possono ridurre i tempi di costruzione fino a 45%, ridurre i costi di 16% e aumentare la produttivit\u00e0 di 30% durante l&#039;intero processo di costruzione.<sup>1<\/sup> Ci sono anche vantaggi ambientali, con scarti limitati e emissioni di carbonio ridotte rispetto alle tradizionali consegne in cantiere.<\/p>\n<p>Ad esempio, il St Joseph&#039;s Hospital di Denver, in Colorado, ha riscontrato che la costruzione fuori sede delle proprie strutture ha ridotto di 72 giorni i tempi di consegna e ridotto i costi di circa $4,3 milioni.<sup>2<\/sup><\/p>\n<p>1. Libro bianco Building Better Healthcare.<br \/>2.Giger, 2017.<\/div>\n<\/div>\n<\/div>\n<\/div>\n<div class=\"wp-block-vanguard-concertina-item accordion-item\">\n<h2 class=\"accordion-header\" id=\"heading-96878c66-1ee0-460a-b409-3f21cc53f5a5\">\n<div class=\"title\">\u00c8 necessario il permesso di pianificazione per installare una struttura mobile?<\/div>\n<p><span class=\"indicator\"><\/span><\/h2>\n<div id=\"collapse-96878c66-1ee0-460a-b409-3f21cc53f5a5\" class=\"accordion-collapse collapse\" aria-labelledby=\"heading-96878c66-1ee0-460a-b409-3f21cc53f5a5\" data-bs-parent=\"#accordion-i9PUm1SAuAIPWb4o\">\n<div class=\"accordion-body\">\n<div class=\"text\">A volte \u00e8 necessaria l&#039;autorizzazione alla pianificazione per alcune consegne mobili, dipende dalla durata del termine e dall&#039;ambito del progetto. Non preoccuparti, possiamo aiutarti in questo.<\/p>\n<p>Come ci si aspetterebbe, abbiamo una vasta esperienza in questo settore. Il nostro team di progetto pu\u00f2 includere un consulente di pianificazione specializzato per supportare i clienti con il processo di presentazione e approvazione della pianificazione, questo \u00e8 spesso il caso del nostro <a href=\"\/it_it\/service\/turnkey-solutions\/\" data-type=\"service\" data-id=\"185\">soluzioni chiavi in mano<\/a>. Il nostro consulente si impegner\u00e0 in discussioni di pre-pianificazione con l&#039;autorit\u00e0 locale competente per garantire che i loro requisiti siano ben compresi, questo riduce al minimo i ritardi nella concessione dell&#039;autorizzazione edilizia.<\/p>\n<p><strong>Il nostro team sar\u00e0 lieto di discuterne con te. <a href=\"\/it_it\/contact\/\" data-type=\"page\" data-id=\"117\">Mettiti in contatto<\/a><\/strong><\/p>\n<\/div>\n<\/div>\n<\/div>\n<\/div>\n<div class=\"wp-block-vanguard-concertina-item accordion-item\">\n<h2 class=\"accordion-header\" id=\"heading-b24df5db-04f3-4d41-9d5e-b7bb71fe930e\">\n<div class=\"title\">\u00c8 necessario il permesso di pianificazione per installare una struttura modulare?<\/div>\n<p><span class=\"indicator\"><\/span><\/h2>\n<div id=\"collapse-b24df5db-04f3-4d41-9d5e-b7bb71fe930e\" class=\"accordion-collapse collapse\" aria-labelledby=\"heading-b24df5db-04f3-4d41-9d5e-b7bb71fe930e\" data-bs-parent=\"#accordion-i9PUm1SAuAIPWb4o\">\n<div class=\"accordion-body\">\n<div class=\"text\">S\u00ec, \u00e8 necessaria l&#039;autorizzazione alla pianificazione per le costruzioni modulari a causa della durata e dell&#039;ambito del progetto, ma possiamo aiutarti in questo.<\/p>\n<p>Come ci si aspetterebbe, abbiamo una vasta esperienza in questo settore. Il nostro team di progetto pu\u00f2 includere un consulente di pianificazione specializzato per supportare i clienti con il processo di presentazione e approvazione della pianificazione, questo \u00e8 spesso il caso del nostro <a href=\"\/it_it\/service\/turnkey-solutions\/\" data-type=\"service\" data-id=\"185\">soluzioni chiavi in mano<\/a>. Il nostro consulente si impegner\u00e0 in discussioni di pre-pianificazione con l&#039;autorit\u00e0 locale competente per garantire che i loro requisiti siano ben compresi, questo riduce al minimo i ritardi nella concessione dell&#039;autorizzazione edilizia.<\/p>\n<p><strong>Il nostro amichevole<\/strong> <strong>il team sarebbe felice di discuterne con te. <a href=\"\/it_it\/contact\/\" data-type=\"page\" data-id=\"117\">Mettiti in contatto<\/a><\/strong><\/div>\n<\/div>\n<\/div>\n<\/div>\n<div class=\"wp-block-vanguard-concertina-item accordion-item\">\n<h2 class=\"accordion-header\" id=\"heading-34124cfa-e6e2-45a3-bf73-0b32f35190c3\">\n<div class=\"title\">Potete realizzare una struttura su misura per le nostre esigenze?<\/div>\n<p><span class=\"indicator\"><\/span><\/h2>\n<div id=\"collapse-34124cfa-e6e2-45a3-bf73-0b32f35190c3\" class=\"accordion-collapse collapse\" aria-labelledby=\"heading-34124cfa-e6e2-45a3-bf73-0b32f35190c3\" data-bs-parent=\"#accordion-i9PUm1SAuAIPWb4o\">\n<div class=\"accordion-body\">\n<div class=\"text\">Assolutamente, \u00e8 ci\u00f2 per cui siamo conosciuti. Lavoreremo con voi per creare uno spazio sanitario progettato per soddisfare le vostre esigenze specifiche, dalla gestione del flusso di pazienti, misure di efficienza, fino all&#039;aspetto esteriore.<\/div>\n<\/div>\n<\/div>\n<\/div>\n<div class=\"wp-block-vanguard-concertina-item accordion-item\">\n<h2 class=\"accordion-header\" id=\"heading-e9236659-7d7f-430c-b93c-bb3da24afa3e\">\n<div class=\"title\">Fornite soluzioni per il personale clinico?<\/div>\n<p><span class=\"indicator\"><\/span><\/h2>\n<div id=\"collapse-e9236659-7d7f-430c-b93c-bb3da24afa3e\" class=\"accordion-collapse collapse\" aria-labelledby=\"heading-e9236659-7d7f-430c-b93c-bb3da24afa3e\" data-bs-parent=\"#accordion-i9PUm1SAuAIPWb4o\">\n<div class=\"accordion-body\">\n<div class=\"text\">S\u00ec, la fornitura di personale clinico spesso fa parte dei nostri contratti. Abbiamo un forte team di professionisti registrati e non registrati che non solo forniscono un eccellente servizio clinico per i nostri clienti e i loro pazienti, ma hanno anche una solida conoscenza di ci\u00f2 che serve per lavorare in una struttura temporanea.<\/p>\n<p>I ruoli tipici possono includere operatori di teatro, endoscopia e guida (tutti registrati NMC\/HCPC), operatori del reparto operativo esperti in procedure diagnostiche e terapeutiche, operatori della decontaminazione e facilitatori di unit\u00e0.<\/p>\n<p><a href=\"\/it_it\/service\/our-clinicians\/\" data-type=\"service\" data-id=\"188\">Scopri di pi\u00f9 su come possiamo aiutarti con il personale clinico per il tuo spazio sanitario.<\/a><\/div>\n<\/div>\n<\/div>\n<\/div>\n<div class=\"wp-block-vanguard-concertina-item accordion-item\">\n<h2 class=\"accordion-header\" id=\"heading-b2903f31-9b7b-4f6b-8001-9561a50b590e\">\n<div class=\"title\">Come posso saperne di pi\u00f9 su come ottenere una sala operatoria in loco?<\/div>\n<p><span class=\"indicator\"><\/span><\/h2>\n<div id=\"collapse-b2903f31-9b7b-4f6b-8001-9561a50b590e\" class=\"accordion-collapse collapse\" aria-labelledby=\"heading-b2903f31-9b7b-4f6b-8001-9561a50b590e\" data-bs-parent=\"#accordion-i9PUm1SAuAIPWb4o\">\n<div class=\"accordion-body\">\n<div class=\"text\">Mettiti in contatto con il nostro team amichevole e ti guideranno attraverso i passaggi, probabilmente scoprirai che il processo \u00e8 pi\u00f9 semplice di quanto avevi immaginato. Possiamo togliere il duro lavoro per te e persino fornire a <a href=\"\/it_it\/service\/turnkey-solutions\/\" data-type=\"service\">soluzione chiavi in mano<\/a> se ti va meglio.<\/p>\n<p><strong><a href=\"\/it_it\/contact\/\" data-type=\"page\" data-id=\"117\">Mettiti in contatto<\/a><\/strong><\/div>\n<\/div>\n<\/div>\n<\/div>\n<div class=\"wp-block-vanguard-concertina-item accordion-item\">\n<h2 class=\"accordion-header\" id=\"heading-868c76d8-3257-4fcf-957d-67bf4859f5ec\">\n<div class=\"title\">Fornite strutture al di fuori del Regno Unito?<\/div>\n<p><span class=\"indicator\"><\/span><\/h2>\n<div id=\"collapse-868c76d8-3257-4fcf-957d-67bf4859f5ec\" class=\"accordion-collapse collapse\" aria-labelledby=\"heading-868c76d8-3257-4fcf-957d-67bf4859f5ec\" data-bs-parent=\"#accordion-i9PUm1SAuAIPWb4o\">\n<div class=\"accordion-body\">\n<div class=\"text\">S\u00ec, operiamo a livello internazionale con il marchio Q-bital Healthcare Solutions. Abbiamo esperienza nella fornitura di strutture in Australia, Nuova Zelanda, Benelux, Francia, Irlanda e Paesi nordici. Il nostro amichevole team internazionale pu\u00f2 dirti di pi\u00f9 o visitare <a href=\"http:\/\/www.q-bital.com\" data-type=\"URL\" data-id=\"http:\/\/www.q-bital.com\">www.q-bital.com<\/a>.<\/div>\n<\/div>\n<\/div>\n<\/div>\n<div class=\"wp-block-vanguard-concertina-item accordion-item\">\n<h2 class=\"accordion-header\" id=\"heading-32b61ab8-f388-43b3-8c99-1399b90140cf\">\n<div class=\"title\">Come gestite il vostro impatto sull&#039;ambiente, in particolare con le vostre strutture pi\u00f9 grandi?<\/div>\n<p><span class=\"indicator\"><\/span><\/h2>\n<div id=\"collapse-32b61ab8-f388-43b3-8c99-1399b90140cf\" class=\"accordion-collapse collapse\" aria-labelledby=\"heading-32b61ab8-f388-43b3-8c99-1399b90140cf\" data-bs-parent=\"#accordion-i9PUm1SAuAIPWb4o\">\n<div class=\"accordion-body\">\n<div class=\"text\">Come gestite il vostro impatto sull&#039;ambiente, in particolare con le vostre strutture pi\u00f9 grandi?<br \/>In qualit\u00e0 di fornitore del NHS, condividiamo la visione delineata nel NHS Green Plan. Le nostre soluzioni sono progettate, costruite e consegnate con grande cura e considerazione per l&#039;ambiente, riducendo le emissioni di carbonio in ogni fase del nostro processo produttivo. Cerchiamo costantemente modi per ridurre al minimo l&#039;impatto del modo in cui utilizziamo le risorse, con particolare attenzione a garantire il nostro contributo all&#039;agenda globale sul cambiamento climatico.<\/p>\n<p>Il nostro obiettivo \u00e8 raggiungere l&#039;azzeramento netto delle emissioni di carbonio per le emissioni scope 1 e 2 entro la fine del 2023 e per lo scope 3 entro il 2035; abbiamo un solido piano di riduzione del carbonio in atto per aiutarci a raggiungere questo obiettivo. Siamo orgogliosi dei nostri progressi nel viaggio verso il carbonio netto zero, <a href=\"\/it_it\/carbon-reduction-plan\/\" data-type=\"page\" data-id=\"705\">dai un&#039;occhiata pi\u00f9 da vicino qui...<\/a> <\/p>\n<p>Di recente abbiamo collaborato con <a href=\"\/it_it\/vanguard-healthcare-solutions-joins-forces-with-klimate-on-carbon-removal-project-and-takes-next-step-in-its-net-zero-journey\/\" data-type=\"post\" data-id=\"429\">Clima<\/a> per creare una strategia di rimozione del carbonio per aiutarci a raggiungere le nostre ambizioni net zero. L&#039;innovativo portafoglio di progetti di rimozione del carbonio comprende progetti come la cattura diretta dell&#039;aria, lo stoccaggio in profondit\u00e0 di bio-petrolio, le alghe oceaniche e la piantagione di alberi riparatori. Tutti sono verificati in modo indipendente per garantirne l&#039;integrit\u00e0.<\/div>\n<\/div>\n<\/div>\n<\/div>\n<div class=\"wp-block-vanguard-concertina-item accordion-item\">\n<h2 class=\"accordion-header\" id=\"heading-7562bf47-5278-48e0-b4d4-61a2e1dac74f\">\n<div class=\"title\">Lavori con i partner?<\/div>\n<p><span class=\"indicator\"><\/span><\/h2>\n<div id=\"collapse-7562bf47-5278-48e0-b4d4-61a2e1dac74f\" class=\"accordion-collapse collapse\" aria-labelledby=\"heading-7562bf47-5278-48e0-b4d4-61a2e1dac74f\" data-bs-parent=\"#accordion-i9PUm1SAuAIPWb4o\">\n<div class=\"accordion-body\">\n<div class=\"text\">S\u00ec, siamo sempre disposti a indagare <a href=\"\/it_it\/partner-programme\/\" data-type=\"page\" data-id=\"316\">opportunit\u00e0 di collaborazione<\/a> e stanno attualmente lavorando con produttori di apparecchiature, architetti, operatori edili e di servizi clinici.<\/div>\n<\/div>\n<\/div>\n<\/div>\n<div class=\"wp-block-vanguard-concertina-item accordion-item\">\n<h2 class=\"accordion-header\" id=\"heading-75f6aefa-698c-4048-889a-715d11804108\">\n<div class=\"title\">Vanguard \u00e8 approvato ed elencato in tutti i framework ospedalieri?<\/div>\n<p><span class=\"indicator\"><\/span><\/h2>\n<div id=\"collapse-75f6aefa-698c-4048-889a-715d11804108\" class=\"accordion-collapse collapse\" aria-labelledby=\"heading-75f6aefa-698c-4048-889a-715d11804108\" data-bs-parent=\"#accordion-i9PUm1SAuAIPWb4o\">\n<div class=\"accordion-body\">\n<div class=\"text\">Molti dei nostri clienti utilizzano a <a href=\"\/it_it\/procurement\/\" data-type=\"page\" data-id=\"455\">accordo quadro per l&#039;appalto<\/a> una nuova struttura; siamo approvati ed elencati in tutti i principali quadri ospedalieri. Ci sono vantaggi associati a ciascuno dei framework, quindi \u00e8 bene esplorare ci\u00f2 che possono offrirti.<\/p>\n<p><strong><a href=\"\/it_it\/contact\/\" data-type=\"page\" data-id=\"117\">Mettiti in contatto<\/a><\/strong><\/div>\n<\/div>\n<\/div>\n<\/div>\n<div class=\"wp-block-vanguard-concertina-item accordion-item\">\n<h2 class=\"accordion-header\" id=\"heading-fa666c52-3c78-40f9-895c-adcd67fb5d8b\">\n<div class=\"title\">\u00c8 disponibile una soluzione completa chiavi in mano?<\/div>\n<p><span class=\"indicator\"><\/span><\/h2>\n<div id=\"collapse-fa666c52-3c78-40f9-895c-adcd67fb5d8b\" class=\"accordion-collapse collapse\" aria-labelledby=\"heading-fa666c52-3c78-40f9-895c-adcd67fb5d8b\" data-bs-parent=\"#accordion-i9PUm1SAuAIPWb4o\">\n<div class=\"accordion-body\">\n<div class=\"text\">Assolutamente, possiamo occuparci dell&#039;intero processo e fornire a <a href=\"\/it_it\/service\/turnkey-solutions\/\" data-type=\"service\" data-id=\"185\">soluzione chiavi in mano<\/a>. Questo servizio include la gestione completa del processo di progettazione (inclusa l&#039;approvazione del business case), la produzione interna, l&#039;installazione in loco e la messa in servizio del progetto. Abbiamo una vasta esperienza nell&#039;approvvigionamento e nella consegna di tutti i lavori del sito attraverso il nostro team di progettazione sanitaria specializzato.<\/div>\n<\/div>\n<\/div>\n<\/div>\n<\/div>\n<\/div>\n<\/section>\n<\/div>","protected":false},"excerpt":{"rendered":"","protected":false},"author":2,"featured_media":0,"parent":0,"menu_order":0,"comment_status":"closed","ping_status":"closed","template":"","meta":{"_acf_changed":false,"footnotes":""},"class_list":["post-693","page","type-page","status-publish","format-standard","hentry"],"acf":[],"yoast_head":"<!-- This site is optimized with the Yoast SEO plugin v27.4 - https:\/\/yoast.com\/product\/yoast-seo-wordpress\/ -->\n<title>FAQs - Vanguard Healthcare Solutions<\/title>\n<meta name=\"robots\" content=\"index, follow, max-snippet:-1, max-image-preview:large, max-video-preview:-1\" \/>\n<link rel=\"canonical\" href=\"https:\/\/www.vanguardhealthcare.co.uk\/it_it\/faqs\/\" \/>\n<meta property=\"og:locale\" content=\"it_IT\" \/>\n<meta property=\"og:type\" content=\"article\" \/>\n<meta property=\"og:title\" content=\"FAQs - Vanguard Healthcare Solutions\" \/>\n<meta property=\"og:url\" content=\"https:\/\/www.vanguardhealthcare.co.uk\/it_it\/faqs\/\" \/>\n<meta property=\"og:site_name\" content=\"Vanguard Healthcare Solutions\" \/>\n<meta property=\"article:modified_time\" content=\"2023-09-19T13:35:31+00:00\" \/>\n<meta name=\"twitter:card\" content=\"summary_large_image\" \/>\n<meta name=\"twitter:label1\" content=\"Tempo di lettura stimato\" \/>\n\t<meta name=\"twitter:data1\" content=\"6 minuti\" \/>\n<script type=\"application\/ld+json\" class=\"yoast-schema-graph\">{\"@context\":\"https:\\\/\\\/schema.org\",\"@graph\":[{\"@type\":\"WebPage\",\"@id\":\"https:\\\/\\\/www.vanguardhealthcare.co.uk\\\/faqs\\\/\",\"url\":\"https:\\\/\\\/www.vanguardhealthcare.co.uk\\\/faqs\\\/\",\"name\":\"FAQs - Vanguard Healthcare Solutions\",\"isPartOf\":{\"@id\":\"https:\\\/\\\/www.vanguardhealthcare.co.uk\\\/#website\"},\"datePublished\":\"2023-07-19T15:41:55+00:00\",\"dateModified\":\"2023-09-19T13:35:31+00:00\",\"breadcrumb\":{\"@id\":\"https:\\\/\\\/www.vanguardhealthcare.co.uk\\\/faqs\\\/#breadcrumb\"},\"inLanguage\":\"it-IT\",\"potentialAction\":[{\"@type\":\"ReadAction\",\"target\":[\"https:\\\/\\\/www.vanguardhealthcare.co.uk\\\/faqs\\\/\"]}]},{\"@type\":\"BreadcrumbList\",\"@id\":\"https:\\\/\\\/www.vanguardhealthcare.co.uk\\\/faqs\\\/#breadcrumb\",\"itemListElement\":[{\"@type\":\"ListItem\",\"position\":1,\"name\":\"Home\",\"item\":\"https:\\\/\\\/www.vanguardhealthcare.co.uk\\\/\"},{\"@type\":\"ListItem\",\"position\":2,\"name\":\"FAQs\"}]},{\"@type\":\"WebSite\",\"@id\":\"https:\\\/\\\/www.vanguardhealthcare.co.uk\\\/#website\",\"url\":\"https:\\\/\\\/www.vanguardhealthcare.co.uk\\\/\",\"name\":\"Vanguard Healthcare Solutions\",\"description\":\"\",\"potentialAction\":[{\"@type\":\"SearchAction\",\"target\":{\"@type\":\"EntryPoint\",\"urlTemplate\":\"https:\\\/\\\/www.vanguardhealthcare.co.uk\\\/?s={search_term_string}\"},\"query-input\":{\"@type\":\"PropertyValueSpecification\",\"valueRequired\":true,\"valueName\":\"search_term_string\"}}],\"inLanguage\":\"it-IT\"}]}<\/script>\n<!-- \/ Yoast SEO plugin. -->","yoast_head_json":{"title":"Domande frequenti - Soluzioni sanitarie Vanguard","robots":{"index":"index","follow":"follow","max-snippet":"max-snippet:-1","max-image-preview":"max-image-preview:large","max-video-preview":"max-video-preview:-1"},"canonical":"https:\/\/www.vanguardhealthcare.co.uk\/it_it\/faqs\/","og_locale":"it_IT","og_type":"article","og_title":"FAQs - Vanguard Healthcare Solutions","og_url":"https:\/\/www.vanguardhealthcare.co.uk\/it_it\/faqs\/","og_site_name":"Vanguard Healthcare Solutions","article_modified_time":"2023-09-19T13:35:31+00:00","twitter_card":"summary_large_image","twitter_misc":{"Tempo di lettura stimato":"6 minuti"},"schema":{"@context":"https:\/\/schema.org","@graph":[{"@type":"WebPage","@id":"https:\/\/www.vanguardhealthcare.co.uk\/faqs\/","url":"https:\/\/www.vanguardhealthcare.co.uk\/faqs\/","name":"Domande frequenti - Soluzioni sanitarie Vanguard","isPartOf":{"@id":"https:\/\/www.vanguardhealthcare.co.uk\/#website"},"datePublished":"2023-07-19T15:41:55+00:00","dateModified":"2023-09-19T13:35:31+00:00","breadcrumb":{"@id":"https:\/\/www.vanguardhealthcare.co.uk\/faqs\/#breadcrumb"},"inLanguage":"it-IT","potentialAction":[{"@type":"ReadAction","target":["https:\/\/www.vanguardhealthcare.co.uk\/faqs\/"]}]},{"@type":"BreadcrumbList","@id":"https:\/\/www.vanguardhealthcare.co.uk\/faqs\/#breadcrumb","itemListElement":[{"@type":"ListItem","position":1,"name":"Home","item":"https:\/\/www.vanguardhealthcare.co.uk\/"},{"@type":"ListItem","position":2,"name":"FAQs"}]},{"@type":"WebSite","@id":"https:\/\/www.vanguardhealthcare.co.uk\/#website","url":"https:\/\/www.vanguardhealthcare.co.uk\/","name":"Soluzioni sanitarie Vanguard","description":"","potentialAction":[{"@type":"SearchAction","target":{"@type":"EntryPoint","urlTemplate":"https:\/\/www.vanguardhealthcare.co.uk\/?s={search_term_string}"},"query-input":{"@type":"PropertyValueSpecification","valueRequired":true,"valueName":"search_term_string"}}],"inLanguage":"it-IT"}]}},"_links":{"self":[{"href":"https:\/\/www.vanguardhealthcare.co.uk\/it_it\/wp-json\/wp\/v2\/pages\/693","targetHints":{"allow":["GET"]}}],"collection":[{"href":"https:\/\/www.vanguardhealthcare.co.uk\/it_it\/wp-json\/wp\/v2\/pages"}],"about":[{"href":"https:\/\/www.vanguardhealthcare.co.uk\/it_it\/wp-json\/wp\/v2\/types\/page"}],"author":[{"embeddable":true,"href":"https:\/\/www.vanguardhealthcare.co.uk\/it_it\/wp-json\/wp\/v2\/users\/2"}],"replies":[{"embeddable":true,"href":"https:\/\/www.vanguardhealthcare.co.uk\/it_it\/wp-json\/wp\/v2\/comments?post=693"}],"version-history":[{"count":0,"href":"https:\/\/www.vanguardhealthcare.co.uk\/it_it\/wp-json\/wp\/v2\/pages\/693\/revisions"}],"wp:attachment":[{"href":"https:\/\/www.vanguardhealthcare.co.uk\/it_it\/wp-json\/wp\/v2\/media?parent=693"}],"curies":[{"name":"wp","href":"https:\/\/api.w.org\/{rel}","templated":true}]}}