{"id":674,"date":"2023-07-19T14:17:08","date_gmt":"2023-07-19T14:17:08","guid":{"rendered":"https:\/\/www.vanguardhealthcare.co.uk\/?page_id=674"},"modified":"2026-03-27T16:46:36","modified_gmt":"2026-03-27T16:46:36","slug":"heritage","status":"publish","type":"page","link":"https:\/\/www.vanguardhealthcare.co.uk\/it_it\/heritage\/","title":{"rendered":"Eredit\u00e0"},"content":{"rendered":"<section id=\"section-2-59\" class=\"ct-section\" style=\"background-image:url(https:\/\/www.vanguardhealthcare.co.uk\/wp-content\/uploads\/2023\/05\/boulders-right.png);background-size: auto;\" >\n<div class=\"ct-section-inner-wrap\">\n<div id=\"div_block-8-59\" class=\"ct-div-block\" ><a id=\"link_text-6-59\" class=\"ct-link-text\" href=\"\/it_it\/\" target=\"_self\"  >Casa<\/a><\/p>\n<h1 id=\"headline-3-59\" class=\"ct-headline\"><span id=\"span-4-59\" class=\"ct-span\" >Eredit\u00e0<\/span><\/h1>\n<\/div>\n<\/div>\n<\/section>\n<section id=\"section-68-14-text-left-white\" class=\"ct-section\" >\n<div class=\"ct-section-inner-wrap\">\n<div id=\"new_columns-69-14text-left-white\" class=\"ct-new-columns\" >\n<div id=\"div_block-70-14\" class=\"ct-div-block\" >\n<h2 id=\"headline-71-14\" class=\"ct-headline\">Creazione di soluzioni innovative per gli operatori sanitari da oltre due decenni<\/h2>\n<div id=\"_rich_text-72-14\" class=\"oxy-rich-text\" >\n<p dir=\"ltr\">Da quando Vanguard Healthcare Solutions \u00e8 stata fondata nel 1999, la nostra reputazione di fornitore leader a livello mondiale di infrastrutture e servizi clinici flessibili \u00e8 cresciuta costantemente. Siamo orgogliosi di lavorare in collaborazione con NHS Trusts e organizzazioni di settore indipendenti in tutto il Regno Unito: oltre 50% di fornitori di ospedali pubblici del Regno Unito hanno ora utilizzato uno dei nostri spazi sanitari. I nostri clienti si affidano a noi per fornire soluzioni di alta qualit\u00e0 e tecnicamente avanzate per migliorare rapidamente i risultati sanitari e si rivolgono a noi pi\u00f9 e pi\u00f9 volte quando le esigenze cambiano.&nbsp;<\/p>\n<p dir=\"ltr\">Il 2018 ha visto il lancio ufficiale di Q-bital Healthcare Solutions, la divisione internazionale di Vanguard Healthcare Solutions. L&#039;espansione dell&#039;azienda \u00e8 continuata senza sosta sia nel Regno Unito che a livello internazionale e continua a fornire nuove soluzioni innovative. Ora operiamo a livello internazionale nei Paesi Bassi, Svezia, Australia e Francia e continuiamo a guardare a nuovi mercati in cui espanderci, fornendo supporto ovunque sia necessario. Per ulteriori informazioni sulle nostre operazioni internazionali, visitare il sito <a href=\"https:\/\/www.q-bital.com\" target=\"_blank\" rel=\"noopener\">www.q-bital.com<\/a>.<\/p>\n<p dir=\"ltr\">Nel 2023, Vanguard Healthcare Solutions ha annunciato l&#039;acquisizione di uno stabilimento di produzione appositamente costruito a Hull. Questo investimento consente capacit\u00e0 aggiuntiva alle nostre capacit\u00e0 di produzione di spazi modulari temporanei e permanenti. Questa iniziativa offrir\u00e0 maggiori possibilit\u00e0 per soddisfare con successo le esigenze di investimento nelle infrastrutture del settore sanitario.<\/p>\n<p dir=\"ltr\">Nel 2026, Vanguard Healthcare Solutions si \u00e8 espansa nel settore delle scienze della vita con il lancio di&nbsp;<a href=\"http:\/\/www.vanguardlifesciences.co.uk\">Vanguard Scienze della vita<\/a>. Basandosi sulla sua consolidata esperienza nella fornitura di strutture sanitarie modulari, questa nuova divisione si concentra sulla fornitura di ambienti avanzati di camere bianche e di contenimento per organizzazioni farmaceutiche, biotecnologiche e di ricerca. Realizzato in collaborazione con il partner specializzato&nbsp;<a href=\"https:\/\/www.enbloc-cleanrooms.com\/\">Enbloc<\/a>,&nbsp;<a href=\"\/wp-admin\/vanguardlifescience\">Vanguard Scienze della vita<\/a>&nbsp;estende le capacit\u00e0 dell&#039;azienda ad ambienti altamente regolamentati, supportando i clienti con soluzioni infrastrutturali flessibili e conformi.<\/p>\n<p dir=\"ltr\">&nbsp;<\/p>\n<\/div>\n<\/div>\n<div id=\"div_block-74-14\" class=\"ct-div-block\" ><img decoding=\"async\"  id=\"image-75-14\" alt=\"\" src=\"https:\/\/www.vanguardhealthcare.co.uk\/wp-content\/uploads\/2025\/03\/PHOTOSHOPPED-VERSION-EXTERNAL-scaled.jpg\" class=\"ct-image\"\/><\/div>\n<\/div>\n<\/div>\n<\/section>\n<section id=\"section-132-34\" class=\"ct-section\" >\n<div class=\"ct-section-inner-wrap\">\n<div id=\"new_columns-133-34\" class=\"ct-new-columns\" >\n<div id=\"div_block-138-34\" class=\"ct-div-block\" ><img decoding=\"async\"  id=\"image-139-34\" alt=\"\" src=\"https:\/\/www.vanguardhealthcare.co.uk\/wp-content\/uploads\/2025\/10\/NUFFIELD-TEES-USE-THIS-BETTER-FORMAT.jpg\" class=\"ct-image\"\/><\/div>\n<div id=\"div_block-134-34\" class=\"ct-div-block\" >\n<h2 id=\"headline-135-34\" class=\"ct-headline\">Ogni dettaglio \u00e8 considerato per far funzionare i nostri spazi sanitari per i nostri clienti<\/h2>\n<div id=\"_rich_text-136-34\" class=\"oxy-rich-text\" >\n<p dir=\"ltr\">Collaboriamo con i nostri clienti per fornire soluzioni sanitarie sostenibili e di alta qualit\u00e0, con spazi sanitari mobili e modulari su misura che soddisfano le esigenze specifiche di ciascun sistema sanitario. Le nostre strutture possono essere personalizzate con una vasta gamma di scelte tra cui sale operatorie, centri chirurgici, centri diagnostici comunitari (CDC), suite di endoscopia, strutture di decontaminazione e sterilizzazione, reparti, cliniche e unit\u00e0 per lesioni minori (MIU). I nostri prodotti, servizi e opzioni di personale clinico possono essere combinati per offrire infinite possibilit\u00e0; ogni nuovo progetto \u00e8 un&#039;opportunit\u00e0 per creare uno Spazio Sanitario assolutamente unico.<\/p>\n<p dir=\"ltr\">La nostra reputazione \u00e8 stata formata dalla nostra capacit\u00e0 di supportare gli ospedali con strutture di capacit\u00e0 aggiuntiva che potrebbero essere consegnate in pochi giorni. Tuttavia, offriamo ai nostri clienti molto di pi\u00f9, con infinite possibilit\u00e0 per i nostri partner di fiducia di espandere i confini della loro offerta sanitaria.&nbsp;<\/p>\n<p dir=\"ltr\">La nostra esperienza si basa sulla creazione di solide relazioni con i nostri clienti e sullo sviluppo di modi per migliorare l&#039;infrastruttura esistente del patrimonio sanitario. La nostra ambizione principale \u00e8 quella di partecipare allo sviluppo delle soluzioni di infrastruttura sanitaria pi\u00f9 flessibili al mondo. Oltre a fornire spazi sanitari per assistere con un&#039;elevata domanda di pazienti e lunghe liste di attesa, possiamo aiutarti a superare le sfide operative come una ristrutturazione e offrire una risposta di emergenza in caso di incendio, allagamento o guasto del teatro.&nbsp;<\/p>\n<p dir=\"ltr\">Un team dedicato di esperti assiste nella gestione del progetto, della progettazione, dell&#039;implementazione e dell&#039;erogazione del servizio clinico di ciascuna struttura, dal concepimento iniziale fino alla rimozione dal sito. Ogni fase del progetto \u00e8 supportata da un team clinico di professionisti del reparto operativo, assistenti sanitari e infermieri registrati che sono disponibili a fornire ulteriore personale alle strutture quando richiesto.<\/p>\n<\/div>\n<\/div>\n<\/div>\n<\/div>\n<\/section>\n<section id=\"section-2-202\" class=\"ct-section\" >\n<div class=\"ct-section-inner-wrap\">\n<div id=\"div_block-3-202\" class=\"ct-div-block\" >\n<h2 id=\"headline-4-202\" class=\"ct-headline\">Oltre 350.000 procedure e conteggi...<\/h2>\n<div id=\"_rich_text-5-202\" class=\"oxy-rich-text\" >\n<p dir=\"ltr\">Ad oggi, nelle nostre strutture mobili con personale medico sono state condotte oltre 350.000 procedure.<\/p>\n<p dir=\"ltr\">In qualit\u00e0 di fornitore di servizi clinici di livello mondiale, siamo orgogliosi che i nostri spazi sanitari siano adatti per 75% di tutti i tipi di procedure cliniche eseguite in un importante ospedale per malattie acute, dalle protesi d&#039;anca alla chirurgia della cataratta, dalle procedure di endoscopia alla chirurgia plastica.<\/p>\n<p dir=\"ltr\">Molte delle nostre strutture sono utilizzate e gestite dall&#039;ospedale. Per i contratti in cui un facilitatore dell&#039;unit\u00e0 Vanguard \u00e8 in loco, l&#039;azienda monitora e registra un contatore di procedure in corso per consentire il miglioramento continuo e fornire prova della sua ricchezza di esperienza.<\/p>\n<\/div>\n<div id=\"div_block-6-202\" class=\"ct-div-block\" ><img decoding=\"async\"  id=\"image-7-202\" alt=\"\" src=\"https:\/\/www.vanguardhealthcare.co.uk\/wp-content\/uploads\/2023\/07\/proceedures-infographic.png\" class=\"ct-image\"\/><\/div>\n<\/div>\n<\/div>\n<\/section>\n<section id=\"section-144-59\" class=\"ct-section\" >\n<div class=\"ct-section-inner-wrap\">\n<div id=\"new_columns-145-59\" class=\"ct-new-columns\" >\n<div id=\"div_block-146-59\" class=\"ct-div-block\" >\n<div id=\"_rich_text-9-63\" class=\"oxy-rich-text\" >\n<p>Trovare una soluzione che funzioni per il tuo ospedale inizia qui...<\/p>\n<\/div>\n<p><a id=\"link_button-149-59\" class=\"ct-link-button\" href=\"\/it_it\/contact\/\" target=\"_self\"  >Mettiti in contatto<\/a><\/div>\n<div id=\"div_block-150-59\" class=\"ct-div-block\" ><img decoding=\"async\"  id=\"image-151-59\" alt=\"\" src=\"https:\/\/www.vanguardhealthcare.co.uk\/wp-content\/uploads\/2023\/06\/kettering-2-1.jpg\" class=\"ct-image\"\/><\/div>\n<\/div>\n<\/div>\n<\/section>","protected":false},"excerpt":{"rendered":"","protected":false},"author":2,"featured_media":0,"parent":0,"menu_order":0,"comment_status":"closed","ping_status":"closed","template":"","meta":{"_acf_changed":false,"footnotes":""},"class_list":["post-674","page","type-page","status-publish","format-standard","hentry"],"acf":[],"yoast_head":"<!-- This site is optimized with the Yoast SEO plugin v27.3 - https:\/\/yoast.com\/product\/yoast-seo-wordpress\/ -->\n<title>Heritage - Vanguard Healthcare Solutions<\/title>\n<meta name=\"robots\" content=\"index, follow, max-snippet:-1, max-image-preview:large, max-video-preview:-1\" \/>\n<link rel=\"canonical\" href=\"https:\/\/www.vanguardhealthcare.co.uk\/it_it\/heritage\/\" \/>\n<meta property=\"og:locale\" content=\"it_IT\" \/>\n<meta property=\"og:type\" content=\"article\" \/>\n<meta property=\"og:title\" content=\"Heritage - Vanguard Healthcare Solutions\" \/>\n<meta property=\"og:url\" content=\"https:\/\/www.vanguardhealthcare.co.uk\/it_it\/heritage\/\" \/>\n<meta property=\"og:site_name\" content=\"Vanguard Healthcare Solutions\" \/>\n<meta property=\"article:modified_time\" content=\"2026-03-27T16:46:36+00:00\" \/>\n<meta name=\"twitter:card\" content=\"summary_large_image\" \/>\n<meta name=\"twitter:label1\" content=\"Tempo di lettura stimato\" \/>\n\t<meta name=\"twitter:data1\" content=\"1 minuto\" \/>\n<script type=\"application\/ld+json\" class=\"yoast-schema-graph\">{\"@context\":\"https:\\\/\\\/schema.org\",\"@graph\":[{\"@type\":\"WebPage\",\"@id\":\"https:\\\/\\\/www.vanguardhealthcare.co.uk\\\/heritage\\\/\",\"url\":\"https:\\\/\\\/www.vanguardhealthcare.co.uk\\\/heritage\\\/\",\"name\":\"Heritage - Vanguard Healthcare Solutions\",\"isPartOf\":{\"@id\":\"https:\\\/\\\/www.vanguardhealthcare.co.uk\\\/#website\"},\"datePublished\":\"2023-07-19T14:17:08+00:00\",\"dateModified\":\"2026-03-27T16:46:36+00:00\",\"breadcrumb\":{\"@id\":\"https:\\\/\\\/www.vanguardhealthcare.co.uk\\\/heritage\\\/#breadcrumb\"},\"inLanguage\":\"it-IT\",\"potentialAction\":[{\"@type\":\"ReadAction\",\"target\":[\"https:\\\/\\\/www.vanguardhealthcare.co.uk\\\/heritage\\\/\"]}]},{\"@type\":\"BreadcrumbList\",\"@id\":\"https:\\\/\\\/www.vanguardhealthcare.co.uk\\\/heritage\\\/#breadcrumb\",\"itemListElement\":[{\"@type\":\"ListItem\",\"position\":1,\"name\":\"Home\",\"item\":\"https:\\\/\\\/www.vanguardhealthcare.co.uk\\\/\"},{\"@type\":\"ListItem\",\"position\":2,\"name\":\"Heritage\"}]},{\"@type\":\"WebSite\",\"@id\":\"https:\\\/\\\/www.vanguardhealthcare.co.uk\\\/#website\",\"url\":\"https:\\\/\\\/www.vanguardhealthcare.co.uk\\\/\",\"name\":\"Vanguard Healthcare Solutions\",\"description\":\"\",\"potentialAction\":[{\"@type\":\"SearchAction\",\"target\":{\"@type\":\"EntryPoint\",\"urlTemplate\":\"https:\\\/\\\/www.vanguardhealthcare.co.uk\\\/?s={search_term_string}\"},\"query-input\":{\"@type\":\"PropertyValueSpecification\",\"valueRequired\":true,\"valueName\":\"search_term_string\"}}],\"inLanguage\":\"it-IT\"}]}<\/script>\n<!-- \/ Yoast SEO plugin. -->","yoast_head_json":{"title":"Heritage - Soluzioni sanitarie Vanguard","robots":{"index":"index","follow":"follow","max-snippet":"max-snippet:-1","max-image-preview":"max-image-preview:large","max-video-preview":"max-video-preview:-1"},"canonical":"https:\/\/www.vanguardhealthcare.co.uk\/it_it\/heritage\/","og_locale":"it_IT","og_type":"article","og_title":"Heritage - Vanguard Healthcare Solutions","og_url":"https:\/\/www.vanguardhealthcare.co.uk\/it_it\/heritage\/","og_site_name":"Vanguard Healthcare Solutions","article_modified_time":"2026-03-27T16:46:36+00:00","twitter_card":"summary_large_image","twitter_misc":{"Tempo di lettura stimato":"1 minuto"},"schema":{"@context":"https:\/\/schema.org","@graph":[{"@type":"WebPage","@id":"https:\/\/www.vanguardhealthcare.co.uk\/heritage\/","url":"https:\/\/www.vanguardhealthcare.co.uk\/heritage\/","name":"Heritage - Soluzioni sanitarie Vanguard","isPartOf":{"@id":"https:\/\/www.vanguardhealthcare.co.uk\/#website"},"datePublished":"2023-07-19T14:17:08+00:00","dateModified":"2026-03-27T16:46:36+00:00","breadcrumb":{"@id":"https:\/\/www.vanguardhealthcare.co.uk\/heritage\/#breadcrumb"},"inLanguage":"it-IT","potentialAction":[{"@type":"ReadAction","target":["https:\/\/www.vanguardhealthcare.co.uk\/heritage\/"]}]},{"@type":"BreadcrumbList","@id":"https:\/\/www.vanguardhealthcare.co.uk\/heritage\/#breadcrumb","itemListElement":[{"@type":"ListItem","position":1,"name":"Home","item":"https:\/\/www.vanguardhealthcare.co.uk\/"},{"@type":"ListItem","position":2,"name":"Heritage"}]},{"@type":"WebSite","@id":"https:\/\/www.vanguardhealthcare.co.uk\/#website","url":"https:\/\/www.vanguardhealthcare.co.uk\/","name":"Soluzioni sanitarie Vanguard","description":"","potentialAction":[{"@type":"SearchAction","target":{"@type":"EntryPoint","urlTemplate":"https:\/\/www.vanguardhealthcare.co.uk\/?s={search_term_string}"},"query-input":{"@type":"PropertyValueSpecification","valueRequired":true,"valueName":"search_term_string"}}],"inLanguage":"it-IT"}]}},"_links":{"self":[{"href":"https:\/\/www.vanguardhealthcare.co.uk\/it_it\/wp-json\/wp\/v2\/pages\/674","targetHints":{"allow":["GET"]}}],"collection":[{"href":"https:\/\/www.vanguardhealthcare.co.uk\/it_it\/wp-json\/wp\/v2\/pages"}],"about":[{"href":"https:\/\/www.vanguardhealthcare.co.uk\/it_it\/wp-json\/wp\/v2\/types\/page"}],"author":[{"embeddable":true,"href":"https:\/\/www.vanguardhealthcare.co.uk\/it_it\/wp-json\/wp\/v2\/users\/2"}],"replies":[{"embeddable":true,"href":"https:\/\/www.vanguardhealthcare.co.uk\/it_it\/wp-json\/wp\/v2\/comments?post=674"}],"version-history":[{"count":0,"href":"https:\/\/www.vanguardhealthcare.co.uk\/it_it\/wp-json\/wp\/v2\/pages\/674\/revisions"}],"wp:attachment":[{"href":"https:\/\/www.vanguardhealthcare.co.uk\/it_it\/wp-json\/wp\/v2\/media?parent=674"}],"curies":[{"name":"wp","href":"https:\/\/api.w.org\/{rel}","templated":true}]}}