{"id":8357,"date":"2026-03-03T12:30:31","date_gmt":"2026-03-03T12:30:31","guid":{"rendered":"https:\/\/www.vanguardhealthcare.co.uk\/?page_id=8357"},"modified":"2026-03-03T12:30:32","modified_gmt":"2026-03-03T12:30:32","slug":"working-in-partnership-with-portland-clinical","status":"publish","type":"page","link":"https:\/\/www.vanguardhealthcare.co.uk\/is_is\/working-in-partnership-with-portland-clinical\/","title":{"rendered":"\u00cd samstarfi vi\u00f0 Portland Clinical"},"content":{"rendered":"<section id=\"section-2-59\" class=\"ct-section\" style=\"background-image:url(https:\/\/www.vanguardhealthcare.co.uk\/wp-content\/uploads\/2023\/05\/boulders-right.png);background-size: auto;\" >\n<div class=\"ct-section-inner-wrap\">\n<div id=\"div_block-8-59\" class=\"ct-div-block\" ><a id=\"link_text-6-59\" class=\"ct-link-text\" href=\"\/is_is\/\" target=\"_self\"  >Heim<\/a><\/p>\n<h1 id=\"headline-3-59\" class=\"ct-headline\"><span id=\"span-4-59\" class=\"ct-span\" >\u00cd samstarfi vi\u00f0 Portland Clinical<\/span><\/h1>\n<\/div>\n<\/div>\n<\/section>\n<section id=\"section-68-14-text-left-white\" class=\"ct-section\" >\n<div class=\"ct-section-inner-wrap\">\n<div id=\"new_columns-69-14text-left-white\" class=\"ct-new-columns\" >\n<div id=\"div_block-70-14\" class=\"ct-div-block\" >\n<h2 id=\"headline-71-14\" class=\"ct-headline\"><\/h2>\n<div id=\"_rich_text-72-14\" class=\"oxy-rich-text\" >\n<p data-start=\"50\" data-end=\"432\">Vanguard Healthcare Solutions er stolt af \u00fev\u00ed a\u00f0 vinna me\u00f0 Portland Clinical, heilbrig\u00f0is\u00fej\u00f3nustua\u00f0ila sem er skr\u00e1\u00f0ur hj\u00e1 CQC og veitir kl\u00edn\u00edska innheimtu og samf\u00e9lags\u00fej\u00f3nustu um allt Bretland. Saman sty\u00f0jum vi\u00f0 NHS-tr\u00faarstofnanir og sam\u00fe\u00e6ttar um\u00f6nnunarkerfi til a\u00f0 auka afkastagetu, stytta bi\u00f0lista og vernda markmi\u00f0 um bata eftir valkv\u00e6\u00f0ar me\u00f0fer\u00f0ir me\u00f0 \u00f6ruggri, h\u00e1g\u00e6\u00f0a og sj\u00faklingami\u00f0a\u00f0ri um\u00f6nnun.<\/p>\n<p class=\"MsoNormal\">&nbsp;<\/p>\n<p data-start=\"434\" data-end=\"858\">\u00deetta samstarf sameinar styrkleika sem b\u00e6ta vi\u00f0 sig. Portland Clinical b\u00fd\u00f0ur upp \u00e1 r\u00e1\u00f0gjafast\u00fdrt starfsf\u00f3lk, vel \u00feekkt stj\u00f3rnunarkerfi og s\u00e9r\u00feekkingu \u00e1 me\u00f0fer\u00f0arferli. Vanguard Healthcare Solutions b\u00fd\u00f0ur upp \u00e1 h\u00e1g\u00e6\u00f0a einingaa\u00f0st\u00f6\u00f0u, f\u00e6ranlegar stofur og fullb\u00fain kl\u00edn\u00edskt umhverfi. Saman bj\u00f3\u00f0um vi\u00f0 upp \u00e1 sam\u00fe\u00e6ttar, heildst\u00e6\u00f0ar lausnir sem eru hanna\u00f0ar til a\u00f0 breg\u00f0ast hratt og skilvirkt vi\u00f0 \u00fer\u00fdstingi \u00e1 kerfin.<\/p>\n<\/div>\n<\/div>\n<div id=\"div_block-74-14\" class=\"ct-div-block\" ><img decoding=\"async\"  id=\"image-75-14\" alt=\"\" src=\"https:\/\/www.vanguardhealthcare.co.uk\/wp-content\/uploads\/2024\/08\/Vanguard-team.jpg\" class=\"ct-image\"\/><\/div>\n<\/div>\n<\/div>\n<\/section>\n<section id=\"section-132-34\" class=\"ct-section\" >\n<div class=\"ct-section-inner-wrap\">\n<div id=\"new_columns-133-34\" class=\"ct-new-columns\" >\n<div id=\"div_block-138-34\" class=\"ct-div-block\" ><img decoding=\"async\"  id=\"image-139-34\" alt=\"\" src=\"https:\/\/www.vanguardhealthcare.co.uk\/wp-content\/uploads\/2025\/12\/Nurse-Base.jpg\" class=\"ct-image\"\/><\/div>\n<div id=\"div_block-134-34\" class=\"ct-div-block\" >\n<h2 id=\"headline-135-34\" class=\"ct-headline\">\u00dea\u00f0 sem vi\u00f0 skilum saman<\/h2>\n<div id=\"_rich_text-136-34\" class=\"oxy-rich-text\" >\n<h3 data-start=\"889\" data-end=\"912\">Kl\u00edn\u00edsk innvistun<\/h3>\n<p data-start=\"914\" data-end=\"1053\">\u00cd samstarfi vi\u00f0 okkur bj\u00f3\u00f0um vi\u00f0 upp \u00e1 skipulag\u00f0ar, \u00e1hrifar\u00edkar innheimtua\u00f0fer\u00f0ir sem sty\u00f0ja vi\u00f0 bata eftir valkv\u00e6\u00f0ar me\u00f0fer\u00f0ir og b\u00e6tta frammist\u00f6\u00f0u, \u00fear \u00e1 me\u00f0al:<\/p>\n<ul data-start=\"1055\" data-end=\"1315\">\n<li data-start=\"1055\" data-end=\"1108\">\n<p data-start=\"1057\" data-end=\"1108\">Skur\u00f0a\u00f0ger\u00f0arlei\u00f0ir og lei\u00f0ir \u00e1n skur\u00f0a\u00f0ger\u00f0a undir forystu r\u00e1\u00f0gjafa<\/p>\n<\/li>\n<li data-start=\"1109\" data-end=\"1161\">\n<p data-start=\"1111\" data-end=\"1161\">\u00c1\u00e6tlanir um endurheimt valkv\u00e6\u00f0ra verkefna \u00ed miklu magni<\/p>\n<\/li>\n<li data-start=\"1162\" data-end=\"1207\">\n<p data-start=\"1164\" data-end=\"1207\">Rekstrarl\u00edk\u00f6n um helgar og framlengdan dag<\/p>\n<\/li>\n<li data-start=\"1208\" data-end=\"1260\">\n<p data-start=\"1210\" data-end=\"1260\">RTT endurheimt og stu\u00f0ningur vi\u00f0 afk\u00f6stab\u00e6tingu<\/p>\n<\/li>\n<li data-start=\"1261\" data-end=\"1315\">\n<p data-start=\"1263\" data-end=\"1315\">Fullt eftirlit me\u00f0 stj\u00f3rnarh\u00e1ttum \u00ed samr\u00e6mi vi\u00f0 CQC sta\u00f0la<\/p>\n<\/li>\n<\/ul>\n<p class=\"MsoNormal\">&nbsp;<\/p>\n<p data-start=\"1317\" data-end=\"1465\">Me\u00f0 \u00fev\u00ed a\u00f0 samr\u00e6ma kl\u00edn\u00edska \u00fej\u00f3nustu vi\u00f0 trausta rekstrar\u00e1\u00e6tlanager\u00f0 og h\u00e1g\u00e6\u00f0a a\u00f0st\u00f6\u00f0u hj\u00e1lpum vi\u00f0 sj\u00f3\u00f0um a\u00f0 auka virkni \u00e1 \u00f6ruggan og sj\u00e1lfb\u00e6ran h\u00e1tt.<\/p>\n<\/div>\n<\/div>\n<\/div>\n<\/div>\n<\/section>\n<section id=\"section-68-14-text-left-white\" class=\"ct-section\" >\n<div class=\"ct-section-inner-wrap\">\n<div id=\"new_columns-69-14text-left-white\" class=\"ct-new-columns\" >\n<div id=\"div_block-70-14\" class=\"ct-div-block\" >\n<h2 id=\"headline-71-14\" class=\"ct-headline\">Sam\u00fe\u00e6tting eininga og f\u00e6ranlegra a\u00f0st\u00f6\u00f0u<\/h2>\n<div id=\"_rich_text-72-14\" class=\"oxy-rich-text\" >\n<p data-start=\"1512\" data-end=\"1718\">S\u00e9r\u00feekking Vanguard \u00e1 innvi\u00f0um fyrir hra\u00f0virka uppsetningu, \u00e1samt forystu Portland Clinical \u00ed kl\u00edn\u00edskri starfsemi, gerir kleift a\u00f0 bj\u00f3\u00f0a upp \u00e1 heildst\u00e6tt og starfh\u00e6ft skur\u00f0stofuumhverfi. Sameiginlegt tilbo\u00f0 okkar felur \u00ed s\u00e9r:<\/p>\n<ul data-start=\"1720\" data-end=\"1991\">\n<li data-start=\"1720\" data-end=\"1772\">\n<p data-start=\"1722\" data-end=\"1772\">Hra\u00f0virk dreifing skur\u00f0stofa og deilda<\/p>\n<\/li>\n<li data-start=\"1773\" data-end=\"1830\">\n<p data-start=\"1775\" data-end=\"1830\">Sj\u00e1lfst\u00e6\u00f0ar skur\u00f0stofumi\u00f0st\u00f6\u00f0var til a\u00f0 vernda valkv\u00e6\u00f0a getu<\/p>\n<\/li>\n<li data-start=\"1831\" data-end=\"1891\">\n<p data-start=\"1833\" data-end=\"1891\">Afkastageta vi\u00f0 endurb\u00e6tur e\u00f0a \u00fer\u00fdsting \u00e1 fasteignum<\/p>\n<\/li>\n<li data-start=\"1892\" data-end=\"1951\">\n<p data-start=\"1894\" data-end=\"1951\">St\u00fdr\u00f0ar \u00fej\u00f3nustul\u00edk\u00f6n sem sameina a\u00f0st\u00f6\u00f0u og starfsf\u00f3lk<\/p>\n<\/li>\n<li data-start=\"1952\" data-end=\"1991\">\n<p data-start=\"1954\" data-end=\"1991\">A\u00f0ger\u00f0avirkjun fr\u00e1 upphafi til enda<\/p>\n<\/li>\n<\/ul>\n<p class=\"MsoNormal\">&nbsp;<\/p>\n<p data-start=\"1993\" data-end=\"2126\">\u00deessi sam\u00fe\u00e6tta n\u00e1lgun gerir samstarfsa\u00f0ilum NHS kleift a\u00f0 f\u00e1 a\u00f0gang a\u00f0 b\u00e6\u00f0i l\u00edkamlegri afkastagetu og h\u00e6fum kl\u00edn\u00edskum teymum \u00ed einni samh\u00e6f\u00f0ri lausn.<\/p>\n<\/div>\n<\/div>\n<div id=\"div_block-74-14\" class=\"ct-div-block\" ><img decoding=\"async\"  id=\"image-75-14\" alt=\"\" src=\"https:\/\/www.vanguardhealthcare.co.uk\/wp-content\/uploads\/2025\/11\/DJI_20250619160710_0016_D-min.jpg\" class=\"ct-image\"\/><\/div>\n<\/div>\n<\/div>\n<\/section>\n<section id=\"section-132-34\" class=\"ct-section\" >\n<div class=\"ct-section-inner-wrap\">\n<div id=\"new_columns-133-34\" class=\"ct-new-columns\" >\n<div id=\"div_block-138-34\" class=\"ct-div-block\" ><img decoding=\"async\"  id=\"image-139-34\" alt=\"\" src=\"https:\/\/www.vanguardhealthcare.co.uk\/wp-content\/uploads\/2025\/12\/Exterior-front-1-scaled.jpg\" class=\"ct-image\"\/><\/div>\n<div id=\"div_block-134-34\" class=\"ct-div-block\" >\n<h2 id=\"headline-135-34\" class=\"ct-headline\">Samf\u00e9lags- og greiningar\u00fej\u00f3nusta<\/h2>\n<div id=\"_rich_text-136-34\" class=\"oxy-rich-text\" >\n<p data-start=\"2167\" data-end=\"2308\">Vi\u00f0 vinnum einnig saman a\u00f0 \u00fev\u00ed a\u00f0 styrkja samf\u00e9lagsmi\u00f0a\u00f0a og greiningar\u00fej\u00f3nustu og a\u00f0sto\u00f0um kerfin vi\u00f0 a\u00f0 stj\u00f3rna eftirspurn n\u00e6r heimilinu. \u00dej\u00f3nustan felur \u00ed s\u00e9r:<\/p>\n<ul data-start=\"2310\" data-end=\"2482\">\n<li data-start=\"2310\" data-end=\"2347\">\n<p data-start=\"2312\" data-end=\"2347\">G\u00f6ngudeildir og greiningardeildir<\/p>\n<\/li>\n<li data-start=\"2348\" data-end=\"2385\">\n<p data-start=\"2350\" data-end=\"2385\">Valfrj\u00e1lsar lei\u00f0ir \u00ed samf\u00e9laginu<\/p>\n<\/li>\n<li data-start=\"2386\" data-end=\"2424\">\n<p data-start=\"2388\" data-end=\"2424\">\u00dej\u00f3nusta vi\u00f0 ge\u00f0heilbrig\u00f0i og me\u00f0fer\u00f0<\/p>\n<\/li>\n<li data-start=\"2425\" data-end=\"2482\">\n<p data-start=\"2427\" data-end=\"2482\">Stafr\u00e6n sj\u00faklingaflokkun og stj\u00f3rnun ferla<\/p>\n<\/li>\n<\/ul>\n<p class=\"MsoNormal\">&nbsp;<\/p>\n<p data-start=\"2484\" data-end=\"2611\">Me\u00f0 \u00fev\u00ed a\u00f0 sameina innvi\u00f0i, vinnuafl og h\u00f6nnun me\u00f0fer\u00f0arferla sty\u00f0jum vi\u00f0 vi\u00f0 skilvirkari sj\u00faklingafl\u00e6\u00f0i og b\u00e6ttan a\u00f0gang a\u00f0 um\u00f6nnun.<\/p>\n<\/div>\n<\/div>\n<\/div>\n<\/div>\n<\/section>\n<section id=\"section-68-14-text-left-white\" class=\"ct-section\" >\n<div class=\"ct-section-inner-wrap\">\n<div id=\"new_columns-69-14text-left-white\" class=\"ct-new-columns\" >\n<div id=\"div_block-70-14\" class=\"ct-div-block\" >\n<h2 id=\"headline-71-14\" class=\"ct-headline\">Af hverju \u00feetta samstarf skiptir m\u00e1li<\/h2>\n<div id=\"_rich_text-72-14\" class=\"oxy-rich-text\" >\n<p data-start=\"2646\" data-end=\"2856\">Breska heilbrig\u00f0iskerfi\u00f0 (NHS) stendur enn frammi fyrir verulegum \u00e1skorunum hva\u00f0 var\u00f0ar afkastagetu \u00e1 skur\u00f0stofum, greiningardeildum og valkv\u00e6\u00f0um skur\u00f0deildum. Til a\u00f0 takast \u00e1 vi\u00f0 \u00feetta \u00e1lag \u00fearf lausnir sem eru stigst\u00e6r\u00f0ar, uppfylla kr\u00f6fur og eru rekstrarlega traustar.<\/p>\n<p data-start=\"2858\" data-end=\"2960\">\u00cd gegnum samstarf okkar vi\u00f0 Portland Clinical b\u00fd\u00f0ur Vanguard Healthcare Solutions upp \u00e1 kerfi me\u00f0:<\/p>\n<ul data-start=\"2962\" data-end=\"3204\">\n<li data-start=\"2962\" data-end=\"3026\">\n<p data-start=\"2964\" data-end=\"3026\">St\u00e6r\u00f0anleg vi\u00f0b\u00f3targeta \u00e1n langt\u00edma\u00e1lags \u00e1 fasteignum<\/p>\n<\/li>\n<li data-start=\"3027\" data-end=\"3073\">\n<p data-start=\"3029\" data-end=\"3073\">Hr\u00f6\u00f0 virkjun me\u00f0 \u00f6ruggri stj\u00f3rnarh\u00e6tti<\/p>\n<\/li>\n<li data-start=\"3074\" data-end=\"3107\">\n<p data-start=\"3076\" data-end=\"3107\">CQC-samr\u00e6md kl\u00edn\u00edsk afhending<\/p>\n<\/li>\n<li data-start=\"3108\" data-end=\"3159\">\n<p data-start=\"3110\" data-end=\"3159\">Sam\u00fe\u00e6tt sk\u00fdrsluger\u00f0 og \u00e1rangursstj\u00f3rnun<\/p>\n<\/li>\n<li data-start=\"3160\" data-end=\"3204\">\n<p data-start=\"3162\" data-end=\"3204\">Samvinnuleg, kerfismi\u00f0u\u00f0 n\u00e1lgun<\/p>\n<\/li>\n<\/ul>\n<p data-start=\"1512\" data-end=\"1718\">&nbsp;<\/p>\n<p data-start=\"3206\" data-end=\"3360\" data-is-last-node=\"\" data-is-only-node=\"\">Saman gerum vi\u00f0 stofnunum NHS kleift a\u00f0 auka \u00f6ryggisgetu s\u00edna hratt, vernda bata eftir valkv\u00e6\u00f0a skur\u00f0a\u00f0ger\u00f0 og veita sj\u00faklingum um allt Bretland t\u00edmanlega um\u00f6nnun.<\/p>\n<\/div>\n<\/div>\n<div id=\"div_block-74-14\" class=\"ct-div-block\" ><img decoding=\"async\"  id=\"image-75-14\" alt=\"\" src=\"https:\/\/www.vanguardhealthcare.co.uk\/wp-content\/uploads\/2023\/10\/Every-clinical-team-member-brings-their-expertise-and-experience-image-scaled.jpg\" class=\"ct-image\"\/><\/div>\n<\/div>\n<\/div>\n<\/section>\n<section id=\"section-144-59\" class=\"ct-section\" >\n<div class=\"ct-section-inner-wrap\">\n<div id=\"new_columns-145-59\" class=\"ct-new-columns\" >\n<div id=\"div_block-146-59\" class=\"ct-div-block\" >\n<div id=\"_rich_text-9-63\" class=\"oxy-rich-text\" >\n<p>A\u00f0 finna lausn sem virkar fyrir sj\u00fakrah\u00fasi\u00f0 \u00feitt byrjar h\u00e9r...<\/p>\n<\/div>\n<p><a id=\"link_button-149-59\" class=\"ct-link-button\" href=\"\/is_is\/contact\/\" target=\"_self\"  >Komast \u00ed samband<\/a><\/div>\n<div id=\"div_block-150-59\" class=\"ct-div-block\" ><img decoding=\"async\"  id=\"image-151-59\" alt=\"\" src=\"https:\/\/www.vanguardhealthcare.co.uk\/wp-content\/uploads\/2023\/06\/kettering-2-1.jpg\" class=\"ct-image\"\/><\/div>\n<\/div>\n<\/div>\n<\/section>","protected":false},"excerpt":{"rendered":"","protected":false},"author":11,"featured_media":0,"parent":0,"menu_order":0,"comment_status":"closed","ping_status":"closed","template":"","meta":{"_acf_changed":false,"footnotes":""},"class_list":["post-8357","page","type-page","status-publish","format-standard","hentry"],"acf":[],"yoast_head":"<!-- This site is optimized with the Yoast SEO plugin v27.4 - https:\/\/yoast.com\/product\/yoast-seo-wordpress\/ -->\n<title>Working in Partnership with Portland Clinical - Vanguard Healthcare Solutions<\/title>\n<meta name=\"robots\" content=\"index, follow, max-snippet:-1, max-image-preview:large, max-video-preview:-1\" \/>\n<link rel=\"canonical\" href=\"https:\/\/www.vanguardhealthcare.co.uk\/is_is\/working-in-partnership-with-portland-clinical\/\" \/>\n<meta property=\"og:locale\" content=\"is_IS\" \/>\n<meta property=\"og:type\" content=\"article\" \/>\n<meta property=\"og:title\" content=\"Working in Partnership with Portland Clinical - Vanguard Healthcare Solutions\" \/>\n<meta property=\"og:url\" content=\"https:\/\/www.vanguardhealthcare.co.uk\/is_is\/working-in-partnership-with-portland-clinical\/\" \/>\n<meta property=\"og:site_name\" content=\"Vanguard Healthcare Solutions\" \/>\n<meta property=\"article:modified_time\" content=\"2026-03-03T12:30:32+00:00\" \/>\n<meta name=\"twitter:card\" content=\"summary_large_image\" \/>\n<meta name=\"twitter:label1\" content=\"Est. reading time\" \/>\n\t<meta name=\"twitter:data1\" content=\"1 minute\" \/>\n<script type=\"application\/ld+json\" class=\"yoast-schema-graph\">{\"@context\":\"https:\\\/\\\/schema.org\",\"@graph\":[{\"@type\":\"WebPage\",\"@id\":\"https:\\\/\\\/www.vanguardhealthcare.co.uk\\\/working-in-partnership-with-portland-clinical\\\/\",\"url\":\"https:\\\/\\\/www.vanguardhealthcare.co.uk\\\/working-in-partnership-with-portland-clinical\\\/\",\"name\":\"Working in Partnership with Portland Clinical - Vanguard Healthcare Solutions\",\"isPartOf\":{\"@id\":\"https:\\\/\\\/www.vanguardhealthcare.co.uk\\\/#website\"},\"datePublished\":\"2026-03-03T12:30:31+00:00\",\"dateModified\":\"2026-03-03T12:30:32+00:00\",\"breadcrumb\":{\"@id\":\"https:\\\/\\\/www.vanguardhealthcare.co.uk\\\/working-in-partnership-with-portland-clinical\\\/#breadcrumb\"},\"inLanguage\":\"is\",\"potentialAction\":[{\"@type\":\"ReadAction\",\"target\":[\"https:\\\/\\\/www.vanguardhealthcare.co.uk\\\/working-in-partnership-with-portland-clinical\\\/\"]}]},{\"@type\":\"BreadcrumbList\",\"@id\":\"https:\\\/\\\/www.vanguardhealthcare.co.uk\\\/working-in-partnership-with-portland-clinical\\\/#breadcrumb\",\"itemListElement\":[{\"@type\":\"ListItem\",\"position\":1,\"name\":\"Home\",\"item\":\"https:\\\/\\\/www.vanguardhealthcare.co.uk\\\/\"},{\"@type\":\"ListItem\",\"position\":2,\"name\":\"Working in Partnership with Portland Clinical\"}]},{\"@type\":\"WebSite\",\"@id\":\"https:\\\/\\\/www.vanguardhealthcare.co.uk\\\/#website\",\"url\":\"https:\\\/\\\/www.vanguardhealthcare.co.uk\\\/\",\"name\":\"Vanguard Healthcare Solutions\",\"description\":\"\",\"potentialAction\":[{\"@type\":\"SearchAction\",\"target\":{\"@type\":\"EntryPoint\",\"urlTemplate\":\"https:\\\/\\\/www.vanguardhealthcare.co.uk\\\/?s={search_term_string}\"},\"query-input\":{\"@type\":\"PropertyValueSpecification\",\"valueRequired\":true,\"valueName\":\"search_term_string\"}}],\"inLanguage\":\"is\"}]}<\/script>\n<!-- \/ Yoast SEO plugin. -->","yoast_head_json":{"title":"\u00cd samstarfi vi\u00f0 Portland Clinical - Vanguard Healthcare Solutions","robots":{"index":"index","follow":"follow","max-snippet":"max-snippet:-1","max-image-preview":"max-image-preview:large","max-video-preview":"max-video-preview:-1"},"canonical":"https:\/\/www.vanguardhealthcare.co.uk\/is_is\/working-in-partnership-with-portland-clinical\/","og_locale":"is_IS","og_type":"article","og_title":"Working in Partnership with Portland Clinical - Vanguard Healthcare Solutions","og_url":"https:\/\/www.vanguardhealthcare.co.uk\/is_is\/working-in-partnership-with-portland-clinical\/","og_site_name":"Vanguard Healthcare Solutions","article_modified_time":"2026-03-03T12:30:32+00:00","twitter_card":"summary_large_image","twitter_misc":{"Est. reading time":"1 minute"},"schema":{"@context":"https:\/\/schema.org","@graph":[{"@type":"WebPage","@id":"https:\/\/www.vanguardhealthcare.co.uk\/working-in-partnership-with-portland-clinical\/","url":"https:\/\/www.vanguardhealthcare.co.uk\/working-in-partnership-with-portland-clinical\/","name":"\u00cd samstarfi vi\u00f0 Portland Clinical - Vanguard Healthcare Solutions","isPartOf":{"@id":"https:\/\/www.vanguardhealthcare.co.uk\/#website"},"datePublished":"2026-03-03T12:30:31+00:00","dateModified":"2026-03-03T12:30:32+00:00","breadcrumb":{"@id":"https:\/\/www.vanguardhealthcare.co.uk\/working-in-partnership-with-portland-clinical\/#breadcrumb"},"inLanguage":"is","potentialAction":[{"@type":"ReadAction","target":["https:\/\/www.vanguardhealthcare.co.uk\/working-in-partnership-with-portland-clinical\/"]}]},{"@type":"BreadcrumbList","@id":"https:\/\/www.vanguardhealthcare.co.uk\/working-in-partnership-with-portland-clinical\/#breadcrumb","itemListElement":[{"@type":"ListItem","position":1,"name":"Home","item":"https:\/\/www.vanguardhealthcare.co.uk\/"},{"@type":"ListItem","position":2,"name":"Working in Partnership with Portland Clinical"}]},{"@type":"WebSite","@id":"https:\/\/www.vanguardhealthcare.co.uk\/#website","url":"https:\/\/www.vanguardhealthcare.co.uk\/","name":"Vanguard Healthcare Solutions","description":"","potentialAction":[{"@type":"SearchAction","target":{"@type":"EntryPoint","urlTemplate":"https:\/\/www.vanguardhealthcare.co.uk\/?s={search_term_string}"},"query-input":{"@type":"PropertyValueSpecification","valueRequired":true,"valueName":"search_term_string"}}],"inLanguage":"is"}]}},"_links":{"self":[{"href":"https:\/\/www.vanguardhealthcare.co.uk\/is_is\/wp-json\/wp\/v2\/pages\/8357","targetHints":{"allow":["GET"]}}],"collection":[{"href":"https:\/\/www.vanguardhealthcare.co.uk\/is_is\/wp-json\/wp\/v2\/pages"}],"about":[{"href":"https:\/\/www.vanguardhealthcare.co.uk\/is_is\/wp-json\/wp\/v2\/types\/page"}],"author":[{"embeddable":true,"href":"https:\/\/www.vanguardhealthcare.co.uk\/is_is\/wp-json\/wp\/v2\/users\/11"}],"replies":[{"embeddable":true,"href":"https:\/\/www.vanguardhealthcare.co.uk\/is_is\/wp-json\/wp\/v2\/comments?post=8357"}],"version-history":[{"count":0,"href":"https:\/\/www.vanguardhealthcare.co.uk\/is_is\/wp-json\/wp\/v2\/pages\/8357\/revisions"}],"wp:attachment":[{"href":"https:\/\/www.vanguardhealthcare.co.uk\/is_is\/wp-json\/wp\/v2\/media?parent=8357"}],"curies":[{"name":"wp","href":"https:\/\/api.w.org\/{rel}","templated":true}]}}