{"id":7861,"date":"2025-03-06T16:20:47","date_gmt":"2025-03-06T16:20:47","guid":{"rendered":"https:\/\/www.vanguardhealthcare.co.uk\/?page_id=7861"},"modified":"2025-04-01T11:52:39","modified_gmt":"2025-04-01T11:52:39","slug":"flexible-finance-solutions","status":"publish","type":"page","link":"https:\/\/www.vanguardhealthcare.co.uk\/is_is\/flexible-finance-solutions\/","title":{"rendered":"Sveigjanlegar fj\u00e1rm\u00e1lalausnir"},"content":{"rendered":"<section id=\"section-2-59\" class=\"ct-section\" style=\"background-image:url(https:\/\/www.vanguardhealthcare.co.uk\/wp-content\/uploads\/2023\/05\/boulders-right.png);background-size: auto;\" >\n<div class=\"ct-section-inner-wrap\">\n<div id=\"div_block-8-59\" class=\"ct-div-block\" ><a id=\"link_text-6-59\" class=\"ct-link-text\" href=\"\/is_is\/\" target=\"_self\"  >Heim<\/a><\/p>\n<h1 id=\"headline-3-59\" class=\"ct-headline\"><span id=\"span-4-59\" class=\"ct-span\" >Sveigjanlegar fj\u00e1rm\u00e1lalausnir<\/span><\/h1>\n<\/div>\n<\/div>\n<\/section>\n<section id=\"section-68-14-text-left-white\" class=\"ct-section\" >\n<div class=\"ct-section-inner-wrap\">\n<div id=\"new_columns-69-14text-left-white\" class=\"ct-new-columns\" >\n<div id=\"div_block-70-14\" class=\"ct-div-block\" >\n<h2 id=\"headline-71-14\" class=\"ct-headline\">Facility Flex - Snj\u00f6ll n\u00e1lgun til a\u00f0 draga \u00far IFRS16 og CDEL \u00e1skorunum<\/h2>\n<div id=\"_rich_text-72-14\" class=\"oxy-rich-text\" >\n<h3 class=\"MsoNormal\"><strong><span lang=\"EN-GB\">Velkomin \u00ed Facility Flex<\/span><\/strong><\/h3>\n<p class=\"MsoNormal\"><span lang=\"EN-GB\">Hj\u00e1 Vanguard Healthcare Solutions skiljum vi\u00f0 kraftmiklar \u00fearfir heilbrig\u00f0isstarfsmanna. Okkar&nbsp;<strong>A\u00f0sta\u00f0a Flex<\/strong> l\u00edkani\u00f0 b\u00fd\u00f0ur upp \u00e1 byltingarkennda n\u00e1lgun \u00e1 innvi\u00f0i heilsug\u00e6slunnar, sem b\u00fd\u00f0ur upp \u00e1 sveigjanlegar, borgunarlausnir sem tryggja tafarlausan a\u00f0gang a\u00f0 h\u00e1g\u00e6\u00f0a kl\u00edn\u00edsku umhverfi.<\/span><\/p>\n<p class=\"MsoNormal\"><span lang=\"EN-GB\">S\u00e6ktu uppl\u00fdsandi b\u00e6kling okkar,&nbsp;<a href=\"\/is_is\/resource\/facility-flex-a-smart-approach-to-mitigating-ifrs16-and-cdel-challenges\/\">h\u00e9r.<\/a><\/span><\/p>\n<\/div>\n<\/div>\n<div id=\"div_block-74-14\" class=\"ct-div-block\" ><img decoding=\"async\"  id=\"image-75-14\" alt=\"\" src=\"https:\/\/www.vanguardhealthcare.co.uk\/wp-content\/uploads\/2025\/02\/Vanguard-Ribbon-Cutting-Drone-Photography-2-1024x768.jpg\" class=\"ct-image\"\/><\/div>\n<\/div>\n<\/div>\n<\/section>\n<section id=\"section-132-34\" class=\"ct-section\" >\n<div class=\"ct-section-inner-wrap\">\n<div id=\"new_columns-133-34\" class=\"ct-new-columns\" >\n<div id=\"div_block-138-34\" class=\"ct-div-block\" ><img decoding=\"async\"  id=\"image-139-34\" alt=\"\" src=\"https:\/\/www.vanguardhealthcare.co.uk\/wp-content\/uploads\/2025\/01\/IMG_5643-1024x768.jpeg\" class=\"ct-image\"\/><\/div>\n<div id=\"div_block-134-34\" class=\"ct-div-block\" >\n<h2 id=\"headline-135-34\" class=\"ct-headline\">Af hverju a\u00f0 velja Facility Flex?<\/h2>\n<div id=\"_rich_text-136-34\" class=\"oxy-rich-text\" >\n<p class=\"MsoNormal\"><strong><span lang=\"EN-GB\">A\u00f0sta\u00f0a Flex<\/span><\/strong><span lang=\"EN-GB\">&nbsp;er hanna\u00f0 til a\u00f0 m\u00e6ta vaxandi eftirspurn eftir heilbrig\u00f0is\u00fej\u00f3nustu \u00e1n \u00feess a\u00f0 \u00fe\u00f6rf s\u00e9 \u00e1 verulegum fj\u00e1rfestingum. Tekjumi\u00f0a\u00f0 l\u00edkan okkar gerir heilbrig\u00f0is\u00fej\u00f3nustua\u00f0ilum kleift a\u00f0 n\u00fdta tekju\u00e1\u00e6tlun og var\u00f0veita fj\u00e1rmagn sitt fyrir a\u00f0rar mikilv\u00e6gar fj\u00e1rfestingar. \u00deessi fj\u00e1rhagslegi sveigjanleiki er s\u00e9rstaklega gagnlegur fyrir NHS Trusts, \u00fear sem hann tryggir engin \u00e1hrif \u00e1 CEDL-\u00feak.<\/span><\/p>\n<p class=\"MsoNormal\"><strong><span lang=\"EN-GB\">Helstu eiginleikar og kostir<\/span><\/strong><\/p>\n<ul style=\"margin-top: 0cm\" type=\"disc\">\n<li class=\"MsoNormal\"><strong><span lang=\"EN-GB\">Engin fj\u00e1rmagns\u00fatgj\u00f6ld<\/span><\/strong><span lang=\"EN-GB\">: \u00datborgunarl\u00edkan okkar \u00fatilokar \u00fe\u00f6rfina \u00e1 miklum fj\u00e1rmagnskostna\u00f0i, sem gerir \u00fe\u00e9r kleift a\u00f0 var\u00f0veita fj\u00e1rmagn.<\/span><\/li>\n<li class=\"MsoNormal\"><strong><span lang=\"EN-GB\">Hr\u00f6\u00f0 dreifing<\/span><\/strong><span lang=\"EN-GB\">: Vi\u00f0 veitum tafarlausan a\u00f0gang a\u00f0 fullum flota af losanlegum og m\u00e1tb\u00fana\u00f0i, sem tryggir a\u00f0 \u00fe\u00fa getir tekist \u00e1 vi\u00f0 \u00e1skoranir um getu.<\/span><\/li>\n<li class=\"MsoNormal\"><strong><span lang=\"EN-GB\">H\u00e1g\u00e6\u00f0a innvi\u00f0ir<\/span><\/strong><span lang=\"EN-GB\">: A\u00f0sta\u00f0a okkar er h\u00f6nnu\u00f0 af kl\u00edn\u00edskum s\u00e9rfr\u00e6\u00f0ingum og b\u00fain n\u00fdjustu t\u00e6kjum, sem tryggir bestu um\u00f6nnun sj\u00faklinga.<\/span><\/li>\n<li class=\"MsoNormal\"><strong><span lang=\"EN-GB\">Fj\u00e1rhagslegur sveigjanleiki<\/span><\/strong><span lang=\"EN-GB\">: Me\u00f0 \u00fev\u00ed a\u00f0 n\u00fdta tekju\u00e1\u00e6tlanir getur\u00f0u fj\u00e1rfest \u00ed nau\u00f0synlegum innvi\u00f0um \u00e1n \u00feess a\u00f0 hafa \u00e1hrif \u00e1 fj\u00e1rmagns\u00fatgj\u00f6ld \u00fe\u00edn.<\/span><\/li>\n<li class=\"MsoNormal\"><strong><span lang=\"EN-GB\">Aukin upplifun sj\u00faklinga<\/span><\/strong><span lang=\"EN-GB\">: Tilb\u00fai\u00f0 til notkunar kl\u00edn\u00edskt umhverfi okkar hj\u00e1lpar til vi\u00f0 a\u00f0 b\u00e6ta \u00e1rangur sj\u00faklinga og draga \u00far bi\u00f0t\u00edma.<\/span><\/li>\n<\/ul>\n<\/div>\n<\/div>\n<\/div>\n<\/div>\n<\/section>\n<section id=\"section-68-14-text-left-white\" class=\"ct-section\" >\n<div class=\"ct-section-inner-wrap\">\n<div id=\"new_columns-69-14text-left-white\" class=\"ct-new-columns\" >\n<div id=\"div_block-70-14\" class=\"ct-div-block\" >\n<h2 id=\"headline-71-14\" class=\"ct-headline\">Alhli\u00f0a stu\u00f0ningur<\/h2>\n<div id=\"_rich_text-72-14\" class=\"oxy-rich-text\" >\n<p class=\"MsoNormal\"><strong><span lang=\"EN-GB\">Alhli\u00f0a stu\u00f0ningur<\/span><\/strong><\/p>\n<p class=\"MsoNormal\"><span lang=\"EN-GB\">Vi\u00f0 vinnum n\u00e1i\u00f0 me\u00f0 NHS Trusts til a\u00f0 skilja einstakar kr\u00f6fur \u00feeirra og helstu fj\u00e1rhagslega drifkrafta. S\u00e9rsni\u00f0nar lausnir okkar eru hanna\u00f0ar til a\u00f0 tryggja j\u00e1kv\u00e6\u00f0ar ni\u00f0urst\u00f6\u00f0ur og vi\u00f0 veitum alhli\u00f0a stu\u00f0ning \u00ed gegnum ferli\u00f0:<\/span><\/p>\n<ul style=\"margin-top: 0cm\" type=\"disc\">\n<li class=\"MsoNormal\">\n<p><strong><span lang=\"EN-GB\">Stu\u00f0ningur vi\u00f0 hagkv\u00e6mni<\/span><\/strong><span lang=\"EN-GB\">: Vinna vi\u00f0 hli\u00f0 \u00fe\u00e9r til a\u00f0 sannreyna hagkv\u00e6mni Facility Flex lausnarinnar fyrir einstaklings\u00fearfir \u00fe\u00ednar.<\/span><\/p>\n<\/li>\n<li class=\"MsoNormal\">\n<p><strong><span lang=\"EN-GB\">Alhli\u00f0a umr\u00e6\u00f0ur<\/span><\/strong><span lang=\"EN-GB\">: A\u00f0 \u00fer\u00f3a sameiginlega sp\u00e1\u00f0 notkun og hanna sveigjanlegar fj\u00e1rm\u00e1lalausnir sem henta \u00fe\u00e9r best.<\/span><\/p>\n<\/li>\n<li class=\"MsoNormal\">\n<p><strong><span lang=\"EN-GB\">Sam\u00feykkisa\u00f0sto\u00f0<\/span><\/strong><span lang=\"EN-GB\">: Stu\u00f0ningur vi\u00f0 \u00fer\u00f3un vi\u00f0skiptatilvika<\/span><\/p>\n<\/li>\n<li class=\"MsoNormal\">\n<p><strong><span lang=\"EN-GB\">T\u00edmab\u00e6r afhending<\/span><\/strong><span lang=\"EN-GB\">: Afhending fr\u00e1 strax f\u00e1anlegum afskipan- og einingaflota okkar<\/span><\/p>\n<\/li>\n<\/ul>\n<\/div>\n<\/div>\n<div id=\"div_block-74-14\" class=\"ct-div-block\" ><img decoding=\"async\"  id=\"image-75-14\" alt=\"\" src=\"https:\/\/www.vanguardhealthcare.co.uk\/wp-content\/uploads\/2024\/07\/IMG_6401-1024x768.jpeg\" class=\"ct-image\"\/><\/div>\n<\/div>\n<\/div>\n<\/section>\n<section id=\"section-132-34\" class=\"ct-section\" >\n<div class=\"ct-section-inner-wrap\">\n<div id=\"new_columns-133-34\" class=\"ct-new-columns\" >\n<div id=\"div_block-138-34\" class=\"ct-div-block\" ><img decoding=\"async\"  id=\"image-139-34\" alt=\"\" src=\"https:\/\/www.vanguardhealthcare.co.uk\/wp-content\/uploads\/2024\/04\/Heartlands-Exterior-3-1024x683.jpg\" class=\"ct-image\"\/><\/div>\n<div id=\"div_block-134-34\" class=\"ct-div-block\" >\n<h2 id=\"headline-135-34\" class=\"ct-headline\">A\u00f0 n\u00e1 markmi\u00f0um umb\u00f3ta\u00e1\u00e6tlunar valkv\u00e6\u00f0a<\/h2>\n<div id=\"_rich_text-136-34\" class=\"oxy-rich-text\" >\n<p class=\"MsoNormal\"><span lang=\"EN-GB\">Facility Flex er \u00f3a\u00f0skiljanlegur \u00ed stu\u00f0ningi vi\u00f0 valr\u00e6na umb\u00f3ta\u00e1\u00e6tlun NHS, sem mi\u00f0ar a\u00f0 \u00fev\u00ed a\u00f0 draga \u00far bi\u00f0t\u00edma og b\u00e6ta um\u00f6nnun sj\u00faklinga. Me\u00f0 \u00fev\u00ed a\u00f0 \u00fatvega vi\u00f0b\u00f3tar kl\u00edn\u00edska getu \u00e1 grei\u00f0slugrundvelli hj\u00e1lpar Facility Flex NHS Trusts a\u00f0 uppfylla markmi\u00f0 \u00e1\u00e6tlunarinnar og tryggja t\u00edmanlega og skilvirka me\u00f0fer\u00f0 fyrir sj\u00faklinga.<\/span><\/p>\n<p class=\"MsoNormal\"><strong><span lang=\"EN-GB\">Skuldbinding okkar<\/span><\/strong><\/p>\n<p class=\"MsoNormal\"><span lang=\"EN-GB\">Vi\u00f0 hj\u00e1 Vanguard Healthcare Solutions erum sta\u00f0r\u00e1\u00f0in \u00ed a\u00f0 bj\u00f3\u00f0a upp \u00e1 sveigjanlegan, h\u00e1g\u00e6\u00f0a heilbrig\u00f0isinnvi\u00f0i sem uppfyllir \u00f6flugar \u00fearfir heilbrig\u00f0isstarfsmanna. Fr\u00f3\u00f0legt, h\u00e6ft og h\u00e6ft teymi okkar kemur me\u00f0 mikla reynslu og dj\u00fapan skilning \u00e1 \u00fe\u00f6rfum vi\u00f0skiptavina, sem tryggir a\u00f0 vi\u00f0 bj\u00f3\u00f0um upp \u00e1 h\u00e1g\u00e6\u00f0a lausnir \u00ed greininni.<\/span><\/p>\n<\/div>\n<\/div>\n<\/div>\n<\/div>\n<\/section>\n<section id=\"section-144-59\" class=\"ct-section\" >\n<div class=\"ct-section-inner-wrap\">\n<div id=\"new_columns-145-59\" class=\"ct-new-columns\" >\n<div id=\"div_block-146-59\" class=\"ct-div-block\" >\n<div id=\"_rich_text-9-63\" class=\"oxy-rich-text\" >\n<p>A\u00f0 finna lausn sem virkar fyrir sj\u00fakrah\u00fasi\u00f0 \u00feitt byrjar h\u00e9r...<\/p>\n<\/div>\n<p><a id=\"link_button-149-59\" class=\"ct-link-button\" href=\"\/is_is\/contact\/\" target=\"_self\"  >Komast \u00ed samband<\/a><\/div>\n<div id=\"div_block-150-59\" class=\"ct-div-block\" ><img decoding=\"async\"  id=\"image-151-59\" alt=\"\" src=\"https:\/\/www.vanguardhealthcare.co.uk\/wp-content\/uploads\/2023\/06\/kettering-2-1.jpg\" class=\"ct-image\"\/><\/div>\n<\/div>\n<\/div>\n<\/section>","protected":false},"excerpt":{"rendered":"","protected":false},"author":11,"featured_media":0,"parent":0,"menu_order":0,"comment_status":"closed","ping_status":"closed","template":"","meta":{"_acf_changed":false,"footnotes":""},"class_list":["post-7861","page","type-page","status-publish","format-standard","hentry"],"acf":[],"yoast_head":"<!-- This site is optimized with the Yoast SEO plugin v27.5 - https:\/\/yoast.com\/product\/yoast-seo-wordpress\/ -->\n<title>Flexible Finance Solutions - Vanguard Healthcare Solutions<\/title>\n<meta name=\"robots\" content=\"index, follow, max-snippet:-1, max-image-preview:large, max-video-preview:-1\" \/>\n<link rel=\"canonical\" href=\"https:\/\/www.vanguardhealthcare.co.uk\/is_is\/flexible-finance-solutions\/\" \/>\n<meta property=\"og:locale\" content=\"is_IS\" \/>\n<meta property=\"og:type\" content=\"article\" \/>\n<meta property=\"og:title\" content=\"Flexible Finance Solutions - Vanguard Healthcare Solutions\" \/>\n<meta property=\"og:url\" content=\"https:\/\/www.vanguardhealthcare.co.uk\/is_is\/flexible-finance-solutions\/\" \/>\n<meta property=\"og:site_name\" content=\"Vanguard Healthcare Solutions\" \/>\n<meta property=\"article:modified_time\" content=\"2025-04-01T11:52:39+00:00\" \/>\n<meta name=\"twitter:card\" content=\"summary_large_image\" \/>\n<meta name=\"twitter:label1\" content=\"Est. reading time\" \/>\n\t<meta name=\"twitter:data1\" content=\"1 minute\" \/>\n<script type=\"application\/ld+json\" class=\"yoast-schema-graph\">{\"@context\":\"https:\\\/\\\/schema.org\",\"@graph\":[{\"@type\":\"WebPage\",\"@id\":\"https:\\\/\\\/www.vanguardhealthcare.co.uk\\\/flexible-finance-solutions\\\/\",\"url\":\"https:\\\/\\\/www.vanguardhealthcare.co.uk\\\/flexible-finance-solutions\\\/\",\"name\":\"Flexible Finance Solutions - Vanguard Healthcare Solutions\",\"isPartOf\":{\"@id\":\"https:\\\/\\\/www.vanguardhealthcare.co.uk\\\/#website\"},\"datePublished\":\"2025-03-06T16:20:47+00:00\",\"dateModified\":\"2025-04-01T11:52:39+00:00\",\"breadcrumb\":{\"@id\":\"https:\\\/\\\/www.vanguardhealthcare.co.uk\\\/flexible-finance-solutions\\\/#breadcrumb\"},\"inLanguage\":\"is\",\"potentialAction\":[{\"@type\":\"ReadAction\",\"target\":[\"https:\\\/\\\/www.vanguardhealthcare.co.uk\\\/flexible-finance-solutions\\\/\"]}]},{\"@type\":\"BreadcrumbList\",\"@id\":\"https:\\\/\\\/www.vanguardhealthcare.co.uk\\\/flexible-finance-solutions\\\/#breadcrumb\",\"itemListElement\":[{\"@type\":\"ListItem\",\"position\":1,\"name\":\"Home\",\"item\":\"https:\\\/\\\/www.vanguardhealthcare.co.uk\\\/\"},{\"@type\":\"ListItem\",\"position\":2,\"name\":\"Flexible Finance Solutions\"}]},{\"@type\":\"WebSite\",\"@id\":\"https:\\\/\\\/www.vanguardhealthcare.co.uk\\\/#website\",\"url\":\"https:\\\/\\\/www.vanguardhealthcare.co.uk\\\/\",\"name\":\"Vanguard Healthcare Solutions\",\"description\":\"\",\"potentialAction\":[{\"@type\":\"SearchAction\",\"target\":{\"@type\":\"EntryPoint\",\"urlTemplate\":\"https:\\\/\\\/www.vanguardhealthcare.co.uk\\\/?s={search_term_string}\"},\"query-input\":{\"@type\":\"PropertyValueSpecification\",\"valueRequired\":true,\"valueName\":\"search_term_string\"}}],\"inLanguage\":\"is\"}]}<\/script>\n<!-- \/ Yoast SEO plugin. -->","yoast_head_json":{"title":"Sveigjanlegar fj\u00e1rm\u00f6gnunarlausnir - Vanguard Heilbrig\u00f0islausnir","robots":{"index":"index","follow":"follow","max-snippet":"max-snippet:-1","max-image-preview":"max-image-preview:large","max-video-preview":"max-video-preview:-1"},"canonical":"https:\/\/www.vanguardhealthcare.co.uk\/is_is\/flexible-finance-solutions\/","og_locale":"is_IS","og_type":"article","og_title":"Flexible Finance Solutions - Vanguard Healthcare Solutions","og_url":"https:\/\/www.vanguardhealthcare.co.uk\/is_is\/flexible-finance-solutions\/","og_site_name":"Vanguard Healthcare Solutions","article_modified_time":"2025-04-01T11:52:39+00:00","twitter_card":"summary_large_image","twitter_misc":{"Est. reading time":"1 minute"},"schema":{"@context":"https:\/\/schema.org","@graph":[{"@type":"WebPage","@id":"https:\/\/www.vanguardhealthcare.co.uk\/flexible-finance-solutions\/","url":"https:\/\/www.vanguardhealthcare.co.uk\/flexible-finance-solutions\/","name":"Sveigjanlegar fj\u00e1rm\u00f6gnunarlausnir - Vanguard Heilbrig\u00f0islausnir","isPartOf":{"@id":"https:\/\/www.vanguardhealthcare.co.uk\/#website"},"datePublished":"2025-03-06T16:20:47+00:00","dateModified":"2025-04-01T11:52:39+00:00","breadcrumb":{"@id":"https:\/\/www.vanguardhealthcare.co.uk\/flexible-finance-solutions\/#breadcrumb"},"inLanguage":"is","potentialAction":[{"@type":"ReadAction","target":["https:\/\/www.vanguardhealthcare.co.uk\/flexible-finance-solutions\/"]}]},{"@type":"BreadcrumbList","@id":"https:\/\/www.vanguardhealthcare.co.uk\/flexible-finance-solutions\/#breadcrumb","itemListElement":[{"@type":"ListItem","position":1,"name":"Home","item":"https:\/\/www.vanguardhealthcare.co.uk\/"},{"@type":"ListItem","position":2,"name":"Flexible Finance Solutions"}]},{"@type":"WebSite","@id":"https:\/\/www.vanguardhealthcare.co.uk\/#website","url":"https:\/\/www.vanguardhealthcare.co.uk\/","name":"Vanguard Healthcare Solutions","description":"","potentialAction":[{"@type":"SearchAction","target":{"@type":"EntryPoint","urlTemplate":"https:\/\/www.vanguardhealthcare.co.uk\/?s={search_term_string}"},"query-input":{"@type":"PropertyValueSpecification","valueRequired":true,"valueName":"search_term_string"}}],"inLanguage":"is"}]}},"_links":{"self":[{"href":"https:\/\/www.vanguardhealthcare.co.uk\/is_is\/wp-json\/wp\/v2\/pages\/7861","targetHints":{"allow":["GET"]}}],"collection":[{"href":"https:\/\/www.vanguardhealthcare.co.uk\/is_is\/wp-json\/wp\/v2\/pages"}],"about":[{"href":"https:\/\/www.vanguardhealthcare.co.uk\/is_is\/wp-json\/wp\/v2\/types\/page"}],"author":[{"embeddable":true,"href":"https:\/\/www.vanguardhealthcare.co.uk\/is_is\/wp-json\/wp\/v2\/users\/11"}],"replies":[{"embeddable":true,"href":"https:\/\/www.vanguardhealthcare.co.uk\/is_is\/wp-json\/wp\/v2\/comments?post=7861"}],"version-history":[{"count":0,"href":"https:\/\/www.vanguardhealthcare.co.uk\/is_is\/wp-json\/wp\/v2\/pages\/7861\/revisions"}],"wp:attachment":[{"href":"https:\/\/www.vanguardhealthcare.co.uk\/is_is\/wp-json\/wp\/v2\/media?parent=7861"}],"curies":[{"name":"wp","href":"https:\/\/api.w.org\/{rel}","templated":true}]}}