{"id":7360,"date":"2024-04-15T12:20:25","date_gmt":"2024-04-15T12:20:25","guid":{"rendered":"https:\/\/www.vanguardhealthcare.co.uk\/?page_id=7360"},"modified":"2024-04-15T12:20:26","modified_gmt":"2024-04-15T12:20:26","slug":"nhs-evergreen-sustainable-supplier-assessment","status":"publish","type":"page","link":"https:\/\/www.vanguardhealthcare.co.uk\/is_is\/nhs-evergreen-sustainable-supplier-assessment\/","title":{"rendered":"NHS Evergreen Sustainable Supplier Assessment"},"content":{"rendered":"<h3 class=\"wp-block-heading\">Vanguard Healthcare Solutions l\u00fdkur NHS Evergreen Sustainable Supplier Assessment<\/h3>\n<p>Vanguard Healthcare Solutions er \u00e1n\u00e6g\u00f0ur me\u00f0 a\u00f0 hafa loki\u00f0 NHS Evergreen Sustainable Supplier Assessment. Mati\u00f0 er sj\u00e1lfsmats- og sk\u00fdrsluger\u00f0art\u00e6ki og leiddi til \u00feess a\u00f0 vi\u00f0 fengum 1. stig: Opinberlega skuldbundin til a\u00f0 hreinsa n\u00fallkolefni og taka \u00fe\u00e1tt \u00ed sj\u00e1lfb\u00e6rni.<\/p>\n<p>Uppl\u00fdsingarnar sem greint er fr\u00e1 \u00ed gegnum Evergreen sty\u00f0ja Vanguard til a\u00f0 skilja samr\u00e6mi \u00feess vi\u00f0 forgangsr\u00f6\u00f0un sj\u00e1lfb\u00e6rni NHS og bera kennsl \u00e1 \u00feau sv\u00e6\u00f0i \u00fear sem stofnunin getur fl\u00fdtt fyrir framf\u00f6rum.<\/p>\n<p>Evergreen Assessment er eitt af nokkrum NHS frumkv\u00e6\u00f0i sem \u00e6tla\u00f0 er a\u00f0 sty\u00f0ja vi\u00f0 n\u00fall og v\u00ed\u00f0t\u00e6kari sj\u00e1lfb\u00e6rni markmi\u00f0. Vanguard er \u00e1n\u00e6g\u00f0ur me\u00f0 a\u00f0 sty\u00f0ja NHS til a\u00f0 n\u00e1 markmi\u00f0um s\u00ednum um n\u00fall og sj\u00e1lfb\u00e6rni, \u00fear me\u00f0 tali\u00f0 \u00fe\u00e6r sem settar eru fram \u00ed <a href=\"https:\/\/www.england.nhs.uk\/greenernhs\/get-involved\/suppliers\/\">NHS Net Zero<\/a> <a href=\"https:\/\/www.england.nhs.uk\/greenernhs\/get-involved\/suppliers\/\">Vegv\u00edsir birgja<\/a>.<\/p>","protected":false},"excerpt":{"rendered":"<p>Vanguard Healthcare Solutions completes NHS Evergreen Sustainable Supplier Assessment Vanguard Healthcare Solutions is pleased to have completed the NHS Evergreen Sustainable Supplier Assessment. The Assessment is a self-assessment and reporting tool and resulted in us receiving a Level 1: Publicly committed to net zero carbon and engaged with sustainability. The information reported through Evergreen is [&hellip;]<\/p>\n","protected":false},"author":11,"featured_media":0,"parent":0,"menu_order":0,"comment_status":"closed","ping_status":"closed","template":"","meta":{"_acf_changed":false,"footnotes":""},"class_list":["post-7360","page","type-page","status-publish","format-standard","hentry"],"acf":[],"yoast_head":"<!-- This site is optimized with the Yoast SEO plugin v27.3 - https:\/\/yoast.com\/product\/yoast-seo-wordpress\/ -->\n<title>NHS Evergreen Sustainable Supplier Assessment - Vanguard Healthcare Solutions<\/title>\n<meta name=\"robots\" content=\"index, follow, max-snippet:-1, max-image-preview:large, max-video-preview:-1\" \/>\n<link rel=\"canonical\" href=\"https:\/\/www.vanguardhealthcare.co.uk\/is_is\/nhs-evergreen-sustainable-supplier-assessment\/\" \/>\n<meta property=\"og:locale\" content=\"is_IS\" \/>\n<meta property=\"og:type\" content=\"article\" \/>\n<meta property=\"og:title\" content=\"NHS Evergreen Sustainable Supplier Assessment - Vanguard Healthcare Solutions\" \/>\n<meta property=\"og:description\" content=\"Vanguard Healthcare Solutions completes NHS Evergreen Sustainable Supplier Assessment Vanguard Healthcare Solutions is pleased to have completed the NHS Evergreen Sustainable Supplier Assessment. The Assessment is a self-assessment and reporting tool and resulted in us receiving a Level 1: Publicly committed to net zero carbon and engaged with sustainability. The information reported through Evergreen is [&hellip;]\" \/>\n<meta property=\"og:url\" content=\"https:\/\/www.vanguardhealthcare.co.uk\/is_is\/nhs-evergreen-sustainable-supplier-assessment\/\" \/>\n<meta property=\"og:site_name\" content=\"Vanguard Healthcare Solutions\" \/>\n<meta property=\"article:modified_time\" content=\"2024-04-15T12:20:26+00:00\" \/>\n<meta name=\"twitter:card\" content=\"summary_large_image\" \/>\n<meta name=\"twitter:label1\" content=\"Est. reading time\" \/>\n\t<meta name=\"twitter:data1\" content=\"1 minute\" \/>\n<script type=\"application\/ld+json\" class=\"yoast-schema-graph\">{\"@context\":\"https:\\\/\\\/schema.org\",\"@graph\":[{\"@type\":\"WebPage\",\"@id\":\"https:\\\/\\\/www.vanguardhealthcare.co.uk\\\/nhs-evergreen-sustainable-supplier-assessment\\\/\",\"url\":\"https:\\\/\\\/www.vanguardhealthcare.co.uk\\\/nhs-evergreen-sustainable-supplier-assessment\\\/\",\"name\":\"NHS Evergreen Sustainable Supplier Assessment - Vanguard Healthcare Solutions\",\"isPartOf\":{\"@id\":\"https:\\\/\\\/www.vanguardhealthcare.co.uk\\\/#website\"},\"datePublished\":\"2024-04-15T12:20:25+00:00\",\"dateModified\":\"2024-04-15T12:20:26+00:00\",\"breadcrumb\":{\"@id\":\"https:\\\/\\\/www.vanguardhealthcare.co.uk\\\/nhs-evergreen-sustainable-supplier-assessment\\\/#breadcrumb\"},\"inLanguage\":\"is\",\"potentialAction\":[{\"@type\":\"ReadAction\",\"target\":[\"https:\\\/\\\/www.vanguardhealthcare.co.uk\\\/nhs-evergreen-sustainable-supplier-assessment\\\/\"]}]},{\"@type\":\"BreadcrumbList\",\"@id\":\"https:\\\/\\\/www.vanguardhealthcare.co.uk\\\/nhs-evergreen-sustainable-supplier-assessment\\\/#breadcrumb\",\"itemListElement\":[{\"@type\":\"ListItem\",\"position\":1,\"name\":\"Home\",\"item\":\"https:\\\/\\\/www.vanguardhealthcare.co.uk\\\/\"},{\"@type\":\"ListItem\",\"position\":2,\"name\":\"NHS Evergreen Sustainable Supplier Assessment\"}]},{\"@type\":\"WebSite\",\"@id\":\"https:\\\/\\\/www.vanguardhealthcare.co.uk\\\/#website\",\"url\":\"https:\\\/\\\/www.vanguardhealthcare.co.uk\\\/\",\"name\":\"Vanguard Healthcare Solutions\",\"description\":\"\",\"potentialAction\":[{\"@type\":\"SearchAction\",\"target\":{\"@type\":\"EntryPoint\",\"urlTemplate\":\"https:\\\/\\\/www.vanguardhealthcare.co.uk\\\/?s={search_term_string}\"},\"query-input\":{\"@type\":\"PropertyValueSpecification\",\"valueRequired\":true,\"valueName\":\"search_term_string\"}}],\"inLanguage\":\"is\"}]}<\/script>\n<!-- \/ Yoast SEO plugin. -->","yoast_head_json":{"title":"Mat \u00e1 sj\u00e1lfb\u00e6rum birgjum NHS Evergreen - Vanguard Heilbrig\u00f0islausnir","robots":{"index":"index","follow":"follow","max-snippet":"max-snippet:-1","max-image-preview":"max-image-preview:large","max-video-preview":"max-video-preview:-1"},"canonical":"https:\/\/www.vanguardhealthcare.co.uk\/is_is\/nhs-evergreen-sustainable-supplier-assessment\/","og_locale":"is_IS","og_type":"article","og_title":"NHS Evergreen Sustainable Supplier Assessment - Vanguard Healthcare Solutions","og_description":"Vanguard Healthcare Solutions completes NHS Evergreen Sustainable Supplier Assessment Vanguard Healthcare Solutions is pleased to have completed the NHS Evergreen Sustainable Supplier Assessment. The Assessment is a self-assessment and reporting tool and resulted in us receiving a Level 1: Publicly committed to net zero carbon and engaged with sustainability. The information reported through Evergreen is [&hellip;]","og_url":"https:\/\/www.vanguardhealthcare.co.uk\/is_is\/nhs-evergreen-sustainable-supplier-assessment\/","og_site_name":"Vanguard Healthcare Solutions","article_modified_time":"2024-04-15T12:20:26+00:00","twitter_card":"summary_large_image","twitter_misc":{"Est. reading time":"1 minute"},"schema":{"@context":"https:\/\/schema.org","@graph":[{"@type":"WebPage","@id":"https:\/\/www.vanguardhealthcare.co.uk\/nhs-evergreen-sustainable-supplier-assessment\/","url":"https:\/\/www.vanguardhealthcare.co.uk\/nhs-evergreen-sustainable-supplier-assessment\/","name":"Mat \u00e1 sj\u00e1lfb\u00e6rum birgjum NHS Evergreen - Vanguard Heilbrig\u00f0islausnir","isPartOf":{"@id":"https:\/\/www.vanguardhealthcare.co.uk\/#website"},"datePublished":"2024-04-15T12:20:25+00:00","dateModified":"2024-04-15T12:20:26+00:00","breadcrumb":{"@id":"https:\/\/www.vanguardhealthcare.co.uk\/nhs-evergreen-sustainable-supplier-assessment\/#breadcrumb"},"inLanguage":"is","potentialAction":[{"@type":"ReadAction","target":["https:\/\/www.vanguardhealthcare.co.uk\/nhs-evergreen-sustainable-supplier-assessment\/"]}]},{"@type":"BreadcrumbList","@id":"https:\/\/www.vanguardhealthcare.co.uk\/nhs-evergreen-sustainable-supplier-assessment\/#breadcrumb","itemListElement":[{"@type":"ListItem","position":1,"name":"Home","item":"https:\/\/www.vanguardhealthcare.co.uk\/"},{"@type":"ListItem","position":2,"name":"NHS Evergreen Sustainable Supplier Assessment"}]},{"@type":"WebSite","@id":"https:\/\/www.vanguardhealthcare.co.uk\/#website","url":"https:\/\/www.vanguardhealthcare.co.uk\/","name":"Vanguard Healthcare Solutions","description":"","potentialAction":[{"@type":"SearchAction","target":{"@type":"EntryPoint","urlTemplate":"https:\/\/www.vanguardhealthcare.co.uk\/?s={search_term_string}"},"query-input":{"@type":"PropertyValueSpecification","valueRequired":true,"valueName":"search_term_string"}}],"inLanguage":"is"}]}},"_links":{"self":[{"href":"https:\/\/www.vanguardhealthcare.co.uk\/is_is\/wp-json\/wp\/v2\/pages\/7360","targetHints":{"allow":["GET"]}}],"collection":[{"href":"https:\/\/www.vanguardhealthcare.co.uk\/is_is\/wp-json\/wp\/v2\/pages"}],"about":[{"href":"https:\/\/www.vanguardhealthcare.co.uk\/is_is\/wp-json\/wp\/v2\/types\/page"}],"author":[{"embeddable":true,"href":"https:\/\/www.vanguardhealthcare.co.uk\/is_is\/wp-json\/wp\/v2\/users\/11"}],"replies":[{"embeddable":true,"href":"https:\/\/www.vanguardhealthcare.co.uk\/is_is\/wp-json\/wp\/v2\/comments?post=7360"}],"version-history":[{"count":0,"href":"https:\/\/www.vanguardhealthcare.co.uk\/is_is\/wp-json\/wp\/v2\/pages\/7360\/revisions"}],"wp:attachment":[{"href":"https:\/\/www.vanguardhealthcare.co.uk\/is_is\/wp-json\/wp\/v2\/media?parent=7360"}],"curies":[{"name":"wp","href":"https:\/\/api.w.org\/{rel}","templated":true}]}}