{"id":674,"date":"2023-07-19T14:17:08","date_gmt":"2023-07-19T14:17:08","guid":{"rendered":"https:\/\/www.vanguardhealthcare.co.uk\/?page_id=674"},"modified":"2026-03-27T16:46:36","modified_gmt":"2026-03-27T16:46:36","slug":"heritage","status":"publish","type":"page","link":"https:\/\/www.vanguardhealthcare.co.uk\/is_is\/heritage\/","title":{"rendered":"Arfleif\u00f0"},"content":{"rendered":"<section id=\"section-2-59\" class=\"ct-section\" style=\"background-image:url(https:\/\/www.vanguardhealthcare.co.uk\/wp-content\/uploads\/2023\/05\/boulders-right.png);background-size: auto;\" >\n<div class=\"ct-section-inner-wrap\">\n<div id=\"div_block-8-59\" class=\"ct-div-block\" ><a id=\"link_text-6-59\" class=\"ct-link-text\" href=\"\/is_is\/\" target=\"_self\"  >Heim<\/a><\/p>\n<h1 id=\"headline-3-59\" class=\"ct-headline\"><span id=\"span-4-59\" class=\"ct-span\" >Arfleif\u00f0<\/span><\/h1>\n<\/div>\n<\/div>\n<\/section>\n<section id=\"section-68-14-text-left-white\" class=\"ct-section\" >\n<div class=\"ct-section-inner-wrap\">\n<div id=\"new_columns-69-14text-left-white\" class=\"ct-new-columns\" >\n<div id=\"div_block-70-14\" class=\"ct-div-block\" >\n<h2 id=\"headline-71-14\" class=\"ct-headline\">A\u00f0 b\u00faa til n\u00fdst\u00e1rlegar lausnir fyrir heilbrig\u00f0isstarfsmenn \u00ed meira en tvo \u00e1ratugi<\/h2>\n<div id=\"_rich_text-72-14\" class=\"oxy-rich-text\" >\n<p dir=\"ltr\">S\u00ed\u00f0an Vanguard Healthcare Solutions var stofna\u00f0 \u00e1ri\u00f0 1999 hefur or\u00f0spor okkar sem lei\u00f0andi al\u00fej\u00f3\u00f0legs veitanda sveigjanlegra kl\u00edn\u00edskra innvi\u00f0a og \u00fej\u00f3nustu vaxi\u00f0 jafnt og \u00fe\u00e9tt. Vi\u00f0 erum stolt af \u00fev\u00ed a\u00f0 vinna \u00ed samstarfi vi\u00f0 NHS Trusts og \u00f3h\u00e1\u00f0ar stofnanir \u00ed Bretlandi - yfir 50% opinberra sj\u00fakrah\u00fasveitenda \u00ed Bretlandi hafa n\u00fa n\u00fdtt s\u00e9r eitt af heilsug\u00e6slusv\u00e6\u00f0um okkar. Vi\u00f0skiptavinir okkar treysta okkur til a\u00f0 koma me\u00f0 h\u00e1g\u00e6\u00f0a, t\u00e6knilega h\u00e1\u00fer\u00f3a\u00f0ar lausnir til a\u00f0 b\u00e6ta heilsufar \u00e1 hra\u00f0a og koma aftur til okkar aftur og aftur \u00feegar \u00fearfir breytast.&nbsp;<\/p>\n<p dir=\"ltr\">\u00c1ri\u00f0 2018 var opinberlega hleypt af stokkunum Q-bital Healthcare Solutions, al\u00fej\u00f3\u00f0legri deild Vanguard Healthcare Solutions. St\u00e6kkun fyrirt\u00e6kisins hefur haldi\u00f0 \u00f3trau\u00f0 \u00e1fram b\u00e6\u00f0i \u00ed Bretlandi og \u00e1 al\u00fej\u00f3\u00f0avettvangi og \u00fea\u00f0 heldur \u00e1fram a\u00f0 skila n\u00fdst\u00e1rlegum n\u00fdjum lausnum. Vi\u00f0 st\u00f6rfum n\u00fa \u00e1 al\u00fej\u00f3\u00f0avettvangi \u00ed Hollandi, Sv\u00ed\u00fej\u00f3\u00f0, \u00c1stral\u00edu og Frakklandi og h\u00f6ldum \u00e1fram a\u00f0 sko\u00f0a n\u00fdja marka\u00f0i til a\u00f0 st\u00e6kka inn \u00e1 og veita stu\u00f0ning hvar sem \u00feess er \u00fe\u00f6rf. Fyrir frekari uppl\u00fdsingar um al\u00fej\u00f3\u00f0lega starfsemi okkar, vinsamlegast far\u00f0u \u00e1 <a href=\"https:\/\/www.q-bital.com\" target=\"_blank\" rel=\"noopener\">www.q-bital.com<\/a>.<\/p>\n<p dir=\"ltr\">\u00c1ri\u00f0 2023 tilkynnti Vanguard Healthcare Solutions kaup \u00e1 s\u00e9rsm\u00ed\u00f0a\u00f0ri framlei\u00f0slua\u00f0st\u00f6\u00f0u \u00ed Hull. \u00deessi fj\u00e1rfesting gerir kleift a\u00f0 auka getu til t\u00edmabundinnar og varanlegrar framlei\u00f0slugetu okkar \u00ed einingar\u00fdmi. \u00deetta framtak mun veita auki\u00f0 svigr\u00fam til a\u00f0 koma til m\u00f3ts vi\u00f0 innvi\u00f0afj\u00e1rfestingar\u00fe\u00f6rf \u00ed heilbrig\u00f0isgeiranum.<\/p>\n<p dir=\"ltr\">\u00c1ri\u00f0 2026 st\u00e6kka\u00f0i Vanguard Healthcare Solutions starfsemi s\u00edna inn \u00ed l\u00edfv\u00edsindageirann me\u00f0 \u00fev\u00ed a\u00f0 kynna ...&nbsp;<a href=\"http:\/\/www.vanguardlifesciences.co.uk\">Vanguard L\u00edfv\u00edsindi<\/a>. \u00deessi n\u00fdja deild byggir \u00e1 r\u00f3tgr\u00f3inni \u00feekkingu sinni \u00e1 a\u00f0 bj\u00f3\u00f0a upp \u00e1 einingabundnar heilbrig\u00f0isstofnanir og einbeitir s\u00e9r a\u00f0 \u00fev\u00ed a\u00f0 bj\u00f3\u00f0a upp \u00e1 h\u00e1\u00fer\u00f3a\u00f0 hreinr\u00fdmi og afm\u00f6rkunarumhverfi fyrir lyfjafyrirt\u00e6ki, l\u00edft\u00e6knifyrirt\u00e6ki og ranns\u00f3knarstofnanir. Framkv\u00e6mt \u00ed samstarfi vi\u00f0 s\u00e9rh\u00e6f\u00f0a samstarfsa\u00f0ila.&nbsp;<a href=\"https:\/\/www.enbloc-cleanrooms.com\/\">Enbloc<\/a>,&nbsp;<a href=\"\/wp-admin\/vanguardlifescience\">Vanguard L\u00edfv\u00edsindi<\/a>&nbsp;eykur getu fyrirt\u00e6kisins inn \u00ed mj\u00f6g reglubundi\u00f0 umhverfi og sty\u00f0ur vi\u00f0skiptavini me\u00f0 sveigjanlegum og samh\u00e6f\u00f0um innvi\u00f0alausnum.<\/p>\n<p dir=\"ltr\">&nbsp;<\/p>\n<\/div>\n<\/div>\n<div id=\"div_block-74-14\" class=\"ct-div-block\" ><img decoding=\"async\"  id=\"image-75-14\" alt=\"\" src=\"https:\/\/www.vanguardhealthcare.co.uk\/wp-content\/uploads\/2025\/03\/PHOTOSHOPPED-VERSION-EXTERNAL-scaled.jpg\" class=\"ct-image\"\/><\/div>\n<\/div>\n<\/div>\n<\/section>\n<section id=\"section-132-34\" class=\"ct-section\" >\n<div class=\"ct-section-inner-wrap\">\n<div id=\"new_columns-133-34\" class=\"ct-new-columns\" >\n<div id=\"div_block-138-34\" class=\"ct-div-block\" ><img decoding=\"async\"  id=\"image-139-34\" alt=\"\" src=\"https:\/\/www.vanguardhealthcare.co.uk\/wp-content\/uploads\/2025\/10\/NUFFIELD-TEES-USE-THIS-BETTER-FORMAT.jpg\" class=\"ct-image\"\/><\/div>\n<div id=\"div_block-134-34\" class=\"ct-div-block\" >\n<h2 id=\"headline-135-34\" class=\"ct-headline\">S\u00e9rhvert sm\u00e1atri\u00f0i er tali\u00f0 gera \u00fea\u00f0 a\u00f0 verkum a\u00f0 heilsug\u00e6slur\u00fdmin okkar virki fyrir vi\u00f0skiptavini okkar<\/h2>\n<div id=\"_rich_text-136-34\" class=\"oxy-rich-text\" >\n<p dir=\"ltr\">Vi\u00f0 vinnum me\u00f0 vi\u00f0skiptavinum okkar a\u00f0 \u00fev\u00ed a\u00f0 bj\u00f3\u00f0a upp \u00e1 h\u00e1g\u00e6\u00f0a, sj\u00e1lfb\u00e6rar heilsug\u00e6slulausnir, me\u00f0 s\u00e9rsni\u00f0num fars\u00edma- og einingaheilbrig\u00f0isr\u00fdmum sem m\u00e6ta einst\u00f6kum \u00fe\u00f6rfum hvers heilbrig\u00f0iskerfis. A\u00f0sta\u00f0a okkar er h\u00e6gt a\u00f0 s\u00e9rsn\u00ed\u00f0a me\u00f0 fj\u00f6lda valkosta, \u00fear \u00e1 me\u00f0al skur\u00f0stofur, skur\u00f0stofur, samf\u00e9lagsgreiningarst\u00f6\u00f0var (CDCs), speglunarsv\u00edtur, afmengunar- og \u00f3frj\u00f3semisa\u00f0ger\u00f0ir, deildir, heilsug\u00e6slust\u00f6\u00f0var og minnih\u00e1ttar mei\u00f0sli (MIU). H\u00e6gt er a\u00f0 sameina v\u00f6rur okkar, \u00fej\u00f3nustu og kl\u00edn\u00edska m\u00f6nnun til a\u00f0 bj\u00f3\u00f0a upp \u00e1 \u00f3endanlega m\u00f6guleika; hvert n\u00fdtt verkefni er t\u00e6kif\u00e6ri til a\u00f0 b\u00faa til algj\u00f6rlega einstakt heilsug\u00e6slur\u00fdmi.<\/p>\n<p dir=\"ltr\">Or\u00f0spor okkar var mynda\u00f0 af getu okkar til a\u00f0 sty\u00f0ja sj\u00fakrah\u00fas me\u00f0 vi\u00f0b\u00f3tara\u00f0st\u00f6\u00f0u sem h\u00e6gt var a\u00f0 afhenda \u00e1 nokkrum d\u00f6gum. Hins vegar bj\u00f3\u00f0um vi\u00f0 vi\u00f0skiptavinum okkar svo miklu meira, me\u00f0 endalausum m\u00f6guleikum fyrir trausta samstarfsa\u00f0ila okkar til a\u00f0 v\u00edkka \u00fat m\u00f6rk heilbrig\u00f0is\u00fej\u00f3nustunnar.&nbsp;<\/p>\n<p dir=\"ltr\">S\u00e9r\u00feekking okkar byggist \u00e1 \u00fev\u00ed a\u00f0 mynda sterk tengsl vi\u00f0 vi\u00f0skiptavini okkar og \u00fer\u00f3a lei\u00f0ir til a\u00f0 efla n\u00faverandi innvi\u00f0i heilsug\u00e6slust\u00f6\u00f0varinnar. Markmi\u00f0 okkar er a\u00f0 vera hluti af \u00fev\u00ed a\u00f0 \u00fer\u00f3a sveigjanlegustu lausnir fyrir heilbrig\u00f0is\u00fej\u00f3nustu \u00ed heiminum. Samhli\u00f0a \u00fev\u00ed a\u00f0 \u00fatvega heilsug\u00e6slur\u00fdmi til a\u00f0 a\u00f0sto\u00f0a vi\u00f0 mikla eftirspurn sj\u00faklinga og langa bi\u00f0lista, getum vi\u00f0 hj\u00e1lpa\u00f0 \u00fe\u00e9r a\u00f0 sigrast \u00e1 rekstrar\u00e1skorunum eins og endurb\u00f3tum og bo\u00f0i\u00f0 upp \u00e1 ney\u00f0arvi\u00f0br\u00f6g\u00f0 ef \u00fe\u00fa ver\u00f0ur fyrir eldi, fl\u00f3\u00f0i e\u00f0a bilun \u00ed leikh\u00fasi.&nbsp;<\/p>\n<p dir=\"ltr\">S\u00e9rstakur h\u00f3pur s\u00e9rfr\u00e6\u00f0inga a\u00f0sto\u00f0ar vi\u00f0 verkefnastj\u00f3rnun h\u00f6nnunar, \u00fatf\u00e6rslu og kl\u00edn\u00edskrar \u00fej\u00f3nustu vi\u00f0 hverja a\u00f0st\u00f6\u00f0u fr\u00e1 fyrstu getna\u00f0i \u00fear til h\u00fan er fjarl\u00e6g\u00f0 af sta\u00f0num. S\u00e9rhvert stig verkefnisins er stutt af kl\u00edn\u00edsku teymi s\u00e9rfr\u00e6\u00f0ingum \u00e1 skur\u00f0deild, a\u00f0sto\u00f0arm\u00f6nnum \u00ed heilbrig\u00f0is\u00fej\u00f3nustu og hj\u00fakrunarfr\u00e6\u00f0ingum sem eru tilt\u00e6kir til a\u00f0 \u00fatvega vi\u00f0b\u00f3tarm\u00f6nnun \u00e1 a\u00f0st\u00f6\u00f0unni \u00feegar \u00fe\u00f6rf krefur.<\/p>\n<\/div>\n<\/div>\n<\/div>\n<\/div>\n<\/section>\n<section id=\"section-2-202\" class=\"ct-section\" >\n<div class=\"ct-section-inner-wrap\">\n<div id=\"div_block-3-202\" class=\"ct-div-block\" >\n<h2 id=\"headline-4-202\" class=\"ct-headline\">Yfir 350.000 a\u00f0ger\u00f0ir og s\u00edfellt\u2026<\/h2>\n<div id=\"_rich_text-5-202\" class=\"oxy-rich-text\" >\n<p dir=\"ltr\">Yfir 350.000 a\u00f0ger\u00f0ir hafa veri\u00f0 ger\u00f0ar \u00ed fart\u00e6kjum okkar sem eru m\u00f6nnu\u00f0 l\u00e6knar hinga\u00f0 til.<\/p>\n<p dir=\"ltr\">Sem kl\u00edn\u00edsk \u00fej\u00f3nustua\u00f0ili \u00e1 heimsm\u00e6likvar\u00f0a erum vi\u00f0 stolt af \u00fev\u00ed a\u00f0 heilsug\u00e6slur\u00fdmin okkar henti 75% af \u00f6llum kl\u00edn\u00edskum a\u00f0ger\u00f0um sem ger\u00f0ar eru \u00e1 st\u00f3ru br\u00e1\u00f0asj\u00fakrah\u00fasi, allt fr\u00e1 mja\u00f0maskiptum til drera\u00f0ger\u00f0a, speglaa\u00f0ger\u00f0a til l\u00fdtaa\u00f0ger\u00f0a.<\/p>\n<p dir=\"ltr\">Margar af a\u00f0st\u00f6\u00f0u okkar eru n\u00fdttar og m\u00f6nnu\u00f0 af sj\u00fakrah\u00fasinu. Fyrir samninga \u00fear sem lei\u00f0beinandi Vanguard eininga er \u00e1 sta\u00f0num, fylgist fyrirt\u00e6ki\u00f0 me\u00f0 og skr\u00e1ir vinnsluteljara til a\u00f0 gera st\u00f6\u00f0ugar umb\u00e6tur og til a\u00f0 s\u00fdna fram \u00e1 mikla reynslu s\u00edna.<\/p>\n<\/div>\n<div id=\"div_block-6-202\" class=\"ct-div-block\" ><img decoding=\"async\"  id=\"image-7-202\" alt=\"\" src=\"https:\/\/www.vanguardhealthcare.co.uk\/wp-content\/uploads\/2023\/07\/proceedures-infographic.png\" class=\"ct-image\"\/><\/div>\n<\/div>\n<\/div>\n<\/section>\n<section id=\"section-144-59\" class=\"ct-section\" >\n<div class=\"ct-section-inner-wrap\">\n<div id=\"new_columns-145-59\" class=\"ct-new-columns\" >\n<div id=\"div_block-146-59\" class=\"ct-div-block\" >\n<div id=\"_rich_text-9-63\" class=\"oxy-rich-text\" >\n<p>A\u00f0 finna lausn sem virkar fyrir sj\u00fakrah\u00fasi\u00f0 \u00feitt byrjar h\u00e9r...<\/p>\n<\/div>\n<p><a id=\"link_button-149-59\" class=\"ct-link-button\" href=\"\/is_is\/contact\/\" target=\"_self\"  >Komast \u00ed samband<\/a><\/div>\n<div id=\"div_block-150-59\" class=\"ct-div-block\" ><img decoding=\"async\"  id=\"image-151-59\" alt=\"\" src=\"https:\/\/www.vanguardhealthcare.co.uk\/wp-content\/uploads\/2023\/06\/kettering-2-1.jpg\" class=\"ct-image\"\/><\/div>\n<\/div>\n<\/div>\n<\/section>","protected":false},"excerpt":{"rendered":"","protected":false},"author":2,"featured_media":0,"parent":0,"menu_order":0,"comment_status":"closed","ping_status":"closed","template":"","meta":{"_acf_changed":false,"footnotes":""},"class_list":["post-674","page","type-page","status-publish","format-standard","hentry"],"acf":[],"yoast_head":"<!-- This site is optimized with the Yoast SEO plugin v27.3 - https:\/\/yoast.com\/product\/yoast-seo-wordpress\/ -->\n<title>Heritage - Vanguard Healthcare Solutions<\/title>\n<meta name=\"robots\" content=\"index, follow, max-snippet:-1, max-image-preview:large, max-video-preview:-1\" \/>\n<link rel=\"canonical\" href=\"https:\/\/www.vanguardhealthcare.co.uk\/is_is\/heritage\/\" \/>\n<meta property=\"og:locale\" content=\"is_IS\" \/>\n<meta property=\"og:type\" content=\"article\" \/>\n<meta property=\"og:title\" content=\"Heritage - Vanguard Healthcare Solutions\" \/>\n<meta property=\"og:url\" content=\"https:\/\/www.vanguardhealthcare.co.uk\/is_is\/heritage\/\" \/>\n<meta property=\"og:site_name\" content=\"Vanguard Healthcare Solutions\" \/>\n<meta property=\"article:modified_time\" content=\"2026-03-27T16:46:36+00:00\" \/>\n<meta name=\"twitter:card\" content=\"summary_large_image\" \/>\n<meta name=\"twitter:label1\" content=\"Est. reading time\" \/>\n\t<meta name=\"twitter:data1\" content=\"1 minute\" \/>\n<script type=\"application\/ld+json\" class=\"yoast-schema-graph\">{\"@context\":\"https:\\\/\\\/schema.org\",\"@graph\":[{\"@type\":\"WebPage\",\"@id\":\"https:\\\/\\\/www.vanguardhealthcare.co.uk\\\/heritage\\\/\",\"url\":\"https:\\\/\\\/www.vanguardhealthcare.co.uk\\\/heritage\\\/\",\"name\":\"Heritage - Vanguard Healthcare Solutions\",\"isPartOf\":{\"@id\":\"https:\\\/\\\/www.vanguardhealthcare.co.uk\\\/#website\"},\"datePublished\":\"2023-07-19T14:17:08+00:00\",\"dateModified\":\"2026-03-27T16:46:36+00:00\",\"breadcrumb\":{\"@id\":\"https:\\\/\\\/www.vanguardhealthcare.co.uk\\\/heritage\\\/#breadcrumb\"},\"inLanguage\":\"is\",\"potentialAction\":[{\"@type\":\"ReadAction\",\"target\":[\"https:\\\/\\\/www.vanguardhealthcare.co.uk\\\/heritage\\\/\"]}]},{\"@type\":\"BreadcrumbList\",\"@id\":\"https:\\\/\\\/www.vanguardhealthcare.co.uk\\\/heritage\\\/#breadcrumb\",\"itemListElement\":[{\"@type\":\"ListItem\",\"position\":1,\"name\":\"Home\",\"item\":\"https:\\\/\\\/www.vanguardhealthcare.co.uk\\\/\"},{\"@type\":\"ListItem\",\"position\":2,\"name\":\"Heritage\"}]},{\"@type\":\"WebSite\",\"@id\":\"https:\\\/\\\/www.vanguardhealthcare.co.uk\\\/#website\",\"url\":\"https:\\\/\\\/www.vanguardhealthcare.co.uk\\\/\",\"name\":\"Vanguard Healthcare Solutions\",\"description\":\"\",\"potentialAction\":[{\"@type\":\"SearchAction\",\"target\":{\"@type\":\"EntryPoint\",\"urlTemplate\":\"https:\\\/\\\/www.vanguardhealthcare.co.uk\\\/?s={search_term_string}\"},\"query-input\":{\"@type\":\"PropertyValueSpecification\",\"valueRequired\":true,\"valueName\":\"search_term_string\"}}],\"inLanguage\":\"is\"}]}<\/script>\n<!-- \/ Yoast SEO plugin. -->","yoast_head_json":{"title":"Arfleif\u00f0 - Vanguard Heilbrig\u00f0islausnir","robots":{"index":"index","follow":"follow","max-snippet":"max-snippet:-1","max-image-preview":"max-image-preview:large","max-video-preview":"max-video-preview:-1"},"canonical":"https:\/\/www.vanguardhealthcare.co.uk\/is_is\/heritage\/","og_locale":"is_IS","og_type":"article","og_title":"Heritage - Vanguard Healthcare Solutions","og_url":"https:\/\/www.vanguardhealthcare.co.uk\/is_is\/heritage\/","og_site_name":"Vanguard Healthcare Solutions","article_modified_time":"2026-03-27T16:46:36+00:00","twitter_card":"summary_large_image","twitter_misc":{"Est. reading time":"1 minute"},"schema":{"@context":"https:\/\/schema.org","@graph":[{"@type":"WebPage","@id":"https:\/\/www.vanguardhealthcare.co.uk\/heritage\/","url":"https:\/\/www.vanguardhealthcare.co.uk\/heritage\/","name":"Arfleif\u00f0 - Vanguard Heilbrig\u00f0islausnir","isPartOf":{"@id":"https:\/\/www.vanguardhealthcare.co.uk\/#website"},"datePublished":"2023-07-19T14:17:08+00:00","dateModified":"2026-03-27T16:46:36+00:00","breadcrumb":{"@id":"https:\/\/www.vanguardhealthcare.co.uk\/heritage\/#breadcrumb"},"inLanguage":"is","potentialAction":[{"@type":"ReadAction","target":["https:\/\/www.vanguardhealthcare.co.uk\/heritage\/"]}]},{"@type":"BreadcrumbList","@id":"https:\/\/www.vanguardhealthcare.co.uk\/heritage\/#breadcrumb","itemListElement":[{"@type":"ListItem","position":1,"name":"Home","item":"https:\/\/www.vanguardhealthcare.co.uk\/"},{"@type":"ListItem","position":2,"name":"Heritage"}]},{"@type":"WebSite","@id":"https:\/\/www.vanguardhealthcare.co.uk\/#website","url":"https:\/\/www.vanguardhealthcare.co.uk\/","name":"Vanguard Healthcare Solutions","description":"","potentialAction":[{"@type":"SearchAction","target":{"@type":"EntryPoint","urlTemplate":"https:\/\/www.vanguardhealthcare.co.uk\/?s={search_term_string}"},"query-input":{"@type":"PropertyValueSpecification","valueRequired":true,"valueName":"search_term_string"}}],"inLanguage":"is"}]}},"_links":{"self":[{"href":"https:\/\/www.vanguardhealthcare.co.uk\/is_is\/wp-json\/wp\/v2\/pages\/674","targetHints":{"allow":["GET"]}}],"collection":[{"href":"https:\/\/www.vanguardhealthcare.co.uk\/is_is\/wp-json\/wp\/v2\/pages"}],"about":[{"href":"https:\/\/www.vanguardhealthcare.co.uk\/is_is\/wp-json\/wp\/v2\/types\/page"}],"author":[{"embeddable":true,"href":"https:\/\/www.vanguardhealthcare.co.uk\/is_is\/wp-json\/wp\/v2\/users\/2"}],"replies":[{"embeddable":true,"href":"https:\/\/www.vanguardhealthcare.co.uk\/is_is\/wp-json\/wp\/v2\/comments?post=674"}],"version-history":[{"count":0,"href":"https:\/\/www.vanguardhealthcare.co.uk\/is_is\/wp-json\/wp\/v2\/pages\/674\/revisions"}],"wp:attachment":[{"href":"https:\/\/www.vanguardhealthcare.co.uk\/is_is\/wp-json\/wp\/v2\/media?parent=674"}],"curies":[{"name":"wp","href":"https:\/\/api.w.org\/{rel}","templated":true}]}}