{"id":455,"date":"2023-07-03T14:28:23","date_gmt":"2023-07-03T14:28:23","guid":{"rendered":"https:\/\/www.vanguardhealthcare.co.uk\/?page_id=455"},"modified":"2023-09-07T08:50:18","modified_gmt":"2023-09-07T08:50:18","slug":"procurement","status":"publish","type":"page","link":"https:\/\/www.vanguardhealthcare.co.uk\/is_is\/procurement\/","title":{"rendered":"Innkaup"},"content":{"rendered":"<section id=\"section-2-59\" class=\"ct-section\" style=\"background-image:url(https:\/\/www.vanguardhealthcare.co.uk\/wp-content\/uploads\/2023\/05\/boulders-right.png);background-size: auto;\" >\n<div class=\"ct-section-inner-wrap\">\n<div id=\"div_block-8-59\" class=\"ct-div-block\" ><a id=\"link_text-6-59\" class=\"ct-link-text\" href=\"\/is_is\/\" target=\"_self\"  >Heim<\/a><\/p>\n<h1 id=\"headline-3-59\" class=\"ct-headline\"><span id=\"span-4-59\" class=\"ct-span\" >Innkaup<\/span><\/h1>\n<\/div>\n<\/div>\n<\/section>\n<section id=\"section-68-14-text-left-white\" class=\"ct-section\" >\n<div class=\"ct-section-inner-wrap\">\n<div id=\"new_columns-69-14text-left-white\" class=\"ct-new-columns\" >\n<div id=\"div_block-70-14\" class=\"ct-div-block\" >\n<h2 id=\"headline-71-14\" class=\"ct-headline\">Innkaupa\u00e1\u00e6tlanir s\u00e9rsni\u00f0nar a\u00f0 \u00fe\u00ednum \u00fe\u00f6rfum<\/h2>\n<div id=\"_rich_text-72-14\" class=\"oxy-rich-text\" >\n<p>Vi\u00f0 erum s\u00e9rfr\u00e6\u00f0ingar \u00ed a\u00f0 bj\u00f3\u00f0a upp \u00e1 heilsug\u00e6slulausnir sem eru studdar af kl\u00edn\u00edskri \u00fej\u00f3nustu okkar. \u00deetta getur veri\u00f0 sta\u00f0la\u00f0 e\u00f0a s\u00e9rsni\u00f0i\u00f0, leigt e\u00f0a keypt, allt eftir \u00fe\u00f6rfum \u00fe\u00ednum.&nbsp;<\/p>\n<p>Vi\u00f0 bj\u00f3\u00f0um upp \u00e1 \u00farval af samningslei\u00f0um og getum unni\u00f0 a\u00f0 forgangsr\u00f6\u00f0un fj\u00e1rmagns e\u00f0a rekstrar\u00fatgjalda. Heilsug\u00e6slur\u00fdmin okkar eru f\u00e1anleg \u00e1 nokkrum mismunandi ramma fyrir einfaldleika og \u00fe\u00e6gindi.&nbsp;<a href=\"..\/our-team\/\">Okkar li\u00f0<\/a>&nbsp;mun lei\u00f0a \u00feig \u00ed gegnum valkostina og lei\u00f0beina \u00fe\u00e9r hvert skref \u00e1 lei\u00f0inni.&nbsp;<\/p>\n<\/div>\n<\/div>\n<div id=\"div_block-74-14\" class=\"ct-div-block\" ><img decoding=\"async\"  id=\"image-75-14\" alt=\"\" src=\"https:\/\/www.vanguardhealthcare.co.uk\/wp-content\/uploads\/2023\/05\/Staffed-operating-theatre1.jpg\" class=\"ct-image\"\/><\/div>\n<\/div>\n<\/div>\n<\/section>\n<section id=\"section-88-34-blue\" class=\"ct-section\" >\n<div class=\"ct-section-inner-wrap\">\n<div id=\"new_columns-89-34-blue\" class=\"ct-new-columns\" >\n<div id=\"div_block-94-34\" class=\"ct-div-block\" ><img decoding=\"async\"  id=\"image-95-34\" alt=\"\" src=\"https:\/\/www.vanguardhealthcare.co.uk\/wp-content\/uploads\/2023\/05\/Staffed-operating-theatre1.jpg\" class=\"ct-image\"\/><\/div>\n<div id=\"div_block-90-34\" class=\"ct-div-block\" >\n<h2 id=\"headline-91-34\" class=\"ct-headline\">Umhverfis-, f\u00e9lagslegt gildi og stj\u00f3rnarh\u00e6ttir (ESG)<\/h2>\n<div id=\"_rich_text-92-34\" class=\"oxy-rich-text\" >\n<p dir=\"ltr\">Vi\u00f0 t\u00f6kum si\u00f0fer\u00f0ilega, sj\u00e1lfb\u00e6rni og samf\u00e9lagslega \u00e1byrg\u00f0 okkar alvarlega og t\u00f6kum st\u00f6\u00f0ugt inn og beitum f\u00e9lagslegum gildum fyrirt\u00e6kja \u00ed vi\u00f0skiptastarfsemi okkar. Sem al\u00fej\u00f3\u00f0legt fyrirt\u00e6ki leggjum vi\u00f0 \u00e1herslu \u00e1 a\u00f0 finna lei\u00f0ir til a\u00f0 draga \u00far vegam\u00edlum og millilandafer\u00f0um \u00fear sem \u00fea\u00f0 er m\u00f6gulegt. \u00cd tilefni af \u00fev\u00ed a\u00f0 \u00feetta er ekki h\u00e6gt, j\u00f6fnum vi\u00f0 \u00e1 m\u00f3ti umhverfis\u00e1hrifum fer\u00f0a okkar.<\/p>\n<p dir=\"ltr\">Sem lykilbirgir til NHS og annarra \u00f3h\u00e1\u00f0ra veitenda berum vi\u00f0 skyldur sem \u00fearf a\u00f0 endurspeglast \u00ed starfsemi okkar og a\u00f0fangake\u00f0ju okkar. Vi\u00f0 viljum sj\u00e1 \u00feessi si\u00f0fer\u00f0ilegu gildi s\u00fdnd af birgjum okkar sem eru mikilv\u00e6gir fyrir hvernig vi\u00f0 st\u00f6rfum, \u00ed framt\u00ed\u00f0inni a\u00f0 horfa til lykilbirgja okkar me\u00f0 ISO 14001 og 45001 sta\u00f0la e\u00f0a a\u00f0rar vi\u00f0eigandi faggildingar.&nbsp;&nbsp;<\/p>\n<p dir=\"ltr\">Vi\u00f0 v\u00e6ntum \u00feess a\u00f0 allir birgjar okkar uppfylli gildandi umhverfisl\u00f6g, regluger\u00f0ir og sta\u00f0la. Ef \u00feeir eru ekki a\u00f0 gera \u00fea\u00f0 n\u00fa \u00feegar, bi\u00f0jum vi\u00f0 um a\u00f0 \u00feeir setji upp kerfi og eftirlit til a\u00f0 bera kennsl \u00e1 og \u00fatr\u00fdma hugsanlegum h\u00e6ttum fyrir <a href=\"..\/environment\/\">umhverfi<\/a>, sem eru \u00ed r\u00e9ttu hlutfalli vi\u00f0 \u00e1h\u00e6ttuna.<\/p>\n<p>&nbsp;<\/p>\n<\/div>\n<\/div>\n<\/div>\n<\/div>\n<\/section>\n<section id=\"section-68-14-text-left-white\" class=\"ct-section\" >\n<div class=\"ct-section-inner-wrap\">\n<div id=\"new_columns-69-14text-left-white\" class=\"ct-new-columns\" >\n<div id=\"div_block-70-14\" class=\"ct-div-block\" >\n<h2 id=\"headline-71-14\" class=\"ct-headline\">A\u00f0fangake\u00f0jan okkar<\/h2>\n<div id=\"_rich_text-72-14\" class=\"oxy-rich-text\" >\n<p dir=\"ltr\">A\u00f0fangake\u00f0ja okkar n\u00e6r yfir Bretland, Evr\u00f3pu e\u00f0a \u00c1stral\u00edu. Vi\u00f0 erum sk\u00fdr \u00ed samningum okkar og vi\u00f0skiptasamb\u00f6ndum um rekstrarsta\u00f0la birgja okkar.&nbsp;&nbsp;<\/p>\n<p dir=\"ltr\">Vi\u00f0 fellum ESG gildi okkar inn \u00ed starfsemi okkar, f\u00f3lki\u00f0 okkar og a\u00f0fangake\u00f0juna. Vi\u00f0 sty\u00f0jum a\u00f0fangake\u00f0ju okkar \u00fear sem \u00fe\u00f6rf er \u00e1 a\u00f0l\u00f6gun til a\u00f0 n\u00e1 okkar&nbsp;<a href=\"..\/environment\/\">ESG markmi\u00f0<\/a>.&nbsp;<\/p>\n<p dir=\"ltr\">ESG stefna okkar er studd af:<\/p>\n<ul>\n<li dir=\"ltr\" aria-level=\"1\">\n<p dir=\"ltr\" role=\"presentation\">\u00c1byrg\u00f0 sem lykilbirgir til NHS<\/p>\n<\/li>\n<li dir=\"ltr\" aria-level=\"1\">\n<p dir=\"ltr\" role=\"presentation\">Sameiginleg markmi\u00f0 eins og \u00feau eru skilgreind \u00ed NHS Green Plan<\/p>\n<\/li>\n<li dir=\"ltr\" aria-level=\"1\">\n<p dir=\"ltr\" role=\"presentation\">Vilja starfa \u00e1 si\u00f0fer\u00f0ilegan og \u00e1byrgan h\u00e1tt<\/p>\n<\/li>\n<li dir=\"ltr\" aria-level=\"1\">\n<p dir=\"ltr\" role=\"presentation\">Vi\u00f0b\u00fana\u00f0ur fyrir ESG regluger\u00f0<\/p>\n<\/li>\n<li dir=\"ltr\" aria-level=\"1\">\n<p dir=\"ltr\" role=\"presentation\">H\u00e6fni til a\u00f0 s\u00fdna fj\u00e1rfestum skuldbindingu okkar vi\u00f0 ESG og si\u00f0fer\u00f0ilega starfsemi (n\u00faverandi og framt\u00ed\u00f0)<\/p>\n<\/li>\n<\/ul>\n<\/div>\n<\/div>\n<div id=\"div_block-74-14\" class=\"ct-div-block\" ><img decoding=\"async\"  id=\"image-75-14\" alt=\"\" src=\"https:\/\/www.vanguardhealthcare.co.uk\/wp-content\/uploads\/2023\/05\/Mobile-operating-theatre-delivery_vanguard.jpg\" class=\"ct-image\"\/><\/div>\n<\/div>\n<\/div>\n<\/section>\n<section id=\"section-88-34-blue\" class=\"ct-section\" >\n<div class=\"ct-section-inner-wrap\">\n<div id=\"new_columns-89-34-blue\" class=\"ct-new-columns\" >\n<div id=\"div_block-94-34\" class=\"ct-div-block\" ><img decoding=\"async\"  id=\"image-95-34\" alt=\"\" src=\"https:\/\/www.vanguardhealthcare.co.uk\/wp-content\/uploads\/2023\/05\/Staffed-operating-theatre1.jpg\" class=\"ct-image\"\/><\/div>\n<div id=\"div_block-90-34\" class=\"ct-div-block\" >\n<h2 id=\"headline-91-34\" class=\"ct-headline\">Vi\u00f0 metum birgja okkar \u00fat fr\u00e1 \u00e1h\u00e6ttunni og \u00feroska \u00feeirra<\/h2>\n<div id=\"_rich_text-92-34\" class=\"oxy-rich-text\" >\n<p dir=\"ltr\">Vi\u00f0 teljum birgja okkar:<\/p>\n<ul>\n<li dir=\"ltr\" aria-level=\"1\">\n<p dir=\"ltr\" role=\"presentation\"><a href=\"..\/environment\/\">Samf\u00e9lagsleg \u00e1byrg\u00f0 fyrirt\u00e6kja<\/a>&nbsp;(CSR)<\/p>\n<\/li>\n<li dir=\"ltr\" aria-level=\"1\">\n<p dir=\"ltr\" role=\"presentation\">Orku- og eldsneytisn\u00fdting<\/p>\n<\/li>\n<li dir=\"ltr\" aria-level=\"1\">\n<p dir=\"ltr\" role=\"presentation\">Heilsu- og \u00f6ryggisstefnur<\/p>\n<\/li>\n<li dir=\"ltr\" aria-level=\"1\">\n<p dir=\"ltr\" role=\"presentation\">Samg\u00f6ngustefnur<\/p>\n<\/li>\n<li dir=\"ltr\" aria-level=\"1\">\n<p dir=\"ltr\" role=\"presentation\">Notkun sta\u00f0bundinnar atvinnu<\/p>\n<\/li>\n<li dir=\"ltr\" aria-level=\"1\">\n<p dir=\"ltr\" role=\"presentation\">N\u00e1ms- og \u00fej\u00e1lfunarskr\u00e1<\/p>\n<\/li>\n<\/ul>\n<p dir=\"ltr\">Sem veitandi heilsug\u00e6slulausna erum vi\u00f0 sj\u00faklingsmi\u00f0u\u00f0. \u00c1 \u00f6llum t\u00edmum er forgangsverkefni okkar um\u00f6nnun og \u00f6ryggi sj\u00faklinga og vi\u00f0skiptavina okkar; vi\u00f0 v\u00e6ntum \u00feess a\u00f0 birgjar okkar deili \u00feessum \u00e1herslum.&nbsp;&nbsp;<\/p>\n<p dir=\"ltr\">Or\u00f0spor okkar er byggt \u00e1 getu okkar til a\u00f0 veita h\u00e1g\u00e6\u00f0a heilsug\u00e6slur\u00fdmi. Eftir \u00fev\u00ed sem reglur okkar aukast, viljum vi\u00f0 halda \u00feeim birgjum sem uppfylla sta\u00f0la okkar svo vi\u00f0 getum haldi\u00f0 \u00e1fram a\u00f0 byggja \u00e1 velgengni okkar hinga\u00f0 til.<\/p>\n<\/div>\n<\/div>\n<\/div>\n<\/div>\n<\/section>\n<section id=\"section-68-14-text-left-white\" class=\"ct-section\" >\n<div class=\"ct-section-inner-wrap\">\n<div id=\"new_columns-69-14text-left-white\" class=\"ct-new-columns\" >\n<div id=\"div_block-70-14\" class=\"ct-div-block\" >\n<h2 id=\"headline-71-14\" class=\"ct-headline\">N\u00fat\u00edma a\u00f0fer\u00f0ir vi\u00f0 byggingu og n\u00fdsk\u00f6pun<\/h2>\n<div id=\"_rich_text-72-14\" class=\"oxy-rich-text\" >\n<p dir=\"ltr\">\u00de\u00f3 a\u00f0 vi\u00f0 s\u00e9um samkeppnish\u00e6f, tryggjum vi\u00f0 a\u00f0 a\u00f0fangake\u00f0ja okkar sty\u00f0ji metna\u00f0 okkar fyrirt\u00e6kja, me\u00f0 \u00fev\u00ed a\u00f0 kanna og pr\u00f3fa n\u00fdjar v\u00f6rur, efni og \u00fej\u00f3nustu.<\/p>\n<\/div>\n<\/div>\n<div id=\"div_block-74-14\" class=\"ct-div-block\" ><img decoding=\"async\"  id=\"image-75-14\" alt=\"\" src=\"https:\/\/www.vanguardhealthcare.co.uk\/wp-content\/uploads\/2023\/06\/design-and-build-4.jpg\" class=\"ct-image\"\/><\/div>\n<\/div>\n<\/div>\n<\/section>\n<section id=\"section-88-34-blue\" class=\"ct-section\" >\n<div class=\"ct-section-inner-wrap\">\n<div id=\"new_columns-89-34-blue\" class=\"ct-new-columns\" >\n<div id=\"div_block-94-34\" class=\"ct-div-block\" ><img decoding=\"async\"  id=\"image-95-34\" alt=\"\" src=\"https:\/\/www.vanguardhealthcare.co.uk\/wp-content\/uploads\/2023\/09\/ESG_-_Earth_with_stethoscope-1017x1024.jpg\" class=\"ct-image\"\/><\/div>\n<div id=\"div_block-90-34\" class=\"ct-div-block\" >\n<h2 id=\"headline-91-34\" class=\"ct-headline\">Sj\u00e1lfb\u00e6rni<\/h2>\n<div id=\"_rich_text-92-34\" class=\"oxy-rich-text\" >\n<p dir=\"ltr\">Vi\u00f0 erum al\u00fej\u00f3\u00f0legur h\u00f3pur og erum \u00e1 lei\u00f0 \u00ed \u00e1tt a\u00f0 \u00fev\u00ed a\u00f0 ver\u00f0a kolefnishlutlaus. Byggt \u00e1 n\u00faverandi skuldbindingu okkar munum vi\u00f0 halda \u00e1fram a\u00f0 b\u00e6ta umhverfisskilr\u00edki okkar til a\u00f0 gera okkur kleift a\u00f0 uppfylla sj\u00e1lfb\u00e6rnimarkmi\u00f0in sem vi\u00f0 settum okkur \u00ed okkar&nbsp;<a href=\"..\/environment\/\">ESG stefna<\/a>&nbsp;2022\u20142035.<\/p>\n<\/div>\n<\/div>\n<\/div>\n<\/div>\n<\/section>\n<section id=\"section-114-34\" class=\"ct-section\" >\n<div class=\"ct-section-inner-wrap\">\n<div id=\"new_columns-115-34\" class=\"ct-new-columns\" >\n<div id=\"div_block-116-34\" class=\"ct-div-block\" >\n<h2 id=\"headline-117-34\" class=\"ct-headline\">Ramma\u00fe\u00e1tttaka okkar<\/h2>\n<div id=\"_rich_text-118-34\" class=\"oxy-rich-text\" >\n<p>\u00de\u00e1tttaka okkar \u00ed NHS a\u00f0fangake\u00f0junni, og \u00e1framhaldandi vinna okkar me\u00f0 NHS og heilbrig\u00f0isstofnunum, krefst \u00feess a\u00f0 vi\u00f0 veitum reglulega tryggingu fyrir margs konar samr\u00e6misr\u00e1\u00f0st\u00f6funum.<\/p>\n<\/div>\n<p><a id=\"link_button-119-34\" class=\"ct-link-button button-pink\" href=\"\/is_is\/our-frameworks\/\" target=\"_self\"  >Umgj\u00f6r\u00f0in okkar<\/a><\/div>\n<div id=\"div_block-120-34\" class=\"ct-div-block\" ><img decoding=\"async\"  id=\"image-121-34\" alt=\"\" src=\"https:\/\/www.vanguardhealthcare.co.uk\/wp-content\/uploads\/2023\/06\/modular-surgical-hub-scaled.jpg\" class=\"ct-image\"\/><\/div>\n<\/div>\n<\/div>\n<\/section>\n<section id=\"section-144-59\" class=\"ct-section\" >\n<div class=\"ct-section-inner-wrap\">\n<div id=\"new_columns-145-59\" class=\"ct-new-columns\" >\n<div id=\"div_block-146-59\" class=\"ct-div-block\" >\n<div id=\"_rich_text-9-63\" class=\"oxy-rich-text\" >\n<p>A\u00f0 finna lausn sem virkar fyrir sj\u00fakrah\u00fasi\u00f0 \u00feitt g\u00e6ti byrja\u00f0 h\u00e9r ...<\/p>\n<\/div>\n<p><a id=\"link_button-149-59\" class=\"ct-link-button\" href=\"\/is_is\/contact\/\" target=\"_self\"  >Komast \u00ed samband<\/a><\/div>\n<div id=\"div_block-150-59\" class=\"ct-div-block\" ><img decoding=\"async\"  id=\"image-151-59\" alt=\"\" src=\"https:\/\/www.vanguardhealthcare.co.uk\/wp-content\/uploads\/2023\/06\/kettering-2-1.jpg\" class=\"ct-image\"\/><\/div>\n<\/div>\n<\/div>\n<\/section>","protected":false},"excerpt":{"rendered":"","protected":false},"author":2,"featured_media":0,"parent":0,"menu_order":0,"comment_status":"closed","ping_status":"closed","template":"","meta":{"_acf_changed":false,"footnotes":""},"class_list":["post-455","page","type-page","status-publish","format-standard","hentry"],"acf":[],"yoast_head":"<!-- This site is optimized with the Yoast SEO plugin v27.3 - https:\/\/yoast.com\/product\/yoast-seo-wordpress\/ -->\n<title>Procurement - Vanguard Healthcare Solutions<\/title>\n<meta name=\"robots\" content=\"index, follow, max-snippet:-1, max-image-preview:large, max-video-preview:-1\" \/>\n<link rel=\"canonical\" href=\"https:\/\/www.vanguardhealthcare.co.uk\/is_is\/procurement\/\" \/>\n<meta property=\"og:locale\" content=\"is_IS\" \/>\n<meta property=\"og:type\" content=\"article\" \/>\n<meta property=\"og:title\" content=\"Procurement - Vanguard Healthcare Solutions\" \/>\n<meta property=\"og:url\" content=\"https:\/\/www.vanguardhealthcare.co.uk\/is_is\/procurement\/\" \/>\n<meta property=\"og:site_name\" content=\"Vanguard Healthcare Solutions\" \/>\n<meta property=\"article:modified_time\" content=\"2023-09-07T08:50:18+00:00\" \/>\n<meta name=\"twitter:card\" content=\"summary_large_image\" \/>\n<script type=\"application\/ld+json\" class=\"yoast-schema-graph\">{\"@context\":\"https:\\\/\\\/schema.org\",\"@graph\":[{\"@type\":\"WebPage\",\"@id\":\"https:\\\/\\\/www.vanguardhealthcare.co.uk\\\/procurement\\\/\",\"url\":\"https:\\\/\\\/www.vanguardhealthcare.co.uk\\\/procurement\\\/\",\"name\":\"Procurement - Vanguard Healthcare Solutions\",\"isPartOf\":{\"@id\":\"https:\\\/\\\/www.vanguardhealthcare.co.uk\\\/#website\"},\"datePublished\":\"2023-07-03T14:28:23+00:00\",\"dateModified\":\"2023-09-07T08:50:18+00:00\",\"breadcrumb\":{\"@id\":\"https:\\\/\\\/www.vanguardhealthcare.co.uk\\\/procurement\\\/#breadcrumb\"},\"inLanguage\":\"is\",\"potentialAction\":[{\"@type\":\"ReadAction\",\"target\":[\"https:\\\/\\\/www.vanguardhealthcare.co.uk\\\/procurement\\\/\"]}]},{\"@type\":\"BreadcrumbList\",\"@id\":\"https:\\\/\\\/www.vanguardhealthcare.co.uk\\\/procurement\\\/#breadcrumb\",\"itemListElement\":[{\"@type\":\"ListItem\",\"position\":1,\"name\":\"Home\",\"item\":\"https:\\\/\\\/www.vanguardhealthcare.co.uk\\\/\"},{\"@type\":\"ListItem\",\"position\":2,\"name\":\"Procurement\"}]},{\"@type\":\"WebSite\",\"@id\":\"https:\\\/\\\/www.vanguardhealthcare.co.uk\\\/#website\",\"url\":\"https:\\\/\\\/www.vanguardhealthcare.co.uk\\\/\",\"name\":\"Vanguard Healthcare Solutions\",\"description\":\"\",\"potentialAction\":[{\"@type\":\"SearchAction\",\"target\":{\"@type\":\"EntryPoint\",\"urlTemplate\":\"https:\\\/\\\/www.vanguardhealthcare.co.uk\\\/?s={search_term_string}\"},\"query-input\":{\"@type\":\"PropertyValueSpecification\",\"valueRequired\":true,\"valueName\":\"search_term_string\"}}],\"inLanguage\":\"is\"}]}<\/script>\n<!-- \/ Yoast SEO plugin. -->","yoast_head_json":{"title":"Innkaup - Vanguard Heilbrig\u00f0islausnir","robots":{"index":"index","follow":"follow","max-snippet":"max-snippet:-1","max-image-preview":"max-image-preview:large","max-video-preview":"max-video-preview:-1"},"canonical":"https:\/\/www.vanguardhealthcare.co.uk\/is_is\/procurement\/","og_locale":"is_IS","og_type":"article","og_title":"Procurement - Vanguard Healthcare Solutions","og_url":"https:\/\/www.vanguardhealthcare.co.uk\/is_is\/procurement\/","og_site_name":"Vanguard Healthcare Solutions","article_modified_time":"2023-09-07T08:50:18+00:00","twitter_card":"summary_large_image","schema":{"@context":"https:\/\/schema.org","@graph":[{"@type":"WebPage","@id":"https:\/\/www.vanguardhealthcare.co.uk\/procurement\/","url":"https:\/\/www.vanguardhealthcare.co.uk\/procurement\/","name":"Innkaup - Vanguard Heilbrig\u00f0islausnir","isPartOf":{"@id":"https:\/\/www.vanguardhealthcare.co.uk\/#website"},"datePublished":"2023-07-03T14:28:23+00:00","dateModified":"2023-09-07T08:50:18+00:00","breadcrumb":{"@id":"https:\/\/www.vanguardhealthcare.co.uk\/procurement\/#breadcrumb"},"inLanguage":"is","potentialAction":[{"@type":"ReadAction","target":["https:\/\/www.vanguardhealthcare.co.uk\/procurement\/"]}]},{"@type":"BreadcrumbList","@id":"https:\/\/www.vanguardhealthcare.co.uk\/procurement\/#breadcrumb","itemListElement":[{"@type":"ListItem","position":1,"name":"Home","item":"https:\/\/www.vanguardhealthcare.co.uk\/"},{"@type":"ListItem","position":2,"name":"Procurement"}]},{"@type":"WebSite","@id":"https:\/\/www.vanguardhealthcare.co.uk\/#website","url":"https:\/\/www.vanguardhealthcare.co.uk\/","name":"Vanguard Healthcare Solutions","description":"","potentialAction":[{"@type":"SearchAction","target":{"@type":"EntryPoint","urlTemplate":"https:\/\/www.vanguardhealthcare.co.uk\/?s={search_term_string}"},"query-input":{"@type":"PropertyValueSpecification","valueRequired":true,"valueName":"search_term_string"}}],"inLanguage":"is"}]}},"_links":{"self":[{"href":"https:\/\/www.vanguardhealthcare.co.uk\/is_is\/wp-json\/wp\/v2\/pages\/455","targetHints":{"allow":["GET"]}}],"collection":[{"href":"https:\/\/www.vanguardhealthcare.co.uk\/is_is\/wp-json\/wp\/v2\/pages"}],"about":[{"href":"https:\/\/www.vanguardhealthcare.co.uk\/is_is\/wp-json\/wp\/v2\/types\/page"}],"author":[{"embeddable":true,"href":"https:\/\/www.vanguardhealthcare.co.uk\/is_is\/wp-json\/wp\/v2\/users\/2"}],"replies":[{"embeddable":true,"href":"https:\/\/www.vanguardhealthcare.co.uk\/is_is\/wp-json\/wp\/v2\/comments?post=455"}],"version-history":[{"count":0,"href":"https:\/\/www.vanguardhealthcare.co.uk\/is_is\/wp-json\/wp\/v2\/pages\/455\/revisions"}],"wp:attachment":[{"href":"https:\/\/www.vanguardhealthcare.co.uk\/is_is\/wp-json\/wp\/v2\/media?parent=455"}],"curies":[{"name":"wp","href":"https:\/\/api.w.org\/{rel}","templated":true}]}}