{"id":8357,"date":"2026-03-03T12:30:31","date_gmt":"2026-03-03T12:30:31","guid":{"rendered":"https:\/\/www.vanguardhealthcare.co.uk\/?page_id=8357"},"modified":"2026-03-03T12:30:32","modified_gmt":"2026-03-03T12:30:32","slug":"working-in-partnership-with-portland-clinical","status":"publish","type":"page","link":"https:\/\/www.vanguardhealthcare.co.uk\/hu_hu\/working-in-partnership-with-portland-clinical\/","title":{"rendered":"Egy\u00fcttm\u0171k\u00f6d\u00e9s a Portland Klinik\u00e1val"},"content":{"rendered":"<section id=\"section-2-59\" class=\"ct-section\" style=\"background-image:url(https:\/\/www.vanguardhealthcare.co.uk\/wp-content\/uploads\/2023\/05\/boulders-right.png);background-size: auto;\" >\n<div class=\"ct-section-inner-wrap\">\n<div id=\"div_block-8-59\" class=\"ct-div-block\" ><a id=\"link_text-6-59\" class=\"ct-link-text\" href=\"\/hu_hu\/\" target=\"_self\"  >itthon<\/a><\/p>\n<h1 id=\"headline-3-59\" class=\"ct-headline\"><span id=\"span-4-59\" class=\"ct-span\" >Egy\u00fcttm\u0171k\u00f6d\u00e9s a Portland Klinik\u00e1val<\/span><\/h1>\n<\/div>\n<\/div>\n<\/section>\n<section id=\"section-68-14-text-left-white\" class=\"ct-section\" >\n<div class=\"ct-section-inner-wrap\">\n<div id=\"new_columns-69-14text-left-white\" class=\"ct-new-columns\" >\n<div id=\"div_block-70-14\" class=\"ct-div-block\" >\n<h2 id=\"headline-71-14\" class=\"ct-headline\"><\/h2>\n<div id=\"_rich_text-72-14\" class=\"oxy-rich-text\" >\n<p data-start=\"50\" data-end=\"432\">Az Vanguard Healthcare Solutions b\u00fcszke arra, hogy egy\u00fcttm\u0171k\u00f6dik a Portland Clinicallel, egy CQC \u00e1ltal regisztr\u00e1lt eg\u00e9szs\u00e9g\u00fcgyi szolg\u00e1ltat\u00f3val, amely klinikai insourcingot \u00e9s k\u00f6z\u00f6ss\u00e9gi szolg\u00e1ltat\u00e1sokat ny\u00fajt az Egyes\u00fclt Kir\u00e1lys\u00e1g eg\u00e9sz ter\u00fclet\u00e9n. Egy\u00fcttesen t\u00e1mogatjuk az NHS Trustokat \u00e9s az Integrated Care Systems-et a kapacit\u00e1s b\u0151v\u00edt\u00e9s\u00e9ben, a v\u00e1r\u00f3list\u00e1k cs\u00f6kkent\u00e9s\u00e9ben \u00e9s a tervezett gy\u00f3gyul\u00e1si c\u00e9lok v\u00e9delm\u00e9ben biztons\u00e1gos, magas sz\u00ednvonal\u00fa, betegk\u00f6zpont\u00fa ell\u00e1t\u00e1s r\u00e9v\u00e9n.<\/p>\n<p class=\"MsoNormal\">&nbsp;<\/p>\n<p data-start=\"434\" data-end=\"858\">Ez a partners\u00e9g egym\u00e1st kieg\u00e9sz\u00edt\u0151 er\u0151ss\u00e9geket egyes\u00edt. A Portland Clinical tan\u00e1csad\u00f3k \u00e1ltal vezetett munkaer\u0151t, bev\u00e1lt ir\u00e1ny\u00edt\u00e1si kereteket \u00e9s beteg\u00fat-menedzsment szak\u00e9rtelmet biztos\u00edt. Az Vanguard Healthcare Solutions kiv\u00e1l\u00f3 min\u0151s\u00e9g\u0171 modul\u00e1ris l\u00e9tes\u00edtm\u00e9nyeket, mobil m\u0171t\u0151ket \u00e9s teljesen felszerelt klinikai k\u00f6rnyezeteket k\u00edn\u00e1l. Egy\u00fcttesen integr\u00e1lt, kulcsrak\u00e9sz megold\u00e1sokat k\u00edn\u00e1lunk, amelyek c\u00e9lja a rendszernyom\u00e1s gyors \u00e9s hat\u00e9kony kezel\u00e9se.<\/p>\n<\/div>\n<\/div>\n<div id=\"div_block-74-14\" class=\"ct-div-block\" ><img decoding=\"async\"  id=\"image-75-14\" alt=\"\" src=\"https:\/\/www.vanguardhealthcare.co.uk\/wp-content\/uploads\/2024\/08\/Vanguard-team.jpg\" class=\"ct-image\"\/><\/div>\n<\/div>\n<\/div>\n<\/section>\n<section id=\"section-132-34\" class=\"ct-section\" >\n<div class=\"ct-section-inner-wrap\">\n<div id=\"new_columns-133-34\" class=\"ct-new-columns\" >\n<div id=\"div_block-138-34\" class=\"ct-div-block\" ><img decoding=\"async\"  id=\"image-139-34\" alt=\"\" src=\"https:\/\/www.vanguardhealthcare.co.uk\/wp-content\/uploads\/2025\/12\/Nurse-Base.jpg\" class=\"ct-image\"\/><\/div>\n<div id=\"div_block-134-34\" class=\"ct-div-block\" >\n<h2 id=\"headline-135-34\" class=\"ct-headline\">Amit egy\u00fctt ny\u00fajtunk<\/h2>\n<div id=\"_rich_text-136-34\" class=\"oxy-rich-text\" >\n<h3 data-start=\"889\" data-end=\"912\">Klinikai kiszervez\u00e9s<\/h3>\n<p data-start=\"914\" data-end=\"1053\">Partners\u00e9gben struktur\u00e1lt, nagy hat\u00e1s\u00fa bels\u0151 beszerz\u00e9si modelleket k\u00edn\u00e1lunk, amelyek t\u00e1mogatj\u00e1k a v\u00e1laszthat\u00f3 fel\u00e9p\u00fcl\u00e9st \u00e9s a teljes\u00edtm\u00e9nyjavul\u00e1st, bele\u00e9rtve:<\/p>\n<ul data-start=\"1055\" data-end=\"1315\">\n<li data-start=\"1055\" data-end=\"1108\">\n<p data-start=\"1057\" data-end=\"1108\">Konzult\u00e1ns \u00e1ltal vezetett seb\u00e9szeti \u00e9s nem seb\u00e9szeti \u00fatvonalak<\/p>\n<\/li>\n<li data-start=\"1109\" data-end=\"1161\">\n<p data-start=\"1111\" data-end=\"1161\">Nagy volumen\u0171 v\u00e1laszthat\u00f3 elmarad\u00e1s-felsz\u00e1mol\u00e1si programok<\/p>\n<\/li>\n<li data-start=\"1162\" data-end=\"1207\">\n<p data-start=\"1164\" data-end=\"1207\">H\u00e9tv\u00e9gi \u00e9s hosszabb\u00edtott napos m\u0171k\u00f6d\u00e9si modellek<\/p>\n<\/li>\n<li data-start=\"1208\" data-end=\"1260\">\n<p data-start=\"1210\" data-end=\"1260\">RTT-helyre\u00e1ll\u00edt\u00e1s \u00e9s teljes\u00edtm\u00e9nyjav\u00edt\u00e1si t\u00e1mogat\u00e1s<\/p>\n<\/li>\n<li data-start=\"1261\" data-end=\"1315\">\n<p data-start=\"1263\" data-end=\"1315\">Teljes k\u00f6r\u0171 ir\u00e1ny\u00edt\u00e1si fel\u00fcgyelet a CQC szabv\u00e1nyaival \u00f6sszhangban<\/p>\n<\/li>\n<\/ul>\n<p class=\"MsoNormal\">&nbsp;<\/p>\n<p data-start=\"1317\" data-end=\"1465\">Azzal, hogy a klinikai ell\u00e1t\u00e1st \u00f6sszehangoljuk a megb\u00edzhat\u00f3 operat\u00edv tervez\u00e9ssel \u00e9s a magas sz\u00ednvonal\u00fa l\u00e9tes\u00edtm\u00e9nyekkel, seg\u00edt\u00fcnk a tr\u00f6szt\u00f6knek biztons\u00e1gosan \u00e9s fenntarthat\u00f3an n\u00f6velni tev\u00e9kenys\u00e9g\u00fcket.<\/p>\n<\/div>\n<\/div>\n<\/div>\n<\/div>\n<\/section>\n<section id=\"section-68-14-text-left-white\" class=\"ct-section\" >\n<div class=\"ct-section-inner-wrap\">\n<div id=\"new_columns-69-14text-left-white\" class=\"ct-new-columns\" >\n<div id=\"div_block-70-14\" class=\"ct-div-block\" >\n<h2 id=\"headline-71-14\" class=\"ct-headline\">Modul\u00e1ris \u00e9s mobil l\u00e9tes\u00edtm\u00e9nyintegr\u00e1ci\u00f3<\/h2>\n<div id=\"_rich_text-72-14\" class=\"oxy-rich-text\" >\n<p data-start=\"1512\" data-end=\"1718\">Az Vanguard gyors telep\u00edt\u00e9si infrastrukt\u00fara ter\u00e9n szerzett szak\u00e9rtelme, a Portland Clinical klinikai vezet\u0151 szerep\u00e9vel \u00f6tv\u00f6zve lehet\u0151v\u00e9 teszi a komplett, m\u0171k\u00f6d\u0151k\u00e9pes seb\u00e9szeti k\u00f6rnyezetek l\u00e9trehoz\u00e1s\u00e1t. K\u00f6z\u00f6s aj\u00e1nlatunk a k\u00f6vetkez\u0151ket tartalmazza:<\/p>\n<ul data-start=\"1720\" data-end=\"1991\">\n<li data-start=\"1720\" data-end=\"1772\">\n<p data-start=\"1722\" data-end=\"1772\">M\u0171t\u0151k \u00e9s oszt\u00e1lyok gyors telep\u00edt\u00e9se<\/p>\n<\/li>\n<li data-start=\"1773\" data-end=\"1830\">\n<p data-start=\"1775\" data-end=\"1830\">\u00d6n\u00e1ll\u00f3 seb\u00e9szeti k\u00f6zpontok a v\u00e1laszthat\u00f3 kapacit\u00e1s v\u00e9delm\u00e9re<\/p>\n<\/li>\n<li data-start=\"1831\" data-end=\"1891\">\n<p data-start=\"1833\" data-end=\"1891\">\u00c1tereszt\u00e9si kapacit\u00e1s fel\u00faj\u00edt\u00e1s vagy lak\u00f3telepi nyom\u00e1s alatt<\/p>\n<\/li>\n<li data-start=\"1892\" data-end=\"1951\">\n<p data-start=\"1894\" data-end=\"1951\">Fel\u00fcgyelt szolg\u00e1ltat\u00e1si modellek, amelyek \u00f6tv\u00f6zik a l\u00e9tes\u00edtm\u00e9nyt \u00e9s a munkaer\u0151t<\/p>\n<\/li>\n<li data-start=\"1952\" data-end=\"1991\">\n<p data-start=\"1954\" data-end=\"1991\">V\u00e9gpontt\u00f3l v\u00e9gpontig tart\u00f3 operat\u00edv mozg\u00f3s\u00edt\u00e1s<\/p>\n<\/li>\n<\/ul>\n<p class=\"MsoNormal\">&nbsp;<\/p>\n<p data-start=\"1993\" data-end=\"2126\">Ez az integr\u00e1lt megk\u00f6zel\u00edt\u00e9s lehet\u0151v\u00e9 teszi az NHS partnerei sz\u00e1m\u00e1ra, hogy egyetlen \u00f6sszehangolt megold\u00e1sban f\u00e9rhessenek hozz\u00e1 mind a fizikai kapacit\u00e1shoz, mind a k\u00e9pzett klinikai csapatokhoz.<\/p>\n<\/div>\n<\/div>\n<div id=\"div_block-74-14\" class=\"ct-div-block\" ><img decoding=\"async\"  id=\"image-75-14\" alt=\"\" src=\"https:\/\/www.vanguardhealthcare.co.uk\/wp-content\/uploads\/2025\/11\/DJI_20250619160710_0016_D-min.jpg\" class=\"ct-image\"\/><\/div>\n<\/div>\n<\/div>\n<\/section>\n<section id=\"section-132-34\" class=\"ct-section\" >\n<div class=\"ct-section-inner-wrap\">\n<div id=\"new_columns-133-34\" class=\"ct-new-columns\" >\n<div id=\"div_block-138-34\" class=\"ct-div-block\" ><img decoding=\"async\"  id=\"image-139-34\" alt=\"\" src=\"https:\/\/www.vanguardhealthcare.co.uk\/wp-content\/uploads\/2025\/12\/Exterior-front-1-scaled.jpg\" class=\"ct-image\"\/><\/div>\n<div id=\"div_block-134-34\" class=\"ct-div-block\" >\n<h2 id=\"headline-135-34\" class=\"ct-headline\">K\u00f6z\u00f6ss\u00e9gi \u00e9s diagnosztikai szolg\u00e1ltat\u00e1sok<\/h2>\n<div id=\"_rich_text-136-34\" class=\"oxy-rich-text\" >\n<p data-start=\"2167\" data-end=\"2308\">Egy\u00fcttm\u0171k\u00f6d\u00fcnk a k\u00f6z\u00f6ss\u00e9gi alap\u00fa \u00e9s diagnosztikai ell\u00e1t\u00e1s meger\u0151s\u00edt\u00e9s\u00e9n is, seg\u00edtve a rendszereket az otthonhoz k\u00f6zelebb kezelni az ig\u00e9nyeket. Szolg\u00e1ltat\u00e1saink a k\u00f6vetkez\u0151k:<\/p>\n<ul data-start=\"2310\" data-end=\"2482\">\n<li data-start=\"2310\" data-end=\"2347\">\n<p data-start=\"2312\" data-end=\"2347\">J\u00e1r\u00f3beteg- \u00e9s diagnosztikai klinik\u00e1k<\/p>\n<\/li>\n<li data-start=\"2348\" data-end=\"2385\">\n<p data-start=\"2350\" data-end=\"2385\">K\u00f6z\u00f6ss\u00e9gi alap\u00fa v\u00e1laszthat\u00f3 utak<\/p>\n<\/li>\n<li data-start=\"2386\" data-end=\"2424\">\n<p data-start=\"2388\" data-end=\"2424\">Ment\u00e1lhigi\u00e9n\u00e9s \u00e9s ter\u00e1pi\u00e1s szolg\u00e1ltat\u00e1sok<\/p>\n<\/li>\n<li data-start=\"2425\" data-end=\"2482\">\n<p data-start=\"2427\" data-end=\"2482\">Digit\u00e1lisan t\u00e1mogatott betegelv\u00e1laszt\u00e1s \u00e9s beteg\u00fat-menedzsment<\/p>\n<\/li>\n<\/ul>\n<p class=\"MsoNormal\">&nbsp;<\/p>\n<p data-start=\"2484\" data-end=\"2611\">Az infrastrukt\u00fara, a munkaer\u0151 \u00e9s az ell\u00e1t\u00e1si \u00fatvonalak kialak\u00edt\u00e1s\u00e1nak kombin\u00e1l\u00e1s\u00e1val hat\u00e9konyabb beteg\u00e1raml\u00e1st \u00e9s az ell\u00e1t\u00e1shoz val\u00f3 jobb hozz\u00e1f\u00e9r\u00e9st t\u00e1mogatjuk.<\/p>\n<\/div>\n<\/div>\n<\/div>\n<\/div>\n<\/section>\n<section id=\"section-68-14-text-left-white\" class=\"ct-section\" >\n<div class=\"ct-section-inner-wrap\">\n<div id=\"new_columns-69-14text-left-white\" class=\"ct-new-columns\" >\n<div id=\"div_block-70-14\" class=\"ct-div-block\" >\n<h2 id=\"headline-71-14\" class=\"ct-headline\">Mi\u00e9rt fontos ez a partners\u00e9g?<\/h2>\n<div id=\"_rich_text-72-14\" class=\"oxy-rich-text\" >\n<p data-start=\"2646\" data-end=\"2856\">Az NHS tov\u00e1bbra is jelent\u0151s kapacit\u00e1sbeli kih\u00edv\u00e1sokkal n\u00e9z szembe a m\u0171t\u0151k, a diagnosztika \u00e9s a v\u00e1laszthat\u00f3 szolg\u00e1ltat\u00e1sok ter\u00e9n. Ezen nyom\u00e1sok kezel\u00e9se sk\u00e1l\u00e1zhat\u00f3, megfelel\u0151 \u00e9s m\u0171k\u00f6d\u00e9sileg robusztus megold\u00e1sokat ig\u00e9nyel.<\/p>\n<p data-start=\"2858\" data-end=\"2960\">A Portland Clinicallel val\u00f3 egy\u00fcttm\u0171k\u00f6d\u00e9s\u00fcnk r\u00e9v\u00e9n az Vanguard Healthcare Solutions a k\u00f6vetkez\u0151 rendszereket k\u00edn\u00e1lja:<\/p>\n<ul data-start=\"2962\" data-end=\"3204\">\n<li data-start=\"2962\" data-end=\"3026\">\n<p data-start=\"2964\" data-end=\"3026\">Sk\u00e1l\u00e1zhat\u00f3 kieg\u00e9sz\u00edt\u0151 kapacit\u00e1s hossz\u00fa t\u00e1v\u00fa ingatlanterhel\u00e9s n\u00e9lk\u00fcl<\/p>\n<\/li>\n<li data-start=\"3027\" data-end=\"3073\">\n<p data-start=\"3029\" data-end=\"3073\">Gyors mozg\u00f3s\u00edt\u00e1s biztos\u00edtott ir\u00e1ny\u00edt\u00e1ssal<\/p>\n<\/li>\n<li data-start=\"3074\" data-end=\"3107\">\n<p data-start=\"3076\" data-end=\"3107\">CQC-vel \u00f6sszehangolt klinikai ell\u00e1t\u00e1s<\/p>\n<\/li>\n<li data-start=\"3108\" data-end=\"3159\">\n<p data-start=\"3110\" data-end=\"3159\">Integr\u00e1lt jelent\u00e9sk\u00e9sz\u00edt\u00e9s \u00e9s teljes\u00edtm\u00e9nymenedzsment<\/p>\n<\/li>\n<li data-start=\"3160\" data-end=\"3204\">\n<p data-start=\"3162\" data-end=\"3204\">Egy\u00fcttm\u0171k\u00f6d\u0151, rendszerk\u00f6zpont\u00fa megk\u00f6zel\u00edt\u00e9s<\/p>\n<\/li>\n<\/ul>\n<p data-start=\"1512\" data-end=\"1718\">&nbsp;<\/p>\n<p data-start=\"3206\" data-end=\"3360\" data-is-last-node=\"\" data-is-only-node=\"\">Egy\u00fcttesen lehet\u0151v\u00e9 tessz\u00fck az NHS szervezetei sz\u00e1m\u00e1ra, hogy \u00fctemesen b\u0151v\u00edts\u00e9k a biztons\u00e1gos kapacit\u00e1st, megv\u00e9dj\u00e9k a tervezett fel\u00e9p\u00fcl\u00e9st, \u00e9s id\u0151ben ell\u00e1t\u00e1st ny\u00fajtsanak a betegeknek az Egyes\u00fclt Kir\u00e1lys\u00e1g eg\u00e9sz ter\u00fclet\u00e9n.<\/p>\n<\/div>\n<\/div>\n<div id=\"div_block-74-14\" class=\"ct-div-block\" ><img decoding=\"async\"  id=\"image-75-14\" alt=\"\" src=\"https:\/\/www.vanguardhealthcare.co.uk\/wp-content\/uploads\/2023\/10\/Every-clinical-team-member-brings-their-expertise-and-experience-image-scaled.jpg\" class=\"ct-image\"\/><\/div>\n<\/div>\n<\/div>\n<\/section>\n<section id=\"section-144-59\" class=\"ct-section\" >\n<div class=\"ct-section-inner-wrap\">\n<div id=\"new_columns-145-59\" class=\"ct-new-columns\" >\n<div id=\"div_block-146-59\" class=\"ct-div-block\" >\n<div id=\"_rich_text-9-63\" class=\"oxy-rich-text\" >\n<p>A k\u00f3rh\u00e1za sz\u00e1m\u00e1ra megfelel\u0151 megold\u00e1s megtal\u00e1l\u00e1sa itt kezd\u0151dik\u2026<\/p>\n<\/div>\n<p><a id=\"link_button-149-59\" class=\"ct-link-button\" href=\"\/hu_hu\/contact\/\" target=\"_self\"  >Felveszi a kapcsolatot<\/a><\/div>\n<div id=\"div_block-150-59\" class=\"ct-div-block\" ><img decoding=\"async\"  id=\"image-151-59\" alt=\"\" src=\"https:\/\/www.vanguardhealthcare.co.uk\/wp-content\/uploads\/2023\/06\/kettering-2-1.jpg\" class=\"ct-image\"\/><\/div>\n<\/div>\n<\/div>\n<\/section>","protected":false},"excerpt":{"rendered":"","protected":false},"author":11,"featured_media":0,"parent":0,"menu_order":0,"comment_status":"closed","ping_status":"closed","template":"","meta":{"_acf_changed":false,"footnotes":""},"class_list":["post-8357","page","type-page","status-publish","format-standard","hentry"],"acf":[],"yoast_head":"<!-- This site is optimized with the Yoast SEO plugin v27.4 - https:\/\/yoast.com\/product\/yoast-seo-wordpress\/ -->\n<title>Working in Partnership with Portland Clinical - Vanguard Healthcare Solutions<\/title>\n<meta name=\"robots\" content=\"index, follow, max-snippet:-1, max-image-preview:large, max-video-preview:-1\" \/>\n<link rel=\"canonical\" href=\"https:\/\/www.vanguardhealthcare.co.uk\/hu_hu\/working-in-partnership-with-portland-clinical\/\" \/>\n<meta property=\"og:locale\" content=\"hu_HU\" \/>\n<meta property=\"og:type\" content=\"article\" \/>\n<meta property=\"og:title\" content=\"Working in Partnership with Portland Clinical - Vanguard Healthcare Solutions\" \/>\n<meta property=\"og:url\" content=\"https:\/\/www.vanguardhealthcare.co.uk\/hu_hu\/working-in-partnership-with-portland-clinical\/\" \/>\n<meta property=\"og:site_name\" content=\"Vanguard Healthcare Solutions\" \/>\n<meta property=\"article:modified_time\" content=\"2026-03-03T12:30:32+00:00\" \/>\n<meta name=\"twitter:card\" content=\"summary_large_image\" \/>\n<meta name=\"twitter:label1\" content=\"Becs\u00fclt olvas\u00e1si id\u0151\" \/>\n\t<meta name=\"twitter:data1\" content=\"1 perc\" \/>\n<script type=\"application\/ld+json\" class=\"yoast-schema-graph\">{\"@context\":\"https:\\\/\\\/schema.org\",\"@graph\":[{\"@type\":\"WebPage\",\"@id\":\"https:\\\/\\\/www.vanguardhealthcare.co.uk\\\/working-in-partnership-with-portland-clinical\\\/\",\"url\":\"https:\\\/\\\/www.vanguardhealthcare.co.uk\\\/working-in-partnership-with-portland-clinical\\\/\",\"name\":\"Working in Partnership with Portland Clinical - Vanguard Healthcare Solutions\",\"isPartOf\":{\"@id\":\"https:\\\/\\\/www.vanguardhealthcare.co.uk\\\/#website\"},\"datePublished\":\"2026-03-03T12:30:31+00:00\",\"dateModified\":\"2026-03-03T12:30:32+00:00\",\"breadcrumb\":{\"@id\":\"https:\\\/\\\/www.vanguardhealthcare.co.uk\\\/working-in-partnership-with-portland-clinical\\\/#breadcrumb\"},\"inLanguage\":\"hu\",\"potentialAction\":[{\"@type\":\"ReadAction\",\"target\":[\"https:\\\/\\\/www.vanguardhealthcare.co.uk\\\/working-in-partnership-with-portland-clinical\\\/\"]}]},{\"@type\":\"BreadcrumbList\",\"@id\":\"https:\\\/\\\/www.vanguardhealthcare.co.uk\\\/working-in-partnership-with-portland-clinical\\\/#breadcrumb\",\"itemListElement\":[{\"@type\":\"ListItem\",\"position\":1,\"name\":\"Home\",\"item\":\"https:\\\/\\\/www.vanguardhealthcare.co.uk\\\/\"},{\"@type\":\"ListItem\",\"position\":2,\"name\":\"Working in Partnership with Portland Clinical\"}]},{\"@type\":\"WebSite\",\"@id\":\"https:\\\/\\\/www.vanguardhealthcare.co.uk\\\/#website\",\"url\":\"https:\\\/\\\/www.vanguardhealthcare.co.uk\\\/\",\"name\":\"Vanguard Healthcare Solutions\",\"description\":\"\",\"potentialAction\":[{\"@type\":\"SearchAction\",\"target\":{\"@type\":\"EntryPoint\",\"urlTemplate\":\"https:\\\/\\\/www.vanguardhealthcare.co.uk\\\/?s={search_term_string}\"},\"query-input\":{\"@type\":\"PropertyValueSpecification\",\"valueRequired\":true,\"valueName\":\"search_term_string\"}}],\"inLanguage\":\"hu\"}]}<\/script>\n<!-- \/ Yoast SEO plugin. -->","yoast_head_json":{"title":"Egy\u00fcttm\u0171k\u00f6d\u00e9s a Portland Clinicallel - Vanguard Healthcare Solutions","robots":{"index":"index","follow":"follow","max-snippet":"max-snippet:-1","max-image-preview":"max-image-preview:large","max-video-preview":"max-video-preview:-1"},"canonical":"https:\/\/www.vanguardhealthcare.co.uk\/hu_hu\/working-in-partnership-with-portland-clinical\/","og_locale":"hu_HU","og_type":"article","og_title":"Working in Partnership with Portland Clinical - Vanguard Healthcare Solutions","og_url":"https:\/\/www.vanguardhealthcare.co.uk\/hu_hu\/working-in-partnership-with-portland-clinical\/","og_site_name":"Vanguard Healthcare Solutions","article_modified_time":"2026-03-03T12:30:32+00:00","twitter_card":"summary_large_image","twitter_misc":{"Becs\u00fclt olvas\u00e1si id\u0151":"1 perc"},"schema":{"@context":"https:\/\/schema.org","@graph":[{"@type":"WebPage","@id":"https:\/\/www.vanguardhealthcare.co.uk\/working-in-partnership-with-portland-clinical\/","url":"https:\/\/www.vanguardhealthcare.co.uk\/working-in-partnership-with-portland-clinical\/","name":"Egy\u00fcttm\u0171k\u00f6d\u00e9s a Portland Clinicallel - Vanguard Healthcare Solutions","isPartOf":{"@id":"https:\/\/www.vanguardhealthcare.co.uk\/#website"},"datePublished":"2026-03-03T12:30:31+00:00","dateModified":"2026-03-03T12:30:32+00:00","breadcrumb":{"@id":"https:\/\/www.vanguardhealthcare.co.uk\/working-in-partnership-with-portland-clinical\/#breadcrumb"},"inLanguage":"hu","potentialAction":[{"@type":"ReadAction","target":["https:\/\/www.vanguardhealthcare.co.uk\/working-in-partnership-with-portland-clinical\/"]}]},{"@type":"BreadcrumbList","@id":"https:\/\/www.vanguardhealthcare.co.uk\/working-in-partnership-with-portland-clinical\/#breadcrumb","itemListElement":[{"@type":"ListItem","position":1,"name":"Home","item":"https:\/\/www.vanguardhealthcare.co.uk\/"},{"@type":"ListItem","position":2,"name":"Working in Partnership with Portland Clinical"}]},{"@type":"WebSite","@id":"https:\/\/www.vanguardhealthcare.co.uk\/#website","url":"https:\/\/www.vanguardhealthcare.co.uk\/","name":"Vanguard Healthcare Solutions","description":"","potentialAction":[{"@type":"SearchAction","target":{"@type":"EntryPoint","urlTemplate":"https:\/\/www.vanguardhealthcare.co.uk\/?s={search_term_string}"},"query-input":{"@type":"PropertyValueSpecification","valueRequired":true,"valueName":"search_term_string"}}],"inLanguage":"hu"}]}},"_links":{"self":[{"href":"https:\/\/www.vanguardhealthcare.co.uk\/hu_hu\/wp-json\/wp\/v2\/pages\/8357","targetHints":{"allow":["GET"]}}],"collection":[{"href":"https:\/\/www.vanguardhealthcare.co.uk\/hu_hu\/wp-json\/wp\/v2\/pages"}],"about":[{"href":"https:\/\/www.vanguardhealthcare.co.uk\/hu_hu\/wp-json\/wp\/v2\/types\/page"}],"author":[{"embeddable":true,"href":"https:\/\/www.vanguardhealthcare.co.uk\/hu_hu\/wp-json\/wp\/v2\/users\/11"}],"replies":[{"embeddable":true,"href":"https:\/\/www.vanguardhealthcare.co.uk\/hu_hu\/wp-json\/wp\/v2\/comments?post=8357"}],"version-history":[{"count":0,"href":"https:\/\/www.vanguardhealthcare.co.uk\/hu_hu\/wp-json\/wp\/v2\/pages\/8357\/revisions"}],"wp:attachment":[{"href":"https:\/\/www.vanguardhealthcare.co.uk\/hu_hu\/wp-json\/wp\/v2\/media?parent=8357"}],"curies":[{"name":"munkaf\u00fczet","href":"https:\/\/api.w.org\/{rel}","templated":true}]}}