{"id":7861,"date":"2025-03-06T16:20:47","date_gmt":"2025-03-06T16:20:47","guid":{"rendered":"https:\/\/www.vanguardhealthcare.co.uk\/?page_id=7861"},"modified":"2025-04-01T11:52:39","modified_gmt":"2025-04-01T11:52:39","slug":"flexible-finance-solutions","status":"publish","type":"page","link":"https:\/\/www.vanguardhealthcare.co.uk\/hu_hu\/flexible-finance-solutions\/","title":{"rendered":"Rugalmas p\u00e9nz\u00fcgyi megold\u00e1sok"},"content":{"rendered":"<section id=\"section-2-59\" class=\"ct-section\" style=\"background-image:url(https:\/\/www.vanguardhealthcare.co.uk\/wp-content\/uploads\/2023\/05\/boulders-right.png);background-size: auto;\" >\n<div class=\"ct-section-inner-wrap\">\n<div id=\"div_block-8-59\" class=\"ct-div-block\" ><a id=\"link_text-6-59\" class=\"ct-link-text\" href=\"\/hu_hu\/\" target=\"_self\"  >itthon<\/a><\/p>\n<h1 id=\"headline-3-59\" class=\"ct-headline\"><span id=\"span-4-59\" class=\"ct-span\" >Rugalmas p\u00e9nz\u00fcgyi megold\u00e1sok<\/span><\/h1>\n<\/div>\n<\/div>\n<\/section>\n<section id=\"section-68-14-text-left-white\" class=\"ct-section\" >\n<div class=\"ct-section-inner-wrap\">\n<div id=\"new_columns-69-14text-left-white\" class=\"ct-new-columns\" >\n<div id=\"div_block-70-14\" class=\"ct-div-block\" >\n<h2 id=\"headline-71-14\" class=\"ct-headline\">Facility Flex \u2013 Intelligens megk\u00f6zel\u00edt\u00e9s az IFRS16 \u00e9s CDEL kih\u00edv\u00e1sok m\u00e9rs\u00e9kl\u00e9s\u00e9re<\/h2>\n<div id=\"_rich_text-72-14\" class=\"oxy-rich-text\" >\n<h3 class=\"MsoNormal\"><strong><span lang=\"EN-GB\">\u00dcdv\u00f6z\u00f6lj\u00fck a Facility Flex-ben<\/span><\/strong><\/h3>\n<p class=\"MsoNormal\"><span lang=\"EN-GB\">Az Vanguard Healthcare Solutionsn\u00e9l meg\u00e9rtj\u00fck az eg\u00e9szs\u00e9g\u00fcgyi szolg\u00e1ltat\u00f3k dinamikus ig\u00e9nyeit. A mi\u00e9nk&nbsp;<strong>Flex l\u00e9tes\u00edtm\u00e9ny<\/strong> modell az eg\u00e9szs\u00e9g\u00fcgyi infrastrukt\u00fara forradalmi megk\u00f6zel\u00edt\u00e9s\u00e9t k\u00edn\u00e1lja, rugalmas, feloszt\u00f3-kirov\u00f3 megold\u00e1sokat k\u00edn\u00e1lva, amelyek azonnali hozz\u00e1f\u00e9r\u00e9st biztos\u00edtanak a kiv\u00e1l\u00f3 min\u0151s\u00e9g\u0171 klinikai k\u00f6rnyezetekhez.<\/span><\/p>\n<p class=\"MsoNormal\"><span lang=\"EN-GB\">T\u00f6ltse le t\u00e1j\u00e9koztat\u00f3 f\u00fczet\u00fcnket,&nbsp;<a href=\"\/hu_hu\/resource\/facility-flex-a-smart-approach-to-mitigating-ifrs16-and-cdel-challenges\/\">itt.<\/a><\/span><\/p>\n<\/div>\n<\/div>\n<div id=\"div_block-74-14\" class=\"ct-div-block\" ><img decoding=\"async\"  id=\"image-75-14\" alt=\"\" src=\"https:\/\/www.vanguardhealthcare.co.uk\/wp-content\/uploads\/2025\/02\/Vanguard-Ribbon-Cutting-Drone-Photography-2-1024x768.jpg\" class=\"ct-image\"\/><\/div>\n<\/div>\n<\/div>\n<\/section>\n<section id=\"section-132-34\" class=\"ct-section\" >\n<div class=\"ct-section-inner-wrap\">\n<div id=\"new_columns-133-34\" class=\"ct-new-columns\" >\n<div id=\"div_block-138-34\" class=\"ct-div-block\" ><img decoding=\"async\"  id=\"image-139-34\" alt=\"\" src=\"https:\/\/www.vanguardhealthcare.co.uk\/wp-content\/uploads\/2025\/01\/IMG_5643-1024x768.jpeg\" class=\"ct-image\"\/><\/div>\n<div id=\"div_block-134-34\" class=\"ct-div-block\" >\n<h2 id=\"headline-135-34\" class=\"ct-headline\">Mi\u00e9rt v\u00e1lassza a Facility Flexet?<\/h2>\n<div id=\"_rich_text-136-34\" class=\"oxy-rich-text\" >\n<p class=\"MsoNormal\"><strong><span lang=\"EN-GB\">Flex l\u00e9tes\u00edtm\u00e9ny<\/span><\/strong><span lang=\"EN-GB\">&nbsp;\u00dagy tervezt\u00e9k, hogy jelent\u0151s t\u0151kekiad\u00e1s n\u00e9lk\u00fcl kiel\u00e9g\u00edtse az eg\u00e9szs\u00e9g\u00fcgyi szolg\u00e1ltat\u00e1sok ir\u00e1nti n\u00f6vekv\u0151 keresletet. Bev\u00e9tel-alap\u00fa modell\u00fcnk lehet\u0151v\u00e9 teszi az eg\u00e9szs\u00e9g\u00fcgyi szolg\u00e1ltat\u00f3k sz\u00e1m\u00e1ra, hogy bev\u00e9teli k\u00f6lts\u00e9gvet\u00e9s\u00fcket felhaszn\u00e1lj\u00e1k, meg\u0151rizve t\u0151keforr\u00e1saikat m\u00e1s kritikus beruh\u00e1z\u00e1sokhoz. Ez a p\u00e9nz\u00fcgyi rugalmass\u00e1g k\u00fcl\u00f6n\u00f6sen el\u0151ny\u00f6s az NHS Trusts sz\u00e1m\u00e1ra, mivel biztos\u00edtja, hogy nincs hat\u00e1ssal a CEDL fels\u0151 hat\u00e1r\u00e1ra.<\/span><\/p>\n<p class=\"MsoNormal\"><strong><span lang=\"EN-GB\">F\u0151bb jellemz\u0151k \u00e9s el\u0151ny\u00f6k<\/span><\/strong><\/p>\n<ul style=\"margin-top: 0cm\" type=\"disc\">\n<li class=\"MsoNormal\"><strong><span lang=\"EN-GB\">Nincs t\u0151kekiad\u00e1s<\/span><\/strong><span lang=\"EN-GB\">: Feloszt\u00f3-kirov\u00f3 modell\u00fcnk kik\u00fcsz\u00f6b\u00f6li a nagy t\u0151kebefektet\u00e9sek sz\u00fcks\u00e9gess\u00e9g\u00e9t, lehet\u0151v\u00e9 t\u00e9ve az anyagi forr\u00e1sok meg\u0151rz\u00e9s\u00e9t.<\/span><\/li>\n<li class=\"MsoNormal\"><strong><span lang=\"EN-GB\">Gyors telep\u00edt\u00e9s<\/span><\/strong><span lang=\"EN-GB\">: Azonnali hozz\u00e1f\u00e9r\u00e9st biztos\u00edtunk a leszerelhet\u0151 \u00e9s modul\u00e1ris l\u00e9tes\u00edtm\u00e9nyek teljes flott\u00e1j\u00e1hoz, \u00edgy biztos\u00edtva, hogy gyorsan meg tudja oldani a kapacit\u00e1si kih\u00edv\u00e1sokat.<\/span><\/li>\n<li class=\"MsoNormal\"><strong><span lang=\"EN-GB\">Kiv\u00e1l\u00f3 min\u0151s\u00e9g\u0171 infrastrukt\u00fara<\/span><\/strong><span lang=\"EN-GB\">: L\u00e9tes\u00edtm\u00e9nyeinket klinikai orvosok tervezt\u00e9k, \u00e9s a legmodernebb berendez\u00e9sekkel szerelt\u00e9k fel, biztos\u00edtva az optim\u00e1lis betegell\u00e1t\u00e1st.<\/span><\/li>\n<li class=\"MsoNormal\"><strong><span lang=\"EN-GB\">P\u00e9nz\u00fcgyi rugalmass\u00e1g<\/span><\/strong><span lang=\"EN-GB\">: A bev\u00e9teli k\u00f6lts\u00e9gvet\u00e9sek felhaszn\u00e1l\u00e1s\u00e1val alapvet\u0151 infrastrukt\u00far\u00e1ba fektethet be an\u00e9lk\u00fcl, hogy befoly\u00e1soln\u00e1 a t\u0151kekiad\u00e1si korl\u00e1tokat.<\/span><\/li>\n<li class=\"MsoNormal\"><strong><span lang=\"EN-GB\">Tov\u00e1bbfejlesztett beteg\u00e9lm\u00e9ny<\/span><\/strong><span lang=\"EN-GB\">: Haszn\u00e1latra k\u00e9sz klinikai k\u00f6rnyezet\u00fcnk jav\u00edtja a betegek kimenetel\u00e9t \u00e9s cs\u00f6kkenti a v\u00e1rakoz\u00e1si id\u0151t.<\/span><\/li>\n<\/ul>\n<\/div>\n<\/div>\n<\/div>\n<\/div>\n<\/section>\n<section id=\"section-68-14-text-left-white\" class=\"ct-section\" >\n<div class=\"ct-section-inner-wrap\">\n<div id=\"new_columns-69-14text-left-white\" class=\"ct-new-columns\" >\n<div id=\"div_block-70-14\" class=\"ct-div-block\" >\n<h2 id=\"headline-71-14\" class=\"ct-headline\">\u00c1tfog\u00f3 t\u00e1mogat\u00e1s<\/h2>\n<div id=\"_rich_text-72-14\" class=\"oxy-rich-text\" >\n<p class=\"MsoNormal\"><strong><span lang=\"EN-GB\">\u00c1tfog\u00f3 t\u00e1mogat\u00e1s<\/span><\/strong><\/p>\n<p class=\"MsoNormal\"><span lang=\"EN-GB\">Szorosan egy\u00fcttm\u0171k\u00f6d\u00fcnk az NHS Trusts-szal, hogy meg\u00e9rts\u00fck egy\u00e9ni ig\u00e9nyeiket \u00e9s a legfontosabb p\u00e9nz\u00fcgyi t\u00e9nyez\u0151ket. Egyedi megold\u00e1sainkat \u00fagy alak\u00edtottuk ki, hogy pozit\u00edv eredm\u00e9nyeket biztos\u00edtsanak, \u00e9s \u00e1tfog\u00f3 t\u00e1mogat\u00e1st ny\u00fajtunk a folyamat sor\u00e1n:<\/span><\/p>\n<ul style=\"margin-top: 0cm\" type=\"disc\">\n<li class=\"MsoNormal\">\n<p><strong><span lang=\"EN-GB\">\u00c9letk\u00e9pess\u00e9g t\u00e1mogat\u00e1sa<\/span><\/strong><span lang=\"EN-GB\">: \u00d6nnel egy\u00fctt dolgozunk azon, hogy \u00e9rv\u00e9nyes\u00edts\u00fck a Facility Flex megold\u00e1s megval\u00f3s\u00edthat\u00f3s\u00e1g\u00e1t az \u00d6n egy\u00e9ni ig\u00e9nyei szerint.<\/span><\/p>\n<\/li>\n<li class=\"MsoNormal\">\n<p><strong><span lang=\"EN-GB\">\u00c1tfog\u00f3 megbesz\u00e9l\u00e9sek<\/span><\/strong><span lang=\"EN-GB\">: K\u00f6z\u00f6sen el\u0151re jelzett felhaszn\u00e1l\u00e1s kidolgoz\u00e1sa \u00e9s az \u00d6n sz\u00e1m\u00e1ra legmegfelel\u0151bb rugalmas p\u00e9nz\u00fcgyi megold\u00e1sok tervez\u00e9se.<\/span><\/p>\n<\/li>\n<li class=\"MsoNormal\">\n<p><strong><span lang=\"EN-GB\">J\u00f3v\u00e1hagy\u00e1si seg\u00edts\u00e9g<\/span><\/strong><span lang=\"EN-GB\">: \u00dczleti esetfejleszt\u00e9s t\u00e1mogat\u00e1sa<\/span><\/p>\n<\/li>\n<li class=\"MsoNormal\">\n<p><strong><span lang=\"EN-GB\">Id\u0151ben t\u00f6rt\u00e9n\u0151 sz\u00e1ll\u00edt\u00e1s<\/span><\/strong><span lang=\"EN-GB\">: Azonnal el\u00e9rhet\u0151 leszerelhet\u0151 \u00e9s modulos flott\u00e1nkb\u00f3l kisz\u00e1ll\u00edt\u00e1s<\/span><\/p>\n<\/li>\n<\/ul>\n<\/div>\n<\/div>\n<div id=\"div_block-74-14\" class=\"ct-div-block\" ><img decoding=\"async\"  id=\"image-75-14\" alt=\"\" src=\"https:\/\/www.vanguardhealthcare.co.uk\/wp-content\/uploads\/2024\/07\/IMG_6401-1024x768.jpeg\" class=\"ct-image\"\/><\/div>\n<\/div>\n<\/div>\n<\/section>\n<section id=\"section-132-34\" class=\"ct-section\" >\n<div class=\"ct-section-inner-wrap\">\n<div id=\"new_columns-133-34\" class=\"ct-new-columns\" >\n<div id=\"div_block-138-34\" class=\"ct-div-block\" ><img decoding=\"async\"  id=\"image-139-34\" alt=\"\" src=\"https:\/\/www.vanguardhealthcare.co.uk\/wp-content\/uploads\/2024\/04\/Heartlands-Exterior-3-1024x683.jpg\" class=\"ct-image\"\/><\/div>\n<div id=\"div_block-134-34\" class=\"ct-div-block\" >\n<h2 id=\"headline-135-34\" class=\"ct-headline\">A V\u00e1laszthat\u00f3 Reform Program c\u00e9ljainak el\u00e9r\u00e9se<\/h2>\n<div id=\"_rich_text-136-34\" class=\"oxy-rich-text\" >\n<p class=\"MsoNormal\"><span lang=\"EN-GB\">A Facility Flex szerves r\u00e9sze az NHS v\u00e1laszthat\u00f3 reformprogramj\u00e1nak t\u00e1mogat\u00e1s\u00e1nak, amelynek c\u00e9lja a v\u00e1rakoz\u00e1si id\u0151 cs\u00f6kkent\u00e9se \u00e9s a betegell\u00e1t\u00e1s jav\u00edt\u00e1sa. Az\u00e1ltal, hogy feloszt\u00f3-kirov\u00f3 alapon tov\u00e1bbi klinikai kapacit\u00e1st biztos\u00edt, a Facility Flex seg\u00edt az NHS Trust-oknak el\u00e9rni a program c\u00e9ljait, biztos\u00edtva a betegek id\u0151ben t\u00f6rt\u00e9n\u0151 \u00e9s hat\u00e9kony kezel\u00e9s\u00e9t.<\/span><\/p>\n<p class=\"MsoNormal\"><strong><span lang=\"EN-GB\">Elk\u00f6telezetts\u00e9g\u00fcnk<\/span><\/strong><\/p>\n<p class=\"MsoNormal\"><span lang=\"EN-GB\">Az Vanguard Healthcare Solutions-n\u00e1l elk\u00f6telezettek vagyunk a rugalmas, j\u00f3 min\u0151s\u00e9g\u0171 eg\u00e9szs\u00e9g\u00fcgyi infrastrukt\u00fara biztos\u00edt\u00e1sa mellett, amely megfelel az eg\u00e9szs\u00e9g\u00fcgyi szolg\u00e1ltat\u00f3k dinamikus ig\u00e9nyeinek. Hozz\u00e1\u00e9rt\u0151, k\u00e9pzett \u00e9s hozz\u00e1\u00e9rt\u0151 csapatunk hatalmas tapasztalattal \u00e9s az \u00fcgyfelek ig\u00e9nyeinek m\u00e9ly meg\u00e9rt\u00e9s\u00e9vel biztos\u00edtja, hogy a legmagasabb min\u0151s\u00e9g\u0171 megold\u00e1sokat k\u00edn\u00e1ljuk az ipar\u00e1gban.<\/span><\/p>\n<\/div>\n<\/div>\n<\/div>\n<\/div>\n<\/section>\n<section id=\"section-144-59\" class=\"ct-section\" >\n<div class=\"ct-section-inner-wrap\">\n<div id=\"new_columns-145-59\" class=\"ct-new-columns\" >\n<div id=\"div_block-146-59\" class=\"ct-div-block\" >\n<div id=\"_rich_text-9-63\" class=\"oxy-rich-text\" >\n<p>A k\u00f3rh\u00e1za sz\u00e1m\u00e1ra megfelel\u0151 megold\u00e1s megtal\u00e1l\u00e1sa itt kezd\u0151dik\u2026<\/p>\n<\/div>\n<p><a id=\"link_button-149-59\" class=\"ct-link-button\" href=\"\/hu_hu\/contact\/\" target=\"_self\"  >Felveszi a kapcsolatot<\/a><\/div>\n<div id=\"div_block-150-59\" class=\"ct-div-block\" ><img decoding=\"async\"  id=\"image-151-59\" alt=\"\" src=\"https:\/\/www.vanguardhealthcare.co.uk\/wp-content\/uploads\/2023\/06\/kettering-2-1.jpg\" class=\"ct-image\"\/><\/div>\n<\/div>\n<\/div>\n<\/section>","protected":false},"excerpt":{"rendered":"","protected":false},"author":11,"featured_media":0,"parent":0,"menu_order":0,"comment_status":"closed","ping_status":"closed","template":"","meta":{"_acf_changed":false,"footnotes":""},"class_list":["post-7861","page","type-page","status-publish","format-standard","hentry"],"acf":[],"yoast_head":"<!-- This site is optimized with the Yoast SEO plugin v27.4 - https:\/\/yoast.com\/product\/yoast-seo-wordpress\/ -->\n<title>Flexible Finance Solutions - Vanguard Healthcare Solutions<\/title>\n<meta name=\"robots\" content=\"index, follow, max-snippet:-1, max-image-preview:large, max-video-preview:-1\" \/>\n<link rel=\"canonical\" href=\"https:\/\/www.vanguardhealthcare.co.uk\/hu_hu\/flexible-finance-solutions\/\" \/>\n<meta property=\"og:locale\" content=\"hu_HU\" \/>\n<meta property=\"og:type\" content=\"article\" \/>\n<meta property=\"og:title\" content=\"Flexible Finance Solutions - Vanguard Healthcare Solutions\" \/>\n<meta property=\"og:url\" content=\"https:\/\/www.vanguardhealthcare.co.uk\/hu_hu\/flexible-finance-solutions\/\" \/>\n<meta property=\"og:site_name\" content=\"Vanguard Healthcare Solutions\" \/>\n<meta property=\"article:modified_time\" content=\"2025-04-01T11:52:39+00:00\" \/>\n<meta name=\"twitter:card\" content=\"summary_large_image\" \/>\n<meta name=\"twitter:label1\" content=\"Becs\u00fclt olvas\u00e1si id\u0151\" \/>\n\t<meta name=\"twitter:data1\" content=\"1 perc\" \/>\n<script type=\"application\/ld+json\" class=\"yoast-schema-graph\">{\"@context\":\"https:\\\/\\\/schema.org\",\"@graph\":[{\"@type\":\"WebPage\",\"@id\":\"https:\\\/\\\/www.vanguardhealthcare.co.uk\\\/flexible-finance-solutions\\\/\",\"url\":\"https:\\\/\\\/www.vanguardhealthcare.co.uk\\\/flexible-finance-solutions\\\/\",\"name\":\"Flexible Finance Solutions - Vanguard Healthcare Solutions\",\"isPartOf\":{\"@id\":\"https:\\\/\\\/www.vanguardhealthcare.co.uk\\\/#website\"},\"datePublished\":\"2025-03-06T16:20:47+00:00\",\"dateModified\":\"2025-04-01T11:52:39+00:00\",\"breadcrumb\":{\"@id\":\"https:\\\/\\\/www.vanguardhealthcare.co.uk\\\/flexible-finance-solutions\\\/#breadcrumb\"},\"inLanguage\":\"hu\",\"potentialAction\":[{\"@type\":\"ReadAction\",\"target\":[\"https:\\\/\\\/www.vanguardhealthcare.co.uk\\\/flexible-finance-solutions\\\/\"]}]},{\"@type\":\"BreadcrumbList\",\"@id\":\"https:\\\/\\\/www.vanguardhealthcare.co.uk\\\/flexible-finance-solutions\\\/#breadcrumb\",\"itemListElement\":[{\"@type\":\"ListItem\",\"position\":1,\"name\":\"Home\",\"item\":\"https:\\\/\\\/www.vanguardhealthcare.co.uk\\\/\"},{\"@type\":\"ListItem\",\"position\":2,\"name\":\"Flexible Finance Solutions\"}]},{\"@type\":\"WebSite\",\"@id\":\"https:\\\/\\\/www.vanguardhealthcare.co.uk\\\/#website\",\"url\":\"https:\\\/\\\/www.vanguardhealthcare.co.uk\\\/\",\"name\":\"Vanguard Healthcare Solutions\",\"description\":\"\",\"potentialAction\":[{\"@type\":\"SearchAction\",\"target\":{\"@type\":\"EntryPoint\",\"urlTemplate\":\"https:\\\/\\\/www.vanguardhealthcare.co.uk\\\/?s={search_term_string}\"},\"query-input\":{\"@type\":\"PropertyValueSpecification\",\"valueRequired\":true,\"valueName\":\"search_term_string\"}}],\"inLanguage\":\"hu\"}]}<\/script>\n<!-- \/ Yoast SEO plugin. -->","yoast_head_json":{"title":"Rugalmas finansz\u00edroz\u00e1si megold\u00e1sok - Vanguard Eg\u00e9szs\u00e9g\u00fcgyi megold\u00e1sok","robots":{"index":"index","follow":"follow","max-snippet":"max-snippet:-1","max-image-preview":"max-image-preview:large","max-video-preview":"max-video-preview:-1"},"canonical":"https:\/\/www.vanguardhealthcare.co.uk\/hu_hu\/flexible-finance-solutions\/","og_locale":"hu_HU","og_type":"article","og_title":"Flexible Finance Solutions - Vanguard Healthcare Solutions","og_url":"https:\/\/www.vanguardhealthcare.co.uk\/hu_hu\/flexible-finance-solutions\/","og_site_name":"Vanguard Healthcare Solutions","article_modified_time":"2025-04-01T11:52:39+00:00","twitter_card":"summary_large_image","twitter_misc":{"Becs\u00fclt olvas\u00e1si id\u0151":"1 perc"},"schema":{"@context":"https:\/\/schema.org","@graph":[{"@type":"WebPage","@id":"https:\/\/www.vanguardhealthcare.co.uk\/flexible-finance-solutions\/","url":"https:\/\/www.vanguardhealthcare.co.uk\/flexible-finance-solutions\/","name":"Rugalmas finansz\u00edroz\u00e1si megold\u00e1sok - Vanguard Eg\u00e9szs\u00e9g\u00fcgyi megold\u00e1sok","isPartOf":{"@id":"https:\/\/www.vanguardhealthcare.co.uk\/#website"},"datePublished":"2025-03-06T16:20:47+00:00","dateModified":"2025-04-01T11:52:39+00:00","breadcrumb":{"@id":"https:\/\/www.vanguardhealthcare.co.uk\/flexible-finance-solutions\/#breadcrumb"},"inLanguage":"hu","potentialAction":[{"@type":"ReadAction","target":["https:\/\/www.vanguardhealthcare.co.uk\/flexible-finance-solutions\/"]}]},{"@type":"BreadcrumbList","@id":"https:\/\/www.vanguardhealthcare.co.uk\/flexible-finance-solutions\/#breadcrumb","itemListElement":[{"@type":"ListItem","position":1,"name":"Home","item":"https:\/\/www.vanguardhealthcare.co.uk\/"},{"@type":"ListItem","position":2,"name":"Flexible Finance Solutions"}]},{"@type":"WebSite","@id":"https:\/\/www.vanguardhealthcare.co.uk\/#website","url":"https:\/\/www.vanguardhealthcare.co.uk\/","name":"Vanguard Healthcare Solutions","description":"","potentialAction":[{"@type":"SearchAction","target":{"@type":"EntryPoint","urlTemplate":"https:\/\/www.vanguardhealthcare.co.uk\/?s={search_term_string}"},"query-input":{"@type":"PropertyValueSpecification","valueRequired":true,"valueName":"search_term_string"}}],"inLanguage":"hu"}]}},"_links":{"self":[{"href":"https:\/\/www.vanguardhealthcare.co.uk\/hu_hu\/wp-json\/wp\/v2\/pages\/7861","targetHints":{"allow":["GET"]}}],"collection":[{"href":"https:\/\/www.vanguardhealthcare.co.uk\/hu_hu\/wp-json\/wp\/v2\/pages"}],"about":[{"href":"https:\/\/www.vanguardhealthcare.co.uk\/hu_hu\/wp-json\/wp\/v2\/types\/page"}],"author":[{"embeddable":true,"href":"https:\/\/www.vanguardhealthcare.co.uk\/hu_hu\/wp-json\/wp\/v2\/users\/11"}],"replies":[{"embeddable":true,"href":"https:\/\/www.vanguardhealthcare.co.uk\/hu_hu\/wp-json\/wp\/v2\/comments?post=7861"}],"version-history":[{"count":0,"href":"https:\/\/www.vanguardhealthcare.co.uk\/hu_hu\/wp-json\/wp\/v2\/pages\/7861\/revisions"}],"wp:attachment":[{"href":"https:\/\/www.vanguardhealthcare.co.uk\/hu_hu\/wp-json\/wp\/v2\/media?parent=7861"}],"curies":[{"name":"munkaf\u00fczet","href":"https:\/\/api.w.org\/{rel}","templated":true}]}}