{"id":7785,"date":"2025-02-12T17:18:20","date_gmt":"2025-02-12T17:18:20","guid":{"rendered":"https:\/\/www.vanguardhealthcare.co.uk\/?page_id=7785"},"modified":"2026-01-09T10:18:01","modified_gmt":"2026-01-09T10:18:01","slug":"accreditations-and-certifications","status":"publish","type":"page","link":"https:\/\/www.vanguardhealthcare.co.uk\/hu_hu\/accreditations-and-certifications\/","title":{"rendered":"Akkredit\u00e1ci\u00f3k \u00e9s tan\u00fas\u00edtv\u00e1nyok"},"content":{"rendered":"<p>Tudjuk, hogy a tan\u00fas\u00edt\u00e1s milyen \u00e9rt\u00e9ket jelent a v\u00e1llalkoz\u00e1sok \u00e9s \u00fcgyfeleik sz\u00e1m\u00e1ra, ez\u00e9rt \u00e9vente k\u00fcls\u0151 audit\u00e1l\u00e1st v\u00e9gz\u00fcnk a k\u00f6vetkez\u0151k tekintet\u00e9ben:<\/p>\n<div class=\"wp-block-media-text is-stacked-on-mobile\" style=\"grid-template-columns:25% auto\">\n<figure class=\"wp-block-media-text__media\"><img loading=\"lazy\" decoding=\"async\" width=\"512\" height=\"612\" src=\"https:\/\/www.vanguardhealthcare.co.uk\/wp-content\/uploads\/2025\/03\/Untitled-design-2.png\" alt=\"\" class=\"wp-image-7876 size-full\" srcset=\"https:\/\/www.vanguardhealthcare.co.uk\/wp-content\/uploads\/2025\/03\/Untitled-design-2.png 512w, https:\/\/www.vanguardhealthcare.co.uk\/wp-content\/uploads\/2025\/03\/Untitled-design-2-251x300.png 251w, https:\/\/www.vanguardhealthcare.co.uk\/wp-content\/uploads\/2025\/03\/Untitled-design-2-10x12.png 10w\" sizes=\"auto, (max-width: 512px) 100vw, 512px\" \/><\/figure>\n<div class=\"wp-block-media-text__content\">\n<p><strong>Cyber Essentials Plus tan\u00fas\u00edtv\u00e1ny<\/strong>&nbsp;<\/p>\n<p>A Cyber Essentials Plus az Egyes\u00fclt Kir\u00e1lys\u00e1g korm\u00e1nya \u00e1ltal t\u00e1mogatott rendszer, amelynek c\u00e9lja, hogy seg\u00edtse a szervezeteket a gyakori online fenyeget\u00e9sekkel szembeni v\u00e9dekez\u00e9sben. Ez tov\u00e1bbi biztos\u00edt\u00e9kot ny\u00fajt arra vonatkoz\u00f3an, hogy a sz\u00fcks\u00e9ges technikai ellen\u0151rz\u00e9sekkel megv\u00e9dj\u00fck az \u00fcgyfelek adatait a kiberfenyeget\u00e9sek ellen.<\/p>\n<\/div>\n<\/div>\n<div class=\"wp-block-media-text is-stacked-on-mobile\" style=\"grid-template-columns:25% auto\">\n<figure class=\"wp-block-media-text__media\"><img loading=\"lazy\" decoding=\"async\" width=\"1024\" height=\"1024\" src=\"https:\/\/www.vanguardhealthcare.co.uk\/wp-content\/uploads\/2025\/02\/ISO9001_BAB-1024x1024.jpg\" alt=\"\" class=\"wp-image-7787 size-full\" srcset=\"https:\/\/www.vanguardhealthcare.co.uk\/wp-content\/uploads\/2025\/02\/ISO9001_BAB-1024x1024.jpg 1024w, https:\/\/www.vanguardhealthcare.co.uk\/wp-content\/uploads\/2025\/02\/ISO9001_BAB-300x300.jpg 300w, https:\/\/www.vanguardhealthcare.co.uk\/wp-content\/uploads\/2025\/02\/ISO9001_BAB-150x150.jpg 150w, https:\/\/www.vanguardhealthcare.co.uk\/wp-content\/uploads\/2025\/02\/ISO9001_BAB-768x768.jpg 768w, https:\/\/www.vanguardhealthcare.co.uk\/wp-content\/uploads\/2025\/02\/ISO9001_BAB-12x12.jpg 12w, https:\/\/www.vanguardhealthcare.co.uk\/wp-content\/uploads\/2025\/02\/ISO9001_BAB-400x400.jpg 400w, https:\/\/www.vanguardhealthcare.co.uk\/wp-content\/uploads\/2025\/02\/ISO9001_BAB-600x600.jpg 600w, https:\/\/www.vanguardhealthcare.co.uk\/wp-content\/uploads\/2025\/02\/ISO9001_BAB.jpg 1200w\" sizes=\"auto, (max-width: 1024px) 100vw, 1024px\" \/><\/figure>\n<div class=\"wp-block-media-text__content\">\n<p><strong>ISO 9001 min\u0151s\u00e9gir\u00e1ny\u00edt\u00e1si akkredit\u00e1ci\u00f3<\/strong><\/p>\n<p>Elk\u00f6telezettek vagyunk a v\u00e1s\u00e1rl\u00f3k elv\u00e1r\u00e1sainak t\u00falteljes\u00edt\u00e9se \u00e9s a kiv\u00e9teles szolg\u00e1ltat\u00e1s ny\u00fajt\u00e1sa ir\u00e1nt. ISO 9001 tan\u00fas\u00edtv\u00e1nyunk meger\u0151s\u00edti ezt az elk\u00f6telezetts\u00e9get, biztos\u00edtva, hogy k\u00f6vetkezetesen megfelelj\u00fcnk az \u00fcgyfelek ig\u00e9nyeinek, \u00e9s akt\u00edvan kik\u00e9rj\u00fck visszajelz\u00e9seiket. Ez a megk\u00f6zel\u00edt\u00e9s seg\u00edt azonos\u00edtani a fejleszt\u00e9si lehet\u0151s\u00e9geket, jav\u00edtani az \u00fcgyf\u00e9l\u00e9lm\u00e9ny\u00fcnket \u00e9s biztos\u00edtani, hogy k\u00f6vetkezetesen \u00f6tcsillagos szolg\u00e1ltat\u00e1st ny\u00fajtsunk.<\/p>\n<\/div>\n<\/div>\n<div class=\"wp-block-media-text is-stacked-on-mobile\" style=\"grid-template-columns:25% auto\">\n<figure class=\"wp-block-media-text__media\"><img loading=\"lazy\" decoding=\"async\" width=\"1024\" height=\"1024\" src=\"https:\/\/www.vanguardhealthcare.co.uk\/wp-content\/uploads\/2025\/02\/ISO14001_BAB-1024x1024.jpg\" alt=\"\" class=\"wp-image-7788 size-full\" srcset=\"https:\/\/www.vanguardhealthcare.co.uk\/wp-content\/uploads\/2025\/02\/ISO14001_BAB-1024x1024.jpg 1024w, https:\/\/www.vanguardhealthcare.co.uk\/wp-content\/uploads\/2025\/02\/ISO14001_BAB-300x300.jpg 300w, https:\/\/www.vanguardhealthcare.co.uk\/wp-content\/uploads\/2025\/02\/ISO14001_BAB-150x150.jpg 150w, https:\/\/www.vanguardhealthcare.co.uk\/wp-content\/uploads\/2025\/02\/ISO14001_BAB-768x768.jpg 768w, https:\/\/www.vanguardhealthcare.co.uk\/wp-content\/uploads\/2025\/02\/ISO14001_BAB-12x12.jpg 12w, https:\/\/www.vanguardhealthcare.co.uk\/wp-content\/uploads\/2025\/02\/ISO14001_BAB-400x400.jpg 400w, https:\/\/www.vanguardhealthcare.co.uk\/wp-content\/uploads\/2025\/02\/ISO14001_BAB-600x600.jpg 600w, https:\/\/www.vanguardhealthcare.co.uk\/wp-content\/uploads\/2025\/02\/ISO14001_BAB.jpg 1200w\" sizes=\"auto, (max-width: 1024px) 100vw, 1024px\" \/><\/figure>\n<div class=\"wp-block-media-text__content\">\n<p><strong>ISO 14001 k\u00f6rnyezetir\u00e1ny\u00edt\u00e1si akkredit\u00e1ci\u00f3<\/strong><\/p>\n<p>A fenntarthat\u00f3s\u00e1got el\u0151nyben r\u00e9szes\u00edt\u0151 v\u00e1s\u00e1rl\u00f3ink biztosak lehetnek abban, hogy elk\u00f6telezettek vagyunk k\u00f6rnyezeti l\u00e1bnyomunk minimaliz\u00e1l\u00e1sa mellett.<\/p>\n<p>ISO 14001 tan\u00fas\u00edtv\u00e1nyunk lehet\u0151v\u00e9 teszi sz\u00e1munkra, hogy hat\u00e9kony int\u00e9zked\u00e9seket hozzunk a k\u00f6rnyezeti hat\u00e1sok kezel\u00e9s\u00e9re. <\/p>\n<\/div>\n<\/div>\n<div class=\"wp-block-media-text is-stacked-on-mobile\" style=\"grid-template-columns:25% auto\">\n<figure class=\"wp-block-media-text__media\"><img loading=\"lazy\" decoding=\"async\" width=\"1024\" height=\"1024\" src=\"https:\/\/www.vanguardhealthcare.co.uk\/wp-content\/uploads\/2025\/02\/ISO45001_BAB-1024x1024.jpg\" alt=\"\" class=\"wp-image-7789 size-full\" srcset=\"https:\/\/www.vanguardhealthcare.co.uk\/wp-content\/uploads\/2025\/02\/ISO45001_BAB-1024x1024.jpg 1024w, https:\/\/www.vanguardhealthcare.co.uk\/wp-content\/uploads\/2025\/02\/ISO45001_BAB-300x300.jpg 300w, https:\/\/www.vanguardhealthcare.co.uk\/wp-content\/uploads\/2025\/02\/ISO45001_BAB-150x150.jpg 150w, https:\/\/www.vanguardhealthcare.co.uk\/wp-content\/uploads\/2025\/02\/ISO45001_BAB-768x768.jpg 768w, https:\/\/www.vanguardhealthcare.co.uk\/wp-content\/uploads\/2025\/02\/ISO45001_BAB-12x12.jpg 12w, https:\/\/www.vanguardhealthcare.co.uk\/wp-content\/uploads\/2025\/02\/ISO45001_BAB-400x400.jpg 400w, https:\/\/www.vanguardhealthcare.co.uk\/wp-content\/uploads\/2025\/02\/ISO45001_BAB-600x600.jpg 600w, https:\/\/www.vanguardhealthcare.co.uk\/wp-content\/uploads\/2025\/02\/ISO45001_BAB.jpg 1200w\" sizes=\"auto, (max-width: 1024px) 100vw, 1024px\" \/><\/figure>\n<div class=\"wp-block-media-text__content\">\n<p><strong>ISO 45001 eg\u00e9szs\u00e9g\u00fcgyi \u00e9s biztons\u00e1gi ir\u00e1ny\u00edt\u00e1si akkredit\u00e1ci\u00f3<\/strong><\/p>\n<p>Elk\u00f6telezettek vagyunk \u00fcgyfeleink elv\u00e1r\u00e1sainak t\u00falteljes\u00edt\u00e9se \u00e9s kiv\u00e9teles szolg\u00e1ltat\u00e1s ny\u00fajt\u00e1sa ir\u00e1nt. ISO 45001 tan\u00fas\u00edtv\u00e1nyunk al\u00e1t\u00e1masztja ezt az elk\u00f6telezetts\u00e9get, biztos\u00edtva, hogy k\u00f6vetkezetesen megfelelj\u00fcnk a munkahelyi eg\u00e9szs\u00e9g\u00fcgyi \u00e9s biztons\u00e1gi k\u00f6vetelm\u00e9nyeknek, \u00e9s akt\u00edvan k\u00e9rj\u00fcnk visszajelz\u00e9seket. Ez a megk\u00f6zel\u00edt\u00e9s seg\u00edt azonos\u00edtani a fejleszt\u00e9si lehet\u0151s\u00e9geket, jav\u00edtani munkahelyi biztons\u00e1gunkat, \u00e9s biztos\u00edtani, hogy folyamatosan biztons\u00e1gos \u00e9s eg\u00e9szs\u00e9ges k\u00f6rnyezetet biztos\u00edtsunk alkalmazottaink \u00e9s \u00fcgyfeleink sz\u00e1m\u00e1ra.<\/p>\n<\/div>\n<\/div>\n<div class=\"wp-block-media-text is-stacked-on-mobile is-vertically-aligned-center\" style=\"grid-template-columns:25% auto\">\n<figure class=\"wp-block-media-text__media\"><img loading=\"lazy\" decoding=\"async\" width=\"1024\" height=\"520\" src=\"https:\/\/www.vanguardhealthcare.co.uk\/wp-content\/uploads\/2026\/01\/mark-of-trust-certificate-of-conformity-BIMdesignandconstruction-black-logo-En-GB-0524-1024x520.jpg\" alt=\"\" class=\"wp-image-8314 size-full\" srcset=\"https:\/\/www.vanguardhealthcare.co.uk\/wp-content\/uploads\/2026\/01\/mark-of-trust-certificate-of-conformity-BIMdesignandconstruction-black-logo-En-GB-0524-1024x520.jpg 1024w, https:\/\/www.vanguardhealthcare.co.uk\/wp-content\/uploads\/2026\/01\/mark-of-trust-certificate-of-conformity-BIMdesignandconstruction-black-logo-En-GB-0524-300x152.jpg 300w, https:\/\/www.vanguardhealthcare.co.uk\/wp-content\/uploads\/2026\/01\/mark-of-trust-certificate-of-conformity-BIMdesignandconstruction-black-logo-En-GB-0524-768x390.jpg 768w, https:\/\/www.vanguardhealthcare.co.uk\/wp-content\/uploads\/2026\/01\/mark-of-trust-certificate-of-conformity-BIMdesignandconstruction-black-logo-En-GB-0524-18x9.jpg 18w, https:\/\/www.vanguardhealthcare.co.uk\/wp-content\/uploads\/2026\/01\/mark-of-trust-certificate-of-conformity-BIMdesignandconstruction-black-logo-En-GB-0524.jpg 1280w\" sizes=\"auto, (max-width: 1024px) 100vw, 1024px\" \/><\/figure>\n<div class=\"wp-block-media-text__content\">\n<p><strong>ISO 19650-2 tan\u00fas\u00edtv\u00e1ny<\/strong><\/p>\n<p>BSI min\u0151s\u00edt\u00e9s&nbsp;<strong>MSZ EN ISO 19650-2:2018 szabv\u00e1ny<\/strong>&nbsp;bizony\u00edtja, hogy az Vanguard Healthcare Solutions az eg\u00e9szs\u00e9g\u00fcgyi int\u00e9zm\u00e9nyek m\u0171k\u00f6d\u00e9se sor\u00e1n az inform\u00e1ci\u00f3kat egys\u00e9ges, biztons\u00e1gos \u00e9s nemzetk\u00f6zileg elismert m\u00f3don kezeli. \u00dcgyfeleink sz\u00e1m\u00e1ra ez biztos\u00edtja, hogy a klinikai tervez\u00e9si \u00e9s szerz\u0151d\u00e9sk\u00f6t\u00e9si inform\u00e1ci\u00f3k pontosak, j\u00f3l kezelhet\u0151k \u00e9s k\u00f6z\u00f6sen, \u00e9p\u00fcletinform\u00e1ci\u00f3-modellez\u00e9ssel kezelik \u0151ket, ami seg\u00edt cs\u00f6kkenteni a kock\u00e1zatokat, jav\u00edtja a koordin\u00e1ci\u00f3t \u00e9s t\u00e1mogatja a magabiztos d\u00f6nt\u00e9shozatalt az \u00f6sszetett eg\u00e9szs\u00e9g\u00fcgyi projektekben.<\/p>\n<\/div>\n<\/div>\n<div class=\"wp-block-media-text is-stacked-on-mobile is-vertically-aligned-center\" style=\"grid-template-columns:25% auto\">\n<figure class=\"wp-block-media-text__media\"><img loading=\"lazy\" decoding=\"async\" width=\"1024\" height=\"725\" src=\"https:\/\/www.vanguardhealthcare.co.uk\/wp-content\/uploads\/2025\/07\/White-VF-CHAS_LtBG_jpg-1024x725.jpg\" alt=\"\" class=\"wp-image-8067 size-full\" srcset=\"https:\/\/www.vanguardhealthcare.co.uk\/wp-content\/uploads\/2025\/07\/White-VF-CHAS_LtBG_jpg-1024x725.jpg 1024w, https:\/\/www.vanguardhealthcare.co.uk\/wp-content\/uploads\/2025\/07\/White-VF-CHAS_LtBG_jpg-300x212.jpg 300w, https:\/\/www.vanguardhealthcare.co.uk\/wp-content\/uploads\/2025\/07\/White-VF-CHAS_LtBG_jpg-768x544.jpg 768w, https:\/\/www.vanguardhealthcare.co.uk\/wp-content\/uploads\/2025\/07\/White-VF-CHAS_LtBG_jpg-18x12.jpg 18w, https:\/\/www.vanguardhealthcare.co.uk\/wp-content\/uploads\/2025\/07\/White-VF-CHAS_LtBG_jpg.jpg 1123w\" sizes=\"auto, (max-width: 1024px) 100vw, 1024px\" \/><\/figure>\n<div class=\"wp-block-media-text__content\">\n<p><strong>CHAS Elite<\/strong><\/p>\n<p>A CHAS Elite St\u00e1tusz Akkredit\u00e1ci\u00f3 megszerz\u00e9se biztos\u00edtja, hogy szigor\u00fa krit\u00e9riumoknak felel\u00fcnk meg, biztos\u00edtva nemcsak a jogi k\u00f6vetelm\u00e9nyeknek val\u00f3 megfelel\u00e9st, hanem a legjobb gyakorlatok alkalmaz\u00e1s\u00e1t is mind a szem\u00e9lyzet, mind az \u00fcgyfelek v\u00e9delme \u00e9rdek\u00e9ben. Meger\u0151s\u00edti elk\u00f6telezetts\u00e9g\u00fcnket a biztons\u00e1gos munkak\u00f6rnyezet fenntart\u00e1sa \u00e9s a kock\u00e1zatok hat\u00e9kony cs\u00f6kkent\u00e9se ir\u00e1nt. A CHAS Elite St\u00e1tusz nyugalmat ad, hogy integrit\u00e1ssal, felel\u0151ss\u00e9gteljesen \u00e9s professzion\u00e1lisan m\u0171k\u00f6d\u00fcnk. <\/p>\n<\/p>\n<\/p>\n<\/div>\n<\/div>","protected":false},"excerpt":{"rendered":"<p>We know the value that certification brings to businesses and their customers, which is why we\u2019re externally audited to the following on an annual basis: Cyber Essentials Plus Certification&nbsp; Cyber Essentials Plus is a UK government-backed scheme designed to help organisations protect against common online threats. This provides added assurance that we are safeguarding client [&hellip;]<\/p>\n","protected":false},"author":11,"featured_media":0,"parent":0,"menu_order":0,"comment_status":"closed","ping_status":"closed","template":"","meta":{"_acf_changed":false,"footnotes":""},"class_list":["post-7785","page","type-page","status-publish","format-standard","hentry"],"acf":[],"yoast_head":"<!-- This site is optimized with the Yoast SEO plugin v27.5 - https:\/\/yoast.com\/product\/yoast-seo-wordpress\/ -->\n<title>Accreditations and Certifications - Vanguard Healthcare Solutions<\/title>\n<meta name=\"robots\" content=\"index, follow, max-snippet:-1, max-image-preview:large, max-video-preview:-1\" \/>\n<link rel=\"canonical\" href=\"https:\/\/www.vanguardhealthcare.co.uk\/hu_hu\/accreditations-and-certifications\/\" \/>\n<meta property=\"og:locale\" content=\"hu_HU\" \/>\n<meta property=\"og:type\" content=\"article\" \/>\n<meta property=\"og:title\" content=\"Accreditations and Certifications - Vanguard Healthcare Solutions\" \/>\n<meta property=\"og:description\" content=\"We know the value that certification brings to businesses and their customers, which is why we\u2019re externally audited to the following on an annual basis: Cyber Essentials Plus Certification&nbsp; Cyber Essentials Plus is a UK government-backed scheme designed to help organisations protect against common online threats. This provides added assurance that we are safeguarding client [&hellip;]\" \/>\n<meta property=\"og:url\" content=\"https:\/\/www.vanguardhealthcare.co.uk\/hu_hu\/accreditations-and-certifications\/\" \/>\n<meta property=\"og:site_name\" content=\"Vanguard Healthcare Solutions\" \/>\n<meta property=\"article:modified_time\" content=\"2026-01-09T10:18:01+00:00\" \/>\n<meta property=\"og:image\" content=\"https:\/\/www.vanguardhealthcare.co.uk\/wp-content\/uploads\/2025\/03\/Untitled-design-2.png\" \/>\n\t<meta property=\"og:image:width\" content=\"512\" \/>\n\t<meta property=\"og:image:height\" content=\"612\" \/>\n\t<meta property=\"og:image:type\" content=\"image\/png\" \/>\n<meta name=\"twitter:card\" content=\"summary_large_image\" \/>\n<meta name=\"twitter:label1\" content=\"Becs\u00fclt olvas\u00e1si id\u0151\" \/>\n\t<meta name=\"twitter:data1\" content=\"3 perc\" \/>\n<script type=\"application\/ld+json\" class=\"yoast-schema-graph\">{\"@context\":\"https:\\\/\\\/schema.org\",\"@graph\":[{\"@type\":\"WebPage\",\"@id\":\"https:\\\/\\\/www.vanguardhealthcare.co.uk\\\/accreditations-and-certifications\\\/\",\"url\":\"https:\\\/\\\/www.vanguardhealthcare.co.uk\\\/accreditations-and-certifications\\\/\",\"name\":\"Accreditations and Certifications - Vanguard Healthcare Solutions\",\"isPartOf\":{\"@id\":\"https:\\\/\\\/www.vanguardhealthcare.co.uk\\\/#website\"},\"primaryImageOfPage\":{\"@id\":\"https:\\\/\\\/www.vanguardhealthcare.co.uk\\\/accreditations-and-certifications\\\/#primaryimage\"},\"image\":{\"@id\":\"https:\\\/\\\/www.vanguardhealthcare.co.uk\\\/accreditations-and-certifications\\\/#primaryimage\"},\"thumbnailUrl\":\"https:\\\/\\\/www.vanguardhealthcare.co.uk\\\/wp-content\\\/uploads\\\/2025\\\/03\\\/Untitled-design-2.png\",\"datePublished\":\"2025-02-12T17:18:20+00:00\",\"dateModified\":\"2026-01-09T10:18:01+00:00\",\"breadcrumb\":{\"@id\":\"https:\\\/\\\/www.vanguardhealthcare.co.uk\\\/accreditations-and-certifications\\\/#breadcrumb\"},\"inLanguage\":\"hu\",\"potentialAction\":[{\"@type\":\"ReadAction\",\"target\":[\"https:\\\/\\\/www.vanguardhealthcare.co.uk\\\/accreditations-and-certifications\\\/\"]}]},{\"@type\":\"ImageObject\",\"inLanguage\":\"hu\",\"@id\":\"https:\\\/\\\/www.vanguardhealthcare.co.uk\\\/accreditations-and-certifications\\\/#primaryimage\",\"url\":\"https:\\\/\\\/www.vanguardhealthcare.co.uk\\\/wp-content\\\/uploads\\\/2025\\\/03\\\/Untitled-design-2.png\",\"contentUrl\":\"https:\\\/\\\/www.vanguardhealthcare.co.uk\\\/wp-content\\\/uploads\\\/2025\\\/03\\\/Untitled-design-2.png\"},{\"@type\":\"BreadcrumbList\",\"@id\":\"https:\\\/\\\/www.vanguardhealthcare.co.uk\\\/accreditations-and-certifications\\\/#breadcrumb\",\"itemListElement\":[{\"@type\":\"ListItem\",\"position\":1,\"name\":\"Home\",\"item\":\"https:\\\/\\\/www.vanguardhealthcare.co.uk\\\/\"},{\"@type\":\"ListItem\",\"position\":2,\"name\":\"Accreditations and Certifications\"}]},{\"@type\":\"WebSite\",\"@id\":\"https:\\\/\\\/www.vanguardhealthcare.co.uk\\\/#website\",\"url\":\"https:\\\/\\\/www.vanguardhealthcare.co.uk\\\/\",\"name\":\"Vanguard Healthcare Solutions\",\"description\":\"\",\"potentialAction\":[{\"@type\":\"SearchAction\",\"target\":{\"@type\":\"EntryPoint\",\"urlTemplate\":\"https:\\\/\\\/www.vanguardhealthcare.co.uk\\\/?s={search_term_string}\"},\"query-input\":{\"@type\":\"PropertyValueSpecification\",\"valueRequired\":true,\"valueName\":\"search_term_string\"}}],\"inLanguage\":\"hu\"}]}<\/script>\n<!-- \/ Yoast SEO plugin. -->","yoast_head_json":{"title":"Akkredit\u00e1ci\u00f3k \u00e9s tan\u00fas\u00edtv\u00e1nyok - Vanguard Eg\u00e9szs\u00e9g\u00fcgyi Megold\u00e1sok","robots":{"index":"index","follow":"follow","max-snippet":"max-snippet:-1","max-image-preview":"max-image-preview:large","max-video-preview":"max-video-preview:-1"},"canonical":"https:\/\/www.vanguardhealthcare.co.uk\/hu_hu\/accreditations-and-certifications\/","og_locale":"hu_HU","og_type":"article","og_title":"Accreditations and Certifications - Vanguard Healthcare Solutions","og_description":"We know the value that certification brings to businesses and their customers, which is why we\u2019re externally audited to the following on an annual basis: Cyber Essentials Plus Certification&nbsp; Cyber Essentials Plus is a UK government-backed scheme designed to help organisations protect against common online threats. This provides added assurance that we are safeguarding client [&hellip;]","og_url":"https:\/\/www.vanguardhealthcare.co.uk\/hu_hu\/accreditations-and-certifications\/","og_site_name":"Vanguard Healthcare Solutions","article_modified_time":"2026-01-09T10:18:01+00:00","og_image":[{"width":512,"height":612,"url":"https:\/\/www.vanguardhealthcare.co.uk\/wp-content\/uploads\/2025\/03\/Untitled-design-2.png","type":"image\/png"}],"twitter_card":"summary_large_image","twitter_misc":{"Becs\u00fclt olvas\u00e1si id\u0151":"3 perc"},"schema":{"@context":"https:\/\/schema.org","@graph":[{"@type":"WebPage","@id":"https:\/\/www.vanguardhealthcare.co.uk\/accreditations-and-certifications\/","url":"https:\/\/www.vanguardhealthcare.co.uk\/accreditations-and-certifications\/","name":"Akkredit\u00e1ci\u00f3k \u00e9s tan\u00fas\u00edtv\u00e1nyok - Vanguard Eg\u00e9szs\u00e9g\u00fcgyi Megold\u00e1sok","isPartOf":{"@id":"https:\/\/www.vanguardhealthcare.co.uk\/#website"},"primaryImageOfPage":{"@id":"https:\/\/www.vanguardhealthcare.co.uk\/accreditations-and-certifications\/#primaryimage"},"image":{"@id":"https:\/\/www.vanguardhealthcare.co.uk\/accreditations-and-certifications\/#primaryimage"},"thumbnailUrl":"https:\/\/www.vanguardhealthcare.co.uk\/wp-content\/uploads\/2025\/03\/Untitled-design-2.png","datePublished":"2025-02-12T17:18:20+00:00","dateModified":"2026-01-09T10:18:01+00:00","breadcrumb":{"@id":"https:\/\/www.vanguardhealthcare.co.uk\/accreditations-and-certifications\/#breadcrumb"},"inLanguage":"hu","potentialAction":[{"@type":"ReadAction","target":["https:\/\/www.vanguardhealthcare.co.uk\/accreditations-and-certifications\/"]}]},{"@type":"ImageObject","inLanguage":"hu","@id":"https:\/\/www.vanguardhealthcare.co.uk\/accreditations-and-certifications\/#primaryimage","url":"https:\/\/www.vanguardhealthcare.co.uk\/wp-content\/uploads\/2025\/03\/Untitled-design-2.png","contentUrl":"https:\/\/www.vanguardhealthcare.co.uk\/wp-content\/uploads\/2025\/03\/Untitled-design-2.png"},{"@type":"BreadcrumbList","@id":"https:\/\/www.vanguardhealthcare.co.uk\/accreditations-and-certifications\/#breadcrumb","itemListElement":[{"@type":"ListItem","position":1,"name":"Home","item":"https:\/\/www.vanguardhealthcare.co.uk\/"},{"@type":"ListItem","position":2,"name":"Accreditations and Certifications"}]},{"@type":"WebSite","@id":"https:\/\/www.vanguardhealthcare.co.uk\/#website","url":"https:\/\/www.vanguardhealthcare.co.uk\/","name":"Vanguard Healthcare Solutions","description":"","potentialAction":[{"@type":"SearchAction","target":{"@type":"EntryPoint","urlTemplate":"https:\/\/www.vanguardhealthcare.co.uk\/?s={search_term_string}"},"query-input":{"@type":"PropertyValueSpecification","valueRequired":true,"valueName":"search_term_string"}}],"inLanguage":"hu"}]}},"_links":{"self":[{"href":"https:\/\/www.vanguardhealthcare.co.uk\/hu_hu\/wp-json\/wp\/v2\/pages\/7785","targetHints":{"allow":["GET"]}}],"collection":[{"href":"https:\/\/www.vanguardhealthcare.co.uk\/hu_hu\/wp-json\/wp\/v2\/pages"}],"about":[{"href":"https:\/\/www.vanguardhealthcare.co.uk\/hu_hu\/wp-json\/wp\/v2\/types\/page"}],"author":[{"embeddable":true,"href":"https:\/\/www.vanguardhealthcare.co.uk\/hu_hu\/wp-json\/wp\/v2\/users\/11"}],"replies":[{"embeddable":true,"href":"https:\/\/www.vanguardhealthcare.co.uk\/hu_hu\/wp-json\/wp\/v2\/comments?post=7785"}],"version-history":[{"count":0,"href":"https:\/\/www.vanguardhealthcare.co.uk\/hu_hu\/wp-json\/wp\/v2\/pages\/7785\/revisions"}],"wp:attachment":[{"href":"https:\/\/www.vanguardhealthcare.co.uk\/hu_hu\/wp-json\/wp\/v2\/media?parent=7785"}],"curies":[{"name":"munkaf\u00fczet","href":"https:\/\/api.w.org\/{rel}","templated":true}]}}