{"id":455,"date":"2023-07-03T14:28:23","date_gmt":"2023-07-03T14:28:23","guid":{"rendered":"https:\/\/www.vanguardhealthcare.co.uk\/?page_id=455"},"modified":"2023-09-07T08:50:18","modified_gmt":"2023-09-07T08:50:18","slug":"procurement","status":"publish","type":"page","link":"https:\/\/www.vanguardhealthcare.co.uk\/hu_hu\/procurement\/","title":{"rendered":"Beszerz\u00e9s"},"content":{"rendered":"<section id=\"section-2-59\" class=\"ct-section\" style=\"background-image:url(https:\/\/www.vanguardhealthcare.co.uk\/wp-content\/uploads\/2023\/05\/boulders-right.png);background-size: auto;\" >\n<div class=\"ct-section-inner-wrap\">\n<div id=\"div_block-8-59\" class=\"ct-div-block\" ><a id=\"link_text-6-59\" class=\"ct-link-text\" href=\"\/hu_hu\/\" target=\"_self\"  >itthon<\/a><\/p>\n<h1 id=\"headline-3-59\" class=\"ct-headline\"><span id=\"span-4-59\" class=\"ct-span\" >Beszerz\u00e9s<\/span><\/h1>\n<\/div>\n<\/div>\n<\/section>\n<section id=\"section-68-14-text-left-white\" class=\"ct-section\" >\n<div class=\"ct-section-inner-wrap\">\n<div id=\"new_columns-69-14text-left-white\" class=\"ct-new-columns\" >\n<div id=\"div_block-70-14\" class=\"ct-div-block\" >\n<h2 id=\"headline-71-14\" class=\"ct-headline\">Az \u00d6n ig\u00e9nyeire szabott beszerz\u00e9si tervek<\/h2>\n<div id=\"_rich_text-72-14\" class=\"oxy-rich-text\" >\n<p>Szakemberek vagyunk az eg\u00e9szs\u00e9g\u00fcgyi int\u00e9zm\u00e9nyi megold\u00e1sok k\u00edn\u00e1lat\u00e1ban, amelyeket klinikai szolg\u00e1ltat\u00e1saink t\u00e1mogatnak. Ezek az \u00d6n ig\u00e9nyeit\u0151l f\u00fcgg\u0151en lehetnek szabv\u00e1nyosak vagy egyediek, b\u00e9relhet\u0151k vagy megv\u00e1s\u00e1rolhat\u00f3k.&nbsp;<\/p>\n<p>Sz\u00e1mos szerz\u0151d\u00e9sk\u00f6t\u00e9si lehet\u0151s\u00e9get k\u00edn\u00e1lunk, \u00e9s az \u00d6n t\u0151ke- vagy m\u0171k\u00f6d\u00e9si kiad\u00e1si priorit\u00e1sai szerint dolgozhatunk. Eg\u00e9szs\u00e9g\u00fcgyi tereink az egyszer\u0171s\u00e9g \u00e9s a k\u00e9nyelem \u00e9rdek\u00e9ben sz\u00e1mos k\u00fcl\u00f6nb\u00f6z\u0151 keretrendszerben \u00e1llnak rendelkez\u00e9sre.&nbsp;<a href=\"..\/our-team\/\">Csapatunk<\/a>&nbsp;v\u00e9gigvezeti a lehet\u0151s\u00e9geken, \u00e9s v\u00e9gigvezeti az \u00fat minden l\u00e9p\u00e9s\u00e9n.&nbsp;<\/p>\n<\/div>\n<\/div>\n<div id=\"div_block-74-14\" class=\"ct-div-block\" ><img decoding=\"async\"  id=\"image-75-14\" alt=\"\" src=\"https:\/\/www.vanguardhealthcare.co.uk\/wp-content\/uploads\/2023\/05\/Staffed-operating-theatre1.jpg\" class=\"ct-image\"\/><\/div>\n<\/div>\n<\/div>\n<\/section>\n<section id=\"section-88-34-blue\" class=\"ct-section\" >\n<div class=\"ct-section-inner-wrap\">\n<div id=\"new_columns-89-34-blue\" class=\"ct-new-columns\" >\n<div id=\"div_block-94-34\" class=\"ct-div-block\" ><img decoding=\"async\"  id=\"image-95-34\" alt=\"\" src=\"https:\/\/www.vanguardhealthcare.co.uk\/wp-content\/uploads\/2023\/05\/Staffed-operating-theatre1.jpg\" class=\"ct-image\"\/><\/div>\n<div id=\"div_block-90-34\" class=\"ct-div-block\" >\n<h2 id=\"headline-91-34\" class=\"ct-headline\">K\u00f6rnyezeti, t\u00e1rsadalmi \u00e9rt\u00e9k \u00e9s korm\u00e1nyz\u00e1s (ESG)<\/h2>\n<div id=\"_rich_text-92-34\" class=\"oxy-rich-text\" >\n<p dir=\"ltr\">Komolyan vessz\u00fck etikai, fenntarthat\u00f3s\u00e1gi \u00e9s t\u00e1rsadalmi felel\u0151ss\u00e9g\u00fcnket, \u00e9s k\u00f6vetkezetesen be\u00e1gyazzuk \u00e9s alkalmazzuk v\u00e1llalati t\u00e1rsadalmi \u00e9rt\u00e9keinket kereskedelmi tev\u00e9kenys\u00e9geinkben. Nemzetk\u00f6zi v\u00e1llalatk\u00e9nt kiemelten fontosnak tartjuk, hogy megtal\u00e1ljuk a m\u00f3dj\u00e1t, hogyan cs\u00f6kkents\u00fck a k\u00f6z\u00fati m\u00e9rf\u00f6ldeket \u00e9s a nemzetk\u00f6zi utaz\u00e1sokat, ahol csak lehets\u00e9ges. Azokban az esetekben, amikor ez nem el\u00e9rhet\u0151, ellens\u00falyozzuk utaz\u00e1sunk k\u00f6rnyezeti hat\u00e1s\u00e1t.<\/p>\n<p dir=\"ltr\">Az NHS \u00e9s m\u00e1s f\u00fcggetlen szolg\u00e1ltat\u00f3k kulcsfontoss\u00e1g\u00fa besz\u00e1ll\u00edt\u00f3jak\u00e9nt felel\u0151ss\u00e9geink vannak, amelyeknek t\u00fckr\u00f6z\u0151dni\u00fck kell m\u0171k\u00f6d\u00e9s\u00fcnkben \u00e9s ell\u00e1t\u00e1si l\u00e1ncunkban. Szeretn\u00e9nk, ha besz\u00e1ll\u00edt\u00f3ink megmutatn\u00e1k ezeket az etikai \u00e9rt\u00e9keket, akik kulcsfontoss\u00e1g\u00faak m\u0171k\u00f6d\u00e9s\u00fcnk szempontj\u00e1b\u00f3l, \u00e9s a j\u00f6v\u0151ben az ISO 14001 \u00e9s 45001 szabv\u00e1nyokkal vagy m\u00e1s relev\u00e1ns szakmai akkredit\u00e1ci\u00f3val rendelkez\u0151 kulcsfontoss\u00e1g\u00fa besz\u00e1ll\u00edt\u00f3inkra tekintenek.&nbsp;&nbsp;<\/p>\n<p dir=\"ltr\">Elv\u00e1r\u00e1sunk, hogy minden besz\u00e1ll\u00edt\u00f3nk megfeleljen a vonatkoz\u00f3 k\u00f6rnyezetv\u00e9delmi t\u00f6rv\u00e9nyeknek, el\u0151\u00edr\u00e1soknak \u00e9s szabv\u00e1nyoknak. Ha m\u00e9g nem teszik meg, akkor k\u00e9rj\u00fck, hogy hozzanak l\u00e9tre rendszereket \u00e9s ellen\u0151rz\u00e9seket a potenci\u00e1lis vesz\u00e9lyek azonos\u00edt\u00e1s\u00e1ra \u00e9s kik\u00fcsz\u00f6b\u00f6l\u00e9s\u00e9re. <a href=\"..\/environment\/\">k\u00f6rnyezet<\/a>, amelyek ar\u00e1nyosak a kock\u00e1zattal.<\/p>\n<p>&nbsp;<\/p>\n<\/div>\n<\/div>\n<\/div>\n<\/div>\n<\/section>\n<section id=\"section-68-14-text-left-white\" class=\"ct-section\" >\n<div class=\"ct-section-inner-wrap\">\n<div id=\"new_columns-69-14text-left-white\" class=\"ct-new-columns\" >\n<div id=\"div_block-70-14\" class=\"ct-div-block\" >\n<h2 id=\"headline-71-14\" class=\"ct-headline\">Az ell\u00e1t\u00e1si l\u00e1ncunk<\/h2>\n<div id=\"_rich_text-72-14\" class=\"oxy-rich-text\" >\n<p dir=\"ltr\">Ell\u00e1t\u00e1si l\u00e1ncunk az Egyes\u00fclt Kir\u00e1lys\u00e1gban, Eur\u00f3p\u00e1ban vagy Ausztr\u00e1li\u00e1ban h\u00faz\u00f3dik. Szerz\u0151d\u00e9seinkben \u00e9s kereskedelmi kapcsolatainkban egy\u00e9rtelm\u0171en r\u00f6gz\u00edtj\u00fck besz\u00e1ll\u00edt\u00f3ink m\u0171k\u00f6d\u00e9si norm\u00e1it.&nbsp;&nbsp;<\/p>\n<p dir=\"ltr\">ESG \u00e9rt\u00e9keinket be\u00e9p\u00edtj\u00fck m\u0171k\u00f6d\u00e9s\u00fcnkbe, munkat\u00e1rsainkba \u00e9s ell\u00e1t\u00e1si l\u00e1ncunkba. T\u00e1mogatjuk ell\u00e1t\u00e1si l\u00e1ncunkat ott, ahol alkalmazkodni kell ahhoz, hogy el\u00e9rj\u00fck&nbsp;<a href=\"..\/environment\/\">ESG c\u00e9lok<\/a>.&nbsp;<\/p>\n<p dir=\"ltr\">ESG strat\u00e9gi\u00e1nkat a k\u00f6vetkez\u0151k t\u00e1masztj\u00e1k al\u00e1:<\/p>\n<ul>\n<li dir=\"ltr\" aria-level=\"1\">\n<p dir=\"ltr\" role=\"presentation\">Felel\u0151ss\u00e9gek az NHS kulcsfontoss\u00e1g\u00fa besz\u00e1ll\u00edt\u00f3jak\u00e9nt<\/p>\n<\/li>\n<li dir=\"ltr\" aria-level=\"1\">\n<p dir=\"ltr\" role=\"presentation\">Az NHS z\u00f6ld terv\u00e9ben meghat\u00e1rozott k\u00f6z\u00f6s c\u00e9lok<\/p>\n<\/li>\n<li dir=\"ltr\" aria-level=\"1\">\n<p dir=\"ltr\" role=\"presentation\">Etikus \u00e9s felel\u0151ss\u00e9gteljes m\u0171k\u00f6d\u00e9s ir\u00e1nti v\u00e1gy<\/p>\n<\/li>\n<li dir=\"ltr\" aria-level=\"1\">\n<p dir=\"ltr\" role=\"presentation\">Felk\u00e9sz\u00fclts\u00e9g az ESG szab\u00e1lyoz\u00e1sra<\/p>\n<\/li>\n<li dir=\"ltr\" aria-level=\"1\">\n<p dir=\"ltr\" role=\"presentation\">K\u00e9pes bebizony\u00edtani elk\u00f6telezetts\u00e9g\u00fcnket az ESG \u00e9s az etikus m\u0171veletek ir\u00e1nt a befektet\u0151k sz\u00e1m\u00e1ra (jelenlegi \u00e9s j\u00f6v\u0151beli)<\/p>\n<\/li>\n<\/ul>\n<\/div>\n<\/div>\n<div id=\"div_block-74-14\" class=\"ct-div-block\" ><img decoding=\"async\"  id=\"image-75-14\" alt=\"\" src=\"https:\/\/www.vanguardhealthcare.co.uk\/wp-content\/uploads\/2023\/05\/Mobile-operating-theatre-delivery_vanguard.jpg\" class=\"ct-image\"\/><\/div>\n<\/div>\n<\/div>\n<\/section>\n<section id=\"section-88-34-blue\" class=\"ct-section\" >\n<div class=\"ct-section-inner-wrap\">\n<div id=\"new_columns-89-34-blue\" class=\"ct-new-columns\" >\n<div id=\"div_block-94-34\" class=\"ct-div-block\" ><img decoding=\"async\"  id=\"image-95-34\" alt=\"\" src=\"https:\/\/www.vanguardhealthcare.co.uk\/wp-content\/uploads\/2023\/05\/Staffed-operating-theatre1.jpg\" class=\"ct-image\"\/><\/div>\n<div id=\"div_block-90-34\" class=\"ct-div-block\" >\n<h2 id=\"headline-91-34\" class=\"ct-headline\">Besz\u00e1ll\u00edt\u00f3inkat a kock\u00e1zat \u00e9s \u00e9retts\u00e9g\u00fck szerint \u00e9rt\u00e9kelj\u00fck<\/h2>\n<div id=\"_rich_text-92-34\" class=\"oxy-rich-text\" >\n<p dir=\"ltr\">Besz\u00e1ll\u00edt\u00f3inknak tekintj\u00fck:<\/p>\n<ul>\n<li dir=\"ltr\" aria-level=\"1\">\n<p dir=\"ltr\" role=\"presentation\"><a href=\"..\/environment\/\">A v\u00e1llalati t\u00e1rsadalmi felel\u0151ss\u00e9gv\u00e1llal\u00e1s<\/a>&nbsp;(CSR)<\/p>\n<\/li>\n<li dir=\"ltr\" aria-level=\"1\">\n<p dir=\"ltr\" role=\"presentation\">Energia- \u00e9s \u00fczemanyag-hat\u00e9konys\u00e1g<\/p>\n<\/li>\n<li dir=\"ltr\" aria-level=\"1\">\n<p dir=\"ltr\" role=\"presentation\">Eg\u00e9szs\u00e9g\u00fcgyi \u00e9s biztons\u00e1gi politik\u00e1k<\/p>\n<\/li>\n<li dir=\"ltr\" aria-level=\"1\">\n<p dir=\"ltr\" role=\"presentation\">K\u00f6zleked\u00e9si politika<\/p>\n<\/li>\n<li dir=\"ltr\" aria-level=\"1\">\n<p dir=\"ltr\" role=\"presentation\">Helyi foglalkoztat\u00e1s ig\u00e9nybev\u00e9tele<\/p>\n<\/li>\n<li dir=\"ltr\" aria-level=\"1\">\n<p dir=\"ltr\" role=\"presentation\">Tanulm\u00e1nyi \u00e9s k\u00e9pz\u00e9si nyilv\u00e1ntart\u00e1s<\/p>\n<\/li>\n<\/ul>\n<p dir=\"ltr\">Eg\u00e9szs\u00e9g\u00fcgyi megold\u00e1sok szolg\u00e1ltat\u00f3jak\u00e9nt betegk\u00f6zpont\u00faak vagyunk. Mindenkor a betegek \u00e9s \u00fcgyfeleink t\u00f6r\u0151d\u00e9se \u00e9s biztons\u00e1ga a priorit\u00e1sunk; elv\u00e1rjuk besz\u00e1ll\u00edt\u00f3inkt\u00f3l, hogy megossz\u00e1k ezeket a priorit\u00e1sokat.&nbsp;&nbsp;<\/p>\n<p dir=\"ltr\">H\u00edrnev\u00fcnk azon a k\u00e9pess\u00e9gen alapul, hogy kiv\u00e1l\u00f3 min\u0151s\u00e9g\u0171 eg\u00e9szs\u00e9g\u00fcgyi tereket tudunk biztos\u00edtani. Szab\u00e1lyoz\u00e1si k\u00f6vetelm\u00e9nyeink n\u00f6veked\u00e9s\u00e9vel szeretn\u00e9nk megtartani azokat a besz\u00e1ll\u00edt\u00f3kat, akik megfelelnek a szabv\u00e1nyainknak, hogy tov\u00e1bbra is \u00e9p\u00edthess\u00fcnk az eddigi sikereinkre.<\/p>\n<\/div>\n<\/div>\n<\/div>\n<\/div>\n<\/section>\n<section id=\"section-68-14-text-left-white\" class=\"ct-section\" >\n<div class=\"ct-section-inner-wrap\">\n<div id=\"new_columns-69-14text-left-white\" class=\"ct-new-columns\" >\n<div id=\"div_block-70-14\" class=\"ct-div-block\" >\n<h2 id=\"headline-71-14\" class=\"ct-headline\">Modern \u00e9p\u00edt\u00e9si \u00e9s innov\u00e1ci\u00f3s m\u00f3dszerek<\/h2>\n<div id=\"_rich_text-72-14\" class=\"oxy-rich-text\" >\n<p dir=\"ltr\">Mik\u00f6zben versenyk\u00e9pesek maradunk, biztos\u00edtjuk, hogy ell\u00e1t\u00e1si l\u00e1ncunk t\u00e1mogassa v\u00e1llalati amb\u00edci\u00f3inkat \u00faj term\u00e9kek, anyagok \u00e9s szolg\u00e1ltat\u00e1sok felt\u00e1r\u00e1s\u00e1val \u00e9s tesztel\u00e9s\u00e9vel.<\/p>\n<\/div>\n<\/div>\n<div id=\"div_block-74-14\" class=\"ct-div-block\" ><img decoding=\"async\"  id=\"image-75-14\" alt=\"\" src=\"https:\/\/www.vanguardhealthcare.co.uk\/wp-content\/uploads\/2023\/06\/design-and-build-4.jpg\" class=\"ct-image\"\/><\/div>\n<\/div>\n<\/div>\n<\/section>\n<section id=\"section-88-34-blue\" class=\"ct-section\" >\n<div class=\"ct-section-inner-wrap\">\n<div id=\"new_columns-89-34-blue\" class=\"ct-new-columns\" >\n<div id=\"div_block-94-34\" class=\"ct-div-block\" ><img decoding=\"async\"  id=\"image-95-34\" alt=\"\" src=\"https:\/\/www.vanguardhealthcare.co.uk\/wp-content\/uploads\/2023\/09\/ESG_-_Earth_with_stethoscope-1017x1024.jpg\" class=\"ct-image\"\/><\/div>\n<div id=\"div_block-90-34\" class=\"ct-div-block\" >\n<h2 id=\"headline-91-34\" class=\"ct-headline\">Fenntarthat\u00f3s\u00e1g<\/h2>\n<div id=\"_rich_text-92-34\" class=\"oxy-rich-text\" >\n<p dir=\"ltr\">Nemzetk\u00f6zi csoport vagyunk, \u00e9s a sz\u00e9n-dioxid-semlegess\u00e9g fel\u00e9 haladunk. Megl\u00e9v\u0151 elk\u00f6telezetts\u00e9g\u00fcnkre \u00e9p\u00edtve tov\u00e1bbra is jav\u00edtani fogjuk k\u00f6rnyezetv\u00e9delmi min\u0151s\u00edt\u00e9seinket, hogy eleget tudjunk tenni a magunk sz\u00e1m\u00e1ra kit\u0171z\u00f6tt fenntarthat\u00f3s\u00e1gi c\u00e9loknak.&nbsp;<a href=\"..\/environment\/\">ESG strat\u00e9gia<\/a>&nbsp;2022\u20132035.<\/p>\n<\/div>\n<\/div>\n<\/div>\n<\/div>\n<\/section>\n<section id=\"section-114-34\" class=\"ct-section\" >\n<div class=\"ct-section-inner-wrap\">\n<div id=\"new_columns-115-34\" class=\"ct-new-columns\" >\n<div id=\"div_block-116-34\" class=\"ct-div-block\" >\n<h2 id=\"headline-117-34\" class=\"ct-headline\">Keretben val\u00f3 r\u00e9szv\u00e9tel\u00fcnk<\/h2>\n<div id=\"_rich_text-118-34\" class=\"oxy-rich-text\" >\n<p>Az NHS ell\u00e1t\u00e1si l\u00e1nc keretrendszereiben val\u00f3 r\u00e9szv\u00e9tel\u00fcnk, valamint az NHS-szel \u00e9s eg\u00e9szs\u00e9g\u00fcgyi szervekkel folytatott folyamatos munk\u00e1nk megk\u00f6veteli, hogy rendszeres biztos\u00edt\u00e9kot ny\u00fajtsunk a megfelel\u0151s\u00e9gi int\u00e9zked\u00e9sek sz\u00e9les k\u00f6r\u00e9ben.<\/p>\n<\/div>\n<p><a id=\"link_button-119-34\" class=\"ct-link-button button-pink\" href=\"\/hu_hu\/our-frameworks\/\" target=\"_self\"  >A kereteink<\/a><\/div>\n<div id=\"div_block-120-34\" class=\"ct-div-block\" ><img decoding=\"async\"  id=\"image-121-34\" alt=\"\" src=\"https:\/\/www.vanguardhealthcare.co.uk\/wp-content\/uploads\/2023\/06\/modular-surgical-hub-scaled.jpg\" class=\"ct-image\"\/><\/div>\n<\/div>\n<\/div>\n<\/section>\n<section id=\"section-144-59\" class=\"ct-section\" >\n<div class=\"ct-section-inner-wrap\">\n<div id=\"new_columns-145-59\" class=\"ct-new-columns\" >\n<div id=\"div_block-146-59\" class=\"ct-div-block\" >\n<div id=\"_rich_text-9-63\" class=\"oxy-rich-text\" >\n<p>A k\u00f3rh\u00e1za sz\u00e1m\u00e1ra megfelel\u0151 megold\u00e1s megtal\u00e1l\u00e1sa itt kezd\u0151dhet\u2026<\/p>\n<\/div>\n<p><a id=\"link_button-149-59\" class=\"ct-link-button\" href=\"\/hu_hu\/contact\/\" target=\"_self\"  >Felveszi a kapcsolatot<\/a><\/div>\n<div id=\"div_block-150-59\" class=\"ct-div-block\" ><img decoding=\"async\"  id=\"image-151-59\" alt=\"\" src=\"https:\/\/www.vanguardhealthcare.co.uk\/wp-content\/uploads\/2023\/06\/kettering-2-1.jpg\" class=\"ct-image\"\/><\/div>\n<\/div>\n<\/div>\n<\/section>","protected":false},"excerpt":{"rendered":"","protected":false},"author":2,"featured_media":0,"parent":0,"menu_order":0,"comment_status":"closed","ping_status":"closed","template":"","meta":{"_acf_changed":false,"footnotes":""},"class_list":["post-455","page","type-page","status-publish","format-standard","hentry"],"acf":[],"yoast_head":"<!-- This site is optimized with the Yoast SEO plugin v27.4 - https:\/\/yoast.com\/product\/yoast-seo-wordpress\/ -->\n<title>Procurement - Vanguard Healthcare Solutions<\/title>\n<meta name=\"robots\" content=\"index, follow, max-snippet:-1, max-image-preview:large, max-video-preview:-1\" \/>\n<link rel=\"canonical\" href=\"https:\/\/www.vanguardhealthcare.co.uk\/hu_hu\/procurement\/\" \/>\n<meta property=\"og:locale\" content=\"hu_HU\" \/>\n<meta property=\"og:type\" content=\"article\" \/>\n<meta property=\"og:title\" content=\"Procurement - Vanguard Healthcare Solutions\" \/>\n<meta property=\"og:url\" content=\"https:\/\/www.vanguardhealthcare.co.uk\/hu_hu\/procurement\/\" \/>\n<meta property=\"og:site_name\" content=\"Vanguard Healthcare Solutions\" \/>\n<meta property=\"article:modified_time\" content=\"2023-09-07T08:50:18+00:00\" \/>\n<meta name=\"twitter:card\" content=\"summary_large_image\" \/>\n<script type=\"application\/ld+json\" class=\"yoast-schema-graph\">{\"@context\":\"https:\\\/\\\/schema.org\",\"@graph\":[{\"@type\":\"WebPage\",\"@id\":\"https:\\\/\\\/www.vanguardhealthcare.co.uk\\\/procurement\\\/\",\"url\":\"https:\\\/\\\/www.vanguardhealthcare.co.uk\\\/procurement\\\/\",\"name\":\"Procurement - Vanguard Healthcare Solutions\",\"isPartOf\":{\"@id\":\"https:\\\/\\\/www.vanguardhealthcare.co.uk\\\/#website\"},\"datePublished\":\"2023-07-03T14:28:23+00:00\",\"dateModified\":\"2023-09-07T08:50:18+00:00\",\"breadcrumb\":{\"@id\":\"https:\\\/\\\/www.vanguardhealthcare.co.uk\\\/procurement\\\/#breadcrumb\"},\"inLanguage\":\"hu\",\"potentialAction\":[{\"@type\":\"ReadAction\",\"target\":[\"https:\\\/\\\/www.vanguardhealthcare.co.uk\\\/procurement\\\/\"]}]},{\"@type\":\"BreadcrumbList\",\"@id\":\"https:\\\/\\\/www.vanguardhealthcare.co.uk\\\/procurement\\\/#breadcrumb\",\"itemListElement\":[{\"@type\":\"ListItem\",\"position\":1,\"name\":\"Home\",\"item\":\"https:\\\/\\\/www.vanguardhealthcare.co.uk\\\/\"},{\"@type\":\"ListItem\",\"position\":2,\"name\":\"Procurement\"}]},{\"@type\":\"WebSite\",\"@id\":\"https:\\\/\\\/www.vanguardhealthcare.co.uk\\\/#website\",\"url\":\"https:\\\/\\\/www.vanguardhealthcare.co.uk\\\/\",\"name\":\"Vanguard Healthcare Solutions\",\"description\":\"\",\"potentialAction\":[{\"@type\":\"SearchAction\",\"target\":{\"@type\":\"EntryPoint\",\"urlTemplate\":\"https:\\\/\\\/www.vanguardhealthcare.co.uk\\\/?s={search_term_string}\"},\"query-input\":{\"@type\":\"PropertyValueSpecification\",\"valueRequired\":true,\"valueName\":\"search_term_string\"}}],\"inLanguage\":\"hu\"}]}<\/script>\n<!-- \/ Yoast SEO plugin. -->","yoast_head_json":{"title":"Beszerz\u00e9s - Vanguard Eg\u00e9szs\u00e9g\u00fcgyi Megold\u00e1sok","robots":{"index":"index","follow":"follow","max-snippet":"max-snippet:-1","max-image-preview":"max-image-preview:large","max-video-preview":"max-video-preview:-1"},"canonical":"https:\/\/www.vanguardhealthcare.co.uk\/hu_hu\/procurement\/","og_locale":"hu_HU","og_type":"article","og_title":"Procurement - Vanguard Healthcare Solutions","og_url":"https:\/\/www.vanguardhealthcare.co.uk\/hu_hu\/procurement\/","og_site_name":"Vanguard Healthcare Solutions","article_modified_time":"2023-09-07T08:50:18+00:00","twitter_card":"summary_large_image","schema":{"@context":"https:\/\/schema.org","@graph":[{"@type":"WebPage","@id":"https:\/\/www.vanguardhealthcare.co.uk\/procurement\/","url":"https:\/\/www.vanguardhealthcare.co.uk\/procurement\/","name":"Beszerz\u00e9s - Vanguard Eg\u00e9szs\u00e9g\u00fcgyi Megold\u00e1sok","isPartOf":{"@id":"https:\/\/www.vanguardhealthcare.co.uk\/#website"},"datePublished":"2023-07-03T14:28:23+00:00","dateModified":"2023-09-07T08:50:18+00:00","breadcrumb":{"@id":"https:\/\/www.vanguardhealthcare.co.uk\/procurement\/#breadcrumb"},"inLanguage":"hu","potentialAction":[{"@type":"ReadAction","target":["https:\/\/www.vanguardhealthcare.co.uk\/procurement\/"]}]},{"@type":"BreadcrumbList","@id":"https:\/\/www.vanguardhealthcare.co.uk\/procurement\/#breadcrumb","itemListElement":[{"@type":"ListItem","position":1,"name":"Home","item":"https:\/\/www.vanguardhealthcare.co.uk\/"},{"@type":"ListItem","position":2,"name":"Procurement"}]},{"@type":"WebSite","@id":"https:\/\/www.vanguardhealthcare.co.uk\/#website","url":"https:\/\/www.vanguardhealthcare.co.uk\/","name":"Vanguard Healthcare Solutions","description":"","potentialAction":[{"@type":"SearchAction","target":{"@type":"EntryPoint","urlTemplate":"https:\/\/www.vanguardhealthcare.co.uk\/?s={search_term_string}"},"query-input":{"@type":"PropertyValueSpecification","valueRequired":true,"valueName":"search_term_string"}}],"inLanguage":"hu"}]}},"_links":{"self":[{"href":"https:\/\/www.vanguardhealthcare.co.uk\/hu_hu\/wp-json\/wp\/v2\/pages\/455","targetHints":{"allow":["GET"]}}],"collection":[{"href":"https:\/\/www.vanguardhealthcare.co.uk\/hu_hu\/wp-json\/wp\/v2\/pages"}],"about":[{"href":"https:\/\/www.vanguardhealthcare.co.uk\/hu_hu\/wp-json\/wp\/v2\/types\/page"}],"author":[{"embeddable":true,"href":"https:\/\/www.vanguardhealthcare.co.uk\/hu_hu\/wp-json\/wp\/v2\/users\/2"}],"replies":[{"embeddable":true,"href":"https:\/\/www.vanguardhealthcare.co.uk\/hu_hu\/wp-json\/wp\/v2\/comments?post=455"}],"version-history":[{"count":0,"href":"https:\/\/www.vanguardhealthcare.co.uk\/hu_hu\/wp-json\/wp\/v2\/pages\/455\/revisions"}],"wp:attachment":[{"href":"https:\/\/www.vanguardhealthcare.co.uk\/hu_hu\/wp-json\/wp\/v2\/media?parent=455"}],"curies":[{"name":"munkaf\u00fczet","href":"https:\/\/api.w.org\/{rel}","templated":true}]}}