{"id":367,"date":"2023-06-28T13:15:49","date_gmt":"2023-06-28T13:15:49","guid":{"rendered":"https:\/\/www.vanguardhealthcare.co.uk\/?page_id=367"},"modified":"2023-08-24T10:07:33","modified_gmt":"2023-08-24T10:07:33","slug":"accessibility","status":"publish","type":"page","link":"https:\/\/www.vanguardhealthcare.co.uk\/hu_hu\/accessibility\/","title":{"rendered":"Megk\u00f6zel\u00edthet\u0151s\u00e9g"},"content":{"rendered":"<p>Mindent megtett\u00fcnk annak \u00e9rdek\u00e9ben, hogy ez az oldal mindenki sz\u00e1m\u00e1ra el\u00e9rhet\u0151 \u00e9s k\u00f6nnyen haszn\u00e1lhat\u00f3 legyen.<\/p>\n<\/p>\n<h4 class=\"wp-block-heading\">Nevezetes szerepek<\/h4>\n<p>A Web Accessibility Initiative (WAI) \u00e9s az Accessible Rich Internet Applications Suite (ARIA) \u00fatmutat\u00e1sait k\u00f6vetve m\u00e9rf\u00f6ldk\u0151nek sz\u00e1m\u00edt\u00f3 szerepk\u00f6r\u00f6k biztos\u00edtottak a webhely hozz\u00e1f\u00e9rhet\u0151bb\u00e9 t\u00e9tele \u00e9rdek\u00e9ben. Konkr\u00e9t tartalmak vagy navig\u00e1ci\u00f3s ter\u00fcletek azonos\u00edt\u00e1s\u00e1ra haszn\u00e1lt szerepk\u00f6r\u00f6k a g\u00e9pi olvas\u00f3k \u00e9s a seg\u00e9deszk\u00f6z\u00f6k, p\u00e9ld\u00e1ul a k\u00e9perny\u0151olvas\u00f3k sz\u00e1m\u00e1ra.<\/p>\n<p>A terept\u00e1rgyak seg\u00edts\u00e9g\u00e9vel azonos\u00edtott\u00e1k a webhely f\u0151 szakaszait, \u00e9s az ARIA-attrib\u00fatumok megfelelnek a szerep\u00fcknek.<\/p>\n<\/p>\n<h4 class=\"wp-block-heading\">B\u00f6ng\u00e9sz\u0151 \u00e9s eszk\u00f6z t\u00e1mogat\u00e1s<\/h4>\n<p>Az oldal rugalmasan \u00e9p\u00fcl fel, \u00e9s teljes m\u00e9rt\u00e9kben reszponz\u00edv, hogy a lehet\u0151 legjobb felhaszn\u00e1l\u00f3i \u00e9lm\u00e9nyt biztos\u00edtsa asztali sz\u00e1m\u00edt\u00f3g\u00e9peken, mobileszk\u00f6z\u00f6k\u00f6n \u00e9s t\u00e1blag\u00e9peken.<\/p>\n<p>A webhely teljes m\u00e9rt\u00e9kben t\u00e1mogatott (azaz az optim\u00e1lis \u00e9lm\u00e9ny, ahol minden tartalom rendeltet\u00e9sszer\u0171en k\u00e9zbes\u00edtve \u00e9s hozz\u00e1f\u00e9rhet\u0151v\u00e9 v\u00e1lik) a Chrome, a Firefox, a Safari \u00e9s az Edge leg\u00fajabb verzi\u00f3ja asztali sz\u00e1m\u00edt\u00f3g\u00e9peken, valamint a Chrome leg\u00fajabb verzi\u00f3ja Androidon \u00e9s Safari iOS rendszeren.<\/p>\n<p>A fent felsorolt b\u00f6ng\u00e9sz\u0151k el\u0151z\u0151 k\u00e9t verzi\u00f3j\u00e1nak t\u00e1mogat\u00e1sa elavult (azaz minden tartalom el\u00e9rhet\u0151, de a felhaszn\u00e1l\u00f3i \u00e9lm\u00e9ny cs\u00f6kkenhet. A HTML, a Javascript \u00e9s a CSS megjelen\u00edt\u00e9se kecsesen leromlik (azaz nem okoz hib\u00e1kat), ha a b\u00f6ng\u00e9sz\u0151 nem k\u00e9pes a funkcionalit\u00e1s).<\/p>\n<p>A r\u00e9gebbi vagy a fent felsorolt b\u00f6ng\u00e9sz\u0151k nem t\u00e1mogatottak (ami azt jelenti, hogy a b\u00f6ng\u00e9sz\u0151 nincs tesztelve, ez\u00e9rt el\u0151fordulhat, hogy bizonyos tartalmak nem \u00e9rhet\u0151k el, \u00e9s ez s\u00falyosan befoly\u00e1solhatja a tapasztalatot).<\/p>\n<\/p>\n<h4 class=\"wp-block-heading\">Szemantika<\/h4>\n<p>A HTML5 jel\u00f6l\u00e9st arra haszn\u00e1lj\u00e1k, hogy a webhelyet megfelel\u0151 elemekkel struktur\u00e1lj\u00e1k, amelyek egy\u00e9rtelm\u0171en \u00e9s logikusan azonos\u00edtj\u00e1k a tartalmat a keres\u0151motorok vagy a k\u00e9perny\u0151olvas\u00f3k sz\u00e1m\u00e1ra.<\/p>\n<\/p>\n<h4 class=\"wp-block-heading\">JavaScript<\/h4>\n<p>A JavaScript haszn\u00e1lata tov\u00e1bbfejlesztett funkci\u00f3kat biztos\u00edt a felhaszn\u00e1l\u00f3 sz\u00e1m\u00e1ra a webhelyen. Ahol nem \u00e9rhet\u0151 el, minden oldal \u00e9s folyamat tov\u00e1bbra is el\u00e9rhet\u0151.<\/p>\n<\/p>\n<h4 class=\"wp-block-heading\">\u0170rlapok<\/h4>\n<p>Az \u00f6sszes \u0171rlapmez\u0151 logikai tabul\u00e1torsorrendet k\u00f6vet a k\u00f6nny\u0171 navig\u00e1ci\u00f3 \u00e9rdek\u00e9ben. Az \u0171rlapmez\u0151k &#039;label&#039; \u00e9s &#039;id&#039; attrib\u00fatumokkal is rendelkeznek, amelyek az \u0171rlapmez\u0151t a c\u00edmk\u00e9j\u00e9hez t\u00e1rs\u00edtj\u00e1k, \u00edgy lehet\u0151v\u00e9 t\u00e9ve az egyszer\u0171 adatbevitelt.<\/p>\n<\/p>\n<h4 class=\"wp-block-heading\">Linkek<\/h4>\n<p>Minden hivatkoz\u00e1s \u00fagy lett meg\u00edrva, hogy a kontextusb\u00f3l kiragadva \u00e9rtelmes legyen. Adott esetben link c\u00edm attrib\u00fatumait is hozz\u00e1adtuk a hivatkoz\u00e1s r\u00e9szletesebb le\u00edr\u00e1s\u00e1hoz.<\/p>\n<\/p>\n<h4 class=\"wp-block-heading\">Bet\u0171m\u00e9ret<\/h4>\n<p>A weboldalon haszn\u00e1lt bet\u0171m\u00e9retek teljes m\u00e9rt\u00e9kben rugalmasak. A b\u00f6ng\u00e9sz\u0151 be\u00e1ll\u00edt\u00e1saiban m\u00f3dos\u00edthatja a bet\u0171m\u00e9retet, hogy nagyobb vagy kisebb legyen.<\/p>\n<\/p>\n<h4 class=\"wp-block-heading\">Sz\u00ednek<\/h4>\n<p>Gondoskodtunk arr\u00f3l, hogy a webhely sz\u00ednkombin\u00e1ci\u00f3i \u00e9s kontrasztja hat\u00e9konyan biztos\u00edtsa, hogy az inform\u00e1ci\u00f3k tov\u00e1bbra is vil\u00e1gosak legyenek, amikor mindenki l\u00e1tja, mivel a minim\u00e1lis kontrasztar\u00e1ny a webhelyen 3.<\/p>\n<\/p>\n<h4 class=\"wp-block-heading\">Let\u00f6lt\u00e9sek<\/h4>\n<p>Tov\u00e1bbi inform\u00e1ci\u00f3khoz \u00e9s let\u00f6lt\u00e9sekhez Adobe PDF-eket haszn\u00e1lunk. Az Adobe PDF Reader ingyenesen haszn\u00e1lhat\u00f3 b\u00e1rmely sz\u00e1m\u00edt\u00f3g\u00e9pen, \u00e9s let\u00f6lthet\u0151 <a href=\"https:\/\/get.adobe.com\/uk\/reader\/\" target=\"_blank\" rel=\"noreferrer noopener\">itt<\/a>.<\/p>","protected":false},"excerpt":{"rendered":"<p>We have made every effort to make this site accessible and easy to use for everyone. Landmark roles Following guidance set by the Web Accessibility Initiative (WAI) and the Accessible Rich Internet Applications Suite (ARIA), landmark roles are provided to make the site more accessible. Roles used to identify specific content or navigation areas for [&hellip;]<\/p>\n","protected":false},"author":2,"featured_media":0,"parent":0,"menu_order":0,"comment_status":"closed","ping_status":"closed","template":"","meta":{"_acf_changed":false,"footnotes":""},"class_list":["post-367","page","type-page","status-publish","format-standard","hentry"],"acf":[],"yoast_head":"<!-- This site is optimized with the Yoast SEO plugin v27.4 - https:\/\/yoast.com\/product\/yoast-seo-wordpress\/ -->\n<title>Accessibility - Vanguard Healthcare Solutions<\/title>\n<meta name=\"robots\" content=\"index, follow, max-snippet:-1, max-image-preview:large, max-video-preview:-1\" \/>\n<link rel=\"canonical\" href=\"https:\/\/www.vanguardhealthcare.co.uk\/hu_hu\/accessibility\/\" \/>\n<meta property=\"og:locale\" content=\"hu_HU\" \/>\n<meta property=\"og:type\" content=\"article\" \/>\n<meta property=\"og:title\" content=\"Accessibility - Vanguard Healthcare Solutions\" \/>\n<meta property=\"og:description\" content=\"We have made every effort to make this site accessible and easy to use for everyone. Landmark roles Following guidance set by the Web Accessibility Initiative (WAI) and the Accessible Rich Internet Applications Suite (ARIA), landmark roles are provided to make the site more accessible. Roles used to identify specific content or navigation areas for [&hellip;]\" \/>\n<meta property=\"og:url\" content=\"https:\/\/www.vanguardhealthcare.co.uk\/hu_hu\/accessibility\/\" \/>\n<meta property=\"og:site_name\" content=\"Vanguard Healthcare Solutions\" \/>\n<meta property=\"article:modified_time\" content=\"2023-08-24T10:07:33+00:00\" \/>\n<meta name=\"twitter:card\" content=\"summary_large_image\" \/>\n<meta name=\"twitter:label1\" content=\"Becs\u00fclt olvas\u00e1si id\u0151\" \/>\n\t<meta name=\"twitter:data1\" content=\"2 perc\" \/>\n<script type=\"application\/ld+json\" class=\"yoast-schema-graph\">{\"@context\":\"https:\\\/\\\/schema.org\",\"@graph\":[{\"@type\":\"WebPage\",\"@id\":\"https:\\\/\\\/www.vanguardhealthcare.co.uk\\\/accessibility\\\/\",\"url\":\"https:\\\/\\\/www.vanguardhealthcare.co.uk\\\/accessibility\\\/\",\"name\":\"Accessibility - Vanguard Healthcare Solutions\",\"isPartOf\":{\"@id\":\"https:\\\/\\\/www.vanguardhealthcare.co.uk\\\/#website\"},\"datePublished\":\"2023-06-28T13:15:49+00:00\",\"dateModified\":\"2023-08-24T10:07:33+00:00\",\"breadcrumb\":{\"@id\":\"https:\\\/\\\/www.vanguardhealthcare.co.uk\\\/accessibility\\\/#breadcrumb\"},\"inLanguage\":\"hu\",\"potentialAction\":[{\"@type\":\"ReadAction\",\"target\":[\"https:\\\/\\\/www.vanguardhealthcare.co.uk\\\/accessibility\\\/\"]}]},{\"@type\":\"BreadcrumbList\",\"@id\":\"https:\\\/\\\/www.vanguardhealthcare.co.uk\\\/accessibility\\\/#breadcrumb\",\"itemListElement\":[{\"@type\":\"ListItem\",\"position\":1,\"name\":\"Home\",\"item\":\"https:\\\/\\\/www.vanguardhealthcare.co.uk\\\/\"},{\"@type\":\"ListItem\",\"position\":2,\"name\":\"Accessibility\"}]},{\"@type\":\"WebSite\",\"@id\":\"https:\\\/\\\/www.vanguardhealthcare.co.uk\\\/#website\",\"url\":\"https:\\\/\\\/www.vanguardhealthcare.co.uk\\\/\",\"name\":\"Vanguard Healthcare Solutions\",\"description\":\"\",\"potentialAction\":[{\"@type\":\"SearchAction\",\"target\":{\"@type\":\"EntryPoint\",\"urlTemplate\":\"https:\\\/\\\/www.vanguardhealthcare.co.uk\\\/?s={search_term_string}\"},\"query-input\":{\"@type\":\"PropertyValueSpecification\",\"valueRequired\":true,\"valueName\":\"search_term_string\"}}],\"inLanguage\":\"hu\"}]}<\/script>\n<!-- \/ Yoast SEO plugin. -->","yoast_head_json":{"title":"Akad\u00e1lymentes\u00edt\u00e9s - Vanguard Eg\u00e9szs\u00e9g\u00fcgyi Megold\u00e1sok","robots":{"index":"index","follow":"follow","max-snippet":"max-snippet:-1","max-image-preview":"max-image-preview:large","max-video-preview":"max-video-preview:-1"},"canonical":"https:\/\/www.vanguardhealthcare.co.uk\/hu_hu\/accessibility\/","og_locale":"hu_HU","og_type":"article","og_title":"Accessibility - Vanguard Healthcare Solutions","og_description":"We have made every effort to make this site accessible and easy to use for everyone. Landmark roles Following guidance set by the Web Accessibility Initiative (WAI) and the Accessible Rich Internet Applications Suite (ARIA), landmark roles are provided to make the site more accessible. Roles used to identify specific content or navigation areas for [&hellip;]","og_url":"https:\/\/www.vanguardhealthcare.co.uk\/hu_hu\/accessibility\/","og_site_name":"Vanguard Healthcare Solutions","article_modified_time":"2023-08-24T10:07:33+00:00","twitter_card":"summary_large_image","twitter_misc":{"Becs\u00fclt olvas\u00e1si id\u0151":"2 perc"},"schema":{"@context":"https:\/\/schema.org","@graph":[{"@type":"WebPage","@id":"https:\/\/www.vanguardhealthcare.co.uk\/accessibility\/","url":"https:\/\/www.vanguardhealthcare.co.uk\/accessibility\/","name":"Akad\u00e1lymentes\u00edt\u00e9s - Vanguard Eg\u00e9szs\u00e9g\u00fcgyi Megold\u00e1sok","isPartOf":{"@id":"https:\/\/www.vanguardhealthcare.co.uk\/#website"},"datePublished":"2023-06-28T13:15:49+00:00","dateModified":"2023-08-24T10:07:33+00:00","breadcrumb":{"@id":"https:\/\/www.vanguardhealthcare.co.uk\/accessibility\/#breadcrumb"},"inLanguage":"hu","potentialAction":[{"@type":"ReadAction","target":["https:\/\/www.vanguardhealthcare.co.uk\/accessibility\/"]}]},{"@type":"BreadcrumbList","@id":"https:\/\/www.vanguardhealthcare.co.uk\/accessibility\/#breadcrumb","itemListElement":[{"@type":"ListItem","position":1,"name":"Home","item":"https:\/\/www.vanguardhealthcare.co.uk\/"},{"@type":"ListItem","position":2,"name":"Accessibility"}]},{"@type":"WebSite","@id":"https:\/\/www.vanguardhealthcare.co.uk\/#website","url":"https:\/\/www.vanguardhealthcare.co.uk\/","name":"Vanguard Healthcare Solutions","description":"","potentialAction":[{"@type":"SearchAction","target":{"@type":"EntryPoint","urlTemplate":"https:\/\/www.vanguardhealthcare.co.uk\/?s={search_term_string}"},"query-input":{"@type":"PropertyValueSpecification","valueRequired":true,"valueName":"search_term_string"}}],"inLanguage":"hu"}]}},"_links":{"self":[{"href":"https:\/\/www.vanguardhealthcare.co.uk\/hu_hu\/wp-json\/wp\/v2\/pages\/367","targetHints":{"allow":["GET"]}}],"collection":[{"href":"https:\/\/www.vanguardhealthcare.co.uk\/hu_hu\/wp-json\/wp\/v2\/pages"}],"about":[{"href":"https:\/\/www.vanguardhealthcare.co.uk\/hu_hu\/wp-json\/wp\/v2\/types\/page"}],"author":[{"embeddable":true,"href":"https:\/\/www.vanguardhealthcare.co.uk\/hu_hu\/wp-json\/wp\/v2\/users\/2"}],"replies":[{"embeddable":true,"href":"https:\/\/www.vanguardhealthcare.co.uk\/hu_hu\/wp-json\/wp\/v2\/comments?post=367"}],"version-history":[{"count":0,"href":"https:\/\/www.vanguardhealthcare.co.uk\/hu_hu\/wp-json\/wp\/v2\/pages\/367\/revisions"}],"wp:attachment":[{"href":"https:\/\/www.vanguardhealthcare.co.uk\/hu_hu\/wp-json\/wp\/v2\/media?parent=367"}],"curies":[{"name":"munkaf\u00fczet","href":"https:\/\/api.w.org\/{rel}","templated":true}]}}