{"id":164,"date":"2023-06-13T09:58:11","date_gmt":"2023-06-13T09:58:11","guid":{"rendered":"https:\/\/www.vanguardhealthcare.co.uk\/?page_id=164"},"modified":"2026-04-30T15:59:33","modified_gmt":"2026-04-30T15:59:33","slug":"our-facilities","status":"publish","type":"page","link":"https:\/\/www.vanguardhealthcare.co.uk\/hu_hu\/our-facilities\/","title":{"rendered":"L\u00e9tes\u00edtm\u00e9nyeink"},"content":{"rendered":"<section id=\"section-2-59\" class=\"ct-section\" style=\"background-image:url(https:\/\/www.vanguardhealthcare.co.uk\/wp-content\/uploads\/2023\/05\/boulders-right.png);background-size: auto;\" >\n<div class=\"ct-section-inner-wrap\">\n<div id=\"div_block-8-59\" class=\"ct-div-block\" ><a id=\"link_text-6-59\" class=\"ct-link-text\" href=\"\/hu_hu\/\" target=\"_self\"  >itthon<\/a><\/p>\n<h1 id=\"headline-3-59\" class=\"ct-headline\"><span id=\"span-4-59\" class=\"ct-span\" >L\u00e9tes\u00edtm\u00e9nyeink<\/span><\/h1>\n<\/div>\n<\/div>\n<\/section>\n<section id=\"section-68-14-text-left-white\" class=\"ct-section\" >\n<div class=\"ct-section-inner-wrap\">\n<div id=\"new_columns-69-14text-left-white\" class=\"ct-new-columns\" >\n<div id=\"div_block-70-14\" class=\"ct-div-block\" >\n<h2 id=\"headline-71-14\" class=\"ct-headline\">Az Vanguard egyedi aj\u00e1nlata eg\u00e9szs\u00e9g\u00fcgyi szolg\u00e1ltat\u00f3k sz\u00e1m\u00e1ra<\/h2>\n<div id=\"_rich_text-72-14\" class=\"oxy-rich-text\" >\n<p><span style=\"color: #7f7f7f;font-family: verdana, geneva, sans-serif;font-size: 14pt\">A modul\u00e1ris \u00e9p\u00edt\u00e9s \u00e9s a mobil (m\u00e1s n\u00e9ven \u00e1thelyezhet\u0151 \u00e9s leszerelhet\u0151) l\u00e9tes\u00edtm\u00e9nyek biztos\u00edt\u00e1s\u00e1nak szak\u00e9rt\u0151jek\u00e9nt az Vanguard egyedi megold\u00e1sokat k\u00edn\u00e1l az eg\u00e9szs\u00e9g\u00fcgyi szolg\u00e1ltat\u00f3k sz\u00e1m\u00e1ra, akik tov\u00e1bbi vagy alternat\u00edv klinikai helyis\u00e9geket ig\u00e9nyelnek.<\/span><\/p>\n<p>&nbsp;<\/p>\n<\/div>\n<\/div>\n<div id=\"div_block-74-14\" class=\"ct-div-block\" ><img decoding=\"async\"  id=\"image-75-14\" alt=\"\" src=\"https:\/\/www.vanguardhealthcare.co.uk\/wp-content\/uploads\/2025\/06\/Vanguard-Royal-Glamorgan108LR-scaled.jpg\" class=\"ct-image\"\/><\/div>\n<\/div>\n<\/div>\n<\/section>\n<section id=\"section-88-34-blue\" class=\"ct-section\" >\n<div class=\"ct-section-inner-wrap\">\n<div id=\"new_columns-89-34-blue\" class=\"ct-new-columns\" >\n<div id=\"div_block-94-34\" class=\"ct-div-block\" ><img decoding=\"async\"  id=\"image-95-34\" alt=\"\" src=\"https:\/\/www.vanguardhealthcare.co.uk\/wp-content\/uploads\/2024\/07\/Vanguard-unit-MKUH-6-scaled.jpg\" class=\"ct-image\"\/><\/div>\n<div id=\"div_block-90-34\" class=\"ct-div-block\" >\n<h2 id=\"headline-91-34\" class=\"ct-headline\">P\u00e1ratlan sz\u00e1ll\u00edt\u00e1si sebess\u00e9g<\/h2>\n<div id=\"_rich_text-92-34\" class=\"oxy-rich-text\" >\n<p><span style=\"color: #7f7f7f;font-family: verdana, geneva, sans-serif;font-size: 14pt\">Egy mobil l\u00e9tes\u00edtm\u00e9ny heteken, vagy ak\u00e1r napokon bel\u00fcl telep\u00edthet\u0151, \u00fczembe helyezhet\u0151 \u00e9s megnyithat\u00f3 a betegek el\u0151tt, az alkalmaz\u00e1st\u00f3l f\u00fcgg\u0151en, ami lehet m\u0171t\u0151, oszt\u00e1ly, klinika, endoszk\u00f3pos kezel\u00e9s \u00e9s fert\u0151tlen\u00edt\u00e9s, steriliz\u00e1l\u00e1si szolg\u00e1ltat\u00e1sok \u00e9s egy\u00e9b.<\/span><\/p>\n<\/div>\n<\/div>\n<\/div>\n<\/div>\n<\/section>\n<section id=\"section-68-14-text-left-white\" class=\"ct-section\" >\n<div class=\"ct-section-inner-wrap\">\n<div id=\"new_columns-69-14text-left-white\" class=\"ct-new-columns\" >\n<div id=\"div_block-70-14\" class=\"ct-div-block\" >\n<h2 id=\"headline-71-14\" class=\"ct-headline\">Modern \u00e9p\u00edt\u00e9si m\u00f3dszerek<\/h2>\n<div id=\"_rich_text-72-14\" class=\"oxy-rich-text\" >\n<p><span style=\"color: #7f7f7f;font-family: verdana, geneva, sans-serif\"><span style=\"font-size: 18.6667px\">A modern \u00e9p\u00edt\u00e9si m\u00f3dszerek, amelyeket az Vanguard hulli \u00fczem\u00e9ben v\u00e9gzett modulgy\u00e1rt\u00e1s t\u00e1mogat, lehet\u0151v\u00e9 teszik az \u00faj eg\u00e9szs\u00e9g\u00fcgyi terek kor\u00e1bbi megval\u00f3s\u00edt\u00e1s\u00e1t, mint a hagyom\u00e1nyos \u00e9p\u00edt\u00e9si gyakorlatok. Az Vanguard mind\u00f6ssze \u00f6t h\u00f3nap alatt \u00e9p\u00edtett egy egyedi tervez\u00e9s\u0171, n\u00e9gy m\u0171t\u0151s seb\u00e9szeti k\u00f6zpontot a... <a href=\"\/hu_hu\/case-study\/st-georges-university-hospital-nhs-foundation-trust\/?_gl=1*e8jjlv*_up*MQ..*_ga*MTk0Nzg5MDU2Mi4xNzc3NTY0NjA3*_ga_3G8MSVGTZJ*czE3Nzc1NjQ2MDckbzEkZzAkdDE3Nzc1NjQ2MDckajYwJGwwJGgw\">Queen Mary K\u00f3rh\u00e1z, Roehampton<\/a>.<\/span><\/span><\/p>\n<p>&nbsp;<\/p>\n<\/div>\n<\/div>\n<div id=\"div_block-74-14\" class=\"ct-div-block\" ><img decoding=\"async\"  id=\"image-75-14\" alt=\"\" src=\"https:\/\/www.vanguardhealthcare.co.uk\/wp-content\/uploads\/2023\/09\/home2.jpg\" class=\"ct-image\"\/><\/div>\n<\/div>\n<\/div>\n<\/section>\n<section id=\"section-88-34-blue\" class=\"ct-section\" >\n<div class=\"ct-section-inner-wrap\">\n<div id=\"new_columns-89-34-blue\" class=\"ct-new-columns\" >\n<div id=\"div_block-94-34\" class=\"ct-div-block\" ><img decoding=\"async\"  id=\"image-95-34\" alt=\"\" src=\"https:\/\/www.vanguardhealthcare.co.uk\/wp-content\/uploads\/2026\/04\/Surgical-only-scaled.jpg\" class=\"ct-image\"\/><\/div>\n<div id=\"div_block-90-34\" class=\"ct-div-block\" >\n<h2 id=\"headline-91-34\" class=\"ct-headline\">Gyors kivitelez\u00e9s \u00e9s tervez\u00e9si rugalmass\u00e1g<\/h2>\n<div id=\"_rich_text-92-34\" class=\"oxy-rich-text\" >\n<p><span style=\"font-size: 14pt\"><span style=\"color: #7f7f7f\">A mobil \u00e9s modul\u00e1ris elemek kombin\u00e1l\u00e1s\u00e1val az Vanguard szem\u00e9lyre szabott, high-tech eg\u00e9szs\u00e9g\u00fcgyi tereket k\u00edn\u00e1l p\u00e1ratlanul r\u00f6vid \u00e1tfut\u00e1si id\u0151 alatt. Egy n\u00e9gy m\u0171t\u0151vel, k\u00e9t oszt\u00e1llyal \u00e9s sz\u00e1mos t\u00e1mogat\u00f3 szob\u00e1val rendelkez\u0151 seb\u00e9szeti komplexumot kevesebb mint t\u00edz h\u00e9t alatt \u00e9p\u00edtettek fel.&nbsp;<\/span><a href=\"\/hu_hu\/case-study\/ctm-uhb-opens-an-endoscopy-complex-within-six-weeks-and-a-four-theatre-surgical-suite-within-nine-weeks\/?_gl=1*1ulkzcz*_up*MQ..*_ga*MTQwODU3NTg3LjE3Nzc1NjQ0OTU.*_ga_3G8MSVGTZJ*czE3Nzc1NjQ0OTQkbzEkZzAkdDE3Nzc1NjQ0OTQkajYwJGwwJGgw\"><span style=\"color: #0070c0\">Kir\u00e1lyi Glamorgan K\u00f3rh\u00e1z<\/span><\/a><span style=\"color: #7f7f7f\">.<\/span><\/span><\/p>\n<\/div>\n<\/div>\n<\/div>\n<\/div>\n<\/section>\n<section id=\"section-13-59\" class=\"ct-section\" >\n<div class=\"ct-section-inner-wrap\">\n<div id=\"_dynamic_list-16-59\" class=\"oxy-dynamic-list\">\n<div id=\"div_block-17-59-1\" class=\"ct-div-block\" data-id=\"div_block-17-59\"><a id=\"link-141-59-1\" class=\"ct-link\" href=\"https:\/\/www.vanguardhealthcare.co.uk\/hu_hu\/facilities\/cleanrooms-laboratories-and-containment-facilities\/\" data-id=\"link-141-59\"><img decoding=\"async\" id=\"image-25-59-1\" alt=\"\" src=\"https:\/\/www.vanguardhealthcare.co.uk\/wp-content\/uploads\/2026\/03\/image1.jpg\" class=\"ct-image\" data-id=\"image-25-59\"><\/a><\/p>\n<div id=\"div_block-49-59-1\" class=\"ct-div-block\" data-id=\"div_block-49-59\">\n<h3 id=\"headline-34-59-1\" class=\"ct-headline\" data-id=\"headline-34-59\"><span id=\"span-42-59\" class=\"ct-span\" ><a href='https:\/\/www.vanguardhealthcare.co.uk\/hu_hu\/facilities\/cleanrooms-laboratories-and-containment-facilities\/'>Tisztaterek \u00e9s t\u00e1rol\u00f3 l\u00e9tes\u00edtm\u00e9nyek<\/a><\/span><\/h3>\n<p><a id=\"link_button-73-167-1\" class=\"ct-link-button button-pink\" href=\"https:\/\/www.vanguardhealthcare.co.uk\/hu_hu\/facilities\/cleanrooms-laboratories-and-containment-facilities\/\" target=\"_self\" data-id=\"link_button-73-167\">Tudj meg t\u00f6bbet<\/a><\/div>\n<\/div>\n<div id=\"div_block-17-59-2\" class=\"ct-div-block\" data-id=\"div_block-17-59\"><a id=\"link-141-59-2\" class=\"ct-link\" href=\"https:\/\/www.vanguardhealthcare.co.uk\/hu_hu\/facilities\/diagnostic-suites\/\" data-id=\"link-141-59\"><img decoding=\"async\" id=\"image-25-59-2\" alt=\"\" src=\"https:\/\/www.vanguardhealthcare.co.uk\/wp-content\/uploads\/2023\/06\/diag-1024x683.png\" class=\"ct-image\" data-id=\"image-25-59\"><\/a><\/p>\n<div id=\"div_block-49-59-2\" class=\"ct-div-block\" data-id=\"div_block-49-59\">\n<h3 id=\"headline-34-59-2\" class=\"ct-headline\" data-id=\"headline-34-59\"><span id=\"span-42-59\" class=\"ct-span\" ><a href='https:\/\/www.vanguardhealthcare.co.uk\/hu_hu\/facilities\/diagnostic-suites\/'>Diagnosztikai csomagok<\/a><\/span><\/h3>\n<p><a id=\"link_button-73-167-2\" class=\"ct-link-button button-pink\" href=\"https:\/\/www.vanguardhealthcare.co.uk\/hu_hu\/facilities\/diagnostic-suites\/\" target=\"_self\" data-id=\"link_button-73-167\">Tudj meg t\u00f6bbet<\/a><\/div>\n<\/div>\n<div id=\"div_block-17-59-3\" class=\"ct-div-block\" data-id=\"div_block-17-59\"><a id=\"link-141-59-3\" class=\"ct-link\" href=\"https:\/\/www.vanguardhealthcare.co.uk\/hu_hu\/facilities\/emergency-department-solutions\/\" data-id=\"link-141-59\"><img decoding=\"async\" id=\"image-25-59-3\" alt=\"\" src=\"https:\/\/www.vanguardhealthcare.co.uk\/wp-content\/uploads\/2023\/06\/department.jpg\" class=\"ct-image\" data-id=\"image-25-59\"><\/a><\/p>\n<div id=\"div_block-49-59-3\" class=\"ct-div-block\" data-id=\"div_block-49-59\">\n<h3 id=\"headline-34-59-3\" class=\"ct-headline\" data-id=\"headline-34-59\"><span id=\"span-42-59\" class=\"ct-span\" ><a href='https:\/\/www.vanguardhealthcare.co.uk\/hu_hu\/facilities\/emergency-department-solutions\/'>S\u00fcrg\u0151ss\u00e9gi oszt\u00e1ly megold\u00e1sok<\/a><\/span><\/h3>\n<p><a id=\"link_button-73-167-3\" class=\"ct-link-button button-pink\" href=\"https:\/\/www.vanguardhealthcare.co.uk\/hu_hu\/facilities\/emergency-department-solutions\/\" target=\"_self\" data-id=\"link_button-73-167\">Tudj meg t\u00f6bbet<\/a><\/div>\n<\/div>\n<div id=\"div_block-17-59-4\" class=\"ct-div-block\" data-id=\"div_block-17-59\"><a id=\"link-141-59-4\" class=\"ct-link\" href=\"https:\/\/www.vanguardhealthcare.co.uk\/hu_hu\/facilities\/outpatient-clinics\/\" data-id=\"link-141-59\"><img decoding=\"async\" id=\"image-25-59-4\" alt=\"\" src=\"https:\/\/www.vanguardhealthcare.co.uk\/wp-content\/uploads\/2023\/06\/recovery-room-1-scaled-1024x683.jpeg\" class=\"ct-image\" data-id=\"image-25-59\"><\/a><\/p>\n<div id=\"div_block-49-59-4\" class=\"ct-div-block\" data-id=\"div_block-49-59\">\n<h3 id=\"headline-34-59-4\" class=\"ct-headline\" data-id=\"headline-34-59\"><span id=\"span-42-59\" class=\"ct-span\" ><a href='https:\/\/www.vanguardhealthcare.co.uk\/hu_hu\/facilities\/outpatient-clinics\/'>Ambulanci\u00e1k<\/a><\/span><\/h3>\n<p><a id=\"link_button-73-167-4\" class=\"ct-link-button button-pink\" href=\"https:\/\/www.vanguardhealthcare.co.uk\/hu_hu\/facilities\/outpatient-clinics\/\" target=\"_self\" data-id=\"link_button-73-167\">Tudj meg t\u00f6bbet<\/a><\/div>\n<\/div>\n<div id=\"div_block-17-59-5\" class=\"ct-div-block\" data-id=\"div_block-17-59\"><a id=\"link-141-59-5\" class=\"ct-link\" href=\"https:\/\/www.vanguardhealthcare.co.uk\/hu_hu\/facilities\/ward-solutions\/\" data-id=\"link-141-59\"><img decoding=\"async\" id=\"image-25-59-5\" alt=\"\" src=\"https:\/\/www.vanguardhealthcare.co.uk\/wp-content\/uploads\/2023\/06\/mobile-hospital-ward-delivery-scaled-1024x768.jpeg\" class=\"ct-image\" data-id=\"image-25-59\"><\/a><\/p>\n<div id=\"div_block-49-59-5\" class=\"ct-div-block\" data-id=\"div_block-49-59\">\n<h3 id=\"headline-34-59-5\" class=\"ct-headline\" data-id=\"headline-34-59\"><span id=\"span-42-59\" class=\"ct-span\" ><a href='https:\/\/www.vanguardhealthcare.co.uk\/hu_hu\/facilities\/ward-solutions\/'>Oszt\u00e1lyi megold\u00e1sok<\/a><\/span><\/h3>\n<p><a id=\"link_button-73-167-5\" class=\"ct-link-button button-pink\" href=\"https:\/\/www.vanguardhealthcare.co.uk\/hu_hu\/facilities\/ward-solutions\/\" target=\"_self\" data-id=\"link_button-73-167\">Tudj meg t\u00f6bbet<\/a><\/div>\n<\/div>\n<div id=\"div_block-17-59-6\" class=\"ct-div-block\" data-id=\"div_block-17-59\"><a id=\"link-141-59-6\" class=\"ct-link\" href=\"https:\/\/www.vanguardhealthcare.co.uk\/hu_hu\/facilities\/day-case-centres\/\" data-id=\"link-141-59\"><img decoding=\"async\" id=\"image-25-59-6\" alt=\"\" src=\"https:\/\/www.vanguardhealthcare.co.uk\/wp-content\/uploads\/2023\/06\/day-case-bay-2-1-scaled-1024x683.jpg\" class=\"ct-image\" data-id=\"image-25-59\"><\/a><\/p>\n<div id=\"div_block-49-59-6\" class=\"ct-div-block\" data-id=\"div_block-49-59\">\n<h3 id=\"headline-34-59-6\" class=\"ct-headline\" data-id=\"headline-34-59\"><span id=\"span-42-59\" class=\"ct-span\" ><a href='https:\/\/www.vanguardhealthcare.co.uk\/hu_hu\/facilities\/day-case-centres\/'>Nappali esetk\u00f6zpontok<\/a><\/span><\/h3>\n<p><a id=\"link_button-73-167-6\" class=\"ct-link-button button-pink\" href=\"https:\/\/www.vanguardhealthcare.co.uk\/hu_hu\/facilities\/day-case-centres\/\" target=\"_self\" data-id=\"link_button-73-167\">Tudj meg t\u00f6bbet<\/a><\/div>\n<\/div>\n<div id=\"div_block-17-59-7\" class=\"ct-div-block\" data-id=\"div_block-17-59\"><a id=\"link-141-59-7\" class=\"ct-link\" href=\"https:\/\/www.vanguardhealthcare.co.uk\/hu_hu\/facilities\/central-sterile-services-departments\/\" data-id=\"link-141-59\"><img decoding=\"async\" id=\"image-25-59-7\" alt=\"\" src=\"https:\/\/www.vanguardhealthcare.co.uk\/wp-content\/uploads\/2023\/07\/mobile-cssd1-1024x768.jpg\" class=\"ct-image\" data-id=\"image-25-59\"><\/a><\/p>\n<div id=\"div_block-49-59-7\" class=\"ct-div-block\" data-id=\"div_block-49-59\">\n<h3 id=\"headline-34-59-7\" class=\"ct-headline\" data-id=\"headline-34-59\"><span id=\"span-42-59\" class=\"ct-span\" ><a href='https:\/\/www.vanguardhealthcare.co.uk\/hu_hu\/facilities\/central-sterile-services-departments\/'>K\u00f6zponti steril szolg\u00e1lati oszt\u00e1lyok<\/a><\/span><\/h3>\n<p><a id=\"link_button-73-167-7\" class=\"ct-link-button button-pink\" href=\"https:\/\/www.vanguardhealthcare.co.uk\/hu_hu\/facilities\/central-sterile-services-departments\/\" target=\"_self\" data-id=\"link_button-73-167\">Tudj meg t\u00f6bbet<\/a><\/div>\n<\/div>\n<div id=\"div_block-17-59-8\" class=\"ct-div-block\" data-id=\"div_block-17-59\"><a id=\"link-141-59-8\" class=\"ct-link\" href=\"https:\/\/www.vanguardhealthcare.co.uk\/hu_hu\/facilities\/endoscope-decontamination\/\" data-id=\"link-141-59\"><img decoding=\"async\" id=\"image-25-59-8\" alt=\"\" src=\"https:\/\/www.vanguardhealthcare.co.uk\/wp-content\/uploads\/2023\/07\/mobile-endoscopy-decontamination-1024x768.jpg\" class=\"ct-image\" data-id=\"image-25-59\"><\/a><\/p>\n<div id=\"div_block-49-59-8\" class=\"ct-div-block\" data-id=\"div_block-49-59\">\n<h3 id=\"headline-34-59-8\" class=\"ct-headline\" data-id=\"headline-34-59\"><span id=\"span-42-59\" class=\"ct-span\" ><a href='https:\/\/www.vanguardhealthcare.co.uk\/hu_hu\/facilities\/endoscope-decontamination\/'>Endoszk\u00f3pos dekontamin\u00e1ci\u00f3<\/a><\/span><\/h3>\n<p><a id=\"link_button-73-167-8\" class=\"ct-link-button button-pink\" href=\"https:\/\/www.vanguardhealthcare.co.uk\/hu_hu\/facilities\/endoscope-decontamination\/\" target=\"_self\" data-id=\"link_button-73-167\">Tudj meg t\u00f6bbet<\/a><\/div>\n<\/div>\n<div id=\"div_block-17-59-9\" class=\"ct-div-block\" data-id=\"div_block-17-59\"><a id=\"link-141-59-9\" class=\"ct-link\" href=\"https:\/\/www.vanguardhealthcare.co.uk\/hu_hu\/facilities\/endoscopy\/\" data-id=\"link-141-59\"><img decoding=\"async\" id=\"image-25-59-9\" alt=\"\" src=\"https:\/\/www.vanguardhealthcare.co.uk\/wp-content\/uploads\/2023\/06\/endoscopy-recovery-1-1-1024x768.jpg\" class=\"ct-image\" data-id=\"image-25-59\"><\/a><\/p>\n<div id=\"div_block-49-59-9\" class=\"ct-div-block\" data-id=\"div_block-49-59\">\n<h3 id=\"headline-34-59-9\" class=\"ct-headline\" data-id=\"headline-34-59\"><span id=\"span-42-59\" class=\"ct-span\" ><a href='https:\/\/www.vanguardhealthcare.co.uk\/hu_hu\/facilities\/endoscopy\/'>Endoszk\u00f3pia<\/a><\/span><\/h3>\n<p><a id=\"link_button-73-167-9\" class=\"ct-link-button button-pink\" href=\"https:\/\/www.vanguardhealthcare.co.uk\/hu_hu\/facilities\/endoscopy\/\" target=\"_self\" data-id=\"link_button-73-167\">Tudj meg t\u00f6bbet<\/a><\/div>\n<\/div>\n<div id=\"div_block-17-59-10\" class=\"ct-div-block\" data-id=\"div_block-17-59\"><a id=\"link-141-59-10\" class=\"ct-link\" href=\"https:\/\/www.vanguardhealthcare.co.uk\/hu_hu\/facilities\/interventional-radiology\/\" data-id=\"link-141-59\"><img decoding=\"async\" id=\"image-25-59-10\" alt=\"\" src=\"https:\/\/www.vanguardhealthcare.co.uk\/wp-content\/uploads\/2023\/06\/interventional-radiology-1024x768.jpg\" class=\"ct-image\" data-id=\"image-25-59\"><\/a><\/p>\n<div id=\"div_block-49-59-10\" class=\"ct-div-block\" data-id=\"div_block-49-59\">\n<h3 id=\"headline-34-59-10\" class=\"ct-headline\" data-id=\"headline-34-59\"><span id=\"span-42-59\" class=\"ct-span\" ><a href='https:\/\/www.vanguardhealthcare.co.uk\/hu_hu\/facilities\/interventional-radiology\/'>Intervenci\u00f3s radiol\u00f3gia<\/a><\/span><\/h3>\n<p><a id=\"link_button-73-167-10\" class=\"ct-link-button button-pink\" href=\"https:\/\/www.vanguardhealthcare.co.uk\/hu_hu\/facilities\/interventional-radiology\/\" target=\"_self\" data-id=\"link_button-73-167\">Tudj meg t\u00f6bbet<\/a><\/div>\n<\/div>\n<div id=\"div_block-17-59-11\" class=\"ct-div-block\" data-id=\"div_block-17-59\"><a id=\"link-141-59-11\" class=\"ct-link\" href=\"https:\/\/www.vanguardhealthcare.co.uk\/hu_hu\/facilities\/surgical-hubs\/\" data-id=\"link-141-59\"><img decoding=\"async\" id=\"image-25-59-11\" alt=\"\" src=\"https:\/\/www.vanguardhealthcare.co.uk\/wp-content\/uploads\/2023\/06\/modular-operating-theatre-surgical-hub1-1-scaled-1024x768.jpg\" class=\"ct-image\" data-id=\"image-25-59\"><\/a><\/p>\n<div id=\"div_block-49-59-11\" class=\"ct-div-block\" data-id=\"div_block-49-59\">\n<h3 id=\"headline-34-59-11\" class=\"ct-headline\" data-id=\"headline-34-59\"><span id=\"span-42-59\" class=\"ct-span\" ><a href='https:\/\/www.vanguardhealthcare.co.uk\/hu_hu\/facilities\/surgical-hubs\/'>Seb\u00e9szeti k\u00f6zpontok<\/a><\/span><\/h3>\n<p><a id=\"link_button-73-167-11\" class=\"ct-link-button button-pink\" href=\"https:\/\/www.vanguardhealthcare.co.uk\/hu_hu\/facilities\/surgical-hubs\/\" target=\"_self\" data-id=\"link_button-73-167\">Tudj meg t\u00f6bbet<\/a><\/div>\n<\/div>\n<div id=\"div_block-17-59-12\" class=\"ct-div-block\" data-id=\"div_block-17-59\"><a id=\"link-141-59-12\" class=\"ct-link\" href=\"https:\/\/www.vanguardhealthcare.co.uk\/hu_hu\/facilities\/operating-theatres\/\" data-id=\"link-141-59\"><img decoding=\"async\" id=\"image-25-59-12\" alt=\"\" src=\"https:\/\/www.vanguardhealthcare.co.uk\/wp-content\/uploads\/2023\/06\/mobile-operating-theatre-8-scaled-1024x683.jpg\" class=\"ct-image\" data-id=\"image-25-59\"><\/a><\/p>\n<div id=\"div_block-49-59-12\" class=\"ct-div-block\" data-id=\"div_block-49-59\">\n<h3 id=\"headline-34-59-12\" class=\"ct-headline\" data-id=\"headline-34-59\"><span id=\"span-42-59\" class=\"ct-span\" ><a href='https:\/\/www.vanguardhealthcare.co.uk\/hu_hu\/facilities\/operating-theatres\/'>M\u0171t\u0151k<\/a><\/span><\/h3>\n<p><a id=\"link_button-73-167-12\" class=\"ct-link-button button-pink\" href=\"https:\/\/www.vanguardhealthcare.co.uk\/hu_hu\/facilities\/operating-theatres\/\" target=\"_self\" data-id=\"link_button-73-167\">Tudj meg t\u00f6bbet<\/a><\/div>\n<\/div>\n<div id=\"div_block-17-59-13\" class=\"ct-div-block\" data-id=\"div_block-17-59\"><a id=\"link-141-59-13\" class=\"ct-link\" href=\"https:\/\/www.vanguardhealthcare.co.uk\/hu_hu\/facilities\/our-facilities\/\" data-id=\"link-141-59\"><img decoding=\"async\" id=\"image-25-59-13\" alt=\"\" src=\"https:\/\/www.vanguardhealthcare.co.uk\/wp-content\/uploads\/2023\/06\/kettering-2-1-1024x472.jpg\" class=\"ct-image\" data-id=\"image-25-59\"><\/a><\/p>\n<div id=\"div_block-49-59-13\" class=\"ct-div-block\" data-id=\"div_block-49-59\">\n<h3 id=\"headline-34-59-13\" class=\"ct-headline\" data-id=\"headline-34-59\"><span id=\"span-42-59\" class=\"ct-span\" ><a href='https:\/\/www.vanguardhealthcare.co.uk\/hu_hu\/facilities\/our-facilities\/'>A l\u00e9tes\u00edtm\u00e9nyeink<\/a><\/span><\/h3>\n<p><a id=\"link_button-73-167-13\" class=\"ct-link-button button-pink\" href=\"https:\/\/www.vanguardhealthcare.co.uk\/hu_hu\/facilities\/our-facilities\/\" target=\"_self\" data-id=\"link_button-73-167\">Tudj meg t\u00f6bbet<\/a><\/div>\n<\/div><\/div>\n<\/div>\n<\/section>\n<section id=\"section-2-254\" class=\"ct-section\" >\n<div class=\"ct-section-inner-wrap\">\n<div id=\"fancy_icon-5-254\" class=\"ct-fancy-icon\" ><svg id=\"svg-fancy_icon-5-254\"><use xlink:href=\"#FontAwesomeicon-quote-left\"><\/use><\/svg><\/div>\n<div id=\"text_block-3-254\" class=\"ct-text-block\" >&quot;Kiv\u00e1l\u00f3 min\u0151s\u00e9g\u0171 megold\u00e1s; gy\u00f6ny\u00f6r\u0171, \u00e9s azt csin\u00e1lja, amit a kont\u00e9neren \u00edrnak, \u00e9s rendelkezik azokkal a felszerel\u00e9sekkel, amelyekre sz\u00fcks\u00e9gem van.&quot;<\/div>\n<div id=\"text_block-4-254\" class=\"ct-text-block\" >M\u0171t\u00e9tek, endoszk\u00f3pos fel\u00faj\u00edt\u00e1s<\/div>\n<\/div>\n<\/section>","protected":false},"excerpt":{"rendered":"","protected":false},"author":2,"featured_media":0,"parent":0,"menu_order":0,"comment_status":"closed","ping_status":"closed","template":"","meta":{"_acf_changed":false,"footnotes":""},"class_list":["post-164","page","type-page","status-publish","format-standard","hentry"],"acf":[],"yoast_head":"<!-- This site is optimized with the Yoast SEO plugin v27.4 - https:\/\/yoast.com\/product\/yoast-seo-wordpress\/ -->\n<title>Our Facilities - Vanguard Healthcare Solutions<\/title>\n<meta name=\"robots\" content=\"index, follow, max-snippet:-1, max-image-preview:large, max-video-preview:-1\" \/>\n<link rel=\"canonical\" href=\"https:\/\/www.vanguardhealthcare.co.uk\/hu_hu\/our-facilities\/\" \/>\n<meta property=\"og:locale\" content=\"hu_HU\" \/>\n<meta property=\"og:type\" content=\"article\" \/>\n<meta property=\"og:title\" content=\"Our Facilities - Vanguard Healthcare Solutions\" \/>\n<meta property=\"og:url\" content=\"https:\/\/www.vanguardhealthcare.co.uk\/hu_hu\/our-facilities\/\" \/>\n<meta property=\"og:site_name\" content=\"Vanguard Healthcare Solutions\" \/>\n<meta property=\"article:modified_time\" content=\"2026-04-30T15:59:33+00:00\" \/>\n<meta name=\"twitter:card\" content=\"summary_large_image\" \/>\n<meta name=\"twitter:label1\" content=\"Becs\u00fclt olvas\u00e1si id\u0151\" \/>\n\t<meta name=\"twitter:data1\" content=\"1 perc\" \/>\n<script type=\"application\/ld+json\" class=\"yoast-schema-graph\">{\"@context\":\"https:\\\/\\\/schema.org\",\"@graph\":[{\"@type\":\"WebPage\",\"@id\":\"https:\\\/\\\/www.vanguardhealthcare.co.uk\\\/our-facilities\\\/\",\"url\":\"https:\\\/\\\/www.vanguardhealthcare.co.uk\\\/our-facilities\\\/\",\"name\":\"Our Facilities - Vanguard Healthcare Solutions\",\"isPartOf\":{\"@id\":\"https:\\\/\\\/www.vanguardhealthcare.co.uk\\\/#website\"},\"datePublished\":\"2023-06-13T09:58:11+00:00\",\"dateModified\":\"2026-04-30T15:59:33+00:00\",\"breadcrumb\":{\"@id\":\"https:\\\/\\\/www.vanguardhealthcare.co.uk\\\/our-facilities\\\/#breadcrumb\"},\"inLanguage\":\"hu\",\"potentialAction\":[{\"@type\":\"ReadAction\",\"target\":[\"https:\\\/\\\/www.vanguardhealthcare.co.uk\\\/our-facilities\\\/\"]}]},{\"@type\":\"BreadcrumbList\",\"@id\":\"https:\\\/\\\/www.vanguardhealthcare.co.uk\\\/our-facilities\\\/#breadcrumb\",\"itemListElement\":[{\"@type\":\"ListItem\",\"position\":1,\"name\":\"Home\",\"item\":\"https:\\\/\\\/www.vanguardhealthcare.co.uk\\\/\"},{\"@type\":\"ListItem\",\"position\":2,\"name\":\"Our Facilities\"}]},{\"@type\":\"WebSite\",\"@id\":\"https:\\\/\\\/www.vanguardhealthcare.co.uk\\\/#website\",\"url\":\"https:\\\/\\\/www.vanguardhealthcare.co.uk\\\/\",\"name\":\"Vanguard Healthcare Solutions\",\"description\":\"\",\"potentialAction\":[{\"@type\":\"SearchAction\",\"target\":{\"@type\":\"EntryPoint\",\"urlTemplate\":\"https:\\\/\\\/www.vanguardhealthcare.co.uk\\\/?s={search_term_string}\"},\"query-input\":{\"@type\":\"PropertyValueSpecification\",\"valueRequired\":true,\"valueName\":\"search_term_string\"}}],\"inLanguage\":\"hu\"}]}<\/script>\n<!-- \/ Yoast SEO plugin. -->","yoast_head_json":{"title":"Our Facilities - Vanguard Healthcare Solutions","robots":{"index":"index","follow":"follow","max-snippet":"max-snippet:-1","max-image-preview":"max-image-preview:large","max-video-preview":"max-video-preview:-1"},"canonical":"https:\/\/www.vanguardhealthcare.co.uk\/hu_hu\/our-facilities\/","og_locale":"hu_HU","og_type":"article","og_title":"Our Facilities - Vanguard Healthcare Solutions","og_url":"https:\/\/www.vanguardhealthcare.co.uk\/hu_hu\/our-facilities\/","og_site_name":"Vanguard Healthcare Solutions","article_modified_time":"2026-04-30T15:59:33+00:00","twitter_card":"summary_large_image","twitter_misc":{"Becs\u00fclt olvas\u00e1si id\u0151":"1 perc"},"schema":{"@context":"https:\/\/schema.org","@graph":[{"@type":"WebPage","@id":"https:\/\/www.vanguardhealthcare.co.uk\/our-facilities\/","url":"https:\/\/www.vanguardhealthcare.co.uk\/our-facilities\/","name":"Our Facilities - Vanguard Healthcare Solutions","isPartOf":{"@id":"https:\/\/www.vanguardhealthcare.co.uk\/#website"},"datePublished":"2023-06-13T09:58:11+00:00","dateModified":"2026-04-30T15:59:33+00:00","breadcrumb":{"@id":"https:\/\/www.vanguardhealthcare.co.uk\/our-facilities\/#breadcrumb"},"inLanguage":"hu","potentialAction":[{"@type":"ReadAction","target":["https:\/\/www.vanguardhealthcare.co.uk\/our-facilities\/"]}]},{"@type":"BreadcrumbList","@id":"https:\/\/www.vanguardhealthcare.co.uk\/our-facilities\/#breadcrumb","itemListElement":[{"@type":"ListItem","position":1,"name":"Home","item":"https:\/\/www.vanguardhealthcare.co.uk\/"},{"@type":"ListItem","position":2,"name":"Our Facilities"}]},{"@type":"WebSite","@id":"https:\/\/www.vanguardhealthcare.co.uk\/#website","url":"https:\/\/www.vanguardhealthcare.co.uk\/","name":"Vanguard Healthcare Solutions","description":"","potentialAction":[{"@type":"SearchAction","target":{"@type":"EntryPoint","urlTemplate":"https:\/\/www.vanguardhealthcare.co.uk\/?s={search_term_string}"},"query-input":{"@type":"PropertyValueSpecification","valueRequired":true,"valueName":"search_term_string"}}],"inLanguage":"hu"}]}},"_links":{"self":[{"href":"https:\/\/www.vanguardhealthcare.co.uk\/hu_hu\/wp-json\/wp\/v2\/pages\/164","targetHints":{"allow":["GET"]}}],"collection":[{"href":"https:\/\/www.vanguardhealthcare.co.uk\/hu_hu\/wp-json\/wp\/v2\/pages"}],"about":[{"href":"https:\/\/www.vanguardhealthcare.co.uk\/hu_hu\/wp-json\/wp\/v2\/types\/page"}],"author":[{"embeddable":true,"href":"https:\/\/www.vanguardhealthcare.co.uk\/hu_hu\/wp-json\/wp\/v2\/users\/2"}],"replies":[{"embeddable":true,"href":"https:\/\/www.vanguardhealthcare.co.uk\/hu_hu\/wp-json\/wp\/v2\/comments?post=164"}],"version-history":[{"count":0,"href":"https:\/\/www.vanguardhealthcare.co.uk\/hu_hu\/wp-json\/wp\/v2\/pages\/164\/revisions"}],"wp:attachment":[{"href":"https:\/\/www.vanguardhealthcare.co.uk\/hu_hu\/wp-json\/wp\/v2\/media?parent=164"}],"curies":[{"name":"munkaf\u00fczet","href":"https:\/\/api.w.org\/{rel}","templated":true}]}}