{"id":209,"date":"2023-06-14T14:38:36","date_gmt":"2023-06-14T14:38:36","guid":{"rendered":"https:\/\/www.vanguardhealthcare.co.uk\/?page_id=209"},"modified":"2026-01-13T14:37:46","modified_gmt":"2026-01-13T14:37:46","slug":"environment","status":"publish","type":"page","link":"https:\/\/www.vanguardhealthcare.co.uk\/hr_hr\/environment\/","title":{"rendered":"Okoli\u0161"},"content":{"rendered":"<section id=\"section-2-59\" class=\"ct-section\" style=\"background-image:url(https:\/\/www.vanguardhealthcare.co.uk\/wp-content\/uploads\/2023\/05\/boulders-right.png);background-size: auto;\" >\n<div class=\"ct-section-inner-wrap\">\n<div id=\"div_block-8-59\" class=\"ct-div-block\" ><a id=\"link_text-6-59\" class=\"ct-link-text\" href=\"\/hr_hr\/\" target=\"_self\"  >Dom<\/a><\/p>\n<h1 id=\"headline-3-59\" class=\"ct-headline\"><span id=\"span-4-59\" class=\"ct-span\" >Okoli\u0161<\/span><\/h1>\n<\/div>\n<\/div>\n<\/section>\n<section id=\"section-68-14-text-left-white\" class=\"ct-section\" >\n<div class=\"ct-section-inner-wrap\">\n<div id=\"new_columns-69-14text-left-white\" class=\"ct-new-columns\" >\n<div id=\"div_block-70-14\" class=\"ct-div-block\" >\n<h2 id=\"headline-71-14\" class=\"ct-headline\">Na\u0161e obveze prema odr\u017eivosti i dru\u0161tvenoj odgovornosti<\/h2>\n<div id=\"_rich_text-72-14\" class=\"oxy-rich-text\" >\n<p>Predani smo tome da postanemo ekolo\u0161ki odr\u017eiva i dru\u0161tveno odgovorna organizacija koja stvara vode\u0107e klini\u010dke zdravstvene prostore u svijetu s minimalnim utjecajem na okoli\u0161.<\/p>\n<p><strong>Na\u0161i ciljevi<\/strong><\/p>\n<p>1. Na\u0161e poslovne prakse stalno se razvijaju; na\u0161 ekolo\u0161ki plan puta nas obvezuje da budemo neutralni ugljik za emisije 1 i 2 do kraja 2023. i da postanemo uglji\u010dno neto nula do 2035.<\/p>\n<p>2. Konstantno nastojimo ponuditi proizvode i usluge koji na\u0161im klijentima poma\u017eu u postizanju vlastitih ciljeva za\u0161tite okoli\u0161a. Na\u0161i prostori za zdravstvenu skrb bit \u0107e neutralni ugljikom na svakodnevnoj osnovi do 2025. godine.<\/p>\n<\/div>\n<\/div>\n<div id=\"div_block-74-14\" class=\"ct-div-block\" ><img decoding=\"async\"  id=\"image-75-14\" alt=\"\" src=\"https:\/\/www.vanguardhealthcare.co.uk\/wp-content\/uploads\/2023\/07\/Solar-Panels.jpg\" class=\"ct-image\"\/><\/div>\n<\/div>\n<\/div>\n<\/section>\n<section id=\"section-88-34-blue\" class=\"ct-section\" >\n<div class=\"ct-section-inner-wrap\">\n<div id=\"new_columns-89-34-blue\" class=\"ct-new-columns\" >\n<div id=\"div_block-94-34\" class=\"ct-div-block\" ><img decoding=\"async\"  id=\"image-95-34\" alt=\"\" src=\"https:\/\/www.vanguardhealthcare.co.uk\/wp-content\/uploads\/2023\/07\/CO2.jpg\" class=\"ct-image\"\/><\/div>\n<div id=\"div_block-90-34\" class=\"ct-div-block\" >\n<h2 id=\"headline-91-34\" class=\"ct-headline\">Na\u0161e obveze <\/h2>\n<div id=\"_rich_text-92-34\" class=\"oxy-rich-text\" >\n<ul>\n<li>Imati jasan, dugoro\u010dni strate\u0161ki plan sa znanstveno utemeljenim ciljevima kako bismo osigurali postizanje na\u0161ih dugoro\u010dnih ciljeva i provedbu na\u0161e godi\u0161nje takti\u010dke aktivnosti<\/li>\n<li>Godi\u0161nje izdanje a <a href=\"\/hr_hr\/carbon-reduction-plan\/\">plan smanjenja ugljika<\/a><\/li>\n<li>Godi\u0161nje mjerenje na\u0161eg uglji\u010dnog otiska<\/li>\n<li>Isporu\u010dite neto-nulti modularni portfelj zgrada do 2024 &nbsp;<\/li>\n<li>Osiguravanje odr\u017eivog opskrbnog lanca kori\u0161tenjem materijala i dizajna koji mogu produ\u017eiti \u017eivotni vijek na\u0161ih zgrada<\/li>\n<li>Pove\u0107anje razine ponovne upotrebe\/prenamjene ili recikliranja za budu\u0107e projekte<\/li>\n<li>Pove\u0107anje kori\u0161tenja obnovljivih izvora energije u na\u0161im prostorijama dok se u potpunosti ne napajamo obnovljivim izvorima energije 2025.<\/li>\n<li>Prijelaz na vozni park na elektri\u010dni pogon do 2025., postupno ukidanje vozila na fosilna goriva<\/li>\n<li>Smanjenje emisija iz opskrbnog lanca pomo\u0107u 80%<\/li>\n<li>Teku\u0107e ulaganje u projekte hvatanja ugljika za uklanjanje 500 tCO2-e godi\u0161nje iz atmosfere putem na\u0161eg partnerstva s tvrtkom Klimate<\/li>\n<li>Osiguravanje da na\u0161 opskrbni lanac ima prakse za smanjenje njihovog utjecaja na okoli\u0161, uklju\u010duju\u0107i izbor materijala&nbsp;<\/li>\n<li>Otpad se ne isporu\u010duje na odlagali\u0161te<\/li>\n<\/ul>\n<p>Pogledajte na\u0161e putovanje do&nbsp;<a href=\"\/wp-content\/uploads\/2023\/07\/Vanguard-Carbon-Net-Zero-Graphics-July-2023-1.pdf\" target=\"_blank\" rel=\"noopener\">Carbon Net Zero mapa puta<\/a><\/p>\n<p>Saznajte vi\u0161e o na\u0161im nedavnim<span style=\"font-size: 11pt;font-family: verdana, geneva, sans-serif\">&nbsp;<a href=\"\/hr_hr\/nhs-evergreen-sustainable-supplier-assessment\/\">NHS Evergreen procjena odr\u017eivog dobavlja\u010da<\/a><\/span><\/p>\n<\/div>\n<\/div>\n<\/div>\n<\/div>\n<\/section>\n<section id=\"section-68-14-text-left-white\" class=\"ct-section\" >\n<div class=\"ct-section-inner-wrap\">\n<div id=\"new_columns-69-14text-left-white\" class=\"ct-new-columns\" >\n<div id=\"div_block-70-14\" class=\"ct-div-block\" >\n<h2 id=\"headline-71-14\" class=\"ct-headline\">Kako isporu\u010dujemo proizvode i usluge koje poma\u017eu na\u0161im klijentima da ostvare svoje ekolo\u0161ke ciljeve:<\/h2>\n<div id=\"_rich_text-72-14\" class=\"oxy-rich-text\" >\n<ul>\n<li>Tvorni\u010dke razine dovr\u0161enosti 80% minimiziraju aktivnosti na licu mjesta<\/li>\n<li>Uvo\u0111enje uglji\u010dno neutralnih modularnih zgrada u na\u0161 portfelj usluga&nbsp;<\/li>\n<li>Sve zgrade za postizanje BREEAM &#039;Excellent&#039; razina kao standarda<\/li>\n<li>Isporuka energetski u\u010dinkovitih zgrada koje ne ugro\u017eavaju sigurnosne, prakti\u010dne ili funkcionalne zahtjeve&nbsp;<\/li>\n<li>Kori\u0161tenje suvremenih tehnologija za prikupljanje i kori\u0161tenje obnovljivih izvora energije za kontrolu radnih okru\u017eenja<\/li>\n<li>Moduli podkonstrukcije betonske podloge s \u010deli\u010dnim okvirom proizvedeni u tvornici s neutralnom uglji\u010dnom izolacijom<\/li>\n<\/ul>\n<\/div>\n<\/div>\n<div id=\"div_block-74-14\" class=\"ct-div-block\" ><img decoding=\"async\"  id=\"image-75-14\" alt=\"\" src=\"https:\/\/www.vanguardhealthcare.co.uk\/wp-content\/uploads\/2023\/07\/Roof.jpg\" class=\"ct-image\"\/><\/div>\n<\/div>\n<\/div>\n<\/section>\n<section id=\"section-88-34-blue\" class=\"ct-section\" >\n<div class=\"ct-section-inner-wrap\">\n<div id=\"new_columns-89-34-blue\" class=\"ct-new-columns\" >\n<div id=\"div_block-94-34\" class=\"ct-div-block\" ><img decoding=\"async\"  id=\"image-95-34\" alt=\"\" src=\"https:\/\/www.vanguardhealthcare.co.uk\/wp-content\/uploads\/2023\/07\/Crane.jpg\" class=\"ct-image\"\/><\/div>\n<div id=\"div_block-90-34\" class=\"ct-div-block\" >\n<h2 id=\"headline-91-34\" class=\"ct-headline\">Kru\u017eno gospodarstvo<\/h2>\n<div id=\"_rich_text-92-34\" class=\"oxy-rich-text\" >\n<p>Zahvaljuju\u0107i prilagodljivom i odr\u017eivom dizajnu, modularni i mobilni objekti igraju vitalnu ulogu u unapre\u0111enju kru\u017enog gospodarstva, a istovremeno nude ekolo\u0161ke i odr\u017eive prednosti. Kori\u0161tenje modularnih komponenti omogu\u0107uje jednostavno rastavljanje, premje\u0161tanje i rekonfiguraciju, omogu\u0107uju\u0107i u\u010dinkovito pru\u017eanje zdravstvenih usluga gdje je to potrebno.&nbsp;<\/p>\n<p>Ova fleksibilnost ne samo da smanjuje tro\u0161kove izgradnje i rada, ve\u0107 i smanjuje utjecaj na okoli\u0161 povezan s tradicionalnim fiksnim strukturama. \u0160tovi\u0161e, modularni objekti poti\u010du ponovnu upotrebu i recikliranje materijala, doprinose\u0107i kru\u017enom gospodarstvu produljenjem njihovog vijeka trajanja i smanjenjem potra\u017enje za novim resursima.&nbsp;<\/p>\n<\/div>\n<\/div>\n<\/div>\n<\/div>\n<\/section>\n<section id=\"section-332-315\" class=\"ct-section\" >\n<div class=\"ct-section-inner-wrap\">\n<div id=\"new_columns-333-315\" class=\"ct-new-columns\" >\n<div id=\"div_block-334-315\" class=\"ct-div-block\" >\n<div id=\"div_block-345-315\" class=\"ct-div-block box-shadow\" >\n<div id=\"_rich_text-346-315\" class=\"oxy-rich-text\" >\n<h3>Na\u0161 opskrbni lanac<\/h3>\n<p>\u2022 Na\u0161i podkonstrukcijski moduli betonske podloge s \u010deli\u010dnim okvirom proizvode se u tvornici s neutralnom ugljikom<\/p>\n<p>\u2022 Na\u0161i sustavi zidova specificirani su i dizajnirani za na\u0161e zgrade, smanjuju\u0107i otpad i prepravke nedostataka<\/p>\n<p>\u2022 Sura\u0111ujemo s na\u0161im opskrbnim lancima kako bismo smanjili njihov utjecaj na okoli\u0161 kroz odabrane materijale i njihovu vlastitu praksu<\/p>\n<\/div>\n<\/div>\n<\/div>\n<div id=\"div_block-335-315\" class=\"ct-div-block\" >\n<div id=\"div_block-342-315\" class=\"ct-div-block box-shadow\" >\n<div id=\"_rich_text-337-315\" class=\"oxy-rich-text\" >\n<h3>Tvorni\u010dki kontrolirano okru\u017eenje<\/h3>\n<p>\u2022 Epizode ponovnog rada i kvara svedene su na minimum<\/p>\n<p>\u2022 Smanjenje rasipanja materijala kroz kontrolu proizvodnje<\/p>\n<p>\u2022 Pove\u0107anje razine odvajanja i recikliranja otpada<\/p>\n<\/div>\n<\/div>\n<\/div>\n<\/div>\n<div id=\"new_columns-350-315\" class=\"ct-new-columns\" >\n<div id=\"div_block-351-315\" class=\"ct-div-block\" >\n<div id=\"div_block-354-315\" class=\"ct-div-block box-shadow\" >\n<div id=\"_rich_text-355-315\" class=\"oxy-rich-text\" >\n<h3>Energetski u\u010dinkoviti dizajni<\/h3>\n<p>\u2022 Kori\u0161tenje prirodnog svjetla i ventilacije gdje je to mogu\u0107e<\/p>\n<p>\u2022 Pru\u017eanje visokih izolacijskih vrijednosti unutar na\u0161ih modularnih zidnih, krovnih i staklenih sustava<\/p>\n<p>\u2022 Hvatanje energije gdje je to prakti\u010dno<\/p>\n<p>\u2022 Zeleni zidovi<\/p>\n<\/div>\n<\/div>\n<\/div>\n<div id=\"div_block-356-315\" class=\"ct-div-block\" >\n<div id=\"div_block-359-315\" class=\"ct-div-block box-shadow\" >\n<div id=\"_rich_text-360-315\" class=\"oxy-rich-text\" >\n<h3>Kori\u0161tenje suvremenih odr\u017eivih tehnologija<\/h3>\n<p>\u2022 Mogu\u0107nosti grijanja zemlja\/zrak<\/p>\n<p>\u2022 PV paneli<\/p>\n<p>\u2022 Integrirano pra\u0107enje CO2<\/p>\n<p>\u2022 Oporaba ki\u0161nice<\/p>\n<\/div>\n<\/div>\n<\/div>\n<\/div>\n<\/div>\n<\/section>\n<section id=\"section-68-14-text-left-white\" class=\"ct-section\" >\n<div class=\"ct-section-inner-wrap\">\n<div id=\"new_columns-69-14text-left-white\" class=\"ct-new-columns\" >\n<div id=\"div_block-70-14\" class=\"ct-div-block\" >\n<h2 id=\"headline-71-14\" class=\"ct-headline\">Socijalna odgovornost<\/h2>\n<div id=\"_rich_text-72-14\" class=\"oxy-rich-text\" >\n<p>Koristimo svoj korporativni doseg kako bismo doprinijeli okoli\u0161u, zajednicama i osigurali sigurnu, visokokvalitetnu infrastrukturu.&nbsp;<\/p>\n<p>Na\u0161 fokus je na:<\/p>\n<ul>\n<li>Postizanje standarda ISO14001 i 45001<\/li>\n<li>Rad s fondovima za o\u010duvanje divljih \u017eivotinja na pobolj\u0161anju kvalitete rijeka i kanala u Ujedinjenom Kraljevstvu&nbsp;<\/li>\n<li>Nudi zaposlenicima pla\u0107eni volonterski rad s timom Ark Business Conservation<\/li>\n<li>Pobolj\u0161anje \u017eivotnih prilika za mlade s pristupom radu u zdravstvu i zdravstvenom in\u017eenjerstvu. Ciljano naukovanje i mentorstvo \u010dine 10% na\u0161e radne snage<\/li>\n<li>Obuka 10% na\u0161e radne snage da postanu prva pomo\u0107 za mentalno zdravlje<\/li>\n<li>Podupiranje ciljeva prve nacije u Australiji putem pla\u0107enih mogu\u0107nosti volontiranja<\/li>\n<li>Pobolj\u0161anje radnog okru\u017eenja<\/li>\n<li>Stvaranje osje\u0107aja zajedni\u010dke odgovornosti i odgovornosti u cijelom na\u0161em poslovanju kroz obuku i razvoj, komunikacijske putove i sustave<\/li>\n<li>Osiguravanje B Corp akreditacije do 2025. godine koja odra\u017eava na\u0161u predanost ispunjavanju visokih standarda dru\u0161tvenog i ekolo\u0161kog u\u010dinka, transparentnosti i odgovornosti.&nbsp;<\/li>\n<\/ul>\n<p>Pogledajte na\u0161e <a href=\"\/wp-content\/uploads\/2023\/07\/Vanguard-Corp-Responsibilty-Graphics-July-2023-1.pdf\" target=\"_blank\" rel=\"noopener\">putokaz dru\u0161tveno odgovornog poslovanja<\/a><\/p>\n<\/div>\n<\/div>\n<div id=\"div_block-74-14\" class=\"ct-div-block\" ><img decoding=\"async\"  id=\"image-75-14\" alt=\"\" src=\"https:\/\/www.vanguardhealthcare.co.uk\/wp-content\/uploads\/2023\/07\/Social-Responsibility.jpg\" class=\"ct-image\"\/><\/div>\n<\/div>\n<\/div>\n<\/section>\n<section id=\"section-88-34-blue\" class=\"ct-section\" >\n<div class=\"ct-section-inner-wrap\">\n<div id=\"new_columns-89-34-blue\" class=\"ct-new-columns\" >\n<div id=\"div_block-94-34\" class=\"ct-div-block\" ><img decoding=\"async\"  id=\"image-95-34\" alt=\"\" src=\"https:\/\/www.vanguardhealthcare.co.uk\/wp-content\/uploads\/2023\/05\/Staffed-operating-theatre1.jpg\" class=\"ct-image\"\/><\/div>\n<div id=\"div_block-90-34\" class=\"ct-div-block\" >\n<h2 id=\"headline-91-34\" class=\"ct-headline\">Na\u0161i izvo\u0111a\u010di i upravljanje opskrbnim lancem<\/h2>\n<div id=\"_rich_text-92-34\" class=\"oxy-rich-text\" >\n<p>Osiguravamo da na\u0161i izvo\u0111a\u010di zadovoljavaju najvi\u0161e operativne standarde zdravlja i sigurnosti, kao i uskla\u0111enost s relevantnim zakonskim zahtjevima i zahtjevima pravilnosti kao \u0161to su Zakon o jednakosti i <a href=\"..\/moderno-ropstvo-i-trgovina-ljudima-izjava\/\">Zakon o suvremenom ropstvu i trgovini ljudima<\/a>.&nbsp;<\/p>\n<p>Posve\u0107eni smo praksi po\u0161tenog pla\u0107anja kako je navedeno u smjernicama biv\u0161eg Ureda za trgovinu Vlade i na\u010delima Gradnje 2025.:&nbsp;<\/p>\n<ul>\n<li>Transparentnost u postupcima pla\u0107anja&nbsp;<\/li>\n<li>Potvrda pla\u0107anja u odnosu na prekretnice&nbsp;<\/li>\n<li>Svi iznosi koji se zadr\u017eavaju s vremenskim razdobljem i razlogom.&nbsp;<\/li>\n<\/ul>\n<p>Mi smo ovla\u0161teni \u010dlan Programa obzirnih izvo\u0111a\u010da i djelujemo kroz opskrbni lanac cijenjenih partnera.&nbsp;<\/p>\n<\/div>\n<\/div>\n<\/div>\n<\/div>\n<\/section>\n<section id=\"section-68-14-text-left-white\" class=\"ct-section\" >\n<div class=\"ct-section-inner-wrap\">\n<div id=\"new_columns-69-14text-left-white\" class=\"ct-new-columns\" >\n<div id=\"div_block-70-14\" class=\"ct-div-block\" >\n<h2 id=\"headline-71-14\" class=\"ct-headline\">Upravljanje<\/h2>\n<div id=\"_rich_text-72-14\" class=\"oxy-rich-text\" >\n<p>Stroge politike upravljanja tvrtke Vanguard podr\u017eavaju sigurnost i uskla\u0111enost. Sigurnost pacijenata, na\u0161ih klijenata i na\u0161eg osoblja u sredi\u0161tu je svega \u0161to radimo. Na\u0161 sustav upravljanja osmi\u0161ljen je tako da bude robustan i pru\u017ea kontinuirano pobolj\u0161anje.<\/p>\n<p>Na\u0161a politika aktivnog integriranog upravljanja osmi\u0161ljena je da podr\u017ei isporuku sigurne i uskla\u0111ene usluge. Provjeravamo ovu politiku i pratimo njezine rezultate na svim razinama na\u0161e organizacije. U rijetkim prilikama kada stvari nisu i\u0161le po planu, ispravljamo ih i koristimo nau\u010deno za pobolj\u0161anje na\u0161ih budu\u0107ih usluga.<\/p>\n<p>Uspostavljen je strogi proces kvalitete za prepoznavanje i rje\u0161avanje svih klini\u010dkih problema i rje\u0161avanje svih rizika. To uklju\u010duje procese unutarnje i vanjske revizije za pra\u0107enje i provjeru pru\u017eenih usluga.<\/p>\n<\/div>\n<\/div>\n<div id=\"div_block-74-14\" class=\"ct-div-block\" ><img decoding=\"async\"  id=\"image-75-14\" alt=\"\" src=\"https:\/\/www.vanguardhealthcare.co.uk\/wp-content\/uploads\/2023\/07\/Governance.jpg\" class=\"ct-image\"\/><\/div>\n<\/div>\n<\/div>\n<\/section>","protected":false},"excerpt":{"rendered":"","protected":false},"author":2,"featured_media":0,"parent":0,"menu_order":0,"comment_status":"closed","ping_status":"closed","template":"","meta":{"_acf_changed":false,"footnotes":""},"class_list":["post-209","page","type-page","status-publish","format-standard","hentry"],"acf":[],"yoast_head":"<!-- This site is optimized with the Yoast SEO plugin v27.4 - https:\/\/yoast.com\/product\/yoast-seo-wordpress\/ -->\n<title>Environment - Vanguard Healthcare Solutions<\/title>\n<meta name=\"robots\" content=\"index, follow, max-snippet:-1, max-image-preview:large, max-video-preview:-1\" \/>\n<link rel=\"canonical\" href=\"https:\/\/www.vanguardhealthcare.co.uk\/hr_hr\/environment\/\" \/>\n<meta property=\"og:locale\" content=\"hr_HR\" \/>\n<meta property=\"og:type\" content=\"article\" \/>\n<meta property=\"og:title\" content=\"Environment - Vanguard Healthcare Solutions\" \/>\n<meta property=\"og:url\" content=\"https:\/\/www.vanguardhealthcare.co.uk\/hr_hr\/environment\/\" \/>\n<meta property=\"og:site_name\" content=\"Vanguard Healthcare Solutions\" \/>\n<meta property=\"article:modified_time\" content=\"2026-01-13T14:37:46+00:00\" \/>\n<meta name=\"twitter:card\" content=\"summary_large_image\" \/>\n<meta name=\"twitter:label1\" content=\"Procijenjeno vrijeme \u010ditanja\" \/>\n\t<meta name=\"twitter:data1\" content=\"1 minuta\" \/>\n<script type=\"application\/ld+json\" class=\"yoast-schema-graph\">{\"@context\":\"https:\\\/\\\/schema.org\",\"@graph\":[{\"@type\":\"WebPage\",\"@id\":\"https:\\\/\\\/www.vanguardhealthcare.co.uk\\\/environment\\\/\",\"url\":\"https:\\\/\\\/www.vanguardhealthcare.co.uk\\\/environment\\\/\",\"name\":\"Environment - Vanguard Healthcare Solutions\",\"isPartOf\":{\"@id\":\"https:\\\/\\\/www.vanguardhealthcare.co.uk\\\/#website\"},\"datePublished\":\"2023-06-14T14:38:36+00:00\",\"dateModified\":\"2026-01-13T14:37:46+00:00\",\"breadcrumb\":{\"@id\":\"https:\\\/\\\/www.vanguardhealthcare.co.uk\\\/environment\\\/#breadcrumb\"},\"inLanguage\":\"hr\",\"potentialAction\":[{\"@type\":\"ReadAction\",\"target\":[\"https:\\\/\\\/www.vanguardhealthcare.co.uk\\\/environment\\\/\"]}]},{\"@type\":\"BreadcrumbList\",\"@id\":\"https:\\\/\\\/www.vanguardhealthcare.co.uk\\\/environment\\\/#breadcrumb\",\"itemListElement\":[{\"@type\":\"ListItem\",\"position\":1,\"name\":\"Home\",\"item\":\"https:\\\/\\\/www.vanguardhealthcare.co.uk\\\/\"},{\"@type\":\"ListItem\",\"position\":2,\"name\":\"Environment\"}]},{\"@type\":\"WebSite\",\"@id\":\"https:\\\/\\\/www.vanguardhealthcare.co.uk\\\/#website\",\"url\":\"https:\\\/\\\/www.vanguardhealthcare.co.uk\\\/\",\"name\":\"Vanguard Healthcare Solutions\",\"description\":\"\",\"potentialAction\":[{\"@type\":\"SearchAction\",\"target\":{\"@type\":\"EntryPoint\",\"urlTemplate\":\"https:\\\/\\\/www.vanguardhealthcare.co.uk\\\/?s={search_term_string}\"},\"query-input\":{\"@type\":\"PropertyValueSpecification\",\"valueRequired\":true,\"valueName\":\"search_term_string\"}}],\"inLanguage\":\"hr\"}]}<\/script>\n<!-- \/ Yoast SEO plugin. -->","yoast_head_json":{"title":"Okoli\u0161 - Vanguard Zdravstvena rje\u0161enja","robots":{"index":"index","follow":"follow","max-snippet":"max-snippet:-1","max-image-preview":"max-image-preview:large","max-video-preview":"max-video-preview:-1"},"canonical":"https:\/\/www.vanguardhealthcare.co.uk\/hr_hr\/environment\/","og_locale":"hr_HR","og_type":"article","og_title":"Environment - Vanguard Healthcare Solutions","og_url":"https:\/\/www.vanguardhealthcare.co.uk\/hr_hr\/environment\/","og_site_name":"Vanguard Healthcare Solutions","article_modified_time":"2026-01-13T14:37:46+00:00","twitter_card":"summary_large_image","twitter_misc":{"Procijenjeno vrijeme \u010ditanja":"1 minuta"},"schema":{"@context":"https:\/\/schema.org","@graph":[{"@type":"WebPage","@id":"https:\/\/www.vanguardhealthcare.co.uk\/environment\/","url":"https:\/\/www.vanguardhealthcare.co.uk\/environment\/","name":"Okoli\u0161 - Vanguard Zdravstvena rje\u0161enja","isPartOf":{"@id":"https:\/\/www.vanguardhealthcare.co.uk\/#website"},"datePublished":"2023-06-14T14:38:36+00:00","dateModified":"2026-01-13T14:37:46+00:00","breadcrumb":{"@id":"https:\/\/www.vanguardhealthcare.co.uk\/environment\/#breadcrumb"},"inLanguage":"hr","potentialAction":[{"@type":"ReadAction","target":["https:\/\/www.vanguardhealthcare.co.uk\/environment\/"]}]},{"@type":"BreadcrumbList","@id":"https:\/\/www.vanguardhealthcare.co.uk\/environment\/#breadcrumb","itemListElement":[{"@type":"ListItem","position":1,"name":"Home","item":"https:\/\/www.vanguardhealthcare.co.uk\/"},{"@type":"ListItem","position":2,"name":"Environment"}]},{"@type":"WebSite","@id":"https:\/\/www.vanguardhealthcare.co.uk\/#website","url":"https:\/\/www.vanguardhealthcare.co.uk\/","name":"Vanguard Zdravstvena rje\u0161enja","description":"","potentialAction":[{"@type":"SearchAction","target":{"@type":"EntryPoint","urlTemplate":"https:\/\/www.vanguardhealthcare.co.uk\/?s={search_term_string}"},"query-input":{"@type":"PropertyValueSpecification","valueRequired":true,"valueName":"search_term_string"}}],"inLanguage":"hr"}]}},"_links":{"self":[{"href":"https:\/\/www.vanguardhealthcare.co.uk\/hr_hr\/wp-json\/wp\/v2\/pages\/209","targetHints":{"allow":["GET"]}}],"collection":[{"href":"https:\/\/www.vanguardhealthcare.co.uk\/hr_hr\/wp-json\/wp\/v2\/pages"}],"about":[{"href":"https:\/\/www.vanguardhealthcare.co.uk\/hr_hr\/wp-json\/wp\/v2\/types\/page"}],"author":[{"embeddable":true,"href":"https:\/\/www.vanguardhealthcare.co.uk\/hr_hr\/wp-json\/wp\/v2\/users\/2"}],"replies":[{"embeddable":true,"href":"https:\/\/www.vanguardhealthcare.co.uk\/hr_hr\/wp-json\/wp\/v2\/comments?post=209"}],"version-history":[{"count":0,"href":"https:\/\/www.vanguardhealthcare.co.uk\/hr_hr\/wp-json\/wp\/v2\/pages\/209\/revisions"}],"wp:attachment":[{"href":"https:\/\/www.vanguardhealthcare.co.uk\/hr_hr\/wp-json\/wp\/v2\/media?parent=209"}],"curies":[{"name":"radni list","href":"https:\/\/api.w.org\/{rel}","templated":true}]}}